{"id":19185,"date":"2025-04-07T06:17:06","date_gmt":"2025-04-07T06:17:06","guid":{"rendered":"https:\/\/www.hydraulic-cylinders.net\/product\/boom-cylinder-for-xcmg-small-excavator-xe80c\/"},"modified":"2025-04-07T06:17:08","modified_gmt":"2025-04-07T06:17:08","slug":"boom-cylinder-for-xcmg-small-excavator-xe80c","status":"publish","type":"product","link":"https:\/\/www.hydraulic-cylinders.net\/sk\/produkt\/boom-cylinder-for-xcmg-small-excavator-xe80c\/","title":{"rendered":"Valec v\u00fdlo\u017en\u00edka pre mal\u00e9 r\u00fdpadlo XCMG XE80C"},"content":{"rendered":"<h1>Valec v\u00fdlo\u017en\u00edka pre mal\u00e9 r\u00fdpadlo XCMG XE80C<\/h1>\n<h2>Preh\u013ead produktu<\/h2>\n<p>Valec v\u00fdlo\u017en\u00edka, tie\u017e zn\u00e1my ako valec lopaty, je d\u00f4le\u017eit\u00fd hydraulick\u00fd komponent pou\u017e\u00edvan\u00fd v \u0165a\u017ek\u00fdch strojoch, ako s\u00fa r\u00fdpadl\u00e1, r\u00fdpadl\u00e1-naklada\u010de a \u010deln\u00e9 naklada\u010de. Jeho hlavnou funkciou je ovl\u00e1da\u0165 pohyb lopaty, \u010do umo\u017e\u0148uje jej zdv\u00edhanie, sp\u00fa\u0161\u0165anie a nakl\u00e1\u0148anie pre efekt\u00edvnu manipul\u00e1ciu s materi\u00e1lom. V hydraulick\u00fdch syst\u00e9moch tieto valce premie\u0148aj\u00fa hydraulick\u00fd tlak na mechanick\u00fa energiu, \u010do umo\u017e\u0148uje presn\u00e9 pohyby nevyhnutn\u00e9 pre stavebn\u00e9 a v\u00fdkopov\u00e9 projekty.<\/p>\n<p><img decoding=\"async\" src=\"https:\/\/www.hydraulic-cylinders.net\/wp-content\/uploads\/2025\/04\/songte-company-1.webp\" alt=\"Obr\u00e1zok valca v\u00fdlo\u017en\u00edka\"><\/p>\n<h2>Vlastnosti valca v\u00fdlo\u017en\u00edka<\/h2>\n<ul>\n<li><strong>Vysok\u00e1 pevnos\u0165 a odolnos\u0165:<\/strong> Na\u0161e valce ramena s\u00fa vyroben\u00e9 z vysokopevnostnej ocele alebo hlin\u00edka a odol\u00e1vaj\u00fa vysok\u00e9mu tlaku a \u0165a\u017ek\u00fdm za\u0165a\u017eeniam, v\u010faka \u010domu s\u00fa vhodn\u00e9 do n\u00e1ro\u010dn\u00fdch pracovn\u00fdch prostred\u00ed. Kon\u0161trukcia zoh\u013ead\u0148uje odolnos\u0165 vo\u010di opotrebovaniu a kor\u00f3zii, \u010do v\u00fdrazne predl\u017euje ich \u017eivotnos\u0165.<\/li>\n<li><strong>Efekt\u00edvna hydraulick\u00e1 prev\u00e1dzka:<\/strong> Tieto valce v\u010faka hydraulick\u00e9mu tlaku oleja zabezpe\u010duj\u00fa plynul\u00e9 vys\u00favanie a zas\u00favanie. R\u00fdchlo reaguj\u00fa na prev\u00e1dzkov\u00e9 povely a pon\u00fakaj\u00fa zna\u010dn\u00fa tla\u010dn\u00fa a \u0165a\u017en\u00fa silu, ide\u00e1lnu na zvl\u00e1dnutie \u0165a\u017ek\u00fdch a zlo\u017eit\u00fdch \u00faloh.<\/li>\n<li><strong>R\u00f4zne typy:<\/strong> Pou\u017e\u00edvatelia si m\u00f4\u017eu vybra\u0165 medzi jedno\u010dinn\u00fdmi (hydraulicky ovl\u00e1dan\u00e9 v jednom smere) a dvoj\u010dinn\u00fdmi (hydraulicky ovl\u00e1dan\u00e9 v oboch smeroch) valcami, aby splnili r\u00f4zne prev\u00e1dzkov\u00e9 potreby. Niektor\u00e9 modely s\u00fa teleskopick\u00e9, \u010do umo\u017e\u0148uje v\u00e4\u010d\u0161ie vysunutie bez zv\u00e4\u010d\u0161enia vonkaj\u0161\u00edch rozmerov, a s\u00fa vhodn\u00e9 pre obmedzen\u00e9 aplik\u00e1cie.<\/li>\n<li><strong>Z\u00e1kazkov\u00e1 v\u00fdroba:<\/strong> \u0160pecializujeme sa na v\u00fdrobu tohto produktu, \u010d\u00edm zabezpe\u010dujeme, \u017ee na\u0161e valce dok\u00e1\u017eu dokonale nahradi\u0165 existuj\u00face hydraulick\u00e9 valce v r\u00f4znych strojoch.<\/li>\n<li><strong>Zabezpe\u010denie kvality:<\/strong> Na\u0161e valce ramena prech\u00e1dzaj\u00fa pr\u00edsnymi testami, aby sa zabezpe\u010dilo, \u017ee sp\u013a\u0148aj\u00fa priemyseln\u00e9 \u0161tandardy t\u00fdkaj\u00face sa v\u00fdkonu a spo\u013eahlivosti.<\/li>\n<\/ul>\n<p><img decoding=\"async\" src=\"https:\/\/www.hydraulic-cylinders.net\/wp-content\/uploads\/2025\/04\/songte-cylinder-head-with-all-kinds-excavator-models.webp\" alt=\"Obr\u00e1zok modelov bagrov\"><\/p>\n<h2>Aplik\u00e1cie valca v\u00fdlo\u017en\u00edka<\/h2>\n<h3>Stavebn\u00e9 stroje<\/h3>\n<p>V r\u00fdpadl\u00e1ch s\u00fa valce v\u00fdlo\u017en\u00edka k\u013e\u00fa\u010dov\u00e9 pre kopanie, nakladanie a premiest\u0148ovanie zeminy alebo sutiny. Umo\u017e\u0148uj\u00fa presn\u00e9 pohyby potrebn\u00e9 pre v\u00fdkopov\u00e9 \u00falohy, \u010do umo\u017e\u0148uje obsluhe efekt\u00edvne zvl\u00e1da\u0165 \u0165a\u017ek\u00e9 bremen\u00e1. V r\u00fdpadlo-naklada\u010doch tieto valce pom\u00e1haj\u00fa pri kopan\u00ed aj zdv\u00edhan\u00ed, v\u010faka \u010domu s\u00fa v\u0161estrann\u00fdmi n\u00e1strojmi na stavenisk\u00e1ch.<\/p>\n<h3>Po\u013enohospod\u00e1rske stroje<\/h3>\n<p>V \u010deln\u00fdch naklada\u010doch sa valce v\u00fdlo\u017en\u00edka pou\u017e\u00edvaj\u00fa na naberanie, zdv\u00edhanie a prepravu p\u00f4dy, sena a in\u00fdch materi\u00e1lov. V\u010faka svojej schopnosti efekt\u00edvne zvl\u00e1da\u0165 r\u00f4zne \u00falohy s\u00fa nevyhnutn\u00e9 v po\u013enohospod\u00e1rskych oper\u00e1ci\u00e1ch, \u010d\u00edm sa zvy\u0161uje produktivita a prev\u00e1dzkov\u00e1 efektivita.<\/p>\n<h3>R\u00fdpadl\u00e1<\/h3>\n<p>V r\u00fdpadl\u00e1ch umo\u017e\u0148uje valec v\u00fdlo\u017en\u00edka prenikn\u00fa\u0165 do p\u00f4dy, \u010do u\u013eah\u010duje kopanie. Hydraulick\u00e9 ovl\u00e1danie, ktor\u00e9 poskytuje valec, umo\u017e\u0148uje obsluhe vykon\u00e1va\u0165 zlo\u017eit\u00e9 man\u00e9vre a dosahova\u0165 efekt\u00edvne v\u00fdsledky v\u00fdkopu.<\/p>\n<h3>Naklada\u010de<\/h3>\n<p>V \u010deln\u00fdch naklada\u010doch pom\u00e1haj\u00fa valce v\u00fdlo\u017en\u00edka efekt\u00edvne zdv\u00edha\u0165 a vyklada\u0165 materi\u00e1ly. T\u00e1to hydraulick\u00e1 funkcia umo\u017e\u0148uje obsluhe \u013eahko vykon\u00e1va\u0165 nakladacie a vykladacie \u00falohy, \u010d\u00edm sa zlep\u0161uje pracovn\u00fd postup na stavenisk\u00e1ch.<\/p>\n<h2>\u00davahy o dizajne a krit\u00e9ri\u00e1 v\u00fdberu<\/h2>\n<h3>Nosnos\u0165<\/h3>\n<p>Pri v\u00fdbere valca v\u00fdlo\u017en\u00edka je nevyhnutn\u00e9 pochopi\u0165 jeho nosnos\u0165. Valec mus\u00ed by\u0165 schopn\u00fd zvl\u00e1dnu\u0165 maxim\u00e1lne za\u0165a\u017eenie o\u010dak\u00e1van\u00e9 po\u010das prev\u00e1dzky bez kompromisov vo v\u00fdkone alebo bezpe\u010dnosti. Je d\u00f4le\u017eit\u00e9 zv\u00e1\u017ei\u0165 nielen statick\u00e9 za\u0165a\u017eenie, ale aj dynamick\u00e9 za\u0165a\u017eenie, ktor\u00e9 sa vyskytuje po\u010das prev\u00e1dzky. Pre\u0165a\u017eenie m\u00f4\u017ee vies\u0165 k poruche valca, \u010do predstavuje riziko pre zariadenie aj obsluhu.<\/p>\n<h3>Tesnenie<\/h3>\n<p>Tesnenie je k\u013e\u00fa\u010dov\u00e9 pre dlh\u00fa \u017eivotnos\u0165 hydraulick\u00fdch valcov. \u00da\u010dinn\u00e9 tesnenia zabra\u0148uj\u00fa \u00faniku hydraulickej kvapaliny a udr\u017eiavaj\u00fa tlak v syst\u00e9me. Valce vy\u017eaduj\u00fa vysoko kvalitn\u00e9 tesnenia vyroben\u00e9 z materi\u00e1lov, ako je polyuret\u00e1n alebo nitrilov\u00e1 guma, ktor\u00e9 s\u00fa odoln\u00e9 vo\u010di opotrebovaniu a environment\u00e1lnym faktorom. Spr\u00e1vne tesnenie zais\u0165uje \u00fa\u010dinnos\u0165 a zni\u017euje riziko po\u0161kodenia in\u00fdch hydraulick\u00fdch komponentov.<\/p>\n<h3>Trvanlivos\u0165<\/h3>\n<p>Trvanlivos\u0165 je prim\u00e1rnym z\u00e1ujmom hydraulick\u00fdch valcov v\u00fdlo\u017en\u00edka, preto\u017ee pracuj\u00fa v n\u00e1ro\u010dn\u00fdch podmienkach. Materi\u00e1ly pou\u017eit\u00e9 na v\u00fdrobu by mali by\u0165 odoln\u00e9 vo\u010di opotrebovaniu a kor\u00f3zii. Pravideln\u00e1 \u00fadr\u017eba a v\u010dasn\u00e1 v\u00fdmena komponentov m\u00f4\u017ee v\u00fdrazne pred\u013a\u017ei\u0165 \u017eivotnos\u0165 hydraulick\u00e9ho valca a zabezpe\u010di\u0165 spo\u013eahliv\u00fa prev\u00e1dzku v priebehu \u010dasu.<\/p>\n<h3>Bezpe\u010dnos\u0165<\/h3>\n<p>Do kon\u0161trukcie valcov v\u00fdlo\u017en\u00edka by mali by\u0165 zabudovan\u00e9 bezpe\u010dnostn\u00e9 prvky, aby sa predi\u0161lo nehod\u00e1m. Patria sem pretlakov\u00e9 ventily, ktor\u00e9 pom\u00e1haj\u00fa predch\u00e1dza\u0165 nadmern\u00e9mu hromadeniu tlaku a mo\u017en\u00e9mu prasknutiu. Obsluha by si mala by\u0165 vedom\u00e1 zaveden\u00fdch bezpe\u010dnostn\u00fdch opatren\u00ed a dodr\u017eiava\u0165 pokyny v\u00fdrobcu, aby sa zabezpe\u010dila bezpe\u010dn\u00e1 prev\u00e1dzka.<\/p>\n<h3>Udr\u017eiavate\u013enos\u0165<\/h3>\n<p>Jednoduch\u00e1 \u00fadr\u017eba je \u010fal\u0161\u00edm d\u00f4le\u017eit\u00fdm kon\u0161truk\u010dn\u00fdm krit\u00e9riom. Mo\u017enos\u0165 pr\u00edstupu k d\u00f4le\u017eit\u00fdm komponentom na kontrolu a v\u00fdmenu m\u00f4\u017ee u\u0161etri\u0165 \u010das a zn\u00ed\u017ei\u0165 prev\u00e1dzkov\u00e9 prestoje. Pravideln\u00e9 kontroly \u00fadr\u017eby a jednoduch\u00fd proces opravy prispievaj\u00fa k celkovej \u00fa\u010dinnosti a spo\u013eahlivosti hydraulick\u00fdch syst\u00e9mov.<\/p>\n<p><img decoding=\"async\" src=\"https:\/\/www.hydraulic-cylinders.net\/wp-content\/uploads\/2025\/04\/songte-oil-pipes-and-spare-parts.webp\" alt=\"Obr\u00e1zok olejov\u00fdch potrub\u00ed a n\u00e1hradn\u00fdch dielov\"><\/p>\n<h2>Tesnenie a mazanie<\/h2>\n<p>Pou\u017eitie r\u00f4znych tesnen\u00ed, ako s\u00fa piestne tesnenia a tesnenia ty\u010d\u00ed, je nevyhnutn\u00e9 pre funk\u010dnos\u0165 valcov v\u00fdlo\u017en\u00edka. Tesnenia vyroben\u00e9 z odoln\u00fdch materi\u00e1lov, ako je polyuret\u00e1n a nitrilov\u00fd kau\u010duk, s\u00fa uprednost\u0148ovan\u00e9 kv\u00f4li ich odolnosti vo\u010di opotrebovaniu. Povrchy telesa valca a z\u00e1vitov\u00fdch koncov prech\u00e1dzaj\u00fa jemn\u00fdm opracovan\u00edm, aby sa zlep\u0161ila odolnos\u0165 vo\u010di opotrebovaniu. Okrem toho je pravideln\u00e9 mazanie hydraulick\u00fdm olejom nevyhnutn\u00e9 na zabezpe\u010denie hladk\u00e9ho chodu a zabr\u00e1nenie po\u0161kodeniam s\u00favisiacim s tren\u00edm. Spr\u00e1vna \u00fadr\u017eba zabezpe\u010duje, \u017ee tesniaci syst\u00e9m zostane \u00fa\u010dinn\u00fd, \u010d\u00edm sa zni\u017euje riziko \u00fanikov a udr\u017eiava sa prev\u00e1dzkov\u00e1 \u00fa\u010dinnos\u0165.<\/p>\n<h2>Prevent\u00edvne \u00fadr\u017eb\u00e1rske opatrenia<\/h2>\n<ul>\n<li><strong>Pravideln\u00e9 kontroly:<\/strong> Vykon\u00e1vajte pravideln\u00e9 kontroly opotrebovania tesnen\u00ed a in\u00fdch komponentov, aby ste zabezpe\u010dili v\u010dasn\u00fa identifik\u00e1ciu ak\u00fdchko\u013evek probl\u00e9mov.<\/li>\n<li><strong>Mazanie:<\/strong> Zabezpe\u010dte dostato\u010dn\u00e9 mazanie hydraulick\u00fdm olejom pod\u013ea pokynov v\u00fdrobcu t\u00fdkaj\u00facich sa frekvencie a mno\u017estva.<\/li>\n<li><strong>V\u00fdmena tesnenia:<\/strong> Pravidelne kontrolujte tesnenia, \u010di nevykazuj\u00fa zn\u00e1mky opotrebovania, a vyme\u0148te ich, aby ste predi\u0161li \u00fanikom a udr\u017eali tlak v syst\u00e9me.<\/li>\n<\/ul>\n<h2>Pokyny na in\u0161tal\u00e1ciu<\/h2>\n<p>Spr\u00e1vna in\u0161tal\u00e1cia valca v\u00fdlo\u017en\u00edka je k\u013e\u00fa\u010dov\u00e1 pre optim\u00e1lny v\u00fdkon. Za\u010dnite t\u00fdm, \u017ee sa uist\u00edte, \u017ee mont\u00e1\u017ene konzoly s\u00fa spr\u00e1vne zarovnan\u00e9, aby ste predi\u0161li nadmern\u00e9mu nam\u00e1haniu valca. Na upevnenie valca pou\u017eite vhodn\u00e9 mont\u00e1\u017ene konzoly. Uistite sa, \u017ee hydraulick\u00e9 potrubia s\u00fa spr\u00e1vne pripojen\u00e9, aby ste predi\u0161li \u00fanikom. V\u017edy dodr\u017eiavajte \u0161pecifik\u00e1cie v\u00fdrobcu t\u00fdkaj\u00face sa nastavenia kr\u00fatiaceho momentu a zarovnania. Po in\u0161tal\u00e1cii vykonajte d\u00f4kladn\u00fa kontrolu tesnosti a otestujte syst\u00e9m pod za\u0165a\u017een\u00edm, aby ste sa uistili, \u017ee v\u0161etko funguje hladko. Pravideln\u00e9 kontroly po in\u0161tal\u00e1cii pom\u00f4\u017eu udr\u017ea\u0165 integritu a funk\u010dnos\u0165 hydraulick\u00e9ho syst\u00e9mu.<\/p>\n<h2>Be\u017en\u00e9 \u00falohy \u00fadr\u017eby<\/h2>\n<ul>\n<li><strong>Pravideln\u00e9 kontroly:<\/strong> Pravidelne kontrolujte hydraulick\u00fd syst\u00e9m, \u010di nedoch\u00e1dza k \u00fanikom, opotrebovaniu a spr\u00e1vnemu utesneniu, aby ste predi\u0161li poruch\u00e1m. To zah\u0155\u0148a kontrolu had\u00edc, spojov a neporu\u0161enosti valca.<\/li>\n<li><strong>Spr\u00e1vne mazanie:<\/strong> Uistite sa, \u017ee valec je dostato\u010dne mazan\u00fd hydraulick\u00fdm olejom. To je nevyhnutn\u00e9 na zn\u00ed\u017eenie trenia a opotrebenia, ktor\u00e9 m\u00f4\u017ee vies\u0165 k pred\u010dasn\u00e9mu zlyhaniu.<\/li>\n<li><strong>V\u00fdmena tesnenia:<\/strong> Pravidelne vymie\u0148ajte tesnenia, aby ste udr\u017eali tlak a zabr\u00e1nili \u00fanikom. T\u00e1to \u00faloha je nevyhnutn\u00e1 pre dlh\u00fa \u017eivotnos\u0165 a \u00fa\u010dinnos\u0165 hydraulick\u00e9ho syst\u00e9mu.<\/li>\n<\/ul>\n<h2>Bezpe\u010dnostn\u00e9 aspekty a faktory prostredia<\/h2>\n<p>Pri pou\u017e\u00edvan\u00ed hydraulick\u00fdch valcov s\u00fa bezpe\u010dnostn\u00e9 opatrenia prvorad\u00e9. Spr\u00e1vne \u0161kolenie obsluhy zabezpe\u010d\u00ed, aby rozumela rizik\u00e1m spojen\u00fdm s hydraulick\u00fdmi strojmi. V\u017edy dodr\u017eiavajte bezpe\u010dnostn\u00e9 pokyny v\u00fdrobcov a zabezpe\u010dte, aby v\u0161etky bezpe\u010dnostn\u00e9 prvky fungovali. Musia sa zoh\u013eadni\u0165 aj faktory prostredia, ako je udr\u017eiavanie hydraulickej kvapaliny na optim\u00e1lnej \u00farovni a zabezpe\u010denie pred \u00fanikom, preto\u017ee hydraulick\u00e9 kvapaliny m\u00f4\u017eu by\u0165 \u0161kodliv\u00e9 pre \u017eivotn\u00e9 prostredie. Zodpovedn\u00e9 pou\u017e\u00edvanie a \u00fadr\u017eba hydraulick\u00fdch syst\u00e9mov prispieva k bezpe\u010dnosti a udr\u017eate\u013enosti prev\u00e1dzky.<\/p>\n<h2>Rie\u0161enie probl\u00e9mov a be\u017en\u00e9 probl\u00e9my<\/h2>\n<ul>\n<li><strong>Netesn\u00e9 tesnenia:<\/strong> Ak tesnenia presakuj\u00fa, m\u00f4\u017ee to znamena\u0165 opotrebovanie alebo po\u0161kodenie. Skontrolujte tesnenia a v pr\u00edpade potreby ich vyme\u0148te, aby sa obnovila ich funk\u010dnos\u0165.<\/li>\n<li><strong>Slab\u00fd v\u00fdkon:<\/strong> Ak valec nefunguje spr\u00e1vne, skontrolujte, \u010di v hydraulick\u00fdch potrubiach nie je vzduch alebo \u010di nie je n\u00edzka hladina kvapaliny, \u010do m\u00f4\u017ee ovplyvni\u0165 prev\u00e1dzku. Odvzdu\u0161nenie syst\u00e9mu a doplnenie kvapaliny tento probl\u00e9m \u010dasto vyrie\u0161i.<\/li>\n<li><strong>Nezvy\u010dajn\u00e9 zvuky:<\/strong> Zvl\u00e1\u0161tne zvuky po\u010das prev\u00e1dzky m\u00f4\u017eu by\u0165 znakom mechanickej poruchy. Presk\u00famajte zdroj hluku a v pr\u00edpade potreby opravte alebo vyme\u0148te komponenty.<\/li>\n<\/ul>\n<h2>Tipy na rie\u0161enie probl\u00e9mov<\/h2>\n<p>Pre efekt\u00edvnu diagnostiku a rie\u0161enie probl\u00e9mov s valcami ramena postupujte systematicky. Za\u010dnite identifik\u00e1ciou pr\u00edznakov a pre\u0161tudujte si pokyny pre \u00fadr\u017ebu, aby ste zistili mo\u017en\u00e9 pr\u00ed\u010diny. Pravideln\u00e1 kontrola hladiny hydraulickej kvapaliny a integrity komponentov pom\u00f4\u017ee prevent\u00edvne rie\u0161i\u0165 probl\u00e9my sk\u00f4r, ako sa eskaluj\u00fa. Implementujte prevent\u00edvne opatrenia, ako s\u00fa pravideln\u00e9 kontroly \u00fadr\u017eby, a d\u00e1vajte pozor na skor\u00e9 pr\u00edznaky opotrebenia alebo poruchy. Tento proakt\u00edvny pr\u00edstup m\u00f4\u017ee v\u00fdrazne minimalizova\u0165 prestoje a pred\u013a\u017ei\u0165 \u017eivotnos\u0165 hydraulick\u00e9ho syst\u00e9mu.<\/p>\n<p><img decoding=\"async\" src=\"https:\/\/www.hydraulic-cylinders.net\/wp-content\/uploads\/2025\/04\/songte-bushings-with-all-kinds-of-excavator-models.webp\" alt=\"Obr\u00e1zok puzdier\"><\/p>\n<h2>O na\u0161ej spolo\u010dnosti<\/h2>\n<p>Sme popredn\u00fdm v\u00fdrobcom hydraulick\u00fdch valcov, \u0161pecializuj\u00facim sa na v\u00fdrobu vysokokvalitn\u00fdch n\u00e1hradn\u00fdch valcov pre r\u00f4zne aplik\u00e1cie. N\u00e1\u0161 rozsiahly sortiment produktov n\u00e1s etabloval ako jedn\u00e9ho z popredn\u00fdch v\u00fdrobcov a ve\u013ekoobchodn\u00fdch distrib\u00fatorov hydraulick\u00fdch valcov na dom\u00e1com aj medzin\u00e1rodnom trhu. Zaviazali sme sa k dokonalosti, pri\u010dom vyu\u017e\u00edvame na\u0161e prec\u00edzne vyladen\u00e9 v\u00fdrobn\u00e9 strat\u00e9gie a \u0161pi\u010dkov\u00e9 digit\u00e1lne vybavenie.<\/p>\n<p>Na\u0161e technick\u00e9 znalosti v spojen\u00ed s pr\u00edsnymi procesmi kontroly kvality zabezpe\u010duj\u00fa, \u017ee neust\u00e1le zlep\u0161ujeme na\u0161e v\u00fdrobn\u00e9 kapacity. Uprednost\u0148ujeme efekt\u00edvnos\u0165, presnos\u0165 a kvalitu, aby sme splnili rozmanit\u00e9 potreby z\u00e1kazn\u00edkov. Na\u0161e odhodlanie poskytova\u0165 z\u00e1kazn\u00edcky servis sa odr\u00e1\u017ea v na\u0161ej robustnej popredajnej podpore, ktor\u00e1 zabezpe\u010duje, aby klienti dostali pomoc potrebn\u00fa pre optim\u00e1lny v\u00fdkon ich hydraulick\u00fdch syst\u00e9mov.<\/p>\n<p><img decoding=\"async\" src=\"https:\/\/www.hydraulic-cylinders.net\/wp-content\/uploads\/2025\/04\/songte-company-4.webp\" alt=\"Obr\u00e1zok spolo\u010dnosti\"><br \/>\n<img decoding=\"async\" src=\"https:\/\/www.hydraulic-cylinders.net\/wp-content\/uploads\/2025\/04\/songte-company-3.webp\" alt=\"Obr\u00e1zok spolo\u010dnosti\"><\/p>\n<p>Autor: lyl<\/p>","protected":false},"excerpt":{"rendered":"<p>Boom Cylinder For XCMG Small Excavator XE80C Product Overview The boom cylinder, also known as a bucket cylinder, is a vital hydraulic component used in heavy machinery such as excavators, backhoes, and front loaders. Its primary function is to control the movement of the bucket, allowing it to lift, lower, and tilt for efficient material [&hellip;]<\/p>","protected":false},"featured_media":17871,"comment_status":"open","ping_status":"closed","template":"","meta":{"_et_pb_use_builder":"","_et_pb_old_content":"","_et_gb_content_width":""},"product_brand":[],"product_cat":[1546],"product_tag":[1547,1496],"class_list":{"0":"post-19185","1":"product","2":"type-product","3":"status-publish","4":"has-post-thumbnail","6":"product_cat-boom-cylinders","7":"product_tag-boom-cylinders","8":"product_tag-hydraulic-cylinders","10":"first","11":"instock","12":"shipping-taxable","13":"product-type-simple"},"amp_enabled":true,"_links":{"self":[{"href":"https:\/\/www.hydraulic-cylinders.net\/sk\/wp-json\/wp\/v2\/product\/19185","targetHints":{"allow":["GET"]}}],"collection":[{"href":"https:\/\/www.hydraulic-cylinders.net\/sk\/wp-json\/wp\/v2\/product"}],"about":[{"href":"https:\/\/www.hydraulic-cylinders.net\/sk\/wp-json\/wp\/v2\/types\/product"}],"replies":[{"embeddable":true,"href":"https:\/\/www.hydraulic-cylinders.net\/sk\/wp-json\/wp\/v2\/comments?post=19185"}],"wp:featuredmedia":[{"embeddable":true,"href":"https:\/\/www.hydraulic-cylinders.net\/sk\/wp-json\/wp\/v2\/media\/17871"}],"wp:attachment":[{"href":"https:\/\/www.hydraulic-cylinders.net\/sk\/wp-json\/wp\/v2\/media?parent=19185"}],"wp:term":[{"taxonomy":"product_brand","embeddable":true,"href":"https:\/\/www.hydraulic-cylinders.net\/sk\/wp-json\/wp\/v2\/product_brand?post=19185"},{"taxonomy":"product_cat","embeddable":true,"href":"https:\/\/www.hydraulic-cylinders.net\/sk\/wp-json\/wp\/v2\/product_cat?post=19185"},{"taxonomy":"product_tag","embeddable":true,"href":"https:\/\/www.hydraulic-cylinders.net\/sk\/wp-json\/wp\/v2\/product_tag?post=19185"}],"curies":[{"name":"pracovn\u00fd list","href":"https:\/\/api.w.org\/{rel}","templated":true}]}}