{"id":19187,"date":"2025-04-07T06:17:11","date_gmt":"2025-04-07T06:17:11","guid":{"rendered":"https:\/\/www.hydraulic-cylinders.net\/product\/boom-cylinder-for-xcmg-middle-excavator-xe200c\/"},"modified":"2025-04-07T06:17:13","modified_gmt":"2025-04-07T06:17:13","slug":"boom-cylinder-for-xcmg-middle-excavator-xe200c","status":"publish","type":"product","link":"https:\/\/www.hydraulic-cylinders.net\/sk\/produkt\/boom-cylinder-for-xcmg-middle-excavator-xe200c\/","title":{"rendered":"Valec v\u00fdlo\u017en\u00edka pre stredn\u00e9 r\u00fdpadlo XCMG XE200C"},"content":{"rendered":"<h1>Valec v\u00fdlo\u017en\u00edka pre stredn\u00e9 r\u00fdpadlo XCMG XE200C<\/h1>\n<h2>Preh\u013ead produktu<\/h2>\n<p>Hydraulick\u00fd valec v\u00fdlo\u017en\u00edka pre stredn\u00e9 r\u00fdpadlo XCMG XE200C je \u0161pecializovan\u00fd hydraulick\u00fd valec ur\u010den\u00fd na ovl\u00e1danie pohybu v\u00fdlo\u017en\u00edka r\u00fdpadla. Tento z\u00e1kladn\u00fd komponent umo\u017e\u0148uje zdv\u00edhanie, sp\u00fa\u0161\u0165anie a nakl\u00e1\u0148anie v\u00fdlo\u017en\u00edka, \u010do u\u013eah\u010duje efekt\u00edvnu manipul\u00e1ciu s materi\u00e1lom v r\u00f4znych stavebn\u00fdch a v\u00fdkopov\u00fdch projektoch.<\/p>\n<p><img decoding=\"async\" src=\"https:\/\/www.hydraulic-cylinders.net\/wp-content\/uploads\/2025\/04\/songte-company-1.webp\" alt=\"Obr\u00e1zok valca v\u00fdlo\u017en\u00edka\"><\/p>\n<h3>Defin\u00edcia a funk\u010dnos\u0165<\/h3>\n<p>Hydraulick\u00fd valec ly\u017eice je typ hydraulick\u00e9ho valca \u0161peci\u00e1lne navrhnut\u00e9ho na ovl\u00e1danie pohybu ly\u017e\u00edc v \u0165a\u017ek\u00fdch strojoch, ako s\u00fa bagre, r\u00fdpadlo-naklada\u010de a \u010deln\u00e9 naklada\u010de. Zohr\u00e1va k\u013e\u00fa\u010dov\u00fa \u00falohu v hydraulick\u00fdch syst\u00e9moch t\u00fdm, \u017ee premie\u0148a hydraulick\u00fa energiu na mechanick\u00fa silu, \u010do umo\u017e\u0148uje ly\u017eici zdv\u00edha\u0165, sp\u00fa\u0161\u0165a\u0165 a nakl\u00e1\u0148a\u0165. T\u00e1to funkcia je nevyhnutn\u00e1 pre efekt\u00edvnu manipul\u00e1ciu s materi\u00e1lom a umo\u017e\u0148uje oper\u00e1torom vykon\u00e1va\u0165 r\u00f4zne \u00falohy s presnos\u0165ou a \u013eahkos\u0165ou.<\/p>\n<h2>K\u013e\u00fa\u010dov\u00e9 vlastnosti<\/h2>\n<ul>\n<li><strong>Vysok\u00e1 pevnos\u0165 a odolnos\u0165:<\/strong> Tieto valce s\u00fa vyroben\u00e9 z vysokopevnostnej ocele alebo hlin\u00edka a odol\u00e1vaj\u00fa vysok\u00e9mu tlaku a \u0165a\u017ek\u00fdm za\u0165a\u017eeniam, v\u010faka \u010domu s\u00fa vhodn\u00e9 do n\u00e1ro\u010dn\u00fdch pracovn\u00fdch prostred\u00ed. Ich kon\u0161trukcia zah\u0155\u0148a odolnos\u0165 vo\u010di opotrebovaniu a kor\u00f3zii, \u010do predl\u017euje ich \u017eivotnos\u0165.<\/li>\n<li><strong>Efekt\u00edvna hydraulick\u00e1 prev\u00e1dzka:<\/strong> V\u010faka tlaku hydraulick\u00e9ho oleja valec zabezpe\u010duje plynul\u00e9 a citliv\u00e9 vys\u00favanie a zas\u00favanie, \u010d\u00edm vytv\u00e1ra siln\u00e9 tla\u010dn\u00e9 a \u0165ahov\u00e9 sily, ide\u00e1lne na zvl\u00e1dnutie \u0165a\u017ek\u00fdch a zlo\u017eit\u00fdch \u00faloh.<\/li>\n<li><strong>R\u00f4zne typy:<\/strong> Mo\u017enosti zah\u0155\u0148aj\u00fa jedno\u010dinn\u00e9 (vyu\u017e\u00edvaj\u00face hydraulick\u00fd tlak v jednom smere) a dvoj\u010dinn\u00e9 (vyu\u017e\u00edvaj\u00face hydraulick\u00fd tlak v oboch smeroch) valce, ktor\u00e9 sp\u013a\u0148aj\u00fa r\u00f4zne prev\u00e1dzkov\u00e9 potreby. Niektor\u00e9 modely s\u00fa teleskopick\u00e9, \u010do umo\u017e\u0148uje v\u00e4\u010d\u0161ie vysunutie bez zv\u00e4\u010d\u0161enia vonkaj\u0161\u00edch rozmerov, a s\u00fa ide\u00e1lne pre aplik\u00e1cie s obmedzen\u00fdm priestorom.<\/li>\n<\/ul>\n<h3>V\u00fdrobn\u00e1 kapacita<\/h3>\n<p>Sme schopn\u00ed vyrobi\u0165 tento produkt a na\u0161a ponuka dok\u00e1\u017ee dokonale nahradi\u0165 tieto hydraulick\u00e9 valce.<\/p>\n<p><img decoding=\"async\" src=\"https:\/\/www.hydraulic-cylinders.net\/wp-content\/uploads\/2025\/04\/songte-cylinder-head-with-all-kinds-excavator-models.webp\" alt=\"Modely valcov r\u00fdpadiel\"><\/p>\n<h2>Aplik\u00e1cie<\/h2>\n<h3>Stavebn\u00e9 stroje<\/h3>\n<p>V r\u00fdpadl\u00e1ch s\u00fa valce v\u00fdlo\u017en\u00edka k\u013e\u00fa\u010dov\u00e9 pre kopanie, nakladanie a premiest\u0148ovanie zeminy alebo sutiny. Umo\u017e\u0148uj\u00fa obsluhe ovl\u00e1da\u0165 polohu ly\u017eice, \u010do u\u013eah\u010duje efekt\u00edvne v\u00fdkopov\u00e9 pr\u00e1ce a manipul\u00e1ciu s materi\u00e1lom. V r\u00fdpadlo-naklada\u010doch valec ly\u017eice nielen pom\u00e1ha pri kopan\u00ed, ale pom\u00e1ha aj pri zdv\u00edhac\u00edch \u00faloh\u00e1ch, \u010d\u00edm zvy\u0161uje celkov\u00fa produktivitu.<\/p>\n<h3>Po\u013enohospod\u00e1rske stroje<\/h3>\n<p>Valce kor\u010dekov, ktor\u00e9 sa pou\u017e\u00edvaj\u00fa v \u010deln\u00fdch naklada\u010doch, s\u00fa nevyhnutn\u00e9 na naberanie, zdv\u00edhanie a prepravu p\u00f4dy, sena a in\u00fdch materi\u00e1lov. Ich kon\u0161trukcia umo\u017e\u0148uje jednoduch\u00e9 man\u00e9vrovanie a ovl\u00e1danie, \u010d\u00edm v\u00fdrazne zlep\u0161uje efektivitu po\u013enohospod\u00e1rskych oper\u00e1ci\u00ed.<\/p>\n<h3>R\u00fdpadl\u00e1<\/h3>\n<p>Valec ly\u017eice umo\u017e\u0148uje ly\u017eici prenikn\u00fa\u0165 do p\u00f4dy pre efekt\u00edvne kopanie. Jeho funk\u010dnos\u0165 je nevyhnutn\u00e1 pri r\u00f4znych v\u00fdkopov\u00fdch \u00faloh\u00e1ch, \u010do umo\u017e\u0148uje oper\u00e1torom efekt\u00edvne manipulova\u0165 s r\u00f4znymi materi\u00e1lmi po\u010das cel\u00e9ho procesu kopania.<\/p>\n<h3>Naklada\u010de<\/h3>\n<p>V \u010deln\u00fdch naklada\u010doch u\u013eah\u010duj\u00fa valce v\u00fdlo\u017en\u00edka efekt\u00edvne zdv\u00edhanie a vykladanie bremien. Ich spo\u013eahliv\u00fd v\u00fdkon zabezpe\u010duje, \u017ee materi\u00e1ly je mo\u017en\u00e9 prepravova\u0165 a uklada\u0165 bez oneskorenia, \u010do prispieva k plynul\u00e9mu priebehu stavebn\u00fdch a ter\u00e9nnych \u00faprav.<\/p>\n<h2>\u00davahy o dizajne<\/h2>\n<ul>\n<li><strong>Nosnos\u0165:<\/strong> Kon\u0161trukcia mus\u00ed zoh\u013ead\u0148ova\u0165 nosnos\u0165 valca, aby sa zabezpe\u010dila bezpe\u010dn\u00e1 a efekt\u00edvna prev\u00e1dzka. To zah\u0155\u0148a v\u00fdber materi\u00e1lov a rozmerov, ktor\u00e9 s\u00fa schopn\u00e9 zvl\u00e1dnu\u0165 o\u010dak\u00e1van\u00e9 za\u0165a\u017eenie bez poruchy.<\/li>\n<li><strong>Tesnenie:<\/strong> \u00da\u010dinn\u00e9 utesnenie je nevyhnutn\u00e9 na zabr\u00e1nenie \u00faniku hydraulickej kvapaliny, \u010do m\u00f4\u017ee ohrozi\u0165 v\u00fdkon a bezpe\u010dnos\u0165. Vysokokvalitn\u00e9 tesnenia vyroben\u00e9 z odoln\u00fdch materi\u00e1lov s\u00fa k\u013e\u00fa\u010dov\u00e9 pre udr\u017eanie integrity syst\u00e9mu.<\/li>\n<li><strong>Trvanlivos\u0165:<\/strong> Kon\u0161trukcia valca mus\u00ed odol\u00e1va\u0165 opotrebovaniu z be\u017en\u00e9ho pou\u017e\u00edvania v n\u00e1ro\u010dn\u00fdch prostrediach. To zah\u0155\u0148a pou\u017eitie materi\u00e1lov, ktor\u00e9 s\u00fa odoln\u00e9 vo\u010di kor\u00f3zii a oderu.<\/li>\n<li><strong>Bezpe\u010dnos\u0165:<\/strong> Bezpe\u010dnostn\u00e9 prvky, ako s\u00fa pretlakov\u00e9 ventily a robustn\u00e9 mont\u00e1\u017ene body, s\u00fa nevyhnutn\u00e9 na zabr\u00e1nenie nehod\u00e1m a po\u0161kodeniu zariaden\u00ed po\u010das prev\u00e1dzky.<\/li>\n<li><strong>\u00dadr\u017eba:<\/strong> Kon\u0161trukcia by mala umo\u017e\u0148ova\u0165 jednoduch\u00fa \u00fadr\u017ebu a opravy, aby sa zabezpe\u010dilo, \u017ee valec je mo\u017en\u00e9 servisova\u0165 bez rozsiahlej demont\u00e1\u017ee.<\/li>\n<\/ul>\n<p><img decoding=\"async\" src=\"https:\/\/www.hydraulic-cylinders.net\/wp-content\/uploads\/2025\/04\/songte-oil-pipes-and-spare-parts.webp\" alt=\"Olejov\u00e9 potrubia a n\u00e1hradn\u00e9 diely\"><\/p>\n<h2>Tesnenie a mazanie<\/h2>\n<p>\u00da\u010dinn\u00e9 tesnenie a mazanie s\u00fa nevyhnutn\u00e9 pre prev\u00e1dzku hydraulick\u00fdch valcov. Na zabr\u00e1nenie \u00faniku kvapaliny sa pou\u017e\u00edvaj\u00fa r\u00f4zne tesniace komponenty, ako s\u00fa tesnenia piestov a tesnenia ty\u010d\u00ed. Tesnenia vyroben\u00e9 z materi\u00e1lov odoln\u00fdch vo\u010di opotrebovaniu, ako je polyuret\u00e1n a nitrilov\u00fd kau\u010duk, zvy\u0161uj\u00fa odolnos\u0165. Okrem toho, teleso valca a z\u00e1vitov\u00e9 konce prech\u00e1dzaj\u00fa presn\u00fdm obr\u00e1ban\u00edm, aby sa zlep\u0161ila odolnos\u0165 vo\u010di opotrebovaniu. Pravideln\u00e9 mazanie hydraulick\u00fdm olejom je nevyhnutn\u00e9 na minimaliz\u00e1ciu trenia a opotrebenia, \u010d\u00edm sa zabezpe\u010d\u00ed plynul\u00e1 prev\u00e1dzka.<\/p>\n<h2>Pravideln\u00e1 kontrola a prevent\u00edvna \u00fadr\u017eba<\/h2>\n<ul>\n<li><strong>Pravideln\u00e9 kontroly:<\/strong> Pravideln\u00e9 kontroly zn\u00e1mok opotrebovania, \u00faniku alebo po\u0161kodenia pom\u00e1haj\u00fa v\u010das identifikova\u0165 probl\u00e9my a predch\u00e1dza\u0165 z\u00e1va\u017enej\u0161\u00edm probl\u00e9mom.<\/li>\n<li><strong>Spr\u00e1vne mazanie:<\/strong> Zabezpe\u010denie dostato\u010dn\u00e9ho mazania pohybliv\u00fdch \u010dast\u00ed zni\u017euje trenie a predl\u017euje \u017eivotnos\u0165 valca.<\/li>\n<li><strong>V\u00fdmena tesnenia:<\/strong> Pravideln\u00e1 v\u00fdmena tesnen\u00ed zabra\u0148uje \u00faniku kvapaliny a udr\u017eiava tlak v syst\u00e9me, \u010do je nevyhnutn\u00e9 pre optim\u00e1lnu prev\u00e1dzku.<\/li>\n<\/ul>\n<h2>Pokyny na in\u0161tal\u00e1ciu<\/h2>\n<p>Spr\u00e1vna in\u0161tal\u00e1cia valca ramena je k\u013e\u00fa\u010dov\u00e1 pre jeho v\u00fdkon. Za\u010dnite t\u00fdm, \u017ee sa uist\u00edte, \u017ee je valec spr\u00e1vne zarovnan\u00fd s mont\u00e1\u017enymi bodmi, aby ste predi\u0161li nadmern\u00e9mu nam\u00e1haniu. Na upevnenie valca pou\u017eite vhodn\u00e9 mont\u00e1\u017ene konzoly. Uistite sa, \u017ee v\u0161etky skrutky s\u00fa utiahnut\u00e9 pod\u013ea \u0161pecifik\u00e1ci\u00ed v\u00fdrobcu. Po in\u0161tal\u00e1cii otestujte spr\u00e1vnu funkciu valca a v pr\u00edpade potreby ho upravte. Pravideln\u00e9 kontroly po in\u0161tal\u00e1cii s\u00fa nevyhnutn\u00e9 na zabezpe\u010denie toho, aby v\u0161etko zostalo bezpe\u010dn\u00e9 a fungovalo spr\u00e1vne.<\/p>\n<p><img decoding=\"async\" src=\"https:\/\/www.hydraulic-cylinders.net\/wp-content\/uploads\/2025\/04\/songte-chushion-collar.webp\" alt=\"Vank\u00fa\u0161ov\u00fd golier\"><\/p>\n<h2>\u00dalohy \u00fadr\u017eby<\/h2>\n<ul>\n<li><strong>Pravideln\u00e1 kontrola:<\/strong> Vykon\u00e1vanie pravideln\u00fdch kontrol umo\u017e\u0148uje v\u010dasn\u00e9 odhalenie potenci\u00e1lnych probl\u00e9mov a zabezpe\u010denie bezprobl\u00e9movej prev\u00e1dzky valca.<\/li>\n<li><strong>Vhodn\u00e9 mazanie:<\/strong> Dostato\u010dn\u00e9 mazanie je nevyhnutn\u00e9 na zn\u00ed\u017eenie trenia medzi pohybliv\u00fdmi \u010das\u0165ami, \u010do predl\u017euje \u017eivotnos\u0165 valca.<\/li>\n<li><strong>V\u00fdmena tesnenia:<\/strong> V\u010dasn\u00e1 v\u00fdmena tesnen\u00ed zabra\u0148uje \u00fanikom a udr\u017eiava hydraulick\u00fd tlak, \u010do je k\u013e\u00fa\u010dov\u00e9 pre efekt\u00edvnu prev\u00e1dzku.<\/li>\n<\/ul>\n<h2>Bezpe\u010dnostn\u00e9 aspekty a faktory prostredia<\/h2>\n<p>Pri pou\u017e\u00edvan\u00ed hydraulick\u00fdch valcov s\u00fa bezpe\u010dnostn\u00e9 opatrenia prvorad\u00e9. Spr\u00e1vne \u0161kolenie obsluhy a dodr\u017eiavanie bezpe\u010dnostn\u00fdch protokolov m\u00f4\u017eu predch\u00e1dza\u0165 nehod\u00e1m. Okrem toho je potrebn\u00e9 zv\u00e1\u017ei\u0165 faktory prostredia, preto\u017ee \u00faniky hydraulickej kvapaliny m\u00f4\u017eu ma\u0165 \u0161kodliv\u00e9 \u00fa\u010dinky. Pravideln\u00e1 \u00fadr\u017eba a kontroly pom\u00e1haj\u00fa minimalizova\u0165 tieto rizik\u00e1 a zabezpe\u010duj\u00fa bezpe\u010dn\u00fa a zodpovedn\u00fa prev\u00e1dzku.<\/p>\n<h2>Rie\u0161enie be\u017en\u00fdch probl\u00e9mov<\/h2>\n<ul>\n<li><strong>\u00danik:<\/strong> Ak z valca unik\u00e1 kvapalina, skontrolujte, \u010di nie s\u00fa po\u0161koden\u00e9 tesnenia, a v pr\u00edpade potreby ich vyme\u0148te.<\/li>\n<li><strong>Nedostato\u010dn\u00fd v\u00fdkon:<\/strong> Ak valec nefunguje na pln\u00fd v\u00fdkon, skontrolujte, \u010di v syst\u00e9me nie je n\u00edzka hladina hydraulickej kvapaliny alebo \u010di sa v \u0148om nenach\u00e1dza vzduch, a pod\u013ea toho tieto probl\u00e9my rie\u0161te.<\/li>\n<li><strong>Hlu\u010dn\u00e1 prev\u00e1dzka:<\/strong> Nezvy\u010dajn\u00e9 zvuky m\u00f4\u017eu nazna\u010dova\u0165 opotrebovanie alebo po\u0161kodenie; skontrolujte valec, \u010di nie s\u00fa potrebn\u00e9 opravy alebo v\u00fdmeny.<\/li>\n<\/ul>\n<h2>Prevent\u00edvne opatrenia<\/h2>\n<p>Na minimaliz\u00e1ciu potenci\u00e1lnych probl\u00e9mov je nevyhnutn\u00e1 pravideln\u00e1 \u00fadr\u017eba a v\u010dasn\u00e9 opravy. Udr\u017eiavanie hydraulickej kvapaliny na dostato\u010dnej \u00farovni a zabezpe\u010denie dobr\u00e9ho prev\u00e1dzkov\u00e9ho stavu v\u0161etk\u00fdch komponentov m\u00f4\u017ee pom\u00f4c\u0165 predch\u00e1dza\u0165 probl\u00e9mom sk\u00f4r, ako sa vyhrotia. Spr\u00e1vne \u0161kolenie obsluhy tie\u017e pom\u00f4\u017ee pri zodpovednom pou\u017e\u00edvan\u00ed strojov, \u010d\u00edm sa \u010falej zn\u00ed\u017ei potenci\u00e1l neh\u00f4d alebo por\u00fach zariaden\u00ed.<\/p>\n<p><img decoding=\"async\" src=\"https:\/\/www.hydraulic-cylinders.net\/wp-content\/uploads\/2025\/04\/songte-bushings-with-all-kinds-of-excavator-models.webp\" alt=\"Puzdr\u00e1 s modelmi bagrov\"><\/p>\n<h2>O na\u0161ej spolo\u010dnosti<\/h2>\n<p>Sme popredn\u00fdm v\u00fdrobcom a ve\u013ekoobchodn\u00fdm distrib\u00fatorom n\u00e1hradn\u00fdch hydraulick\u00fdch valcov, uzn\u00e1van\u00fdch na dom\u00e1com aj medzin\u00e1rodnom trhu. N\u00e1\u0161 z\u00e1v\u00e4zok k excelentnosti je zakorenen\u00fd v na\u0161ich prepracovan\u00fdch v\u00fdrobn\u00fdch strat\u00e9gi\u00e1ch a najmodernej\u0161\u00edch v\u00fdrobn\u00fdch zariadeniach. Neust\u00e1lym zlep\u0161ovan\u00edm na\u0161ich v\u00fdrobn\u00fdch platforiem prostredn\u00edctvom kvalifikovan\u00e9ho person\u00e1lu, pokro\u010dil\u00fdch digit\u00e1lnych v\u00fdrobn\u00fdch zariaden\u00ed a profesion\u00e1lnych testovac\u00edch syst\u00e9mov zabezpe\u010dujeme najvy\u0161\u0161iu kvalitu v\u00fdrobkov. Na\u0161e schopnosti n\u00e1m umo\u017e\u0148uj\u00fa uspokojova\u0165 rozmanit\u00e9 potreby z\u00e1kazn\u00edkov s vysokou efektivitou, presnos\u0165ou a kvalitou.<\/p>\n<p><img decoding=\"async\" src=\"https:\/\/www.hydraulic-cylinders.net\/wp-content\/uploads\/2025\/04\/songte-company-4.webp\" alt=\"Preh\u013ead spolo\u010dnosti\"><br \/>\n<img decoding=\"async\" src=\"https:\/\/www.hydraulic-cylinders.net\/wp-content\/uploads\/2025\/04\/songte-company-3.webp\" alt=\"Zariadenie spolo\u010dnosti\"><\/p>\n<p>Autor: lyl<\/p>","protected":false},"excerpt":{"rendered":"<p>Boom Cylinder For XCMG Middle Excavator XE200C Product Overview The Boom Cylinder for XCMG Middle Excavator XE200C is a specialized hydraulic cylinder designed for controlling the movement of the excavator&#8217;s boom. This essential component allows for the lifting, lowering, and tilting of the boom, facilitating efficient material handling tasks in various construction and excavation projects. [&hellip;]<\/p>","protected":false},"featured_media":17873,"comment_status":"open","ping_status":"closed","template":"","meta":{"_et_pb_use_builder":"","_et_pb_old_content":"","_et_gb_content_width":""},"product_brand":[],"product_cat":[1546],"product_tag":[1547,1496],"class_list":{"0":"post-19187","1":"product","2":"type-product","3":"status-publish","4":"has-post-thumbnail","6":"product_cat-boom-cylinders","7":"product_tag-boom-cylinders","8":"product_tag-hydraulic-cylinders","10":"first","11":"instock","12":"shipping-taxable","13":"product-type-simple"},"amp_enabled":true,"_links":{"self":[{"href":"https:\/\/www.hydraulic-cylinders.net\/sk\/wp-json\/wp\/v2\/product\/19187","targetHints":{"allow":["GET"]}}],"collection":[{"href":"https:\/\/www.hydraulic-cylinders.net\/sk\/wp-json\/wp\/v2\/product"}],"about":[{"href":"https:\/\/www.hydraulic-cylinders.net\/sk\/wp-json\/wp\/v2\/types\/product"}],"replies":[{"embeddable":true,"href":"https:\/\/www.hydraulic-cylinders.net\/sk\/wp-json\/wp\/v2\/comments?post=19187"}],"wp:featuredmedia":[{"embeddable":true,"href":"https:\/\/www.hydraulic-cylinders.net\/sk\/wp-json\/wp\/v2\/media\/17873"}],"wp:attachment":[{"href":"https:\/\/www.hydraulic-cylinders.net\/sk\/wp-json\/wp\/v2\/media?parent=19187"}],"wp:term":[{"taxonomy":"product_brand","embeddable":true,"href":"https:\/\/www.hydraulic-cylinders.net\/sk\/wp-json\/wp\/v2\/product_brand?post=19187"},{"taxonomy":"product_cat","embeddable":true,"href":"https:\/\/www.hydraulic-cylinders.net\/sk\/wp-json\/wp\/v2\/product_cat?post=19187"},{"taxonomy":"product_tag","embeddable":true,"href":"https:\/\/www.hydraulic-cylinders.net\/sk\/wp-json\/wp\/v2\/product_tag?post=19187"}],"curies":[{"name":"pracovn\u00fd list","href":"https:\/\/api.w.org\/{rel}","templated":true}]}}