{"id":19188,"date":"2025-04-07T06:17:13","date_gmt":"2025-04-07T06:17:13","guid":{"rendered":"https:\/\/www.hydraulic-cylinders.net\/product\/boom-cylinder-for-xcmg-middle-excavator-xe215ca\/"},"modified":"2025-04-07T06:17:15","modified_gmt":"2025-04-07T06:17:15","slug":"boom-cylinder-for-xcmg-middle-excavator-xe215ca","status":"publish","type":"product","link":"https:\/\/www.hydraulic-cylinders.net\/sk\/produkt\/boom-cylinder-for-xcmg-middle-excavator-xe215ca\/","title":{"rendered":"Valec v\u00fdlo\u017en\u00edka pre stredn\u00e9 r\u00fdpadlo XCMG XE215CA"},"content":{"rendered":"<h1>Valec v\u00fdlo\u017en\u00edka pre stredn\u00e9 r\u00fdpadlo XCMG XE215CA<\/h1>\n<h2>Pochopenie valca v\u00fdlo\u017en\u00edka<\/h2>\n<p>Hydraulick\u00fd valec v\u00fdlo\u017en\u00edka je d\u00f4le\u017eit\u00fd hydraulick\u00fd komponent \u0161peci\u00e1lne navrhnut\u00fd na ovl\u00e1danie pohybu ly\u017eice na \u0165a\u017ek\u00fdch strojoch, ako s\u00fa bagre, r\u00fdpadl\u00e1 a \u010deln\u00e9 naklada\u010de. Umo\u017e\u0148uje ly\u017eici zdv\u00edha\u0165, sp\u00fa\u0161\u0165a\u0165 a nakl\u00e1\u0148a\u0165, \u010do u\u013eah\u010duje efekt\u00edvnu manipul\u00e1ciu s materi\u00e1lom. V hydraulick\u00fdch syst\u00e9moch zohr\u00e1vaj\u00fa valce v\u00fdlo\u017en\u00edka k\u013e\u00fa\u010dov\u00fa \u00falohu pri premene hydraulick\u00e9ho tlaku na mechanick\u00fd pohyb, \u010do umo\u017e\u0148uje presn\u00e9 ovl\u00e1danie prev\u00e1dzky \u0165a\u017ek\u00fdch zariaden\u00ed. Tento hydraulick\u00fd valec je navrhnut\u00fd tak, aby odolal vysok\u00e9mu tlaku a \u0165a\u017ek\u00fdm za\u0165a\u017eeniam, v\u010faka \u010domu je vhodn\u00fd pre n\u00e1ro\u010dn\u00e9 pracovn\u00e9 prostredie.<\/p>\n<p><img decoding=\"async\" src=\"https:\/\/www.hydraulic-cylinders.net\/wp-content\/uploads\/2025\/04\/songte-company-1.webp\" alt=\"Valec v\u00fdlo\u017en\u00edka pre r\u00fdpadl\u00e1\"><\/p>\n<h2>Vlastnosti valca v\u00fdlo\u017en\u00edka<\/h2>\n<ul>\n<li><strong>Vysok\u00e1 pevnos\u0165 a odolnos\u0165:<\/strong> Tento valec, zvy\u010dajne vyroben\u00fd z vysokopevnostnej ocele alebo hlin\u00edka, odol\u00e1 vysok\u00e9mu tlaku a \u0165a\u017ek\u00fdm za\u0165a\u017eeniam. Jeho kon\u0161trukcia zoh\u013ead\u0148uje odolnos\u0165 vo\u010di opotrebovaniu a kor\u00f3zii, \u010d\u00edm sa predl\u017euje jeho \u017eivotnos\u0165.<\/li>\n<li><strong>Efekt\u00edvna hydraulick\u00e1 prev\u00e1dzka:<\/strong> Vyu\u017e\u00edva hydraulick\u00fd tlak oleja na dosiahnutie plynul\u00e9ho vys\u00favania a zas\u00favania, r\u00fdchlo reaguje na ovl\u00e1dacie povely a poskytuje siln\u00e9 tla\u010dn\u00e9 a \u0165ahov\u00e9 sily, vhodn\u00e9 na manipul\u00e1ciu s \u0165a\u017ek\u00fdmi predmetmi a zlo\u017eit\u00e9 \u00falohy.<\/li>\n<li><strong>R\u00f4zne typy:<\/strong> K dispoz\u00edcii s\u00fa s jedno\u010dinn\u00fdmi (hydraulicky ovl\u00e1dan\u00e9 v jednom smere) alebo dvoj\u010dinn\u00fdmi (hydraulicky ovl\u00e1dan\u00e9 v oboch smeroch) valcami pre splnenie r\u00f4znych prev\u00e1dzkov\u00fdch potrieb; niektor\u00e9 modely s\u00fa teleskopick\u00e9, \u010do umo\u017e\u0148uje dlh\u0161ie vysunutie bez zv\u00e4\u010d\u0161enia vonkaj\u0161\u00edch rozmerov, ide\u00e1lne pre aplik\u00e1cie s obmedzen\u00fdm priestorom.<\/li>\n<li><strong>Jednoduch\u00e1 in\u0161tal\u00e1cia:<\/strong> Navrhnut\u00e9 pre jednoduch\u00fa in\u0161tal\u00e1ciu na r\u00f4zne typy strojov, \u010d\u00edm sa zabezpe\u010d\u00ed kompatibilita a skr\u00e1tia prestoje po\u010das nastavovania zariaden\u00ed.<\/li>\n<li><strong>Cenovo v\u00fdhodn\u00e9 rie\u0161enia:<\/strong> Na\u0161e produkty dok\u00e1\u017eu dokonale nahradi\u0165 existuj\u00face hydraulick\u00e9 valce a poskytuj\u00fa spo\u013eahliv\u00fa alternat\u00edvu bez kompromisov vo v\u00fdkone.<\/li>\n<\/ul>\n<p><img decoding=\"async\" src=\"https:\/\/www.hydraulic-cylinders.net\/wp-content\/uploads\/2025\/04\/songte-cylinder-head-with-all-kinds-excavator-models.webp\" alt=\"Modely hydraulick\u00fdch valcov\"><\/p>\n<h2>Aplik\u00e1cie valca v\u00fdlo\u017en\u00edka<\/h2>\n<h3>Stavebn\u00e9 stroje<\/h3>\n<p>V r\u00fdpadl\u00e1ch s\u00fa valce v\u00fdlo\u017en\u00edka k\u013e\u00fa\u010dov\u00e9 pre kopanie, nakladanie a premiest\u0148ovanie zeminy alebo sutiny. Umo\u017e\u0148uj\u00fa ly\u017eici stroja efekt\u00edvne prenika\u0165 do zeme, \u010do umo\u017e\u0148uje efekt\u00edvne v\u00fdkopov\u00e9 pr\u00e1ce. V r\u00fdpadlov\u00fdch naklada\u010doch tieto valce pom\u00e1haj\u00fa pri kopan\u00ed aj zdv\u00edhan\u00ed, \u010d\u00edm zvy\u0161uj\u00fa v\u0161estrannos\u0165 stroja pri r\u00f4znych stavebn\u00fdch projektoch.<\/p>\n<h3>Po\u013enohospod\u00e1rske stroje<\/h3>\n<p>Pou\u017e\u00edvan\u00e9 v \u010deln\u00fdch naklada\u010doch, valce v\u00fdlo\u017en\u00edka u\u013eah\u010duj\u00fa naberanie, zdv\u00edhanie a prepravu p\u00f4dy, sena a in\u00fdch materi\u00e1lov. Ich robustn\u00e1 kon\u0161trukcia zabezpe\u010duje, \u017ee zvl\u00e1dnu \u0165a\u017ek\u00e9 bremen\u00e1, s ktor\u00fdmi sa stret\u00e1vame v po\u013enohospod\u00e1rskom prostred\u00ed, v\u010faka \u010domu s\u00fa pre po\u013enohospod\u00e1rske oper\u00e1cie nevyhnutn\u00e9.<\/p>\n<h3>R\u00fdpadl\u00e1<\/h3>\n<p>Valec v\u00fdlo\u017en\u00edka umo\u017e\u0148uje ly\u017eici prenikn\u00fa\u0165 do p\u00f4dy po\u010das v\u00fdkopov\u00fdch pr\u00e1c. T\u00e1to funkcia je nevyhnutn\u00e1 pre dosiahnutie hlbok\u00fdch v\u00fdkopov a efekt\u00edvne riadenie posunu p\u00f4dy, \u010d\u00edm sa optimalizuje proces v\u00fdkopu.<\/p>\n<h3>Naklada\u010de<\/h3>\n<p>V \u010deln\u00fdch naklada\u010doch pom\u00e1haj\u00fa valce v\u00fdlo\u017en\u00edka efekt\u00edvne zdv\u00edha\u0165 a vyklada\u0165 bremen\u00e1. Ich spo\u013eahlivos\u0165 je nevyhnutn\u00e1 na zabezpe\u010denie r\u00fdchlej prepravy materi\u00e1lov, \u010d\u00edm sa skracuj\u00fa prev\u00e1dzkov\u00e9 prestoje a zvy\u0161uje produktivita na stavenisk\u00e1ch.<\/p>\n<h2>\u00davahy o dizajne a krit\u00e9ri\u00e1 v\u00fdberu<\/h2>\n<h3>Nosnos\u0165<\/h3>\n<p>Pri v\u00fdbere valca v\u00fdlo\u017en\u00edka je nosnos\u0165 kritick\u00fdm faktorom. Valec mus\u00ed by\u0165 skon\u0161truovan\u00fd tak, aby zvl\u00e1dol maxim\u00e1lne o\u010dak\u00e1van\u00e9 za\u0165a\u017eenie po\u010das prev\u00e1dzky. To zah\u0155\u0148a nielen hmotnos\u0165 zdv\u00edhan\u00fdch materi\u00e1lov, ale aj ak\u00e9ko\u013evek dynamick\u00e9 sily, ktor\u00e9 sa m\u00f4\u017eu po\u010das prev\u00e1dzky vyskytn\u00fa\u0165, ako napr\u00edklad n\u00e1hle zastavenie alebo rozbeh. Zabezpe\u010denie dostato\u010dnej nosnosti valca m\u00f4\u017ee zabr\u00e1ni\u0165 poruche a zv\u00fd\u0161i\u0165 bezpe\u010dnos\u0165.<\/p>\n<h3>Tesniace vlastnosti<\/h3>\n<p>\u00da\u010dinn\u00e9 tesnenie je nevyhnutn\u00e9 pre udr\u017eanie hydraulick\u00e9ho tlaku a zabr\u00e1nenie \u00faniku kvapaliny. Vysokokvalitn\u00e9 tesnenia zabra\u0148uj\u00fa kontamin\u00e1cii vonkaj\u0161\u00edmi vplyvmi a zabezpe\u010duj\u00fa dlh\u00fa \u017eivotnos\u0165 hydraulick\u00e9ho syst\u00e9mu. V\u00fdber vhodn\u00fdch tesniacich materi\u00e1lov, ako je polyuret\u00e1n a nitrilov\u00e1 guma, zohr\u00e1va v\u00fdznamn\u00fa \u00falohu vo v\u00fdkone valca, najm\u00e4 v n\u00e1ro\u010dn\u00fdch prev\u00e1dzkov\u00fdch podmienkach.<\/p>\n<h3>Trvanlivos\u0165<\/h3>\n<p>Dobre navrhnut\u00fd valec v\u00fdlo\u017en\u00edka by mal by\u0165 dostato\u010dne odoln\u00fd, aby odolal n\u00e1ro\u010dn\u00fdm ka\u017edodenn\u00fdm podmienkam. Patria sem odolnos\u0165 vo\u010di opotrebovaniu sp\u00f4soben\u00e9mu \u010dastou prev\u00e1dzkou a vystaveniu drsn\u00fdm podmienkam prostredia. Spr\u00e1vny v\u00fdber materi\u00e1lu a povrchov\u00e9 \u00fapravy m\u00f4\u017eu zv\u00fd\u0161i\u0165 odolnos\u0165 a zabezpe\u010di\u0165, aby valec zostal funk\u010dn\u00fd po dlh\u0161iu dobu.<\/p>\n<h3>Bezpe\u010dnostn\u00e9 prvky<\/h3>\n<p>Pri navrhovan\u00ed hydraulick\u00fdch valcov by mala by\u0165 bezpe\u010dnos\u0165 v\u017edy prioritou. Funkcie, ako s\u00fa pretlakov\u00e9 ventily a bezpe\u010dnostn\u00e9 z\u00e1mky, m\u00f4\u017eu zabr\u00e1ni\u0165 nehod\u00e1m a po\u0161kodeniu zariaden\u00ed. Tieto bezpe\u010dnostn\u00e9 mechanizmy zabezpe\u010duj\u00fa, \u017ee hydraulick\u00fd syst\u00e9m pracuje v bezpe\u010dn\u00fdch medziach a chr\u00e1ni tak obsluhu aj strojov\u00e9 zariadenie.<\/p>\n<h3>Pr\u00edstupnos\u0165 \u00fadr\u017eby<\/h3>\n<p>Kon\u0161trukcia valca v\u00fdlo\u017en\u00edka by mala umo\u017e\u0148ova\u0165 jednoduch\u00fa \u00fadr\u017ebu a servis. Patria sem funkcie, ktor\u00e9 u\u013eah\u010duj\u00fa be\u017en\u00e9 kontroly, opravy a v\u00fdmenu dielov. Pr\u00edstupnos\u0165 zjednodu\u0161uje \u00fadr\u017eb\u00e1rske \u00falohy, skracuje prestoje a zabezpe\u010duje, \u017ee zariadenie zostane prev\u00e1dzkyschopn\u00e9.<\/p>\n<p><img decoding=\"async\" src=\"https:\/\/www.hydraulic-cylinders.net\/wp-content\/uploads\/2025\/04\/songte-oil-pipes-and-spare-parts.webp\" alt=\"\u010casti hydraulick\u00e9ho valca\"><\/p>\n<h2>Tesnenie a mazanie valca<\/h2>\n<p>Spr\u00e1vne tesnenie a mazanie s\u00fa k\u013e\u00fa\u010dov\u00e9 pre efekt\u00edvnu prev\u00e1dzku valcov v\u00fdlo\u017en\u00edka. R\u00f4zne tesniace komponenty, ako s\u00fa tesnenia piestov a tesnenia ty\u010d\u00ed, prispievaj\u00fa k udr\u017eaniu integrity hydraulick\u00e9ho syst\u00e9mu. V\u00fdber tesnen\u00ed vyroben\u00fdch z materi\u00e1lov odoln\u00fdch vo\u010di opotrebovaniu, ako je polyuret\u00e1n a nitrilov\u00e1 guma, zvy\u0161uje odolnos\u0165 t\u00fdchto komponentov, zabra\u0148uje \u00fanikom a zabezpe\u010duje plynul\u00fd chod.<\/p>\n<p>Teleso valca a z\u00e1vitov\u00e9 koncov\u00e9 povrchy vy\u017eaduj\u00fa starostliv\u00fa povrchov\u00fa \u00fapravu, aby sa zlep\u0161ila odolnos\u0165 vo\u010di opotrebovaniu a zv\u00fd\u0161il celkov\u00fd v\u00fdkon. Pravideln\u00e9 mazanie vhodn\u00fdm hydraulick\u00fdm olejom je nevyhnutn\u00e9 na zn\u00ed\u017eenie trenia a opotrebenia pohybliv\u00fdch \u010dast\u00ed, \u010d\u00edm sa zabezpe\u010d\u00ed dlh\u00e1 \u017eivotnos\u0165 valca.<\/p>\n<h2>Opatrenia prevent\u00edvnej \u00fadr\u017eby<\/h2>\n<ul>\n<li><strong>Pravideln\u00e9 kontroly:<\/strong> Vykon\u00e1vanie pravideln\u00fdch kontrol umo\u017e\u0148uje prev\u00e1dzkovate\u013eom identifikova\u0165 potenci\u00e1lne probl\u00e9my sk\u00f4r, ako sa vyhrotia. Kontrola netesnost\u00ed, opotrebovania a spr\u00e1vnej prev\u00e1dzky m\u00f4\u017ee zabr\u00e1ni\u0165 n\u00e1kladn\u00fdm oprav\u00e1m v bud\u00facnosti.<\/li>\n<li><strong>Mazanie:<\/strong> Zabezpe\u010denie dostato\u010dn\u00e9ho mazania valca je nevyhnutn\u00e9 pre jeho v\u00fdkon. Pravideln\u00e9 prid\u00e1vanie vhodn\u00e9ho hydraulick\u00e9ho oleja minimalizuje trenie a opotrebenie, \u010d\u00edm sa predl\u017euje \u017eivotnos\u0165 valca.<\/li>\n<li><strong>V\u00fdmena tesnenia:<\/strong> Tesnenia sa \u010dasom m\u00f4\u017eu opotrebova\u0165 a je potrebn\u00e9 ich vymeni\u0165. Monitorovanie stavu tesnen\u00ed a ich v\u00fdmena pod\u013ea potreby pom\u00f4\u017ee udr\u017ea\u0165 \u00fa\u010dinnos\u0165 hydraulick\u00e9ho syst\u00e9mu.<\/li>\n<\/ul>\n<h2>Pokyny na in\u0161tal\u00e1ciu<\/h2>\n<p>Spr\u00e1vna in\u0161tal\u00e1cia valcov ramena je nevyhnutn\u00e1 pre optim\u00e1lny v\u00fdkon. Dodr\u017eujte tieto pokyny:<\/p>\n<ul>\n<li><strong>Zarovnajte valec:<\/strong> Uistite sa, \u017ee valec v\u00fdlo\u017en\u00edka je spr\u00e1vne zarovnan\u00fd s upev\u0148ovac\u00edmi bodmi na stroji. Nespr\u00e1vne zarovnanie m\u00f4\u017ee vies\u0165 k pred\u010dasn\u00e9mu opotrebovaniu a prev\u00e1dzkov\u00fdm probl\u00e9mom.<\/li>\n<li><strong>Pou\u017eite vhodn\u00e9 mont\u00e1\u017ene konzoly:<\/strong> Na upevnenie valca pou\u017eite vhodn\u00e9 mont\u00e1\u017ene konzoly. T\u00fdm sa zabr\u00e1ni pohybu, ktor\u00fd by mohol vies\u0165 k poruche.<\/li>\n<li><strong>Hydraulick\u00e9 pripojenia:<\/strong> Opatrne pripojte hydraulick\u00e9 potrubia a uistite sa, \u017ee nie s\u00fa \u017eiadne netesnosti a \u017ee s\u00fa spoje bezpe\u010dn\u00e9. Skontrolujte, \u010di nie s\u00fa potrubia zalomen\u00e9 alebo upchat\u00e9.<\/li>\n<li><strong>Testovacia prev\u00e1dzka:<\/strong> Po in\u0161tal\u00e1cii d\u00f4kladne otestujte funk\u010dnos\u0165 valca. Pred op\u00e4tovn\u00fdm uveden\u00edm stroja do prev\u00e1dzky skontrolujte jeho plynul\u00fd pohyb a spr\u00e1vnu funkciu.<\/li>\n<\/ul>\n<h2>Be\u017en\u00e9 \u00falohy \u00fadr\u017eby<\/h2>\n<ul>\n<li><strong>Pravideln\u00e9 kontroly:<\/strong> \u010cast\u00e9 kontroly dok\u00e1\u017eu odhali\u0165 mal\u00e9 probl\u00e9my sk\u00f4r, ako sa z nich stan\u00fa z\u00e1va\u017en\u00e9 probl\u00e9my. H\u013eadajte zn\u00e1mky opotrebovania alebo po\u0161kodenia a ihne\u010f ich rie\u0161te.<\/li>\n<li><strong>Spr\u00e1vne mazanie:<\/strong> D\u00f4sledn\u00e9 mazanie je nevyhnutn\u00e9 pre udr\u017eanie funk\u010dnosti. Zabezpe\u010dte, aby ste pou\u017e\u00edvali a pravidelne aplikovali spr\u00e1vny typ hydraulick\u00e9ho oleja.<\/li>\n<li><strong>V\u00fdmena tesnenia:<\/strong> Sledujte tesnenia, \u010di nevykazuj\u00fa zn\u00e1mky opotrebovania, a pod\u013ea potreby ich vyme\u0148te. Pom\u00e1ha to udr\u017eiava\u0165 hydraulick\u00fa integritu a v\u00fdkon.<\/li>\n<\/ul>\n<h2>Bezpe\u010dnostn\u00e9 aspekty a faktory prostredia<\/h2>\n<p>Pri pou\u017e\u00edvan\u00ed hydraulick\u00fdch valcov v\u00fdlo\u017en\u00edka s\u00fa bezpe\u010dnostn\u00e9 opatrenia prvorad\u00e9. Obsluha by mala by\u0165 vy\u0161kolen\u00e1 v spr\u00e1vnom pou\u017e\u00edvan\u00ed hydraulick\u00fdch syst\u00e9mov a d\u00f4le\u017eitosti dodr\u017eiavania bezpe\u010dnostn\u00fdch protokolov. To zah\u0155\u0148a nosenie vhodn\u00fdch osobn\u00fdch ochrann\u00fdch prostriedkov (OOP) a zabezpe\u010denie funk\u010dnosti v\u0161etk\u00fdch bezpe\u010dnostn\u00fdch prvkov strojov. D\u00f4le\u017eit\u00fa \u00falohu zohr\u00e1vaj\u00fa aj environment\u00e1lne aspekty, preto\u017ee je nevyhnutn\u00e9 zastavi\u0165 ak\u00e9ko\u013evek \u00faniky hydraulickej kvapaliny, aby sa zabr\u00e1nilo kontamin\u00e1cii \u017eivotn\u00e9ho prostredia.<\/p>\n<h2>Rie\u0161enie probl\u00e9mov a be\u017en\u00e9 probl\u00e9my<\/h2>\n<h3>Be\u017en\u00e9 probl\u00e9my<\/h3>\n<ul>\n<li><strong>\u00daniky:<\/strong> \u00daniky hydraulickej kvapaliny m\u00f4\u017eu nazna\u010dova\u0165 opotrebovan\u00e9 tesnenia alebo po\u0161koden\u00e9 hadice. R\u00fdchla identifik\u00e1cia a oprava s\u00fa k\u013e\u00fa\u010dov\u00e9 pre zabr\u00e1nenie straty hydraulick\u00e9ho tlaku.<\/li>\n<li><strong>Nepravideln\u00fd pohyb:<\/strong> Ak sa valec v\u00fdlo\u017en\u00edka pohybuje nepravidelne, m\u00f4\u017ee to by\u0165 sp\u00f4soben\u00e9 vzduchom v hydraulick\u00fdch potrubiach alebo poruchou ovl\u00e1dacieho ventilu.<\/li>\n<li><strong>Zn\u00ed\u017een\u00fd v\u00fdkon:<\/strong> Zn\u00ed\u017eenie zdv\u00edhacej sily m\u00f4\u017ee signalizova\u0165 probl\u00e9m s hladinou hydraulickej kvapaliny alebo upchatie syst\u00e9mu.<\/li>\n<\/ul>\n<h3>Tipy na rie\u0161enie probl\u00e9mov<\/h3>\n<p>Na efekt\u00edvnu diagnostiku a rie\u0161enie probl\u00e9mov s valcom v\u00fdlo\u017en\u00edka:<\/p>\n<ul>\n<li><strong>Skontrolujte hladiny kvapal\u00edn:<\/strong> Pre zaistenie spr\u00e1vnej prev\u00e1dzky sa uistite, \u017ee hydraulick\u00e1 kvapalina je na spr\u00e1vnej hladine.<\/li>\n<li><strong>Skontrolujte tesnenia a hadice:<\/strong> H\u013eadajte zn\u00e1mky opotrebovania alebo po\u0161kodenia tesnen\u00ed a had\u00edc a v pr\u00edpade potreby ich vyme\u0148te.<\/li>\n<li><strong>Skontrolujte tlak syst\u00e9mu:<\/strong> Overte, \u010di hydraulick\u00fd syst\u00e9m pracuje v po\u017eadovanom rozsahu tlaku.<\/li>\n<\/ul>\n<p><img decoding=\"async\" src=\"https:\/\/www.hydraulic-cylinders.net\/wp-content\/uploads\/2025\/04\/songte-bushings-with-all-kinds-of-excavator-models.webp\" alt=\"Komponenty bagra\"><\/p>\n<h2>Preh\u013ead spolo\u010dnosti<\/h2>\n<p>Na\u0161a spolo\u010dnos\u0165 sa \u0161pecializuje na v\u00fdrobu n\u00e1hradn\u00fdch hydraulick\u00fdch valcov a pon\u00faka \u0161irok\u00fd sortiment produktov, v\u010faka ktor\u00fdm sme sa etablovali ako jeden z popredn\u00fdch v\u00fdrobcov a ve\u013ekoobchodn\u00edkov na dom\u00e1com aj medzin\u00e1rodnom trhu. Dodr\u017eiavame \u0161tandardy excelentnosti, ktor\u00e9 s\u00fa podlo\u017een\u00e9 prepracovanou v\u00fdrobnou diel\u0148ou a strat\u00e9giami riadenia priemyselnej v\u00fdroby. Na\u0161e zameranie na technologick\u00e9 talenty, \u0161pi\u010dkov\u00e9 digit\u00e1lne v\u00fdrobn\u00e9 zariadenia a profesion\u00e1lne testovacie syst\u00e9my neust\u00e1le vylep\u0161uje na\u0161u v\u00fdrobn\u00fa platformu a zabezpe\u010duje v\u00fdrobn\u00fa cestu zameran\u00fa na kvalitu.<\/p>\n<p>V\u010faka siln\u00fdm kreat\u00edvnym schopnostiam pracujeme na princ\u00edpoch vysokej efektivity, vysokej presnosti a vysokej kvality, aby sme uspokojili rozmanit\u00e9 potreby na\u0161ich z\u00e1kazn\u00edkov. Pon\u00fakame profesion\u00e1lne slu\u017eby, medzin\u00e1rodn\u00e9 certifik\u00e1cie, rie\u0161enia na mieru a komplexn\u00fa popredajn\u00fa podporu, \u010d\u00edm zabezpe\u010dujeme, aby na\u0161i klienti dostali tie najlep\u0161ie mo\u017en\u00e9 produkty a slu\u017eby.<\/p>\n<p><img decoding=\"async\" src=\"https:\/\/www.hydraulic-cylinders.net\/wp-content\/uploads\/2025\/04\/songte-company-4.webp\" alt=\"Obr\u00e1zok spolo\u010dnosti 1\"><\/p>\n<p><img decoding=\"async\" src=\"https:\/\/www.hydraulic-cylinders.net\/wp-content\/uploads\/2025\/04\/songte-company-3.webp\" alt=\"Obr\u00e1zok spolo\u010dnosti 2\"><\/p>\n<p>Autor: lyl<\/p>","protected":false},"excerpt":{"rendered":"<p>Boom Cylinder For XCMG Middle Excavator XE215CA Understanding the Boom Cylinder The Boom Cylinder is a vital hydraulic component specifically designed for controlling the movement of a bucket on heavy machinery such as excavators, backhoes, and front loaders. It enables the bucket to lift, lower, and tilt, facilitating efficient material handling tasks. In hydraulic systems, [&hellip;]<\/p>","protected":false},"featured_media":17874,"comment_status":"open","ping_status":"closed","template":"","meta":{"_et_pb_use_builder":"","_et_pb_old_content":"","_et_gb_content_width":""},"product_brand":[],"product_cat":[1546],"product_tag":[1547,1496],"class_list":{"0":"post-19188","1":"product","2":"type-product","3":"status-publish","4":"has-post-thumbnail","6":"product_cat-boom-cylinders","7":"product_tag-boom-cylinders","8":"product_tag-hydraulic-cylinders","10":"first","11":"instock","12":"shipping-taxable","13":"product-type-simple"},"amp_enabled":true,"_links":{"self":[{"href":"https:\/\/www.hydraulic-cylinders.net\/sk\/wp-json\/wp\/v2\/product\/19188","targetHints":{"allow":["GET"]}}],"collection":[{"href":"https:\/\/www.hydraulic-cylinders.net\/sk\/wp-json\/wp\/v2\/product"}],"about":[{"href":"https:\/\/www.hydraulic-cylinders.net\/sk\/wp-json\/wp\/v2\/types\/product"}],"replies":[{"embeddable":true,"href":"https:\/\/www.hydraulic-cylinders.net\/sk\/wp-json\/wp\/v2\/comments?post=19188"}],"wp:featuredmedia":[{"embeddable":true,"href":"https:\/\/www.hydraulic-cylinders.net\/sk\/wp-json\/wp\/v2\/media\/17874"}],"wp:attachment":[{"href":"https:\/\/www.hydraulic-cylinders.net\/sk\/wp-json\/wp\/v2\/media?parent=19188"}],"wp:term":[{"taxonomy":"product_brand","embeddable":true,"href":"https:\/\/www.hydraulic-cylinders.net\/sk\/wp-json\/wp\/v2\/product_brand?post=19188"},{"taxonomy":"product_cat","embeddable":true,"href":"https:\/\/www.hydraulic-cylinders.net\/sk\/wp-json\/wp\/v2\/product_cat?post=19188"},{"taxonomy":"product_tag","embeddable":true,"href":"https:\/\/www.hydraulic-cylinders.net\/sk\/wp-json\/wp\/v2\/product_tag?post=19188"}],"curies":[{"name":"pracovn\u00fd list","href":"https:\/\/api.w.org\/{rel}","templated":true}]}}