{"id":19189,"date":"2025-04-07T06:17:15","date_gmt":"2025-04-07T06:17:15","guid":{"rendered":"https:\/\/www.hydraulic-cylinders.net\/product\/boom-cylinder-for-xcmg-middle-excavator-xe225ca\/"},"modified":"2025-04-07T06:17:18","modified_gmt":"2025-04-07T06:17:18","slug":"boom-cylinder-for-xcmg-middle-excavator-xe225ca","status":"publish","type":"product","link":"https:\/\/www.hydraulic-cylinders.net\/sk\/produkt\/boom-cylinder-for-xcmg-middle-excavator-xe225ca\/","title":{"rendered":"Valec v\u00fdlo\u017en\u00edka pre stredn\u00e9 r\u00fdpadlo XCMG XE225CA"},"content":{"rendered":"<h1>Valec v\u00fdlo\u017en\u00edka pre stredn\u00e9 r\u00fdpadlo XCMG XE225CA<\/h1>\n<h2>Preh\u013ead produktu<\/h2>\n<p>Hydraulick\u00fd valec v\u00fdlo\u017en\u00edka pre stredn\u00e9 r\u00fdpadlo XCMG XE225CA je \u0161pecializovan\u00fd hydraulick\u00fd valec ur\u010den\u00fd na ovl\u00e1danie pohybu r\u00f4znych \u0165a\u017ek\u00fdch strojov, ako s\u00fa r\u00fdpadl\u00e1, r\u00fdpadl\u00e1-naklada\u010de a \u010deln\u00e9 naklada\u010de. Tento hydraulick\u00fd valec u\u013eah\u010duje zdv\u00edhanie, sp\u00fa\u0161\u0165anie a nakl\u00e1\u0148anie v\u00fdlo\u017en\u00edka, v\u010faka \u010domu je nevyhnutn\u00fd pre efekt\u00edvnu manipul\u00e1ciu s materi\u00e1lom.<\/p>\n<p>Ako k\u013e\u00fa\u010dov\u00e1 s\u00fa\u010das\u0165 hydraulick\u00e9ho syst\u00e9mu umo\u017e\u0148uje valec v\u00fdlo\u017en\u00edka plynul\u00fd a presn\u00fd pohyb, \u010d\u00edm sa zabezpe\u010d\u00ed, \u017ee oper\u00e1tori m\u00f4\u017eu efekt\u00edvne zvl\u00e1da\u0165 \u0165a\u017ek\u00e9 bremen\u00e1 a vykon\u00e1va\u0165 zlo\u017eit\u00e9 oper\u00e1cie. Kon\u0161trukcia valca v\u00fdlo\u017en\u00edka odr\u00e1\u017ea jeho funk\u010dnos\u0165 a zais\u0165uje pevnos\u0165 a spo\u013eahlivos\u0165 v n\u00e1ro\u010dn\u00fdch prostrediach. Tento hydraulick\u00fd valec zvy\u010dajne pracuje pod vysok\u00fdm tlakom a mus\u00ed odol\u00e1va\u0165 zna\u010dn\u00e9mu za\u0165a\u017eeniu, \u010do rob\u00ed jeho odolnos\u0165 a v\u00fdkon prvorad\u00e9.<\/p>\n<p><img decoding=\"async\" src=\"https:\/\/www.hydraulic-cylinders.net\/wp-content\/uploads\/2025\/04\/songte-company-1.webp\" alt=\"Obr\u00e1zok valca v\u00fdlo\u017en\u00edka\"><\/p>\n<h2>Vlastnosti valca v\u00fdlo\u017en\u00edka<\/h2>\n<ul>\n<li><strong>Vysok\u00e1 pevnos\u0165 a odolnos\u0165:<\/strong> Tieto valce, vyroben\u00e9 z vysokopevnostnej ocele alebo hlin\u00edka, odol\u00e1vaj\u00fa vysok\u00e9mu tlaku a \u0165a\u017ek\u00e9mu za\u0165a\u017eeniu a z\u00e1rove\u0148 s\u00fa odoln\u00e9 vo\u010di opotrebovaniu a kor\u00f3zii, \u010d\u00edm sa predl\u017euje ich \u017eivotnos\u0165.<\/li>\n<li><strong>Efekt\u00edvna hydraulick\u00e1 prev\u00e1dzka:<\/strong> Valec v\u00fdlo\u017en\u00edka vyu\u017e\u00edva hydraulick\u00fd tlak oleja na u\u013eah\u010denie plynul\u00e9ho vys\u00favania a zas\u00favania, \u010d\u00edm poskytuje r\u00fdchlu odozvu na ovl\u00e1dacie povely a siln\u00e9 tla\u010dn\u00e9 a \u0165ahov\u00e9 sily na manipul\u00e1ciu s \u0165a\u017ek\u00fdmi materi\u00e1lmi.<\/li>\n<li><strong>R\u00f4zne typy:<\/strong> K dispoz\u00edcii s\u00fa v jedno\u010dinnom (vyu\u017e\u00edvaj\u00facom hydraulick\u00fa silu v jednom smere) alebo dvoj\u010dinnom (vyu\u017e\u00edvaj\u00facom hydraulick\u00fa silu v oboch smeroch) preveden\u00ed, pri\u010dom niektor\u00e9 modely maj\u00fa teleskopick\u00fa kon\u0161trukciu pre v\u00e4\u010d\u0161\u00ed dosah bez zv\u00e4\u010d\u0161enia vonkaj\u0161\u00edch rozmerov.<\/li>\n<li><strong>Vylep\u0161en\u00e1 technol\u00f3gia tesnenia:<\/strong> Vybaven\u00e9 pokro\u010dil\u00fdmi tesniacimi syst\u00e9mami, ktor\u00e9 zabra\u0148uj\u00fa \u00faniku hydraulickej kvapaliny, \u010d\u00edm zabezpe\u010duj\u00fa optim\u00e1lny v\u00fdkon a zni\u017euj\u00fa potrebu \u00fadr\u017eby.<\/li>\n<li><strong>Prisp\u00f4sobite\u013en\u00e9 mo\u017enosti:<\/strong> Pre r\u00f4zne aplik\u00e1cie a stroje s\u00fa k dispoz\u00edcii rie\u0161enia \u0161it\u00e9 na mieru, ktor\u00e9 zabezpe\u010duj\u00fa kompatibilitu a v\u00fdkonnos\u0165 r\u00f4znych modelov r\u00fdpadiel a \u0165a\u017ek\u00fdch zariaden\u00ed.<\/li>\n<\/ul>\n<h2>V\u00fdrobn\u00e9 kapacity<\/h2>\n<p>Na\u0161a spolo\u010dnos\u0165 sa \u0161pecializuje na v\u00fdrobu vysoko kvalitn\u00fdch hydraulick\u00fdch valcov vr\u00e1tane valca v\u00fdlo\u017en\u00edka pre stredov\u00fd bager XCMG XE225CA. Dok\u00e1\u017eeme vyrobi\u0165 valce, ktor\u00e9 dokonale nahradia existuj\u00face hydraulick\u00e9 syst\u00e9my a zabezpe\u010dia bezprobl\u00e9mov\u00fa integr\u00e1ciu a funk\u010dnos\u0165.<\/p>\n<p><img decoding=\"async\" src=\"https:\/\/www.hydraulic-cylinders.net\/wp-content\/uploads\/2025\/04\/songte-cylinder-head-with-all-kinds-excavator-models.webp\" alt=\"Modely bagrov\"><\/p>\n<h2>Scen\u00e1re aplik\u00e1ci\u00ed<\/h2>\n<h3>Stavebn\u00e9 stroje<\/h3>\n<p>V r\u00fdpadl\u00e1ch s\u00fa valce v\u00fdlo\u017en\u00edka nevyhnutn\u00e9 na kopanie, nakladanie a premiest\u0148ovanie zeminy alebo sutiny. Ich v\u00fdkon priamo ovplyv\u0148uje efektivitu stavebn\u00fdch projektov. Schopnos\u0165 zdv\u00edha\u0165 a nakl\u00e1\u0148a\u0165 zabezpe\u010duje, \u017ee obsluha m\u00f4\u017ee s r\u00fdpadlom efekt\u00edvne man\u00e9vrova\u0165, v\u010faka \u010domu je k\u013e\u00fa\u010dovou s\u00fa\u010das\u0165ou stavebn\u00e9ho priemyslu.<\/p>\n<h3>Po\u013enohospod\u00e1rske stroje<\/h3>\n<p>V \u010deln\u00fdch naklada\u010doch pom\u00e1ha valec v\u00fdlo\u017en\u00edka pri naberan\u00ed, zdv\u00edhan\u00ed a preprave p\u00f4dy, sena a in\u00fdch materi\u00e1lov. T\u00e1to funkcia je k\u013e\u00fa\u010dov\u00e1 pre zlep\u0161enie produktivity na farm\u00e1ch, preto\u017ee umo\u017e\u0148uje r\u00fdchlu a efekt\u00edvnu manipul\u00e1ciu so sypk\u00fdmi materi\u00e1lmi.<\/p>\n<h3>R\u00fdpadl\u00e1<\/h3>\n<p>Pri r\u00fdpadl\u00e1ch umo\u017e\u0148uje valec v\u00fdlo\u017en\u00edka efekt\u00edvne prenikanie ly\u017eice do zeme, \u010do u\u013eah\u010duje kopanie. T\u00e1to schopnos\u0165 ho rob\u00ed nevyhnutn\u00fdm pre zemn\u00e9 pr\u00e1ce, kde je potrebn\u00e9 presn\u00e9 ovl\u00e1danie na minimaliz\u00e1ciu naru\u0161enia a maximaliz\u00e1ciu v\u00fdkonu.<\/p>\n<h3>Naklada\u010de<\/h3>\n<p>V \u010deln\u00fdch naklada\u010doch pom\u00e1ha valec v\u00fdlo\u017en\u00edka efekt\u00edvne zdv\u00edha\u0165 a vyklada\u0165 n\u00e1klad. To zais\u0165uje r\u00fdchly presun materi\u00e1lov z jedn\u00e9ho miesta na druh\u00e9, \u010d\u00edm sa zvy\u0161uje celkov\u00e1 prev\u00e1dzkov\u00e1 produktivita.<\/p>\n<h2>\u00davahy o dizajne<\/h2>\n<h3>Nosnos\u0165<\/h3>\n<p>Jedn\u00fdm z hlavn\u00fdch kon\u0161truk\u010dn\u00fdch aspektov valca v\u00fdlo\u017en\u00edka je jeho nosnos\u0165. Mus\u00ed by\u0165 navrhnut\u00fd tak, aby zvl\u00e1dol maxim\u00e1lnu hmotnos\u0165, s ktorou sa stretne po\u010das prev\u00e1dzky. To zah\u0155\u0148a nielen zdv\u00edhaciu silu, ale aj potenci\u00e1lne dynamick\u00e9 za\u0165a\u017eenie, ktor\u00e9 m\u00f4\u017ee po\u010das prev\u00e1dzky vznikn\u00fa\u0165. Spr\u00e1vne v\u00fdpo\u010dty a v\u00fdber materi\u00e1lu s\u00fa nevyhnutn\u00e9 na zaistenie spo\u013eahlivosti a bezpe\u010dnosti.<\/p>\n<h3>Tesnenie<\/h3>\n<p>Technol\u00f3gia tesnenia je v hydraulick\u00fdch valcoch k\u013e\u00fa\u010dov\u00e1, aby sa zabr\u00e1nilo \u00faniku kvapaliny a kontamin\u00e1cii. Kon\u0161trukcia by mala obsahova\u0165 vysokokvalitn\u00e9 tesnenia, ktor\u00e9 odol\u00e1vaj\u00fa prev\u00e1dzkov\u00fdm tlakom a teplot\u00e1m. Spr\u00e1vne tesnenie zais\u0165uje efekt\u00edvny v\u00fdkon, zni\u017euje frekvenciu \u00fadr\u017eby a predl\u017euje \u017eivotnos\u0165 valca.<\/p>\n<h3>Trvanlivos\u0165<\/h3>\n<p>Trvanlivos\u0165 je z\u00e1kladom kon\u0161trukcie hydraulick\u00fdch valcov. Mali by by\u0165 vyroben\u00e9 z odoln\u00fdch materi\u00e1lov, ktor\u00e9 odol\u00e1vaj\u00fa opotrebovaniu pri nepretr\u017eitom pou\u017e\u00edvan\u00ed v n\u00e1ro\u010dn\u00fdch podmienkach. To zah\u0155\u0148a zoh\u013eadnenie faktorov prostredia, ako s\u00fa extr\u00e9mne teploty, vlhkos\u0165 a vystavenie koroz\u00edvnym l\u00e1tkam.<\/p>\n<h3>Bezpe\u010dnos\u0165<\/h3>\n<p>Bezpe\u010dnostn\u00e9 prvky by mali by\u0165 integrovan\u00e9 do kon\u0161trukcie, aby sa predi\u0161lo nehod\u00e1m po\u010das prev\u00e1dzky. M\u00f4\u017ee \u00eds\u0165 o pretlakov\u00e9 ventily a bezpe\u010dnostn\u00e9 blokovacie zariadenia, ktor\u00e9 zabra\u0148uj\u00fa prev\u00e1dzke stroja v nebezpe\u010dn\u00fdch podmienkach. Zaistenie bezpe\u010dnosti v hydraulickej kon\u0161trukcii nie je len z\u00e1konnou po\u017eiadavkou, ale aj mor\u00e1lnou povinnos\u0165ou chr\u00e1ni\u0165 obsluhu a okoloid\u00facich.<\/p>\n<h3>\u00dadr\u017eba<\/h3>\n<p>Navrhovanie s oh\u013eadom na \u00fadr\u017ebu je nevyhnutn\u00e9 pre zabezpe\u010denie dlhej \u017eivotnosti hydraulick\u00fdch valcov. Patria sem funkcie, ktor\u00e9 u\u013eah\u010duj\u00fa v\u00fdmenu tesnen\u00ed, kontrolu komponentov a dop\u013a\u0148anie hydraulick\u00fdch kvapal\u00edn. Pou\u017e\u00edvate\u013esky pr\u00edvetiv\u00fd dizajn m\u00f4\u017ee v\u00fdrazne skr\u00e1ti\u0165 prestoje a zv\u00fd\u0161i\u0165 produktivitu.<\/p>\n<p><img decoding=\"async\" src=\"https:\/\/www.hydraulic-cylinders.net\/wp-content\/uploads\/2025\/04\/songte-oil-pipes-and-spare-parts.webp\" alt=\"Hydraulick\u00e9 diely\"><\/p>\n<h2>Tesnenie a mazanie<\/h2>\n<p>\u00da\u010dinn\u00e9 tesnenie a mazanie s\u00fa k\u013e\u00fa\u010dov\u00e9 pre optim\u00e1lny v\u00fdkon hydraulick\u00fdch valcov. Na udr\u017eanie tlaku vo valci a z\u00e1rove\u0148 na zabr\u00e1nenie \u00faniku hydraulickej kvapaliny sa pou\u017e\u00edvaj\u00fa r\u00f4zne tesnenia, ako s\u00fa piestne tesnenia a ty\u010dov\u00e9 tesnenia. Vysoko\u00fa\u010dinn\u00e9 materi\u00e1ly, ako je polyuret\u00e1n a nitrilov\u00e1 guma, sa be\u017ene pou\u017e\u00edvaj\u00fa kv\u00f4li ich odolnosti vo\u010di oderu a tesniacim schopnostiam.<\/p>\n<p>Teleso valca a z\u00e1vitov\u00e9 koncov\u00e9 plochy s\u00fa prec\u00edzne opracovan\u00e9, aby sa zv\u00fd\u0161ila odolnos\u0165 vo\u010di opotrebovaniu a zabezpe\u010dilo sa dokonal\u00e9 ulo\u017eenie tesnen\u00ed. Pravideln\u00e1 \u00fadr\u017eba by mala zah\u0155\u0148a\u0165 v\u010dasn\u00e9 dop\u013a\u0148anie hydraulick\u00e9ho oleja na mazanie pohybliv\u00fdch \u010dast\u00ed, \u010d\u00edm sa zabr\u00e1ni treniu a opotrebovaniu.<\/p>\n<h2>Pravideln\u00e1 kontrola a prevent\u00edvna \u00fadr\u017eba<\/h2>\n<ul>\n<li><strong>Pravideln\u00e9 kontroly:<\/strong> Vykon\u00e1vanie pravideln\u00fdch kontrol netesnost\u00ed, opotrebovania a in\u00fdch pr\u00edznakov potenci\u00e1lnej poruchy je k\u013e\u00fa\u010dov\u00e9. Prev\u00e1dzkovatelia by mali by\u0165 vy\u0161kolen\u00ed, aby identifikovali v\u010dasn\u00e9 varovn\u00e9 sign\u00e1ly probl\u00e9mov a okam\u017eite ich nahl\u00e1sili.<\/li>\n<li><strong>Spr\u00e1vne mazanie:<\/strong> Zabezpe\u010denie spr\u00e1vneho mazania hydraulick\u00e9ho valca zabra\u0148uje nadmern\u00e9mu opotrebovaniu a predl\u017euje \u017eivotnos\u0165 valca. Pravideln\u00e9 kontroly hladiny a stavu maziva s\u00fa nevyhnutn\u00e9.<\/li>\n<li><strong>V\u00fdmena tesnenia:<\/strong> Tesnenia sa \u010dasom m\u00f4\u017eu opotrebova\u0165 a je potrebn\u00e9 ich vymeni\u0165, aby sa zachoval ich v\u00fdkon. Stanovenie harmonogramu kontrol a v\u00fdmen tesnen\u00ed m\u00f4\u017ee pom\u00f4c\u0165 predch\u00e1dza\u0165 prev\u00e1dzkov\u00fdm poruch\u00e1m.<\/li>\n<\/ul>\n<h2>Pokyny na in\u0161tal\u00e1ciu<\/h2>\n<p>Spr\u00e1vna in\u0161tal\u00e1cia valca ramena je nevyhnutn\u00e1 pre jeho funk\u010dnos\u0165 a dlh\u00fa \u017eivotnos\u0165. Najprv sa uistite, \u017ee mont\u00e1\u017ene povrchy s\u00fa \u010dist\u00e9 a bez ne\u010dist\u00f4t. Na presn\u00e9 ulo\u017eenie valca pou\u017eite vhodn\u00e9 zarovn\u00e1vacie n\u00e1stroje, aby ste predi\u0161li zbyto\u010dn\u00e9mu nam\u00e1haniu po\u010das prev\u00e1dzky. Na zaistenie podpory a stability sa odpor\u00fa\u010da pou\u017ei\u0165 vhodn\u00e9 mont\u00e1\u017ene konzoly.<\/p>\n<p>Dodr\u017eiavajte \u0161pecifik\u00e1cie v\u00fdrobcu pre hydraulick\u00e9 pripojenia a zabezpe\u010dte bezpe\u010dn\u00e9 upevnenie, aby sa predi\u0161lo \u00fanikom. Po in\u0161tal\u00e1cii pred za\u010dat\u00edm prev\u00e1dzky dvakr\u00e1t skontrolujte v\u0161etky pripojenia a zarovnanie valca. Pravidelne kontrolujte in\u0161tal\u00e1ciu, \u010di po\u010das pou\u017e\u00edvania nevykazuje zn\u00e1mky opotrebovania alebo nespr\u00e1vneho zarovnania.<\/p>\n<h2>Be\u017en\u00e9 \u00falohy \u00fadr\u017eby<\/h2>\n<ul>\n<li><strong>Pravideln\u00e9 kontroly:<\/strong> Pravideln\u00e9 kontroly zn\u00e1mok opotrebovania a po\u0161kodenia m\u00f4\u017eu pred\u00eds\u0165 v\u00e4\u010d\u0161\u00edm probl\u00e9mom v bud\u00facnosti. Obsluha mus\u00ed by\u0165 vy\u0161kolen\u00e1, aby vedela, na \u010do si da\u0165 pozor.<\/li>\n<li><strong>Vhodn\u00e9 mazanie:<\/strong> Pravideln\u00e9 mazanie je nevyhnutn\u00e9 pre udr\u017eanie hladk\u00e9ho chodu a prevenciu po\u0161kodenia pohybliv\u00fdch \u010dast\u00ed. Obsluha by mala dodr\u017eiava\u0165 pl\u00e1n mazania pod\u013ea pou\u017e\u00edvania.<\/li>\n<li><strong>V\u00fdmena tesnenia a kontroly kalibr\u00e1cie:<\/strong> Tesnenia by sa mali kontrolova\u0165 a pod\u013ea potreby vymie\u0148a\u0165, aby sa predi\u0161lo \u00fanikom. Kalibra\u010dn\u00e9 kontroly hydraulick\u00e9ho syst\u00e9mu zabezpe\u010duj\u00fa, \u017ee valec pracuje v r\u00e1mci odpor\u00fa\u010dan\u00fdch parametrov.<\/li>\n<\/ul>\n<p><img decoding=\"async\" src=\"https:\/\/www.hydraulic-cylinders.net\/wp-content\/uploads\/2025\/04\/songte-chushion-collar.webp\" alt=\"Vank\u00fa\u0161ov\u00fd golier\"><\/p>\n<h2>Bezpe\u010dnostn\u00e9 aspekty a faktory prostredia<\/h2>\n<p>Pri pr\u00e1ci s hydraulick\u00fdmi syst\u00e9mami s\u00fa bezpe\u010dnostn\u00e9 opatrenia prvorad\u00e9. Obsluha by mala by\u0165 vy\u0161kolen\u00e1 v bezpe\u010dnom pou\u017e\u00edvan\u00ed zariaden\u00ed a mala by si by\u0165 vedom\u00e1 potenci\u00e1lnych nebezpe\u010denstiev spojen\u00fdch s hydraulick\u00fdmi syst\u00e9mami. Implement\u00e1cia \u0161tandardn\u00fdch prev\u00e1dzkov\u00fdch postupov m\u00f4\u017ee v\u00fdrazne zn\u00ed\u017ei\u0165 riziko neh\u00f4d. Okrem toho by sa mali zv\u00e1\u017ei\u0165 environment\u00e1lne faktory, ako s\u00fa met\u00f3dy likvid\u00e1cie hydraulick\u00fdch kvapal\u00edn a materi\u00e1lov, v s\u00falade s miestnymi predpismi, aby sa minimalizoval vplyv na \u017eivotn\u00e9 prostredie.<\/p>\n<h2>Rie\u0161enie probl\u00e9mov a be\u017en\u00e9 probl\u00e9my<\/h2>\n<ul>\n<li><strong>\u00danik:<\/strong> Jedn\u00fdm z be\u017en\u00fdch probl\u00e9mov je \u00fanik, \u010dasto sp\u00f4soben\u00fd opotrebovan\u00fdmi tesneniami alebo po\u0161koden\u00fdmi komponentmi. Identifik\u00e1cia zdroja \u00faniku je k\u013e\u00fa\u010dov\u00e1 pre \u00fa\u010dinn\u00e9 opravy.<\/li>\n<li><strong>Slab\u00fd v\u00fdkon:<\/strong> Ak valec ramena nereaguje pod\u013ea o\u010dak\u00e1vania, m\u00f4\u017ee to by\u0165 sp\u00f4soben\u00e9 nedostato\u010dn\u00fdm mno\u017estvom hydraulickej kvapaliny alebo vzduchom zachyten\u00fdm v syst\u00e9me. M\u00f4\u017ee by\u0165 potrebn\u00e9 odvzdu\u0161ni\u0165 syst\u00e9m.<\/li>\n<li><strong>Zvl\u00e1\u0161tne zvuky:<\/strong> Nezvy\u010dajn\u00e9 zvuky m\u00f4\u017eu nazna\u010dova\u0165 mechanick\u00e9 probl\u00e9my, ako je kavit\u00e1cia alebo vn\u00fatorn\u00e9 po\u0161kodenie, \u010do si vy\u017eaduje okam\u017eit\u00fa kontrolu.<\/li>\n<\/ul>\n<h2>Tipy na rie\u0161enie probl\u00e9mov<\/h2>\n<p>Pre efekt\u00edvnu diagnostiku probl\u00e9mov s valcom ramena by oper\u00e1tori mali postupova\u0165 systematicky. Za\u010dnite vizu\u00e1lnou kontrolou, aby ste identifikovali ak\u00e9ko\u013evek zjavn\u00e9 zn\u00e1mky opotrebenia alebo po\u0161kodenia. V pr\u00edpade \u00faniku ur\u010dte zdroj a pos\u00fa\u010fte, \u010di je potrebn\u00e1 v\u00fdmena tesnenia alebo oprava komponentu.<\/p>\n<p>V pr\u00edpade probl\u00e9mov s v\u00fdkonom skontrolujte hladiny kvapal\u00edn a uistite sa, \u017ee v syst\u00e9me nie s\u00fa \u017eiadne vzduchov\u00e9 bubliny. Implement\u00e1cia prevent\u00edvnych opatren\u00ed, ako s\u00fa pravideln\u00e9 kontroly \u00fadr\u017eby, m\u00f4\u017ee pom\u00f4c\u0165 minimalizova\u0165 potenci\u00e1lne probl\u00e9my a pred\u013a\u017ei\u0165 \u017eivotnos\u0165 hydraulick\u00e9ho syst\u00e9mu.<\/p>\n<p><img decoding=\"async\" src=\"https:\/\/www.hydraulic-cylinders.net\/wp-content\/uploads\/2025\/04\/songte-bushings-with-all-kinds-of-excavator-models.webp\" alt=\"Puzdr\u00e1 s modelmi bagrov\"><\/p>\n<h2>Preh\u013ead spolo\u010dnosti<\/h2>\n<p>Sme popredn\u00fdm v\u00fdrobcom a ve\u013ekoobchodn\u00edkom hydraulick\u00fdch valcov, \u0161pecializuj\u00facim sa na poskytovanie vysoko kvalitn\u00fdch rie\u0161en\u00ed pre r\u00f4zne priemyseln\u00e9 aplik\u00e1cie. N\u00e1\u0161 z\u00e1v\u00e4zok k dokonalosti z n\u00e1s urobil d\u00f4veryhodn\u00e9 meno na dom\u00e1com aj medzin\u00e1rodnom trhu. Dodr\u017eiavame pr\u00edsne \u0161tandardy kvality a pou\u017e\u00edvame pokro\u010dil\u00e9 v\u00fdrobn\u00e9 strat\u00e9gie, pri\u010dom vyu\u017e\u00edvame kvalifikovan\u00fd person\u00e1l a najmodernej\u0161ie v\u00fdrobn\u00e9 zariadenia.<\/p>\n<p>N\u00e1\u0161 rozsiahly sortiment produktov a mo\u017enosti prisp\u00f4sobenia zabezpe\u010duj\u00fa, \u017ee dok\u00e1\u017eeme efekt\u00edvne uspokoji\u0165 rozmanit\u00e9 potreby z\u00e1kazn\u00edkov. S pevnou vierou vo vysok\u00fa efektivitu, presnos\u0165 a kvalitu sa sna\u017e\u00edme uspokoji\u0165 r\u00f4zne po\u017eiadavky na\u0161ich klientov a z\u00e1rove\u0148 neust\u00e1le zlep\u0161ova\u0165 na\u0161e v\u00fdrobn\u00e9 kapacity.<\/p>\n<p><img decoding=\"async\" src=\"https:\/\/www.hydraulic-cylinders.net\/wp-content\/uploads\/2025\/04\/songte-company-4.webp\" alt=\"Preh\u013ead spolo\u010dnosti 1\"><br \/>\n<img decoding=\"async\" src=\"https:\/\/www.hydraulic-cylinders.net\/wp-content\/uploads\/2025\/04\/songte-company-3.webp\" alt=\"Preh\u013ead spolo\u010dnosti 2\"><\/p>\n<p>Autor: lyl<\/p>","protected":false},"excerpt":{"rendered":"<p>Boom Cylinder For XCMG Middle Excavator XE225CA Product Overview The Boom Cylinder for XCMG Middle Excavator XE225CA is a specialized hydraulic cylinder designed to control the movement of various heavy machinery, such as excavators, backhoes, and front loaders. This hydraulic cylinder facilitates the lifting, lowering, and tilting of the boom, making it essential for efficient [&hellip;]<\/p>","protected":false},"featured_media":17875,"comment_status":"open","ping_status":"closed","template":"","meta":{"_et_pb_use_builder":"","_et_pb_old_content":"","_et_gb_content_width":""},"product_brand":[],"product_cat":[1546],"product_tag":[1547,1496],"class_list":{"0":"post-19189","1":"product","2":"type-product","3":"status-publish","4":"has-post-thumbnail","6":"product_cat-boom-cylinders","7":"product_tag-boom-cylinders","8":"product_tag-hydraulic-cylinders","10":"first","11":"instock","12":"shipping-taxable","13":"product-type-simple"},"amp_enabled":true,"_links":{"self":[{"href":"https:\/\/www.hydraulic-cylinders.net\/sk\/wp-json\/wp\/v2\/product\/19189","targetHints":{"allow":["GET"]}}],"collection":[{"href":"https:\/\/www.hydraulic-cylinders.net\/sk\/wp-json\/wp\/v2\/product"}],"about":[{"href":"https:\/\/www.hydraulic-cylinders.net\/sk\/wp-json\/wp\/v2\/types\/product"}],"replies":[{"embeddable":true,"href":"https:\/\/www.hydraulic-cylinders.net\/sk\/wp-json\/wp\/v2\/comments?post=19189"}],"wp:featuredmedia":[{"embeddable":true,"href":"https:\/\/www.hydraulic-cylinders.net\/sk\/wp-json\/wp\/v2\/media\/17875"}],"wp:attachment":[{"href":"https:\/\/www.hydraulic-cylinders.net\/sk\/wp-json\/wp\/v2\/media?parent=19189"}],"wp:term":[{"taxonomy":"product_brand","embeddable":true,"href":"https:\/\/www.hydraulic-cylinders.net\/sk\/wp-json\/wp\/v2\/product_brand?post=19189"},{"taxonomy":"product_cat","embeddable":true,"href":"https:\/\/www.hydraulic-cylinders.net\/sk\/wp-json\/wp\/v2\/product_cat?post=19189"},{"taxonomy":"product_tag","embeddable":true,"href":"https:\/\/www.hydraulic-cylinders.net\/sk\/wp-json\/wp\/v2\/product_tag?post=19189"}],"curies":[{"name":"pracovn\u00fd list","href":"https:\/\/api.w.org\/{rel}","templated":true}]}}