{"id":1919,"date":"2023-10-20T02:18:26","date_gmt":"2023-10-20T02:18:26","guid":{"rendered":"https:\/\/hydraulic-cylinders.net\/?post_type=product&#038;p=1919"},"modified":"2023-10-20T02:30:27","modified_gmt":"2023-10-20T02:30:27","slug":"hp5v-series-axial-piston-variable-displacement-hydraulic-pump","status":"publish","type":"product","link":"https:\/\/www.hydraulic-cylinders.net\/sk\/produkt\/hp5v-series-axial-piston-variable-displacement-hydraulic-pump\/","title":{"rendered":"Hydraulick\u00e9 \u010derpadlo s axi\u00e1lnym piestom a premenliv\u00fdm objemom s\u00e9rie HP5V"},"content":{"rendered":"<h1 style=\"text-align: center;\"><strong>Hydraulick\u00e9 \u010derpadlo s axi\u00e1lnym piestom a premenliv\u00fdm objemom s\u00e9rie HP5V<\/strong><\/h1>\n<p><img loading=\"lazy\" decoding=\"async\" class=\"aligncenter wp-image-1927\" src=\"https:\/\/hydraulic-cylinders.net\/wp-content\/uploads\/2023\/10\/hp5v-series-axial-piston-variable-displacement-hydraulic-pump-1-300x300.webp\" alt=\"\" width=\"400\" height=\"400\" \/><\/p>\n<p>Axi\u00e1lne piestov\u00e9 hydraulick\u00e9 \u010derpadlo s premenliv\u00fdm objemom s\u00e9rie HP5V je \u0161pi\u010dkov\u00fd hydraulick\u00fd komponent, ktor\u00fd pon\u00faka bezkonkuren\u010dn\u00fa \u00fa\u010dinnos\u0165 a v\u00fdkon v r\u00f4znych priemyseln\u00fdch aplik\u00e1ci\u00e1ch. Toto \u010derpadlo, navrhnut\u00e9 s pou\u017eit\u00edm presn\u00e9ho in\u017einierstva a pokro\u010dil\u00fdch technol\u00f3gi\u00ed, poskytuje spo\u013eahliv\u00fd a presn\u00fd hydraulick\u00fd v\u00fdkon, v\u010faka \u010domu je nevyhnutnou vo\u013ebou pre n\u00e1ro\u010dn\u00e9 hydraulick\u00e9 syst\u00e9my. Tento komplexn\u00fd \u010dl\u00e1nok sa ponor\u00ed do k\u013e\u00fa\u010dov\u00fdch charakterist\u00edk, sp\u00f4sobov pou\u017eitia a pokynov na \u00fadr\u017ebu axi\u00e1lneho piestov\u00e9ho hydraulick\u00e9ho \u010derpadla s premenliv\u00fdm objemom s\u00e9rie HP5V.<\/p>\n<p>Axi\u00e1lne piestov\u00e9 hydraulick\u00e9 \u010derpadlo s premenliv\u00fdm objemom s\u00e9rie HP5V je vysoko v\u00fdkonn\u00e9 a efekt\u00edvne rie\u0161enie pre hydraulick\u00e9 syst\u00e9my. V\u010faka technol\u00f3gii premenliv\u00e9ho objemu, kompaktn\u00e9mu dizajnu a tichej prev\u00e1dzke toto \u010derpadlo poskytuje spo\u013eahliv\u00fd a presn\u00fd hydraulick\u00fd v\u00fdkon. Dodr\u017eiavan\u00edm odpor\u00fa\u010dan\u00fdch met\u00f3d pou\u017e\u00edvania a pravideln\u00fdch postupov \u00fadr\u017eby bude \u010derpadlo s\u00e9rie HP5V na\u010falej poskytova\u0165 v\u00fdnimo\u010dn\u00fd v\u00fdkon, \u010do prispeje k \u00faspechu \u0161irokej \u0161k\u00e1ly priemyseln\u00fdch aplik\u00e1ci\u00ed. Vyu\u017eite \u00fa\u010dinnos\u0165 a v\u00fdkon axi\u00e1lneho piestov\u00e9ho hydraulick\u00e9ho \u010derpadla s premenliv\u00fdm objemom s\u00e9rie hp5v a odomknite pln\u00fd potenci\u00e1l v\u00e1\u0161ho hydraulick\u00e9ho syst\u00e9mu.<\/p>\n<p>K\u013e\u00fa\u010dov\u00e9 vlastnosti hydraulick\u00e9ho \u010derpadla s axi\u00e1lnym piestom a premenliv\u00fdm objemom s\u00e9rie HP5V:<\/p>\n<ul>\n<li>Technol\u00f3gia variabiln\u00e9ho v\u00fdtlaku: \u010cerpadlo s\u00e9rie HP5V je vybaven\u00e9 technol\u00f3giou variabiln\u00e9ho v\u00fdtlaku, ktor\u00e1 umo\u017e\u0148uje upravova\u0165 v\u00fdstupn\u00fd objem pod\u013ea po\u017eiadaviek syst\u00e9mu. T\u00e1to funkcia maximalizuje energetick\u00fa \u00fa\u010dinnos\u0165, zni\u017euje tvorbu tepla a optimalizuje celkov\u00fd v\u00fdkon syst\u00e9mu.<\/li>\n<li>Vysok\u00e1 \u00fa\u010dinnos\u0165 a v\u00fdkon: \u010cerpadlo s\u00e9rie HP5V poskytuje v\u00fdnimo\u010dn\u00fa \u00fa\u010dinnos\u0165 a v\u00fdkon v\u010faka pokro\u010dilej kon\u0161trukcii axi\u00e1lneho piestu. Poskytuje presn\u00fd a spo\u013eahliv\u00fd hydraulick\u00fd v\u00fdkon, \u010d\u00edm zais\u0165uje plynul\u00fd chod a jednoduch\u00fa manipul\u00e1ciu s vysokotlakov\u00fdmi aplik\u00e1ciami.<\/li>\n<li>Kompaktn\u00fd a priestorovo \u00fasporn\u00fd dizajn: Kompaktn\u00fd dizajn \u010derpadla optimalizuje vyu\u017eitie priestoru v hydraulick\u00fdch syst\u00e9moch. Jeho mal\u00fd p\u00f4dorys umo\u017e\u0148uje jednoduch\u00fa integr\u00e1ciu aj v stiesnen\u00fdch priestoroch, pri\u010dom si zachov\u00e1va vynikaj\u00faci v\u00fdkon a funk\u010dnos\u0165.<\/li>\n<li>Tich\u00e1 prev\u00e1dzka: \u010cerpadlo s\u00e9rie HP5V je navrhnut\u00e9 s funkciami na zn\u00ed\u017eenie hluku, ktor\u00e9 zabezpe\u010duj\u00fa tich\u00fa prev\u00e1dzku v r\u00f4znych priemyseln\u00fdch prostrediach. T\u00e1to vlastnos\u0165 je cenn\u00e1 v aplik\u00e1ci\u00e1ch, ktor\u00e9 vy\u017eaduj\u00fa n\u00edzku hladinu hluku, a podporuje pohodln\u00e9 a produkt\u00edvne pracovn\u00e9 prostredie.<\/li>\n<\/ul>\n<h2><strong>Parameter hydraulick\u00e9ho \u010derpadla s axi\u00e1lnym piestom a premenliv\u00fdm objemom s\u00e9rie HP5V:<\/strong><\/h2>\n<table class=\"table table-bordered table-hover table-colored\" data-sort=\"sortDisabled\">\n<tbody>\n<tr class=\"firstRow\">\n<td colspan=\"2\" align=\"left\" valign=\"middle\">Ve\u013ekos\u0165<\/td>\n<td align=\"center\" valign=\"middle\">HP5VS28<\/td>\n<td align=\"center\" valign=\"middle\">HP5V28<\/td>\n<td align=\"center\" valign=\"middle\">HP5V45<\/td>\n<td align=\"center\" valign=\"middle\">HP5V60<\/td>\n<td align=\"center\" valign=\"middle\">HP5V76<\/td>\n<td align=\"center\" valign=\"middle\">HP5V85<\/td>\n<td align=\"center\" valign=\"middle\">HP5V105<\/td>\n<\/tr>\n<tr>\n<td colspan=\"2\" align=\"left\" valign=\"middle\">Zdvihov\u00fd objem (cm\u00b3\/ot.)<\/td>\n<td align=\"center\" valign=\"middle\">28<\/td>\n<td align=\"center\" valign=\"middle\">28<\/td>\n<td align=\"center\" valign=\"middle\">45<\/td>\n<td align=\"center\" valign=\"middle\">60<\/td>\n<td align=\"center\" valign=\"middle\">76<\/td>\n<td align=\"center\" valign=\"middle\">85<\/td>\n<td align=\"center\" valign=\"middle\">104.3<\/td>\n<\/tr>\n<tr>\n<td rowspan=\"2\" align=\"left\" valign=\"middle\">Tlak<\/td>\n<td align=\"center\" valign=\"middle\">Menovit\u00fd tlak (bar)<\/td>\n<td align=\"center\" valign=\"middle\">250<\/td>\n<td align=\"center\" valign=\"middle\">320<\/td>\n<td align=\"center\" valign=\"middle\">320<\/td>\n<td align=\"center\" valign=\"middle\">250<\/td>\n<td align=\"center\" valign=\"middle\">320<\/td>\n<td align=\"center\" valign=\"middle\">280<\/td>\n<td align=\"center\" valign=\"middle\">350<\/td>\n<\/tr>\n<tr>\n<td align=\"left\" valign=\"middle\">Maxim\u00e1lny tlak (bar)<\/td>\n<td align=\"center\" valign=\"middle\">315<\/td>\n<td align=\"center\" valign=\"middle\">350<\/td>\n<td align=\"center\" valign=\"middle\">350<\/td>\n<td align=\"center\" valign=\"middle\">280<\/td>\n<td align=\"center\" valign=\"middle\">350<\/td>\n<td align=\"center\" valign=\"middle\">320<\/td>\n<td align=\"center\" valign=\"middle\">400<\/td>\n<\/tr>\n<tr>\n<td rowspan=\"2\" align=\"left\" valign=\"middle\">R\u00fdchlos\u0165 ot\u00e1\u010dania ot\/min<\/td>\n<td align=\"center\" valign=\"middle\">Max. pre samonas\u00e1vanie\u00a0<sup>*1<\/sup>\u00a0(bar)<\/td>\n<td align=\"center\" valign=\"middle\">3000<\/td>\n<td align=\"center\" valign=\"middle\">3000<\/td>\n<td align=\"center\" valign=\"middle\">2700<\/td>\n<td align=\"center\" valign=\"middle\">2400<\/td>\n<td align=\"center\" valign=\"middle\">2400<\/td>\n<td align=\"center\" valign=\"middle\">2400<\/td>\n<td align=\"center\" valign=\"middle\">2200<\/td>\n<\/tr>\n<tr>\n<td align=\"center\" valign=\"middle\">Max<sup>*2\u00a0<\/sup>\u00a0(bar)<\/td>\n<td align=\"center\" valign=\"middle\">3600<\/td>\n<td align=\"center\" valign=\"middle\">3600<\/td>\n<td align=\"center\" valign=\"middle\">3250<\/td>\n<td align=\"center\" valign=\"middle\">3000<\/td>\n<td align=\"center\" valign=\"middle\">3000<\/td>\n<td align=\"center\" valign=\"middle\">3000<\/td>\n<td align=\"center\" valign=\"middle\">2600<\/td>\n<\/tr>\n<tr>\n<td colspan=\"2\" align=\"left\" valign=\"middle\">Hmotnos\u0165 (kg)<\/td>\n<td align=\"center\" valign=\"middle\">17.2<\/td>\n<td align=\"center\" valign=\"middle\">20<\/td>\n<td align=\"center\" valign=\"middle\">24<\/td>\n<td align=\"center\" valign=\"middle\">24<\/td>\n<td align=\"center\" valign=\"middle\">28<\/td>\n<td align=\"center\" valign=\"middle\">28<\/td>\n<td align=\"center\" valign=\"middle\">45<\/td>\n<\/tr>\n<tr>\n<td colspan=\"2\" align=\"left\" valign=\"middle\">Mno\u017estvo oleja na naplnenie skrine \u010derpadla (l)<\/td>\n<td align=\"center\" valign=\"middle\">0.55<\/td>\n<td align=\"center\" valign=\"middle\">0.6<\/td>\n<td align=\"center\" valign=\"middle\">0.6<\/td>\n<td align=\"center\" valign=\"middle\">0.6<\/td>\n<td align=\"center\" valign=\"middle\">0.8<\/td>\n<td align=\"center\" valign=\"middle\">0.8<\/td>\n<td align=\"center\" valign=\"middle\">1<\/td>\n<\/tr>\n<tr>\n<td colspan=\"2\" align=\"left\" valign=\"middle\">Teplotn\u00fd rozsah (\u2103)<\/td>\n<td colspan=\"7\" align=\"center\" valign=\"middle\">-20~95<\/td>\n<\/tr>\n<tr>\n<td colspan=\"2\" rowspan=\"1\" align=\"left\" valign=\"middle\">Teplotn\u00fd rozsah (mm)<sup>2<\/sup>\/s)<\/td>\n<td colspan=\"7\" align=\"center\" valign=\"middle\">10-1000<sup>*3<\/sup>(Najlep\u0161ie vyu\u017eitie rozsahu viskozity 16~36 mm<sup>2<\/sup>\/s)<\/td>\n<\/tr>\n<\/tbody>\n<\/table>\n<h2><strong>V\u00fdhody hydraulick\u00e9ho \u010derpadla s axi\u00e1lnym piestom a premenliv\u00fdm objemom s\u00e9rie HP5V:<\/strong><\/h2>\n<p>\u2022 Variabiln\u00e9 \u010derpadlo v preveden\u00ed s nakl\u00e1pacou doskou pre otvoren\u00fd okruh.<br \/>\n\u2022 V porovnan\u00ed s produktmi na existuj\u00facom trhu sa pou\u017e\u00edva zosilnen\u00fd hnac\u00ed hriade\u013e a vysokopevnostn\u00fd materi\u00e1l valca, \u010do vedie k v\u00fdkonu s trval\u00fdm tlakom viac ako 320 barov.<br \/>\n\u2022 Na zv\u00fd\u0161enie nosnosti a dlh\u0161iu \u017eivotnos\u0165 sa pou\u017e\u00edvaj\u00fa vysokov\u00fdkonn\u00e9 lo\u017eisk\u00e1, ako napr\u00edklad valcov\u00e9 val\u010deky.<br \/>\n\u2022 Vysok\u00fd pomer v\u00fdkonu a hmotnosti.<br \/>\n\u2022 K dispoz\u00edcii s americk\u00fdmi (SAE) a japonsk\u00fdmi (JIS) mont\u00e1\u017enymi pr\u00edrubami a hriade\u013emi.<br \/>\n\u2022 Vynikaj\u00faca spo\u013eahlivos\u0165 a dlh\u00e1 \u017eivotnos\u0165.<br \/>\n\u2022 R\u00f4zne mo\u017enosti ovl\u00e1dania.<br \/>\n\u2022 Volite\u013en\u00fd priechodn\u00fd pohon.<br \/>\n\u2022 R\u00fdchla odozva ovl\u00e1dania.<br \/>\n\u2022 N\u00edzka pulz\u00e1cia tlaku a n\u00edzka hlu\u010dnos\u0165.<br \/>\n\u2022 Vyvinut\u00e9 pre stroj\u00e1rstvo, mobiln\u00e9 vozidl\u00e1, priemyseln\u00e9 a in\u00e9 priemyseln\u00e9 aplik\u00e1cie a po\u013enohospod\u00e1rske stroje.<\/p>\n<h2><strong>Hydraulick\u00e9 \u010derpadlo s axi\u00e1lnym piestom a premenliv\u00fdm objemom s\u00e9rie HP5V <\/strong><strong>Aplik\u00e1cia:<\/strong><\/h2>\n<p><img loading=\"lazy\" decoding=\"async\" class=\"alignnone wp-image-1930 size-full\" src=\"https:\/\/hydraulic-cylinders.net\/wp-content\/uploads\/2023\/10\/hp5v-series-axial-piston-variable-displacement-hydraulic-pump-2.webp\" alt=\"\" width=\"1147\" height=\"586\" srcset=\"https:\/\/hydraulic-cylinders.net\/wp-content\/uploads\/2023\/10\/hp5v-series-axial-piston-variable-displacement-hydraulic-pump-2.webp 1147w, https:\/\/hydraulic-cylinders.net\/wp-content\/uploads\/2023\/10\/hp5v-series-axial-piston-variable-displacement-hydraulic-pump-2-980x501.webp 980w, https:\/\/hydraulic-cylinders.net\/wp-content\/uploads\/2023\/10\/hp5v-series-axial-piston-variable-displacement-hydraulic-pump-2-480x245.webp 480w\" sizes=\"(min-width: 0px) and (max-width: 480px) 480px, (min-width: 481px) and (max-width: 980px) 980px, (min-width: 981px) 1147px, 100vw\" \/><\/p>\n<h2><strong>Sp\u00f4sob pou\u017eitia <\/strong><strong>Hydraulick\u00e9 \u010derpadlo s axi\u00e1lnym piestom a premenliv\u00fdm objemom s\u00e9rie HP5V<\/strong><strong>:<\/strong><\/h2>\n<ul>\n<li><strong>In\u0161tal\u00e1cia \u010derpadla:<\/strong>\u00a0 Nain\u0161talujte axi\u00e1lne piestov\u00e9 hydraulick\u00e9 \u010derpadlo s premenliv\u00fdm objemom s\u00e9rie HP5V na ur\u010den\u00e9 miesto v hydraulickom syst\u00e9me. Pre spr\u00e1vne zarovnanie a bezpe\u010dn\u00e9 pripevnenie ku kon\u0161trukcii syst\u00e9mu pomocou vhodn\u00fdch mont\u00e1\u017enych konzol alebo pr\u00edslu\u0161enstva sa ria\u010fte pokynmi a \u0161pecifik\u00e1ciami v\u00fdrobcu.<\/li>\n<li><strong>Integr\u00e1cia hydraulick\u00e9ho syst\u00e9mu:<\/strong> Pripojte \u010derpadlo k hydraulick\u00e9mu syst\u00e9mu pomocou kompatibiln\u00fdch had\u00edc, spojok a ventilov. Uistite sa, \u017ee v\u0161etky pripojenia s\u00fa bezpe\u010dn\u00e9, bez \u00fanikov a spr\u00e1vne utiahnut\u00e9, aby ste zabezpe\u010dili optim\u00e1lny hydraulick\u00fd v\u00fdkon.<\/li>\n<li><strong>Kompatibilita kvapal\u00edn:<\/strong> Overte, \u010di je hydraulick\u00e1 kvapalina pou\u017eit\u00e1 v syst\u00e9me kompatibiln\u00e1 s \u010derpadlom s\u00e9rie HP5V. Pozrite si odpor\u00fa\u010dania v\u00fdrobcu t\u00fdkaj\u00face sa vhodn\u00e9ho typu kvapaliny, viskozity a teplotn\u00e9ho rozsahu. Pravidelne monitorujte a udr\u017eiavajte hydraulick\u00fa kvapalinu, aby ste zabezpe\u010dili spr\u00e1vnu prev\u00e1dzku a dlh\u00fa \u017eivotnos\u0165 \u010derpadla.<\/li>\n<li><strong>Prev\u00e1dzkov\u00e9 parametre:<\/strong> Obozn\u00e1mte sa s mo\u017enos\u0165ami ovl\u00e1dania \u010derpadla a upravte prev\u00e1dzkov\u00e9 parametre pod\u013ea \u0161pecifick\u00fdch po\u017eiadaviek hydraulick\u00e9ho syst\u00e9mu. Monitorujte a upravujte nastavenia v\u00fdtlaku \u010derpadla, aby ste optimalizovali v\u00fdkon a energetick\u00fa \u00fa\u010dinnos\u0165.<\/li>\n<\/ul>\n<h2><strong>Ako vymeni\u0165 tesnenie na hydraulickom valci?<\/strong><\/h2>\n<p>V\u00fdmena tesnenia na hydraulickom valci si vy\u017eaduje d\u00f4kladn\u00fa pozornos\u0165 k detailom a dodr\u017eiavanie spr\u00e1vnych postupov. Tu je podrobn\u00fd n\u00e1vod, ktor\u00fd v\u00e1m pom\u00f4\u017ee s t\u00fdmto procesom:<\/p>\n<ol>\n<li><strong>Pr\u00edprava a bezpe\u010dnos\u0165:<\/strong>\n<ul>\n<li>Uistite sa, \u017ee hydraulick\u00fd valec je bez tlaku a odpojen\u00fd od syst\u00e9mu.<\/li>\n<li>Vy\u010distite vonkaj\u0161iu stranu valca, aby ste zabr\u00e1nili vniknutiu ne\u010dist\u00f4t alebo \u00falomkov po\u010das procesu.<\/li>\n<li>Umiestnite valec na stabiln\u00fd pracovn\u00fd povrch a zaistite ho pomocou svoriek alebo zver\u00e1ka.<\/li>\n<\/ul>\n<\/li>\n<li><strong>Identifikujte pe\u010da\u0165:<\/strong>\n<ul>\n<li>Ur\u010dte typ tesnenia, ktor\u00e9 je potrebn\u00e9 vymeni\u0165 (napr. tesnenie ty\u010de, tesnenie piesta, tesnenie stiera\u010da).<\/li>\n<li>Pre z\u00edskanie spr\u00e1vnych \u0161pecifik\u00e1ci\u00ed tesnenia si pozrite technick\u00fa dokument\u00e1ciu k valcu alebo kontaktujte v\u00fdrobcu.<\/li>\n<\/ul>\n<\/li>\n<li><strong>Demont\u00e1\u017e:<\/strong>\n<ul>\n<li>Odstr\u00e1\u0148te v\u0161etky upev\u0148ovacie komponenty, ako s\u00fa skrutky, poistn\u00e9 kr\u00fa\u017eky alebo poistn\u00e9 kr\u00fa\u017eky, ktor\u00e9 zais\u0165uj\u00fa hlavu valcov alebo vie\u010dko.<\/li>\n<li>Opatrne odstr\u00e1\u0148te hlavu valca alebo vie\u010dko, \u010d\u00edm odhal\u00edte piest, ty\u010d a star\u00e9 tesnenie.<\/li>\n<\/ul>\n<\/li>\n<li><strong>Odstr\u00e1\u0148te star\u00fa pe\u010da\u0165:<\/strong>\n<ul>\n<li>Na jemn\u00e9 vyp\u00e1\u010denie star\u00e9ho tesnenia pou\u017eite vhodn\u00fd n\u00e1stroj, ako je napr\u00edklad n\u00e1stroj na vyberanie tesnen\u00ed, h\u00e1\u010dik alebo mal\u00fd skrutkova\u010d.<\/li>\n<li>Po\u010das tohto procesu d\u00e1vajte pozor, aby ste nepo\u0161kodili povrch valca.<\/li>\n<li>Skontrolujte otvor valca a ojnicu, \u010di nevykazuj\u00fa zn\u00e1mky po\u0161kodenia alebo opotrebenia. Ak je pr\u00edtomn\u00e9 zna\u010dn\u00e9 po\u0161kodenie, zv\u00e1\u017ete odborn\u00fa kontrolu alebo v\u00fdmenu cel\u00e9ho valca.<\/li>\n<\/ul>\n<\/li>\n<li><strong>\u010cistenie a mazanie:<\/strong>\n<ul>\n<li>D\u00f4kladne vy\u010distite otvor valca, ojnicu a okolit\u00e9 komponenty pomocou handri\u010dky, ktor\u00e1 nep\u00fa\u0161\u0165a vl\u00e1kna, alebo vhodn\u00e9ho rozp\u00fa\u0161\u0165adla.<\/li>\n<li>Naneste na nov\u00e9 tesnenie tenk\u00fa vrstvu hydraulick\u00e9ho oleja alebo maziva na tesnenia, aby ste u\u013eah\u010dili in\u0161tal\u00e1ciu a zabezpe\u010dili spr\u00e1vne utesnenie.<\/li>\n<\/ul>\n<\/li>\n<li><strong>Nain\u0161talujte nov\u00e9 tesnenie:<\/strong>\n<ul>\n<li>Opatrne umiestnite nov\u00e9 tesnenie do dr\u00e1\u017eky a uistite sa, \u017ee je spr\u00e1vne orientovan\u00e9.<\/li>\n<li>Pomocou n\u00e1stroja na in\u0161tal\u00e1ciu tesnenia alebo m\u00e4kk\u00e9ho kladiva jemne zatla\u010dte tesnenie na miesto a rovnomerne ho pritla\u010dte po celom jeho obvode.<\/li>\n<li>Uistite sa, \u017ee tesnenie je spr\u00e1vne usaden\u00e9 a \u00faplne zasunut\u00e9 do dr\u00e1\u017eky.<\/li>\n<\/ul>\n<\/li>\n<li><strong>Op\u00e4tovn\u00e1 mont\u00e1\u017e:<\/strong>\n<ul>\n<li>Znovu nain\u0161talujte v\u0161etky zost\u00e1vaj\u00face komponenty odstr\u00e1nen\u00e9 po\u010das demont\u00e1\u017ee, ako s\u00fa skrutky, poistn\u00e9 kr\u00fa\u017eky alebo poistn\u00e9 kr\u00fa\u017eky.<\/li>\n<li>Dodr\u017eiavajte u\u0165ahovac\u00ed moment a postup u\u0165ahovania pod\u013ea pokynov v\u00fdrobcu, aby ste zabezpe\u010dili spr\u00e1vne utesnenie a zarovnanie.<\/li>\n<\/ul>\n<\/li>\n<li><strong>Testovanie a kontrola:<\/strong>\n<ul>\n<li>Znovu pripojte hydraulick\u00fd valec k syst\u00e9mu a uistite sa, \u017ee v\u0161etky pripojenia s\u00fa bezpe\u010dn\u00e9.<\/li>\n<li>Postupne obnovujte tlak v syst\u00e9me a skontrolujte, \u010di nedoch\u00e1dza k \u00fanikom alebo abnorm\u00e1lnemu spr\u00e1vaniu.<\/li>\n<li>Pre overenie spr\u00e1vnej funkcie tesnenia vykonajte cyklovanie hydraulick\u00e9ho valca v plnom rozsahu jeho pohybu.<\/li>\n<\/ul>\n<\/li>\n<\/ol>\n<h2><strong>Schopnos\u0165 a kapacita tov\u00e1rne:<\/strong><\/h2>\n<h3>(1) Mont\u00e1\u017e<\/h3>\n<p>Disponujeme prvotriednou nez\u00e1vislou v\u00fdskumnou a v\u00fdvojovou mont\u00e1\u017enou platformou. Diel\u0148a na v\u00fdrobu hydraulick\u00fdch valcov m\u00e1 \u0161tyri poloautomatick\u00e9 mont\u00e1\u017ene linky zdv\u00edhac\u00edch valcov a jednu automatick\u00fa mont\u00e1\u017enu linku nakl\u00e1pac\u00edch valcov s projektovanou ro\u010dnou v\u00fdrobnou kapacitou 1 mili\u00f3n kusov. Diel\u0148a na v\u00fdrobu \u0161peci\u00e1lnych valcov je vybaven\u00e1 r\u00f4znymi \u0161pecifik\u00e1ciami poloautomatick\u00e9ho syst\u00e9mu \u010distenia a mont\u00e1\u017ee s projektovanou ro\u010dnou v\u00fdrobnou kapacitou 200 000 kusov a je vybaven\u00e1 zn\u00e1mym CNC obr\u00e1bac\u00edm zariaden\u00edm, obr\u00e1bac\u00edm centrom, \u0161peci\u00e1lnym zariaden\u00edm na vysoko presn\u00e9 spracovanie valcov, robotick\u00fdm zv\u00e1rac\u00edm strojom, automatick\u00fdm \u010distiacim strojom, automatick\u00fdm mont\u00e1\u017enym strojom valcov a automatickou lakovacou v\u00fdrobnou linkou. Existuj\u00face kritick\u00e9 zariadenia maj\u00fa viac ako 300 s\u00faprav (s\u00e1d). Optim\u00e1lne alokovanie a efekt\u00edvne vyu\u017e\u00edvanie zdrojov zariaden\u00ed zabezpe\u010duje po\u017eiadavky na presnos\u0165 v\u00fdrobkov a sp\u013a\u0148a po\u017eiadavky na vysok\u00fa kvalitu v\u00fdrobkov.<\/p>\n<p><img loading=\"lazy\" decoding=\"async\" class=\"alignnone wp-image-626\" src=\"https:\/\/hydraulic-cylinders.net\/wp-content\/uploads\/2023\/08\/hydraulic-cylinder-product-1-300x158.webp\" alt=\"\" width=\"495\" height=\"260\" srcset=\"https:\/\/hydraulic-cylinders.net\/wp-content\/uploads\/2023\/08\/hydraulic-cylinder-product-1-300x158.webp 495w, https:\/\/hydraulic-cylinders.net\/wp-content\/uploads\/2023\/08\/hydraulic-cylinder-product-1-480x252.webp 480w\" sizes=\"(min-width: 0px) and (max-width: 480px) 480px, (min-width: 481px) 495px, 100vw\" \/> <img loading=\"lazy\" decoding=\"async\" class=\"alignnone wp-image-627\" src=\"https:\/\/hydraulic-cylinders.net\/wp-content\/uploads\/2023\/08\/hydraulic-cylinder-product-2-300x189.webp\" alt=\"\" width=\"413\" height=\"260\" \/><\/p>\n<h3>(2) Obr\u00e1banie<\/h3>\n<p>Obr\u00e1bacia diel\u0148a je vybaven\u00e1 prisp\u00f4soben\u00fdm s\u00fastru\u017en\u00edckym centrom na \u0161ikm\u00e9 ko\u013eajnice, obr\u00e1bac\u00edm centrom, vysokor\u00fdchlostn\u00fdm honovac\u00edm strojom, zv\u00e1rac\u00edm robotom a \u010fal\u0161\u00edm s\u00favisiacim zariaden\u00edm, ktor\u00e9 dok\u00e1\u017ee spracova\u0165 valcov\u00e9 r\u00fary s maxim\u00e1lnym vn\u00fatorn\u00fdm priemerom 400 mm a maxim\u00e1lnou d\u013a\u017ekou 6 metrov.<\/p>\n<p><img loading=\"lazy\" decoding=\"async\" class=\"alignnone wp-image-628 size-large\" src=\"https:\/\/hydraulic-cylinders.net\/wp-content\/uploads\/2023\/08\/hydraulic-cylinder-product-3-1024x391.webp\" alt=\"\" width=\"1024\" height=\"391\" srcset=\"https:\/\/hydraulic-cylinders.net\/wp-content\/uploads\/2023\/08\/hydraulic-cylinder-product-3-980x374.webp 980w, https:\/\/hydraulic-cylinders.net\/wp-content\/uploads\/2023\/08\/hydraulic-cylinder-product-3-480x183.webp 480w\" sizes=\"(min-width: 0px) and (max-width: 480px) 480px, (min-width: 481px) and (max-width: 980px) 980px, (min-width: 981px) 1024px, 100vw\" \/><\/p>\n<h3>(3) Zv\u00e1ranie<\/h3>\n<p><img loading=\"lazy\" decoding=\"async\" class=\"alignnone wp-image-629 size-large\" src=\"https:\/\/hydraulic-cylinders.net\/wp-content\/uploads\/2023\/08\/hydraulic-cylinder-product-4-1024x510.webp\" alt=\"\" width=\"1024\" height=\"510\" srcset=\"https:\/\/hydraulic-cylinders.net\/wp-content\/uploads\/2023\/08\/hydraulic-cylinder-product-4-980x488.webp 980w, https:\/\/hydraulic-cylinders.net\/wp-content\/uploads\/2023\/08\/hydraulic-cylinder-product-4-480x239.webp 480w\" sizes=\"(min-width: 0px) and (max-width: 480px) 480px, (min-width: 481px) and (max-width: 980px) 980px, (min-width: 981px) 1024px, 100vw\" \/><\/p>\n<h3>(4) Ma\u013eovanie a natieranie<\/h3>\n<p>S mal\u00fdmi a stredne ve\u013ek\u00fdmi valcov\u00fdmi automatick\u00fdmi linkami na nan\u00e1\u0161anie farieb na vodnej b\u00e1ze, na dosiahnutie automatick\u00e9ho nakladania a vykladania robotmi a automatick\u00e9ho striekania, je projektovan\u00e1 kapacita 4000 kusov za smenu;<br \/>\nM\u00e1me tie\u017e poloautomatick\u00fa linku na v\u00fdrobu farieb pre ve\u013ek\u00e9 valce poh\u00e1\u0148an\u00e9 re\u0165azou s projektovanou kapacitou 60 kusov za smenu.<\/p>\n<p><img loading=\"lazy\" decoding=\"async\" class=\"alignnone wp-image-630\" src=\"https:\/\/hydraulic-cylinders.net\/wp-content\/uploads\/2023\/08\/hydraulic-cylinder-product-5-300x213.webp\" alt=\"\" width=\"366\" height=\"260\" \/> <img loading=\"lazy\" decoding=\"async\" class=\"alignnone wp-image-631\" src=\"https:\/\/hydraulic-cylinders.net\/wp-content\/uploads\/2023\/08\/hydraulic-cylinder-product-6-300x225.webp\" alt=\"\" width=\"347\" height=\"260\" \/><\/p>\n<h3>(5) Testovanie<\/h3>\n<p>Disponujeme prvotriednymi kontroln\u00fdmi zariadeniami a sk\u00fa\u0161obn\u00fdmi zariadeniami, ktor\u00e9 zabezpe\u010duj\u00fa, \u017ee v\u00fdkonnos\u0165 valca sp\u013a\u0148a po\u017eiadavky.<\/p>\n<p><img loading=\"lazy\" decoding=\"async\" class=\"alignnone wp-image-632\" src=\"https:\/\/hydraulic-cylinders.net\/wp-content\/uploads\/2023\/08\/hydraulic-cylinder-product-8-300x200.webp\" alt=\"\" width=\"389\" height=\"260\" \/><\/p>\n<p>&nbsp;<\/p>\n<p>&nbsp;<\/p>\n<p>Sme jedn\u00fdm z najlep\u0161\u00edch v\u00fdrobcov hydraulick\u00fdch valcov. Pon\u00fakame komplexn\u00e9 hydraulick\u00e9 valce. Poskytujeme aj zodpovedaj\u00face <a href=\"https:\/\/hzpt.com\/agricultural-pto-gearbox\/\" target=\"_blank\" rel=\"noopener\">po\u013enohospod\u00e1rske prevodovky<\/a>Na\u0161e produkty sme vyv\u00e1\u017eali klientom po celom svete a v\u010faka vynikaj\u00facej kvalite produktov a popredajn\u00e9mu servisu sme si z\u00edskali dobr\u00fa reput\u00e1ciu. V\u00edtame z\u00e1kazn\u00edkov doma aj v zahrani\u010d\u00ed, ktor\u00ed n\u00e1s kontaktuj\u00fa za \u00fa\u010delom rokovania o obchodn\u00fdch z\u00e1le\u017eitostiach, v\u00fdmeny inform\u00e1ci\u00ed a <a href=\"https:\/\/www.hydraulic-cylinders.net\/sk\/contact-us\/\">spolupracova\u0165 s nami<\/a>!<\/p>\n<p>&nbsp;<\/p>","protected":false},"excerpt":{"rendered":"<p>HP5V Series Axial Piston Variable Displacement Hydraulic Pump The HP5V series axial piston variable displacement hydraulic pump is a cutting-edge hydraulic component that offers unmatched efficiency and performance in various industrial applications. Designed with precision engineering and advanced technology, this pump delivers reliable and precise hydraulic power, making it an essential choice for demanding hydraulic [&hellip;]<\/p>","protected":false},"featured_media":1928,"comment_status":"open","ping_status":"closed","template":"","meta":{"_et_pb_use_builder":"","_et_pb_old_content":"","_et_gb_content_width":""},"product_brand":[],"product_cat":[1425],"product_tag":[1380],"class_list":{"0":"post-1919","1":"product","2":"type-product","3":"status-publish","4":"has-post-thumbnail","6":"product_cat-piston-pump","7":"product_tag-hydraulic-cylinder","9":"first","10":"instock","11":"shipping-taxable","12":"product-type-simple"},"amp_enabled":true,"_links":{"self":[{"href":"https:\/\/www.hydraulic-cylinders.net\/sk\/wp-json\/wp\/v2\/product\/1919","targetHints":{"allow":["GET"]}}],"collection":[{"href":"https:\/\/www.hydraulic-cylinders.net\/sk\/wp-json\/wp\/v2\/product"}],"about":[{"href":"https:\/\/www.hydraulic-cylinders.net\/sk\/wp-json\/wp\/v2\/types\/product"}],"replies":[{"embeddable":true,"href":"https:\/\/www.hydraulic-cylinders.net\/sk\/wp-json\/wp\/v2\/comments?post=1919"}],"wp:featuredmedia":[{"embeddable":true,"href":"https:\/\/www.hydraulic-cylinders.net\/sk\/wp-json\/wp\/v2\/media\/1928"}],"wp:attachment":[{"href":"https:\/\/www.hydraulic-cylinders.net\/sk\/wp-json\/wp\/v2\/media?parent=1919"}],"wp:term":[{"taxonomy":"product_brand","embeddable":true,"href":"https:\/\/www.hydraulic-cylinders.net\/sk\/wp-json\/wp\/v2\/product_brand?post=1919"},{"taxonomy":"product_cat","embeddable":true,"href":"https:\/\/www.hydraulic-cylinders.net\/sk\/wp-json\/wp\/v2\/product_cat?post=1919"},{"taxonomy":"product_tag","embeddable":true,"href":"https:\/\/www.hydraulic-cylinders.net\/sk\/wp-json\/wp\/v2\/product_tag?post=1919"}],"curies":[{"name":"pracovn\u00fd list","href":"https:\/\/api.w.org\/{rel}","templated":true}]}}