{"id":19192,"date":"2025-04-07T06:17:24","date_gmt":"2025-04-07T06:17:24","guid":{"rendered":"https:\/\/www.hydraulic-cylinders.net\/product\/boom-cylinder-for-xcmg-middle-excavator-xe210\/"},"modified":"2025-04-07T06:17:26","modified_gmt":"2025-04-07T06:17:26","slug":"boom-cylinder-for-xcmg-middle-excavator-xe210","status":"publish","type":"product","link":"https:\/\/www.hydraulic-cylinders.net\/sk\/produkt\/boom-cylinder-for-xcmg-middle-excavator-xe210\/","title":{"rendered":"Valec v\u00fdlo\u017en\u00edka pre stredn\u00e9 r\u00fdpadlo XCMG XE210"},"content":{"rendered":"<h1>Valec v\u00fdlo\u017en\u00edka pre stredn\u00e9 r\u00fdpadlo XCMG XE210<\/h1>\n<h2>Preh\u013ead produktu<\/h2>\n<p>Hydraulick\u00fd valec v\u00fdlo\u017en\u00edka pre stredn\u00e9 r\u00fdpadlo XCMG XE210 je d\u00f4le\u017eit\u00fd komponent ur\u010den\u00fd na zlep\u0161enie prev\u00e1dzkov\u00fdch schopnost\u00ed r\u00fdpadiel. Tento hydraulick\u00fd valec zohr\u00e1va k\u013e\u00fa\u010dov\u00fa \u00falohu pri riaden\u00ed pohybu v\u00fdlo\u017en\u00edka r\u00fdpadla, \u010do umo\u017e\u0148uje jeho efekt\u00edvne zdv\u00edhanie, sp\u00fa\u0161\u0165anie a nakl\u00e1\u0148anie. U\u013eah\u010den\u00edm t\u00fdchto pohybov je valec v\u00fdlo\u017en\u00edka nevyhnutn\u00fd pre r\u00f4zne \u00falohy manipul\u00e1cie s materi\u00e1lom a zabezpe\u010duje efekt\u00edvnu a bezpe\u010dn\u00fa manipul\u00e1ciu s \u0165a\u017ek\u00fdmi bremenami.<\/p>\n<p><img decoding=\"async\" src=\"https:\/\/www.hydraulic-cylinders.net\/wp-content\/uploads\/2025\/04\/songte-company-1.webp\" alt=\"Valec v\u00fdlo\u017en\u00edka\"><\/p>\n<h3>Defin\u00edcia a funkcia<\/h3>\n<p>Hydraulick\u00fd valec ly\u017eice je \u0161pecializovan\u00fd hydraulick\u00fd valec pou\u017e\u00edvan\u00fd na ovl\u00e1danie pohybov ly\u017eice v \u0165a\u017ek\u00fdch strojoch, ako s\u00fa r\u00fdpadl\u00e1, r\u00fdpadlo-naklada\u010de a \u010deln\u00e9 naklada\u010de. Tento typ valca umo\u017e\u0148uje ly\u017eici vykon\u00e1va\u0165 z\u00e1kladn\u00e9 funkcie, ako je zdv\u00edhanie, sp\u00fa\u0161\u0165anie a nakl\u00e1\u0148anie, \u010d\u00edm pom\u00e1ha pri \u00faloh\u00e1ch manipul\u00e1cie s materi\u00e1lom. Hydraulick\u00fd syst\u00e9m vyu\u017e\u00edva tlakov\u00fa kvapalinu na vytv\u00e1ranie pohybu, \u010do umo\u017e\u0148uje ovl\u00e1da\u0165 \u0165a\u017ek\u00e9 stroje s presnos\u0165ou a \u013eahkos\u0165ou. \u00da\u010dinnos\u0165 a efekt\u00edvnos\u0165 r\u00fdpadla do zna\u010dnej miery z\u00e1vis\u00ed od v\u00fdkonu jeho valca v\u00fdlo\u017en\u00edka, ktor\u00fd zabezpe\u010duje, \u017ee stroj m\u00f4\u017ee pracova\u0165 za r\u00f4znych podmienok a pri r\u00f4znych \u00faloh\u00e1ch.<\/p>\n<h2>Vlastnosti valca v\u00fdlo\u017en\u00edka<\/h2>\n<ul>\n<li><strong>Vysok\u00e1 pevnos\u0165 a odolnos\u0165:<\/strong> Tento valec je vyroben\u00fd z vysokopevnostnej ocele alebo hlin\u00edka a odol\u00e1 vysok\u00e9mu tlaku a ve\u013ek\u00e9mu za\u0165a\u017eeniu, v\u010faka \u010domu je vhodn\u00fd do n\u00e1ro\u010dn\u00fdch pracovn\u00fdch prostred\u00ed. Kon\u0161trukcia zoh\u013ead\u0148uje odolnos\u0165 vo\u010di opotrebovaniu a kor\u00f3zii, \u010d\u00edm sa predl\u017euje jeho \u017eivotnos\u0165.<\/li>\n<li><strong>Efekt\u00edvna hydraulick\u00e1 prev\u00e1dzka:<\/strong> Valec vyu\u017e\u00edva hydraulick\u00fd tlak oleja na dosiahnutie plynul\u00e9ho vys\u00favania a zas\u00favania, \u010do umo\u017e\u0148uje r\u00fdchlu reakciu na povely oper\u00e1tora a poskytuje zna\u010dn\u00fa tla\u010dn\u00fa alebo \u0165ahov\u00fa silu potrebn\u00fa na manipul\u00e1ciu s \u0165a\u017ek\u00fdmi materi\u00e1lmi a zlo\u017eit\u00fdmi \u00falohami.<\/li>\n<li><strong>R\u00f4zne typy:<\/strong> V z\u00e1vislosti od prev\u00e1dzkov\u00fdch potrieb je mo\u017en\u00e9 valec zvoli\u0165 ako jedno\u010dinn\u00fd (p\u00f4sobiaci v jednom smere) alebo dvoj\u010dinn\u00fd (funguj\u00faci v oboch smeroch). Niektor\u00e9 modely s\u00fa teleskopick\u00e9, \u010do umo\u017e\u0148uje v\u00e4\u010d\u0161ie vysunutie bez zv\u00e4\u010d\u0161enia vonkaj\u0161\u00edch rozmerov, ide\u00e1lne do stiesnen\u00fdch priestorov.<\/li>\n<\/ul>\n<h2>V\u00fdrobn\u00e1 kapacita<\/h2>\n<p>Sme schopn\u00ed vyrobi\u0165 valec v\u00fdlo\u017en\u00edka, ktor\u00fd predstavuje perfektn\u00fa n\u00e1hradu za existuj\u00face hydraulick\u00e9 valce na trhu. Na\u0161e produkty si zachov\u00e1vaj\u00fa vysok\u00fa kvalitu a presnos\u0165, \u010do zaru\u010duje kompatibilitu s r\u00f4znymi modelmi r\u00fdpadiel.<\/p>\n<p><img decoding=\"async\" src=\"https:\/\/www.hydraulic-cylinders.net\/wp-content\/uploads\/2025\/04\/songte-cylinder-head-with-all-kinds-excavator-models.webp\" alt=\"Hlava valcov\"><\/p>\n<h2>Scen\u00e1re aplik\u00e1ci\u00ed<\/h2>\n<h3>Stavebn\u00e9 stroje<\/h3>\n<p>V r\u00fdpadl\u00e1ch s\u00fa valce v\u00fdlo\u017en\u00edka k\u013e\u00fa\u010dov\u00e9 pre kopanie, nakladanie a premiest\u0148ovanie zeminy alebo sutiny. Umo\u017e\u0148uj\u00fa efekt\u00edvne kopanie a s\u00fa nevyhnutn\u00e9 na zdvihnutie ly\u017eice dostato\u010dne vysoko na prepravu materi\u00e1lov. T\u00e1to funkcia je nevyhnutn\u00e1 na stavenisk\u00e1ch, kde je potrebn\u00e9 efekt\u00edvne premiest\u0148ova\u0165 materi\u00e1ly.<\/p>\n<h3>Po\u013enohospod\u00e1rske stroje<\/h3>\n<p>V \u010deln\u00fdch naklada\u010doch u\u013eah\u010duj\u00fa valce ly\u017eice naberanie, zdv\u00edhanie a prepravu p\u00f4dy, sena a in\u00fdch materi\u00e1lov. Schopnos\u0165 valca efekt\u00edvne fungova\u0165 prispieva k r\u00fdchlej\u0161\u00edm a efekt\u00edvnej\u0161\u00edm po\u013enohospod\u00e1rskym oper\u00e1ci\u00e1m, skracuje pracovn\u00fd \u010das a zvy\u0161uje produktivitu.<\/p>\n<h3>R\u00fdpadl\u00e1<\/h3>\n<p>V r\u00fdpadl\u00e1ch umo\u017e\u0148uje valec ly\u017eice efekt\u00edvne prenikanie do p\u00f4dy, v\u010faka \u010domu je nevyhnutn\u00fd pre v\u00fdkopov\u00e9 pr\u00e1ce. Jeho robustn\u00e1 kon\u0161trukcia zais\u0165uje, \u017ee zvl\u00e1dne nam\u00e1hanie pri kopan\u00ed do tvrdej zeme a poskytuje spo\u013eahliv\u00fd v\u00fdkon v n\u00e1ro\u010dn\u00fdch podmienkach.<\/p>\n<h3>Naklada\u010de<\/h3>\n<p>V \u010deln\u00fdch naklada\u010doch pom\u00e1haj\u00fa pri efekt\u00edvnom zdv\u00edhan\u00ed a vykladan\u00ed n\u00e1kladu. Hydraulick\u00fd syst\u00e9m zabezpe\u010duje, \u017ee ly\u017eicu je mo\u017en\u00e9 zdvihn\u00fa\u0165 do v\u00fd\u0161ky potrebnej na vykladanie materi\u00e1lov bez rizika po\u0161kodenia alebo nestability.<\/p>\n<h2>\u00davahy o dizajne a krit\u00e9ri\u00e1 v\u00fdberu<\/h2>\n<h3>Nosnos\u0165<\/h3>\n<p>Jedn\u00fdm z hlavn\u00fdch h\u013ead\u00edsk pri navrhovan\u00ed valca v\u00fdlo\u017en\u00edka je jeho nosnos\u0165. Valec mus\u00ed by\u0165 schopn\u00fd zvl\u00e1dnu\u0165 maxim\u00e1lne za\u0165a\u017eenie, s ktor\u00fdm sa r\u00fdpadlo stretne po\u010das prev\u00e1dzky. In\u017einieri posudzuj\u00fa pevnos\u0165 materi\u00e1lov pou\u017eit\u00fdch pri kon\u0161trukcii valca, aby sa zabezpe\u010dilo, \u017ee dok\u00e1\u017ee unies\u0165 \u0165a\u017ek\u00e9 v\u00e1hy bez poruchy. Toto h\u013eadisko je nevyhnutn\u00e9 pre prev\u00e1dzkov\u00fa bezpe\u010dnos\u0165 a efekt\u00edvnos\u0165, preto\u017ee pre\u0165a\u017eenie m\u00f4\u017ee vies\u0165 ku katastrof\u00e1lnym poruch\u00e1m, po\u0161kodeniu zariadenia a predstavovaniu bezpe\u010dnostn\u00fdch riz\u00edk pre obsluhu.<\/p>\n<h3>Tesniaci v\u00fdkon<\/h3>\n<p>\u00da\u010dinn\u00e9 tesnenie je k\u013e\u00fa\u010dov\u00e9 pre v\u00fdkon hydraulick\u00e9ho valca. Dobr\u00e9 tesnenie zabra\u0148uje \u00faniku hydraulickej kvapaliny, \u010do m\u00f4\u017ee ohrozi\u0165 funk\u010dnos\u0165 syst\u00e9mu. Pou\u017e\u00edvaj\u00fa sa r\u00f4zne typy tesnen\u00ed vr\u00e1tane piestov\u00fdch a ty\u010dov\u00fdch tesnen\u00ed, ktor\u00e9 sa musia vybera\u0165 na z\u00e1klade prev\u00e1dzkov\u00fdch podmienok r\u00fdpadla. Spr\u00e1vne tesnenie zvy\u0161uje \u00fa\u010dinnos\u0165 udr\u017eiavan\u00edm tlaku vo valci, \u010d\u00edm sa zabezpe\u010d\u00ed jeho plynul\u00fd a spo\u013eahliv\u00fd chod v priebehu \u010dasu.<\/p>\n<h3>Trvanlivos\u0165<\/h3>\n<p>Trvanlivos\u0165 je k\u013e\u00fa\u010dov\u00fdm aspektom kon\u0161trukcie hydraulick\u00fdch valcov. Materi\u00e1ly musia by\u0165 odoln\u00e9 vo\u010di opotrebovaniu a kor\u00f3zii, preto\u017ee hydraulick\u00e9 valce pracuj\u00fa v n\u00e1ro\u010dn\u00fdch podmienkach. V\u00fdrobcovia \u010dasto pou\u017e\u00edvaj\u00fa pokro\u010dil\u00e9 povrchov\u00e9 \u00fapravy a \u00fapravy na zv\u00fd\u0161enie odolnosti komponentov valcov. T\u00e1to \u00favaha zais\u0165uje dlh\u0161iu \u017eivotnos\u0165 a zni\u017euje potrebu \u010dast\u00fdch v\u00fdmen, \u010do v kone\u010dnom d\u00f4sledku \u0161etr\u00ed n\u00e1klady a zvy\u0161uje produktivitu.<\/p>\n<h2>Tesnenie a mazanie<\/h2>\n<p>\u00da\u010dinnos\u0165 tesnenia a mazania v\u00fdrazne ovplyv\u0148uje v\u00fdkon valcov v\u00fdlo\u017en\u00edka. Na zabr\u00e1nenie \u00faniku hydraulickej kvapaliny sa pou\u017e\u00edvaj\u00fa r\u00f4zne tesniace komponenty, ako s\u00fa tesnenia piestov a tesnenia ty\u010d\u00ed. Na zabezpe\u010denie dlhotrvaj\u00faceho v\u00fdkonu sa be\u017ene pou\u017e\u00edvaj\u00fa tesnenia vyroben\u00e9 z odoln\u00fdch materi\u00e1lov, ako je polyuret\u00e1n a nitrilov\u00fd kau\u010duk. Teleso valca a z\u00e1vitov\u00e9 koncov\u00e9 plochy prech\u00e1dzaj\u00fa jemn\u00fdm opracovan\u00edm, aby sa zv\u00fd\u0161ila odolnos\u0165 proti opotrebovaniu. Pravideln\u00e9 mazanie vhodn\u00fdm hydraulick\u00fdm olejom je nevyhnutn\u00e9 na udr\u017eanie optim\u00e1lnej funkcie a zabr\u00e1nenie po\u0161kodenia pohybliv\u00fdch \u010dast\u00ed. Dostato\u010dn\u00e9 mazanie minimalizuje trenie, \u010d\u00edm zabezpe\u010duje plynul\u00fd chod a predl\u017euje \u017eivotnos\u0165 hydraulick\u00e9ho valca.<\/p>\n<h2>Pravideln\u00e1 kontrola a prevent\u00edvna \u00fadr\u017eba<\/h2>\n<ul>\n<li><strong>Pravideln\u00e9 kontroly:<\/strong> Vykon\u00e1vanie pravideln\u00fdch kontrol hydraulick\u00e9ho syst\u00e9mu pom\u00e1ha identifikova\u0165 opotrebovanie sk\u00f4r, ako povedie k v\u00fdznamn\u00fdm poruch\u00e1m. Vizu\u00e1lne kontroly netesnost\u00ed, nezvy\u010dajn\u00fdch zvukov a probl\u00e9mov s v\u00fdkonom by mali by\u0165 s\u00fa\u010das\u0165ou pravideln\u00e9ho pl\u00e1nu \u00fadr\u017eby.<\/li>\n<li><strong>Vhodn\u00e9 mazanie:<\/strong> Zabezpe\u010denie spr\u00e1vneho mazania hydraulick\u00e9ho syst\u00e9mu pom\u00e1ha predch\u00e1dza\u0165 nadmern\u00e9mu opotrebovaniu tesnen\u00ed a pohybliv\u00fdch komponentov. Pravidelne kontrolujte hladiny kvapal\u00edn a pod\u013ea potreby ich dop\u013a\u0148ajte, aby ste udr\u017eali optim\u00e1lny v\u00fdkon.<\/li>\n<li><strong>V\u00fdmena tesnenia:<\/strong> Tesnenia by sa mali pravidelne kontrolova\u0165 a vymie\u0148a\u0165, ke\u010f sa objavia zn\u00e1mky opotrebovania. Spr\u00e1vne utesnenie je k\u013e\u00fa\u010dov\u00e9 pre udr\u017eanie hydraulick\u00e9ho tlaku a zabr\u00e1nenie \u00fanikom.<\/li>\n<\/ul>\n<h2>Pokyny na in\u0161tal\u00e1ciu<\/h2>\n<p>Spr\u00e1vna in\u0161tal\u00e1cia valca ramena je nevyhnutn\u00e1 pre jeho efekt\u00edvnu prev\u00e1dzku. Za\u010dnite t\u00fdm, \u017ee sa uist\u00edte, \u017ee v\u0161etky komponenty s\u00fa \u010dist\u00e9 a bez ne\u010dist\u00f4t. Valec spr\u00e1vne zarovnajte s mont\u00e1\u017enymi bodmi pomocou vhodn\u00fdch mont\u00e1\u017enych konzol na jeho upevnenie. Pred prev\u00e1dzkou je nevyhnutn\u00e9 skontrolova\u0165, \u010di s\u00fa hydraulick\u00e9 pripojenia pevn\u00e9 a bez \u00fanikov. Dodr\u017eiavajte \u0161pecifik\u00e1cie v\u00fdrobcu t\u00fdkaj\u00face sa nastavenia kr\u00fatiaceho momentu a zarovnania, aby ste predi\u0161li nespr\u00e1vnemu zarovnaniu, ktor\u00e9 by mohlo vies\u0165 k pred\u010dasn\u00e9mu opotrebovaniu alebo poruche. Po in\u0161tal\u00e1cii vykonajte d\u00f4kladn\u00fa kontrolu v\u0161etk\u00fdch pripojen\u00ed a otestujte valec v prev\u00e1dzkov\u00fdch podmienkach, aby ste sa uistili, \u017ee funguje spr\u00e1vne.<\/p>\n<h2>Be\u017en\u00e9 \u00falohy \u00fadr\u017eby<\/h2>\n<h3>Pravideln\u00e9 kontroly<\/h3>\n<p>Pravideln\u00e9 kontroly hydraulick\u00fdch valcov s\u00fa k\u013e\u00fa\u010dov\u00e9 pre identifik\u00e1ciu a rie\u0161enie potenci\u00e1lnych probl\u00e9mov sk\u00f4r, ako sa vyhrotia. Obsluha by mala po\u010das be\u017en\u00fdch kontrol h\u013eada\u0165 zn\u00e1mky opotrebovania, netesnost\u00ed alebo nezvy\u010dajn\u00fdch zvukov. Stanovenie pravideln\u00e9ho harmonogramu kontrol pom\u00e1ha zabezpe\u010di\u0165 r\u00fdchle vyrie\u0161enie ak\u00fdchko\u013evek men\u0161\u00edch probl\u00e9mov, \u010d\u00edm sa zachov\u00e1 \u00fa\u010dinnos\u0165 a bezpe\u010dnos\u0165 valca.<\/p>\n<h3>Spr\u00e1vne mazanie<\/h3>\n<p>Spr\u00e1vne mazanie hydraulick\u00fdch komponentov je nevyhnutn\u00e9 na minimaliz\u00e1ciu trenia a opotrebenia. Obsluha by mala zabezpe\u010di\u0165, aby bola hladina hydraulick\u00e9ho oleja udr\u017eiavan\u00e1 na spr\u00e1vnej \u00farovni a aby ho vymie\u0148ala pod\u013ea odpor\u00fa\u010dan\u00ed v\u00fdrobcu. Pravideln\u00e9 mazanie zabra\u0148uje prehriatiu a predl\u017euje \u017eivotnos\u0165 hydraulick\u00e9ho valca, \u010d\u00edm zabezpe\u010duje plynul\u00fd chod.<\/p>\n<h3>V\u00fdmena tesnenia a kontroly kalibr\u00e1cie<\/h3>\n<p>Pravideln\u00e1 v\u00fdmena tesnen\u00ed je k\u013e\u00fa\u010dom k udr\u017eaniu integrity hydraulick\u00e9ho syst\u00e9mu. Obsluha by mala sledova\u0165 netesnosti a tesnenia vymeni\u0165 sk\u00f4r, ako zlyhaj\u00fa. Kalibra\u010dn\u00e9 kontroly zabezpe\u010duj\u00fa, \u017ee valec pracuje v r\u00e1mci \u0161pecifikovan\u00fdch parametrov, \u010d\u00edm sa zvy\u0161uje v\u00fdkon a bezpe\u010dnos\u0165. Implement\u00e1cia \u0161trukt\u00farovan\u00e9ho programu \u00fadr\u017eby pom\u00e1ha skr\u00e1ti\u0165 prestoje a pred\u013a\u017ei\u0165 \u017eivotnos\u0165 hydraulick\u00e9ho zariadenia.<\/p>\n<p><img decoding=\"async\" src=\"https:\/\/www.hydraulic-cylinders.net\/wp-content\/uploads\/2025\/04\/songte-chushion-collar.webp\" alt=\"Vank\u00fa\u0161ov\u00fd golier\"><\/p>\n<h2>Bezpe\u010dnostn\u00e9 aspekty a faktory prostredia<\/h2>\n<p>Pri pou\u017e\u00edvan\u00ed hydraulick\u00fdch valcov je nevyhnutn\u00e9 dodr\u017eiava\u0165 bezpe\u010dnostn\u00e9 opatrenia na ochranu obsluhy a \u017eivotn\u00e9ho prostredia. Spr\u00e1vne \u0161kolenie v oblasti obsluhy hydraulick\u00fdch syst\u00e9mov m\u00f4\u017ee minimalizova\u0165 riziko neh\u00f4d. Pred pou\u017eit\u00edm zariadenia sa uistite, \u017ee v\u0161etky bezpe\u010dnostn\u00e9 zariadenia s\u00fa na mieste a funk\u010dn\u00e9. Obsluha by si mala by\u0165 vedom\u00e1 vplyvu hydraulickej kvapaliny na \u017eivotn\u00e9 prostredie a mala by zabezpe\u010di\u0165 dodr\u017eiavanie spr\u00e1vnych met\u00f3d likvid\u00e1cie, aby sa predi\u0161lo kontamin\u00e1cii a po\u0161kodeniu ekosyst\u00e9mu.<\/p>\n<h2>Diagnostika por\u00fach a be\u017en\u00e9 probl\u00e9my<\/h2>\n<ul>\n<li><strong>\u00danik hydraulickej kvapaliny:<\/strong> Jedn\u00fdm z naj\u010dastej\u0161\u00edch probl\u00e9mov s hydraulick\u00fdmi valcami je \u00fanik. M\u00f4\u017ee k nemu d\u00f4js\u0165 v d\u00f4sledku opotrebovan\u00fdch tesnen\u00ed alebo po\u0161koden\u00fdch komponentov. Pravideln\u00e9 kontroly m\u00f4\u017eu pom\u00f4c\u0165 v\u010das odhali\u0165 \u00faniky a zabr\u00e1ni\u0165 tak \u010fal\u0161iemu po\u0161kodeniu.<\/li>\n<li><strong>Zn\u00ed\u017een\u00fd v\u00fdkon:<\/strong> Ak hydraulick\u00fd valec nereaguje pod\u013ea o\u010dak\u00e1vania, m\u00f4\u017ee to znamena\u0165 n\u00edzku hladinu hydraulickej kvapaliny alebo vn\u00fatorn\u00e9 po\u0161kodenie. Skontrolujte hladiny kvapal\u00edn a skontrolujte valec, \u010di nevykazuje zn\u00e1mky opotrebovania alebo po\u0161kodenia.<\/li>\n<li><strong>Prehriatie:<\/strong> K prehriatiu m\u00f4\u017ee d\u00f4js\u0165 v d\u00f4sledku nedostato\u010dn\u00e9ho mazania alebo nadmern\u00e9ho za\u0165a\u017eenia. Zabezpe\u010denie spr\u00e1vnej hladiny kvapal\u00edn a vyh\u00fdbanie sa pre\u0165a\u017eeniu syst\u00e9mu m\u00f4\u017ee tomuto probl\u00e9mu pred\u00eds\u0165.<\/li>\n<\/ul>\n<h2>Tipy na rie\u0161enie probl\u00e9mov<\/h2>\n<p>Aby sa efekt\u00edvne diagnostikovali a rie\u0161ili probl\u00e9my s hydraulick\u00fdmi valcami, oper\u00e1tori by mali postupova\u0165 systematicky. Za\u010dnite kontrolou hladiny hydraulickej kvapaliny a kontrolou netesnost\u00ed. Ak s\u00fa pr\u00edtomn\u00e9 netesnosti, pod\u013ea potreby vyme\u0148te tesnenia a komponenty. Ak\u00e9ko\u013evek mechanick\u00e9 probl\u00e9my rie\u0161te kontrolou v\u0161etk\u00fdch pohybliv\u00fdch \u010dast\u00ed, \u010di nie s\u00fa opotrebovan\u00e9 alebo po\u0161koden\u00e9. Zav\u00e1dzajte prevent\u00edvne opatrenia, ako je pravideln\u00e1 \u00fadr\u017eba a kontroly, aby ste minimalizovali riziko bud\u00facich probl\u00e9mov.<\/p>\n<p><img decoding=\"async\" src=\"https:\/\/www.hydraulic-cylinders.net\/wp-content\/uploads\/2025\/04\/songte-bushings-with-all-kinds-of-excavator-models.webp\" alt=\"Puzdr\u00e1\"><\/p>\n<h2>O na\u0161ej spolo\u010dnosti<\/h2>\n<p>Sme popredn\u00fdm v\u00fdrobcom n\u00e1hradn\u00fdch hydraulick\u00fdch valcov a poskytujeme \u0161irok\u00fa \u0161k\u00e1lu produktov pre dom\u00e1ci aj medzin\u00e1rodn\u00fd trh. N\u00e1\u0161 z\u00e1v\u00e4zok k excelentnosti sa odr\u00e1\u017ea v na\u0161ej prepracovanej strat\u00e9gii riadenia v\u00fdroby a modern\u00fdch v\u00fdrobn\u00fdch zariadeniach. So zameran\u00edm na vysoko kvalitn\u00e9 remeseln\u00e9 spracovanie vyu\u017e\u00edvame kvalifikovan\u00fd person\u00e1l, najmodernej\u0161ie digit\u00e1lne v\u00fdrobn\u00e9 zariadenia a profesion\u00e1lne testovacie syst\u00e9my na zlep\u0161enie na\u0161ich v\u00fdrobn\u00fdch kapac\u00edt. Na\u0161a rozsiahla inova\u010dn\u00e1 kapacita n\u00e1m umo\u017e\u0148uje uspokojova\u0165 rozmanit\u00e9 potreby z\u00e1kazn\u00edkov s vysokou efektivitou a presnos\u0165ou.<\/p>\n<p><img decoding=\"async\" src=\"https:\/\/www.hydraulic-cylinders.net\/wp-content\/uploads\/2025\/04\/songte-company-4.webp\" alt=\"Preh\u013ead spolo\u010dnosti\"><br \/>\n<img decoding=\"async\" src=\"https:\/\/www.hydraulic-cylinders.net\/wp-content\/uploads\/2025\/04\/songte-company-3.webp\" alt=\"V\u00fdrobn\u00e9 zariadenie\"><\/p>\n<p>Na\u0161a spolo\u010dnos\u0165 sa p\u00fd\u0161i profesionalitou, medzin\u00e1rodn\u00fdmi certifik\u00e1ciami, slu\u017ebami na mieru, modern\u00fdm v\u00fdrobn\u00fdm vybaven\u00edm a v\u00fdnimo\u010dnou popredajnou podporou. Sna\u017e\u00edme sa poskytova\u0165 na\u0161im klientom tie najlep\u0161ie mo\u017en\u00e9 produkty a slu\u017eby a zabezpe\u010dova\u0165 spokojnos\u0165 a spo\u013eahlivos\u0165 pri ka\u017edej interakcii.<\/p>\n<p>Autor: lyl<\/p>","protected":false},"excerpt":{"rendered":"<p>Boom Cylinder For XCMG Middle Excavator XE210 Product Overview The Boom Cylinder for XCMG Middle Excavator XE210 is a vital component designed to enhance the operational capabilities of excavators. This hydraulic cylinder plays a crucial role in controlling the movement of the excavator\u2019s boom, enabling it to lift, lower, and tilt efficiently. By facilitating these [&hellip;]<\/p>","protected":false},"featured_media":17878,"comment_status":"open","ping_status":"closed","template":"","meta":{"_et_pb_use_builder":"","_et_pb_old_content":"","_et_gb_content_width":""},"product_brand":[],"product_cat":[1546],"product_tag":[1547,1496],"class_list":{"0":"post-19192","1":"product","2":"type-product","3":"status-publish","4":"has-post-thumbnail","6":"product_cat-boom-cylinders","7":"product_tag-boom-cylinders","8":"product_tag-hydraulic-cylinders","10":"first","11":"instock","12":"shipping-taxable","13":"product-type-simple"},"amp_enabled":true,"_links":{"self":[{"href":"https:\/\/www.hydraulic-cylinders.net\/sk\/wp-json\/wp\/v2\/product\/19192","targetHints":{"allow":["GET"]}}],"collection":[{"href":"https:\/\/www.hydraulic-cylinders.net\/sk\/wp-json\/wp\/v2\/product"}],"about":[{"href":"https:\/\/www.hydraulic-cylinders.net\/sk\/wp-json\/wp\/v2\/types\/product"}],"replies":[{"embeddable":true,"href":"https:\/\/www.hydraulic-cylinders.net\/sk\/wp-json\/wp\/v2\/comments?post=19192"}],"wp:featuredmedia":[{"embeddable":true,"href":"https:\/\/www.hydraulic-cylinders.net\/sk\/wp-json\/wp\/v2\/media\/17878"}],"wp:attachment":[{"href":"https:\/\/www.hydraulic-cylinders.net\/sk\/wp-json\/wp\/v2\/media?parent=19192"}],"wp:term":[{"taxonomy":"product_brand","embeddable":true,"href":"https:\/\/www.hydraulic-cylinders.net\/sk\/wp-json\/wp\/v2\/product_brand?post=19192"},{"taxonomy":"product_cat","embeddable":true,"href":"https:\/\/www.hydraulic-cylinders.net\/sk\/wp-json\/wp\/v2\/product_cat?post=19192"},{"taxonomy":"product_tag","embeddable":true,"href":"https:\/\/www.hydraulic-cylinders.net\/sk\/wp-json\/wp\/v2\/product_tag?post=19192"}],"curies":[{"name":"pracovn\u00fd list","href":"https:\/\/api.w.org\/{rel}","templated":true}]}}