{"id":19194,"date":"2025-04-07T06:17:29","date_gmt":"2025-04-07T06:17:29","guid":{"rendered":"https:\/\/www.hydraulic-cylinders.net\/product\/boom-cylinder-for-xcmg-middle-excavator-xe235c\/"},"modified":"2025-04-07T06:17:31","modified_gmt":"2025-04-07T06:17:31","slug":"boom-cylinder-for-xcmg-middle-excavator-xe235c","status":"publish","type":"product","link":"https:\/\/www.hydraulic-cylinders.net\/sk\/produkt\/boom-cylinder-for-xcmg-middle-excavator-xe235c\/","title":{"rendered":"Valec v\u00fdlo\u017en\u00edka pre stredn\u00e9 r\u00fdpadlo XCMG XE235C"},"content":{"rendered":"<h1>Valec v\u00fdlo\u017en\u00edka pre stredn\u00e9 r\u00fdpadlo XCMG XE235C<\/h1>\n<h2>\u00davod do valca v\u00fdlo\u017en\u00edka<\/h2>\n<p>Hydraulick\u00fd valec v\u00fdlo\u017en\u00edka je z\u00e1kladn\u00fd hydraulick\u00fd komponent \u0161peci\u00e1lne navrhnut\u00fd na ovl\u00e1danie pohybu ly\u017eice v \u0165a\u017ek\u00fdch strojoch, ako s\u00fa bagre, r\u00fdpadl\u00e1-naklada\u010de a \u010deln\u00e9 naklada\u010de. Umo\u017e\u0148uje ly\u017eici zdv\u00edha\u0165, sp\u00fa\u0161\u0165a\u0165 a nakl\u00e1\u0148a\u0165, \u010do u\u013eah\u010duje efekt\u00edvnu manipul\u00e1ciu s materi\u00e1lom. V hydraulick\u00fdch syst\u00e9moch zohr\u00e1vaj\u00fa valce v\u00fdlo\u017en\u00edka d\u00f4le\u017eit\u00fa \u00falohu pri premene hydraulick\u00e9ho tlaku na mechanick\u00fa silu, ktor\u00e1 je nevyhnutn\u00e1 na vykon\u00e1vanie r\u00f4znych oper\u00e1ci\u00ed v stavebn\u00edctve a priemyseln\u00fdch aplik\u00e1ci\u00e1ch. Tieto valce s\u00fa navrhnut\u00e9 tak, aby odol\u00e1vali vysok\u00e9mu tlaku a \u0165a\u017ek\u00fdm za\u0165a\u017eeniam, v\u010faka \u010domu s\u00fa nevyhnutn\u00e9 v mnoh\u00fdch stroj\u00e1rskych aplik\u00e1ci\u00e1ch.<\/p>\n<p><img decoding=\"async\" src=\"https:\/\/www.hydraulic-cylinders.net\/wp-content\/uploads\/2025\/04\/songte-company-1.webp\" alt=\"Valec v\u00fdlo\u017en\u00edka\"><\/p>\n<h2>K\u013e\u00fa\u010dov\u00e9 vlastnosti valca ramena<\/h2>\n<ul>\n<li><strong>Vysok\u00e1 pevnos\u0165 a odolnos\u0165:<\/strong> Valec v\u00fdlo\u017en\u00edka, zvy\u010dajne vyroben\u00fd z vysokopevnostnej ocele alebo hlin\u00edka, znesie vysok\u00fd tlak a \u0165a\u017ek\u00e9 za\u0165a\u017eenie. Jeho kon\u0161trukcia zoh\u013ead\u0148uje odolnos\u0165 vo\u010di opotrebovaniu a kor\u00f3zii, \u010do zais\u0165uje dlh\u00fa \u017eivotnos\u0165.<\/li>\n<li><strong>Efekt\u00edvna hydraulick\u00e1 prev\u00e1dzka:<\/strong> Valec vyu\u017e\u00edva hydraulick\u00fd tlak oleja pre plynul\u00e9 vys\u00favanie a zas\u00favanie, \u010do umo\u017e\u0148uje r\u00fdchle reakcie na ovl\u00e1dacie povely a z\u00e1rove\u0148 poskytuje siln\u00fa \u0165a\u017en\u00fa a tla\u010dn\u00fa silu, ide\u00e1lnu pre \u0165a\u017ek\u00e9 a zlo\u017eit\u00e9 oper\u00e1cie.<\/li>\n<li><strong>R\u00f4zne typy:<\/strong> K dispoz\u00edcii s\u00fa mo\u017enosti pre jedno\u010dinn\u00e9 (hydraulick\u00fd \u00fa\u010dinok v jednom smere) alebo dvoj\u010dinn\u00e9 (hydraulick\u00fd \u00fa\u010dinok v oboch smeroch) valce, ktor\u00e9 sp\u013a\u0148aj\u00fa r\u00f4zne prev\u00e1dzkov\u00e9 potreby. Niektor\u00e9 modely s\u00fa teleskopick\u00e9, \u010do umo\u017e\u0148uje v\u00e4\u010d\u0161ie vysunutie bez zv\u00e4\u010d\u0161enia vonkaj\u0161\u00edch rozmerov, a s\u00fa vhodn\u00e9 pre aplik\u00e1cie s obmedzen\u00fdm priestorom.<\/li>\n<li><strong>Kompatibilita:<\/strong> Na\u0161e produkty s\u00fa navrhnut\u00e9 tak, aby dokonale nahradili r\u00f4zne hydraulick\u00e9 valce a zabezpe\u010dili bezprobl\u00e9mov\u00fa integr\u00e1ciu s existuj\u00facimi strojmi.<\/li>\n<li><strong>Rie\u0161enia na mieru:<\/strong> Pon\u00fakame rie\u0161enia \u0161it\u00e9 na mieru na z\u00e1klade \u0161pecifick\u00fdch prev\u00e1dzkov\u00fdch po\u017eiadaviek, \u010d\u00edm zabezpe\u010dujeme spr\u00e1vne prisp\u00f4sobenie pre ka\u017ed\u00fa aplik\u00e1ciu.<\/li>\n<\/ul>\n<p><img decoding=\"async\" src=\"https:\/\/www.hydraulic-cylinders.net\/wp-content\/uploads\/2025\/04\/songte-cylinder-head-with-all-kinds-excavator-models.webp\" alt=\"Kompatibilita valca ramena\"><\/p>\n<h2>Scen\u00e1re aplik\u00e1ci\u00ed<\/h2>\n<h3>Stavebn\u00e9 stroje<\/h3>\n<p>V r\u00fdpadl\u00e1ch je valec v\u00fdlo\u017en\u00edka k\u013e\u00fa\u010dov\u00fd pre kopanie, nakladanie a premiest\u0148ovanie zeminy alebo sutiny. Poskytuje potrebn\u00fa silu, aby ly\u017eica efekt\u00edvne prenikla do zeme, v\u010faka \u010domu je d\u00f4le\u017eitou s\u00fa\u010das\u0165ou v\u00fdkopov\u00fdch \u00faloh. Pri pou\u017eit\u00ed v r\u00fdpadlov\u00fdch naklada\u010doch prispieva valec v\u00fdlo\u017en\u00edka k kopaniu aj zdv\u00edhaniu, \u010d\u00edm zvy\u0161uje v\u0161estrannos\u0165 stroja.<\/p>\n<h3>Po\u013enohospod\u00e1rske stroje<\/h3>\n<p>V \u010deln\u00fdch naklada\u010doch sa valce v\u00fdlo\u017en\u00edka pou\u017e\u00edvaj\u00fa na naberanie, zdv\u00edhanie a prepravu p\u00f4dy, sena a in\u00fdch materi\u00e1lov. Ich schopnos\u0165 manipulova\u0165 s \u0165a\u017ek\u00fdmi bremenami a vykon\u00e1va\u0165 r\u00f4zne man\u00e9vre ich rob\u00ed neocenite\u013en\u00fdmi v po\u013enohospod\u00e1rskom prostred\u00ed, preto\u017ee zefekt\u00edv\u0148uj\u00fa \u00falohy, ako je nakladanie a vykladanie materi\u00e1lu.<\/p>\n<h3>R\u00fdpadl\u00e1<\/h3>\n<p>Valec v\u00fdlo\u017en\u00edka umo\u017e\u0148uje ly\u017eici efekt\u00edvne prenika\u0165 do p\u00f4dy, \u010do u\u013eah\u010duje kopanie, ktor\u00e9 je nevyhnutn\u00e9 pre r\u00f4zne stavebn\u00e9 a krajin\u00e1rske projekty. Jeho \u00fa\u010dinnos\u0165 priamo ovplyv\u0148uje produktivitu a prev\u00e1dzkov\u00fd \u00faspech pri v\u00fdkopov\u00fdch pr\u00e1cach.<\/p>\n<h3>Naklada\u010de<\/h3>\n<p>V \u010deln\u00fdch naklada\u010doch pom\u00e1haj\u00fa valce v\u00fdlo\u017en\u00edka efekt\u00edvne zdv\u00edha\u0165 a vyklada\u0165 materi\u00e1ly. Umo\u017e\u0148uj\u00fa naklada\u010du manipulova\u0165 s \u0165a\u017ek\u00fdmi bremenami, v\u010faka \u010domu s\u00fa nevyhnutn\u00e9 pre \u00falohy, ako je preprava kameniva, zeminy a in\u00fdch \u0165a\u017ek\u00fdch materi\u00e1lov.<\/p>\n<h2>\u00davahy o dizajne a \u0161tandardy v\u00fdberu<\/h2>\n<h3>Nosnos\u0165<\/h3>\n<p>Pri navrhovan\u00ed valca v\u00fdlo\u017en\u00edka je nosnos\u0165 prvorad\u00e1. Mus\u00ed by\u0165 schopn\u00fd zvl\u00e1dnu\u0165 maxim\u00e1lne o\u010dak\u00e1van\u00e9 za\u0165a\u017eenie po\u010das prev\u00e1dzky bez poruchy. To zah\u0155\u0148a zoh\u013eadnenie faktorov, ako je hmotnos\u0165 manipulovan\u00fdch materi\u00e1lov a prev\u00e1dzkov\u00e9 prostredie.<\/p>\n<h3>Tesnenie<\/h3>\n<p>\u00da\u010dinn\u00e9 utesnenie je nevyhnutn\u00e9 na zabr\u00e1nenie \u00faniku hydraulickej kvapaliny, \u010do m\u00f4\u017ee ohrozi\u0165 v\u00fdkon a bezpe\u010dnos\u0165. Integrita tesnen\u00ed, ako s\u00fa tesnenia piestov a ty\u010d\u00ed, zais\u0165uje optim\u00e1lnu prev\u00e1dzku a predl\u017euje \u017eivotnos\u0165 valca.<\/p>\n<h3>Trvanlivos\u0165<\/h3>\n<p>Pre valce ramena, ktor\u00e9 pracuj\u00fa v n\u00e1ro\u010dn\u00fdch podmienkach, je \u017eivotnos\u0165 nevyhnutn\u00e1. Pou\u017eit\u00e9 materi\u00e1ly a povrchov\u00e9 \u00fapravy by mali by\u0165 odoln\u00e9 vo\u010di oderu a kor\u00f3zii, aby sa pred\u013a\u017eila ich \u017eivotnos\u0165, najm\u00e4 pri vonkaj\u0161\u00edch aplik\u00e1ci\u00e1ch vystaven\u00fdch poveternostn\u00fdm vplyvom.<\/p>\n<h3>Bezpe\u010dnos\u0165<\/h3>\n<p>Bezpe\u010dnos\u0165 je k\u013e\u00fa\u010dov\u00fdm faktorom pri kon\u0161trukcii valcov v\u00fdlo\u017en\u00edka. Na ochranu obsluhy aj strojov musia by\u0165 integrovan\u00e9 primeran\u00e9 bezpe\u010dnostn\u00e9 prvky. Patria sem pretlakov\u00e9 ventily a mechanizmy n\u00fadzov\u00e9ho zastavenia, aby sa predi\u0161lo nehod\u00e1m po\u010das prev\u00e1dzky.<\/p>\n<h3>\u00dadr\u017eba<\/h3>\n<p>Navrhovanie s oh\u013eadom na jednoduch\u00fa \u00fadr\u017ebu je d\u00f4le\u017eit\u00e9, aby sa zabezpe\u010dilo, \u017ee valce je mo\u017en\u00e9 servisova\u0165 bez rozsiahlych prestojov. Patria sem aj funkcie, ktor\u00e9 umo\u017e\u0148uj\u00fa jednoduch\u00fd pr\u00edstup k vn\u00fatorn\u00fdm komponentom na opravu alebo v\u00fdmenu.<\/p>\n<p><img decoding=\"async\" src=\"https:\/\/www.hydraulic-cylinders.net\/wp-content\/uploads\/2025\/04\/songte-oil-pipes-and-spare-parts.webp\" alt=\"Komponenty hydraulick\u00e9ho valca\"><\/p>\n<h2>Tesnenie a mazanie valcov v\u00fdlo\u017en\u00edka<\/h2>\n<p>Spr\u00e1vne tesnenie a mazanie s\u00fa nevyhnutn\u00e9 pre v\u00fdkon a dlh\u00fa \u017eivotnos\u0165 valcov v\u00fdlo\u017en\u00edka. Na zabr\u00e1nenie \u00faniku hydraulickej kvapaliny sa pou\u017e\u00edvaj\u00fa r\u00f4zne tesnenia, ako s\u00fa tesnenia piestov a tesnenia ty\u010d\u00ed. Tesnenia vyroben\u00e9 z materi\u00e1lov odoln\u00fdch vo\u010di opotrebovaniu, ako je polyuret\u00e1n a nitrilov\u00e1 guma, s\u00fa uprednost\u0148ovan\u00e9 pre svoju odolnos\u0165.<\/p>\n<p>Teleso valca a z\u00e1vitov\u00e9 konce s\u00fa jemne opracovan\u00e9 pre zv\u00fd\u0161enie odolnosti vo\u010di opotrebovaniu a zabezpe\u010duj\u00fa, \u017ee vydr\u017eia n\u00e1ro\u010dn\u00e9 prev\u00e1dzkov\u00e9 podmienky. Pravideln\u00e9 dop\u013a\u0148anie hydraulick\u00e9ho oleja na mazanie je nevyhnutn\u00e9 pre udr\u017eanie hladk\u00e9ho chodu a zabr\u00e1nenie pred\u010dasn\u00e9mu opotrebovaniu vn\u00fatorn\u00fdch komponentov.<\/p>\n<h2>Opatrenia prevent\u00edvnej \u00fadr\u017eby<\/h2>\n<ul>\n<li><strong>Pravideln\u00e9 kontroly:<\/strong> Vykon\u00e1vajte pravideln\u00e9 kontroly, aby ste identifikovali ak\u00e9ko\u013evek zn\u00e1mky opotrebovania alebo po\u0161kodenia. Tento proakt\u00edvny pr\u00edstup m\u00f4\u017ee pom\u00f4c\u0165 rie\u0161i\u0165 probl\u00e9my sk\u00f4r, ako poved\u00fa k z\u00e1va\u017en\u00fdm poruch\u00e1m.<\/li>\n<li><strong>Spr\u00e1vne mazanie:<\/strong> Zabezpe\u010dte, aby sa do valca pravidelne prid\u00e1val hydraulick\u00fd olej, aby sa udr\u017ealo mazanie, zabr\u00e1nilo sa opotrebovaniu a zachovala sa \u00fa\u010dinnos\u0165.<\/li>\n<li><strong>V\u00fdmena tesnenia:<\/strong> Pravidelne kontrolujte a pod\u013ea potreby vymie\u0148ajte tesnenia, aby ste predi\u0161li \u00fanikom a udr\u017eali hydraulick\u00fd tlak.<\/li>\n<\/ul>\n<h2>Pokyny na in\u0161tal\u00e1ciu<\/h2>\n<p>In\u0161tal\u00e1cia valca ramena si vy\u017eaduje d\u00f4kladn\u00fa pozornos\u0165, aby sa zabezpe\u010dil optim\u00e1lny v\u00fdkon. Tu s\u00fa kroky pre spr\u00e1vnu in\u0161tal\u00e1ciu:<\/p>\n<ol>\n<li><strong>Pr\u00edprava:<\/strong> Pred in\u0161tal\u00e1ciou sa uistite, \u017ee v\u0161etky mont\u00e1\u017ene konzoly a pr\u00edslu\u0161enstvo s\u00fa v dobrom stave.<\/li>\n<li><strong>Zarovnanie:<\/strong> Valec spr\u00e1vne zarovnajte s upev\u0148ovac\u00edmi bodmi, aby ste predi\u0161li nam\u00e1haniu tesnen\u00ed a pred\u010dasn\u00e9mu opotrebovaniu.<\/li>\n<li><strong>Bezpe\u010dn\u00e1 mont\u00e1\u017e:<\/strong> Na pevn\u00e9 upevnenie valca na mieste pou\u017eite vhodn\u00e9 mont\u00e1\u017ene konzoly, ktor\u00e9 zabezpe\u010dia stabilitu po\u010das prev\u00e1dzky.<\/li>\n<li><strong>Hydraulick\u00e9 pripojenia:<\/strong> Pripojte hydraulick\u00e9 hadice k valcu a uistite sa, \u017ee v\u0161etky spoje s\u00fa tesn\u00e9 a bez \u00fanikov.<\/li>\n<li><strong>Testovanie:<\/strong> Po in\u0161tal\u00e1cii otestujte valec za norm\u00e1lnych prev\u00e1dzkov\u00fdch podmienok, aby ste overili jeho v\u00fdkon a skontrolovali pr\u00edpadn\u00e9 netesnosti.<\/li>\n<\/ol>\n<h2>Be\u017en\u00e9 \u00falohy \u00fadr\u017eby<\/h2>\n<ul>\n<li><strong>Pravideln\u00e9 kontroly:<\/strong> \u010cast\u00e9 kontroly zn\u00e1mok opotrebenia alebo ak\u00fdchko\u013evek potenci\u00e1lnych probl\u00e9mov s\u00fa nevyhnutn\u00e9 pre udr\u017eanie v\u00fdkonu valca.<\/li>\n<li><strong>Spr\u00e1vne mazanie:<\/strong> Zabezpe\u010denie dostato\u010dn\u00e9ho mazania je k\u013e\u00fa\u010dov\u00e9 pre minimaliz\u00e1ciu trenia a opotrebovania vn\u00fatorn\u00fdch komponentov, \u010d\u00edm sa pred\u013a\u017ei \u017eivotnos\u0165 valca.<\/li>\n<li><strong>V\u00fdmena tesnen\u00ed a kalibr\u00e1cie:<\/strong> Pravidelne vymie\u0148ajte tesnenia pod\u013ea potreby a vykon\u00e1vajte kalibra\u010dn\u00e9 kontroly, aby ste zabezpe\u010dili spr\u00e1vnu prev\u00e1dzku hydraulick\u00e9ho syst\u00e9mu.<\/li>\n<\/ul>\n<h2>Bezpe\u010dnostn\u00e9 aspekty a faktory prostredia<\/h2>\n<p>Pri manipul\u00e1cii s valcami v\u00fdlo\u017en\u00edka je implement\u00e1cia bezpe\u010dnostn\u00fdch opatren\u00ed k\u013e\u00fa\u010dov\u00e1. Obsluha by si mala by\u0165 vedom\u00e1 potenci\u00e1lnych nebezpe\u010denstiev spojen\u00fdch s hydraulick\u00fdmi syst\u00e9mami, ako s\u00fa napr\u00edklad tlakov\u00e9 v\u00fdbuchy alebo \u00faniky kvapal\u00edn. Zabezpe\u010denie riadneho \u0161kolenia a dodr\u017eiavanie bezpe\u010dnostn\u00fdch protokolov pom\u00e1ha zmierni\u0165 rizik\u00e1. Okrem toho je pre bezpe\u010dn\u00fa manipul\u00e1ciu a pou\u017e\u00edvanie strojov nevyhnutn\u00e9 zoh\u013eadni\u0165 faktory prostredia po\u010das prev\u00e1dzky, ako s\u00fa poveternostn\u00e9 podmienky a ter\u00e9n.<\/p>\n<h2>Diagnostika por\u00fach a be\u017en\u00e9 probl\u00e9my<\/h2>\n<ul>\n<li><strong>Netesn\u00e9 tesnenia:<\/strong> Jedn\u00fdm z be\u017en\u00fdch probl\u00e9mov je \u00fanik hydraulickej kvapaliny, \u010dasto sp\u00f4soben\u00fd opotrebovan\u00fdmi alebo po\u0161koden\u00fdmi tesneniami. Pravideln\u00e1 kontrola m\u00f4\u017ee pom\u00f4c\u0165 odhali\u0165 tento probl\u00e9m v\u010das.<\/li>\n<li><strong>Zn\u00ed\u017een\u00fd v\u00fdkon:<\/strong> Zn\u00ed\u017eenie odozvy valca m\u00f4\u017ee nazna\u010dova\u0165 vn\u00fatorn\u00e9 opotrebenie alebo kontamin\u00e1ciu hydraulickej kvapaliny.<\/li>\n<li><strong>Zvl\u00e1\u0161tne zvuky:<\/strong> Nezvy\u010dajn\u00e9 zvuky po\u010das prev\u00e1dzky m\u00f4\u017eu signalizova\u0165 mechanick\u00e9 probl\u00e9my alebo nespr\u00e1vne mazanie.<\/li>\n<\/ul>\n<h2>Tipy na rie\u0161enie probl\u00e9mov<\/h2>\n<p>Na efekt\u00edvnu diagnostiku a rie\u0161enie probl\u00e9mov s valcom v\u00fdlo\u017en\u00edka:<\/p>\n<ul>\n<li>Vykon\u00e1vajte pravideln\u00e9 kontroly, aby ste v\u010das odhalili potenci\u00e1lne probl\u00e9my.<\/li>\n<li>Udr\u017eiavajte hydraulick\u00fd syst\u00e9m \u010dist\u00fd, aby ste predi\u0161li jeho kontamin\u00e1cii.<\/li>\n<li>Uistite sa, \u017ee v\u0161etky spoje a armat\u00fary s\u00fa pevn\u00e9 a bezpe\u010dn\u00e9.<\/li>\n<\/ul>\n<p>Zavedenie prevent\u00edvnych opatren\u00ed m\u00f4\u017ee v\u00fdrazne zn\u00ed\u017ei\u0165 pravdepodobnos\u0165 z\u00e1va\u017en\u00fdch probl\u00e9mov, zabezpe\u010di\u0165 bezprobl\u00e9mov\u00fa prev\u00e1dzku a pred\u013a\u017ei\u0165 \u017eivotnos\u0165 zariadenia.<\/p>\n<p><img decoding=\"async\" src=\"https:\/\/www.hydraulic-cylinders.net\/wp-content\/uploads\/2025\/04\/songte-bushings-with-all-kinds-of-excavator-models.webp\" alt=\"Komponenty valca v\u00fdlo\u017en\u00edka\"><\/p>\n<h2>O na\u0161ej spolo\u010dnosti<\/h2>\n<p>Sme popredn\u00fdm v\u00fdrobcom a ve\u013ekoobchodn\u00edkom hydraulick\u00fdch valcov, \u0161pecializuj\u00facim sa na n\u00e1hradn\u00e9 diely. N\u00e1\u0161 rozsiahly sortiment produktov n\u00e1s rad\u00ed medzi popredn\u00fdch v\u00fdrobcov na dom\u00e1com aj medzin\u00e1rodnom trhu. Dodr\u017eiavame vynikaj\u00facu kvalitu, ktor\u00fa podporuje prepracovan\u00e1 v\u00fdrobn\u00e1 strat\u00e9gia s d\u00f4razom na priemyseln\u00e9 riadenie v\u00fdroby.<\/p>\n<p>Na\u0161e najmodernej\u0161ie v\u00fdrobn\u00e9 zariadenia vyu\u017e\u00edvaj\u00fa kvalifikovan\u00fdch technikov, \u0161pi\u010dkov\u00e9 digit\u00e1lne vybavenie a profesion\u00e1lne kontroln\u00e9 syst\u00e9my na zlep\u0161enie na\u0161ich v\u00fdrobn\u00fdch kapac\u00edt. Zaviazali sme sa k neust\u00e1lemu zlep\u0161ovaniu na\u0161ej v\u00fdrobnej platformy a zdokona\u013eovaniu v\u00fdrobn\u00e9ho postupu, aby sme zabezpe\u010dili vysoko kvalitn\u00e9 produkty, ktor\u00e9 sp\u013a\u0148aj\u00fa rozmanit\u00e9 potreby z\u00e1kazn\u00edkov.<\/p>\n<p>N\u00e1\u0161 d\u00f4raz na profesionalitu, medzin\u00e1rodn\u00e9 certifik\u00e1cie, prisp\u00f4sobovacie slu\u017eby, modern\u00e9 v\u00fdrobn\u00e9 zariadenia a v\u00fdnimo\u010dn\u00fd popredajn\u00fd servis n\u00e1s odli\u0161uje od ostatn\u00fdch v tomto odvetv\u00ed.<\/p>\n<p><img decoding=\"async\" src=\"https:\/\/www.hydraulic-cylinders.net\/wp-content\/uploads\/2025\/04\/songte-company-4.webp\" alt=\"Preh\u013ead spolo\u010dnosti\"><br \/>\n<img decoding=\"async\" src=\"https:\/\/www.hydraulic-cylinders.net\/wp-content\/uploads\/2025\/04\/songte-company-3.webp\" alt=\"Infra\u0161trukt\u00fara spolo\u010dnosti\"><\/p>\n<p>Autor: lyl<\/p>","protected":false},"excerpt":{"rendered":"<p>Boom Cylinder For XCMG Middle Excavator XE235C Introduction to Boom Cylinder The Boom Cylinder is an essential hydraulic component specifically designed for controlling the motion of the bucket in heavy machinery like excavators, backhoes, and front loaders. It enables the bucket to lift, lower, and tilt, facilitating efficient material handling tasks. In hydraulic systems, boom [&hellip;]<\/p>","protected":false},"featured_media":17880,"comment_status":"open","ping_status":"closed","template":"","meta":{"_et_pb_use_builder":"","_et_pb_old_content":"","_et_gb_content_width":""},"product_brand":[],"product_cat":[1546],"product_tag":[1547,1496],"class_list":{"0":"post-19194","1":"product","2":"type-product","3":"status-publish","4":"has-post-thumbnail","6":"product_cat-boom-cylinders","7":"product_tag-boom-cylinders","8":"product_tag-hydraulic-cylinders","10":"first","11":"instock","12":"shipping-taxable","13":"product-type-simple"},"amp_enabled":true,"_links":{"self":[{"href":"https:\/\/www.hydraulic-cylinders.net\/sk\/wp-json\/wp\/v2\/product\/19194","targetHints":{"allow":["GET"]}}],"collection":[{"href":"https:\/\/www.hydraulic-cylinders.net\/sk\/wp-json\/wp\/v2\/product"}],"about":[{"href":"https:\/\/www.hydraulic-cylinders.net\/sk\/wp-json\/wp\/v2\/types\/product"}],"replies":[{"embeddable":true,"href":"https:\/\/www.hydraulic-cylinders.net\/sk\/wp-json\/wp\/v2\/comments?post=19194"}],"wp:featuredmedia":[{"embeddable":true,"href":"https:\/\/www.hydraulic-cylinders.net\/sk\/wp-json\/wp\/v2\/media\/17880"}],"wp:attachment":[{"href":"https:\/\/www.hydraulic-cylinders.net\/sk\/wp-json\/wp\/v2\/media?parent=19194"}],"wp:term":[{"taxonomy":"product_brand","embeddable":true,"href":"https:\/\/www.hydraulic-cylinders.net\/sk\/wp-json\/wp\/v2\/product_brand?post=19194"},{"taxonomy":"product_cat","embeddable":true,"href":"https:\/\/www.hydraulic-cylinders.net\/sk\/wp-json\/wp\/v2\/product_cat?post=19194"},{"taxonomy":"product_tag","embeddable":true,"href":"https:\/\/www.hydraulic-cylinders.net\/sk\/wp-json\/wp\/v2\/product_tag?post=19194"}],"curies":[{"name":"pracovn\u00fd list","href":"https:\/\/api.w.org\/{rel}","templated":true}]}}