{"id":19197,"date":"2025-04-07T06:17:36","date_gmt":"2025-04-07T06:17:36","guid":{"rendered":"https:\/\/www.hydraulic-cylinders.net\/product\/boom-cylinder-for-xcmg-large-excavator-xe470ck\/"},"modified":"2025-04-07T06:17:38","modified_gmt":"2025-04-07T06:17:38","slug":"boom-cylinder-for-xcmg-large-excavator-xe470ck","status":"publish","type":"product","link":"https:\/\/www.hydraulic-cylinders.net\/sk\/produkt\/boom-cylinder-for-xcmg-large-excavator-xe470ck\/","title":{"rendered":"Valec v\u00fdlo\u017en\u00edka pre ve\u013ek\u00e9 r\u00fdpadlo XCMG XE470CK"},"content":{"rendered":"<h1>Valec v\u00fdlo\u017en\u00edka pre ve\u013ek\u00e9 r\u00fdpadlo XCMG XE470CK<\/h1>\n<h2>Preh\u013ead produktu<\/h2>\n<p>Hydraulick\u00fd valec v\u00fdlo\u017en\u00edka pre ve\u013ek\u00e9 r\u00fdpadlo XCMG XE470CK je \u0161pecializovan\u00fd hydraulick\u00fd valec ur\u010den\u00fd na riadenie pohybu v\u00fdlo\u017en\u00edka r\u00fdpadla. Tento valec zohr\u00e1va k\u013e\u00fa\u010dov\u00fa \u00falohu v hydraulick\u00fdch syst\u00e9moch, preto\u017ee u\u013eah\u010duje zdv\u00edhanie, sp\u00fa\u0161\u0165anie a nakl\u00e1\u0148anie v\u00fdlo\u017en\u00edka, \u010do je nevyhnutn\u00e9 pre r\u00f4zne \u00falohy manipul\u00e1cie s materi\u00e1lom.<\/p>\n<p><img decoding=\"async\" src=\"https:\/\/www.hydraulic-cylinders.net\/wp-content\/uploads\/2025\/04\/songte-company-1.webp\" alt=\"Valec v\u00fdlo\u017en\u00edka pre bager\" \/><\/p>\n<h3>Defin\u00edcia a \u00fa\u010del<\/h3>\n<p>Hydraulick\u00fd valec v\u00fdlo\u017en\u00edka je typ hydraulick\u00e9ho valca, ktor\u00fd sa \u0161peci\u00e1lne pou\u017e\u00edva na ovl\u00e1danie pohybu ly\u017eice v \u0165a\u017ek\u00fdch strojoch, ako s\u00fa bagre, r\u00fdpadl\u00e1 a \u010deln\u00e9 naklada\u010de. Umo\u017e\u0148uje presn\u00e9 oper\u00e1cie a umo\u017e\u0148uje v\u00fdlo\u017en\u00edku vykon\u00e1va\u0165 funkcie, ako je kopanie, zdv\u00edhanie a premiest\u0148ovanie materi\u00e1lov. Jeho integr\u00e1cia do hydraulick\u00fdch syst\u00e9mov je nevyhnutn\u00e1, preto\u017ee zais\u0165uje plynul\u00fd chod pri vysokom tlaku a za\u0165a\u017een\u00ed. Kon\u0161trukcia valca v\u00fdlo\u017en\u00edka zoh\u013ead\u0148uje faktory, ako je pevnos\u0165, trvanlivos\u0165 a odolnos\u0165 vo\u010di opotrebovaniu, \u010d\u00edm sa predl\u017euje jeho \u017eivotnos\u0165 v n\u00e1ro\u010dn\u00fdch pracovn\u00fdch podmienkach.<\/p>\n<h2>Vlastnosti valca v\u00fdlo\u017en\u00edka<\/h2>\n<ul>\n<li><strong>Vysok\u00e1 pevnos\u0165 a odolnos\u0165:<\/strong> Valec v\u00fdlo\u017en\u00edka je vyroben\u00fd z vysokopevnostnej ocele alebo hlin\u00edka, tak\u017ee odol\u00e1 vysok\u00e9mu tlaku a \u0165a\u017ek\u00fdm za\u0165a\u017eeniam a z\u00e1rove\u0148 je odoln\u00fd vo\u010di opotrebovaniu a kor\u00f3zii.<\/li>\n<li><strong>Efekt\u00edvna hydraulick\u00e1 prev\u00e1dzka:<\/strong> Vyu\u017e\u00edva hydraulick\u00fd tlak oleja pre plynul\u00e9 vys\u00favanie a zas\u00favanie, r\u00fdchlo reaguje na ovl\u00e1dacie povely a poskytuje siln\u00e9 tla\u010dn\u00e9 a \u0165ahov\u00e9 sily, ide\u00e1lne na zvl\u00e1dnutie \u0165a\u017ek\u00fdch a zlo\u017eit\u00fdch \u00faloh.<\/li>\n<li><strong>R\u00f4zne typy:<\/strong> K dispoz\u00edcii s\u00fa v jedno\u010dinnom (vyu\u017e\u00edvaj\u00facom hydraulick\u00fd v\u00fdkon v jednom smere) alebo dvoj\u010dinnom (vyu\u017e\u00edvaj\u00facom hydraulick\u00fd v\u00fdkon v oboch smeroch) pre splnenie r\u00f4znych prev\u00e1dzkov\u00fdch potrieb, pri\u010dom niektor\u00e9 modely maj\u00fa teleskopick\u00fa kon\u0161trukciu pre roz\u0161\u00edren\u00fd dosah bez zv\u00e4\u010d\u0161enia vonkaj\u0161\u00edch rozmerov.<\/li>\n<\/ul>\n<h2>V\u00fdrobn\u00e1 kapacita<\/h2>\n<p>\u0160pecializujeme sa na v\u00fdrobu valcov v\u00fdlo\u017en\u00edka, \u010d\u00edm zabezpe\u010dujeme, \u017ee na\u0161e produkty dok\u00e1\u017eu dokonale nahradi\u0165 existuj\u00face hydraulick\u00e9 valce bez kompromisov v oblasti kvality alebo v\u00fdkonu.<\/p>\n<p><img decoding=\"async\" src=\"https:\/\/www.hydraulic-cylinders.net\/wp-content\/uploads\/2025\/04\/songte-cylinder-head-with-all-kinds-excavator-models.webp\" alt=\"Kompatibilita modelov bagrov\" \/><\/p>\n<h2>Aplik\u00e1cie valca v\u00fdlo\u017en\u00edka<\/h2>\n<h3>Stavebn\u00e9 stroje<\/h3>\n<p>V r\u00fdpadl\u00e1ch s\u00fa valce v\u00fdlo\u017en\u00edka nevyhnutn\u00e9 na kopanie, nakladanie a prepravu zeminy alebo sutiny. U\u013eah\u010duj\u00fa efekt\u00edvne v\u00fdkopov\u00e9 pr\u00e1ce t\u00fdm, \u017ee umo\u017e\u0148uj\u00fa ly\u017eici prenikn\u00fa\u0165 do zeme a efekt\u00edvne zdv\u00edha\u0165 materi\u00e1ly. V r\u00fdpadlo-naklada\u010doch valec v\u00fdlo\u017en\u00edka pom\u00e1ha pri v\u00fdkopov\u00fdch aj zdv\u00edhac\u00edch oper\u00e1ci\u00e1ch, \u010d\u00edm zvy\u0161uje produktivitu na stavenisk\u00e1ch.<\/p>\n<h3>Po\u013enohospod\u00e1rske stroje<\/h3>\n<p>V \u010deln\u00fdch naklada\u010doch sa valce v\u00fdlo\u017en\u00edka pou\u017e\u00edvaj\u00fa na naberanie, zdv\u00edhanie a prepravu p\u00f4dy, sena a in\u00fdch materi\u00e1lov. Ich schopnos\u0165 zvl\u00e1da\u0165 \u0165a\u017ek\u00e9 bremen\u00e1 ich rob\u00ed neocenite\u013en\u00fdmi v po\u013enohospod\u00e1rskych prev\u00e1dzkach, kde je efektivita k\u013e\u00fa\u010dov\u00e1 pri \u00faloh\u00e1ch, ako je siatie, zber \u00farody a preprava materi\u00e1lu.<\/p>\n<h3>R\u00fdpadl\u00e1<\/h3>\n<p>V r\u00fdpadl\u00e1ch umo\u017e\u0148uje valec v\u00fdlo\u017en\u00edka efekt\u00edvne prenikanie ly\u017eice do p\u00f4dy, \u010do umo\u017e\u0148uje r\u00fdchle a efekt\u00edvne kopanie. T\u00e1to funkcia je nevyhnutn\u00e1 v stavebn\u00fdch a zemn\u00fdch projektoch, kde \u010das a efekt\u00edvnos\u0165 priamo ovplyv\u0148uj\u00fa produktivitu a n\u00e1klady.<\/p>\n<h3>Naklada\u010de<\/h3>\n<p>V \u010deln\u00fdch naklada\u010doch valce v\u00fdlo\u017en\u00edka pom\u00e1haj\u00fa pri efekt\u00edvnom zdv\u00edhan\u00ed a vykladan\u00ed bremien. Ich kon\u0161trukcia zabezpe\u010duje, \u017ee zvl\u00e1dnu nam\u00e1hanie pri zdv\u00edhan\u00ed \u0165a\u017ek\u00fdch materi\u00e1lov a z\u00e1rove\u0148 si zachovaj\u00fa stabilitu a kontrolu po\u010das prev\u00e1dzky.<\/p>\n<h2>\u00davahy o dizajne<\/h2>\n<ul>\n<li><strong>Nosnos\u0165:<\/strong> Kon\u0161trukcia mus\u00ed zvl\u00e1dnu\u0165 maxim\u00e1lne za\u0165a\u017eenie, ktor\u00e9 valec znesie v re\u00e1lnych aplik\u00e1ci\u00e1ch, \u010d\u00edm sa zabezpe\u010d\u00ed bezpe\u010dnos\u0165 a spo\u013eahlivos\u0165.<\/li>\n<li><strong>Tesnenie:<\/strong> \u00da\u010dinn\u00e9 tesniace mechanizmy s\u00fa k\u013e\u00fa\u010dov\u00e9 pre zabr\u00e1nenie \u00faniku hydraulickej kvapaliny, \u010do m\u00f4\u017ee ohrozi\u0165 \u00fa\u010dinnos\u0165 syst\u00e9mu a vies\u0165 k poruch\u00e1m.<\/li>\n<li><strong>Trvanlivos\u0165:<\/strong> Pou\u017eit\u00e9 materi\u00e1ly a kon\u0161truk\u010dn\u00e9 techniky musia zv\u00fd\u0161i\u0165 odolnos\u0165 valca vo\u010di opotrebovaniu a environment\u00e1lnym faktorom, \u010d\u00edm sa predl\u017euje \u017eivotnos\u0165 v\u00fdrobku.<\/li>\n<li><strong>Bezpe\u010dnos\u0165:<\/strong> Mali by by\u0165 zabudovan\u00e9 bezpe\u010dnostn\u00e9 prvky na ochranu strojov aj obsluhy, aby sa minimalizovalo riziko neh\u00f4d po\u010das prev\u00e1dzky.<\/li>\n<li><strong>Udr\u017eiavate\u013enos\u0165:<\/strong> Kon\u0161trukcia by mala umo\u017e\u0148ova\u0165 jednoduch\u00fa \u00fadr\u017ebu a opravy vr\u00e1tane pr\u00edstupu na kontroly a v\u00fdmenu tesnen\u00ed a in\u00fdch komponentov.<\/li>\n<\/ul>\n<p><img decoding=\"async\" src=\"https:\/\/www.hydraulic-cylinders.net\/wp-content\/uploads\/2025\/04\/songte-oil-pipes-and-spare-parts.webp\" alt=\"Komponenty hydraulick\u00e9ho syst\u00e9mu\" \/><\/p>\n<h2>Tesnenie a mazanie<\/h2>\n<p>Spr\u00e1vne tesnenie a mazanie s\u00fa k\u013e\u00fa\u010dov\u00e9 pre efekt\u00edvnu prev\u00e1dzku valca v\u00fdlo\u017en\u00edka. Na zabr\u00e1nenie \u00faniku hydraulickej kvapaliny sa pou\u017e\u00edvaj\u00fa r\u00f4zne tesniace prvky, ako s\u00fa tesnenia piestov a tesnenia ty\u010d\u00ed. Tesnenia s\u00fa zvy\u010dajne vyroben\u00e9 z odoln\u00fdch materi\u00e1lov, ako je polyuret\u00e1n a nitrilov\u00fd kau\u010duk, ktor\u00e9 odol\u00e1vaj\u00fa opotrebovaniu a zhor\u0161ovaniu \u017eivotn\u00e9ho prostredia. Teleso valca a z\u00e1vitov\u00e9 konce s\u00fa jemne opracovan\u00e9, aby sa zv\u00fd\u0161ila odolnos\u0165. Pravideln\u00e9 mazanie hydraulick\u00fdm olejom je nevyhnutn\u00e9 pre udr\u017eanie hladk\u00e9ho chodu a pred\u013a\u017eenie \u017eivotnosti valca.<\/p>\n<h2>Opatrenia prevent\u00edvnej \u00fadr\u017eby<\/h2>\n<ul>\n<li><strong>Pravideln\u00e9 kontroly:<\/strong> Vykon\u00e1vanie pravideln\u00fdch kontrol pom\u00e1ha identifikova\u0165 opotrebovanie a potenci\u00e1lne poruchy sk\u00f4r, ako sa zhor\u0161ia, \u010d\u00edm sa zabezpe\u010d\u00ed optim\u00e1lny v\u00fdkon a bezpe\u010dnos\u0165.<\/li>\n<li><strong>Spr\u00e1vne mazanie:<\/strong> D\u00f4sledn\u00e9 mazanie pohybliv\u00fdch \u010dast\u00ed je nevyhnutn\u00e9 na zn\u00ed\u017eenie trenia, zabr\u00e1nenie opotrebovaniu a udr\u017eanie optim\u00e1lnej funkcie hydraulick\u00e9ho syst\u00e9mu.<\/li>\n<li><strong>V\u00fdmena tesnenia:<\/strong> Pravideln\u00e1 v\u00fdmena opotrebovan\u00fdch tesnen\u00ed m\u00f4\u017ee zabr\u00e1ni\u0165 \u00fanikom a udr\u017ea\u0165 \u00fa\u010dinnos\u0165 hydraulick\u00e9ho syst\u00e9mu.<\/li>\n<\/ul>\n<h2>Pokyny na in\u0161tal\u00e1ciu<\/h2>\n<p>Pri in\u0161tal\u00e1cii valca ramena dodr\u017eujte pre optim\u00e1lny v\u00fdkon tieto kroky:<\/p>\n<ol>\n<li><strong>Pr\u00edprava:<\/strong> Vy\u010distite miesto in\u0161tal\u00e1cie a uistite sa, \u017ee v\u0161etky povrchy s\u00fa bez ne\u010dist\u00f4t.<\/li>\n<li><strong>Zarovnanie:<\/strong> Valec spr\u00e1vne zarovnajte s mont\u00e1\u017enymi konzolami, aby ste predi\u0161li nadmern\u00e9mu nam\u00e1haniu valca.<\/li>\n<li><strong>Bezpe\u010dn\u00e1 mont\u00e1\u017e:<\/strong> Na pevn\u00e9 upevnenie valca na mieste pou\u017eite vhodn\u00e9 mont\u00e1\u017ene konzoly, aby ste predi\u0161li jeho pohybu po\u010das prev\u00e1dzky.<\/li>\n<li><strong>Hydraulick\u00e9 pripojenia:<\/strong> Pripojte hydraulick\u00e9 potrubia a uistite sa, \u017ee nie s\u00fa \u017eiadne netesnosti, a dodr\u017eiavajte pokyny v\u00fdrobcu t\u00fdkaj\u00face sa nastavenia kr\u00fatiaceho momentu.<\/li>\n<li><strong>Testovanie:<\/strong> Po in\u0161tal\u00e1cii vykonajte d\u00f4kladn\u00fd test, aby ste sa uistili o spr\u00e1vnej funkcii, a v pr\u00edpade potreby upravte v\u0161etky nastavenia.<\/li>\n<\/ol>\n<h2>Be\u017en\u00e9 \u00falohy \u00fadr\u017eby<\/h2>\n<ul>\n<li><strong>Pravideln\u00e9 kontroly:<\/strong> Pravideln\u00e9 kontroly zabezpe\u010duj\u00fa efekt\u00edvnu prev\u00e1dzku valca a pom\u00e1haj\u00fa odhali\u0165 probl\u00e9my sk\u00f4r, ako sa stan\u00fa v\u00e1\u017enymi.<\/li>\n<li><strong>Vhodn\u00e9 mazanie:<\/strong> Zabezpe\u010denie dobr\u00e9ho mazania valca zni\u017euje opotrebovanie a predl\u017euje jeho \u017eivotnos\u0165, preto je pravideln\u00e9 mazanie prioritou.<\/li>\n<li><strong>V\u00fdmena tesnenia:<\/strong> \u010cast\u00e9 kontroly opotrebovania tesnen\u00ed a v\u010dasn\u00e9 v\u00fdmeny pom\u00e1haj\u00fa udr\u017eiava\u0165 hydraulick\u00fa \u00fa\u010dinnos\u0165 a predch\u00e1dza\u0165 \u00fanikom.<\/li>\n<\/ul>\n<h2>Bezpe\u010dnostn\u00e9 aspekty<\/h2>\n<p>Pri pr\u00e1ci s hydraulick\u00fdmi valcami s\u00fa bezpe\u010dnostn\u00e9 opatrenia k\u013e\u00fa\u010dov\u00e9. Spr\u00e1vna manipul\u00e1cia vr\u00e1tane pou\u017e\u00edvania osobn\u00fdch ochrann\u00fdch prostriedkov (OOP) a dodr\u017eiavania bezpe\u010dnostn\u00fdch protokolov prev\u00e1dzky m\u00f4\u017ee zmierni\u0165 rizik\u00e1. Zabezpe\u010dte, aby boli v\u0161etci oper\u00e1tori vy\u0161kolen\u00ed v bezpe\u010dn\u00fdch prev\u00e1dzkov\u00fdch postupoch, aby sa predi\u0161lo nehod\u00e1m a zraneniam.<\/p>\n<h2>Diagnostika por\u00fach a be\u017en\u00e9 probl\u00e9my<\/h2>\n<ul>\n<li><strong>\u00daniky hydraulickej kvapaliny:<\/strong> H\u013eadajte zn\u00e1mky \u00faniku okolo tesnen\u00ed a spojov; to m\u00f4\u017ee nazna\u010dova\u0165 opotrebovan\u00e9 tesnenia alebo uvo\u013enen\u00e9 spoje.<\/li>\n<li><strong>Pomal\u00e1 prev\u00e1dzka:<\/strong> Ak valec pracuje pomaly, m\u00f4\u017ee to by\u0165 sp\u00f4soben\u00e9 n\u00edzkou hladinou hydraulickej kvapaliny alebo jej zne\u010disten\u00edm.<\/li>\n<li><strong>Neo\u010dak\u00e1van\u00e9 pohyby:<\/strong> Nekonzistentn\u00e9 pohyby valcov m\u00f4\u017eu by\u0165 znakom vn\u00fatorn\u00e9ho po\u0161kodenia alebo vzduchu zachyten\u00e9ho v hydraulickom syst\u00e9me.<\/li>\n<\/ul>\n<h2>Tipy na rie\u0161enie probl\u00e9mov<\/h2>\n<p>Pre efekt\u00edvnu diagnostiku a rie\u0161enie probl\u00e9mov:<\/p>\n<ol>\n<li>Skontrolujte hladinu a kvalitu hydraulickej kvapaliny a v pr\u00edpade potreby vyme\u0148te kontaminovan\u00fa kvapalinu.<\/li>\n<li>Skontrolujte tesnenia a armat\u00fary, \u010di nie s\u00fa opotrebovan\u00e9, a vyme\u0148te ich, aby ste predi\u0161li bud\u00facim \u00fanikom.<\/li>\n<li>Odvzdu\u0161nite hydraulick\u00fd syst\u00e9m, aby ste odstr\u00e1nili zachyten\u00fd vzduch, ktor\u00fd m\u00f4\u017ee ovplyvni\u0165 v\u00fdkon.<\/li>\n<\/ol>\n<p><img decoding=\"async\" src=\"https:\/\/www.hydraulic-cylinders.net\/wp-content\/uploads\/2025\/04\/songte-bushings-with-all-kinds-of-excavator-models.webp\" alt=\"Modely puzdier pre bagre\" \/><\/p>\n<h2>Preh\u013ead spolo\u010dnosti<\/h2>\n<p>Sme v\u00fdrobcom n\u00e1hradn\u00fdch dielov pre hydraulick\u00e9 valce a pon\u00fakame komplexn\u00fd sortiment produktov, v\u010faka ktor\u00fdm sme jedn\u00fdm z popredn\u00fdch v\u00fdrobcov a ve\u013ekoobchodn\u00edkov na dom\u00e1com aj medzin\u00e1rodnom trhu. Dodr\u017eiavame strat\u00e9giu excelentnosti prostredn\u00edctvom prec\u00edzneho riadenia v\u00fdroby a neust\u00e1leho zdokona\u013eovania na\u0161ej v\u00fdrobnej platformy. N\u00e1\u0161 z\u00e1v\u00e4zok k vysokej efektivite, presnosti a kvalite zaru\u010duje, \u017ee uspokoj\u00edme rozmanit\u00e9 potreby z\u00e1kazn\u00edkov.<\/p>\n<h3>Profesionalita a certifik\u00e1cie<\/h3>\n<p>Na\u0161e produkty sp\u013a\u0148aj\u00fa medzin\u00e1rodn\u00e9 \u0161tandardy a pon\u00fakame slu\u017eby prisp\u00f4sobenia \u0161pecifick\u00fdm po\u017eiadavk\u00e1m. Na\u0161e modern\u00e9 v\u00fdrobn\u00e9 zariadenia spolu s na\u0161\u00edm d\u00f4kladn\u00fdm popredajn\u00fdm servisom zaru\u010duj\u00fa spokojnos\u0165 z\u00e1kazn\u00edkov.<\/p>\n<p><img decoding=\"async\" src=\"https:\/\/www.hydraulic-cylinders.net\/wp-content\/uploads\/2025\/04\/songte-company-4.webp\" alt=\"Zariadenie spolo\u010dnosti\" \/><br \/>\n<img decoding=\"async\" src=\"https:\/\/www.hydraulic-cylinders.net\/wp-content\/uploads\/2025\/04\/songte-company-3.webp\" alt=\"Produkcia spolo\u010dnosti\" \/><\/p>\n<p>Autor: lyl<\/p>","protected":false},"excerpt":{"rendered":"<p>Boom Cylinder For XCMG Large Excavator XE470CK Product Overview The Boom Cylinder for the XCMG Large Excavator XE470CK is a specialized hydraulic cylinder designed to manage the motion of the excavator&#8217;s boom. This cylinder plays a crucial role in hydraulic systems, facilitating the lifting, lowering, and tilting of the boom, which is essential for various [&hellip;]<\/p>","protected":false},"featured_media":17868,"comment_status":"open","ping_status":"closed","template":"","meta":{"_et_pb_use_builder":"","_et_pb_old_content":"","_et_gb_content_width":""},"product_brand":[],"product_cat":[1546],"product_tag":[1547,1496],"class_list":{"0":"post-19197","1":"product","2":"type-product","3":"status-publish","4":"has-post-thumbnail","6":"product_cat-boom-cylinders","7":"product_tag-boom-cylinders","8":"product_tag-hydraulic-cylinders","10":"first","11":"instock","12":"shipping-taxable","13":"product-type-simple"},"amp_enabled":true,"_links":{"self":[{"href":"https:\/\/www.hydraulic-cylinders.net\/sk\/wp-json\/wp\/v2\/product\/19197","targetHints":{"allow":["GET"]}}],"collection":[{"href":"https:\/\/www.hydraulic-cylinders.net\/sk\/wp-json\/wp\/v2\/product"}],"about":[{"href":"https:\/\/www.hydraulic-cylinders.net\/sk\/wp-json\/wp\/v2\/types\/product"}],"replies":[{"embeddable":true,"href":"https:\/\/www.hydraulic-cylinders.net\/sk\/wp-json\/wp\/v2\/comments?post=19197"}],"wp:featuredmedia":[{"embeddable":true,"href":"https:\/\/www.hydraulic-cylinders.net\/sk\/wp-json\/wp\/v2\/media\/17868"}],"wp:attachment":[{"href":"https:\/\/www.hydraulic-cylinders.net\/sk\/wp-json\/wp\/v2\/media?parent=19197"}],"wp:term":[{"taxonomy":"product_brand","embeddable":true,"href":"https:\/\/www.hydraulic-cylinders.net\/sk\/wp-json\/wp\/v2\/product_brand?post=19197"},{"taxonomy":"product_cat","embeddable":true,"href":"https:\/\/www.hydraulic-cylinders.net\/sk\/wp-json\/wp\/v2\/product_cat?post=19197"},{"taxonomy":"product_tag","embeddable":true,"href":"https:\/\/www.hydraulic-cylinders.net\/sk\/wp-json\/wp\/v2\/product_tag?post=19197"}],"curies":[{"name":"pracovn\u00fd list","href":"https:\/\/api.w.org\/{rel}","templated":true}]}}