{"id":1920,"date":"2023-10-20T02:38:46","date_gmt":"2023-10-20T02:38:46","guid":{"rendered":"https:\/\/hydraulic-cylinders.net\/?post_type=product&#038;p=1920"},"modified":"2023-10-20T06:00:33","modified_gmt":"2023-10-20T06:00:33","slug":"hp3v-series-axial-piston-variable-displacement-hydraulic-pump","status":"publish","type":"product","link":"https:\/\/www.hydraulic-cylinders.net\/sk\/produkt\/hp3v-series-axial-piston-variable-displacement-hydraulic-pump\/","title":{"rendered":"Hydraulick\u00e9 \u010derpadlo s axi\u00e1lnym piestom a premenliv\u00fdm objemom s\u00e9rie HP3V"},"content":{"rendered":"<h1 style=\"text-align: center;\"><strong>Hydraulick\u00e9 \u010derpadlo s axi\u00e1lnym piestom a premenliv\u00fdm objemom s\u00e9rie HP3V<\/strong><\/h1>\n<p><img loading=\"lazy\" decoding=\"async\" class=\"aligncenter wp-image-1931\" src=\"https:\/\/hydraulic-cylinders.net\/wp-content\/uploads\/2023\/10\/hp3v-series-axial-piston-variable-displacement-hydraulic-pump-1-300x300.webp\" alt=\"\" width=\"400\" height=\"400\" \/><\/p>\n<p>Axi\u00e1lne piestov\u00e9 hydraulick\u00e9 \u010derpadlo s premenliv\u00fdm objemom s\u00e9rie HP3V predstavuje prelomov\u00fa zmenu v hydraulick\u00fdch syst\u00e9moch. Toto \u010derpadlo je navrhnut\u00e9 s pou\u017eit\u00edm presn\u00e9ho in\u017einierstva a najmodernej\u0161\u00edch technol\u00f3gi\u00ed a poskytuje vynikaj\u00facu \u00fa\u010dinnos\u0165 a v\u00fdkon, v\u010faka \u010domu je nevyhnutnou s\u00fa\u010das\u0165ou r\u00f4znych priemyseln\u00fdch aplik\u00e1ci\u00ed. Tento komplexn\u00fd \u010dl\u00e1nok presk\u00fama k\u013e\u00fa\u010dov\u00e9 vlastnosti, sp\u00f4soby pou\u017eitia a pokyny na \u00fadr\u017ebu axi\u00e1lneho piestov\u00e9ho hydraulick\u00e9ho \u010derpadla s premenliv\u00fdm objemom HP3V.<\/p>\n<p>Axi\u00e1lne piestov\u00e9 hydraulick\u00e9 \u010derpadlo s premenliv\u00fdm objemom s\u00e9rie HP3V je v\u00fdkonn\u00fd stroj, ktor\u00fd poskytuje bezkonkuren\u010dn\u00fa \u00fa\u010dinnos\u0165 a v\u00fdkon v hydraulick\u00fdch syst\u00e9moch. V\u010faka technol\u00f3gii premenliv\u00e9ho objemu, kompaktn\u00e9mu dizajnu a tichej prev\u00e1dzke je toto \u010derpadlo spo\u013eahliv\u00fdm a presn\u00fdm rie\u0161en\u00edm pre r\u00f4zne priemyseln\u00e9 aplik\u00e1cie. Dodr\u017eiavan\u00edm odpor\u00fa\u010dan\u00fdch met\u00f3d pou\u017e\u00edvania a pravideln\u00fdch postupov \u00fadr\u017eby bude \u010derpadlo s\u00e9rie HP3V na\u010falej poskytova\u0165 v\u00fdnimo\u010dn\u00fd v\u00fdkon a prispieva\u0165 k \u00faspechu r\u00f4znych hydraulick\u00fdch syst\u00e9mov. Vyu\u017eite silu \u00fa\u010dinnosti a v\u00fdkonu s axi\u00e1lnym piestov\u00fdm hydraulick\u00fdm \u010derpadlom s premenliv\u00fdm objemom s\u00e9rie HP3V a odomknite pln\u00fd potenci\u00e1l v\u00e1\u0161ho hydraulick\u00e9ho syst\u00e9mu.<\/p>\n<p>K\u013e\u00fa\u010dov\u00e9 vlastnosti hydraulick\u00e9ho \u010derpadla s axi\u00e1lnym piestom a premenliv\u00fdm objemom s\u00e9rie HP3V:<\/p>\n<ul>\n<li>Technol\u00f3gia variabiln\u00e9ho v\u00fdtlaku: \u010cerpadlo s\u00e9rie HP3V m\u00e1 pokro\u010dil\u00fa technol\u00f3giu variabiln\u00e9ho v\u00fdtlaku, ktor\u00e1 umo\u017e\u0148uje upravova\u0165 v\u00fdstupn\u00fd objem na z\u00e1klade po\u017eiadaviek syst\u00e9mu. T\u00e1to funkcia maximalizuje energetick\u00fa \u00fa\u010dinnos\u0165, zni\u017euje tvorbu tepla a optimalizuje celkov\u00fd v\u00fdkon syst\u00e9mu.<\/li>\n<li>Bezkonkuren\u010dn\u00e1 \u00fa\u010dinnos\u0165: \u010cerpadlo s\u00e9rie HP3V dosahuje v\u00fdnimo\u010dn\u00fa \u00fa\u010dinnos\u0165 v\u010faka svojej inovat\u00edvnej kon\u0161trukcii axi\u00e1lneho piestu. Poskytuje presn\u00fd hydraulick\u00fd v\u00fdkon, zais\u0165uje plynul\u00fd chod a umo\u017e\u0148uje jednoduch\u00e9 zvl\u00e1dnutie vysokotlakov\u00fdch aplik\u00e1ci\u00ed.<\/li>\n<li>Compact Design: The pump&#8217;s compact design optimizes space utilization in hydraulic systems. Its small footprint enables easy integration, even in tight spaces, without compromising performance or functionality.<\/li>\n<li>Tich\u00e1 prev\u00e1dzka: Funkcie na zn\u00ed\u017eenie hluku zabudovan\u00e9 do \u010derpadla s\u00e9rie HP3V zais\u0165uj\u00fa tich\u00fa prev\u00e1dzku v r\u00f4znych priemyseln\u00fdch prostrediach. T\u00e1to vlastnos\u0165 je cenn\u00e1 v aplik\u00e1ci\u00e1ch, ktor\u00e9 vy\u017eaduj\u00fa n\u00edzku hladinu hluku, \u010do podporuje pohodln\u00e9 a produkt\u00edvne pracovn\u00e9 prostredie.<\/li>\n<\/ul>\n<h2><strong>Parameter hydraulick\u00e9ho \u010derpadla s axi\u00e1lnym piestom a premenliv\u00fdm objemom s\u00e9rie HP3V:<\/strong><\/h2>\n<table class=\"table table-bordered table-hover table-colored\" data-sort=\"sortDisabled\">\n<tbody>\n<tr class=\"firstRow\">\n<td colspan=\"1\" rowspan=\"2\" align=\"center\" valign=\"middle\">Ve\u013ekos\u0165<\/td>\n<td rowspan=\"2\" align=\"center\" valign=\"middle\">Zdvihov\u00fd objem cm\u00b3\/ot.<\/td>\n<td colspan=\"2\" rowspan=\"1\" align=\"center\" valign=\"middle\">Tlakov\u00e1 ty\u010d<\/td>\n<td colspan=\"2\" rowspan=\"1\" align=\"center\" valign=\"middle\">R\u00fdchlos\u0165 ot\u00e1\u010dania ot\/min<\/td>\n<\/tr>\n<tr>\n<td align=\"center\" valign=\"middle\">Hodnoten\u00e9<\/td>\n<td align=\"center\" valign=\"middle\">Vrchol<\/td>\n<td align=\"center\" valign=\"middle\">Max. pre samonas\u00e1vanie<sup>*1<\/sup><\/td>\n<td align=\"center\" valign=\"middle\">Max<sup>*2<\/sup><\/td>\n<\/tr>\n<tr>\n<td align=\"center\" valign=\"middle\">HP3V80<\/td>\n<td align=\"center\" valign=\"middle\">80<\/td>\n<td align=\"center\" valign=\"middle\">320<\/td>\n<td align=\"center\" valign=\"middle\">350<\/td>\n<td align=\"center\" valign=\"middle\">2400<\/td>\n<td align=\"center\" valign=\"middle\">3000<\/td>\n<\/tr>\n<tr>\n<td align=\"center\" valign=\"middle\">HP3V140<\/td>\n<td align=\"center\" valign=\"middle\">140<\/td>\n<td align=\"center\" valign=\"middle\">350<\/td>\n<td align=\"center\" valign=\"middle\">400<\/td>\n<td align=\"center\" valign=\"middle\">2150<\/td>\n<td align=\"center\" valign=\"middle\">2500<\/td>\n<\/tr>\n<\/tbody>\n<\/table>\n<h2><strong>V\u00fdhody hydraulick\u00e9ho \u010derpadla s axi\u00e1lnym piestom a premenliv\u00fdm objemom s\u00e9rie HP3V:<\/strong><\/h2>\n<p>\u2022 Pou\u017e\u00edva sa v otvoren\u00fdch strednotlakov\u00fdch a vysokotlakov\u00fdch aplik\u00e1ci\u00e1ch<br \/>\n\u2022 Vysok\u00fd nepretr\u017eit\u00fd tlak<br \/>\n\u2022 Dobr\u00e9 samonas\u00e1vacie vlastnosti<br \/>\n\u2022 Vysok\u00e1 spo\u013eahlivos\u0165<br \/>\n\u2022 Vysok\u00fd pomer v\u00fdkonu a hmotnosti<br \/>\n\u2022 Viacer\u00e9 met\u00f3dy ovl\u00e1dania<br \/>\n\u2022 R\u00fdchla odozva<br \/>\n\u2022 N\u00edzkotlakov\u00fd impulz<\/p>\n<h2><strong>Hydraulick\u00e9 \u010derpadlo s axi\u00e1lnym piestom a premenliv\u00fdm objemom s\u00e9rie HP3V <\/strong><strong>Aplik\u00e1cia:<\/strong><\/h2>\n<p><img loading=\"lazy\" decoding=\"async\" class=\"alignnone wp-image-1934 size-full\" src=\"https:\/\/hydraulic-cylinders.net\/wp-content\/uploads\/2023\/10\/hp3v-series-axial-piston-variable-displacement-hydraulic-pump-2.webp\" alt=\"\" width=\"1156\" height=\"405\" srcset=\"https:\/\/hydraulic-cylinders.net\/wp-content\/uploads\/2023\/10\/hp3v-series-axial-piston-variable-displacement-hydraulic-pump-2.webp 1156w, https:\/\/hydraulic-cylinders.net\/wp-content\/uploads\/2023\/10\/hp3v-series-axial-piston-variable-displacement-hydraulic-pump-2-980x343.webp 980w, https:\/\/hydraulic-cylinders.net\/wp-content\/uploads\/2023\/10\/hp3v-series-axial-piston-variable-displacement-hydraulic-pump-2-480x168.webp 480w\" sizes=\"(min-width: 0px) and (max-width: 480px) 480px, (min-width: 481px) and (max-width: 980px) 980px, (min-width: 981px) 1156px, 100vw\" \/><\/p>\n<h2><strong>Met\u00f3da pou\u017eitia hydraulick\u00e9ho \u010derpadla s axi\u00e1lnym piestom a premenliv\u00fdm objemom s\u00e9rie HP3V<\/strong><strong>:<\/strong><\/h2>\n<ul>\n<li><strong>In\u0161tal\u00e1cia \u010derpadla:<\/strong> Install the HP3V series axial piston variable displacement hydraulic pump in the designated location within the hydraulic system. Refer to the manufacturer&#8217;s guidelines and specifications for proper alignment and secure attachment to the system&#8217;s structure using suitable mounting brackets or accessories.<\/li>\n<li><strong>Integr\u00e1cia hydraulick\u00e9ho syst\u00e9mu:<\/strong> Pripojte \u010derpadlo k hydraulick\u00e9mu syst\u00e9mu pomocou kompatibiln\u00fdch had\u00edc, spojok a ventilov. Uistite sa, \u017ee v\u0161etky pripojenia s\u00fa bezpe\u010dn\u00e9, bez \u00fanikov a spr\u00e1vne utiahnut\u00e9, aby ste zabezpe\u010dili optim\u00e1lny hydraulick\u00fd v\u00fdkon.<\/li>\n<li><strong>Kompatibilita kvapal\u00edn:<\/strong> Verify that the hydraulic fluid used in the system is compatible with the HP3V series pump. Refer to the manufacturer&#8217;s recommendations for the appropriate fluid type, viscosity, and temperature range. Regularly monitor and maintain the hydraulic fluid to ensure proper pump operation and longevity.<\/li>\n<li><strong>Prev\u00e1dzkov\u00e9 parametre:<\/strong> Obozn\u00e1mte sa s mo\u017enos\u0165ami ovl\u00e1dania \u010derpadla a upravte prev\u00e1dzkov\u00e9 parametre pod\u013ea \u0161pecifick\u00fdch po\u017eiadaviek hydraulick\u00e9ho syst\u00e9mu. Monitorujte a zme\u0148te nastavenia v\u00fdtlaku \u010derpadla, aby ste optimalizovali v\u00fdkon a energetick\u00fa \u00fa\u010dinnos\u0165.<\/li>\n<\/ul>\n<h2><strong>Ako odstr\u00e1ni\u0165 koncov\u00fd uz\u00e1ver hydraulick\u00e9ho valca?<\/strong><\/h2>\n<p>Ak chcete odstr\u00e1ni\u0165 koncov\u00fd uz\u00e1ver hydraulick\u00e9ho valca, postupujte pod\u013ea t\u00fdchto krokov:<\/p>\n<ol>\n<li><strong>Pripravte sa na \u00falohu:<\/strong>\n<ul>\n<li>Uistite sa, \u017ee hydraulick\u00fd syst\u00e9m je bez tlaku a odpojen\u00fd.<\/li>\n<li>Vy\u010distite vonkaj\u0161iu stranu valca, aby ste zabr\u00e1nili vniknutiu ne\u010dist\u00f4t po\u010das procesu.<\/li>\n<li>Umiestnite valec na stabiln\u00fd pracovn\u00fd povrch a zaistite ho pomocou svoriek alebo zver\u00e1ka.<\/li>\n<\/ul>\n<\/li>\n<li><strong>Identifikujte mechanizmy udr\u017eiavania:<\/strong>\n<ul>\n<li>Skontrolujte valec, aby ste zistili, ak\u00fd upev\u0148ovac\u00ed mechanizmus sa pou\u017e\u00edva na koncovom uz\u00e1vere. M\u00f4\u017eu to by\u0165 skrutky, z\u00e1vitov\u00e9 spoje, poistn\u00e9 kr\u00fa\u017eky alebo poistn\u00e9 kr\u00fa\u017eky.<\/li>\n<\/ul>\n<\/li>\n<li><strong>Odstr\u00e1\u0148te skrutky alebo upev\u0148ovacie prvky:<\/strong>\n<ul>\n<li>Ak je koncov\u00fd uz\u00e1ver zaisten\u00fd skrutkami, na ich uvo\u013enenie a odstr\u00e1nenie pou\u017eite vhodn\u00fd k\u013e\u00fa\u010d alebo obj\u00edmku.<\/li>\n<li>Uistite sa, \u017ee m\u00e1te vhodn\u00fd pr\u00edstup ku v\u0161etk\u00fdm skrutk\u00e1m a odstr\u00e1\u0148te ich rovnomerne, aby ste predi\u0161li po\u0161kodeniu valca alebo koncov\u00e9ho uz\u00e1veru.<\/li>\n<\/ul>\n<\/li>\n<li><strong>Uvo\u013enenie z\u00e1vitov\u00fdch spojov:<\/strong>\n<ul>\n<li>Pri z\u00e1vitov\u00fdch spojoch pou\u017eite k\u013e\u00fa\u010d na uvo\u013enenie spojenia medzi koncov\u00fdm uz\u00e1verom a telesom valca.<\/li>\n<li>Jemne, ale konzistentne uvo\u013enite z\u00e1vity proti smeru hodinov\u00fdch ru\u010di\u010diek.<\/li>\n<li>Po uvo\u013enen\u00ed pokra\u010dujte v ot\u00e1\u010dan\u00ed koncov\u00e9ho uz\u00e1veru rukou, k\u00fdm ho nebude mo\u017en\u00e9 \u00faplne odstr\u00e1ni\u0165.<\/li>\n<\/ul>\n<\/li>\n<li><strong>Odstr\u00e1\u0148te poistn\u00e9 kr\u00fa\u017eky alebo poistn\u00e9 kr\u00fa\u017eky:<\/strong>\n<ul>\n<li>Ak je koncov\u00fd uz\u00e1ver zaisten\u00fd poistn\u00fdmi kr\u00fa\u017ekami alebo poistn\u00fdmi kr\u00fa\u017ekami, na ich opatrn\u00e9 odstr\u00e1nenie pou\u017eite klie\u0161te na poistn\u00e9 kr\u00fa\u017eky alebo klie\u0161te na poistn\u00e9 kr\u00fa\u017eky.<\/li>\n<li>Insert the pliers into the ring&#8217;s ends and squeeze the handles to compress the ring, allowing it to be pulled out of its groove.<\/li>\n<li>Po\u010das tohto procesu d\u00e1vajte pozor, aby ste nepo\u0161kodili valec alebo koncov\u00fd uz\u00e1ver.<\/li>\n<\/ul>\n<\/li>\n<li><strong>Odde\u013ete koncov\u00fd uz\u00e1ver:<\/strong>\n<ul>\n<li>Po odstr\u00e1nen\u00ed v\u0161etk\u00fdch upev\u0148ovac\u00edch mechanizmov jemne poklepte na koncov\u00fd uz\u00e1ver gumen\u00fdm kladivom alebo kladivom s m\u00e4kkou plochou, aby ste ho uvo\u013enili od tela valca.<\/li>\n<li>Rovnomerne p\u00f4sobte silou po obvode koncov\u00e9ho uz\u00e1veru, aby ste zabr\u00e1nili jeho zaseknutiu alebo prilepeniu.<\/li>\n<\/ul>\n<\/li>\n<li><strong>Skontrolujte a vy\u010distite:<\/strong>\n<ul>\n<li>Po odstr\u00e1nen\u00ed koncov\u00e9ho uz\u00e1veru skontrolujte tesniace plochy, O-kr\u00fa\u017eky a vn\u00fatorn\u00e9 komponenty, \u010di nie s\u00fa po\u0161koden\u00e9 alebo opotrebovan\u00e9.<\/li>\n<li>Koncov\u00fd uz\u00e1ver, telo valca a v\u0161etky s\u00favisiace komponenty o\u010distite handri\u010dkou, ktor\u00e1 nep\u00fa\u0161\u0165a vl\u00e1kna, alebo vhodn\u00fdm rozp\u00fa\u0161\u0165adlom, aby ste odstr\u00e1nili v\u0161etky ne\u010distoty alebo \u00falomky.<\/li>\n<\/ul>\n<\/li>\n<\/ol>\n<h2><strong>Schopnos\u0165 a kapacita tov\u00e1rne:<\/strong><\/h2>\n<h3>(1) Mont\u00e1\u017e<\/h3>\n<p>Disponujeme prvotriednou nez\u00e1vislou v\u00fdskumnou a v\u00fdvojovou mont\u00e1\u017enou platformou. Diel\u0148a na v\u00fdrobu hydraulick\u00fdch valcov m\u00e1 \u0161tyri poloautomatick\u00e9 mont\u00e1\u017ene linky zdv\u00edhac\u00edch valcov a jednu automatick\u00fa mont\u00e1\u017enu linku nakl\u00e1pac\u00edch valcov s projektovanou ro\u010dnou v\u00fdrobnou kapacitou 1 mili\u00f3n kusov. Diel\u0148a na v\u00fdrobu \u0161peci\u00e1lnych valcov je vybaven\u00e1 r\u00f4znymi \u0161pecifik\u00e1ciami poloautomatick\u00e9ho syst\u00e9mu \u010distenia a mont\u00e1\u017ee s projektovanou ro\u010dnou v\u00fdrobnou kapacitou 200 000 kusov a je vybaven\u00e1 zn\u00e1mym CNC obr\u00e1bac\u00edm zariaden\u00edm, obr\u00e1bac\u00edm centrom, \u0161peci\u00e1lnym zariaden\u00edm na vysoko presn\u00e9 spracovanie valcov, robotick\u00fdm zv\u00e1rac\u00edm strojom, automatick\u00fdm \u010distiacim strojom, automatick\u00fdm mont\u00e1\u017enym strojom valcov a automatickou lakovacou v\u00fdrobnou linkou. Existuj\u00face kritick\u00e9 zariadenia maj\u00fa viac ako 300 s\u00faprav (s\u00e1d). Optim\u00e1lne alokovanie a efekt\u00edvne vyu\u017e\u00edvanie zdrojov zariaden\u00ed zabezpe\u010duje po\u017eiadavky na presnos\u0165 v\u00fdrobkov a sp\u013a\u0148a po\u017eiadavky na vysok\u00fa kvalitu v\u00fdrobkov.<\/p>\n<p><img loading=\"lazy\" decoding=\"async\" class=\"alignnone wp-image-626\" src=\"https:\/\/hydraulic-cylinders.net\/wp-content\/uploads\/2023\/08\/hydraulic-cylinder-product-1-300x158.webp\" alt=\"\" width=\"495\" height=\"260\" srcset=\"https:\/\/hydraulic-cylinders.net\/wp-content\/uploads\/2023\/08\/hydraulic-cylinder-product-1-300x158.webp 495w, https:\/\/hydraulic-cylinders.net\/wp-content\/uploads\/2023\/08\/hydraulic-cylinder-product-1-480x252.webp 480w\" sizes=\"(min-width: 0px) and (max-width: 480px) 480px, (min-width: 481px) 495px, 100vw\" \/> <img loading=\"lazy\" decoding=\"async\" class=\"alignnone wp-image-627\" src=\"https:\/\/hydraulic-cylinders.net\/wp-content\/uploads\/2023\/08\/hydraulic-cylinder-product-2-300x189.webp\" alt=\"\" width=\"413\" height=\"260\" \/><\/p>\n<h3>(2) Obr\u00e1banie<\/h3>\n<p>Obr\u00e1bacia diel\u0148a je vybaven\u00e1 prisp\u00f4soben\u00fdm s\u00fastru\u017en\u00edckym centrom na \u0161ikm\u00e9 ko\u013eajnice, obr\u00e1bac\u00edm centrom, vysokor\u00fdchlostn\u00fdm honovac\u00edm strojom, zv\u00e1rac\u00edm robotom a \u010fal\u0161\u00edm s\u00favisiacim zariaden\u00edm, ktor\u00e9 dok\u00e1\u017ee spracova\u0165 valcov\u00e9 r\u00fary s maxim\u00e1lnym vn\u00fatorn\u00fdm priemerom 400 mm a maxim\u00e1lnou d\u013a\u017ekou 6 metrov.<\/p>\n<p><img loading=\"lazy\" decoding=\"async\" class=\"alignnone wp-image-628 size-large\" src=\"https:\/\/hydraulic-cylinders.net\/wp-content\/uploads\/2023\/08\/hydraulic-cylinder-product-3-1024x391.webp\" alt=\"\" width=\"1024\" height=\"391\" srcset=\"https:\/\/hydraulic-cylinders.net\/wp-content\/uploads\/2023\/08\/hydraulic-cylinder-product-3-980x374.webp 980w, https:\/\/hydraulic-cylinders.net\/wp-content\/uploads\/2023\/08\/hydraulic-cylinder-product-3-480x183.webp 480w\" sizes=\"(min-width: 0px) and (max-width: 480px) 480px, (min-width: 481px) and (max-width: 980px) 980px, (min-width: 981px) 1024px, 100vw\" \/><\/p>\n<h3>(3) Zv\u00e1ranie<\/h3>\n<p><img loading=\"lazy\" decoding=\"async\" class=\"alignnone wp-image-629 size-large\" src=\"https:\/\/hydraulic-cylinders.net\/wp-content\/uploads\/2023\/08\/hydraulic-cylinder-product-4-1024x510.webp\" alt=\"\" width=\"1024\" height=\"510\" srcset=\"https:\/\/hydraulic-cylinders.net\/wp-content\/uploads\/2023\/08\/hydraulic-cylinder-product-4-980x488.webp 980w, https:\/\/hydraulic-cylinders.net\/wp-content\/uploads\/2023\/08\/hydraulic-cylinder-product-4-480x239.webp 480w\" sizes=\"(min-width: 0px) and (max-width: 480px) 480px, (min-width: 481px) and (max-width: 980px) 980px, (min-width: 981px) 1024px, 100vw\" \/><\/p>\n<h3>(4) Ma\u013eovanie a natieranie<\/h3>\n<p>S mal\u00fdmi a stredne ve\u013ek\u00fdmi valcov\u00fdmi automatick\u00fdmi linkami na nan\u00e1\u0161anie farieb na vodnej b\u00e1ze, na dosiahnutie automatick\u00e9ho nakladania a vykladania robotmi a automatick\u00e9ho striekania, je projektovan\u00e1 kapacita 4000 kusov za smenu;<br \/>\nM\u00e1me tie\u017e poloautomatick\u00fa linku na v\u00fdrobu farieb pre ve\u013ek\u00e9 valce poh\u00e1\u0148an\u00e9 re\u0165azou s projektovanou kapacitou 60 kusov za smenu.<\/p>\n<p><img loading=\"lazy\" decoding=\"async\" class=\"alignnone wp-image-630\" src=\"https:\/\/hydraulic-cylinders.net\/wp-content\/uploads\/2023\/08\/hydraulic-cylinder-product-5-300x213.webp\" alt=\"\" width=\"366\" height=\"260\" \/> <img loading=\"lazy\" decoding=\"async\" class=\"alignnone wp-image-631\" src=\"https:\/\/hydraulic-cylinders.net\/wp-content\/uploads\/2023\/08\/hydraulic-cylinder-product-6-300x225.webp\" alt=\"\" width=\"347\" height=\"260\" \/><\/p>\n<h3>(5) Testovanie<\/h3>\n<p>Disponujeme prvotriednymi kontroln\u00fdmi zariadeniami a sk\u00fa\u0161obn\u00fdmi zariadeniami, ktor\u00e9 zabezpe\u010duj\u00fa, \u017ee v\u00fdkonnos\u0165 valca sp\u013a\u0148a po\u017eiadavky.<\/p>\n<p><img loading=\"lazy\" decoding=\"async\" class=\"alignnone wp-image-632\" src=\"https:\/\/hydraulic-cylinders.net\/wp-content\/uploads\/2023\/08\/hydraulic-cylinder-product-8-300x200.webp\" alt=\"\" width=\"389\" height=\"260\" \/><\/p>\n<p>&nbsp;<\/p>\n<p>&nbsp;<\/p>\n<p>Sme jedn\u00fdm z najlep\u0161\u00edch v\u00fdrobcov hydraulick\u00fdch valcov. Pon\u00fakame komplexn\u00e9 hydraulick\u00e9 valce. Poskytujeme aj zodpovedaj\u00face <a href=\"https:\/\/hzpt.com\/agricultural-pto-gearbox\/\" target=\"_blank\" rel=\"noopener\">po\u013enohospod\u00e1rske prevodovky<\/a>Na\u0161e produkty sme vyv\u00e1\u017eali klientom po celom svete a v\u010faka vynikaj\u00facej kvalite produktov a popredajn\u00e9mu servisu sme si z\u00edskali dobr\u00fa reput\u00e1ciu. V\u00edtame z\u00e1kazn\u00edkov doma aj v zahrani\u010d\u00ed, ktor\u00ed n\u00e1s kontaktuj\u00fa za \u00fa\u010delom rokovania o obchodn\u00fdch z\u00e1le\u017eitostiach, v\u00fdmeny inform\u00e1ci\u00ed a <a href=\"https:\/\/www.hydraulic-cylinders.net\/sk\/contact-us\/\">spolupracova\u0165 s nami<\/a>!<\/p>\n<p>&nbsp;<\/p>","protected":false},"excerpt":{"rendered":"<p>HP3V Series Axial Piston Variable Displacement Hydraulic Pump The HP3V series axial piston variable displacement hydraulic pump is a game-changer in hydraulic systems. This pump is designed with precision engineering and cutting-edge technology and delivers superior efficiency and performance, making it an indispensable component for various industrial applications. This comprehensive article will explore the key [&hellip;]<\/p>","protected":false},"featured_media":1932,"comment_status":"open","ping_status":"closed","template":"","meta":{"_et_pb_use_builder":"","_et_pb_old_content":"","_et_gb_content_width":""},"product_brand":[],"product_cat":[1425],"product_tag":[1380],"class_list":{"0":"post-1920","1":"product","2":"type-product","3":"status-publish","4":"has-post-thumbnail","6":"product_cat-piston-pump","7":"product_tag-hydraulic-cylinder","9":"first","10":"instock","11":"shipping-taxable","12":"product-type-simple"},"amp_enabled":true,"_links":{"self":[{"href":"https:\/\/www.hydraulic-cylinders.net\/sk\/wp-json\/wp\/v2\/product\/1920","targetHints":{"allow":["GET"]}}],"collection":[{"href":"https:\/\/www.hydraulic-cylinders.net\/sk\/wp-json\/wp\/v2\/product"}],"about":[{"href":"https:\/\/www.hydraulic-cylinders.net\/sk\/wp-json\/wp\/v2\/types\/product"}],"replies":[{"embeddable":true,"href":"https:\/\/www.hydraulic-cylinders.net\/sk\/wp-json\/wp\/v2\/comments?post=1920"}],"wp:featuredmedia":[{"embeddable":true,"href":"https:\/\/www.hydraulic-cylinders.net\/sk\/wp-json\/wp\/v2\/media\/1932"}],"wp:attachment":[{"href":"https:\/\/www.hydraulic-cylinders.net\/sk\/wp-json\/wp\/v2\/media?parent=1920"}],"wp:term":[{"taxonomy":"product_brand","embeddable":true,"href":"https:\/\/www.hydraulic-cylinders.net\/sk\/wp-json\/wp\/v2\/product_brand?post=1920"},{"taxonomy":"product_cat","embeddable":true,"href":"https:\/\/www.hydraulic-cylinders.net\/sk\/wp-json\/wp\/v2\/product_cat?post=1920"},{"taxonomy":"product_tag","embeddable":true,"href":"https:\/\/www.hydraulic-cylinders.net\/sk\/wp-json\/wp\/v2\/product_tag?post=1920"}],"curies":[{"name":"pracovn\u00fd list","href":"https:\/\/api.w.org\/{rel}","templated":true}]}}