{"id":19201,"date":"2025-04-07T06:17:46","date_gmt":"2025-04-07T06:17:46","guid":{"rendered":"https:\/\/www.hydraulic-cylinders.net\/product\/boom-cylinder-for-xcmg-large-excavator-xe490ch\/"},"modified":"2025-04-07T06:17:49","modified_gmt":"2025-04-07T06:17:49","slug":"boom-cylinder-for-xcmg-large-excavator-xe490ch","status":"publish","type":"product","link":"https:\/\/www.hydraulic-cylinders.net\/sk\/produkt\/boom-cylinder-for-xcmg-large-excavator-xe490ch\/","title":{"rendered":"Valec v\u00fdlo\u017en\u00edka pre ve\u013ek\u00e9 r\u00fdpadlo XCMG XE490CH"},"content":{"rendered":"<h1>Valec v\u00fdlo\u017en\u00edka pre ve\u013ek\u00e9 r\u00fdpadlo XCMG XE490CH<\/h1>\n<h2>Preh\u013ead produktu<\/h2>\n<p>Hydraulick\u00fd valec v\u00fdlo\u017en\u00edka pre ve\u013ek\u00e9 r\u00fdpadlo XCMG XE490CH je \u0161pecializovan\u00fd hydraulick\u00fd valec ur\u010den\u00fd na ovl\u00e1danie pohybu v\u00fdlo\u017en\u00edka r\u00fdpadla. T\u00e1to k\u013e\u00fa\u010dov\u00e1 s\u00fa\u010das\u0165 hr\u00e1 v\u00fdznamn\u00fa \u00falohu v hydraulick\u00fdch syst\u00e9moch a umo\u017e\u0148uje \u0165a\u017ek\u00fdm strojom efekt\u00edvne vykon\u00e1va\u0165 r\u00f4zne \u00falohy. Valec v\u00fdlo\u017en\u00edka umo\u017e\u0148uje r\u00fdpadlu zdv\u00edha\u0165, sp\u00fa\u0161\u0165a\u0165 a nakl\u00e1\u0148a\u0165 v\u00fdlo\u017en\u00edk, \u010do u\u013eah\u010duje manipul\u00e1ciu s materi\u00e1lom, ako je kopanie, nakladanie a premiest\u0148ovanie zeminy alebo sutiny.<\/p>\n<p><img decoding=\"async\" src=\"https:\/\/www.hydraulic-cylinders.net\/wp-content\/uploads\/2025\/04\/songte-company-1.webp\" alt=\"Valec v\u00fdlo\u017en\u00edka\"><\/p>\n<h3>Defin\u00edcia valca vedra<\/h3>\n<p>Hydraulick\u00fd valec ly\u017eice je typ hydraulick\u00e9ho valca, ktor\u00fd sa pou\u017e\u00edva \u0161peci\u00e1lne na ovl\u00e1danie pohybu ly\u017e\u00edc v r\u00f4znych \u0165a\u017ek\u00fdch strojoch vr\u00e1tane r\u00fdpadiel, r\u00fdpadiel-naklada\u010dov a \u010deln\u00fdch naklada\u010dov. Je to z\u00e1kladn\u00fd prvok hydraulick\u00fdch syst\u00e9mov, ktor\u00fd poskytuje potrebn\u00fa silu a ovl\u00e1danie na vykon\u00e1vanie \u00faloh pri kopan\u00ed a manipul\u00e1cii s materi\u00e1lom. Umo\u017enen\u00edm presn\u00fdch pohybov ly\u017eice valec zvy\u0161uje celkov\u00fa \u00fa\u010dinnos\u0165 a produktivitu stroja.<\/p>\n<h2>Vlastnosti valca v\u00fdlo\u017en\u00edka<\/h2>\n<ul>\n<li><strong>Vysok\u00e1 pevnos\u0165 a odolnos\u0165:<\/strong> Tento valec je vyroben\u00fd z vysokopevnostnej ocele alebo hlin\u00edka, tak\u017ee odol\u00e1 vysok\u00e9mu tlaku a \u0165a\u017ek\u00fdm za\u0165a\u017eeniam, v\u010faka \u010domu je vhodn\u00fd do n\u00e1ro\u010dn\u00fdch pracovn\u00fdch prostred\u00ed. Jeho kon\u0161trukcia zoh\u013ead\u0148uje odolnos\u0165 vo\u010di opotrebovaniu a kor\u00f3zii, \u010do predl\u017euje jeho \u017eivotnos\u0165.<\/li>\n<li><strong>Efekt\u00edvna hydraulick\u00e1 prev\u00e1dzka:<\/strong> Vyu\u017e\u00edva hydraulick\u00fd tlak oleja na dosiahnutie plynul\u00e9ho vys\u00favania a zas\u00favania, r\u00fdchlo reaguje na povely oper\u00e1tora a z\u00e1rove\u0148 poskytuje zna\u010dn\u00fa tla\u010dn\u00fa a \u0165a\u017en\u00fa silu, ide\u00e1lnu na manipul\u00e1ciu s \u0165a\u017ek\u00fdmi predmetmi a zlo\u017eit\u00e9 \u00falohy.<\/li>\n<li><strong>R\u00f4zne typy:<\/strong> Valec je k dispoz\u00edcii v jedno\u010dinnom (vyu\u017e\u00edva hydraulick\u00fd tlak v jednom smere) alebo dvoj\u010dinnom (vyu\u017e\u00edva hydraulick\u00fd tlak v oboch smeroch) preveden\u00ed a je mo\u017en\u00e9 ho prisp\u00f4sobi\u0165 \u0161pecifick\u00fdm prev\u00e1dzkov\u00fdm po\u017eiadavk\u00e1m. Niektor\u00e9 modely s\u00fa teleskopick\u00e9, \u010do umo\u017e\u0148uje v\u00e4\u010d\u0161ie vysunutie bez zv\u00e4\u010d\u0161enia vonkaj\u0161\u00edch rozmerov, a s\u00fa vhodn\u00e9 pre aplik\u00e1cie s obmedzen\u00fdm priestorom.<\/li>\n<\/ul>\n<h2>V\u00fdrobn\u00e9 kapacity<\/h2>\n<p>Sme vybaven\u00ed na v\u00fdrobu valcov v\u00fdlo\u017en\u00edka, \u010do zabezpe\u010duje, \u017ee na\u0161e produkty dok\u00e1\u017eu dokonale nahradi\u0165 existuj\u00face hydraulick\u00e9 valce v r\u00f4znych aplik\u00e1ci\u00e1ch.<\/p>\n<p><img decoding=\"async\" src=\"https:\/\/www.hydraulic-cylinders.net\/wp-content\/uploads\/2025\/04\/songte-cylinder-head-with-all-kinds-excavator-models.webp\" alt=\"Modely bagrov\"><\/p>\n<h2>Scen\u00e1re aplik\u00e1ci\u00ed<\/h2>\n<ul>\n<li><strong>Stavebn\u00e9 vybavenie:<\/strong> V r\u00fdpadl\u00e1ch je valec v\u00fdlo\u017en\u00edka nevyhnutn\u00fd pre kopanie, nakladanie a prepravu zeminy alebo sutiny. Umo\u017e\u0148uje ly\u017eici efekt\u00edvne prenika\u0165 do zeme, \u010d\u00edm sa v\u00fdkopov\u00e9 pr\u00e1ce zr\u00fdch\u013euj\u00fa a zefekt\u00edv\u0148uj\u00fa.<\/li>\n<li><strong>Po\u013enohospod\u00e1rske stroje:<\/strong> Pou\u017e\u00edvan\u00fd v \u010deln\u00fdch naklada\u010doch, valec v\u00fdlo\u017en\u00edka u\u013eah\u010duje naberanie, zdv\u00edhanie a prepravu p\u00f4dy, sena a in\u00fdch materi\u00e1lov. Zais\u0165uje r\u00fdchlu a efekt\u00edvnu manipul\u00e1ciu s materi\u00e1lom v po\u013enohospod\u00e1rskom prostred\u00ed.<\/li>\n<li><strong>R\u00fdpadl\u00e1:<\/strong> Valec ly\u017eice umo\u017e\u0148uje r\u00fdpadlu kopa\u0165 hlboko do p\u00f4dy, \u010d\u00edm poskytuje potrebn\u00fa silu na prerazenie n\u00e1ro\u010dn\u00e9ho ter\u00e9nu a vykon\u00e1vanie rozsiahlych kopac\u00edch oper\u00e1ci\u00ed.<\/li>\n<li><strong>Naklada\u010de:<\/strong> V \u010deln\u00fdch naklada\u010doch pom\u00e1ha valec v\u00fdlo\u017en\u00edka efekt\u00edvne zdv\u00edha\u0165 a vyklada\u0165 bremena, \u010d\u00edm sa zabezpe\u010d\u00ed r\u00fdchla a minim\u00e1lna n\u00e1maha pri premiest\u0148ovan\u00ed materi\u00e1lov.<\/li>\n<\/ul>\n<h2>\u00davahy o dizajne a krit\u00e9ri\u00e1 v\u00fdberu<\/h2>\n<ul>\n<li><strong>Nosnos\u0165:<\/strong> Kon\u0161trukcia mus\u00ed zoh\u013ead\u0148ova\u0165 maxim\u00e1lne za\u0165a\u017eenie, ktor\u00e9mu bude valec vystaven\u00fd. Zabezpe\u010denie toho, aby valec zvl\u00e1dol o\u010dak\u00e1van\u00fa hmotnos\u0165, je k\u013e\u00fa\u010dov\u00e9 pre bezpe\u010dnos\u0165 a v\u00fdkon.<\/li>\n<li><strong>Tesniaci v\u00fdkon:<\/strong> \u00da\u010dinn\u00e9 tesnenie je nevyhnutn\u00e9 na zabr\u00e1nenie \u00faniku hydraulickej kvapaliny, \u010do m\u00f4\u017ee vies\u0165 k poruch\u00e1m syst\u00e9mu. Vysokokvalitn\u00e9 tesnenia by mali odol\u00e1va\u0165 tlaku, kol\u00edsaniu teploty a opotrebovaniu v priebehu \u010dasu.<\/li>\n<li><strong>Trvanlivos\u0165:<\/strong> Materi\u00e1ly pou\u017eit\u00e9 na v\u00fdrobu valca by mali by\u0165 odoln\u00e9 vo\u010di opotrebovaniu a kor\u00f3zii, aby mu umo\u017enili efekt\u00edvnu prev\u00e1dzku v r\u00f4znych podmienkach prostredia.<\/li>\n<li><strong>Bezpe\u010dnostn\u00e9 prvky:<\/strong> Za\u010dlenenie bezpe\u010dnostn\u00fdch mechanizmov je nevyhnutn\u00e9 na ochranu obsluhy a strojov pred potenci\u00e1lnymi nebezpe\u010denstvami po\u010das prev\u00e1dzky.<\/li>\n<li><strong>Udr\u017eiavate\u013enos\u0165:<\/strong> Dobre navrhnut\u00fd hydraulick\u00fd valec by mal umo\u017e\u0148ova\u0165 \u013eahk\u00fd pr\u00edstup pri \u00fadr\u017ebe a oprav\u00e1ch, \u010d\u00edm sa minimalizuj\u00fa prestoje a maximalizuje \u017eivotnos\u0165.<\/li>\n<\/ul>\n<p><img decoding=\"async\" src=\"https:\/\/www.hydraulic-cylinders.net\/wp-content\/uploads\/2025\/04\/songte-oil-pipes-and-spare-parts.webp\" alt=\"Olejov\u00e9 potrubia a n\u00e1hradn\u00e9 diely\"><\/p>\n<h2>Tesnenie a mazanie<\/h2>\n<p>\u00da\u010dinnos\u0165 hydraulick\u00e9ho valca vo ve\u013ekej miere z\u00e1vis\u00ed od jeho tesniacich a mazac\u00edch syst\u00e9mov. R\u00f4zne tesnenia, ako s\u00fa piestne tesnenia a tesnenia ty\u010d\u00ed, s\u00fa k\u013e\u00fa\u010dov\u00e9 pre prevenciu \u00faniku kvapaliny. V\u00fdber tesnen\u00ed \u010dasto zah\u0155\u0148a odoln\u00e9 materi\u00e1ly, ako je polyuret\u00e1n a nitrilov\u00fd kau\u010duk, ktor\u00e9 pon\u00fakaj\u00fa vynikaj\u00facu odolnos\u0165 proti opotrebovaniu. Okrem toho sa telo valca aj z\u00e1vitov\u00e9 koncov\u00e9 plochy jemne oprac\u00favaj\u00fa, aby sa zv\u00fd\u0161ila ich odolnos\u0165 proti opotrebovaniu. Pravideln\u00e9 mazanie hydraulick\u00fdm olejom je nevyhnutn\u00e9 pre udr\u017eanie hladk\u00e9ho chodu a prevenciu opotrebovania.<\/p>\n<h2>Pravideln\u00e1 kontrola a prevent\u00edvna \u00fadr\u017eba<\/h2>\n<ul>\n<li><strong>Rutinn\u00e1 kontrola:<\/strong> Zavedenie harmonogramu pravideln\u00fdch kontrol m\u00f4\u017ee pom\u00f4c\u0165 identifikova\u0165 potenci\u00e1lne probl\u00e9my sk\u00f4r, ako sa rozvin\u00fa do z\u00e1va\u017en\u00fdch probl\u00e9mov. H\u013eadajte zn\u00e1mky opotrebovania, netesnost\u00ed alebo nepravideln\u00e9ho v\u00fdkonu.<\/li>\n<li><strong>Spr\u00e1vne mazanie:<\/strong> Zabezpe\u010dte, aby bol valec v\u017edy dostato\u010dne mazan\u00fd. To nielen pom\u00e1ha pri hladkej prev\u00e1dzke, ale tie\u017e zabra\u0148uje nadmern\u00e9mu opotrebovaniu vn\u00fatorn\u00fdch komponentov.<\/li>\n<li><strong>V\u00fdmena tesnenia:<\/strong> Tesnenia sa \u010dasom m\u00f4\u017eu opotrebova\u0165 a je potrebn\u00e9 ich vymeni\u0165. Pravideln\u00e1 kontrola a v\u010dasn\u00e1 v\u00fdmena opotrebovan\u00fdch tesnen\u00ed m\u00f4\u017ee zabr\u00e1ni\u0165 \u00fanikom a pred\u013a\u017ei\u0165 \u017eivotnos\u0165 valca.<\/li>\n<\/ul>\n<h2>Pokyny na in\u0161tal\u00e1ciu<\/h2>\n<p>Spr\u00e1vna in\u0161tal\u00e1cia valca ramena je k\u013e\u00fa\u010dov\u00e1 pre jeho v\u00fdkon a dlh\u00fa \u017eivotnos\u0165. Za\u010dnite t\u00fdm, \u017ee sa uist\u00edte, \u017ee mont\u00e1\u017ene konzoly s\u00fa spr\u00e1vne zarovnan\u00e9 a \u017ee valec je bezpe\u010dne upevnen\u00fd. Po\u010das in\u0161tal\u00e1cie v pr\u00edpade potreby pou\u017eite vhodn\u00e9 podlo\u017eky na dosiahnutie spr\u00e1vneho zarovnania. Odpor\u00fa\u010da sa tie\u017e nanies\u0165 tesniaci materi\u00e1l na z\u00e1vity, aby sa predi\u0161lo \u00fanikom. Po in\u0161tal\u00e1cii otestujte hydraulick\u00fd syst\u00e9m, aby ste sa uistili, \u017ee nedoch\u00e1dza k \u00fanikom a \u017ee valec funguje hladko.<\/p>\n<h2>\u00dalohy \u00fadr\u017eby<\/h2>\n<ul>\n<li><strong>Pravideln\u00e9 kontroly:<\/strong> Pravideln\u00e9 vizu\u00e1lne kontroly v\u00e1m m\u00f4\u017eu pom\u00f4c\u0165 v\u010das odhali\u0165 ak\u00e9ko\u013evek potenci\u00e1lne probl\u00e9my. H\u013eadajte zn\u00e1mky opotrebovania, netesnost\u00ed alebo nespr\u00e1vneho zarovnania, ktor\u00e9 by mohli ovplyvni\u0165 v\u00fdkon.<\/li>\n<li><strong>Vhodn\u00e9 mazanie:<\/strong> Pravidelne nama\u017ete valec odpor\u00fa\u010dan\u00fdm hydraulick\u00fdm olejom, aby ste zabezpe\u010dili plynul\u00fd chod a zn\u00ed\u017eili opotrebovanie. Vypracujte si pl\u00e1n mazania na z\u00e1klade frekvencie pou\u017e\u00edvania zariadenia.<\/li>\n<li><strong>V\u00fdmena tesnenia:<\/strong> Pravidelne kontrolujte tesnenia, \u010di nevykazuj\u00fa zn\u00e1mky opotrebovania alebo po\u0161kodenia. V\u00fdmena tesnen\u00ed v pr\u00edpade potreby je k\u013e\u00fa\u010dov\u00e1 pre zachovanie integrity a funk\u010dnosti hydraulick\u00e9ho syst\u00e9mu.<\/li>\n<\/ul>\n<h2>Bezpe\u010dnostn\u00e9 aspekty a faktory prostredia<\/h2>\n<p>Bezpe\u010dnostn\u00e9 opatrenia s\u00fa pri obsluhe hydraulick\u00fdch zariaden\u00ed prvorad\u00e9. Zabezpe\u010denie, aby boli oper\u00e1tori vy\u0161kolen\u00ed v bezpe\u010dn\u00fdch prev\u00e1dzkov\u00fdch postupoch a aby v\u0161etky bezpe\u010dnostn\u00e9 prvky boli funk\u010dn\u00e9, pom\u00e1ha minimalizova\u0165 rizik\u00e1. Okrem toho je pre dlh\u00fa \u017eivotnos\u0165 hydraulick\u00fdch valcov nevyhnutn\u00e9 zoh\u013eadni\u0165 faktory prostredia, ako je vystavenie extr\u00e9mnym teplot\u00e1m, vlhkosti a koroz\u00edvnym l\u00e1tkam.<\/p>\n<h2>Rie\u0161enie probl\u00e9mov a be\u017en\u00e9 probl\u00e9my<\/h2>\n<ul>\n<li><strong>\u00danik:<\/strong> Jedn\u00fdm z naj\u010dastej\u0161\u00edch probl\u00e9mov je \u00fanik hydraulickej kvapaliny, \u010dasto sp\u00f4soben\u00fd opotrebovan\u00fdmi tesneniami. Pravideln\u00e9 kontroly a v\u010dasn\u00e9 v\u00fdmeny s\u00fa nevyhnutn\u00e9.<\/li>\n<li><strong>Slab\u00fd v\u00fdkon:<\/strong> Ak valec nereaguje spr\u00e1vne, m\u00f4\u017ee to znamena\u0165 probl\u00e9m s hladinou hydraulickej kvapaliny alebo upchatie syst\u00e9mu.<\/li>\n<li><strong>Prehriatie:<\/strong> Nadmern\u00e9 teplo m\u00f4\u017ee vies\u0165 k poruche kvapaliny. Zabezpe\u010dte, aby boli nain\u0161talovan\u00e9 spr\u00e1vne chladiace syst\u00e9my a aby sa hydraulick\u00e1 kvapalina pravidelne vymie\u0148ala, aby sa predi\u0161lo prehriatiu.<\/li>\n<\/ul>\n<h2>Tipy na rie\u0161enie por\u00fach<\/h2>\n<p>Pre efekt\u00edvnu diagnostiku a rie\u0161enie probl\u00e9mov si ve\u010fte z\u00e1znamy o v\u0161etk\u00fdch zmen\u00e1ch vo v\u00fdkone a dodr\u017eiavajte d\u00f4sledn\u00fd proces hodnotenia. Zav\u00e1dzajte prevent\u00edvne opatrenia, ako s\u00fa pravideln\u00e9 kontroly \u00fadr\u017eby a \u0161kolenie obsluhy, aby ste minimalizovali v\u00fdskyt probl\u00e9mov. Ak sa vyskytn\u00fa probl\u00e9my, pora\u010fte sa s kvalifikovan\u00fdm technikom, ktor\u00fd v\u00e1m poskytne presn\u00fa diagnostiku a rie\u0161enia.<\/p>\n<p><img decoding=\"async\" src=\"https:\/\/www.hydraulic-cylinders.net\/wp-content\/uploads\/2025\/04\/songte-bushings-with-all-kinds-of-excavator-models.webp\" alt=\"Puzdr\u00e1 s modelmi bagrov\"><\/p>\n<h2>Preh\u013ead spolo\u010dnosti<\/h2>\n<p>Sme popredn\u00fdm v\u00fdrobcom n\u00e1hradn\u00fdch hydraulick\u00fdch valcov a pon\u00fakame komplexn\u00fd sortiment produktov. Na\u0161a spolo\u010dnos\u0165 sa etablovala ako jeden z popredn\u00fdch v\u00fdrobcov a distrib\u00fatorov na dom\u00e1com aj medzin\u00e1rodnom trhu. Dodr\u017eiavame vynikaj\u00facu kvalitu a vyu\u017e\u00edvame prepracovan\u00fa strat\u00e9giu riadenia v\u00fdroby, ktor\u00e1 kladie d\u00f4raz na priemyseln\u00fa v\u00fdrobu. Na\u0161i kvalifikovan\u00ed pracovn\u00edci, modern\u00e9 v\u00fdrobn\u00e9 zariadenia a profesion\u00e1lne testovacie syst\u00e9my neust\u00e1le zlep\u0161uj\u00fa na\u0161e v\u00fdrobn\u00e9 kapacity. Zameriavame sa na vysok\u00fa efektivitu, presnos\u0165 a kvalitu, aby sme splnili rozmanit\u00e9 potreby z\u00e1kazn\u00edkov.<\/p>\n<p><img decoding=\"async\" src=\"https:\/\/www.hydraulic-cylinders.net\/wp-content\/uploads\/2025\/04\/songte-company-4.webp\" alt=\"Preh\u013ead spolo\u010dnosti 1\"><br \/>\n<img decoding=\"async\" src=\"https:\/\/www.hydraulic-cylinders.net\/wp-content\/uploads\/2025\/04\/songte-company-3.webp\" alt=\"Preh\u013ead spolo\u010dnosti 2\"><\/p>\n<p>Autor: lyl<\/p>","protected":false},"excerpt":{"rendered":"<p>Boom Cylinder For XCMG Large Excavator XE490CH Product Overview The Boom Cylinder for XCMG Large Excavator XE490CH is a specialized hydraulic cylinder designed for controlling the motion of the excavator&#8217;s boom. This crucial component plays a significant role in hydraulic systems, enabling heavy machinery to perform various tasks efficiently. The boom cylinder allows the excavator [&hellip;]<\/p>","protected":false},"featured_media":17872,"comment_status":"open","ping_status":"closed","template":"","meta":{"_et_pb_use_builder":"","_et_pb_old_content":"","_et_gb_content_width":""},"product_brand":[],"product_cat":[1546],"product_tag":[1547,1496],"class_list":{"0":"post-19201","1":"product","2":"type-product","3":"status-publish","4":"has-post-thumbnail","6":"product_cat-boom-cylinders","7":"product_tag-boom-cylinders","8":"product_tag-hydraulic-cylinders","10":"first","11":"instock","12":"shipping-taxable","13":"product-type-simple"},"amp_enabled":true,"_links":{"self":[{"href":"https:\/\/www.hydraulic-cylinders.net\/sk\/wp-json\/wp\/v2\/product\/19201","targetHints":{"allow":["GET"]}}],"collection":[{"href":"https:\/\/www.hydraulic-cylinders.net\/sk\/wp-json\/wp\/v2\/product"}],"about":[{"href":"https:\/\/www.hydraulic-cylinders.net\/sk\/wp-json\/wp\/v2\/types\/product"}],"replies":[{"embeddable":true,"href":"https:\/\/www.hydraulic-cylinders.net\/sk\/wp-json\/wp\/v2\/comments?post=19201"}],"wp:featuredmedia":[{"embeddable":true,"href":"https:\/\/www.hydraulic-cylinders.net\/sk\/wp-json\/wp\/v2\/media\/17872"}],"wp:attachment":[{"href":"https:\/\/www.hydraulic-cylinders.net\/sk\/wp-json\/wp\/v2\/media?parent=19201"}],"wp:term":[{"taxonomy":"product_brand","embeddable":true,"href":"https:\/\/www.hydraulic-cylinders.net\/sk\/wp-json\/wp\/v2\/product_brand?post=19201"},{"taxonomy":"product_cat","embeddable":true,"href":"https:\/\/www.hydraulic-cylinders.net\/sk\/wp-json\/wp\/v2\/product_cat?post=19201"},{"taxonomy":"product_tag","embeddable":true,"href":"https:\/\/www.hydraulic-cylinders.net\/sk\/wp-json\/wp\/v2\/product_tag?post=19201"}],"curies":[{"name":"pracovn\u00fd list","href":"https:\/\/api.w.org\/{rel}","templated":true}]}}