{"id":19204,"date":"2025-04-07T06:18:01","date_gmt":"2025-04-07T06:18:01","guid":{"rendered":"https:\/\/www.hydraulic-cylinders.net\/product\/boom-cylinder-for-xcmg-large-excavator-xe470c\/"},"modified":"2025-04-07T06:18:03","modified_gmt":"2025-04-07T06:18:03","slug":"boom-cylinder-for-xcmg-large-excavator-xe470c","status":"publish","type":"product","link":"https:\/\/www.hydraulic-cylinders.net\/sk\/produkt\/boom-cylinder-for-xcmg-large-excavator-xe470c\/","title":{"rendered":"Valec v\u00fdlo\u017en\u00edka pre ve\u013ek\u00e9 r\u00fdpadlo XCMG XE470C"},"content":{"rendered":"<h1>Valec v\u00fdlo\u017en\u00edka pre ve\u013ek\u00e9 r\u00fdpadlo XCMG XE470C<\/h1>\n<h2>\u00davod do valca v\u00fdlo\u017en\u00edka<\/h2>\n<p>Hydraulick\u00fd valec v\u00fdlo\u017en\u00edka je k\u013e\u00fa\u010dovou s\u00fa\u010das\u0165ou \u0165a\u017ek\u00fdch strojov, \u0161peci\u00e1lne navrhnut\u00fd pre ve\u013ek\u00e9 r\u00fdpadl\u00e1, ako je XCMG XE470C. Tento hydraulick\u00fd valec je navrhnut\u00fd na ovl\u00e1danie pohybu v\u00fdlo\u017en\u00edka r\u00fdpadla, \u010do umo\u017e\u0148uje jeho efekt\u00edvne zdv\u00edhanie, sp\u00fa\u0161\u0165anie a nakl\u00e1\u0148anie. Funk\u010dnos\u0165 valca v\u00fdlo\u017en\u00edka je neoddelite\u013enou s\u00fa\u010das\u0165ou prev\u00e1dzky \u0165a\u017ek\u00fdch strojov v r\u00f4znych aplik\u00e1ci\u00e1ch a u\u013eah\u010duje \u00falohy, ako je kopanie, zdv\u00edhanie a premiest\u0148ovanie materi\u00e1lov.<\/p>\n<p><img decoding=\"async\" src=\"https:\/\/www.hydraulic-cylinders.net\/wp-content\/uploads\/2025\/04\/songte-company-1.webp\" alt=\"Obr\u00e1zok valca v\u00fdlo\u017en\u00edka\"><\/p>\n<h3>Defin\u00edcia a preh\u013ead<\/h3>\n<p>Hydraulick\u00fd valec v\u00fdlo\u017en\u00edka je typ hydraulick\u00e9ho valca, ktor\u00fd sa pou\u017e\u00edva najm\u00e4 v kontrolovan\u00fdch prostrediach, a nach\u00e1dza sa v \u0165a\u017ek\u00fdch zariadeniach, ako s\u00fa bagre, r\u00fdpadlo-naklada\u010de a \u010deln\u00e9 naklada\u010de. Tieto valce s\u00fa nevyhnutn\u00e9 pre efekt\u00edvnu manipul\u00e1ciu s materi\u00e1lom, umo\u017e\u0148uj\u00fa v\u00fdkopov\u00e9 pr\u00e1ce a prepravu ne\u010dist\u00f4t a sut\u00edn. Hydraulick\u00fd syst\u00e9m vyu\u017e\u00edva tlakov\u00fa kvapalinu na vytvorenie line\u00e1rneho pohybu, v\u010faka \u010domu je nevyhnutn\u00fd pre zdv\u00edhanie \u0165a\u017ek\u00fdch bremien a presn\u00e9 pohyby.<\/p>\n<h2>Vlastnosti valca v\u00fdlo\u017en\u00edka<\/h2>\n<ul>\n<li><strong>Vysok\u00e1 pevnos\u0165 a odolnos\u0165:<\/strong> Vyroben\u00e9 z vysokopevnostnej ocele alebo hlin\u00edka, schopn\u00e9 odol\u00e1va\u0165 vysok\u00e9mu tlaku a \u0165a\u017ek\u00fdm za\u0165a\u017eeniam, navrhnut\u00e9 tak, aby odolali n\u00e1ro\u010dn\u00fdm pracovn\u00fdm podmienkam a z\u00e1rove\u0148 predl\u017eovali \u017eivotnos\u0165 v\u010faka odolnosti vo\u010di opotrebovaniu a kor\u00f3zii.<\/li>\n<li><strong>Efekt\u00edvna hydraulick\u00e1 prev\u00e1dzka:<\/strong> Vyu\u017e\u00edva hydraulick\u00fd tlak oleja pre plynul\u00e9 vys\u00favanie a zas\u00favanie, \u010d\u00edm zabezpe\u010duje r\u00fdchlu odozvu na povely oper\u00e1tora a dod\u00e1va zna\u010dn\u00fa tlakov\u00fa a \u0165ahov\u00fa silu vhodn\u00fa pre \u0165a\u017ek\u00e9 a zlo\u017eit\u00e9 \u00falohy.<\/li>\n<li><strong>R\u00f4zne typy:<\/strong> Niektor\u00e9 modely s\u00fa dostupn\u00e9 v jedno\u010dinnom (prev\u00e1dzkovom v jednom smere) alebo dvoj\u010dinnom (prev\u00e1dzkovom v oboch smeroch) preveden\u00ed a maj\u00fa teleskopick\u00fa kon\u0161trukciu pre v\u00e4\u010d\u0161ie vysunutie bez zv\u00e4\u010d\u0161enia vonkaj\u0161\u00edch rozmerov, \u010do je v\u00fdhodn\u00e9 v stiesnen\u00fdch priestoroch.<\/li>\n<li><strong>Kompatibilita:<\/strong> Na\u0161e hydraulick\u00e9 valce v\u00fdlo\u017en\u00edka s\u00fa navrhnut\u00e9 ako perfektn\u00e1 n\u00e1hrada za r\u00f4zne modely hydraulick\u00fdch valcov, \u010d\u00edm sa zabezpe\u010d\u00ed bezprobl\u00e9mov\u00e1 integr\u00e1cia a funk\u010dnos\u0165.<\/li>\n<li><strong>Prisp\u00f4sobite\u013en\u00e9 mo\u017enosti:<\/strong> Pon\u00fakame rie\u0161enia na mieru, ktor\u00e9 sp\u013a\u0148aj\u00fa \u0161pecifick\u00e9 prev\u00e1dzkov\u00e9 potreby a zabezpe\u010duj\u00fa spr\u00e1vne vyu\u017eitie pre ak\u00fako\u013evek aplik\u00e1ciu \u0165a\u017ek\u00fdch strojov.<\/li>\n<\/ul>\n<p><img decoding=\"async\" src=\"https:\/\/www.hydraulic-cylinders.net\/wp-content\/uploads\/2025\/04\/songte-cylinder-head-with-all-kinds-excavator-models.webp\" alt=\"Obr\u00e1zok kompatibility valca v\u00fdlo\u017en\u00edka\"><\/p>\n<h2>Aplik\u00e1cie valca v\u00fdlo\u017en\u00edka<\/h2>\n<h3>Stavebn\u00e9 stroje<\/h3>\n<p>V r\u00fdpadl\u00e1ch zohr\u00e1vaj\u00fa valce v\u00fdlo\u017en\u00edka k\u013e\u00fa\u010dov\u00fa \u00falohu pri kopan\u00ed, nakladan\u00ed a premiest\u0148ovan\u00ed zeminy alebo sutiny. Schopnos\u0165 v\u00fdlo\u017en\u00edka vys\u00fava\u0165 sa a zas\u00fava\u0165 umo\u017e\u0148uje obsluhe efekt\u00edvne dosiahnu\u0165 r\u00f4zne h\u013abky a v\u00fd\u0161ky. Okrem toho v r\u00fdpadlo-naklada\u010doch valec v\u00fdlo\u017en\u00edka pom\u00e1ha nielen pri v\u00fdkopov\u00fdch pr\u00e1cach, ale aj pri zdv\u00edhan\u00ed ly\u017eice na nakladanie materi\u00e1lov na n\u00e1kladn\u00e9 aut\u00e1 alebo dopravn\u00edky, \u010d\u00edm sa optimalizuje pracovn\u00fd postup na stavenisk\u00e1ch.<\/p>\n<h3>Po\u013enohospod\u00e1rske stroje<\/h3>\n<p>V \u010deln\u00fdch naklada\u010doch sa valce v\u00fdlo\u017en\u00edka pou\u017e\u00edvaj\u00fa na naberanie, zdv\u00edhanie a prepravu p\u00f4dy, sena a in\u00fdch materi\u00e1lov. Hydraulick\u00fd syst\u00e9m umo\u017e\u0148uje po\u013enohospod\u00e1rom \u013eahk\u00fa manipul\u00e1ciu so sypk\u00fdmi materi\u00e1lmi, \u010d\u00edm sa zvy\u0161uje produktivita po\u010das sejby a zberu \u00farody. Presnos\u0165 a v\u00fdkon, ktor\u00e9 poskytuje valec v\u00fdlo\u017en\u00edka, s\u00fa nevyhnutn\u00e9 pre efekt\u00edvnu pr\u00e1cu v ter\u00e9ne a riadenie zdrojov.<\/p>\n<h3>R\u00fdpadl\u00e1<\/h3>\n<p>V r\u00fdpadl\u00e1ch umo\u017e\u0148uje valec v\u00fdlo\u017en\u00edka kopanie t\u00fdm, \u017ee umo\u017e\u0148uje ly\u017eici efekt\u00edvne prenika\u0165 do p\u00f4dy. T\u00e1to schopnos\u0165 prenikania je nevyhnutn\u00e1 pre r\u00f4zne typy v\u00fdkopov\u00fdch pr\u00e1c, od h\u013abenia v\u00fdkopov a\u017e po pr\u00edpravu staveniska. Hydraulick\u00fd v\u00fdkon zabezpe\u010duje, \u017ee ly\u017eica dok\u00e1\u017ee dosiahnu\u0165 hlboko do zeme a z\u00e1rove\u0148 si zachova\u0165 stabilitu a kontrolu.<\/p>\n<h3>Naklada\u010de<\/h3>\n<p>V \u010deln\u00fdch naklada\u010doch pom\u00e1haj\u00fa valce v\u00fdlo\u017en\u00edka efekt\u00edvne zdv\u00edha\u0165 a vyklada\u0165 bremen\u00e1. Schopnos\u0165 ovl\u00e1da\u0165 uhol a v\u00fd\u0161ku ly\u017eice je k\u013e\u00fa\u010dov\u00e1 pre efekt\u00edvnu manipul\u00e1ciu s materi\u00e1lom, \u010do umo\u017e\u0148uje obsluhe maximalizova\u0165 produktivitu a z\u00e1rove\u0148 minimalizova\u0165 \u00fasilie a \u010das str\u00e1ven\u00fd ka\u017edou \u00falohou.<\/p>\n<h2>\u00davahy o dizajne a krit\u00e9ri\u00e1 v\u00fdberu<\/h2>\n<h3>Nosnos\u0165<\/h3>\n<p>Nosnos\u0165 valca v\u00fdlo\u017en\u00edka je prim\u00e1rnym kon\u0161truk\u010dn\u00fdm krit\u00e9riom. Mus\u00ed by\u0165 schopn\u00fd zvl\u00e1dnu\u0165 maxim\u00e1lnu hmotnos\u0165 premiest\u0148ovan\u00fdch materi\u00e1lov bez rizika poruchy. Kon\u0161trukcia nosnosti zah\u0155\u0148a pr\u00edsne testovanie a v\u00fdber robustn\u00fdch materi\u00e1lov, aby sa zabezpe\u010dila spo\u013eahlivos\u0165 pri nam\u00e1han\u00ed.<\/p>\n<h3>Integrita tesnenia<\/h3>\n<p>Tesnenie je nevyhnutn\u00e9 pre udr\u017eanie tlaku v hydraulickom syst\u00e9me. Spr\u00e1vne tesnenia zabra\u0148uj\u00fa \u00fanikom a zabezpe\u010duj\u00fa efekt\u00edvnu prev\u00e1dzku. Pou\u017eitie vysokokvalitn\u00fdch tesniacich materi\u00e1lov a kon\u0161trukci\u00ed minimalizuje opotrebovanie a predl\u017euje \u017eivotnos\u0165 hydraulick\u00e9ho valca.<\/p>\n<h3>Trvanlivos\u0165<\/h3>\n<p>Trvanlivos\u0165 je kritick\u00fdm faktorom, najm\u00e4 v n\u00e1ro\u010dn\u00fdch podmienkach. Valce v\u00fdlo\u017en\u00edka musia by\u0165 navrhnut\u00e9 tak, aby odolali nielen hmotnosti bremien, ale aj environment\u00e1lnym v\u00fdzvam, ako je prach, vlhkos\u0165 a teplotn\u00e9 v\u00fdkyvy. Pokro\u010dil\u00e9 povrchov\u00e9 \u00fapravy a \u00fapravy zvy\u0161uj\u00fa odolnos\u0165 vo\u010di opotrebovaniu a kor\u00f3zii.<\/p>\n<h3>Bezpe\u010dnostn\u00e9 prvky<\/h3>\n<p>Bezpe\u010dnos\u0165 je pri kon\u0161trukcii hydraulick\u00fdch valcov prvorad\u00e1. Za\u010dlenenie prvkov, ako s\u00fa pretlakov\u00e9 ventily a senzory pre\u0165a\u017eenia, m\u00f4\u017ee zabr\u00e1ni\u0165 nehod\u00e1m a po\u0161kodeniu zariaden\u00ed. Tieto bezpe\u010dnostn\u00e9 opatrenia s\u00fa nevyhnutn\u00e9 pre ochranu obsluhy a zabezpe\u010denie dlhej \u017eivotnosti strojov.<\/p>\n<h3>Pr\u00edstupnos\u0165 \u00fadr\u017eby<\/h3>\n<p>Navrhovanie s oh\u013eadom na pr\u00edstupnos\u0165 pre \u00fadr\u017ebu zabezpe\u010duje, \u017ee oper\u00e1tori m\u00f4\u017eu vykon\u00e1va\u0165 be\u017en\u00e9 kontroly a opravy bez rozsiahlej demont\u00e1\u017ee. To je k\u013e\u00fa\u010dov\u00e9 pre minimaliz\u00e1ciu prestojov a udr\u017eanie prev\u00e1dzkovej efekt\u00edvnosti. Jednoduch\u00fd pr\u00edstup ku kritick\u00fdm komponentom m\u00f4\u017ee v\u00fdrazne zn\u00ed\u017ei\u0165 n\u00e1klady na \u00fadr\u017ebu a pracovn\u00fd \u010das.<\/p>\n<p><img decoding=\"async\" src=\"https:\/\/www.hydraulic-cylinders.net\/wp-content\/uploads\/2025\/04\/songte-oil-pipes-and-spare-parts.webp\" alt=\"Obr\u00e1zok hydraulick\u00fdch komponentov\"><\/p>\n<h2>Tesnenie a mazanie<\/h2>\n<p>Integrita hydraulick\u00fdch syst\u00e9mov z\u00e1vis\u00ed od \u00fa\u010dinn\u00e9ho tesnenia a mazania. R\u00f4zne tesnenia, vr\u00e1tane tesnen\u00ed piestov a tesnen\u00ed ty\u010d\u00ed, s\u00fa nevyhnutn\u00e9 na zabr\u00e1nenie \u00faniku kvapaliny. Materi\u00e1ly ako polyuret\u00e1n a nitrilov\u00e1 guma sa be\u017ene pou\u017e\u00edvaj\u00fa pre svoju trvanlivos\u0165 a odolnos\u0165 vo\u010di opotrebovaniu. Teleso valca a z\u00e1vitov\u00e9 konce sa presn\u00fdm obr\u00e1ban\u00edm zvy\u0161uj\u00fa odolnos\u0165 a v\u00fdkon. Pravideln\u00e9 mazanie hydraulick\u00fdm olejom je nevyhnutn\u00e9 na udr\u017eanie \u00fa\u010dinnosti hydraulick\u00e9ho syst\u00e9mu a pred\u013a\u017eenie \u017eivotnosti komponentov.<\/p>\n<h2>Opatrenia prevent\u00edvnej \u00fadr\u017eby<\/h2>\n<ul>\n<li><strong>Pravideln\u00e9 kontroly:<\/strong> Vykon\u00e1vajte pravideln\u00e9 kontroly, aby ste identifikovali potenci\u00e1lne probl\u00e9my sk\u00f4r, ako sa vyhrotia. H\u013eadajte zn\u00e1mky opotrebovania, netesnost\u00ed a funk\u010dnosti valca.<\/li>\n<li><strong>Vhodn\u00e9 mazanie:<\/strong> Dbajte na pravideln\u00e9 dop\u013a\u0148anie hydraulick\u00e9ho oleja a na to, aby bol olej vhodn\u00fd pre prev\u00e1dzkov\u00e9 podmienky. T\u00fdm sa zabr\u00e1ni prehriatiu a opotrebovaniu.<\/li>\n<li><strong>V\u00fdmena tesnenia:<\/strong> Pravidelne kontrolujte a vymie\u0148ajte tesnenia, aby ste zachovali ich integritu a predi\u0161li \u00fanikom, \u010d\u00edm zabezpe\u010d\u00edte optim\u00e1lny hydraulick\u00fd v\u00fdkon.<\/li>\n<\/ul>\n<h2>Pokyny na in\u0161tal\u00e1ciu valca ramena<\/h2>\n<p>Spr\u00e1vna in\u0161tal\u00e1cia valca v\u00fdlo\u017en\u00edka je k\u013e\u00fa\u010dov\u00e1 pre maxim\u00e1lnu efektivitu a bezpe\u010dnos\u0165. Za\u010dnite t\u00fdm, \u017ee sa uist\u00edte, \u017ee pracovn\u00fd priestor je vo\u013en\u00fd a zariadenie je stabiln\u00e9. Presne zarovnajte hydraulick\u00fd valec s mont\u00e1\u017enymi bodmi; nespr\u00e1vne zarovnanie m\u00f4\u017ee vies\u0165 k pred\u010dasn\u00e9mu opotrebovaniu. Na upevnenie valca pou\u017eite vhodn\u00e9 mont\u00e1\u017ene konzoly. Uistite sa, \u017ee v\u0161etky hydraulick\u00e9 vedenia s\u00fa spr\u00e1vne pripojen\u00e9 a vyhnite sa zalomeniu alebo prasklin\u00e1m. Po in\u0161tal\u00e1cii odvzdu\u0161nite hydraulick\u00fd syst\u00e9m, aby ste odstr\u00e1nili v\u0161etok vzduch, a pred prev\u00e1dzkou stroja skontrolujte, \u010di nedoch\u00e1dza k \u00fanikom.<\/p>\n<h2>Be\u017en\u00e9 \u00falohy \u00fadr\u017eby<\/h2>\n<ul>\n<li><strong>Pravideln\u00e9 kontroly:<\/strong> Napl\u00e1nujte si pravideln\u00e9 kontroly na monitorovanie celkov\u00e9ho stavu valca ramena. Zamerajte sa na kontrolu netesnost\u00ed a probl\u00e9mov s v\u00fdkonom.<\/li>\n<li><strong>Spr\u00e1vne mazanie:<\/strong> Dostato\u010dn\u00e9 mazanie je nevyhnutn\u00e9 na zn\u00ed\u017eenie trenia a opotrebenia. Zabezpe\u010dte, aby hladina hydraulick\u00e9ho oleja bola udr\u017eiavan\u00e1 na odpor\u00fa\u010dan\u00fdch \u00farovniach.<\/li>\n<li><strong>V\u00fdmena tesnenia:<\/strong> Monitorujte stav tesnen\u00ed a pod\u013ea potreby ich vymie\u0148ajte, aby sa zachovala integrita a funk\u010dnos\u0165 syst\u00e9mu.<\/li>\n<\/ul>\n<p>Spr\u00e1vna in\u0161tal\u00e1cia, mazanie a nastavenie s\u00fa k\u013e\u00fa\u010dov\u00e9 pre \u017eivotnos\u0165 a \u00fa\u010dinnos\u0165 valca v\u00fdlo\u017en\u00edka. Po\u010das in\u0161tal\u00e1cie sa uistite, \u017ee je valec spr\u00e1vne zarovnan\u00fd, aby ste predi\u0161li probl\u00e9mom s nespr\u00e1vnym zarovnan\u00edm. Na zabezpe\u010denie valca po\u010das prev\u00e1dzky sa odpor\u00fa\u010da pou\u017eitie vhodn\u00fdch mont\u00e1\u017enych podpier. Na zachovanie optim\u00e1lnej funk\u010dnosti by sa mali zavies\u0165 pravideln\u00e9 postupy monitorovania, opravy a v\u00fdmeny. Implement\u00e1cia t\u00fdchto strat\u00e9gi\u00ed m\u00f4\u017ee v\u00fdrazne pred\u013a\u017ei\u0165 \u017eivotnos\u0165 va\u0161ich hydraulick\u00fdch komponentov.<\/p>\n<p><img decoding=\"async\" src=\"https:\/\/www.hydraulic-cylinders.net\/wp-content\/uploads\/2025\/04\/songte-chushion-collar.webp\" alt=\"Obr\u00e1zok vank\u00fa\u0161ov\u00e9ho goliera\"><\/p>\n<h2>Bezpe\u010dnostn\u00e9 aspekty a faktory prostredia<\/h2>\n<p>Implement\u00e1cia bezpe\u010dnostn\u00fdch opatren\u00ed pri pou\u017e\u00edvan\u00ed hydraulick\u00fdch valcov je nevyhnutn\u00e1 na predch\u00e1dzanie nehod\u00e1m a po\u0161kodeniu zariaden\u00ed. Obsluha by mala by\u0165 vy\u0161kolen\u00e1 v rozpozn\u00e1van\u00ed potenci\u00e1lnych nebezpe\u010denstiev spojen\u00fdch s hydraulick\u00fdmi syst\u00e9mami. Po\u010das prev\u00e1dzky a \u00fadr\u017eby by sa mali nosi\u0165 vhodn\u00e9 osobn\u00e9 ochrann\u00e9 prostriedky (OOP). Pri n\u00e1vrhu a prev\u00e1dzke valcov v\u00fdlo\u017en\u00edka by sa mali zoh\u013eadni\u0165 aj faktory prostredia, ako je vystavenie extr\u00e9mnym teplot\u00e1m alebo koroz\u00edvnym l\u00e1tkam, aby sa zabezpe\u010dila ich dlh\u00e1 \u017eivotnos\u0165 a v\u00fdkon.<\/p>\n<h2>Diagnostika por\u00fach a be\u017en\u00e9 probl\u00e9my<\/h2>\n<ul>\n<li><strong>\u00danik:<\/strong> K \u00faniku m\u00f4\u017ee d\u00f4js\u0165 z opotrebovan\u00fdch tesnen\u00ed alebo po\u0161koden\u00fdch had\u00edc. Pravideln\u00e9 kontroly s\u00fa nevyhnutn\u00e9 na v\u010dasn\u00fa identifik\u00e1ciu a odstr\u00e1nenie t\u00fdchto probl\u00e9mov.<\/li>\n<li><strong>Strata tlaku:<\/strong> Nedostato\u010dn\u00fd hydraulick\u00fd tlak m\u00f4\u017ee vies\u0165 k n\u00edzkemu v\u00fdkonu. Skontrolujte, \u010di v hydraulick\u00fdch potrubiach nie s\u00fa upchat\u00e9 alebo netesn\u00e9.<\/li>\n<li><strong>Pomal\u00e1 odozva:<\/strong> Oneskoren\u00e1 reakcia valca v\u00fdlo\u017en\u00edka m\u00f4\u017ee nazna\u010dova\u0165 n\u00edzku hladinu hydraulickej kvapaliny alebo probl\u00e9my v hydraulickom \u010derpadle.<\/li>\n<\/ul>\n<h2>Tipy na rie\u0161enie probl\u00e9mov<\/h2>\n<p>\u00da\u010dinn\u00e1 diagnostika a rie\u0161enie por\u00fach s\u00fa k\u013e\u00fa\u010dom k udr\u017eaniu prev\u00e1dzkovej efekt\u00edvnosti. V pr\u00edpade \u00fanikov pos\u00fa\u010fte integritu tesnen\u00ed a v pr\u00edpade potreby ich vyme\u0148te. Ak sa zist\u00ed strata tlaku, skontrolujte hydraulick\u00fd syst\u00e9m, \u010di nie je zablokovan\u00fd alebo netesn\u00fd, a okam\u017eite ich odstr\u00e1\u0148te. V pr\u00edpade pomalej odozvy sa uistite, \u017ee hydraulick\u00e1 kvapalina je naplnen\u00e1 na spr\u00e1vnu \u00farove\u0148 a skontrolujte funk\u010dnos\u0165 \u010derpadla. Implement\u00e1cia prevent\u00edvnych opatren\u00ed, ako je pravideln\u00e1 \u00fadr\u017eba a kontroly, m\u00f4\u017ee minimalizova\u0165 potenci\u00e1lne probl\u00e9my a zv\u00fd\u0161i\u0165 \u017eivotnos\u0165 hydraulick\u00fdch syst\u00e9mov.<\/p>\n<p><img decoding=\"async\" src=\"https:\/\/www.hydraulic-cylinders.net\/wp-content\/uploads\/2025\/04\/songte-bushings-with-all-kinds-of-excavator-models.webp\" alt=\"Obr\u00e1zok puzdier\"><\/p>\n<h2>O na\u0161ej spolo\u010dnosti<\/h2>\n<p>Sme popredn\u00fdm v\u00fdrobcom n\u00e1hradn\u00fdch hydraulick\u00fdch valcov a pon\u00fakame \u0161irok\u00fd sortiment produktov, v\u010faka ktor\u00fdm sa rad\u00edme medzi popredn\u00fdch v\u00fdrobcov a ve\u013ekoobchodn\u00edkov na dom\u00e1com aj medzin\u00e1rodnom trhu. N\u00e1\u0161 z\u00e1v\u00e4zok k excelentnosti a prec\u00edzne strat\u00e9gie riadenia v\u00fdroby zabezpe\u010duj\u00fa vysokokvalitn\u00fa produkciu. V\u010faka vyu\u017e\u00edvaniu kvalifikovan\u00fdch technikov, pokro\u010dil\u00fdch digit\u00e1lnych v\u00fdrobn\u00fdch zariaden\u00ed a profesion\u00e1lnych testovac\u00edch syst\u00e9mov neust\u00e1le vylep\u0161ujeme na\u0161u v\u00fdrobn\u00fa platformu a z\u00e1rove\u0148 dodr\u017eiavame vysok\u00e9 \u0161tandardy efektivity, presnosti a kvality, aby sme splnili rozmanit\u00e9 potreby z\u00e1kazn\u00edkov.<\/p>\n<p><img decoding=\"async\" src=\"https:\/\/www.hydraulic-cylinders.net\/wp-content\/uploads\/2025\/04\/songte-company-4.webp\" alt=\"Obr\u00e1zok spolo\u010dnosti 1\"><br \/>\n<img decoding=\"async\" src=\"https:\/\/www.hydraulic-cylinders.net\/wp-content\/uploads\/2025\/04\/songte-company-3.webp\" alt=\"Obr\u00e1zok spolo\u010dnosti 2\"><\/p>\n<p>Na\u0161a odbornos\u0165 sa roz\u0161iruje do r\u00f4znych oblast\u00ed vr\u00e1tane \u0161pecializ\u00e1cie, medzin\u00e1rodn\u00fdch certifik\u00e1ci\u00ed, slu\u017eieb na mieru, najmodernej\u0161\u00edch v\u00fdrobn\u00fdch zariaden\u00ed a komplexnej popredajnej podpory.<\/p>\n<p>Autor: lyl<\/p>","protected":false},"excerpt":{"rendered":"<p>Boom Cylinder For XCMG Large Excavator XE470C Introduction to Boom Cylinder The Boom Cylinder is a pivotal component in heavy machinery, specifically engineered for large excavators such as the XCMG XE470C. This hydraulic cylinder is designed to control the movement of the excavator&#8217;s boom, allowing it to lift, lower, and tilt effectively. The functionality of [&hellip;]<\/p>","protected":false},"featured_media":17875,"comment_status":"open","ping_status":"closed","template":"","meta":{"_et_pb_use_builder":"","_et_pb_old_content":"","_et_gb_content_width":""},"product_brand":[],"product_cat":[1546],"product_tag":[1547,1496],"class_list":{"0":"post-19204","1":"product","2":"type-product","3":"status-publish","4":"has-post-thumbnail","6":"product_cat-boom-cylinders","7":"product_tag-boom-cylinders","8":"product_tag-hydraulic-cylinders","10":"first","11":"instock","12":"shipping-taxable","13":"product-type-simple"},"amp_enabled":true,"_links":{"self":[{"href":"https:\/\/www.hydraulic-cylinders.net\/sk\/wp-json\/wp\/v2\/product\/19204","targetHints":{"allow":["GET"]}}],"collection":[{"href":"https:\/\/www.hydraulic-cylinders.net\/sk\/wp-json\/wp\/v2\/product"}],"about":[{"href":"https:\/\/www.hydraulic-cylinders.net\/sk\/wp-json\/wp\/v2\/types\/product"}],"replies":[{"embeddable":true,"href":"https:\/\/www.hydraulic-cylinders.net\/sk\/wp-json\/wp\/v2\/comments?post=19204"}],"wp:featuredmedia":[{"embeddable":true,"href":"https:\/\/www.hydraulic-cylinders.net\/sk\/wp-json\/wp\/v2\/media\/17875"}],"wp:attachment":[{"href":"https:\/\/www.hydraulic-cylinders.net\/sk\/wp-json\/wp\/v2\/media?parent=19204"}],"wp:term":[{"taxonomy":"product_brand","embeddable":true,"href":"https:\/\/www.hydraulic-cylinders.net\/sk\/wp-json\/wp\/v2\/product_brand?post=19204"},{"taxonomy":"product_cat","embeddable":true,"href":"https:\/\/www.hydraulic-cylinders.net\/sk\/wp-json\/wp\/v2\/product_cat?post=19204"},{"taxonomy":"product_tag","embeddable":true,"href":"https:\/\/www.hydraulic-cylinders.net\/sk\/wp-json\/wp\/v2\/product_tag?post=19204"}],"curies":[{"name":"pracovn\u00fd list","href":"https:\/\/api.w.org\/{rel}","templated":true}]}}