{"id":19208,"date":"2025-04-07T06:18:13","date_gmt":"2025-04-07T06:18:13","guid":{"rendered":"https:\/\/www.hydraulic-cylinders.net\/product\/boom-cylinder-for-xcmg-wheel-excavator-xe150w\/"},"modified":"2025-04-07T06:18:16","modified_gmt":"2025-04-07T06:18:16","slug":"boom-cylinder-for-xcmg-wheel-excavator-xe150w","status":"publish","type":"product","link":"https:\/\/www.hydraulic-cylinders.net\/sk\/produkt\/boom-cylinder-for-xcmg-wheel-excavator-xe150w\/","title":{"rendered":"Valec v\u00fdlo\u017en\u00edka pre kolesov\u00e9 r\u00fdpadlo XCMG XE150W"},"content":{"rendered":"<h1>Valec v\u00fdlo\u017en\u00edka pre kolesov\u00e9 r\u00fdpadlo XCMG XE150W<\/h1>\n<h2>Preh\u013ead valca v\u00fdlo\u017en\u00edka<\/h2>\n<p>Hydraulick\u00fd valec v\u00fdlo\u017en\u00edka je d\u00f4le\u017eitou s\u00fa\u010das\u0165ou hydraulick\u00fdch syst\u00e9mov, \u0161peci\u00e1lne navrhnut\u00fd na ovl\u00e1danie pohybu v\u00fdlo\u017en\u00edkov v r\u00f4znych \u0165a\u017ek\u00fdch strojoch, ako s\u00fa bagre, r\u00fdpadl\u00e1 a \u010deln\u00e9 naklada\u010de. Umo\u017e\u0148uje v\u00fdlo\u017en\u00edku zdv\u00edha\u0165, sp\u00fa\u0161\u0165a\u0165 a nakl\u00e1\u0148a\u0165 ho, \u010do u\u013eah\u010duje efekt\u00edvnu manipul\u00e1ciu s materi\u00e1lom. Hydraulick\u00fd valec v\u00fdlo\u017en\u00edka je typ hydraulick\u00e9ho valca, ktor\u00fd na vykon\u00e1vanie t\u00fdchto funkci\u00ed vyu\u017e\u00edva tlak hydraulickej kvapaliny, v\u010faka \u010domu je nevyhnutn\u00fd pre prev\u00e1dzku stavebn\u00fdch a po\u013enohospod\u00e1rskych strojov.<\/p>\n<p><img decoding=\"async\" src=\"https:\/\/www.hydraulic-cylinders.net\/wp-content\/uploads\/2025\/04\/songte-company-1.webp\" alt=\"Valec v\u00fdlo\u017en\u00edka\"><\/p>\n<h3>Funkcia a aplik\u00e1cie<\/h3>\n<p>Hydraulick\u00fd valec v\u00fdlo\u017en\u00edka hr\u00e1 k\u013e\u00fa\u010dov\u00fa \u00falohu v hydraulickom syst\u00e9me r\u00fdpadla. Umo\u017enen\u00edm vys\u00favania a zas\u00favania v\u00fdlo\u017en\u00edka poskytuje potrebn\u00fa silu na efekt\u00edvne v\u00fdkopov\u00e9 pr\u00e1ce, zdv\u00edhanie a prepravu materi\u00e1lov. Tieto valce s\u00fa navrhnut\u00e9 tak, aby fungovali pod vysok\u00fdm tlakom, \u010d\u00edm zabezpe\u010duj\u00fa presnos\u0165 pohybu a stabilitu po\u010das prev\u00e1dzky. Ich pou\u017eitie presahuje r\u00e1mec r\u00fdpadiel, v\u010faka \u010domu s\u00fa nevyhnutn\u00e9 v r\u00f4znych \u0165a\u017ek\u00fdch strojoch.<\/p>\n<h2>Vlastnosti valca v\u00fdlo\u017en\u00edka<\/h2>\n<ul>\n<li><strong>Vysok\u00e1 pevnos\u0165 a odolnos\u0165:<\/strong> Valec v\u00fdlo\u017en\u00edka je vyroben\u00fd z vysokopevnostnej ocele alebo hlin\u00edka a je skon\u0161truovan\u00fd tak, aby odolal vysok\u00e9mu tlaku a \u0165a\u017ek\u00fdm za\u0165a\u017eeniam, v\u010faka \u010domu je vhodn\u00fd do n\u00e1ro\u010dn\u00fdch pracovn\u00fdch prostred\u00ed. Jeho kon\u0161trukcia tie\u017e zoh\u013ead\u0148uje odolnos\u0165 proti opotrebovaniu a ochranu proti kor\u00f3zii, \u010d\u00edm sa predl\u017euje jeho \u017eivotnos\u0165.<\/li>\n<li><strong>Efekt\u00edvna hydraulick\u00e1 prev\u00e1dzka:<\/strong> Valec vyu\u017e\u00edva hydraulick\u00fd tlak oleja pre plynul\u00e9 vys\u00favanie a zas\u00favanie, \u010do umo\u017e\u0148uje r\u00fdchlu reakciu na ovl\u00e1dacie povely a poskytuje siln\u00fa tla\u010dn\u00fa a \u0165a\u017en\u00fa silu, ide\u00e1lnu na zvl\u00e1dnutie \u0165a\u017ek\u00fdch a zlo\u017eit\u00fdch \u00faloh.<\/li>\n<li><strong>R\u00f4zne typy:<\/strong> K dispoz\u00edcii s\u00fa v jedno\u010dinnom (hydraulick\u00fd \u00fa\u010dinok v jednom smere) alebo dvoj\u010dinnom (hydraulick\u00fd \u00fa\u010dinok v oboch smeroch) pre splnenie r\u00f4znych prev\u00e1dzkov\u00fdch potrieb. Niektor\u00e9 modely s\u00fa teleskopick\u00e9, \u010do umo\u017e\u0148uje v\u00e4\u010d\u0161ie vysunutie bez zv\u00e4\u010d\u0161enia vonkaj\u0161\u00edch rozmerov, ide\u00e1lne pre aplik\u00e1cie s obmedzen\u00fdm priestorom.<\/li>\n<\/ul>\n<h3>V\u00fdrobn\u00e1 kapacita<\/h3>\n<p>Na\u0161e produkty dok\u00e1\u017eu dokonale nahradi\u0165 tieto hydraulick\u00e9 valce a zaru\u010di\u0165 tak kvalitu a v\u00fdkon, ktor\u00e9 sp\u013a\u0148aj\u00fa priemyseln\u00e9 \u0161tandardy.<\/p>\n<p><img decoding=\"async\" src=\"https:\/\/www.hydraulic-cylinders.net\/wp-content\/uploads\/2025\/04\/songte-cylinder-head-with-all-kinds-excavator-models.webp\" alt=\"V\u00fdroba valcov v\u00fdlo\u017en\u00edka\"><\/p>\n<h2>Scen\u00e1re aplik\u00e1ci\u00ed<\/h2>\n<ul>\n<li><strong>Stavebn\u00e9 vybavenie:<\/strong> V r\u00fdpadl\u00e1ch s\u00fa valce v\u00fdlo\u017en\u00edka nevyhnutn\u00e9 na kopanie, nakladanie a premiest\u0148ovanie zeminy alebo sutiny. Umo\u017e\u0148uj\u00fa r\u00fdpadlu vykon\u00e1va\u0165 r\u00f4zne \u00falohy s presnos\u0165ou, ako je h\u013abenie v\u00fdkopov a preprava materi\u00e1lu.<\/li>\n<li><strong>R\u00fdpadlo-naklada\u010de:<\/strong> V r\u00fdpadlo-naklada\u010doch pom\u00e1ha valec v\u00fdlo\u017en\u00edka pri kopan\u00ed aj zdv\u00edhan\u00ed, \u010d\u00edm zvy\u0161uje produktivitu a efektivitu pri stavebn\u00fdch a ter\u00e9nnych \u00faprav\u00e1ch.<\/li>\n<li><strong>Po\u013enohospod\u00e1rske stroje:<\/strong> Valce v\u00fdlo\u017en\u00edka, ktor\u00e9 sa pou\u017e\u00edvaj\u00fa v \u010deln\u00fdch naklada\u010doch, s\u00fa nevyhnutn\u00e9 na naberanie, zdv\u00edhanie a prepravu p\u00f4dy, sena a in\u00fdch materi\u00e1lov. Ich robustn\u00e1 kon\u0161trukcia u\u013eah\u010duje po\u013enohospod\u00e1rske oper\u00e1cie vy\u017eaduj\u00face zdv\u00edhanie \u0165a\u017ek\u00fdch materi\u00e1lov.<\/li>\n<li><strong>Funkcie bagra:<\/strong> Valec v\u00fdlo\u017en\u00edka umo\u017e\u0148uje ly\u017eici r\u00fdpadla prenikn\u00fa\u0165 do p\u00f4dy, \u010do u\u013eah\u010duje efekt\u00edvne kopacie oper\u00e1cie nevyhnutn\u00e9 pre stavebn\u00e9 projekty.<\/li>\n<li><strong>Naklada\u010de:<\/strong> V \u010deln\u00fdch naklada\u010doch poskytuj\u00fa valce v\u00fdlo\u017en\u00edka potrebn\u00fa silu na efekt\u00edvne zdv\u00edhanie a vykl\u00e1dkovanie bremien, \u010do je k\u013e\u00fa\u010dov\u00e9 pre manipul\u00e1ciu s materi\u00e1lom na stavenisk\u00e1ch.<\/li>\n<\/ul>\n<h2>\u00davahy o dizajne a krit\u00e9ri\u00e1 v\u00fdberu<\/h2>\n<h3>Nosnos\u0165<\/h3>\n<p>Nosnos\u0165 valca v\u00fdlo\u017en\u00edka je kritick\u00fdm faktorom, ktor\u00fd treba zv\u00e1\u017ei\u0165. Mus\u00ed by\u0165 schopn\u00fd zvl\u00e1dnu\u0165 maxim\u00e1lnu hmotnos\u0165 o\u010dak\u00e1van\u00fa po\u010das prev\u00e1dzky bez rizika poruchy. Kon\u0161trukcia by mala zabezpe\u010di\u0165, aby si valec udr\u017eal stabilitu pri meniacom sa za\u0165a\u017een\u00ed, \u010d\u00edm sa zni\u017euje riziko neh\u00f4d.<\/p>\n<h3>Integrita tesnenia<\/h3>\n<p>\u00da\u010dinn\u00e9 tesnenie je nevyhnutn\u00e9 na zabr\u00e1nenie \u00faniku hydraulickej kvapaliny, \u010do m\u00f4\u017ee vies\u0165 k zn\u00ed\u017eeniu v\u00fdkonu a potenci\u00e1lnym nebezpe\u010denstv\u00e1m. V\u00fdber tesnen\u00ed by mal by\u0165 zalo\u017een\u00fd na \u0161pecifick\u00fdch prev\u00e1dzkov\u00fdch podmienkach vr\u00e1tane teploty a vystavenia sa kontaminantom.<\/p>\n<h3>Trvanlivos\u0165<\/h3>\n<p>V stavebn\u00edctve a po\u013enohospod\u00e1rstve, kde s\u00fa zariadenia vystaven\u00e9 n\u00e1ro\u010dn\u00fdm podmienkam, je odolnos\u0165 prvorad\u00e1. V\u00fdber materi\u00e1lov, ktor\u00e9 odol\u00e1vaj\u00fa opotrebovaniu a kor\u00f3zii, predl\u017euje \u017eivotnos\u0165 valca ramena a zabezpe\u010duje spo\u013eahliv\u00fd v\u00fdkon v priebehu \u010dasu.<\/p>\n<h3>Bezpe\u010dnostn\u00e9 prvky<\/h3>\n<p>Bezpe\u010dnostn\u00e9 prvky by mali by\u0165 integrovan\u00e9 do kon\u0161trukcie valca v\u00fdlo\u017en\u00edka, aby sa predi\u0161lo nehod\u00e1m po\u010das prev\u00e1dzky. Patria sem poistn\u00e9 ventily a syst\u00e9my na zn\u00ed\u017eenie tlaku, ktor\u00e9 chr\u00e1nia pred pre\u0165a\u017een\u00edm a zabezpe\u010duj\u00fa bezpe\u010dn\u00fa manipul\u00e1ciu s \u0165a\u017ek\u00fdmi bremenami.<\/p>\n<h3>Pr\u00edstupnos\u0165 \u00fadr\u017eby<\/h3>\n<p>Kon\u0161trukcia by mala umo\u017e\u0148ova\u0165 jednoduch\u00fd pr\u00edstup ku komponentom na \u00fa\u010dely \u00fadr\u017eby. Pravideln\u00e9 kontroly a servis s\u00fa k\u013e\u00fa\u010dov\u00e9 pre pred\u013a\u017eenie \u017eivotnosti hydraulick\u00e9ho valca a zabezpe\u010denie optim\u00e1lneho v\u00fdkonu.<\/p>\n<p><img decoding=\"async\" src=\"https:\/\/www.hydraulic-cylinders.net\/wp-content\/uploads\/2025\/04\/songte-oil-pipes-and-spare-parts.webp\" alt=\"\u010casti hydraulick\u00e9ho valca\"><\/p>\n<h2>Tesnenie a mazanie<\/h2>\n<p>\u00da\u010dinn\u00e9 tesnenie a mazanie s\u00fa nevyhnutn\u00e9 pre v\u00fdkon valcov v\u00fdlo\u017en\u00edka. Na zabezpe\u010denie toho, aby hydraulick\u00e1 kvapalina zostala vo valci, sa pou\u017e\u00edvaj\u00fa r\u00f4zne tesniace komponenty, ako s\u00fa tesnenia piestov a tesnenia ty\u010d\u00ed. Tesnenia vyroben\u00e9 z odoln\u00fdch materi\u00e1lov, ako je polyuret\u00e1n a nitrilov\u00e1 guma, s\u00fa uprednost\u0148ovan\u00e9 pre svoju odolnos\u0165 vo\u010di opotrebovaniu.<\/p>\n<p>Teleso valca a z\u00e1vitov\u00e9 koncov\u00e9 plochy musia by\u0165 jemne opracovan\u00e9, aby sa zv\u00fd\u0161ila odolnos\u0165 proti opotrebovaniu. Okrem toho je pravideln\u00e9 mazanie vhodn\u00fdm hydraulick\u00fdm olejom nevyhnutn\u00e9 na udr\u017eanie hladk\u00e9ho chodu a zabr\u00e1nenie vn\u00fatorn\u00e9mu po\u0161kodeniu v d\u00f4sledku trenia.<\/p>\n<h2>Pravideln\u00e1 kontrola a opatrenia prevent\u00edvnej \u00fadr\u017eby<\/h2>\n<ul>\n<li><strong>Pravideln\u00e9 kontroly:<\/strong> Vykon\u00e1vajte pravideln\u00e9 kontroly na zistenie zn\u00e1mok opotrebovania alebo po\u0161kodenia. Patria sem kontrola tesnen\u00ed, \u010di netesnia, a zabezpe\u010denie spr\u00e1vnej funkcie v\u0161etk\u00fdch komponentov.<\/li>\n<li><strong>Spr\u00e1vne mazanie:<\/strong> Uistite sa, \u017ee hladina hydraulick\u00e9ho oleja je dostato\u010dn\u00e1 a \u017ee pou\u017eit\u00fd olej je vhodn\u00fd pre prev\u00e1dzkov\u00e9 podmienky, aby sa zachoval optim\u00e1lny v\u00fdkon.<\/li>\n<li><strong>V\u00fdmena tesnenia:<\/strong> Pod\u013ea potreby vymie\u0148ajte tesnenia, aby ste predi\u0161li \u00fanikom a udr\u017eali hydraulick\u00fd tlak. Pravideln\u00e9 kontroly m\u00f4\u017eu pom\u00f4c\u0165 ur\u010di\u0165, kedy tesnenia za\u010d\u00ednaj\u00fa zlyh\u00e1va\u0165.<\/li>\n<\/ul>\n<h2>Pokyny na in\u0161tal\u00e1ciu<\/h2>\n<p>Spr\u00e1vna in\u0161tal\u00e1cia valca ramena je k\u013e\u00fa\u010dov\u00e1 pre jeho v\u00fdkon a dlh\u00fa \u017eivotnos\u0165. Uistite sa, \u017ee mont\u00e1\u017ene konzoly s\u00fa spr\u00e1vne zarovnan\u00e9 a \u017ee valec je bezpe\u010dne upevnen\u00fd, aby sa zabr\u00e1nilo jeho pohybu po\u010das prev\u00e1dzky. Na stabiliz\u00e1ciu valca pou\u017eite vhodn\u00e9 mont\u00e1\u017ene podpery a dodr\u017eiavajte \u0161pecifik\u00e1cie v\u00fdrobcu t\u00fdkaj\u00face sa nastavenia kr\u00fatiaceho momentu.<\/p>\n<p>Po\u010das in\u0161tal\u00e1cie venujte pozornos\u0165 hydraulick\u00fdm pripojeniam, aby ste predi\u0161li \u00fanikom. Uistite sa, \u017ee v\u0161etky hadice a armat\u00fary s\u00fa spr\u00e1vne pripojen\u00e9 a skontrolovan\u00e9 na opotrebovanie. Po in\u0161tal\u00e1cii otestujte syst\u00e9m, aby ste sa uistili, \u017ee valec funguje pod\u013ea o\u010dak\u00e1vania, a vykonajte v\u0161etky potrebn\u00e9 \u00fapravy.<\/p>\n<h2>Be\u017en\u00e9 \u00falohy \u00fadr\u017eby<\/h2>\n<ul>\n<li><strong>Pravideln\u00e9 kontroly:<\/strong> Napl\u00e1nujte si pravideln\u00e9 kontroly, aby ste h\u013eadali zn\u00e1mky opotrebovania alebo potenci\u00e1lne probl\u00e9my. Tento proakt\u00edvny pr\u00edstup pom\u00e1ha identifikova\u0165 probl\u00e9my sk\u00f4r, ako poved\u00fa k v\u00e1\u017enym poruch\u00e1m.<\/li>\n<li><strong>Spr\u00e1vne mazanie:<\/strong> Zabezpe\u010dte, aby bol valec dostato\u010dne mazan\u00fd spr\u00e1vnym hydraulick\u00fdm olejom, aby sa predi\u0161lo opotrebovaniu s\u00favisiacemu s tren\u00edm a aby sa zabezpe\u010dila hladk\u00e1 prev\u00e1dzka.<\/li>\n<li><strong>V\u00fdmena tesnenia a kontroly kalibr\u00e1cie:<\/strong> Pravidelne kontrolujte tesnenia, \u010di nie s\u00fa po\u0161koden\u00e9, a v pr\u00edpade potreby ich vyme\u0148te. Kalibra\u010dn\u00e9 kontroly s\u00fa tie\u017e nevyhnutn\u00e9 na zabezpe\u010denie prev\u00e1dzky valca v r\u00e1mci stanoven\u00fdch limitov.<\/li>\n<\/ul>\n<h2>Bezpe\u010dnostn\u00e9 aspekty a faktory prostredia<\/h2>\n<p>Pri pou\u017e\u00edvan\u00ed valcov ramena je nevyhnutn\u00e9 dodr\u017eiava\u0165 bezpe\u010dnostn\u00e9 opatrenia na ochranu obsluhy a zariaden\u00ed. Implement\u00e1cia vhodn\u00fdch \u0161koliacich programov pre obsluhu zabezpe\u010duje, \u017ee rozumie bezpe\u010dnej prev\u00e1dzke strojov. Okrem toho udr\u017eiavanie \u010dist\u00e9ho pracovn\u00e9ho prostredia minimalizuje rizik\u00e1 spojen\u00e9 s rozliat\u00edm a \u00fanikmi, \u010do prispieva k bezpe\u010dnej\u0161iemu pracovisku.<\/p>\n<h2>Rie\u0161enie be\u017en\u00fdch probl\u00e9mov<\/h2>\n<ul>\n<li><strong>\u00danik:<\/strong> Skontrolujte, \u010di tesnenia netesnia alebo \u010di nie s\u00fa po\u0161koden\u00e9 spoje. V\u00fdmena opotrebovan\u00fdch tesnen\u00ed a zabezpe\u010denie tesnosti v\u0161etk\u00fdch spojov m\u00f4\u017ee tento probl\u00e9m vyrie\u0161i\u0165.<\/li>\n<li><strong>Pomal\u00fd pohyb:<\/strong> Ak sa rameno pohybuje pomaly, skontrolujte hladinu hydraulickej kvapaliny a zv\u00e1\u017ete kontrolu hydraulick\u00fdch potrub\u00ed, \u010di nie s\u00fa upchat\u00e9.<\/li>\n<li><strong>Nezvy\u010dajn\u00e9 zvuky:<\/strong> \u0160krabkav\u00e9 alebo klepav\u00e9 zvuky m\u00f4\u017eu nazna\u010dova\u0165 vn\u00fatorn\u00e9 po\u0161kodenie. Je nevyhnutn\u00e9 okam\u017eite zastavi\u0165 prev\u00e1dzku a skontrolova\u0165 valec.<\/li>\n<\/ul>\n<h2>Tipy na rie\u0161enie probl\u00e9mov<\/h2>\n<p>Pre efekt\u00edvnu diagnostiku a rie\u0161enie probl\u00e9mov s valcom ramena pravidelne monitorujte jeho v\u00fdkon a v\u0161\u00edmajte si ak\u00e9ko\u013evek zmeny v prev\u00e1dzke. Prevent\u00edvne opatrenia, ako je dodr\u017eiavanie pl\u00e1nov \u00fadr\u017eby a pou\u017e\u00edvanie kvalitn\u00fdch hydraulick\u00fdch kvapal\u00edn, m\u00f4\u017eu pom\u00f4c\u0165 zn\u00ed\u017ei\u0165 pravdepodobnos\u0165 probl\u00e9mov. Sledovanie hydraulick\u00e9ho tlaku a vykon\u00e1vanie potrebn\u00fdch \u00faprav tie\u017e prispieva k dlh\u0161ej \u017eivotnosti valca.<\/p>\n<p><img decoding=\"async\" src=\"https:\/\/www.hydraulic-cylinders.net\/wp-content\/uploads\/2025\/04\/songte-bushings-with-all-kinds-of-excavator-models.webp\" alt=\"Komponenty valca v\u00fdlo\u017en\u00edka\"><\/p>\n<h2>Preh\u013ead spolo\u010dnosti<\/h2>\n<p>Sme popredn\u00fdm v\u00fdrobcom n\u00e1hradn\u00fdch hydraulick\u00fdch valcov a pon\u00fakame \u0161irok\u00fd sortiment produktov, v\u010faka ktor\u00fdm sme sa etablovali ako jeden z popredn\u00fdch v\u00fdrobcov a ve\u013ekoobchodn\u00edkov na dom\u00e1com aj medzin\u00e1rodnom trhu. N\u00e1\u0161 z\u00e1v\u00e4zok k dokonalosti sa odr\u00e1\u017ea v na\u0161ich prepracovan\u00fdch v\u00fdrobn\u00fdch strat\u00e9gi\u00e1ch a vyu\u017e\u00edvan\u00ed pokro\u010dil\u00fdch technol\u00f3gi\u00ed a kvalifikovan\u00fdch odborn\u00edkov.<\/p>\n<p>Uprednost\u0148ujeme kvalitu, vyu\u017e\u00edvame \u0161pi\u010dkov\u00e9 v\u00fdrobn\u00e9 zariadenia a robustn\u00fd syst\u00e9m kontroly kvality, aby sme zabezpe\u010dili, \u017ee na\u0161e produkty sp\u013a\u0148aj\u00fa pr\u00edsne priemyseln\u00e9 \u0161tandardy. Na\u0161a schopnos\u0165 prisp\u00f4sobi\u0165 rie\u0161enia uspokojuje rozmanit\u00e9 potreby z\u00e1kazn\u00edkov a n\u00e1\u0161 \u0161pecializovan\u00fd popredajn\u00fd servis posil\u0148uje n\u00e1\u0161 z\u00e1v\u00e4zok k spokojnosti z\u00e1kazn\u00edkov.<\/p>\n<p><img decoding=\"async\" src=\"https:\/\/www.hydraulic-cylinders.net\/wp-content\/uploads\/2025\/04\/songte-company-4.webp\" alt=\"Preh\u013ead spolo\u010dnosti\"><br \/>\n<img decoding=\"async\" src=\"https:\/\/www.hydraulic-cylinders.net\/wp-content\/uploads\/2025\/04\/songte-company-3.webp\" alt=\"V\u00fdroba spolo\u010dnosti\"><\/p>\n<p>Autor: lyl<\/p>","protected":false},"excerpt":{"rendered":"<p>Boom Cylinder For XCMG Wheel Excavator XE150W Overview of the Boom Cylinder The boom cylinder is a vital component in hydraulic systems, specifically designed to control the movement of booms in various heavy machinery, such as excavators, backhoes, and front loaders. It enables the boom to lift, lower, and tilt, facilitating efficient material handling tasks. [&hellip;]<\/p>","protected":false},"featured_media":17879,"comment_status":"open","ping_status":"closed","template":"","meta":{"_et_pb_use_builder":"","_et_pb_old_content":"","_et_gb_content_width":""},"product_brand":[],"product_cat":[1546],"product_tag":[1547,1496],"class_list":{"0":"post-19208","1":"product","2":"type-product","3":"status-publish","4":"has-post-thumbnail","6":"product_cat-boom-cylinders","7":"product_tag-boom-cylinders","8":"product_tag-hydraulic-cylinders","10":"first","11":"instock","12":"shipping-taxable","13":"product-type-simple"},"amp_enabled":true,"_links":{"self":[{"href":"https:\/\/www.hydraulic-cylinders.net\/sk\/wp-json\/wp\/v2\/product\/19208","targetHints":{"allow":["GET"]}}],"collection":[{"href":"https:\/\/www.hydraulic-cylinders.net\/sk\/wp-json\/wp\/v2\/product"}],"about":[{"href":"https:\/\/www.hydraulic-cylinders.net\/sk\/wp-json\/wp\/v2\/types\/product"}],"replies":[{"embeddable":true,"href":"https:\/\/www.hydraulic-cylinders.net\/sk\/wp-json\/wp\/v2\/comments?post=19208"}],"wp:featuredmedia":[{"embeddable":true,"href":"https:\/\/www.hydraulic-cylinders.net\/sk\/wp-json\/wp\/v2\/media\/17879"}],"wp:attachment":[{"href":"https:\/\/www.hydraulic-cylinders.net\/sk\/wp-json\/wp\/v2\/media?parent=19208"}],"wp:term":[{"taxonomy":"product_brand","embeddable":true,"href":"https:\/\/www.hydraulic-cylinders.net\/sk\/wp-json\/wp\/v2\/product_brand?post=19208"},{"taxonomy":"product_cat","embeddable":true,"href":"https:\/\/www.hydraulic-cylinders.net\/sk\/wp-json\/wp\/v2\/product_cat?post=19208"},{"taxonomy":"product_tag","embeddable":true,"href":"https:\/\/www.hydraulic-cylinders.net\/sk\/wp-json\/wp\/v2\/product_tag?post=19208"}],"curies":[{"name":"pracovn\u00fd list","href":"https:\/\/api.w.org\/{rel}","templated":true}]}}