{"id":19210,"date":"2025-04-07T06:18:18","date_gmt":"2025-04-07T06:18:18","guid":{"rendered":"https:\/\/www.hydraulic-cylinders.net\/product\/boom-cylinder-for-xcmg-wheel-excavator-et110\/"},"modified":"2025-04-07T06:18:21","modified_gmt":"2025-04-07T06:18:21","slug":"boom-cylinder-for-xcmg-wheel-excavator-et110","status":"publish","type":"product","link":"https:\/\/www.hydraulic-cylinders.net\/sk\/produkt\/boom-cylinder-for-xcmg-wheel-excavator-et110\/","title":{"rendered":"Valec v\u00fdlo\u017en\u00edka pre kolesov\u00e9 r\u00fdpadlo XCMG ET110"},"content":{"rendered":"<h1>Valec v\u00fdlo\u017en\u00edka pre kolesov\u00e9 r\u00fdpadlo XCMG ET110<\/h1>\n<h2>Pochopenie valca v\u00fdlo\u017en\u00edka<\/h2>\n<p>Hydraulick\u00fd valec v\u00fdlo\u017en\u00edka je k\u013e\u00fa\u010dovou s\u00fa\u010das\u0165ou hydraulick\u00fdch syst\u00e9mov \u0165a\u017ek\u00fdch strojov, najm\u00e4 v r\u00fdpadl\u00e1ch, r\u00fdpadlo-naklada\u010doch a \u010deln\u00fdch naklada\u010doch. Je to typ hydraulick\u00e9ho valca \u0161peci\u00e1lne navrhnut\u00e9ho na ovl\u00e1danie pohybu v\u00fdlo\u017en\u00edka alebo ly\u017eice, \u010do umo\u017e\u0148uje jej zdv\u00edhanie, sp\u00fa\u0161\u0165anie a nakl\u00e1\u0148anie. T\u00e1to funkcia je nevyhnutn\u00e1 pre \u00falohy manipul\u00e1cie s materi\u00e1lom, preto\u017ee umo\u017e\u0148uje obsluhe vykon\u00e1va\u0165 r\u00f4zne \u010dinnosti s presnos\u0165ou a \u00fa\u010dinnos\u0165ou.<\/p>\n<p>Valec v\u00fdlo\u017en\u00edka funguje na princ\u00edpoch hydrauliky, kde tlak hydraulick\u00e9ho oleja umo\u017e\u0148uje plynul\u00fd pohyb. V r\u00fdpadl\u00e1ch, ako je kolesov\u00e9 r\u00fdpadlo XCMG ET110, tieto valce poskytuj\u00fa potrebn\u00fa zdv\u00edhaciu silu a r\u00fdchlos\u0165 na u\u013eah\u010denie kopania, nakladania a prepravy materi\u00e1lov. Ich kon\u0161trukcia zais\u0165uje odolnos\u0165 a spo\u013eahlivos\u0165, v\u010faka \u010domu s\u00fa ide\u00e1lne pre n\u00e1ro\u010dn\u00e9 stavebn\u00e9 \u00falohy.<\/p>\n<p><img decoding=\"async\" src=\"https:\/\/www.hydraulic-cylinders.net\/wp-content\/uploads\/2025\/04\/songte-company-1.webp\" alt=\"Valec v\u00fdlo\u017en\u00edka pre r\u00fdpadl\u00e1\" \/><\/p>\n<h2>K\u013e\u00fa\u010dov\u00e9 vlastnosti valca v\u00fdlo\u017en\u00edka<\/h2>\n<ul>\n<li>\n<h3>Vysok\u00e1 pevnos\u0165 a odolnos\u0165<\/h3>\n<p>Valec v\u00fdlo\u017en\u00edka je vyroben\u00fd z vysokopevnostnej ocele alebo hlin\u00edka a je navrhnut\u00fd tak, aby odolal vysok\u00e9mu tlaku a \u0165a\u017ek\u00fdm za\u0165a\u017eeniam, v\u010faka \u010domu je vhodn\u00fd do n\u00e1ro\u010dn\u00fdch pracovn\u00fdch prostred\u00ed.<\/p>\n<\/li>\n<li>\n<h3>Efekt\u00edvna hydraulick\u00e1 prev\u00e1dzka<\/h3>\n<p>Valec vyu\u017e\u00edva hydraulick\u00fd tlak oleja pre plynul\u00e9 vys\u00favanie a zas\u00favanie, \u010do umo\u017e\u0148uje r\u00fdchlu reakciu na povely oper\u00e1tora a poskytuje siln\u00e9 tla\u010dn\u00e9 a \u0165ahov\u00e9 sily na manipul\u00e1ciu s \u0165a\u017ek\u00fdmi predmetmi.<\/p>\n<\/li>\n<li>\n<h3>R\u00f4zne typy<\/h3>\n<p>Valec v\u00fdlo\u017en\u00edka, ktor\u00fd je k dispoz\u00edcii v jedno\u010dinnej (hydraulick\u00e9 pou\u017eitie v jednom smere) alebo dvoj\u010dinnej (hydraulick\u00e9 pou\u017eitie v oboch smeroch), dok\u00e1\u017ee splni\u0165 r\u00f4zne prev\u00e1dzkov\u00e9 potreby. Niektor\u00e9 modely s\u00fa teleskopick\u00e9, \u010do umo\u017e\u0148uje v\u00e4\u010d\u0161ie vysunutie bez zv\u00e4\u010d\u0161enia vonkaj\u0161\u00edch rozmerov, ide\u00e1lne do stiesnen\u00fdch priestorov.<\/p>\n<\/li>\n<li>\n<h3>Modul\u00e1rny dizajn<\/h3>\n<p>Modul\u00e1rna povaha na\u0161ich valcov v\u00fdlo\u017en\u00edka umo\u017e\u0148uje jednoduch\u00fa v\u00fdmenu a \u00fadr\u017ebu, \u010do \u010falej zvy\u0161uje ich pou\u017eite\u013enos\u0165 v r\u00f4znych modeloch strojov.<\/p>\n<\/li>\n<li>\n<h3>Presn\u00e9 in\u017einierstvo<\/h3>\n<p>Tieto valce, navrhnut\u00e9 s d\u00f4razom na detail, zabezpe\u010duj\u00fa kompatibilitu a optim\u00e1lny v\u00fdkon naprie\u010d r\u00f4znymi zna\u010dkami a modelmi r\u00fdpadiel.<\/p>\n<\/li>\n<\/ul>\n<p>Na\u0161e produkty dok\u00e1\u017eu dokonale nahradi\u0165 existuj\u00face hydraulick\u00e9 valce, \u010d\u00edm zabezpe\u010duj\u00fa bezprobl\u00e9mov\u00fa prev\u00e1dzku a spo\u013eahlivos\u0165.<\/p>\n<p><img decoding=\"async\" src=\"https:\/\/www.hydraulic-cylinders.net\/wp-content\/uploads\/2025\/04\/songte-cylinder-head-with-all-kinds-excavator-models.webp\" alt=\"V\u00fdmena hydraulick\u00e9ho valca\" \/><\/p>\n<h2>Aplik\u00e1cie valca v\u00fdlo\u017en\u00edka<\/h2>\n<h3>Stavebn\u00e9 stroje<\/h3>\n<p>V r\u00fdpadl\u00e1ch je valec v\u00fdlo\u017en\u00edka k\u013e\u00fa\u010dov\u00fd pre kopanie, nakladanie a premiest\u0148ovanie zeminy alebo sutiny. U\u013eah\u010duje k\u013abov\u00e9 spojenie v\u00fdlo\u017en\u00edka, \u010do umo\u017e\u0148uje presn\u00e9 ovl\u00e1danie pri kopan\u00ed z\u00e1kopov alebo zdv\u00edhan\u00ed \u0165a\u017ek\u00fdch materi\u00e1lov. V r\u00fdpadlo-naklada\u010doch pom\u00e1ha valec ly\u017eice pri kopan\u00ed aj zdv\u00edhan\u00ed, v\u010faka \u010domu je nevyhnutn\u00fd pre pr\u00edpravu staveniska a manipul\u00e1ciu s materi\u00e1lom.<\/p>\n<h3>Po\u013enohospod\u00e1rske stroje<\/h3>\n<p>Na \u010deln\u00fdch naklada\u010doch s\u00fa valce v\u00fdlo\u017en\u00edka nevyhnutn\u00e9 na naberanie, zdv\u00edhanie a prepravu p\u00f4dy, sena a in\u00fdch materi\u00e1lov. Umo\u017e\u0148uj\u00fa po\u013enohospod\u00e1rom efekt\u00edvne vykon\u00e1va\u0165 r\u00f4zne \u00falohy, od \u010distenia pol\u00ed a\u017e po nakladanie po\u013enohospod\u00e1rskych produktov do n\u00e1kladn\u00fdch vozidiel.<\/p>\n<h3>R\u00fdpadl\u00e1<\/h3>\n<p>V r\u00fdpadl\u00e1ch umo\u017e\u0148uje valec ly\u017eice efekt\u00edvne kopanie t\u00fdm, \u017ee umo\u017e\u0148uje ly\u017eici efekt\u00edvne prenika\u0165 do p\u00f4dy. T\u00e1to schopnos\u0165 je nevyhnutn\u00e1 pre stavebn\u00edctvo, ter\u00e9nne \u00fapravy a in\u00e9 zemn\u00e9 pr\u00e1ce.<\/p>\n<h3>Naklada\u010de<\/h3>\n<p>V \u010deln\u00fdch naklada\u010doch pom\u00e1haj\u00fa valce v\u00fdlo\u017en\u00edka efekt\u00edvne zdv\u00edha\u0165 a vyklada\u0165 materi\u00e1ly. Zvy\u0161uj\u00fa produktivitu t\u00fdm, \u017ee umo\u017e\u0148uj\u00fa oper\u00e1torom manipulova\u0165 s ve\u013ek\u00fdmi objemami materi\u00e1lov v kr\u00e1tkom \u010dase, \u010d\u00edm sa zvy\u0161uje celkov\u00e1 prev\u00e1dzkov\u00e1 efektivita.<\/p>\n<h2>\u00davahy o dizajne a krit\u00e9ri\u00e1 v\u00fdberu<\/h2>\n<h3>Nosnos\u0165<\/h3>\n<p>Pri v\u00fdbere valca v\u00fdlo\u017en\u00edka je jedn\u00fdm z najd\u00f4le\u017eitej\u0161\u00edch faktorov jeho nosnos\u0165. Valec mus\u00ed by\u0165 schopn\u00fd unies\u0165 maxim\u00e1lne za\u0165a\u017eenie o\u010dak\u00e1van\u00e9 po\u010das prev\u00e1dzky bez rizika poruchy. To si vy\u017eaduje komplexn\u00e9 pochopenie hmotnosti premiest\u0148ovan\u00fdch materi\u00e1lov a s\u00edl p\u00f4sobiacich po\u010das pou\u017e\u00edvania.<\/p>\n<h3>Tesniaci v\u00fdkon<\/h3>\n<p>Tesniaci v\u00fdkon valca v\u00fdlo\u017en\u00edka je k\u013e\u00fa\u010dov\u00fd pre zabr\u00e1nenie \u00faniku hydraulickej kvapaliny. Kvalitn\u00e9 tesnenia, ako s\u00fa tesnenia piestov a ty\u010d\u00ed, zabezpe\u010duj\u00fa, \u017ee hydraulick\u00fd olej zostane uzavret\u00fd, \u010do je nevyhnutn\u00e9 pre udr\u017eanie tlaku a prev\u00e1dzkovej \u00fa\u010dinnosti. Pou\u017eitie tesnen\u00ed vyroben\u00fdch z odoln\u00fdch materi\u00e1lov, ako je polyuret\u00e1n alebo nitrilov\u00e1 guma, m\u00f4\u017ee v\u00fdrazne pred\u013a\u017ei\u0165 \u017eivotnos\u0165 a v\u00fdkon valca.<\/p>\n<h3>Trvanlivos\u0165<\/h3>\n<p>Trvanlivos\u0165 je kritick\u00fdm faktorom, preto\u017ee valce ramena \u010dasto pracuj\u00fa v n\u00e1ro\u010dn\u00fdch podmienkach. Vysokokvalitn\u00e9 materi\u00e1ly a n\u00e1tery, ktor\u00e9 odol\u00e1vaj\u00fa kor\u00f3zii a opotrebovaniu, predl\u017euj\u00fa \u017eivotnos\u0165 valca. Pravideln\u00e1 \u00fadr\u017eba a kontroly m\u00f4\u017eu tie\u017e pom\u00f4c\u0165 v\u010das odhali\u0165 opotrebenie a zmierni\u0165 tak z\u00e1va\u017enej\u0161ie probl\u00e9my v bud\u00facnosti.<\/p>\n<h3>Bezpe\u010dnos\u0165<\/h3>\n<p>Bezpe\u010dnostn\u00e9 prvky musia by\u0165 integrovan\u00e9 do kon\u0161trukcie valcov v\u00fdlo\u017en\u00edka. Patria sem syst\u00e9my na zn\u00ed\u017eenie tlaku, ktor\u00e9 zabra\u0148uj\u00fa pre\u0165a\u017eeniu, a robustn\u00e9 materi\u00e1ly, ktor\u00e9 zvl\u00e1dnu extr\u00e9mne podmienky. Obsluha by mala by\u0165 v\u017edy vy\u0161kolen\u00e1 v bezpe\u010dnostn\u00fdch postupoch, aby sa predi\u0161lo nehod\u00e1m alebo poruch\u00e1m zariaden\u00ed.<\/p>\n<h3>Udr\u017eiavate\u013enos\u0165<\/h3>\n<p>Jednoduch\u00e1 \u00fadr\u017eba je k\u013e\u00fa\u010dov\u00fdm faktorom. Kon\u0161trukt\u00e9ri by mali zabezpe\u010di\u0165, aby boli valce v\u00fdlo\u017en\u00edka \u013eahko pr\u00edstupn\u00e9 na kontrolu, opravu alebo v\u00fdmenu. Pravideln\u00e9 \u00fadr\u017eb\u00e1rske postupy, ako je v\u00fdmena tesnen\u00ed a kontrola hydraulickej kvapaliny, m\u00f4\u017eu zabr\u00e1ni\u0165 n\u00e1kladn\u00fdm prestojom a pred\u013a\u017ei\u0165 \u017eivotnos\u0165 zariadenia.<\/p>\n<p><img decoding=\"async\" src=\"https:\/\/www.hydraulic-cylinders.net\/wp-content\/uploads\/2025\/04\/songte-oil-pipes-and-spare-parts.webp\" alt=\"\u010casti hydraulick\u00e9ho valca\" \/><\/p>\n<h2>Utesnenie a mazanie valca v\u00fdlo\u017en\u00edka<\/h2>\n<p>\u00da\u010dinn\u00e9 tesnenie a mazanie s\u00fa k\u013e\u00fa\u010dov\u00e9 pre optim\u00e1lny v\u00fdkon valcov v\u00fdlo\u017en\u00edka. Na zabr\u00e1nenie \u00faniku hydraulickej kvapaliny sa pou\u017e\u00edvaj\u00fa r\u00f4zne tesniace komponenty vr\u00e1tane tesnen\u00ed piestov a ty\u010d\u00ed. Tesnenia sa \u010dasto vyr\u00e1baj\u00fa z materi\u00e1lov odoln\u00fdch vo\u010di opotrebovaniu, ako je polyuret\u00e1n a nitrilov\u00e1 guma, aby sa zabezpe\u010dila ich trvanlivos\u0165.<\/p>\n<p>Teleso valca a z\u00e1vitov\u00e9 koncov\u00e9 plochy s\u00fa presne opracovan\u00e9, aby sa zv\u00fd\u0161ila odolnos\u0165 vo\u010di opotrebovaniu. Pravideln\u00e9 mazanie hydraulick\u00fdm olejom je nevyhnutn\u00e9 na zn\u00ed\u017eenie trenia a opotrebovania pohybliv\u00fdch \u010dast\u00ed, \u010do umo\u017e\u0148uje plynul\u00fd a efekt\u00edvny chod valca. Obsluha by mala monitorova\u0165 hladinu oleja a pod\u013ea potreby vymie\u0148a\u0165 maziv\u00e1, aby sa zachoval v\u00fdkon.<\/p>\n<h2>Pravideln\u00e1 kontrola a opatrenia prevent\u00edvnej \u00fadr\u017eby<\/h2>\n<ul>\n<li>\n<h3>Pravideln\u00e9 kontroly<\/h3>\n<p>Vykon\u00e1vanie pravideln\u00fdch kontrol je nevyhnutn\u00e9 na v\u010dasn\u00e9 odhalenie potenci\u00e1lnych probl\u00e9mov. Prev\u00e1dzkovatelia by mali h\u013eada\u0165 zn\u00e1mky opotrebovania, netesnost\u00ed alebo po\u0161kodenia, aby sa zabezpe\u010dilo, \u017ee tlakov\u00e1 f\u013ea\u0161a zostane v optim\u00e1lnom stave.<\/p>\n<\/li>\n<li>\n<h3>Spr\u00e1vne mazanie<\/h3>\n<p>Udr\u017eiavanie spr\u00e1vnej hladiny mazania je nevyhnutn\u00e9 pre dlh\u00fa \u017eivotnos\u0165 valca ramena. Obsluha by mala dodr\u017eiava\u0165 pokyny v\u00fdrobcu t\u00fdkaj\u00face sa typov oleja a intervalov mazania, aby sa predi\u0161lo nadmern\u00e9mu opotrebovaniu.<\/p>\n<\/li>\n<li>\n<h3>V\u00fdmena tesnenia<\/h3>\n<p>Pravideln\u00e1 v\u00fdmena tesnen\u00ed je nevyhnutn\u00e1 na udr\u017eanie integrity kvapal\u00edn a zabr\u00e1nenie \u00fanikom. Prev\u00e1dzkovatelia by mali sledova\u0165 stav tesnen\u00ed a vymeni\u0165 ich pri prv\u00fdch pr\u00edznakoch opotrebovania alebo po\u0161kodenia.<\/p>\n<\/li>\n<\/ul>\n<h2>Pokyny na in\u0161tal\u00e1ciu valca ramena<\/h2>\n<p>In\u0161tal\u00e1cia valca v\u00fdlo\u017en\u00edka si vy\u017eaduje d\u00f4kladn\u00fa pozornos\u0165 k detailom, aby sa zabezpe\u010dila spr\u00e1vna funkcia a bezpe\u010dnos\u0165. Za\u010dnite t\u00fdm, \u017ee sa uist\u00edte, \u017ee v\u0161etky komponenty s\u00fa \u010dist\u00e9 a bez ne\u010dist\u00f4t. Valec presne zarovnajte s mont\u00e1\u017enymi bodmi na stroji a na jeho pevn\u00e9 upevnenie pou\u017eite vhodn\u00e9 mont\u00e1\u017ene konzoly. Pred pou\u017eit\u00edm je nevyhnutn\u00e9 skontrolova\u0165 hydraulick\u00e9 pripojenia, \u010di netesnia. Po in\u0161tal\u00e1cii otestujte valec vykonan\u00edm s\u00e9rie pohybov, aby ste sa uistili, \u017ee v\u0161etko funguje pod\u013ea o\u010dak\u00e1vania.<\/p>\n<h2>Be\u017en\u00e9 \u00falohy \u00fadr\u017eby<\/h2>\n<ul>\n<li>\n<h3>Pravideln\u00e9 kontroly<\/h3>\n<p>Pravideln\u00e9 kontroly pom\u00e1haj\u00fa identifikova\u0165 ak\u00e9ko\u013evek potenci\u00e1lne probl\u00e9my sk\u00f4r, ako sa vyhrotia. H\u013eadajte zn\u00e1mky opotrebovania, netesnost\u00ed a in\u00fdch abnormal\u00edt, aby ste zabezpe\u010dili optim\u00e1lny v\u00fdkon.<\/p>\n<\/li>\n<li>\n<h3>Vhodn\u00e9 mazanie<\/h3>\n<p>Uistite sa, \u017ee valec je spr\u00e1vne namazan\u00fd odpor\u00fa\u010dan\u00fdm hydraulick\u00fdm olejom. Pravideln\u00e9 kontroly by sa mali vykon\u00e1va\u0165, aby sa udr\u017eiavala dostato\u010dn\u00e1 hladina oleja a zabezpe\u010dila sa plynul\u00e1 prev\u00e1dzka.<\/p>\n<\/li>\n<li>\n<h3>V\u00fdmena tesnenia a kontroly kalibr\u00e1cie<\/h3>\n<p>Tesnenia by sa mali vymie\u0148a\u0165 v intervaloch stanoven\u00fdch v\u00fdrobcom. Mali by sa vykon\u00e1va\u0165 kalibra\u010dn\u00e9 kontroly, aby sa zabezpe\u010dilo, \u017ee valec pracuje v r\u00e1mci navrhnut\u00fdch parametrov.<\/p>\n<\/li>\n<\/ul>\n<h2>Bezpe\u010dnostn\u00e9 aspekty a faktory prostredia<\/h2>\n<p>Pri obsluhe hydraulick\u00fdch valcov ramena s\u00fa bezpe\u010dnostn\u00e9 opatrenia nevyhnutn\u00e9. Obsluha mus\u00ed v\u017edy dodr\u017eiava\u0165 bezpe\u010dnostn\u00e9 protokoly, aby sa minimalizovalo riziko neh\u00f4d. Spr\u00e1vne \u0161kolenie a obozn\u00e1menie sa s bezpe\u010dn\u00fdmi prev\u00e1dzkov\u00fdmi postupmi m\u00f4\u017eu zabr\u00e1ni\u0165 zraneniam a po\u0161kodeniu zariaden\u00ed. Okrem toho by sa mali zv\u00e1\u017ei\u0165 faktory prostredia, ako je vystavenie extr\u00e9mnym teplot\u00e1m, vlhkosti a ne\u010distot\u00e1m, preto\u017ee m\u00f4\u017eu ovplyvni\u0165 v\u00fdkon a \u017eivotnos\u0165 valca ramena.<\/p>\n<h2>Rie\u0161enie be\u017en\u00fdch probl\u00e9mov<\/h2>\n<ul>\n<li>\n<h3>\u00danik<\/h3>\n<p>\u00daniky hydraulickej kvapaliny s\u00fa be\u017en\u00fdm probl\u00e9mom s valcami v\u00fdlo\u017en\u00edka. Skontrolujte, \u010di nie s\u00fa opotrebovan\u00e9 tesnenia alebo po\u0161koden\u00e9 hadice, ktor\u00e9 je potrebn\u00e9 vymeni\u0165.<\/p>\n<\/li>\n<li>\n<h3>Pomal\u00e1 prev\u00e1dzka<\/h3>\n<p>Ak valec pracuje pomaly, m\u00f4\u017ee to signalizova\u0165 n\u00edzku hladinu hydraulickej kvapaliny alebo vzduch zachyten\u00fd v syst\u00e9me. Skontrolujte hladiny kvapal\u00edn a v pr\u00edpade potreby syst\u00e9m odvzdu\u0161nite.<\/p>\n<\/li>\n<li>\n<h3>Nezvy\u010dajn\u00e9 zvuky<\/h3>\n<p>Zvl\u00e1\u0161tne zvuky po\u010das prev\u00e1dzky m\u00f4\u017eu signalizova\u0165 vn\u00fatorn\u00e9 po\u0161kodenie alebo nedostato\u010dn\u00e9 mazanie. Skontrolujte valec, \u010di nevykazuje zn\u00e1mky opotrebovania a zabezpe\u010dte jeho spr\u00e1vne mazanie.<\/p>\n<\/li>\n<\/ul>\n<h2>Tipy a rie\u0161enia probl\u00e9mov<\/h2>\n<p>Aby oper\u00e1tori mohli efekt\u00edvne diagnostikova\u0165 a rie\u0161i\u0165 probl\u00e9my s valcami ramena, mali by vies\u0165 preh\u013eadn\u00fd z\u00e1znam o pr\u00edznakoch a pozorovaniach. Pravidelne pl\u00e1novan\u00e1 \u00fadr\u017eba m\u00f4\u017ee v\u00fdrazne zn\u00ed\u017ei\u0165 pravdepodobnos\u0165 neo\u010dak\u00e1van\u00fdch por\u00fach. Implement\u00e1cia prevent\u00edvnych opatren\u00ed, ako s\u00fa pravideln\u00e9 kontroly a dodr\u017eiavanie mazac\u00edch pl\u00e1nov, m\u00f4\u017ee zmierni\u0165 potenci\u00e1lne probl\u00e9my sk\u00f4r, ako vznikn\u00fa.<\/p>\n<p><img decoding=\"async\" src=\"https:\/\/www.hydraulic-cylinders.net\/wp-content\/uploads\/2025\/04\/songte-bushings-with-all-kinds-of-excavator-models.webp\" alt=\"Puzdro valca v\u00fdlo\u017en\u00edka\" \/><\/p>\n<h2>O na\u0161ej spolo\u010dnosti<\/h2>\n<p>Sme popredn\u00fdm v\u00fdrobcom hydraulick\u00fdch valcov, \u0161pecializuj\u00facim sa na poskytovanie alternat\u00edv k existuj\u00facim hydraulick\u00fdm syst\u00e9mom. N\u00e1\u0161 rozsiahly sortiment produktov n\u00e1s etabloval ako jedn\u00e9ho z popredn\u00fdch v\u00fdrobcov a ve\u013ekoobchodn\u00fdch distrib\u00fatorov na dom\u00e1com aj medzin\u00e1rodnom trhu. Uprednost\u0148ujeme vynikaj\u00facu kvalitu a spoliehame sa na prepracovan\u00fa strat\u00e9giu riadenia v\u00fdroby, aby sme zabezpe\u010dili konzistentnos\u0165 a trvanlivos\u0165 produktov.<\/p>\n<p>N\u00e1\u0161 t\u00edm pozost\u00e1va z vysoko kvalifikovan\u00fdch technick\u00fdch pracovn\u00edkov a na zlep\u0161enie na\u0161ich v\u00fdrobn\u00fdch kapac\u00edt pou\u017e\u00edvame modern\u00e9 digit\u00e1lne v\u00fdrobn\u00e9 zariadenia a \u0161pecializovan\u00e9 testovacie syst\u00e9my. So siln\u00fdm z\u00e1v\u00e4zkom k efekt\u00edvnosti, presnosti a kvalite uspokojujeme rozmanit\u00e9 potreby z\u00e1kazn\u00edkov a zabezpe\u010dujeme, aby na\u0161e produkty sp\u013a\u0148ali najvy\u0161\u0161ie \u0161tandardy.<\/p>\n<p><img decoding=\"async\" src=\"https:\/\/www.hydraulic-cylinders.net\/wp-content\/uploads\/2025\/04\/songte-company-4.webp\" alt=\"Preh\u013ead spolo\u010dnosti\" \/><br \/>\n<img decoding=\"async\" src=\"https:\/\/www.hydraulic-cylinders.net\/wp-content\/uploads\/2025\/04\/songte-company-3.webp\" alt=\"V\u00fdrobn\u00e9 zariadenie\" \/><\/p>\n<p>Autor: lyl<\/p>","protected":false},"excerpt":{"rendered":"<p>Boom Cylinder For XCMG Wheel Excavator ET110 Understanding the Boom Cylinder A boom cylinder is a crucial component in the hydraulic systems of heavy machinery, particularly in excavators, backhoe loaders, and front loaders. It is a type of hydraulic cylinder specifically designed to control the movement of the boom or bucket, enabling it to lift, [&hellip;]<\/p>","protected":false},"featured_media":17881,"comment_status":"open","ping_status":"closed","template":"","meta":{"_et_pb_use_builder":"","_et_pb_old_content":"","_et_gb_content_width":""},"product_brand":[],"product_cat":[1546],"product_tag":[1547,1496],"class_list":{"0":"post-19210","1":"product","2":"type-product","3":"status-publish","4":"has-post-thumbnail","6":"product_cat-boom-cylinders","7":"product_tag-boom-cylinders","8":"product_tag-hydraulic-cylinders","10":"first","11":"instock","12":"shipping-taxable","13":"product-type-simple"},"amp_enabled":true,"_links":{"self":[{"href":"https:\/\/www.hydraulic-cylinders.net\/sk\/wp-json\/wp\/v2\/product\/19210","targetHints":{"allow":["GET"]}}],"collection":[{"href":"https:\/\/www.hydraulic-cylinders.net\/sk\/wp-json\/wp\/v2\/product"}],"about":[{"href":"https:\/\/www.hydraulic-cylinders.net\/sk\/wp-json\/wp\/v2\/types\/product"}],"replies":[{"embeddable":true,"href":"https:\/\/www.hydraulic-cylinders.net\/sk\/wp-json\/wp\/v2\/comments?post=19210"}],"wp:featuredmedia":[{"embeddable":true,"href":"https:\/\/www.hydraulic-cylinders.net\/sk\/wp-json\/wp\/v2\/media\/17881"}],"wp:attachment":[{"href":"https:\/\/www.hydraulic-cylinders.net\/sk\/wp-json\/wp\/v2\/media?parent=19210"}],"wp:term":[{"taxonomy":"product_brand","embeddable":true,"href":"https:\/\/www.hydraulic-cylinders.net\/sk\/wp-json\/wp\/v2\/product_brand?post=19210"},{"taxonomy":"product_cat","embeddable":true,"href":"https:\/\/www.hydraulic-cylinders.net\/sk\/wp-json\/wp\/v2\/product_cat?post=19210"},{"taxonomy":"product_tag","embeddable":true,"href":"https:\/\/www.hydraulic-cylinders.net\/sk\/wp-json\/wp\/v2\/product_tag?post=19210"}],"curies":[{"name":"pracovn\u00fd list","href":"https:\/\/api.w.org\/{rel}","templated":true}]}}