{"id":19214,"date":"2025-04-07T06:18:29","date_gmt":"2025-04-07T06:18:29","guid":{"rendered":"https:\/\/www.hydraulic-cylinders.net\/product\/boom-cylinder-for-zoomlion-small-excavator-ze150e\/"},"modified":"2025-04-07T06:18:32","modified_gmt":"2025-04-07T06:18:32","slug":"boom-cylinder-for-zoomlion-small-excavator-ze150e","status":"publish","type":"product","link":"https:\/\/www.hydraulic-cylinders.net\/sk\/produkt\/boom-cylinder-for-zoomlion-small-excavator-ze150e\/","title":{"rendered":"Valec v\u00fdlo\u017en\u00edka pre mal\u00e9 r\u00fdpadlo Zoomlion ZE150E"},"content":{"rendered":"<h1>Valec v\u00fdlo\u017en\u00edka pre mal\u00e9 r\u00fdpadlo Zoomlion ZE150E<\/h1>\n<h2>Preh\u013ead produktu<\/h2>\n<p>Hydraulick\u00fd valec v\u00fdlo\u017en\u00edka pre mal\u00e9 r\u00fdpadlo Zoomlion ZE150E je k\u013e\u00fa\u010dov\u00fd hydraulick\u00fd komponent ur\u010den\u00fd na ovl\u00e1danie pohybu v\u00fdlo\u017en\u00edka v r\u00f4znych \u0165a\u017ek\u00fdch strojoch, najm\u00e4 v r\u00fdpadl\u00e1ch. Tento hydraulick\u00fd valec zohr\u00e1va d\u00f4le\u017eit\u00fa \u00falohu pri zdv\u00edhan\u00ed, sp\u00fa\u0161\u0165an\u00ed a nakl\u00e1\u0148an\u00ed v\u00fdlo\u017en\u00edka, \u010do u\u013eah\u010duje efekt\u00edvnu manipul\u00e1ciu s materi\u00e1lom na stavenisk\u00e1ch a v in\u00fdch priemyseln\u00fdch aplik\u00e1ci\u00e1ch.<\/p>\n<p><img decoding=\"async\" src=\"https:\/\/www.hydraulic-cylinders.net\/wp-content\/uploads\/2025\/04\/songte-company-1.webp\" alt=\"Valec v\u00fdlo\u017en\u00edka\"><\/p>\n<h3>Defin\u00edcia a funkcia<\/h3>\n<p>Hydraulick\u00fd valec ly\u017eice je \u0161pecifick\u00fd typ hydraulick\u00e9ho valca navrhnut\u00e9ho na riadenie pohybu ly\u017e\u00edc v \u0165a\u017ek\u00fdch strojoch, ako s\u00fa r\u00fdpadl\u00e1, r\u00fdpadlo-naklada\u010de a \u010deln\u00e9 naklada\u010de. Umo\u017e\u0148uje ly\u017eici vykon\u00e1va\u0165 z\u00e1kladn\u00e9 funkcie, ako je zdv\u00edhanie, sp\u00fa\u0161\u0165anie a nakl\u00e1\u0148anie, ktor\u00e9 s\u00fa k\u013e\u00fa\u010dov\u00e9 pre efekt\u00edvnu prepravu materi\u00e1lu. Schopnos\u0165 presne ovl\u00e1da\u0165 tieto pohyby zvy\u0161uje celkov\u00fa prev\u00e1dzkov\u00fa efektivitu.<\/p>\n<h2>K\u013e\u00fa\u010dov\u00e9 vlastnosti<\/h2>\n<ul>\n<li><strong>Vysok\u00e1 pevnos\u0165 a odolnos\u0165:<\/strong> Tieto valce, ktor\u00e9 s\u00fa typicky vyroben\u00e9 z vysokopevnostnej ocele alebo hlin\u00edka, odol\u00e1vaj\u00fa vysok\u00e9mu tlaku a \u0165a\u017ek\u00e9mu za\u0165a\u017eeniu a z\u00e1rove\u0148 s\u00fa vhodn\u00e9 do n\u00e1ro\u010dn\u00fdch pracovn\u00fdch podmienok. S\u00fa navrhnut\u00e9 s oh\u013eadom na odolnos\u0165 vo\u010di opotrebovaniu a kor\u00f3zii, \u010do v\u00fdrazne predl\u017euje ich \u017eivotnos\u0165.<\/li>\n<li><strong>Efekt\u00edvna hydraulick\u00e1 prev\u00e1dzka:<\/strong> V\u010faka tlaku hydraulick\u00e9ho oleja zabezpe\u010duje valec v\u00fdlo\u017en\u00edka plynul\u00e9 teleskopick\u00e9 pohyby, \u010do umo\u017e\u0148uje r\u00fdchlu reakciu na ovl\u00e1dacie povely a poskytuje zna\u010dn\u00e9 tla\u010dn\u00e9 a \u0165a\u017en\u00e9 sily na zvl\u00e1dnutie \u0165a\u017ek\u00fdch a zlo\u017eit\u00fdch \u00faloh.<\/li>\n<li><strong>R\u00f4zne typy:<\/strong> Tieto valce sa dod\u00e1vaj\u00fa v r\u00f4znych konfigur\u00e1ci\u00e1ch, vr\u00e1tane jedno\u010dinn\u00fdch (hydraulick\u00fd pohon v jednom smere) a dvoj\u010dinn\u00fdch (hydraulick\u00fd pohon v oboch smeroch), aby sp\u013a\u0148ali r\u00f4zne prev\u00e1dzkov\u00e9 potreby. Niektor\u00e9 modely s\u00fa teleskopick\u00e9, \u010do umo\u017e\u0148uje v\u00e4\u010d\u0161ie vysunutie bez zv\u00e4\u010d\u0161enia vonkaj\u0161\u00edch rozmerov, ide\u00e1lne pre aplik\u00e1cie s obmedzen\u00fdm priestorom.<\/li>\n<\/ul>\n<p>Tento produkt vieme vyrobi\u0165 a poskytn\u00fa\u0165 tak perfektn\u00fa n\u00e1hradu za r\u00f4zne hydraulick\u00e9 valce.<\/p>\n<p><img decoding=\"async\" src=\"https:\/\/www.hydraulic-cylinders.net\/wp-content\/uploads\/2025\/04\/songte-cylinder-head-with-all-kinds-excavator-models.webp\" alt=\"Modely bagrov\"><\/p>\n<h2>Scen\u00e1re aplik\u00e1ci\u00ed<\/h2>\n<h3>Stavebn\u00e9 stroje<\/h3>\n<p>V r\u00fdpadl\u00e1ch s\u00fa valce v\u00fdlo\u017en\u00edka nevyhnutn\u00e9 na kopanie, nakladanie a premiest\u0148ovanie zeminy alebo sutiny. U\u013eah\u010duj\u00fa proces kopania t\u00fdm, \u017ee umo\u017e\u0148uj\u00fa ly\u017eici efekt\u00edvne prenika\u0165 do zeme, v\u010faka \u010domu s\u00fa nevyhnutn\u00e9 pri stavebn\u00fdch a demola\u010dn\u00fdch pr\u00e1cach.<\/p>\n<h3>Po\u013enohospod\u00e1rske stroje<\/h3>\n<p>V \u010deln\u00fdch naklada\u010doch s\u00fa valce v\u00fdlo\u017en\u00edka k\u013e\u00fa\u010dov\u00e9 pre naberanie, zdv\u00edhanie a prepravu p\u00f4dy, sena a in\u00fdch materi\u00e1lov. V\u010faka svojej robustnej kon\u0161trukcii a hydraulickej \u00fa\u010dinnosti s\u00fa ide\u00e1lne pre po\u013enohospod\u00e1rske aplik\u00e1cie a zvy\u0161uj\u00fa produktivitu v po\u013enohospod\u00e1rskych prev\u00e1dzkach.<\/p>\n<h3>V\u00fdkopov\u00e9 \u00falohy<\/h3>\n<p>V r\u00fdpadl\u00e1ch umo\u017e\u0148uje valec v\u00fdlo\u017en\u00edka ly\u017eici vykon\u00e1va\u0165 kopaciu \u010dinnos\u0165 prenikan\u00edm do p\u00f4dy, v\u010faka \u010domu je d\u00f4le\u017eitou s\u00fa\u010das\u0165ou v\u00fdkopov\u00fdch \u00faloh v r\u00f4znych odvetviach vr\u00e1tane stavebn\u00edctva, ban\u00edctva a ter\u00e9nnych \u00faprav.<\/p>\n<h3>Nakladacie oper\u00e1cie<\/h3>\n<p>V \u010deln\u00fdch naklada\u010doch tieto valce pom\u00e1haj\u00fa pri efekt\u00edvnom zdv\u00edhan\u00ed a vykladan\u00ed bremien, v\u010faka \u010domu s\u00fa nevyhnutn\u00e9 pre manipul\u00e1ciu s materi\u00e1lom v r\u00f4znych prostrediach vr\u00e1tane staven\u00edsk a skladov.<\/p>\n<h2>\u00davahy o dizajne a \u0161tandardy v\u00fdberu<\/h2>\n<h3>Nosnos\u0165<\/h3>\n<p>Nosnos\u0165 valca ramena ur\u010duje jeho schopnos\u0165 efekt\u00edvne zvl\u00e1da\u0165 \u0161pecifick\u00e9 hmotnosti. V\u00fdber valca s vhodnou nosnos\u0165ou je k\u013e\u00fa\u010dov\u00fd pre zaistenie bezpe\u010dnosti a v\u00fdkonu po\u010das prev\u00e1dzky. V\u00fdrobcovia musia zv\u00e1\u017ei\u0165 zam\u00fd\u0161\u013ean\u00e9 pou\u017eitie a po\u017eiadavky na za\u0165a\u017eenie, aby predi\u0161li poruch\u00e1m alebo nehod\u00e1m.<\/p>\n<h3>Tesniaci v\u00fdkon<\/h3>\n<p>\u00da\u010dinn\u00e9 tesnenie je nevyhnutn\u00e9 na udr\u017eanie hydraulick\u00e9ho tlaku a predch\u00e1dzanie \u00fanikom. Vysokokvalitn\u00e9 tesnenia vyroben\u00e9 z odoln\u00fdch materi\u00e1lov m\u00f4\u017eu v\u00fdrazne pred\u013a\u017ei\u0165 \u017eivotnos\u0165 valca. Je nevyhnutn\u00e9 vybra\u0165 tesnenia ur\u010den\u00e9 pre \u0161pecifick\u00e9 prev\u00e1dzkov\u00e9 podmienky valca, aby sa zabezpe\u010dil optim\u00e1lny v\u00fdkon.<\/p>\n<h3>Trvanlivos\u0165<\/h3>\n<p>Trvanlivos\u0165 je k\u013e\u00fa\u010dov\u00fdm faktorom pri kon\u0161trukcii valcov v\u00fdlo\u017en\u00edka, preto\u017ee musia odol\u00e1va\u0165 n\u00e1ro\u010dn\u00fdm podmienkam a intenz\u00edvnemu pou\u017e\u00edvaniu. Faktory, ako je v\u00fdber materi\u00e1lu, povrchov\u00e9 \u00fapravy a kon\u0161truk\u010dn\u00e9 prvky, prispievaj\u00fa k celkovej trvanlivosti, \u010d\u00edm sa zni\u017euje riziko poruchy a potreba \u00fadr\u017eby v priebehu \u010dasu.<\/p>\n<h3>Bezpe\u010dnostn\u00e9 prvky<\/h3>\n<p>Bezpe\u010dnos\u0165 je v hydraulick\u00fdch syst\u00e9moch prvorad\u00e1. Za\u010dlenenie bezpe\u010dnostn\u00fdch mechanizmov, ako s\u00fa pretlakov\u00e9 ventily a prvky ochrany pred pre\u0165a\u017een\u00edm, je nevyhnutn\u00e9 na predch\u00e1dzanie nehod\u00e1m a zabezpe\u010denie bezpe\u010dnej prev\u00e1dzky. Pri kon\u0161truk\u010dn\u00fdch h\u013eadisk\u00e1ch sa mus\u00ed uprednostni\u0165 bezpe\u010dnos\u0165 pou\u017e\u00edvate\u013ea bez kompromisov vo v\u00fdkone.<\/p>\n<h3>Udr\u017eiavate\u013enos\u0165<\/h3>\n<p>Jednoduch\u00e1 \u00fadr\u017eba je rozhoduj\u00faca pre dlh\u00fa \u017eivotnos\u0165 a \u00fa\u010dinnos\u0165 hydraulick\u00fdch valcov. Kon\u0161truk\u010dn\u00e9 prvky, ako s\u00fa pr\u00edstupn\u00e9 mazacie body, \u013eahko vymenite\u013en\u00e9 tesnenia a jasn\u00e9 servisn\u00e9 pokyny, zvy\u0161uj\u00fa \u00fadr\u017ebu a zabezpe\u010duj\u00fa, \u017ee pravideln\u00fa \u00fadr\u017ebu je mo\u017en\u00e9 vykon\u00e1va\u0165 s minim\u00e1lnymi prestojmi.<\/p>\n<p><img decoding=\"async\" src=\"https:\/\/www.hydraulic-cylinders.net\/wp-content\/uploads\/2025\/04\/songte-oil-pipes-and-spare-parts.webp\" alt=\"Olejov\u00e9 potrubia a n\u00e1hradn\u00e9 diely\"><\/p>\n<h2>Tesnenie a mazanie<\/h2>\n<p>R\u00f4zne tesniace komponenty, ako s\u00fa tesnenia piestov a tesnenia ty\u010d\u00ed, s\u00fa nevyhnutn\u00e9 na udr\u017eanie hydraulickej integrity. Tesnenia vyroben\u00e9 z polyuret\u00e1nu a nitrilov\u00e9ho kau\u010duku sa be\u017ene pou\u017e\u00edvaj\u00fa pre svoju odolnos\u0165 vo\u010di oderu. Okrem toho s\u00fa teleso valca a z\u00e1vitov\u00e9 konce jemne opracovan\u00e9, aby sa zlep\u0161ila odolnos\u0165 proti opotrebovaniu. Pravideln\u00e1 \u00fadr\u017eba zah\u0155\u0148a zabezpe\u010denie dostato\u010dn\u00e9ho mazania pravideln\u00fdm prid\u00e1van\u00edm hydraulick\u00e9ho oleja, aby sa minimalizovalo trenie a opotrebovanie pohybliv\u00fdch \u010dast\u00ed.<\/p>\n<h2>Pravideln\u00e1 kontrola a opatrenia prevent\u00edvnej \u00fadr\u017eby<\/h2>\n<ul>\n<li><strong>Rutinn\u00e1 kontrola:<\/strong> Pravidelne vykon\u00e1vajte vizu\u00e1lne kontroly tesnen\u00ed a spojov, \u010di nedoch\u00e1dza k ich netesnostiam, kor\u00f3zii a opotrebovaniu. V\u010dasn\u00e9 odhalenie probl\u00e9mov m\u00f4\u017ee zabr\u00e1ni\u0165 z\u00e1va\u017enej\u0161\u00edm probl\u00e9mom v bud\u00facnosti.<\/li>\n<li><strong>Spr\u00e1vne mazanie:<\/strong> Zabezpe\u010dte, aby boli v\u0161etky pohybliv\u00e9 \u010dasti dostato\u010dne namazan\u00e9, aby sa zn\u00ed\u017eilo trenie, ktor\u00e9 m\u00f4\u017ee vies\u0165 k opotrebovaniu a po\u0161kodeniu. Pou\u017e\u00edvajte odpor\u00fa\u010dan\u00fd hydraulick\u00fd olej a dodr\u017eiavajte pl\u00e1n mazania stanoven\u00fd v\u00fdrobcom.<\/li>\n<li><strong>V\u00fdmena tesnenia:<\/strong> Sledujte stav tesnen\u00ed a pod\u013ea potreby ich vyme\u0148te. Opotrebovan\u00e9 alebo po\u0161koden\u00e9 tesnenia m\u00f4\u017eu vies\u0165 k netesnostiam a zn\u00ed\u017ei\u0165 \u00fa\u010dinnos\u0165 hydraulick\u00e9ho syst\u00e9mu.<\/li>\n<\/ul>\n<h2>Pokyny na in\u0161tal\u00e1ciu<\/h2>\n<p>Pri in\u0161tal\u00e1cii valca ramena postupujte pod\u013ea t\u00fdchto krokov pre dosiahnutie optim\u00e1lneho v\u00fdkonu:<br \/>\n1. **Pr\u00edprava:** Uistite sa, \u017ee pracovn\u00fd priestor je \u010dist\u00fd a bez ne\u010dist\u00f4t. Pred za\u010dat\u00edm in\u0161tal\u00e1cie si pripravte v\u0161etky potrebn\u00e9 n\u00e1stroje a komponenty.<br \/>\n2. **Zarovnanie:** Spr\u00e1vne zarovnajte valec s mont\u00e1\u017enymi konzolami. Nespr\u00e1vne zarovnanie m\u00f4\u017ee sp\u00f4sobi\u0165 pred\u010dasn\u00e9 opotrebenie a poruchu.<br \/>\n3. **Pou\u017eite podporn\u00e9 konzoly:** Na upevnenie valca po\u010das in\u0161tal\u00e1cie pou\u017eite vhodn\u00e9 podporn\u00e9 konzoly, aby ste zabr\u00e1nili pohybu, ktor\u00fd by mohol po\u0161kodi\u0165 komponenty.<br \/>\n4. **U\u0165ahovanie:** V\u0161etky skrutky a upev\u0148ovacie prvky utiahnite pod\u013ea \u0161pecifik\u00e1ci\u00ed v\u00fdrobcu a zabezpe\u010dte bezpe\u010dn\u00e9 upevnenie bez nadmern\u00e9ho u\u0165ahovania, ktor\u00e9 by mohlo vies\u0165 k prasklin\u00e1m sp\u00f4soben\u00fdm nap\u00e4t\u00edm.<br \/>\n5. **Testovanie:** Po in\u0161tal\u00e1cii otestujte valec tak, \u017ee ho cyklicky prejdete cel\u00fdm rozsahom pohybu, aby ste sa uistili o jeho spr\u00e1vnej funkcii a skontrolujte, \u010di nedoch\u00e1dza k \u00fanikom.<\/p>\n<h2>Be\u017en\u00e9 \u00falohy \u00fadr\u017eby<\/h2>\n<ul>\n<li><strong>Pravideln\u00e9 kontroly:<\/strong> Pravideln\u00e9 kontroly na zistenie ak\u00fdchko\u013evek zn\u00e1mok opotrebovania alebo po\u0161kodenia s\u00fa nevyhnutn\u00e9. Patria sem monitorovanie netesnost\u00ed alebo nezvy\u010dajn\u00fdch zvukov po\u010das prev\u00e1dzky.<\/li>\n<li><strong>Spr\u00e1vne mazanie:<\/strong> Dostato\u010dn\u00e9 mazanie je nevyhnutn\u00e9 pre udr\u017eanie \u00fa\u010dinnosti hydraulick\u00e9ho syst\u00e9mu. Pravidelne kontrolujte a pod\u013ea potreby vymie\u0148ajte hydraulick\u00fd olej pod\u013ea pokynov v\u00fdrobcu.<\/li>\n<li><strong>V\u00fdmena a kalibr\u00e1cia tesnenia:<\/strong> Pravidelne kontrolujte opotrebovanie tesnen\u00ed a v pr\u00edpade potreby ich vyme\u0148te. Kalibra\u010dn\u00e9 kontroly zabezpe\u010duj\u00fa, \u017ee hydraulick\u00fd syst\u00e9m pracuje v r\u00e1mci stanoven\u00fdch parametrov, \u010d\u00edm sa zvy\u0161uje bezpe\u010dnos\u0165 a v\u00fdkon.<\/li>\n<\/ul>\n<p>Spr\u00e1vna in\u0161tal\u00e1cia, pravideln\u00e9 mazanie a nastavenie s\u00fa nevyhnutn\u00e9 pre dlh\u00fa \u017eivotnos\u0165 valca ramena. Po\u010das in\u0161tal\u00e1cie zabezpe\u010dte spr\u00e1vne zarovnanie a na upevnenie valca pou\u017eite odpor\u00fa\u010dan\u00e9 mont\u00e1\u017ene konzoly. Dodr\u017eiavanie odpor\u00fa\u010dan\u00fdch postupov \u00fadr\u017eby pom\u00f4\u017ee udr\u017ea\u0165 v\u00fdkon a pred\u00edde n\u00e1kladn\u00fdm oprav\u00e1m.<\/p>\n<p><img decoding=\"async\" src=\"https:\/\/www.hydraulic-cylinders.net\/wp-content\/uploads\/2025\/04\/songte-chushion-collar.webp\" alt=\"Vank\u00fa\u0161ov\u00fd golier\"><\/p>\n<h2>Bezpe\u010dnostn\u00e9 aspekty a faktory prostredia<\/h2>\n<p>Pri pou\u017e\u00edvan\u00ed hydraulick\u00fdch valcov je nevyhnutn\u00e9 zavies\u0165 bezpe\u010dnostn\u00e9 opatrenia na predch\u00e1dzanie nehod\u00e1m. Patria sem dodr\u017eiavanie prev\u00e1dzkov\u00fdch pokynov, pou\u017e\u00edvanie vhodn\u00fdch osobn\u00fdch ochrann\u00fdch prostriedkov (OOP) a zabezpe\u010denie toho, aby boli v\u0161etci oper\u00e1tori vy\u0161kolen\u00ed v bezpe\u010dnostn\u00fdch protokoloch. Pravideln\u00e9 bezpe\u010dnostn\u00e9 audity m\u00f4\u017eu pom\u00f4c\u0165 identifikova\u0165 potenci\u00e1lne rizik\u00e1 a zv\u00fd\u0161i\u0165 celkov\u00fa prev\u00e1dzkov\u00fa bezpe\u010dnos\u0165.<\/p>\n<h2>Diagnostika por\u00fach a be\u017en\u00e9 probl\u00e9my<\/h2>\n<ul>\n<li><strong>\u00danik:<\/strong> \u010casto sp\u00f4soben\u00e9 opotrebovan\u00fdmi tesneniami alebo nespr\u00e1vnou in\u0161tal\u00e1ciou. Tesnenia pravidelne kontrolujte a v pr\u00edpade potreby ich vyme\u0148te.<\/li>\n<li><strong>Zn\u00ed\u017een\u00fd v\u00fdkon:<\/strong> M\u00f4\u017ee to nazna\u010dova\u0165 n\u00edzku hladinu hydraulickej kvapaliny alebo vzduch v syst\u00e9me. Skontrolujte hladiny kvapal\u00edn a v pr\u00edpade potreby syst\u00e9m odvzdu\u0161nite.<\/li>\n<li><strong>Nezvy\u010dajn\u00e9 zvuky:<\/strong> Hluk po\u010das prev\u00e1dzky m\u00f4\u017ee signalizova\u0165 mechanick\u00e9 probl\u00e9my. Identifikujte zdroj hluku a okam\u017eite odstr\u00e1\u0148te v\u0161etky opotrebovan\u00e9 alebo po\u0161koden\u00e9 komponenty.<\/li>\n<\/ul>\n<h2>Tipy na rie\u0161enie probl\u00e9mov<\/h2>\n<p>Pre efekt\u00edvnu diagnostiku a rie\u0161enie probl\u00e9mov postupujte pod\u013ea t\u00fdchto tipov:<br \/>\n1. **Pravideln\u00e1 \u00fadr\u017eba:** Dodr\u017eiavajte pl\u00e1n pravidelnej \u00fadr\u017eby, aby ste minimalizovali potenci\u00e1lne probl\u00e9my a pred\u013a\u017eili \u017eivotnos\u0165 hydraulick\u00e9ho valca.<br \/>\n2. **Monitorovanie v\u00fdkonu:** Sledujte prev\u00e1dzkov\u00fd v\u00fdkon valca a okam\u017eite rie\u0161te ak\u00e9ko\u013evek odch\u00fdlky od norm\u00e1lneho spr\u00e1vania.<br \/>\n3. **Prevent\u00edvne opatrenia:** Vzdel\u00e1vajte obsluhu o spr\u00e1vnom pou\u017e\u00edvan\u00ed a starostlivosti o zariadenie, aby ste zn\u00ed\u017eili pravdepodobnos\u0165 probl\u00e9mov sp\u00f4soben\u00fdch obsluhou.<\/p>\n<p><img decoding=\"async\" src=\"https:\/\/www.hydraulic-cylinders.net\/wp-content\/uploads\/2025\/04\/songte-bushings-with-all-kinds-of-excavator-models.webp\" alt=\"Puzdr\u00e1 pre modely r\u00fdpadiel\"><\/p>\n<h2>O na\u0161ej spolo\u010dnosti<\/h2>\n<p>Sme popredn\u00fdm v\u00fdrobcom \u0161pecializuj\u00facim sa na hydraulick\u00e9 valce a pon\u00fakame \u0161irok\u00fa \u0161k\u00e1lu produktov navrhnut\u00fdch tak, aby sp\u013a\u0148ali po\u017eiadavky dom\u00e1ceho aj medzin\u00e1rodn\u00e9ho trhu. N\u00e1\u0161 z\u00e1v\u00e4zok k excelentnosti v kvalite je podporen\u00fd na\u0161imi prepracovan\u00fdmi strat\u00e9giami riadenia v\u00fdroby, inovat\u00edvnymi technol\u00f3giami a robustn\u00fdmi testovac\u00edmi syst\u00e9mami. Neust\u00e1le zlep\u0161ujeme na\u0161e v\u00fdrobn\u00e9 kapacity, aby sme dod\u00e1vali vysoko \u00fa\u010dinn\u00e9, vysoko presn\u00e9 a vysoko kvalitn\u00e9 produkty, ktor\u00e9 sp\u013a\u0148aj\u00fa rozmanit\u00e9 potreby z\u00e1kazn\u00edkov.<\/p>\n<p>Okrem toho poskytujeme profesion\u00e1lne slu\u017eby, medzin\u00e1rodn\u00e9 certifik\u00e1cie a rie\u0161enia na mieru prisp\u00f4soben\u00e9 \u0161pecifick\u00fdm po\u017eiadavk\u00e1m. Na\u0161e najmodernej\u0161ie v\u00fdrobn\u00e9 zariadenia a \u0161pecializovan\u00e1 popredajn\u00e1 podpora zabezpe\u010duj\u00fa, \u017ee sp\u013a\u0148ame a prekra\u010dujeme priemyseln\u00e9 \u0161tandardy a z\u00e1rove\u0148 budujeme dlhodob\u00e9 vz\u0165ahy s na\u0161imi klientmi.<\/p>\n<p><img decoding=\"async\" src=\"https:\/\/www.hydraulic-cylinders.net\/wp-content\/uploads\/2025\/04\/songte-company-4.webp\" alt=\"Preh\u013ead spolo\u010dnosti\"><br \/>\n<img decoding=\"async\" src=\"https:\/\/www.hydraulic-cylinders.net\/wp-content\/uploads\/2025\/04\/songte-company-3.webp\" alt=\"V\u00fdrobn\u00e9 zariadenie\"><\/p>\n<p>Autor: lyl<\/p>","protected":false},"excerpt":{"rendered":"<p>Boom Cylinder For Zoomlion Small Excavator ZE150E Product Overview The Boom Cylinder for Zoomlion Small Excavator ZE150E is a critical hydraulic component designed to control the movement of the boom in various heavy machinery, particularly excavators. This hydraulic cylinder plays a vital role in enabling the boom to lift, lower, and tilt, facilitating efficient material [&hellip;]<\/p>","protected":false},"featured_media":17870,"comment_status":"open","ping_status":"closed","template":"","meta":{"_et_pb_use_builder":"","_et_pb_old_content":"","_et_gb_content_width":""},"product_brand":[],"product_cat":[1546],"product_tag":[1547,1496],"class_list":{"0":"post-19214","1":"product","2":"type-product","3":"status-publish","4":"has-post-thumbnail","6":"product_cat-boom-cylinders","7":"product_tag-boom-cylinders","8":"product_tag-hydraulic-cylinders","10":"first","11":"instock","12":"shipping-taxable","13":"product-type-simple"},"amp_enabled":true,"_links":{"self":[{"href":"https:\/\/www.hydraulic-cylinders.net\/sk\/wp-json\/wp\/v2\/product\/19214","targetHints":{"allow":["GET"]}}],"collection":[{"href":"https:\/\/www.hydraulic-cylinders.net\/sk\/wp-json\/wp\/v2\/product"}],"about":[{"href":"https:\/\/www.hydraulic-cylinders.net\/sk\/wp-json\/wp\/v2\/types\/product"}],"replies":[{"embeddable":true,"href":"https:\/\/www.hydraulic-cylinders.net\/sk\/wp-json\/wp\/v2\/comments?post=19214"}],"wp:featuredmedia":[{"embeddable":true,"href":"https:\/\/www.hydraulic-cylinders.net\/sk\/wp-json\/wp\/v2\/media\/17870"}],"wp:attachment":[{"href":"https:\/\/www.hydraulic-cylinders.net\/sk\/wp-json\/wp\/v2\/media?parent=19214"}],"wp:term":[{"taxonomy":"product_brand","embeddable":true,"href":"https:\/\/www.hydraulic-cylinders.net\/sk\/wp-json\/wp\/v2\/product_brand?post=19214"},{"taxonomy":"product_cat","embeddable":true,"href":"https:\/\/www.hydraulic-cylinders.net\/sk\/wp-json\/wp\/v2\/product_cat?post=19214"},{"taxonomy":"product_tag","embeddable":true,"href":"https:\/\/www.hydraulic-cylinders.net\/sk\/wp-json\/wp\/v2\/product_tag?post=19214"}],"curies":[{"name":"pracovn\u00fd list","href":"https:\/\/api.w.org\/{rel}","templated":true}]}}