{"id":19230,"date":"2025-04-07T06:19:17","date_gmt":"2025-04-07T06:19:17","guid":{"rendered":"https:\/\/www.hydraulic-cylinders.net\/product\/boom-cylinder-for-zoomlion-large-excavator-ze1250e\/"},"modified":"2025-04-07T06:19:19","modified_gmt":"2025-04-07T06:19:19","slug":"boom-cylinder-for-zoomlion-large-excavator-ze1250e","status":"publish","type":"product","link":"https:\/\/www.hydraulic-cylinders.net\/sk\/produkt\/boom-cylinder-for-zoomlion-large-excavator-ze1250e\/","title":{"rendered":"Valec v\u00fdlo\u017en\u00edka pre ve\u013ek\u00e9 r\u00fdpadlo Zoomlion ZE1250E"},"content":{"rendered":"<h1>Valec v\u00fdlo\u017en\u00edka pre ve\u013ek\u00e9 r\u00fdpadlo Zoomlion ZE1250E<\/h1>\n<h2>Preh\u013ead produktu<\/h2>\n<p>Hydraulick\u00fd valec v\u00fdlo\u017en\u00edka pre ve\u013ek\u00e9 r\u00fdpadlo Zoomlion ZE1250E je k\u013e\u00fa\u010dov\u00fdm komponentom ur\u010den\u00fdm na u\u013eah\u010denie pohybu v\u00fdlo\u017en\u00edka r\u00fdpadla. Tento hydraulick\u00fd valec je navrhnut\u00fd \u0161peci\u00e1lne pre \u0165a\u017ek\u00e9 stroje a umo\u017e\u0148uje presn\u00e9 ovl\u00e1danie ramena r\u00fdpadla. Hlavn\u00fdm \u00fa\u010delom valca ly\u017eice je riadi\u0165 zdv\u00edhanie, sp\u00fa\u0161\u0165anie a nakl\u00e1\u0148anie ly\u017eice, v\u010faka \u010domu je nevyhnutn\u00fd pre r\u00f4zne \u00falohy manipul\u00e1cie s materi\u00e1lom. Tieto valce s\u00fa neoddelite\u013enou s\u00fa\u010das\u0165ou hydraulick\u00fdch syst\u00e9mov a poskytuj\u00fa potrebn\u00fa silu na vykon\u00e1vanie n\u00e1ro\u010dn\u00fdch oper\u00e1ci\u00ed v stavebn\u00edctve a v\u00fdkopov\u00fdch pr\u00e1cach.<\/p>\n<p><img decoding=\"async\" src=\"https:\/\/www.hydraulic-cylinders.net\/wp-content\/uploads\/2025\/04\/songte-company-1.webp\" alt=\"Obr\u00e1zok valca v\u00fdlo\u017en\u00edka\" \/><\/p>\n<h3>Defin\u00edcia a funkcia valcov s vedro<\/h3>\n<p>Hydraulick\u00e9 valce ly\u017e\u00edc, typ hydraulick\u00e9ho valca, s\u00fa \u0161peci\u00e1lne navrhnut\u00e9 na ovl\u00e1danie pohybu ly\u017e\u00edc v \u0165a\u017ek\u00fdch strojoch, ako s\u00fa bagre, r\u00fdpadl\u00e1 a \u010deln\u00e9 naklada\u010de. Zabezpe\u010duj\u00fa, aby sa ly\u017eica dala zdv\u00edha\u0165, sp\u00fa\u0161\u0165a\u0165 a nakl\u00e1\u0148a\u0165, \u010do je nevyhnutn\u00e9 pre efekt\u00edvnu manipul\u00e1ciu s materi\u00e1lom. Funk\u010dnos\u0165 t\u00fdchto valcov je mimoriadne d\u00f4le\u017eit\u00e1 na stavenisk\u00e1ch, kde je premiest\u0148ovanie zeminy, sutiny a in\u00fdch materi\u00e1lov ka\u017edodennou \u00falohou. Hydraulick\u00fd tlak umo\u017e\u0148uje plynul\u00fd a efekt\u00edvny pohyb, \u010do umo\u017e\u0148uje obsluhe vykon\u00e1va\u0165 presn\u00e9 \u010dinnosti, \u010do zvy\u0161uje produktivitu a bezpe\u010dnos\u0165 pri pr\u00e1ci.<\/p>\n<h2>Vlastnosti valca v\u00fdlo\u017en\u00edka<\/h2>\n<ul>\n<li><strong>Vysok\u00e1 pevnos\u0165 a odolnos\u0165:<\/strong> Tieto valce s\u00fa vyroben\u00e9 z vysokopevnostnej ocele alebo hlin\u00edka, aby odolali vysok\u00e9mu tlaku a \u0165a\u017ek\u00e9mu za\u0165a\u017eeniu, a s\u00fa navrhnut\u00e9 tak, aby fungovali v n\u00e1ro\u010dn\u00fdch podmienkach, so zameran\u00edm na odolnos\u0165 proti opotrebovaniu a ochranu proti kor\u00f3zii, aby sa pred\u013a\u017eila ich \u017eivotnos\u0165.<\/li>\n<li><strong>Efekt\u00edvna hydraulick\u00e1 prev\u00e1dzka:<\/strong> V\u010faka hydraulick\u00e9mu tlaku oleja zais\u0165uje valec v\u00fdlo\u017en\u00edka plynul\u00e9 vys\u00favanie a zas\u00favanie, r\u00fdchlo reaguje na ovl\u00e1dacie povely a z\u00e1rove\u0148 poskytuje siln\u00e9 tla\u010dn\u00e9 a \u0165ahov\u00e9 sily, ide\u00e1lne na manipul\u00e1ciu s \u0165a\u017ek\u00fdmi materi\u00e1lmi a zlo\u017eit\u00e9 \u00falohy.<\/li>\n<li><strong>R\u00f4zne typy:<\/strong> Tieto valce, ktor\u00e9 s\u00fa k dispoz\u00edcii v jedno\u010dinnom (prev\u00e1dzkovom v jednom smere) aj dvoj\u010dinnom (prev\u00e1dzkovom v oboch smeroch), je mo\u017en\u00e9 prisp\u00f4sobi\u0165 r\u00f4znym prev\u00e1dzkov\u00fdm potreb\u00e1m, pri\u010dom niektor\u00e9 modely maj\u00fa teleskopick\u00fa kon\u0161trukciu pre dlh\u0161\u00ed dosah bez zv\u00e4\u010d\u0161enia vonkaj\u0161\u00edch rozmerov, \u010do je ide\u00e1lne pre aplik\u00e1cie s obmedzen\u00fdm priestorom.<\/li>\n<\/ul>\n<h2>Na\u0161e v\u00fdrobn\u00e9 kapacity<\/h2>\n<p>\u0160pecializujeme sa na v\u00fdrobu valcov v\u00fdlo\u017en\u00edka a pon\u00fakame produkty, ktor\u00e9 dokonale nahr\u00e1dzaj\u00fa existuj\u00face hydraulick\u00e9 valce. Na\u0161e odborn\u00e9 znalosti zabezpe\u010duj\u00fa, \u017ee ka\u017ed\u00fd valec sp\u013a\u0148a vysok\u00e9 \u0161tandardy potrebn\u00e9 pre spo\u013eahliv\u00fd v\u00fdkon.<\/p>\n<p><img decoding=\"async\" src=\"https:\/\/www.hydraulic-cylinders.net\/wp-content\/uploads\/2025\/04\/songte-cylinder-head-with-all-kinds-excavator-models.webp\" alt=\"Modely bagrov\" \/><\/p>\n<h2>Aplik\u00e1cie valca v\u00fdlo\u017en\u00edka<\/h2>\n<h3>Stavebn\u00e9 stroje<\/h3>\n<p>V stavebn\u00fdch strojoch, ako s\u00fa bagre, hraj\u00fa valce v\u00fdlo\u017en\u00edka k\u013e\u00fa\u010dov\u00fa \u00falohu pri kopan\u00ed, nakladan\u00ed a premiest\u0148ovan\u00ed zeminy alebo sutiny. Umo\u017e\u0148uj\u00fa presn\u00e9 oper\u00e1cie, \u010d\u00edm u\u013eah\u010duj\u00fa v\u00fdkop z\u00e1kladov, z\u00e1kopov a \u010fal\u0161ie d\u00f4le\u017eit\u00e9 zemn\u00e9 pr\u00e1ce.<\/p>\n<h3>Po\u013enohospod\u00e1rske stroje<\/h3>\n<p>Tieto valce, ktor\u00e9 sa pou\u017e\u00edvaj\u00fa v \u010deln\u00fdch naklada\u010doch, pom\u00e1haj\u00fa pri naberan\u00ed, zdv\u00edhan\u00ed a preprave p\u00f4dy, sena a in\u00fdch materi\u00e1lov. Schopnos\u0165 efekt\u00edvne zvl\u00e1da\u0165 \u0165a\u017ek\u00e9 bremen\u00e1 je v po\u013enohospod\u00e1rskych oper\u00e1ci\u00e1ch nevyhnutn\u00e1, preto\u017ee zabezpe\u010duje r\u00fdchle a efekt\u00edvne dokon\u010denie \u00faloh.<\/p>\n<h3>R\u00fdpadl\u00e1<\/h3>\n<p>V r\u00fdpadl\u00e1ch u\u013eah\u010duj\u00fa valce v\u00fdlo\u017en\u00edka kopanie t\u00fdm, \u017ee umo\u017e\u0148uj\u00fa ly\u017eici efekt\u00edvne prenikn\u00fa\u0165 do p\u00f4dy. T\u00e1to \u010dinnos\u0165 je nevyhnutn\u00e1 pre \u00falohy, ktor\u00e9 vy\u017eaduj\u00fa hlbok\u00e9 v\u00fdkopov\u00e9 pr\u00e1ce a presn\u00e9 odstra\u0148ovanie materi\u00e1lu.<\/p>\n<h3>Naklada\u010de<\/h3>\n<p>V \u010deln\u00fdch naklada\u010doch tieto valce pom\u00e1haj\u00fa pri efekt\u00edvnom zdv\u00edhan\u00ed a vykladan\u00ed bremien. Ich kon\u0161trukcia zabezpe\u010duje, \u017ee naklada\u010d dok\u00e1\u017ee manipulova\u0165 s r\u00f4znymi materi\u00e1lmi, \u010d\u00edm sa maximalizuje produktivita na pracovisku.<\/p>\n<h2>\u00davahy o dizajne a krit\u00e9ri\u00e1 v\u00fdberu<\/h2>\n<h3>Nosnos\u0165<\/h3>\n<p>Nosnos\u0165 valca v\u00fdlo\u017en\u00edka je prim\u00e1rnym kon\u0161truk\u010dn\u00fdm krit\u00e9riom. Mus\u00ed by\u0165 navrhnut\u00fd tak, aby zvl\u00e1dol maxim\u00e1lne o\u010dak\u00e1van\u00e9 za\u0165a\u017eenie bez poruchy, \u010d\u00edm sa zabezpe\u010d\u00ed bezpe\u010dnos\u0165 a prev\u00e1dzkov\u00e1 \u00fa\u010dinnos\u0165. Spr\u00e1vne menovit\u00e9 za\u0165a\u017eenie je nevyhnutn\u00e9 na predch\u00e1dzanie nehod\u00e1m a po\u0161kodeniu zariaden\u00ed.<\/p>\n<h3>Tesnenie<\/h3>\n<p>Kritick\u00fdm aspektom kon\u0161trukcie hydraulick\u00e9ho valca je tesnenie. Vysokokvalitn\u00e9 tesnenia zabra\u0148uj\u00fa \u00faniku hydraulickej kvapaliny, udr\u017eiavaj\u00fa tlak a zabezpe\u010duj\u00fa efekt\u00edvnu prev\u00e1dzku valca. Tesnenia sa musia vybera\u0165 na z\u00e1klade ich schopnosti odol\u00e1va\u0165 opotrebovaniu a podmienkam prostredia.<\/p>\n<h3>Trvanlivos\u0165<\/h3>\n<p>Pri kon\u0161trukcii valcov v\u00fdlo\u017en\u00edka je prvorad\u00e1 odolnos\u0165. Musia odol\u00e1va\u0165 opotrebovaniu sp\u00f4soben\u00e9mu neust\u00e1lym pou\u017e\u00edvan\u00edm, vystaveniu drsn\u00fdm podmienkam a potenci\u00e1lnym n\u00e1razom. Pou\u017eit\u00e9 materi\u00e1ly musia by\u0165 robustn\u00e9 a o\u0161etren\u00e9 tak, aby sa pred\u013a\u017eila ich \u017eivotnos\u0165.<\/p>\n<h3>Bezpe\u010dnos\u0165<\/h3>\n<p>Bezpe\u010dnostn\u00e9 prvky s\u00fa pri kon\u0161trukcii hydraulick\u00fdch valcov nevyhnutn\u00e9. Poistn\u00e9 ventily a syst\u00e9my na zn\u00ed\u017eenie tlaku pom\u00e1haj\u00fa predch\u00e1dza\u0165 pre\u0165a\u017eeniu a chr\u00e1nia tak strojov\u00e9 zariadenie aj obsluhu. Zabezpe\u010denie s\u00faladu s bezpe\u010dnostn\u00fdmi predpismi je nevyhnutn\u00e9 pre bezpe\u010dnos\u0165 na pracovisku.<\/p>\n<h3>\u00dadr\u017eba<\/h3>\n<p>Jednoduch\u00e1 \u00fadr\u017eba je \u010fal\u0161\u00edm d\u00f4le\u017eit\u00fdm kon\u0161truk\u010dn\u00fdm krit\u00e9riom. Komponenty by mali by\u0165 \u013eahko pr\u00edstupn\u00e9 na kontrolu a v\u00fdmenu, \u010do umo\u017e\u0148uje efekt\u00edvne vykon\u00e1vanie be\u017enej \u00fadr\u017eby bez rozsiahlych prestojov.<\/p>\n<p><img decoding=\"async\" src=\"https:\/\/www.hydraulic-cylinders.net\/wp-content\/uploads\/2025\/04\/songte-oil-pipes-and-spare-parts.webp\" alt=\"Hydraulick\u00e9 diely\" \/><\/p>\n<h2>Tesnenie a mazanie<\/h2>\n<p>\u00da\u010dinn\u00e9 tesnenie a mazanie s\u00fa k\u013e\u00fa\u010dov\u00e9 pre optim\u00e1lnu prev\u00e1dzku hydraulick\u00fdch valcov. R\u00f4zne mo\u017enosti tesnenia, vr\u00e1tane tesnen\u00ed piestov a tesnen\u00ed ty\u010d\u00ed, s\u00fa nevyhnutn\u00e9 na zabr\u00e1nenie \u00faniku kvapaliny a udr\u017eanie tlaku. Tesnenia vyroben\u00e9 z odoln\u00fdch materi\u00e1lov, ako je polyuret\u00e1n a nitrilov\u00e1 guma, poskytuj\u00fa vynikaj\u00facu odolnos\u0165 proti opotrebovaniu. Teleso valca a z\u00e1vitov\u00e9 konce prech\u00e1dzaj\u00fa presn\u00fdm obr\u00e1ban\u00edm, aby sa zv\u00fd\u0161ila odolnos\u0165. Pravideln\u00e9 mazanie hydraulick\u00fdm olejom je tie\u017e potrebn\u00e9 na zn\u00ed\u017eenie trenia a pred\u013a\u017eenie \u017eivotnosti valca.<\/p>\n<h2>Pravideln\u00e1 kontrola a prevent\u00edvna \u00fadr\u017eba<\/h2>\n<ul>\n<li><strong>Rutinn\u00e1 kontrola:<\/strong> Pravideln\u00e9 kontroly pom\u00e1haj\u00fa v\u010das odhali\u0165 opotrebovanie a potenci\u00e1lne poruchy. Obsluha by mala kontrolova\u0165 tesnenia a pr\u00edslu\u0161enstv\u00e1, \u010di nedoch\u00e1dza k \u00fanikom, nezvy\u010dajn\u00fdm zvukom a opotrebovaniu.<\/li>\n<li><strong>Mazanie:<\/strong> Pravideln\u00e9 mazanie pohybliv\u00fdch \u010dast\u00ed zais\u0165uje plynul\u00fd chod a zabra\u0148uje opotrebovaniu. Obsluha by mala dodr\u017eiava\u0165 pokyny v\u00fdrobcu t\u00fdkaj\u00face sa intervalov a mno\u017estva mazania.<\/li>\n<li><strong>V\u00fdmena tesnenia:<\/strong> Tesnenia by sa mali vymeni\u0165, ke\u010f s\u00fa opotrebovan\u00e9, aby sa predi\u0161lo \u00fanikom. Majte po ruke n\u00e1hradn\u00e9 tesnenia, aby ste minimalizovali prestoje a udr\u017eali prev\u00e1dzkov\u00fa efektivitu.<\/li>\n<\/ul>\n<h2>Pokyny na in\u0161tal\u00e1ciu<\/h2>\n<p>Spr\u00e1vna in\u0161tal\u00e1cia valca v\u00fdlo\u017en\u00edka je rozhoduj\u00faca pre optim\u00e1lny v\u00fdkon. Za\u010dnite t\u00fdm, \u017ee sa uist\u00edte, \u017ee valec a mont\u00e1\u017ene konzoly s\u00fa \u010dist\u00e9 a bez ne\u010dist\u00f4t. Valec spr\u00e1vne zarovnajte s mont\u00e1\u017enymi bodmi a uistite sa, \u017ee je kolm\u00fd na upev\u0148ovacie povrchy. Pou\u017eite vhodn\u00fd mont\u00e1\u017eny materi\u00e1l pod\u013ea pokynov v\u00fdrobcu, aby ste zabezpe\u010dili bezpe\u010dn\u00e9 upevnenie. Po in\u0161tal\u00e1cii overte, \u010di s\u00fa hydraulick\u00e9 potrubia spr\u00e1vne pripojen\u00e9, a pred prev\u00e1dzkou stroja skontrolujte pr\u00edpadn\u00e9 netesnosti. Pravidelne kontrolujte in\u0161tal\u00e1ciu, \u010di nevykazuje zn\u00e1mky opotrebovania a \u010di nie je potrebn\u00e1 \u00fadr\u017eba.<\/p>\n<p><img decoding=\"async\" src=\"https:\/\/www.hydraulic-cylinders.net\/wp-content\/uploads\/2025\/04\/songte-chushion-collar.webp\" alt=\"Vank\u00fa\u0161ov\u00fd golier\" \/><\/p>\n<h2>\u00dalohy \u00fadr\u017eby<\/h2>\n<h3>Pravideln\u00e9 kontroly<\/h3>\n<p>Vykon\u00e1vanie pravideln\u00fdch kontrol je nevyhnutn\u00e9 na zabezpe\u010denie spr\u00e1vnej funkcie v\u0161etk\u00fdch komponentov valca ramena. H\u013eadajte zn\u00e1mky opotrebovania, netesnosti a ak\u00e9ko\u013evek nezrovnalosti v pohybe.<\/p>\n<h3>Spr\u00e1vne mazanie<\/h3>\n<p>Spr\u00e1vne mazanie pohybliv\u00fdch \u010dast\u00ed je nevyhnutn\u00e9 na zabr\u00e1nenie opotrebovaniu. Pre zabezpe\u010denie optim\u00e1lneho v\u00fdkonu dodr\u017eiavajte odpor\u00fa\u010dania v\u00fdrobcu t\u00fdkaj\u00face sa typov maz\u00edv a frekvencie aplik\u00e1cie.<\/p>\n<h3>V\u00fdmena tesnenia a kontroly kalibr\u00e1cie<\/h3>\n<p>Pravideln\u00e1 v\u00fdmena tesnen\u00ed a vykon\u00e1vanie kalibra\u010dn\u00fdch kontrol m\u00f4\u017ee zabr\u00e1ni\u0165 poruch\u00e1m zariadenia. Po\u010das kontrol sa uistite, \u017ee tesnenia s\u00fa kompatibiln\u00e9 s hydraulick\u00fdmi kvapalinami a \u017ee sa kontroluj\u00fa na opotrebovanie.<\/p>\n<h2>Bezpe\u010dnostn\u00e9 aspekty a faktory prostredia<\/h2>\n<p>Pri pr\u00e1ci s hydraulick\u00fdmi syst\u00e9mami musia by\u0165 bezpe\u010dnostn\u00e9 opatrenia uprednost\u0148ovan\u00e9. Obsluha by mala by\u0165 vy\u0161kolen\u00e1 v bezpe\u010dnej manipul\u00e1cii s hydraulick\u00fdmi materi\u00e1lmi a zariadeniami. Ochrann\u00e9 pom\u00f4cky s\u00fa nevyhnutn\u00e9 na prevenciu zranen\u00ed sp\u00f4soben\u00fdch \u00fanikom hydraulickej kvapaliny alebo n\u00e1hlymi pohybmi strojov. Pri prev\u00e1dzke a \u00fadr\u017ebe by sa mali zoh\u013eadni\u0165 faktory prostredia, ako s\u00fa extr\u00e9mne teploty a vystavenie koroz\u00edvnym l\u00e1tkam, aby sa pred\u013a\u017eila \u017eivotnos\u0165 valca v\u00fdlo\u017en\u00edka.<\/p>\n<h2>Diagnostika por\u00fach a be\u017en\u00e9 probl\u00e9my<\/h2>\n<ul>\n<li><strong>\u00danik:<\/strong> Jedn\u00fdm z naj\u010dastej\u0161\u00edch probl\u00e9mov je \u00fanik hydraulickej kvapaliny. M\u00f4\u017ee to by\u0165 sp\u00f4soben\u00e9 opotrebovan\u00fdmi tesneniami alebo po\u0161koden\u00fdmi r\u00farkami, ktor\u00e9 si vy\u017eaduj\u00fa okam\u017eit\u00fa pozornos\u0165.<\/li>\n<li><strong>Strata energie:<\/strong> Ak valec v\u00fdlo\u017en\u00edka nereaguje efekt\u00edvne, m\u00f4\u017eu sa vyskytn\u00fa\u0165 probl\u00e9my s hladinou hydraulickej kvapaliny alebo poruchami \u010derpadla. Kontrola hladiny kvapal\u00edn a tlaku v syst\u00e9me m\u00f4\u017ee pom\u00f4c\u0165 diagnostikova\u0165 probl\u00e9m.<\/li>\n<li><strong>Nezvy\u010dajn\u00e9 zvuky:<\/strong> Zvl\u00e1\u0161tne zvuky po\u010das prev\u00e1dzky m\u00f4\u017eu nazna\u010dova\u0165 vn\u00fatorn\u00e9 po\u0161kodenie alebo nedostato\u010dn\u00e9 mazanie. Pravideln\u00e1 \u00fadr\u017eba a kontroly m\u00f4\u017eu pom\u00f4c\u0165 v\u010das odhali\u0165 tieto probl\u00e9my.<\/li>\n<\/ul>\n<h2>Tipy na rie\u0161enie probl\u00e9mov<\/h2>\n<p>Aby sa efekt\u00edvne diagnostikovali a vyrie\u0161ili probl\u00e9my s valcom v\u00fdlo\u017en\u00edka, oper\u00e1tori by mali dodr\u017eiava\u0165 tieto tipy: Po prv\u00e9, pravidelne kontrolujte hladinu hydraulickej kvapaliny, aby ste zabezpe\u010dili spr\u00e1vnu prev\u00e1dzku. Po druh\u00e9, skontrolujte tesnenia a spoje, \u010di nie s\u00fa opotrebovan\u00e9, a okam\u017eite vyme\u0148te v\u0161etky po\u0161koden\u00e9 komponenty. Nakoniec, dodr\u017eiavajte pravideln\u00fd pl\u00e1n \u00fadr\u017eby, aby ste identifikovali potenci\u00e1lne probl\u00e9my sk\u00f4r, ako sa vyhrotia, a zabezpe\u010dili tak bezpe\u010dn\u00fa a efekt\u00edvnu prev\u00e1dzku stroja.<\/p>\n<p><img decoding=\"async\" src=\"https:\/\/www.hydraulic-cylinders.net\/wp-content\/uploads\/2025\/04\/songte-bushings-with-all-kinds-of-excavator-models.webp\" alt=\"Puzdr\u00e1 bagerov\" \/><\/p>\n<h2>Preh\u013ead spolo\u010dnosti<\/h2>\n<p>Sme popredn\u00fdm v\u00fdrobcom n\u00e1hradn\u00fdch hydraulick\u00fdch valcov a pon\u00fakame komplexn\u00fd sortiment produktov, v\u010faka ktor\u00fdm sme sa stali popredn\u00fdm hr\u00e1\u010dom na dom\u00e1com aj medzin\u00e1rodnom trhu. N\u00e1\u0161 z\u00e1v\u00e4zok k excelentnosti v kvalite je podporen\u00fd prepracovanou strat\u00e9giou riadenia v\u00fdroby. N\u00e1\u0161 technick\u00fd t\u00edm, modern\u00e9 v\u00fdrobn\u00e9 zariadenia a profesion\u00e1lne testovacie syst\u00e9my neust\u00e1le zlep\u0161uj\u00fa na\u0161e v\u00fdrobn\u00e9 kapacity. Zameriavame sa na vysok\u00fa efektivitu, presnos\u0165 a kvalitu, aby sme splnili rozmanit\u00e9 potreby z\u00e1kazn\u00edkov.<\/p>\n<h3>Odborn\u00e1 expert\u00edza<\/h3>\n<p>N\u00e1\u0161 t\u00edm sa sklad\u00e1 z odborn\u00edkov z odvetvia s rozsiahlymi znalos\u0165ami v oblasti hydraulick\u00fdch syst\u00e9mov, \u010do zabezpe\u010duje poskytovanie vysoko kvalitn\u00fdch a inovat\u00edvnych rie\u0161en\u00ed.<\/p>\n<h3>Medzin\u00e1rodn\u00e9 certifik\u00e1cie<\/h3>\n<p>Dodr\u017eiavame medzin\u00e1rodn\u00e9 normy a certifik\u00e1cie, \u010d\u00edm zaru\u010dujeme, \u017ee na\u0161e produkty sp\u013a\u0148aj\u00fa alebo prekra\u010duj\u00fa o\u010dak\u00e1vania odvetvia t\u00fdkaj\u00face sa bezpe\u010dnosti a v\u00fdkonu.<\/p>\n<h3>Slu\u017eby prisp\u00f4sobenia<\/h3>\n<p>Pon\u00fakame rie\u0161enia na mieru prisp\u00f4soben\u00e9 \u0161pecifick\u00fdm prev\u00e1dzkov\u00fdm potreb\u00e1m a poskytujeme na\u0161im klientom produkty navrhnut\u00e9 tak, aby sp\u013a\u0148ali ich jedine\u010dn\u00e9 po\u017eiadavky.<\/p>\n<h3>Pokro\u010dil\u00e9 v\u00fdrobn\u00e9 zariadenia<\/h3>\n<p>Na\u0161e najmodernej\u0161ie v\u00fdrobn\u00e9 zariadenia vyu\u017e\u00edvaj\u00fa najmodernej\u0161ie technol\u00f3gie, ktor\u00e9 n\u00e1m umo\u017e\u0148uj\u00fa vyr\u00e1ba\u0165 vysoko kvalitn\u00e9 hydraulick\u00e9 valce s v\u00fdnimo\u010dnou konzistenciou.<\/p>\n<h3>Popredajn\u00e1 podpora<\/h3>\n<p>Ver\u00edme v poskytovanie vynikaj\u00facich popredajn\u00fdch slu\u017eieb a zabezpe\u010dujeme, aby na\u0161i klienti mali podporu, ktor\u00fa potrebuj\u00fa na \u00fadr\u017ebu a rie\u0161enie probl\u00e9mov.<\/p>\n<p><img decoding=\"async\" src=\"https:\/\/www.hydraulic-cylinders.net\/wp-content\/uploads\/2025\/04\/songte-company-4.webp\" alt=\"Preh\u013ead spolo\u010dnosti\" \/><br \/>\n<img decoding=\"async\" src=\"https:\/\/www.hydraulic-cylinders.net\/wp-content\/uploads\/2025\/04\/songte-company-3.webp\" alt=\"Zariadenia spolo\u010dnosti\" \/><\/p>\n<p>Autor: lyl<\/p>","protected":false},"excerpt":{"rendered":"<p>Boom Cylinder For Zoomlion Large Excavator ZE1250E Product Overview The Boom Cylinder for the Zoomlion Large Excavator ZE1250E is a critical component designed to facilitate the movement of the excavator&#8217;s boom. This hydraulic cylinder is engineered specifically for heavy machinery, allowing for precise control of the excavator&#8217;s arm. The primary purpose of a bucket cylinder [&hellip;]<\/p>","protected":false},"featured_media":17871,"comment_status":"open","ping_status":"closed","template":"","meta":{"_et_pb_use_builder":"","_et_pb_old_content":"","_et_gb_content_width":""},"product_brand":[],"product_cat":[1546],"product_tag":[1547,1496],"class_list":{"0":"post-19230","1":"product","2":"type-product","3":"status-publish","4":"has-post-thumbnail","6":"product_cat-boom-cylinders","7":"product_tag-boom-cylinders","8":"product_tag-hydraulic-cylinders","10":"first","11":"instock","12":"shipping-taxable","13":"product-type-simple"},"amp_enabled":true,"_links":{"self":[{"href":"https:\/\/www.hydraulic-cylinders.net\/sk\/wp-json\/wp\/v2\/product\/19230","targetHints":{"allow":["GET"]}}],"collection":[{"href":"https:\/\/www.hydraulic-cylinders.net\/sk\/wp-json\/wp\/v2\/product"}],"about":[{"href":"https:\/\/www.hydraulic-cylinders.net\/sk\/wp-json\/wp\/v2\/types\/product"}],"replies":[{"embeddable":true,"href":"https:\/\/www.hydraulic-cylinders.net\/sk\/wp-json\/wp\/v2\/comments?post=19230"}],"wp:featuredmedia":[{"embeddable":true,"href":"https:\/\/www.hydraulic-cylinders.net\/sk\/wp-json\/wp\/v2\/media\/17871"}],"wp:attachment":[{"href":"https:\/\/www.hydraulic-cylinders.net\/sk\/wp-json\/wp\/v2\/media?parent=19230"}],"wp:term":[{"taxonomy":"product_brand","embeddable":true,"href":"https:\/\/www.hydraulic-cylinders.net\/sk\/wp-json\/wp\/v2\/product_brand?post=19230"},{"taxonomy":"product_cat","embeddable":true,"href":"https:\/\/www.hydraulic-cylinders.net\/sk\/wp-json\/wp\/v2\/product_cat?post=19230"},{"taxonomy":"product_tag","embeddable":true,"href":"https:\/\/www.hydraulic-cylinders.net\/sk\/wp-json\/wp\/v2\/product_tag?post=19230"}],"curies":[{"name":"pracovn\u00fd list","href":"https:\/\/api.w.org\/{rel}","templated":true}]}}