{"id":19244,"date":"2025-04-07T06:22:40","date_gmt":"2025-04-07T06:22:40","guid":{"rendered":"https:\/\/www.hydraulic-cylinders.net\/product\/boom-cylinder-for-sunward-middle-excavator-swe260elr\/"},"modified":"2025-04-07T06:22:43","modified_gmt":"2025-04-07T06:22:43","slug":"boom-cylinder-for-sunward-middle-excavator-swe260elr","status":"publish","type":"product","link":"https:\/\/www.hydraulic-cylinders.net\/sk\/produkt\/boom-cylinder-for-sunward-middle-excavator-swe260elr\/","title":{"rendered":"Valec v\u00fdlo\u017en\u00edka pre stredn\u00fd bager Sunward SWE260ELR"},"content":{"rendered":"<h1>Valec v\u00fdlo\u017en\u00edka pre stredn\u00fd bager Sunward SWE260ELR<\/h1>\n<h2>Preh\u013ead produktu<\/h2>\n<p>Hydraulick\u00fd valec v\u00fdlo\u017en\u00edka pre r\u00fdpadlo Sunward Middle Excavator SWE260ELR je d\u00f4le\u017eit\u00fd komponent ur\u010den\u00fd na u\u013eah\u010denie efekt\u00edvnej prev\u00e1dzky r\u00fdpadiel. Tento hydraulick\u00fd valec \u0161pecificky riadi pohyb v\u00fdlo\u017en\u00edka, \u010do umo\u017e\u0148uje jeho presn\u00e9 zdv\u00edhanie, sp\u00fa\u0161\u0165anie a nakl\u00e1\u0148anie. Jeho v\u00fdznam v \u0165a\u017ek\u00fdch strojoch nemo\u017eno prece\u0148ova\u0165, preto\u017ee priamo ovplyv\u0148uje efekt\u00edvnos\u0165 manipul\u00e1cie s materi\u00e1lom, v\u010faka \u010domu je nevyhnutnou s\u00fa\u010das\u0165ou ka\u017ed\u00e9ho stavebn\u00e9ho alebo v\u00fdkopov\u00e9ho projektu.<\/p>\n<p><img decoding=\"async\" src=\"https:\/\/www.hydraulic-cylinders.net\/wp-content\/uploads\/2025\/04\/songte-company-1.webp\" alt=\"Preh\u013ead valcov v\u00fdlo\u017en\u00edka\"><\/p>\n<h3>\u010co je to vedrov\u00fd valec?<\/h3>\n<p>Hydraulick\u00fd valec ly\u017eice, tie\u017e ozna\u010dovan\u00fd ako valec v\u00fdlo\u017en\u00edka, je hydraulick\u00fd valec \u0161peci\u00e1lne navrhnut\u00fd na ovl\u00e1danie pohybu ly\u017e\u00edc v r\u00f4znych \u0165a\u017ek\u00fdch strojoch, ako s\u00fa r\u00fdpadl\u00e1, r\u00fdpadlo-naklada\u010de a \u010deln\u00e9 naklada\u010de. Umo\u017e\u0148uje k\u013abov\u00e9 spojenie a man\u00e9vrovanie ly\u017eice, \u010d\u00edm sa u\u013eah\u010duje a zefekt\u00edv\u0148uje manipul\u00e1cia s materi\u00e1lom. Valec ly\u017eice funguje na princ\u00edpe vyu\u017eitia tlaku hydraulickej kvapaliny na vytvorenie pohybu, \u010d\u00edm umo\u017e\u0148uje ly\u017eici kopa\u0165, zdv\u00edha\u0165 a prepravova\u0165 materi\u00e1ly. T\u00e1to funkcia je k\u013e\u00fa\u010dov\u00e1 v r\u00f4znych aplik\u00e1ci\u00e1ch, od staven\u00edsk a\u017e po po\u013enohospod\u00e1rske prostredie.<\/p>\n<h2>Vlastnosti valca v\u00fdlo\u017en\u00edka<\/h2>\n<ul>\n<li><strong>Vysok\u00e1 pevnos\u0165 a odolnos\u0165:<\/strong> Vyroben\u00e9 z vysokopevnostnej ocele alebo hlin\u00edka, schopn\u00e9 odol\u00e1va\u0165 vysok\u00e9mu tlaku a \u0165a\u017ek\u00fdm za\u0165a\u017eeniam a z\u00e1rove\u0148 sa prisp\u00f4sobi\u0165 n\u00e1ro\u010dn\u00fdm pracovn\u00fdm podmienkam. Navrhnut\u00e9 s oh\u013eadom na odolnos\u0165 vo\u010di opotrebovaniu a kor\u00f3zii pre pred\u013a\u017eenie \u017eivotnosti.<\/li>\n<li><strong>Efekt\u00edvna hydraulick\u00e1 prev\u00e1dzka:<\/strong> Vyu\u017e\u00edva hydraulick\u00fd tlak oleja pre plynul\u00e9 vys\u00favanie a zas\u00favanie, r\u00fdchlo reaguje na povely oper\u00e1tora a poskytuje siln\u00fa tla\u010dn\u00fa a \u0165ahov\u00fa silu, vhodn\u00fa na manipul\u00e1ciu s \u0165a\u017ek\u00fdmi materi\u00e1lmi a zlo\u017eit\u00fdmi \u00falohami.<\/li>\n<li><strong>R\u00f4zne typy:<\/strong> K dispoz\u00edcii s jedno\u010dinn\u00fdmi (hydraulicky ovl\u00e1dan\u00e9 v jednom smere) alebo dvoj\u010dinn\u00fdmi (hydraulicky ovl\u00e1dan\u00e9 v oboch smeroch) valcami, aby sp\u013a\u0148ali r\u00f4zne prev\u00e1dzkov\u00e9 po\u017eiadavky. Niektor\u00e9 modely s\u00fa teleskopick\u00e9, \u010do umo\u017e\u0148uje v\u00e4\u010d\u0161ie vysunutie bez zv\u00e4\u010d\u0161enia vonkaj\u0161\u00edch rozmerov, ide\u00e1lne pre aplik\u00e1cie s obmedzen\u00fdm priestorom.<\/li>\n<\/ul>\n<p>Na\u0161e produkty dokonale nahr\u00e1dzaj\u00fa tieto hydraulick\u00e9 valce a zais\u0165uj\u00fa spo\u013eahlivos\u0165 a \u00fa\u010dinnos\u0165.<\/p>\n<p><img decoding=\"async\" src=\"https:\/\/www.hydraulic-cylinders.net\/wp-content\/uploads\/2025\/04\/songte-cylinder-head-with-all-kinds-excavator-models.webp\" alt=\"N\u00e1hradn\u00e9 hydraulick\u00e9 valce\"><\/p>\n<h2>Aplik\u00e1cie hydraulick\u00e9ho valca<\/h2>\n<h3>Stavebn\u00e9 stroje<\/h3>\n<p>V r\u00fdpadl\u00e1ch s\u00fa valce v\u00fdlo\u017en\u00edka k\u013e\u00fa\u010dov\u00e9 pre kopanie, nakladanie a premiest\u0148ovanie zeminy alebo sutiny. Umo\u017e\u0148uj\u00fa r\u00fdpadlu vykon\u00e1va\u0165 r\u00f4zne \u00falohy, ako je h\u013abenie v\u00fdkopov a zdv\u00edhanie \u0165a\u017ek\u00fdch materi\u00e1lov, v\u010faka \u010domu s\u00fa na stavb\u00e1ch nevyhnutn\u00e9. V r\u00fdpadlo-naklada\u010doch prispievaj\u00fa valce ly\u017eice k kopaniu aj zdv\u00edhaniu, \u010d\u00edm zvy\u0161uj\u00fa v\u0161estrannos\u0165 a prev\u00e1dzkov\u00fa efektivitu stroja. Schopnos\u0165 presne ovl\u00e1da\u0165 pohyb ly\u017eice umo\u017e\u0148uje presn\u00e9 umiest\u0148ovanie materi\u00e1lov, \u010do v\u00fdrazne zlep\u0161uje produktivitu.<\/p>\n<h3>Po\u013enohospod\u00e1rske stroje<\/h3>\n<p>V \u010deln\u00fdch naklada\u010doch sa valce v\u00fdlo\u017en\u00edka pou\u017e\u00edvaj\u00fa na naberanie, zdv\u00edhanie a prepravu p\u00f4dy, sena a in\u00fdch materi\u00e1lov. Ich robustn\u00e1 kon\u0161trukcia a efekt\u00edvny hydraulick\u00fd pohon umo\u017e\u0148uj\u00fa po\u013enohospod\u00e1rom \u013eahko vykon\u00e1va\u0165 pr\u00e1cne n\u00e1ro\u010dn\u00e9 \u00falohy, \u010d\u00edm zefekt\u00edv\u0148uj\u00fa r\u00f4zne po\u013enohospod\u00e1rske procesy. Pou\u017eitie hydraulick\u00fdch valcov zais\u0165uje bezpe\u010dn\u00fa a efekt\u00edvnu manipul\u00e1ciu s \u0165a\u017ek\u00fdmi bremenami, \u010do m\u00e1 v\u00fdznamn\u00fd vplyv na produktivitu po\u013enohospod\u00e1rskych podnikov.<\/p>\n<h3>R\u00fdpadl\u00e1<\/h3>\n<p>V r\u00fdpadl\u00e1ch je valec v\u00fdlo\u017en\u00edka neoddelite\u013enou s\u00fa\u010das\u0165ou prenikania ly\u017eice do p\u00f4dy po\u010das v\u00fdkopov\u00fdch pr\u00e1c. T\u00e1to funkcia je nevyhnutn\u00e1 pre v\u00fdkopov\u00e9 pr\u00e1ce, preto\u017ee umo\u017e\u0148uje obsluhe efekt\u00edvne kopa\u0165 z\u00e1kopy, z\u00e1klady a \u010fal\u0161ie potrebn\u00e9 kon\u0161trukcie. Reakcia hydraulick\u00e9ho syst\u00e9mu zabezpe\u010duje, \u017ee obsluha m\u00f4\u017ee so strojom man\u00e9vrova\u0165 s presnos\u0165ou, \u010do umo\u017e\u0148uje efekt\u00edvnej\u0161ie a bezpe\u010dnej\u0161ie v\u00fdkopov\u00e9 pr\u00e1ce.<\/p>\n<h3>Naklada\u010de<\/h3>\n<p>V \u010deln\u00fdch naklada\u010doch pom\u00e1haj\u00fa valce v\u00fdlo\u017en\u00edka efekt\u00edvne zdv\u00edha\u0165 a vyklada\u0165 bremena. Hydraulick\u00fd v\u00fdkon, ktor\u00fd tieto valce poskytuj\u00fa, umo\u017e\u0148uje r\u00fdchle zdv\u00edhanie a vykladanie, \u010do je nevyhnutn\u00e9 na premiest\u0148ovanie \u0165a\u017ek\u00fdch materi\u00e1lov, ako je \u0161trk a zemina. T\u00e1to \u00fa\u010dinnos\u0165 je k\u013e\u00fa\u010dov\u00e1 pre udr\u017eanie pracovn\u00e9ho postupu a produktivity na pracovisk\u00e1ch a zabezpe\u010duje v\u010dasn\u00e9 dokon\u010denie \u00faloh.<\/p>\n<h2>\u00davahy o dizajne a krit\u00e9ri\u00e1 v\u00fdberu<\/h2>\n<h3>Nosnos\u0165<\/h3>\n<p>Pochopenie nosnosti valca v\u00fdlo\u017en\u00edka je k\u013e\u00fa\u010dov\u00e9. Kon\u0161trukcia mus\u00ed zodpoveda\u0165 o\u010dak\u00e1van\u00e9mu maxim\u00e1lnemu za\u0165a\u017eeniu, aby sa predi\u0161lo poruche po\u010das prev\u00e1dzky. To zah\u0155\u0148a v\u00fdber materi\u00e1lov a kon\u0161truk\u010dn\u00fdch techn\u00edk, ktor\u00e9 dok\u00e1\u017eu odola\u0165 nam\u00e1haniu sp\u00f4soben\u00e9mu \u0165a\u017ek\u00fdmi bremenami bez ohrozenia bezpe\u010dnosti.<\/p>\n<h3>Tesniaci v\u00fdkon<\/h3>\n<p>Tesnenie je nevyhnutn\u00e9 na zabr\u00e1nenie \u00faniku hydraulickej kvapaliny, \u010do m\u00f4\u017ee vies\u0165 k poruche zariadenia a bezpe\u010dnostn\u00fdm rizik\u00e1m. \u00da\u010dinn\u00e9 tesnenia sa musia voli\u0165 na z\u00e1klade \u0161pecifick\u00fdch prev\u00e1dzkov\u00fdch podmienok vr\u00e1tane rozsahov tlaku a teploty. Zabezpe\u010denie spr\u00e1vneho tesniaceho v\u00fdkonu predl\u017euje \u017eivotnos\u0165 valca a minimalizuje potrebu \u00fadr\u017eby.<\/p>\n<h3>Trvanlivos\u0165<\/h3>\n<p>Trvanlivos\u0165 je k\u013e\u00fa\u010dov\u00fdm faktorom pri kon\u0161trukcii hydraulick\u00fdch valcov. Musia by\u0165 vyroben\u00e9 tak, aby odol\u00e1vali opotrebovaniu, najm\u00e4 v n\u00e1ro\u010dn\u00fdch pracovn\u00fdch podmienkach. To zah\u0155\u0148a pou\u017eitie vysokokvalitn\u00fdch materi\u00e1lov a pokro\u010dil\u00fdch v\u00fdrobn\u00fdch procesov na vytvorenie robustn\u00fdch komponentov, ktor\u00e9 dok\u00e1\u017eu odol\u00e1va\u0165 extr\u00e9mnym podmienkam v priebehu \u010dasu.<\/p>\n<h3>Bezpe\u010dnos\u0165<\/h3>\n<p>Za\u010dlenenie bezpe\u010dnostn\u00fdch prvkov do kon\u0161trukcie valcov v\u00fdlo\u017en\u00edka je nevyhnutn\u00e9. Patria sem implement\u00e1cia syst\u00e9mov ochrany proti pre\u0165a\u017eeniu a bezpe\u010dnostn\u00fdch ventilov na predch\u00e1dzanie nehod\u00e1m. Bezpe\u010dnostn\u00e9 protokoly sa musia dodr\u017eiava\u0165 po\u010das cel\u00e9ho v\u00fdrobn\u00e9ho procesu, aby sa zabezpe\u010dilo, \u017ee kone\u010dn\u00fd v\u00fdrobok sp\u013a\u0148a v\u0161etky bezpe\u010dnostn\u00e9 normy.<\/p>\n<h3>Pr\u00edstupnos\u0165 \u00fadr\u017eby<\/h3>\n<p>\u010eal\u0161\u00edm d\u00f4le\u017eit\u00fdm kon\u0161truk\u010dn\u00fdm krit\u00e9riom je jednoduchos\u0165 \u00fadr\u017eby. Valce v\u00fdlo\u017en\u00edka by mali by\u0165 navrhnut\u00e9 tak, aby zabezpe\u010dovali jednoduch\u00fd pr\u00edstup ku k\u013e\u00fa\u010dov\u00fdm komponentom, \u010do by u\u013eah\u010dovalo pravideln\u00e9 kontroly a opravy. To skracuje prestoje a zabezpe\u010duje, \u017ee zariadenie zostane v optim\u00e1lnom prev\u00e1dzkovom stave po\u010das celej jeho \u017eivotnosti.<\/p>\n<p><img decoding=\"async\" src=\"https:\/\/www.hydraulic-cylinders.net\/wp-content\/uploads\/2025\/04\/songte-oil-pipes-and-spare-parts.webp\" alt=\"\u010casti hydraulick\u00e9ho valca\"><\/p>\n<h2>Tesnenie a mazanie<\/h2>\n<p>Pou\u017eitie r\u00f4znych tesniacich komponentov, ako s\u00fa tesnenia piestov a tesnenia ty\u010d\u00ed, je rozhoduj\u00face pre efekt\u00edvnu prev\u00e1dzku hydraulick\u00fdch valcov. Tesnenia vyroben\u00e9 z polyuret\u00e1nu alebo nitrilov\u00e9ho kau\u010duku sa be\u017ene pou\u017e\u00edvaj\u00fa kv\u00f4li ich odolnosti vo\u010di opotrebovaniu a degrad\u00e1cii. Okrem toho sa teleso valca a z\u00e1vitov\u00e9 koncov\u00e9 plochy jemne oprac\u00favaj\u00fa, aby sa zlep\u0161ila odolnos\u0165 vo\u010di opotrebovaniu. Pravideln\u00e9 mazanie vhodn\u00fdm hydraulick\u00fdm olejom je nevyhnutn\u00e9 na zabezpe\u010denie hladk\u00e9ho chodu a zabr\u00e1nenie po\u0161kodenia tesnen\u00ed a komponentov valca.<\/p>\n<h2>Opatrenia prevent\u00edvnej \u00fadr\u017eby<\/h2>\n<ul>\n<li><strong>Pravideln\u00e9 kontroly:<\/strong> Vykon\u00e1vanie pravideln\u00fdch kontrol hydraulick\u00e9ho valca, \u010di nie je netesn\u00fd, opotrebovan\u00fd a \u010di nie je v celkovom stave, je nevyhnutn\u00e9 na identifik\u00e1ciu potenci\u00e1lnych probl\u00e9mov sk\u00f4r, ako sa zhor\u0161ia.<\/li>\n<li><strong>Vhodn\u00e9 mazanie:<\/strong> Zabezpe\u010denie dostato\u010dn\u00e9ho mazania valca pom\u00e1ha udr\u017eiava\u0165 jeho funk\u010dnos\u0165 a predl\u017euje jeho \u017eivotnos\u0165 zn\u00ed\u017een\u00edm trenia a opotrebenia.<\/li>\n<li><strong>V\u00fdmena tesnenia:<\/strong> Pravideln\u00e1 v\u00fdmena opotrebovan\u00fdch tesnen\u00ed zabra\u0148uje \u00fanikom hydraulickej kvapaliny a udr\u017eiava prev\u00e1dzkov\u00fa \u00fa\u010dinnos\u0165. Majte po ruke n\u00e1hradn\u00e9 tesnenia, ktor\u00e9 s\u00fa k dispoz\u00edcii, a u\u013eah\u010duje ich v\u010dasn\u00fa v\u00fdmenu.<\/li>\n<\/ul>\n<h2>Pokyny na in\u0161tal\u00e1ciu<\/h2>\n<p>Spr\u00e1vna in\u0161tal\u00e1cia valca v\u00fdlo\u017en\u00edka je k\u013e\u00fa\u010dov\u00e1 pre optim\u00e1lny v\u00fdkon. Za\u010dnite t\u00fdm, \u017ee sa uist\u00edte, \u017ee v\u0161etky komponenty s\u00fa \u010dist\u00e9 a bez ne\u010dist\u00f4t. Spr\u00e1vne zarovnajte valec s mont\u00e1\u017enymi bodmi, aby ste predi\u0161li nespr\u00e1vnemu zarovnaniu, ktor\u00e9 m\u00f4\u017ee sp\u00f4sobi\u0165 pred\u010dasn\u00e9 opotrebenie alebo poruchu. Na pevn\u00e9 upevnenie valca pou\u017eite vhodn\u00e9 mont\u00e1\u017ene konzoly. Po in\u0161tal\u00e1cii skontrolujte tesnos\u0165 hydraulick\u00fdch pripojen\u00ed a uistite sa, \u017ee syst\u00e9m je spr\u00e1vne odvzdu\u0161nen\u00fd, aby sa odstr\u00e1nil v\u0161etok vzduch. Dodr\u017eiavanie t\u00fdchto krokov pom\u00e1ha zabezpe\u010di\u0165, aby hydraulick\u00fd valec fungoval efekt\u00edvne a bezpe\u010dne.<\/p>\n<h2>Be\u017en\u00e9 \u00falohy \u00fadr\u017eby<\/h2>\n<ul>\n<li><strong>Pravideln\u00e9 kontroly:<\/strong> Pravideln\u00e1 kontrola hydraulick\u00e9ho syst\u00e9mu, \u010di nedoch\u00e1dza k \u00fanikom a opotrebovaniu, je nevyhnutn\u00e1. Pom\u00e1ha to v\u010das odhali\u0165 potenci\u00e1lne probl\u00e9my a zabezpe\u010di\u0165 efekt\u00edvnu prev\u00e1dzku valca.<\/li>\n<li><strong>Spr\u00e1vne mazanie:<\/strong> Pre plynul\u00fd chod je nevyhnutn\u00e9 pou\u017ei\u0165 spr\u00e1vny typ a mno\u017estvo hydraulick\u00e9ho oleja. Nedostato\u010dn\u00e9 mazanie m\u00f4\u017ee vies\u0165 k zv\u00fd\u0161en\u00e9mu treniu a opotrebovaniu komponentov valca.<\/li>\n<li><strong>V\u00fdmena tesnenia a kontroly kalibr\u00e1cie:<\/strong> Pravideln\u00e1 v\u00fdmena tesnen\u00ed zabra\u0148uje \u00fanikom a udr\u017eiava v\u00fdkon. Kalibra\u010dn\u00e9 kontroly zabezpe\u010duj\u00fa, \u017ee hydraulick\u00fd syst\u00e9m pracuje v r\u00e1mci navrhnut\u00fdch parametrov, \u010d\u00edm sa zvy\u0161uje bezpe\u010dnos\u0165 a \u00fa\u010dinnos\u0165.<\/li>\n<\/ul>\n<h2>Bezpe\u010dnostn\u00e9 aspekty a faktory prostredia<\/h2>\n<p>Pri pou\u017e\u00edvan\u00ed hydraulick\u00fdch valcov je nevyhnutn\u00e9 dodr\u017eiava\u0165 bezpe\u010dnostn\u00e9 opatrenia. Obsluha by mala v\u017edy dodr\u017eiava\u0165 pr\u00edslu\u0161n\u00e9 bezpe\u010dnostn\u00e9 protokoly, aby sa minimalizovalo riziko neh\u00f4d. Patria sem nosenie vhodn\u00fdch osobn\u00fdch ochrann\u00fdch prostriedkov (OOP) a zabezpe\u010denie toho, aby boli v\u0161etci \u010dlenovia t\u00edmu vy\u0161kolen\u00ed v bezpe\u010dnej obsluhe strojov. Okrem toho zv\u00e1\u017ete faktory prostredia zabezpe\u010den\u00edm okam\u017eit\u00e9ho odstr\u00e1nenia ak\u00fdchko\u013evek \u00fanikov hydraulickej kvapaliny, aby sa predi\u0161lo kontamin\u00e1cii \u017eivotn\u00e9ho prostredia.<\/p>\n<h2>Rie\u0161enie probl\u00e9mov a be\u017en\u00e9 probl\u00e9my<\/h2>\n<ul>\n<li><strong>\u00danik:<\/strong> Ak sa zistia \u00faniky hydraulickej kvapaliny, m\u00f4\u017ee to by\u0165 sp\u00f4soben\u00e9 opotrebovan\u00fdmi tesneniami alebo po\u0161koden\u00fdmi komponentmi. Identifik\u00e1cia zdroja \u00faniku je k\u013e\u00fa\u010dov\u00e1 pre v\u010dasn\u00fa opravu.<\/li>\n<li><strong>Zn\u00ed\u017een\u00fd v\u00fdkon:<\/strong> Ak valec v\u00fdlo\u017en\u00edka nereaguje spr\u00e1vne, m\u00f4\u017ee to by\u0165 sp\u00f4soben\u00e9 n\u00edzkou hladinou hydraulickej kvapaliny alebo vzduchom zachyten\u00fdm v syst\u00e9me. Pravideln\u00e9 kontroly m\u00f4\u017eu pom\u00f4c\u0165 udr\u017ea\u0165 optim\u00e1lny v\u00fdkon.<\/li>\n<li><strong>Prehriatie:<\/strong> Nadmern\u00e1 teplota m\u00f4\u017ee vies\u0165 k degrad\u00e1cii hydraulickej kvapaliny a poruche komponentov. Monitorovanie tepl\u00f4t a zabezpe\u010denie dostato\u010dn\u00e9ho chladenia m\u00f4\u017ee pred\u00eds\u0165 probl\u00e9mom s prehriat\u00edm.<\/li>\n<\/ul>\n<h2>Tipy na rie\u0161enie probl\u00e9mov<\/h2>\n<p>Pre efekt\u00edvnu diagnostiku a rie\u0161enie probl\u00e9mov s hydraulick\u00fdmi valcami zv\u00e1\u017ete nasleduj\u00face tipy: vykon\u00e1vajte pravideln\u00e9 kontroly \u00fadr\u017eby, udr\u017eiavajte hydraulick\u00fd syst\u00e9m \u010dist\u00fd a monitorujte hladiny kvapal\u00edn, aby ste predi\u0161li kontamin\u00e1cii a prehriatiu. Implement\u00e1cia prevent\u00edvnych opatren\u00ed m\u00f4\u017ee v\u00fdrazne zn\u00ed\u017ei\u0165 pravdepodobnos\u0165 v\u00fdskytu probl\u00e9mov a zabezpe\u010di\u0165 plynul\u00fa prev\u00e1dzku a spo\u013eahlivos\u0165.<\/p>\n<p><img decoding=\"async\" src=\"https:\/\/www.hydraulic-cylinders.net\/wp-content\/uploads\/2025\/04\/songte-bushings-with-all-kinds-of-excavator-models.webp\" alt=\"Puzdro hydraulick\u00e9ho valca\"><\/p>\n<h2>O na\u0161ej spolo\u010dnosti<\/h2>\n<p>Sme v\u00fdrobcovia n\u00e1hradn\u00fdch hydraulick\u00fdch valcov a pon\u00fakame \u0161irok\u00fd sortiment produktov, v\u010faka ktor\u00fdm sme sa etablovali ako popredn\u00fd v\u00fdrobca a ve\u013ekoobchodn\u00fd distrib\u00fator na dom\u00e1com aj medzin\u00e1rodnom trhu. Dodr\u017eiavame vynikaj\u00facu kvalitu, opieraj\u00fac sa o prepracovan\u00fa v\u00fdrobn\u00fa strat\u00e9giu a pokro\u010dil\u00e9 postupy riadenia v\u00fdroby. Na\u0161e technick\u00e9 znalosti v spojen\u00ed s najmodernej\u0161\u00edm digit\u00e1lnym v\u00fdrobn\u00fdm zariaden\u00edm a profesion\u00e1lnymi testovac\u00edmi syst\u00e9mami neust\u00e1le vylep\u0161uj\u00fa na\u0161u v\u00fdrobn\u00fa platformu a zabezpe\u010duj\u00fa v\u00fdrobn\u00fd proces najvy\u0161\u0161ej kvality. Sme hrd\u00ed na na\u0161u schopnos\u0165 uspokoji\u0165 rozmanit\u00e9 potreby z\u00e1kazn\u00edkov s vysokou efektivitou, presnos\u0165ou a kvalitou.<\/p>\n<p><img decoding=\"async\" src=\"https:\/\/www.hydraulic-cylinders.net\/wp-content\/uploads\/2025\/04\/songte-company-4.webp\" alt=\"Obr\u00e1zok spolo\u010dnosti 1\"><br \/>\n<img decoding=\"async\" src=\"https:\/\/www.hydraulic-cylinders.net\/wp-content\/uploads\/2025\/04\/songte-company-3.webp\" alt=\"Obr\u00e1zok spolo\u010dnosti 2\"><\/p>\n<h2>Z\u00e1ver<\/h2>\n<p>Z\u00e1verom mo\u017eno poveda\u0165, \u017ee valec v\u00fdlo\u017en\u00edka pre stredn\u00fd bager Sunward SWE260ELR je nevyhnutnou s\u00fa\u010das\u0165ou efekt\u00edvnej prev\u00e1dzky \u0165a\u017ek\u00fdch strojov. Pochopenie jeho vlastnost\u00ed, aplik\u00e1ci\u00ed, kon\u0161truk\u010dn\u00fdch aspektov a po\u017eiadaviek na \u00fadr\u017ebu je k\u013e\u00fa\u010dov\u00e9 pre maximaliz\u00e1ciu v\u00fdkonu a zabezpe\u010denie dlhej \u017eivotnosti. Zaviazali sme sa poskytova\u0165 vysokokvalitn\u00e9 n\u00e1hradn\u00e9 hydraulick\u00e9 valce, ktor\u00e9 sp\u013a\u0148aj\u00fa po\u017eiadavky r\u00f4znych odvetv\u00ed.<\/p>\n<p>Autor: lyl<\/p>","protected":false},"excerpt":{"rendered":"<p>Boom Cylinder For Sunward Middle Excavator SWE260ELR Product Overview The Boom Cylinder for Sunward Middle Excavator SWE260ELR is a vital component designed to facilitate the effective operation of excavators. This hydraulic cylinder specifically controls the boom&#8217;s movement, allowing it to lift, lower, and tilt with precision. Its importance in heavy machinery cannot be overstated, as [&hellip;]<\/p>","protected":false},"featured_media":17869,"comment_status":"open","ping_status":"closed","template":"","meta":{"_et_pb_use_builder":"","_et_pb_old_content":"","_et_gb_content_width":""},"product_brand":[],"product_cat":[1546],"product_tag":[1547,1496],"class_list":{"0":"post-19244","1":"product","2":"type-product","3":"status-publish","4":"has-post-thumbnail","6":"product_cat-boom-cylinders","7":"product_tag-boom-cylinders","8":"product_tag-hydraulic-cylinders","10":"first","11":"instock","12":"shipping-taxable","13":"product-type-simple"},"amp_enabled":true,"_links":{"self":[{"href":"https:\/\/www.hydraulic-cylinders.net\/sk\/wp-json\/wp\/v2\/product\/19244","targetHints":{"allow":["GET"]}}],"collection":[{"href":"https:\/\/www.hydraulic-cylinders.net\/sk\/wp-json\/wp\/v2\/product"}],"about":[{"href":"https:\/\/www.hydraulic-cylinders.net\/sk\/wp-json\/wp\/v2\/types\/product"}],"replies":[{"embeddable":true,"href":"https:\/\/www.hydraulic-cylinders.net\/sk\/wp-json\/wp\/v2\/comments?post=19244"}],"wp:featuredmedia":[{"embeddable":true,"href":"https:\/\/www.hydraulic-cylinders.net\/sk\/wp-json\/wp\/v2\/media\/17869"}],"wp:attachment":[{"href":"https:\/\/www.hydraulic-cylinders.net\/sk\/wp-json\/wp\/v2\/media?parent=19244"}],"wp:term":[{"taxonomy":"product_brand","embeddable":true,"href":"https:\/\/www.hydraulic-cylinders.net\/sk\/wp-json\/wp\/v2\/product_brand?post=19244"},{"taxonomy":"product_cat","embeddable":true,"href":"https:\/\/www.hydraulic-cylinders.net\/sk\/wp-json\/wp\/v2\/product_cat?post=19244"},{"taxonomy":"product_tag","embeddable":true,"href":"https:\/\/www.hydraulic-cylinders.net\/sk\/wp-json\/wp\/v2\/product_tag?post=19244"}],"curies":[{"name":"pracovn\u00fd list","href":"https:\/\/api.w.org\/{rel}","templated":true}]}}