{"id":19245,"date":"2025-04-07T06:22:43","date_gmt":"2025-04-07T06:22:43","guid":{"rendered":"https:\/\/www.hydraulic-cylinders.net\/product\/boom-cylinder-for-sunward-large-excavator-swe365e\/"},"modified":"2025-04-07T06:22:45","modified_gmt":"2025-04-07T06:22:45","slug":"boom-cylinder-for-sunward-large-excavator-swe365e","status":"publish","type":"product","link":"https:\/\/www.hydraulic-cylinders.net\/sk\/produkt\/boom-cylinder-for-sunward-large-excavator-swe365e\/","title":{"rendered":"Valec v\u00fdlo\u017en\u00edka pre ve\u013ek\u00e9 r\u00fdpadlo Sunward SWE365E"},"content":{"rendered":"<h1>Valec v\u00fdlo\u017en\u00edka pre ve\u013ek\u00e9 r\u00fdpadlo Sunward SWE365E<\/h1>\n<h2>Preh\u013ead produktu<\/h2>\n<p>Hydraulick\u00fd valec v\u00fdlo\u017en\u00edka je k\u013e\u00fa\u010dov\u00fdm hydraulick\u00fdm komponentom pou\u017e\u00edvan\u00fdm vo ve\u013ek\u00fdch r\u00fdpadl\u00e1ch, najm\u00e4 v modeli Sunward SWE365E. Tento \u0161pecializovan\u00fd hydraulick\u00fd valec je navrhnut\u00fd na ovl\u00e1danie pohybu v\u00fdlo\u017en\u00edka, \u010do umo\u017e\u0148uje jeho plynul\u00e9 vys\u00favanie a zas\u00favanie. Jeho prim\u00e1rnou funkciou je u\u013eah\u010di\u0165 zdv\u00edhanie, sp\u00fa\u0161\u0165anie a nakl\u00e1\u0148anie v\u00fdlo\u017en\u00edka, \u010do je nevyhnutn\u00e9 pre r\u00f4zne \u00falohy manipul\u00e1cie s materi\u00e1lom. Hydraulick\u00fd valec, ktor\u00fd sa pou\u017e\u00edva v \u0165a\u017ek\u00fdch strojoch, ako s\u00fa r\u00fdpadl\u00e1, r\u00fdpadl\u00e1-naklada\u010de a \u010deln\u00e9 naklada\u010de, zais\u0165uje efekt\u00edvnu prev\u00e1dzku v n\u00e1ro\u010dn\u00fdch prostrediach. Tento hydraulick\u00fd valec pracuje na princ\u00edpe hydraulick\u00e9ho tlaku, \u010do umo\u017e\u0148uje presn\u00e9 ovl\u00e1danie \u0165a\u017ek\u00fdch bremien, \u010d\u00edm sa zlep\u0161uje produktivita a prev\u00e1dzkov\u00e1 efektivita.<\/p>\n<p><img decoding=\"async\" src=\"https:\/\/www.hydraulic-cylinders.net\/wp-content\/uploads\/2025\/04\/songte-company-1.webp\" alt=\"Valec v\u00fdlo\u017en\u00edka pre bager\" \/><\/p>\n<h3>Vlastnosti valca v\u00fdlo\u017en\u00edka<\/h3>\n<ul>\n<li><strong>Vysok\u00e1 pevnos\u0165 a odolnos\u0165:<\/strong> Valec v\u00fdlo\u017en\u00edka je vyroben\u00fd z vysokopevnostnej ocele alebo hlin\u00edka a je skon\u0161truovan\u00fd tak, aby odolal vysok\u00e9mu tlaku a \u0165a\u017ek\u00fdm za\u0165a\u017eeniam. Je navrhnut\u00fd tak, aby odol\u00e1val opotrebovaniu a kor\u00f3zii, \u010d\u00edm zais\u0165uje dlh\u00fa \u017eivotnos\u0165 aj v n\u00e1ro\u010dn\u00fdch pracovn\u00fdch podmienkach.<\/li>\n<li><strong>Efekt\u00edvna hydraulick\u00e1 prev\u00e1dzka:<\/strong> Valec vyu\u017e\u00edva hydraulick\u00fd tlak oleja pre plynul\u00e9 vys\u00favanie a zas\u00favanie, \u010do umo\u017e\u0148uje r\u00fdchlu reakciu na ovl\u00e1dacie povely a poskytuje siln\u00e9 tla\u010dn\u00e9 a \u0165ahov\u00e9 sily vhodn\u00e9 na manipul\u00e1ciu s \u0165a\u017ek\u00fdmi materi\u00e1lmi.<\/li>\n<li><strong>R\u00f4zne typy:<\/strong> Valce v\u00fdlo\u017en\u00edka, ktor\u00e9 s\u00fa k dispoz\u00edcii v jedno\u010dinnom (vyu\u017e\u00edvaj\u00facom hydraulick\u00fd v\u00fdkon v jednom smere) alebo dvoj\u010dinnom (vyu\u017e\u00edvaj\u00facom hydraulick\u00fd v\u00fdkon v oboch smeroch), dok\u00e1\u017eu uspokoji\u0165 r\u00f4zne prev\u00e1dzkov\u00e9 potreby. Niektor\u00e9 modely maj\u00fa teleskopick\u00fa kon\u0161trukciu, ktor\u00e1 umo\u017e\u0148uje v\u00e4\u010d\u0161ie vysunutie bez zv\u00e4\u010d\u0161enia vonkaj\u0161\u00edch rozmerov, \u010do je ide\u00e1lne pre aplik\u00e1cie s obmedzen\u00fdm priestorom.<\/li>\n<\/ul>\n<p>Tento produkt vyr\u00e1bame my a na\u0161e valce dokonale nahr\u00e1dzaj\u00fa existuj\u00face hydraulick\u00e9 valce.<\/p>\n<p><img decoding=\"async\" src=\"https:\/\/www.hydraulic-cylinders.net\/wp-content\/uploads\/2025\/04\/songte-cylinder-head-with-all-kinds-excavator-models.webp\" alt=\"R\u00f4zne modely r\u00fdpadiel\" \/><\/p>\n<h3>Aplik\u00e1cie valca v\u00fdlo\u017en\u00edka<\/h3>\n<ul>\n<li><strong>Stavebn\u00e9 vybavenie:<\/strong> V r\u00fdpadl\u00e1ch zohr\u00e1vaj\u00fa valce v\u00fdlo\u017en\u00edka d\u00f4le\u017eit\u00fa \u00falohu pri kopan\u00ed, nakladan\u00ed a premiest\u0148ovan\u00ed zeminy alebo sutiny. S\u00fa nevyhnutn\u00e9 pre v\u00fdkopov\u00e9 a zdv\u00edhacie funkcie v r\u00fdpadlo-naklada\u010doch, \u010d\u00edm zabezpe\u010duj\u00fa efekt\u00edvnu prev\u00e1dzku na stavenisk\u00e1ch.<\/li>\n<li><strong>Po\u013enohospod\u00e1rske stroje:<\/strong> Pou\u017e\u00edvan\u00fd v \u010deln\u00fdch naklada\u010doch, valec v\u00fdlo\u017en\u00edka pom\u00e1ha pri naberan\u00ed, zdv\u00edhan\u00ed a preprave p\u00f4dy, sena a in\u00fdch materi\u00e1lov. Jeho schopnos\u0165 zvl\u00e1da\u0165 \u0165a\u017ek\u00e9 bremen\u00e1 ho rob\u00ed nevyhnutn\u00fdm pre po\u013enohospod\u00e1rske \u00falohy.<\/li>\n<li><strong>R\u00fdpadl\u00e1:<\/strong> Valec v\u00fdlo\u017en\u00edka umo\u017e\u0148uje ly\u017eici prenikn\u00fa\u0165 do p\u00f4dy, \u010do u\u013eah\u010duje kopac\u00ed pohyb potrebn\u00fd pri v\u00fdkopov\u00fdch \u00faloh\u00e1ch. Jeho spo\u013eahlivos\u0165 zais\u0165uje efekt\u00edvny v\u00fdkon po\u010das r\u00f4znych oper\u00e1ci\u00ed.<\/li>\n<li><strong>Naklada\u010de:<\/strong> V \u010deln\u00fdch naklada\u010doch valce v\u00fdlo\u017en\u00edka pom\u00e1haj\u00fa pri efekt\u00edvnom zdv\u00edhan\u00ed a vykladan\u00ed bremien. Ich robustn\u00e1 kon\u0161trukcia je k\u013e\u00fa\u010dov\u00e1 pre efekt\u00edvnu manipul\u00e1ciu s materi\u00e1lom a \u00faspe\u0161n\u00fa prev\u00e1dzku.<\/li>\n<\/ul>\n<h2>\u00davahy o dizajne a krit\u00e9ri\u00e1 v\u00fdberu<\/h2>\n<h3>Nosnos\u0165<\/h3>\n<p>Pri v\u00fdbere valca v\u00fdlo\u017en\u00edka je jedn\u00fdm z hlavn\u00fdch krit\u00e9ri\u00ed jeho nosnos\u0165. Hydraulick\u00fd valec mus\u00ed by\u0165 schopn\u00fd zvl\u00e1dnu\u0165 maxim\u00e1lne za\u0165a\u017eenie, s ktor\u00fdm sa stretne po\u010das prev\u00e1dzky, bez ohrozenia bezpe\u010dnosti alebo funk\u010dnosti. To zah\u0155\u0148a vyhodnotenie maxim\u00e1lnej hmotnosti materi\u00e1lov, ktor\u00e9 zdv\u00edha, a zabezpe\u010denie s\u00faladu \u0161pecifik\u00e1ci\u00ed valca s t\u00fdmito po\u017eiadavkami.<\/p>\n<h3>Integrita tesnenia<\/h3>\n<p>\u010eal\u0161\u00edm kritick\u00fdm faktorom je tesnos\u0165 hydraulick\u00e9ho valca. Spr\u00e1vne tesnenia zabra\u0148uj\u00fa \u00faniku hydraulickej kvapaliny, \u010d\u00edm zabezpe\u010duj\u00fa efekt\u00edvny v\u00fdkon a minimalizuj\u00fa riziko kontamin\u00e1cie. Vysokokvalitn\u00e9 tesnenia s\u00fa nevyhnutn\u00e9 na udr\u017eanie hydraulick\u00e9ho tlaku potrebn\u00e9ho pre prev\u00e1dzku valca v\u00fdlo\u017en\u00edka. Je d\u00f4le\u017eit\u00e9 vybra\u0165 si tesnenia, ktor\u00e9 odol\u00e1vaj\u00fa prev\u00e1dzkov\u00fdm podmienkam vr\u00e1tane teplotn\u00fdch v\u00fdkyvov a chemick\u00e9ho vystavenia.<\/p>\n<h3>Trvanlivos\u0165<\/h3>\n<p>Trvanlivos\u0165 je pre valce ramena nevyhnutn\u00e1, najm\u00e4 v n\u00e1ro\u010dn\u00fdch prostrediach. Materi\u00e1ly pou\u017eit\u00e9 pri v\u00fdrobe by mali odol\u00e1va\u0165 opotrebovaniu a po\u0161kodeniu sp\u00f4soben\u00e9mu neust\u00e1lej prev\u00e1dzkou. Okrem toho faktory, ako s\u00fa povrchov\u00e9 \u00fapravy, m\u00f4\u017eu zv\u00fd\u0161i\u0165 odolnos\u0165, a preto je nevyhnutn\u00e9 vybra\u0165 si valce, ktor\u00e9 sp\u013a\u0148aj\u00fa pr\u00edsne v\u00fdrobn\u00e9 normy a s\u00fa vyroben\u00e9 tak, aby vydr\u017eali.<\/p>\n<h3>Bezpe\u010dnostn\u00e9 prvky<\/h3>\n<p>Pri n\u00e1vrhu hydraulick\u00fdch valcov je bezpe\u010dnos\u0165 prvorad\u00e1. Za\u010dlenenie bezpe\u010dnostn\u00fdch prvkov, ako s\u00fa pretlakov\u00e9 ventily a integrovan\u00e1 ochrana proti pre\u0165a\u017eeniu, m\u00f4\u017ee zabr\u00e1ni\u0165 nehod\u00e1m a poruch\u00e1m zariaden\u00ed. Zoh\u013eadnenie t\u00fdchto bezpe\u010dnostn\u00fdch prvkov po\u010das procesu v\u00fdberu je nevyhnutn\u00e9 na zaistenie prev\u00e1dzkovej bezpe\u010dnosti v ter\u00e9ne.<\/p>\n<h3>Pr\u00edstupnos\u0165 \u00fadr\u017eby<\/h3>\n<p>\u010eal\u0161\u00edm kon\u0161truk\u010dn\u00fdm krit\u00e9riom je jednoduchos\u0165 \u00fadr\u017eby. Dobre navrhnut\u00fd valec v\u00fdlo\u017en\u00edka by mal umo\u017e\u0148ova\u0165 jednoduch\u00fd pr\u00edstup pri kontrol\u00e1ch, oprav\u00e1ch a v\u00fdmene dielov. To u\u013eah\u010duje pravideln\u00fa \u00fadr\u017ebu a predl\u017euje \u017eivotnos\u0165 hydraulick\u00e9ho valca, \u010d\u00edm sa zabezpe\u010duje konzistentn\u00fd v\u00fdkon v priebehu \u010dasu.<\/p>\n<p><img decoding=\"async\" src=\"https:\/\/www.hydraulic-cylinders.net\/wp-content\/uploads\/2025\/04\/songte-oil-pipes-and-spare-parts.webp\" alt=\"Hydraulick\u00e9 diely a komponenty\" \/><\/p>\n<h2>Utesnenie a mazanie valca v\u00fdlo\u017en\u00edka<\/h2>\n<p>Spr\u00e1vne tesnenie je k\u013e\u00fa\u010dov\u00e9 pre udr\u017eanie v\u00fdkonu valca v\u00fdlo\u017en\u00edka. R\u00f4zne tesnenia, ako s\u00fa tesnenia piestov a tesnenia ty\u010d\u00ed, zohr\u00e1vaj\u00fa v\u00fdznamn\u00fa \u00falohu v prevencii \u00faniku hydraulickej kvapaliny. V\u00fdber tesnen\u00ed vyroben\u00fdch z odoln\u00fdch materi\u00e1lov, ako je polyuret\u00e1n alebo nitrilov\u00fd kau\u010duk, je nevyhnutn\u00fd, preto\u017ee tieto materi\u00e1ly pon\u00fakaj\u00fa odolnos\u0165 vo\u010di opotrebovaniu a environment\u00e1lnym faktorom. Zabezpe\u010denie presn\u00e9ho obr\u00e1bania telesa valca a z\u00e1vitov\u00fdch koncov zvy\u0161uje celkov\u00fa odolnos\u0165 proti opotrebovaniu a prispieva k dlh\u0161ej \u017eivotnosti.<\/p>\n<p>Okrem toho je pravideln\u00e9 mazanie nevyhnutn\u00e9 pre efekt\u00edvnu prev\u00e1dzku valca v\u00fdlo\u017en\u00edka. Je potrebn\u00e9 pravidelne plni\u0165 valec pr\u00edslu\u0161n\u00fdm mno\u017estvom hydraulick\u00e9ho oleja, aby sa zabezpe\u010dil plynul\u00fd pohyb a zabr\u00e1nilo sa vn\u00fatorn\u00e9mu opotrebovaniu. Konzistentn\u00fd pl\u00e1n mazania pom\u00f4\u017ee udr\u017eiava\u0165 optim\u00e1lny v\u00fdkon a zn\u00ed\u017ei\u0165 riziko prev\u00e1dzkov\u00fdch probl\u00e9mov.<\/p>\n<h2>Pravideln\u00e1 kontrola a opatrenia prevent\u00edvnej \u00fadr\u017eby<\/h2>\n<ul>\n<li><strong>Pravideln\u00e9 kontroly:<\/strong> Vykon\u00e1vajte pravideln\u00e9 kontroly, aby ste identifikovali ak\u00e9ko\u013evek zn\u00e1mky opotrebovania, po\u0161kodenia alebo \u00faniku vo valci ramena. V\u010dasn\u00e9 odhalenie probl\u00e9mov m\u00f4\u017ee zabr\u00e1ni\u0165 n\u00e1kladn\u00fdm oprav\u00e1m a prestojom.<\/li>\n<li><strong>Spr\u00e1vne mazanie:<\/strong> Zaistite, aby bol hydraulick\u00fd valec dostato\u010dne namazan\u00fd pod\u013ea pokynov v\u00fdrobcu. Nedostato\u010dn\u00e9 mazanie m\u00f4\u017ee vies\u0165 k zv\u00fd\u0161en\u00e9mu treniu a pred\u010dasn\u00e9mu opotrebovaniu vn\u00fatorn\u00fdch komponentov.<\/li>\n<li><strong>V\u00fdmena tesnenia:<\/strong> Pravidelne kontrolujte stav tesnen\u00ed a v pr\u00edpade potreby ich vyme\u0148te, aby ste zachovali integritu a v\u00fdkon hydraulick\u00e9ho syst\u00e9mu. Opotrebovan\u00e9 tesnenia m\u00f4\u017eu vies\u0165 k \u00fanikom hydraulickej kvapaliny a zn\u00ed\u017eeniu prev\u00e1dzkovej \u00fa\u010dinnosti.<\/li>\n<\/ul>\n<h2>Pokyny na in\u0161tal\u00e1ciu valca ramena<\/h2>\n<p>Spr\u00e1vna in\u0161tal\u00e1cia valca v\u00fdlo\u017en\u00edka je rozhoduj\u00faca pre jeho v\u00fdkon a dlh\u00fa \u017eivotnos\u0165. Za\u010dnite t\u00fdm, \u017ee sa uist\u00edte, \u017ee mont\u00e1\u017ene povrchy s\u00fa \u010dist\u00e9 a bez ne\u010dist\u00f4t. Valec presne zarovnajte s ur\u010den\u00fdmi mont\u00e1\u017enymi bodmi a uistite sa, \u017ee je rovn\u00fd a nie je pod nap\u00e4t\u00edm. Pou\u017eitie vhodn\u00fdch mont\u00e1\u017enych konzol pom\u00f4\u017ee zaisti\u0165 valec na mieste a zabr\u00e1ni nespr\u00e1vnemu zarovnaniu po\u010das prev\u00e1dzky.<\/p>\n<p>Dodr\u017eiavajte \u0161pecifik\u00e1cie v\u00fdrobcu t\u00fdkaj\u00face sa nastavenia kr\u00fatiaceho momentu skrutiek, aby ste predi\u0161li nadmern\u00e9mu utiahnutiu, ktor\u00e9 by mohlo po\u0161kodi\u0165 valec. Po in\u0161tal\u00e1cii vykonajte d\u00f4kladn\u00fa kontrolu, aby ste sa uistili, \u017ee v\u0161etky pripojenia s\u00fa bezpe\u010dn\u00e9 a bez \u00fanikov. Vykonajte sk\u00fa\u0161obn\u00fa prev\u00e1dzku, aby ste overili, \u010di valec funguje spr\u00e1vne a sp\u013a\u0148a o\u010dak\u00e1vania t\u00fdkaj\u00face sa v\u00fdkonu.<\/p>\n<h2>Be\u017en\u00e9 \u00falohy \u00fadr\u017eby<\/h2>\n<ul>\n<li><strong>Pravideln\u00e9 kontroly:<\/strong> Napl\u00e1nujte si pravideln\u00e9 kontroly na monitorovanie stavu valca ramena. Pravideln\u00e1 kontrola netesnost\u00ed a opotrebovania pom\u00f4\u017ee udr\u017eiava\u0165 optim\u00e1lny v\u00fdkon a predch\u00e1dza\u0165 neo\u010dak\u00e1van\u00fdm poruch\u00e1m.<\/li>\n<li><strong>Vhodn\u00e9 mazanie:<\/strong> Dodr\u017eiavajte pravideln\u00fd pl\u00e1n mazania. Spr\u00e1vne mazan\u00e9 valce funguj\u00fa efekt\u00edvnej\u0161ie a s\u00fa menej n\u00e1chyln\u00e9 na opotrebovanie a po\u0161kodenie, \u010do v kone\u010dnom d\u00f4sledku predl\u017euje ich \u017eivotnos\u0165.<\/li>\n<li><strong>V\u00fdmena tesnenia a kontroly kalibr\u00e1cie:<\/strong> Monitorujte stav tesnen\u00ed a pod\u013ea potreby ich vyme\u0148te. Okrem toho kalibrujte hydraulick\u00fd syst\u00e9m, aby ste zabezpe\u010dili jeho prev\u00e1dzku v r\u00e1mci stanoven\u00fdch parametrov a zabr\u00e1nili za\u0165a\u017eeniu valca v\u00fdlo\u017en\u00edka.<\/li>\n<\/ul>\n<h2>Bezpe\u010dnostn\u00e9 aspekty a faktory prostredia<\/h2>\n<p>Pri obsluhe hydraulick\u00fdch valcov s\u00fa bezpe\u010dnostn\u00e9 opatrenia prvorad\u00e9. Obsluha by mala by\u0165 vy\u0161kolen\u00e1 v spr\u00e1vnej manipul\u00e1cii a fungovan\u00ed zariadenia, aby sa predi\u0161lo nehod\u00e1m. Zabezpe\u010dte pr\u00edsne dodr\u017eiavanie v\u0161etk\u00fdch bezpe\u010dnostn\u00fdch protokolov a pokynov pre zariadenia, aby sa minimalizovali rizik\u00e1 po\u010das prev\u00e1dzky. Uvedomenie si faktorov prostredia, ako je teplota a vlhkos\u0165, m\u00f4\u017ee tie\u017e ovplyvni\u0165 v\u00fdkon hydraulickej kvapaliny a mus\u00ed sa to zoh\u013eadni\u0165 pri pl\u00e1novan\u00ed prev\u00e1dzky.<\/p>\n<h2>Rie\u0161enie probl\u00e9mov a be\u017en\u00e9 probl\u00e9my<\/h2>\n<ul>\n<li><strong>\u00danik:<\/strong> Jedn\u00fdm z naj\u010dastej\u0161\u00edch probl\u00e9mov je \u00fanik hydraulickej kvapaliny. M\u00f4\u017ee k tomu d\u00f4js\u0165 v d\u00f4sledku opotrebovan\u00fdch tesnen\u00ed alebo po\u0161kodenia valcov. Pravidelne kontrolujte tesnenia a v pr\u00edpade potreby ich vymie\u0148ajte, aby ste predi\u0161li \u00faniku kvapaliny.<\/li>\n<li><strong>Pomal\u00e1 prev\u00e1dzka:<\/strong> Ak valec v\u00fdlo\u017en\u00edka pracuje pomal\u0161ie ako zvy\u010dajne, m\u00f4\u017ee to znamena\u0165 n\u00edzku hladinu hydraulickej kvapaliny alebo jej zne\u010distenie. Skontrolujte hladiny kvapal\u00edn a vyme\u0148te zne\u010disten\u00fa kvapalinu, aby ste obnovili optim\u00e1lny v\u00fdkon.<\/li>\n<li><strong>Nezvy\u010dajn\u00e9 zvuky:<\/strong> Nezvy\u010dajn\u00e9 zvuky po\u010das prev\u00e1dzky m\u00f4\u017eu nazna\u010dova\u0165 probl\u00e9my s vn\u00fatorn\u00fdmi komponentmi. Ak zvuky pretrv\u00e1vaj\u00fa, nechajte f\u013ea\u0161u skontrolova\u0165 kvalifikovan\u00fdm technikom, aby identifikoval a vyrie\u0161il z\u00e1kladn\u00e9 probl\u00e9my.<\/li>\n<\/ul>\n<p>Zav\u00e1dzajte prevent\u00edvne opatrenia, ako s\u00fa pravideln\u00e9 kontroly a v\u010dasn\u00e9 opravy, aby ste minimalizovali potenci\u00e1lne probl\u00e9my.<\/p>\n<p><img decoding=\"async\" src=\"https:\/\/www.hydraulic-cylinders.net\/wp-content\/uploads\/2025\/04\/songte-bushings-with-all-kinds-of-excavator-models.webp\" alt=\"Komponenty bagra\" \/><\/p>\n<h2>Preh\u013ead spolo\u010dnosti<\/h2>\n<p>Sme popredn\u00fdm v\u00fdrobcom n\u00e1hradn\u00fdch hydraulick\u00fdch valcov a pon\u00fakame komplexn\u00fd sortiment produktov. Ako jeden z popredn\u00fdch v\u00fdrobcov a ve\u013ekoobchodn\u00edkov na dom\u00e1com aj medzin\u00e1rodnom trhu dodr\u017eiavame najvy\u0161\u0161ie \u0161tandardy kvality. N\u00e1\u0161 z\u00e1v\u00e4zok k excelentnosti je podporen\u00fd pokro\u010dil\u00fdmi v\u00fdrobn\u00fdmi strat\u00e9giami a zameran\u00edm na presnos\u0165. Vyu\u017e\u00edvan\u00edm najmodernej\u0161\u00edch zariaden\u00ed a kvalifikovan\u00fdch pracovn\u00edkov neust\u00e1le zlep\u0161ujeme na\u0161e v\u00fdrobn\u00e9 kapacity. Na\u0161e rozsiahle odborn\u00e9 znalosti n\u00e1m umo\u017e\u0148uj\u00fa uspokojova\u0165 rozmanit\u00e9 potreby z\u00e1kazn\u00edkov s vysokou efektivitou, presnos\u0165ou a kvalitou.<\/p>\n<p>Okrem na\u0161ej ponuky produktov vynik\u00e1 na\u0161a spolo\u010dnos\u0165 aj svojou profesionalitou, medzin\u00e1rodn\u00fdmi certifik\u00e1ciami a prisp\u00f4sobite\u013en\u00fdmi slu\u017ebami. Vyu\u017e\u00edvame najmodernej\u0161ie v\u00fdrobn\u00e9 zariadenia a poskytujeme v\u00fdnimo\u010dn\u00fa popredajn\u00fa podporu, aby sme zabezpe\u010dili spokojnos\u0165 z\u00e1kazn\u00edkov.<\/p>\n<p><img decoding=\"async\" src=\"https:\/\/www.hydraulic-cylinders.net\/wp-content\/uploads\/2025\/04\/songte-company-4.webp\" alt=\"Zariadenia spolo\u010dnosti\" \/><br \/>\n<img decoding=\"async\" src=\"https:\/\/www.hydraulic-cylinders.net\/wp-content\/uploads\/2025\/04\/songte-company-3.webp\" alt=\"V\u00fdrobn\u00e9 zariadenia\" \/><\/p>\n<p>Autor: lyl<\/p>","protected":false},"excerpt":{"rendered":"<p>Boom Cylinder For Sunward Large Excavator SWE365E Product Overview The Boom Cylinder is a crucial hydraulic component used in large excavators, particularly the Sunward SWE365E model. This specialized hydraulic cylinder is designed to control the movement of the boom, allowing it to extend and retract smoothly. Its primary function is to facilitate the lifting, lowering, [&hellip;]<\/p>","protected":false},"featured_media":17870,"comment_status":"open","ping_status":"closed","template":"","meta":{"_et_pb_use_builder":"","_et_pb_old_content":"","_et_gb_content_width":""},"product_brand":[],"product_cat":[1546],"product_tag":[1547,1496],"class_list":{"0":"post-19245","1":"product","2":"type-product","3":"status-publish","4":"has-post-thumbnail","6":"product_cat-boom-cylinders","7":"product_tag-boom-cylinders","8":"product_tag-hydraulic-cylinders","10":"first","11":"instock","12":"shipping-taxable","13":"product-type-simple"},"amp_enabled":true,"_links":{"self":[{"href":"https:\/\/www.hydraulic-cylinders.net\/sk\/wp-json\/wp\/v2\/product\/19245","targetHints":{"allow":["GET"]}}],"collection":[{"href":"https:\/\/www.hydraulic-cylinders.net\/sk\/wp-json\/wp\/v2\/product"}],"about":[{"href":"https:\/\/www.hydraulic-cylinders.net\/sk\/wp-json\/wp\/v2\/types\/product"}],"replies":[{"embeddable":true,"href":"https:\/\/www.hydraulic-cylinders.net\/sk\/wp-json\/wp\/v2\/comments?post=19245"}],"wp:featuredmedia":[{"embeddable":true,"href":"https:\/\/www.hydraulic-cylinders.net\/sk\/wp-json\/wp\/v2\/media\/17870"}],"wp:attachment":[{"href":"https:\/\/www.hydraulic-cylinders.net\/sk\/wp-json\/wp\/v2\/media?parent=19245"}],"wp:term":[{"taxonomy":"product_brand","embeddable":true,"href":"https:\/\/www.hydraulic-cylinders.net\/sk\/wp-json\/wp\/v2\/product_brand?post=19245"},{"taxonomy":"product_cat","embeddable":true,"href":"https:\/\/www.hydraulic-cylinders.net\/sk\/wp-json\/wp\/v2\/product_cat?post=19245"},{"taxonomy":"product_tag","embeddable":true,"href":"https:\/\/www.hydraulic-cylinders.net\/sk\/wp-json\/wp\/v2\/product_tag?post=19245"}],"curies":[{"name":"pracovn\u00fd list","href":"https:\/\/api.w.org\/{rel}","templated":true}]}}