{"id":19287,"date":"2025-04-07T06:24:59","date_gmt":"2025-04-07T06:24:59","guid":{"rendered":"https:\/\/www.hydraulic-cylinders.net\/product\/boom-cylinder-for-liugong-small-excavator-clg908c-908d\/"},"modified":"2025-04-07T06:25:01","modified_gmt":"2025-04-07T06:25:01","slug":"boom-cylinder-for-liugong-small-excavator-clg908c-908d","status":"publish","type":"product","link":"https:\/\/www.hydraulic-cylinders.net\/sk\/produkt\/boom-cylinder-for-liugong-small-excavator-clg908c-908d\/","title":{"rendered":"Valec v\u00fdlo\u017en\u00edka pre mal\u00e9 r\u00fdpadlo Liugong CLG908C\/908D"},"content":{"rendered":"<h1>Valec v\u00fdlo\u017en\u00edka pre mal\u00e9 r\u00fdpadlo Liugong CLG908C\/908D<\/h1>\n<h2>Defin\u00edcia a preh\u013ead produktu<\/h2>\n<p>Hydraulick\u00fd valec v\u00fdlo\u017en\u00edka je k\u013e\u00fa\u010dov\u00fd hydraulick\u00fd komponent \u0161peci\u00e1lne navrhnut\u00fd na pohyb ly\u017e\u00edc r\u00fdpadiel v \u0165a\u017ek\u00fdch strojoch, ako s\u00fa r\u00fdpadl\u00e1, r\u00fdpadl\u00e1-naklada\u010de a \u010deln\u00e9 naklada\u010de. Umo\u017e\u0148uje zdv\u00edhanie, sp\u00fa\u0161\u0165anie a nakl\u00e1\u0148anie ly\u017eice, v\u010faka \u010domu je nevyhnutn\u00fd pre efekt\u00edvnu manipul\u00e1ciu s materi\u00e1lom. V hydraulickom syst\u00e9me tieto valce premie\u0148aj\u00fa hydraulick\u00fd tlak na mechanick\u00fa silu, \u010do umo\u017e\u0148uje presn\u00e9 ovl\u00e1danie a siln\u00e9 pohyby potrebn\u00e9 pre r\u00f4zne v\u00fdkopov\u00e9 oper\u00e1cie.<\/p>\n<p>Ako typ hydraulick\u00e9ho valca zohr\u00e1va valec v\u00fdlo\u017en\u00edka d\u00f4le\u017eit\u00fa \u00falohu pri zabezpe\u010dovan\u00ed efekt\u00edvneho fungovania strojov. Ke\u010f sa hydraulick\u00e1 kvapalina \u010derp\u00e1 do valca, vytv\u00e1ra tlak, ktor\u00fd pohybuje piestom vo vn\u00fatri, \u010do vedie k vys\u00favaniu alebo zas\u00favaniu v\u00fdlo\u017en\u00edka. T\u00e1to funkcia je mimoriadne d\u00f4le\u017eit\u00e1 pri stavebn\u00fdch a demola\u010dn\u00fdch projektoch, kde presn\u00e9 umiestnenie ly\u017eice m\u00f4\u017ee v\u00fdrazne ovplyvni\u0165 celkov\u00fa efektivitu danej \u00falohy.<\/p>\n<p><img decoding=\"async\" src=\"https:\/\/www.hydraulic-cylinders.net\/wp-content\/uploads\/2025\/04\/songte-company-1.webp\" alt=\"Obr\u00e1zok valca v\u00fdlo\u017en\u00edka\"><\/p>\n<h2>Vlastnosti produktu<\/h2>\n<ul>\n<li>\n<h3>Vysok\u00e1 pevnos\u0165 a odolnos\u0165<\/h3>\n<p>Na\u0161e valce ramena, ktor\u00e9 s\u00fa zvy\u010dajne vyroben\u00e9 z vysokopevnostnej ocele alebo hlin\u00edka, s\u00fa skon\u0161truovan\u00e9 tak, aby odolali vysok\u00e9mu tlaku a \u0165a\u017ek\u00e9mu za\u0165a\u017eeniu. S\u00fa navrhnut\u00e9 tak, aby odolali n\u00e1ro\u010dn\u00fdm pracovn\u00fdm podmienkam s d\u00f4razom na odolnos\u0165 vo\u010di opotrebovaniu a ochranu proti kor\u00f3zii, aby sa pred\u013a\u017eila ich \u017eivotnos\u0165.<\/p>\n<\/li>\n<li>\n<h3>Efekt\u00edvna hydraulick\u00e1 prev\u00e1dzka<\/h3>\n<p>Tieto valce vyu\u017e\u00edvaj\u00fa tlak hydraulickej kvapaliny na dosiahnutie plynul\u00e9ho zas\u00favania a vys\u00favania. To umo\u017e\u0148uje r\u00fdchlu reakciu na povely oper\u00e1tora a poskytuje siln\u00e9 tla\u010dn\u00e9 a \u0165ahov\u00e9 sily vhodn\u00e9 na manipul\u00e1ciu s \u0165a\u017ek\u00fdmi materi\u00e1lmi a zlo\u017eit\u00fdmi \u00falohami.<\/p>\n<\/li>\n<li>\n<h3>R\u00f4zne konfigur\u00e1cie<\/h3>\n<p>Na\u0161e valce v\u00fdlo\u017en\u00edka je mo\u017en\u00e9 prisp\u00f4sobi\u0165 \u0161pecifick\u00fdm potreb\u00e1m a pon\u00fakame mo\u017enosti jedno\u010dinn\u00e9ho (ovl\u00e1danie hydrauliky v jednom smere) alebo dvoj\u010dinn\u00e9ho (ovl\u00e1danie v oboch smeroch) prevedenia. Niektor\u00e9 modely maj\u00fa teleskopick\u00e9 mo\u017enosti, ktor\u00e9 umo\u017e\u0148uj\u00fa v\u00e4\u010d\u0161ie vysunutie bez zv\u00e4\u010d\u0161enia vonkaj\u0161\u00edch rozmerov, \u010do je ide\u00e1lne pre stiesnen\u00e9 priestory.<\/p>\n<\/li>\n<li>\n<h3>Presn\u00e9 in\u017einierstvo<\/h3>\n<p>Ka\u017ed\u00fd valec v\u00fdlo\u017en\u00edka je navrhnut\u00fd s presnos\u0165ou tak, aby sp\u013a\u0148al priemyseln\u00e9 \u0161tandardy, \u010d\u00edm sa zabezpe\u010duje spo\u013eahliv\u00fd v\u00fdkon a minim\u00e1lne prestoje po\u010das prev\u00e1dzky.<\/p>\n<\/li>\n<li>\n<h3>Kompatibilita a n\u00e1hrada<\/h3>\n<p>Tieto produkty vyr\u00e1bame tak, aby dokonale nahradili existuj\u00face hydraulick\u00e9 valce a zabezpe\u010dili bezprobl\u00e9mov\u00fa integr\u00e1ciu s r\u00f4znymi modelmi r\u00fdpadiel a \u0165a\u017ek\u00fdch strojov.<\/p>\n<\/li>\n<\/ul>\n<p><img decoding=\"async\" src=\"https:\/\/www.hydraulic-cylinders.net\/wp-content\/uploads\/2025\/04\/songte-cylinder-head-with-all-kinds-excavator-models.webp\" alt=\"Obr\u00e1zok hlavy valcov\"><\/p>\n<h2>Scen\u00e1re aplik\u00e1ci\u00ed<\/h2>\n<ul>\n<li>\n<h3>Stavebn\u00e9 stroje<\/h3>\n<p>V r\u00fdpadl\u00e1ch s\u00fa valce v\u00fdlo\u017en\u00edka neoddelite\u013enou s\u00fa\u010das\u0165ou kopania, nakladania a premiest\u0148ovania zeminy alebo sutiny. Ich presnos\u0165 a v\u00fdkon umo\u017e\u0148uj\u00fa efekt\u00edvne v\u00fdkopov\u00e9 pr\u00e1ce a riadenie materi\u00e1lu, \u010d\u00edm sa zvy\u0161uje produktivita na stavenisk\u00e1ch.<\/p>\n<\/li>\n<li>\n<h3>Po\u013enohospod\u00e1rske stroje<\/h3>\n<p>Valce v\u00fdlo\u017en\u00edka, ktor\u00e9 sa pou\u017e\u00edvaj\u00fa v \u010deln\u00fdch naklada\u010doch, umo\u017e\u0148uj\u00fa naberanie, zdv\u00edhanie a prepravu p\u00f4dy, sena a r\u00f4znych materi\u00e1lov. Ich robustn\u00e1 kon\u0161trukcia zais\u0165uje spo\u013eahliv\u00fd v\u00fdkon aj v n\u00e1ro\u010dnom po\u013enohospod\u00e1rskom prostred\u00ed.<\/p>\n<\/li>\n<li>\n<h3>V\u00fdkopov\u00e9 stroje<\/h3>\n<p>V\u010faka schopnosti prenika\u0165 do p\u00f4dy u\u013eah\u010duje valec v\u00fdlo\u017en\u00edka kopanie r\u00fdpadiel, v\u010faka \u010domu je d\u00f4le\u017eit\u00fdm komponentom pre efekt\u00edvne zemn\u00e9 pr\u00e1ce.<\/p>\n<\/li>\n<li>\n<h3>Naklada\u010de<\/h3>\n<p>V \u010deln\u00fdch naklada\u010doch pom\u00e1haj\u00fa valce v\u00fdlo\u017en\u00edka pri efekt\u00edvnom zdv\u00edhan\u00ed a vykladan\u00ed bremien, \u010d\u00edm zabezpe\u010duj\u00fa prev\u00e1dzkov\u00fa efektivitu po\u010das manipul\u00e1cie s materi\u00e1lom.<\/p>\n<\/li>\n<\/ul>\n<h2>\u00davahy o dizajne a krit\u00e9ri\u00e1 v\u00fdberu<\/h2>\n<ul>\n<li>\n<h3>Nosnos\u0165<\/h3>\n<p>Kritick\u00fdm faktorom pri kon\u0161trukcii valcov v\u00fdlo\u017en\u00edka je ich nosnos\u0165. Musia by\u0165 skon\u0161truovan\u00e9 tak, aby zvl\u00e1dli maxim\u00e1lne o\u010dak\u00e1van\u00e9 za\u0165a\u017eenie bez kompromisov v oblasti bezpe\u010dnosti alebo v\u00fdkonu. To zah\u0155\u0148a v\u00fdber vhodn\u00fdch materi\u00e1lov a n\u00e1vrh ve\u013ekosti a konfigur\u00e1cie valca tak, aby sp\u013a\u0148al \u0161pecifick\u00e9 prev\u00e1dzkov\u00e9 po\u017eiadavky.<\/p>\n<\/li>\n<li>\n<h3>Tesniace mechanizmy<\/h3>\n<p>\u00da\u010dinn\u00e9 tesnenie je nevyhnutn\u00e9 na zabr\u00e1nenie \u00faniku hydraulickej kvapaliny a udr\u017eanie optim\u00e1lneho tlaku vo valci. Vysokokvalitn\u00e9 tesnenia vyroben\u00e9 z odoln\u00fdch materi\u00e1lov, ako je polyuret\u00e1n a nitrilov\u00e1 guma, s\u00fa k\u013e\u00fa\u010dov\u00e9 pre zabezpe\u010denie dlhej \u017eivotnosti a \u00fa\u010dinnosti hydraulick\u00e9ho syst\u00e9mu.<\/p>\n<\/li>\n<li>\n<h3>Trvanlivos\u0165<\/h3>\n<p>Pri kon\u0161trukcii hydraulick\u00fdch valcov je prvorad\u00e1 odolnos\u0165. Pou\u017eitie vysokopevnostn\u00fdch materi\u00e1lov v kombin\u00e1cii s povrchov\u00fdmi \u00fapravami m\u00f4\u017ee zv\u00fd\u0161i\u0165 odolnos\u0165 proti opotrebovaniu a ochranu proti kor\u00f3zii, \u010d\u00edm sa zabezpe\u010d\u00ed, \u017ee valec bude dlhodobo fungova\u0165 dobre aj v n\u00e1ro\u010dn\u00fdch prostrediach.<\/p>\n<\/li>\n<li>\n<h3>Bezpe\u010dnostn\u00e9 prvky<\/h3>\n<p>Pri n\u00e1vrhu valcov v\u00fdlo\u017en\u00edka s\u00fa bezpe\u010dnostn\u00e9 aspekty k\u013e\u00fa\u010dov\u00e9. Za\u010dlenenie prvkov, ako s\u00fa pretlakov\u00e9 ventily a n\u00fadzov\u00e9 zastavovacie ventily, m\u00f4\u017ee zabr\u00e1ni\u0165 katastrofick\u00fdm poruch\u00e1m a zv\u00fd\u0161i\u0165 bezpe\u010dnos\u0165 obsluhy po\u010das prev\u00e1dzky zariadenia.<\/p>\n<\/li>\n<li>\n<h3>Udr\u017eiavate\u013enos\u0165<\/h3>\n<p>Navrhovanie s oh\u013eadom na \u00fadr\u017ebu zah\u0155\u0148a zabezpe\u010denie \u013eahkej dostupnosti komponentov na kontrolu a opravu. To zah\u0155\u0148a zabezpe\u010denie vo\u013en\u00e9ho pr\u00edstupu k tesneniam, maziv\u00e1m a in\u00fdm kritick\u00fdm \u010dastiam, aby sa u\u013eah\u010dila be\u017en\u00e1 \u00fadr\u017eba a pred\u013a\u017eila \u017eivotnos\u0165 valca.<\/p>\n<\/li>\n<\/ul>\n<p><img decoding=\"async\" src=\"https:\/\/www.hydraulic-cylinders.net\/wp-content\/uploads\/2025\/04\/songte-oil-pipes-and-spare-parts.webp\" alt=\"Obr\u00e1zok olejov\u00fdch potrub\u00ed a n\u00e1hradn\u00fdch dielov\"><\/p>\n<h2>Tesnenie a mazanie<\/h2>\n<p>V\u00fdkon hydraulick\u00fdch valcov je v\u00fdrazne ovplyvnen\u00fd ich tesniacimi a mazac\u00edmi syst\u00e9mami. Na zabezpe\u010denie optim\u00e1lneho v\u00fdkonu sa pou\u017e\u00edvaj\u00fa r\u00f4zne tesniace komponenty vr\u00e1tane tesnen\u00ed piestov a tesnen\u00ed ty\u010d\u00ed. Tesnenia vyroben\u00e9 z materi\u00e1lov odoln\u00fdch vo\u010di opotrebovaniu, ako je polyuret\u00e1n a nitrilov\u00fd kau\u010duk, zabra\u0148uj\u00fa \u00faniku hydraulickej kvapaliny a z\u00e1rove\u0148 udr\u017eiavaj\u00fa vn\u00fatorn\u00fd tlak.<\/p>\n<p>Okrem toho s\u00fa povrchy telesa valca a z\u00e1vitov\u00fdch koncov starostlivo opracovan\u00e9, aby sa zv\u00fd\u0161ila odolnos\u0165 proti opotrebovaniu. Pravideln\u00e9 mazanie vhodn\u00fdm hydraulick\u00fdm olejom je nevyhnutn\u00e9 na zn\u00ed\u017eenie trenia a opotrebenia, \u010d\u00edm sa zabezpe\u010d\u00ed plynul\u00fd chod valca. Spr\u00e1vne postupy mazania predl\u017euj\u00fa celkov\u00fa \u017eivotnos\u0165 hydraulick\u00fdch komponentov a zlep\u0161uj\u00fa ich v\u00fdkon.<\/p>\n<h2>Opatrenia prevent\u00edvnej \u00fadr\u017eby<\/h2>\n<ul>\n<li>\n<h3>Pravideln\u00e9 kontroly<\/h3>\n<p>Vykon\u00e1vanie pravideln\u00fdch kontrol valca ramena pom\u00e1ha identifikova\u0165 potenci\u00e1lne probl\u00e9my sk\u00f4r, ako sa vyhrotia. H\u013eadajte zn\u00e1mky opotrebovania, \u00faniku alebo nezvy\u010dajn\u00fdch zvukov a ak\u00e9ko\u013evek probl\u00e9my ihne\u010f rie\u0161te, aby ste predi\u0161li \u010fal\u0161iemu po\u0161kodeniu.<\/p>\n<\/li>\n<li>\n<h3>Vhodn\u00e9 mazanie<\/h3>\n<p>Udr\u017eiavanie spr\u00e1vnej hladiny hydraulick\u00e9ho oleja je k\u013e\u00fa\u010dov\u00e9 pre optim\u00e1lny v\u00fdkon. Uistite sa, \u017ee pou\u017eit\u00fd olej je vhodn\u00fd pre konkr\u00e9tny hydraulick\u00fd syst\u00e9m a \u017ee sa pravidelne vymie\u0148a, aby sa predi\u0161lo kontamin\u00e1cii a poruche.<\/p>\n<\/li>\n<li>\n<h3>V\u00fdmena tesnenia<\/h3>\n<p>Tesnenia podliehaj\u00fa opotrebovaniu a mali by sa \u010dasto kontrolova\u0165. Vyme\u0148te tesnenia, ktor\u00e9 vykazuj\u00fa zn\u00e1mky po\u0161kodenia alebo opotrebovania, aby ste predi\u0161li \u00fanikom a zachovali \u00fa\u010dinnos\u0165 hydraulick\u00e9ho syst\u00e9mu.<\/p>\n<\/li>\n<\/ul>\n<h2>Pokyny na in\u0161tal\u00e1ciu<\/h2>\n<p>In\u0161tal\u00e1cia valca v\u00fdlo\u017en\u00edka si vy\u017eaduje d\u00f4kladn\u00fa pozornos\u0165 k detailom. Za\u010dnite t\u00fdm, \u017ee sa uist\u00edte, \u017ee pracovn\u00fd priestor je \u010dist\u00fd a bez ne\u010dist\u00f4t. Valec spr\u00e1vne zarovnajte s mont\u00e1\u017enymi bodmi pomocou vhodn\u00fdch konzol na zaistenie polohy. Je nevyhnutn\u00e9 skontrolova\u0165 spr\u00e1vne zarovnanie, aby sa predi\u0161lo nadmern\u00e9mu nam\u00e1haniu valca po\u010das prev\u00e1dzky.<\/p>\n<p>Potom pripojte hydraulick\u00e9 potrubia k valcu a uistite sa, \u017ee s\u00fa spoje tesn\u00e9 a bez \u00fanikov. Po pripojen\u00ed napl\u0148te hydraulick\u00fd syst\u00e9m odpor\u00fa\u010danou hydraulickou kvapalinou a odvzdu\u0161nite syst\u00e9m, aby ste zabezpe\u010dili jeho plynul\u00fd chod. Po in\u0161tal\u00e1cii vykonajte funk\u010dn\u00fa sk\u00fa\u0161ku, aby ste sa uistili, \u017ee valec funguje pod\u013ea o\u010dak\u00e1vania.<\/p>\n<h2>Be\u017en\u00e9 \u00falohy \u00fadr\u017eby<\/h2>\n<ul>\n<li>\n<h3>Pravideln\u00e9 kontroly<\/h3>\n<p>Napl\u00e1nujte si pravideln\u00e9 kontroly na pos\u00fadenie stavu valca ramena. Patria sem kontrola netesnost\u00ed, opotrebovania a celkovej funk\u010dnosti. V\u010dasn\u00e1 identifik\u00e1cia probl\u00e9mov m\u00f4\u017ee zabr\u00e1ni\u0165 n\u00e1kladn\u00fdm oprav\u00e1m a prestojom.<\/p>\n<\/li>\n<li>\n<h3>Vhodn\u00e9 mazanie<\/h3>\n<p>Uistite sa, \u017ee hydraulick\u00fd valec je mazan\u00fd pod\u013ea \u0161pecifik\u00e1ci\u00ed v\u00fdrobcu. Spr\u00e1vne mazanie minimalizuje trenie a opotrebovanie, \u010d\u00edm sa predl\u017euje \u017eivotnos\u0165 a v\u00fdkon valca.<\/p>\n<\/li>\n<li>\n<h3>V\u00fdmena tesnenia a kontroly kalibr\u00e1cie<\/h3>\n<p>Tesnenia by sa mali pod\u013ea potreby vymie\u0148a\u0165, aby sa zachovalo \u00fa\u010dinn\u00e9 utesnenie a zabr\u00e1nilo sa \u00fanikom. Okrem toho s\u00fa pravideln\u00e9 kalibra\u010dn\u00e9 kontroly nevyhnutn\u00e9 na zabezpe\u010denie toho, aby hydraulick\u00fd syst\u00e9m fungoval v r\u00e1mci \u0161pecifikovan\u00fdch parametrov, \u010d\u00edm sa maximalizuje \u00fa\u010dinnos\u0165 a bezpe\u010dnos\u0165.<\/p>\n<\/li>\n<\/ul>\n<p><img decoding=\"async\" src=\"https:\/\/www.hydraulic-cylinders.net\/wp-content\/uploads\/2025\/04\/songte-chushion-collar.webp\" alt=\"Obr\u00e1zok vank\u00fa\u0161ov\u00e9ho goliera\"><\/p>\n<h2>Bezpe\u010dnostn\u00e9 aspekty a faktory prostredia<\/h2>\n<p>Pri pou\u017e\u00edvan\u00ed hydraulick\u00fdch valcov s\u00fa bezpe\u010dnostn\u00e9 opatrenia prvorad\u00e9. Obsluha by mala by\u0165 vy\u0161kolen\u00e1, aby rozumela rizik\u00e1m spojen\u00fdm s hydraulick\u00fdmi strojmi a dodr\u017eiavala bezpe\u010dnostn\u00e9 protokoly, aby sa minimalizovali nehody a zranenia. Pravideln\u00e9 bezpe\u010dnostn\u00e9 audity a dodr\u017eiavanie priemyseln\u00fdch noriem m\u00f4\u017eu zmierni\u0165 potenci\u00e1lne rizik\u00e1 a zabezpe\u010di\u0165 bezpe\u010dn\u00e9 pracovn\u00e9 prostredie.<\/p>\n<h2>Diagnostika por\u00fach a be\u017en\u00e9 probl\u00e9my<\/h2>\n<ul>\n<li>\n<h3>\u00daniky hydraulickej kvapaliny<\/h3>\n<p>\u00daniky mo\u017eno \u010dasto vysledova\u0165 a\u017e k opotrebovan\u00fdm tesneniam alebo po\u0161koden\u00fdm hadiciam. Pravideln\u00e9 kontroly by sa mali zamera\u0165 na identifik\u00e1ciu ak\u00fdchko\u013evek zn\u00e1mok \u00faniku, ktor\u00e9 m\u00f4\u017eu ohrozi\u0165 v\u00fdkon syst\u00e9mu a vies\u0165 k \u010fal\u0161iemu po\u0161kodeniu.<\/p>\n<\/li>\n<li>\n<h3>Zn\u00ed\u017een\u00fd v\u00fdstupn\u00fd v\u00fdkon<\/h3>\n<p>Zn\u00ed\u017eenie v\u00fdkonu m\u00f4\u017ee znamena\u0165 probl\u00e9my, ako je n\u00edzka hladina hydraulickej kvapaliny, kontamin\u00e1cia alebo po\u0161kodenie vn\u00fatorn\u00e9ho valca. D\u00f4kladn\u00e9 kontroly hydraulick\u00e9ho syst\u00e9mu m\u00f4\u017eu pom\u00f4c\u0165 ur\u010di\u0165 presn\u00fa pr\u00ed\u010dinu a u\u013eah\u010di\u0165 v\u010dasn\u00e9 opravy.<\/p>\n<\/li>\n<li>\n<h3>Nezvy\u010dajn\u00e9 zvuky<\/h3>\n<p>Zvl\u00e1\u0161tne zvuky po\u010das prev\u00e1dzky m\u00f4\u017eu nazna\u010dova\u0165 mechanick\u00e9 probl\u00e9my, ako je nespr\u00e1vne zarovnanie alebo vn\u00fatorn\u00e9 opotrebenie. Obsluha by mala okam\u017eite presk\u00fama\u0165 ak\u00e9ko\u013evek nezvy\u010dajn\u00e9 zvuky, aby predi\u0161la \u010fal\u0161\u00edm komplik\u00e1ci\u00e1m.<\/p>\n<\/li>\n<\/ul>\n<p>Aby bolo mo\u017en\u00e9 tieto probl\u00e9my efekt\u00edvne diagnostikova\u0165 a vyrie\u0161i\u0165, oper\u00e1tori by si mali vies\u0165 z\u00e1znam o \u00fadr\u017ebe a riadi\u0165 sa pokynmi na rie\u0161enie probl\u00e9mov. Implement\u00e1cia prevent\u00edvnych opatren\u00ed, ako je pravideln\u00e1 \u00fadr\u017eba a monitorovanie, m\u00f4\u017ee v\u00fdrazne zn\u00ed\u017ei\u0165 pravdepodobnos\u0165 v\u00fdskytu z\u00e1va\u017en\u00fdch probl\u00e9mov.<\/p>\n<p><img decoding=\"async\" src=\"https:\/\/www.hydraulic-cylinders.net\/wp-content\/uploads\/2025\/04\/songte-bushings-with-all-kinds-of-excavator-models.webp\" alt=\"Obr\u00e1zok puzdier\"><\/p>\n<h2>O na\u0161ej spolo\u010dnosti<\/h2>\n<p>Sme popredn\u00fdm v\u00fdrobcom n\u00e1hradn\u00fdch hydraulick\u00fdch valcov a pon\u00fakame \u0161irok\u00fa \u0161k\u00e1lu produktov, ktor\u00e9 uspokoja dom\u00e1ci aj medzin\u00e1rodn\u00fd trh. N\u00e1\u0161 z\u00e1v\u00e4zok k excelentnosti sa odr\u00e1\u017ea v na\u0161ich pokro\u010dil\u00fdch v\u00fdrobn\u00fdch strat\u00e9gi\u00e1ch, ktor\u00e9 zah\u0155\u0148aj\u00fa vysoko kvalifikovan\u00fa pracovn\u00fa silu, najmodernej\u0161ie digit\u00e1lne v\u00fdrobn\u00e9 zariadenia a profesion\u00e1lne testovacie syst\u00e9my.<\/p>\n<p>Na\u0161e zameranie na kvalitn\u00e9 v\u00fdrobn\u00e9 postupy n\u00e1m umo\u017enilo zlep\u0161i\u0165 na\u0161e v\u00fdrobn\u00e9 kapacity a zabezpe\u010di\u0165, aby sme sp\u013a\u0148ali rozmanit\u00e9 potreby z\u00e1kazn\u00edkov s vysokou efektivitou, presnos\u0165ou a kvalitou. Poskytujeme tie\u017e \u0161pecializovan\u00e9 slu\u017eby prisp\u00f4sobenia, aby sme zabezpe\u010dili, \u017ee na\u0161e produkty sp\u013a\u0148aj\u00fa \u0161pecifick\u00e9 prev\u00e1dzkov\u00e9 po\u017eiadavky. Na\u0161e odhodlanie k spokojnosti z\u00e1kazn\u00edkov je zrejm\u00e9 z na\u0161ej komplexnej popredajnej podpory, ktor\u00e1 zabezpe\u010duje, aby klienti dostali potrebn\u00fa pomoc po zak\u00fapen\u00ed.<\/p>\n<p><img decoding=\"async\" src=\"https:\/\/www.hydraulic-cylinders.net\/wp-content\/uploads\/2025\/04\/songte-company-4.webp\" alt=\"Obr\u00e1zok spolo\u010dnosti 4\"><br \/>\n<img decoding=\"async\" src=\"https:\/\/www.hydraulic-cylinders.net\/wp-content\/uploads\/2025\/04\/songte-company-3.webp\" alt=\"Obr\u00e1zok spolo\u010dnosti 3\"><\/p>\n<p>Autor: lyl<\/p>","protected":false},"excerpt":{"rendered":"<p>Boom Cylinder For Liugong Small Excavator CLG908C\/908D Product Definition and Overview The boom cylinder is a crucial hydraulic component specifically designed for the movement of excavator buckets in heavy machinery, such as excavators, backhoe diggers, and front loaders. It enables the lifting, lowering, and tilting of the bucket, making it essential for efficient material handling [&hellip;]<\/p>","protected":false},"featured_media":17867,"comment_status":"open","ping_status":"closed","template":"","meta":{"_et_pb_use_builder":"","_et_pb_old_content":"","_et_gb_content_width":""},"product_brand":[],"product_cat":[1546],"product_tag":[1547,1496],"class_list":{"0":"post-19287","1":"product","2":"type-product","3":"status-publish","4":"has-post-thumbnail","6":"product_cat-boom-cylinders","7":"product_tag-boom-cylinders","8":"product_tag-hydraulic-cylinders","10":"first","11":"instock","12":"shipping-taxable","13":"product-type-simple"},"amp_enabled":true,"_links":{"self":[{"href":"https:\/\/www.hydraulic-cylinders.net\/sk\/wp-json\/wp\/v2\/product\/19287","targetHints":{"allow":["GET"]}}],"collection":[{"href":"https:\/\/www.hydraulic-cylinders.net\/sk\/wp-json\/wp\/v2\/product"}],"about":[{"href":"https:\/\/www.hydraulic-cylinders.net\/sk\/wp-json\/wp\/v2\/types\/product"}],"replies":[{"embeddable":true,"href":"https:\/\/www.hydraulic-cylinders.net\/sk\/wp-json\/wp\/v2\/comments?post=19287"}],"wp:featuredmedia":[{"embeddable":true,"href":"https:\/\/www.hydraulic-cylinders.net\/sk\/wp-json\/wp\/v2\/media\/17867"}],"wp:attachment":[{"href":"https:\/\/www.hydraulic-cylinders.net\/sk\/wp-json\/wp\/v2\/media?parent=19287"}],"wp:term":[{"taxonomy":"product_brand","embeddable":true,"href":"https:\/\/www.hydraulic-cylinders.net\/sk\/wp-json\/wp\/v2\/product_brand?post=19287"},{"taxonomy":"product_cat","embeddable":true,"href":"https:\/\/www.hydraulic-cylinders.net\/sk\/wp-json\/wp\/v2\/product_cat?post=19287"},{"taxonomy":"product_tag","embeddable":true,"href":"https:\/\/www.hydraulic-cylinders.net\/sk\/wp-json\/wp\/v2\/product_tag?post=19287"}],"curies":[{"name":"pracovn\u00fd list","href":"https:\/\/api.w.org\/{rel}","templated":true}]}}