{"id":19290,"date":"2025-04-07T06:25:07","date_gmt":"2025-04-07T06:25:07","guid":{"rendered":"https:\/\/www.hydraulic-cylinders.net\/product\/boom-cylinder-for-liugong-small-excavator-clg906c\/"},"modified":"2025-04-07T06:25:10","modified_gmt":"2025-04-07T06:25:10","slug":"boom-cylinder-for-liugong-small-excavator-clg906c","status":"publish","type":"product","link":"https:\/\/www.hydraulic-cylinders.net\/sk\/produkt\/boom-cylinder-for-liugong-small-excavator-clg906c\/","title":{"rendered":"Valec v\u00fdlo\u017en\u00edka pre mal\u00e9 r\u00fdpadlo Liugong CLG906C"},"content":{"rendered":"<h1>Valec v\u00fdlo\u017en\u00edka pre mal\u00e9 r\u00fdpadlo Liugong CLG906C<\/h1>\n<h2>\u00davod do valca v\u00fdlo\u017en\u00edka<\/h2>\n<p>Hydraulick\u00fd valec v\u00fdlo\u017en\u00edka je z\u00e1kladn\u00fd hydraulick\u00fd komponent navrhnut\u00fd \u0161peci\u00e1lne pre \u0165a\u017ek\u00e9 stroje, ako napr\u00edklad mal\u00fd bager Liugong CLG906C. Tento hydraulick\u00fd valec ovl\u00e1da pohyb v\u00fdlo\u017en\u00edka, \u010do umo\u017e\u0148uje jeho efekt\u00edvne zdv\u00edhanie, sp\u00fa\u0161\u0165anie a nakl\u00e1\u0148anie po\u010das v\u00fdkopov\u00fdch pr\u00e1c. Hydraulick\u00fd valec v\u00fdlo\u017en\u00edka je k\u013e\u00fa\u010dov\u00fd pre efekt\u00edvnu manipul\u00e1ciu s materi\u00e1lom, preto\u017ee umo\u017e\u0148uje obsluhe presne a \u013eahko man\u00e9vrova\u0165 s v\u00fdlo\u017en\u00edkom r\u00fdpadla.<\/p>\n<p><img decoding=\"async\" src=\"https:\/\/www.hydraulic-cylinders.net\/wp-content\/uploads\/2025\/04\/songte-company-1.webp\" alt=\"Valec v\u00fdlo\u017en\u00edka\" \/><\/p>\n<h2>Vlastnosti valca v\u00fdlo\u017en\u00edka<\/h2>\n<ul>\n<li><strong>Vysok\u00e1 pevnos\u0165 a odolnos\u0165:<\/strong> V\u00fdlo\u017en\u00edkov\u00fd valec, zvy\u010dajne vyroben\u00fd z vysokopevnostnej ocele alebo hlin\u00edka, odol\u00e1 vysok\u00e9mu tlaku a \u0165a\u017ek\u00fdm za\u0165a\u017eeniam, v\u010faka \u010domu je vhodn\u00fd do n\u00e1ro\u010dn\u00fdch pracovn\u00fdch prostred\u00ed. Jeho kon\u0161trukcia zah\u0155\u0148a odolnos\u0165 proti opotrebovaniu a ochranu proti kor\u00f3zii, \u010d\u00edm sa predl\u017euje jeho \u017eivotnos\u0165.<\/li>\n<li><strong>Efekt\u00edvna hydraulick\u00e1 prev\u00e1dzka:<\/strong> V\u010faka tlaku hydraulick\u00e9ho oleja zabezpe\u010duje valec v\u00fdlo\u017en\u00edka plynul\u00e9 vys\u00favanie a zas\u00favanie. R\u00fdchlo reaguje na ovl\u00e1dacie povely a poskytuje siln\u00fa tla\u010dn\u00fa a \u0165ahov\u00fa silu, ide\u00e1lnu na manipul\u00e1ciu s \u0165a\u017ek\u00fdmi materi\u00e1lmi a zlo\u017eit\u00e9 \u00falohy.<\/li>\n<li><strong>R\u00f4zne typy:<\/strong> Valec v\u00fdlo\u017en\u00edka sa dod\u00e1va v jedno\u010dinnom a dvoj\u010dinnom variante, aby sp\u013a\u0148al r\u00f4zne prev\u00e1dzkov\u00e9 potreby. Niektor\u00e9 modely s\u00fa teleskopick\u00e9, \u010do umo\u017e\u0148uje v\u00e4\u010d\u0161ie vysunutie bez zv\u00e4\u010d\u0161enia vonkaj\u0161\u00edch rozmerov, \u010do je ide\u00e1lne pre aplik\u00e1cie s obmedzen\u00fdm priestorom.<\/li>\n<li><strong>Presn\u00e9 in\u017einierstvo:<\/strong> V\u010faka vysokej tolerancii je valec v\u00fdlo\u017en\u00edka spo\u013eahliv\u00fd a trv\u00e1cny. Jeho komponenty s\u00fa navrhnut\u00e9 pre minim\u00e1lne opotrebenie a maxim\u00e1lnu \u00fa\u010dinnos\u0165.<\/li>\n<li><strong>Prisp\u00f4sobite\u013en\u00e9 mo\u017enosti:<\/strong> Pon\u00fakame rie\u0161enia na mieru, ktor\u00e9 sp\u013a\u0148aj\u00fa \u0161pecifick\u00e9 po\u017eiadavky a zabezpe\u010duj\u00fa, aby sa valec v\u00fdlo\u017en\u00edka dokonale hodil do v\u00e1\u0161ho prev\u00e1dzkov\u00e9ho nastavenia.<\/li>\n<\/ul>\n<p><img decoding=\"async\" src=\"https:\/\/www.hydraulic-cylinders.net\/wp-content\/uploads\/2025\/04\/songte-cylinder-head-with-all-kinds-excavator-models.webp\" alt=\"Modely bagrov\" \/><\/p>\n<h2>Aplik\u00e1cie valca v\u00fdlo\u017en\u00edka<\/h2>\n<h3>Stavebn\u00e9 stroje<\/h3>\n<p>V r\u00fdpadl\u00e1ch je valec v\u00fdlo\u017en\u00edka nevyhnutn\u00fd pre kopanie, nakladanie a premiest\u0148ovanie zeminy alebo sutiny. U\u013eah\u010duje r\u00f4zne pohyby, ktor\u00e9 s\u00fa nevyhnutn\u00e9 pre v\u00fdkopov\u00e9 projekty, a zabezpe\u010duje efekt\u00edvnu a \u00fa\u010dinn\u00fa prev\u00e1dzku zariadenia. V r\u00fdpadl\u00e1ch-naklada\u010doch valec pom\u00e1ha pri v\u00fdkopov\u00fdch aj zdv\u00edhac\u00edch \u00faloh\u00e1ch, \u010d\u00edm zvy\u0161uje celkov\u00fa produktivitu na stavenisk\u00e1ch.<\/p>\n<h3>Po\u013enohospod\u00e1rske stroje<\/h3>\n<p>V \u010deln\u00fdch naklada\u010doch sa valce v\u00fdlo\u017en\u00edka pou\u017e\u00edvaj\u00fa na naberanie, zdv\u00edhanie a prepravu p\u00f4dy, sena a in\u00fdch materi\u00e1lov. Ich spo\u013eahliv\u00e1 prev\u00e1dzka umo\u017e\u0148uje po\u013enohospod\u00e1rom \u013eahko vykon\u00e1va\u0165 r\u00f4zne po\u013enohospod\u00e1rske \u00falohy, \u010do prispieva k zv\u00fd\u0161eniu efektivity po\u013enohospod\u00e1rskych oper\u00e1ci\u00ed.<\/p>\n<h3>R\u00fdpadl\u00e1<\/h3>\n<p>V r\u00fdpadl\u00e1ch umo\u017e\u0148uje valec v\u00fdlo\u017en\u00edka prenikn\u00fa\u0165 ly\u017eici do p\u00f4dy, \u010do u\u013eah\u010duje kopanie. Hydraulick\u00fd v\u00fdkon dod\u00e1van\u00fd valcom zais\u0165uje efekt\u00edvne kopanie aj v \u0165a\u017ek\u00fdch p\u00f4dnych podmienkach, \u010d\u00edm sa v\u00fdrazne zvy\u0161uje v\u00fdkon stroja.<\/p>\n<h3>Naklada\u010de<\/h3>\n<p>V \u010deln\u00fdch naklada\u010doch pom\u00e1haj\u00fa valce v\u00fdlo\u017en\u00edka efekt\u00edvne zdv\u00edha\u0165 a vyklada\u0165 bremena. Ich schopnos\u0165 poskytn\u00fa\u0165 zna\u010dn\u00fa zdv\u00edhaciu silu znamen\u00e1, \u017ee obsluha m\u00f4\u017ee presne manipulova\u0165 s materi\u00e1lmi, v\u010faka \u010domu s\u00fa naklada\u010de v\u0161estrann\u00fdmi a efekt\u00edvnymi n\u00e1strojmi na stavenisk\u00e1ch.<\/p>\n<h2>\u00davahy o dizajne a krit\u00e9ri\u00e1 v\u00fdberu<\/h2>\n<h3>Nosnos\u0165<\/h3>\n<p>Nosnos\u0165 valca v\u00fdlo\u017en\u00edka je k\u013e\u00fa\u010dov\u00fdm kon\u0161truk\u010dn\u00fdm faktorom, ktor\u00fd ur\u010duje, ak\u00fa hmotnos\u0165 dok\u00e1\u017ee valec bezpe\u010dne zvl\u00e1dnu\u0165. Je nevyhnutn\u00e9 pos\u00fadi\u0165 o\u010dak\u00e1van\u00e9 za\u0165a\u017eenie po\u010das prev\u00e1dzky, aby ste vybrali valec, ktor\u00fd tieto po\u017eiadavky sp\u013a\u0148a alebo prekra\u010duje. Spr\u00e1vna nosnos\u0165 zais\u0165uje prev\u00e1dzkov\u00fa bezpe\u010dnos\u0165 a efekt\u00edvnos\u0165 a predch\u00e1dza poruch\u00e1m, ktor\u00e9 by mohli vies\u0165 k prestojom alebo nehod\u00e1m.<\/p>\n<h3>Tesniaci v\u00fdkon<\/h3>\n<p>Tesniaci v\u00fdkon valca v\u00fdlo\u017en\u00edka je nevyhnutn\u00fd pre udr\u017eanie hydraulick\u00e9ho tlaku a zabr\u00e1nenie \u00faniku kvapaliny. Vysokokvalitn\u00e9 tesnenia, ako s\u00fa tesnenia piestov a ty\u010d\u00ed, vyroben\u00e9 z odoln\u00fdch materi\u00e1lov, ako je polyuret\u00e1n alebo nitrilov\u00e1 guma, s\u00fa nevyhnutn\u00e9. \u00da\u010dinn\u00e9 tesnenie zais\u0165uje dlh\u00fa \u017eivotnos\u0165 valca a minimalizuje riziko \u00faniku hydraulickej kvapaliny, \u010do by mohlo ohrozi\u0165 funk\u010dnos\u0165.<\/p>\n<h3>Trvanlivos\u0165<\/h3>\n<p>Trvanlivos\u0165 je k\u013e\u00fa\u010dov\u00fdm atrib\u00fatom pri kon\u0161trukcii valca ramena, preto\u017ee mus\u00ed odol\u00e1va\u0165 n\u00e1ro\u010dn\u00fdm pracovn\u00fdm podmienkam vr\u00e1tane vystavenia ne\u010distot\u00e1m, vlhkosti a koroz\u00edvnym prvkom. Materi\u00e1ly a n\u00e1tery pou\u017eit\u00e9 pri v\u00fdrobe musia by\u0165 vybran\u00e9 tak, aby zv\u00fd\u0161ili odolnos\u0165 vo\u010di opotrebovaniu a po\u0161kodeniu \u017eivotn\u00fdm prostred\u00edm, \u010d\u00edm sa zabezpe\u010d\u00ed dlh\u00e1 \u017eivotnos\u0165.<\/p>\n<h3>Bezpe\u010dnostn\u00e9 prvky<\/h3>\n<p>Za\u010dlenenie bezpe\u010dnostn\u00fdch prvkov do valca v\u00fdlo\u017en\u00edka je k\u013e\u00fa\u010dov\u00e9. Patria sem mechanizmy ochrany proti pre\u0165a\u017eeniu a bezpe\u010dnostn\u00e9 ventily, ktor\u00e9 zabra\u0148uj\u00fa nadmern\u00e9mu hromadeniu tlaku. Tieto bezpe\u010dnostn\u00e9 syst\u00e9my s\u00fa nevyhnutn\u00e9 na ochranu strojov aj obsluhy a zabezpe\u010duj\u00fa bezpe\u010dn\u00fa prev\u00e1dzku za premenliv\u00fdch podmienok.<\/p>\n<h3>Udr\u017eiavate\u013enos\u0165<\/h3>\n<p>Navrhovanie s oh\u013eadom na \u00fadr\u017ebu zabezpe\u010duje, \u017ee valec v\u00fdlo\u017en\u00edka sa d\u00e1 \u013eahko a efekt\u00edvne servisova\u0165. To zah\u0155\u0148a zoh\u013eadnenie pravideln\u00fdch kontrol, pr\u00edstupov\u00fdch bodov pre mazanie a jednoduch\u00fa v\u00fdmenu tesnen\u00ed a \u010fal\u0161\u00edch komponentov. Udr\u017eiavate\u013en\u00e1 kon\u0161trukcia prispieva k skr\u00e1teniu prestojov a ni\u017e\u0161\u00edm prev\u00e1dzkov\u00fdm n\u00e1kladom.<\/p>\n<p><img decoding=\"async\" src=\"https:\/\/www.hydraulic-cylinders.net\/wp-content\/uploads\/2025\/04\/songte-oil-pipes-and-spare-parts.webp\" alt=\"Hydraulick\u00e9 diely\" \/><\/p>\n<h2>Utesnenie a mazanie valca v\u00fdlo\u017en\u00edka<\/h2>\n<p>\u00da\u010dinn\u00e9 tesnenie a mazanie s\u00fa z\u00e1kladn\u00fdmi aspektmi funk\u010dnosti valca v\u00fdlo\u017en\u00edka. Na zabezpe\u010denie optim\u00e1lneho tesniaceho v\u00fdkonu sa pou\u017e\u00edvaj\u00fa r\u00f4zne tesnenia, ako s\u00fa piestne tesnenia a tesnenia ty\u010d\u00ed. Materi\u00e1ly ako polyuret\u00e1n a nitrilov\u00e1 guma sa be\u017ene pou\u017e\u00edvaj\u00fa kv\u00f4li ich odolnosti vo\u010di opotrebovaniu. Teleso valca a z\u00e1vitov\u00e9 koncov\u00e9 povrchy s\u00fa jemne opracovan\u00e9 pre zv\u00fd\u0161enie odolnosti vo\u010di opotrebovaniu, \u010do prispieva k dlhej \u017eivotnosti valca.<\/p>\n<p>Pravideln\u00e9 mazanie je tie\u017e nevyhnutn\u00e9 pre zabezpe\u010denie hladk\u00e9ho chodu. Na mazanie pohybliv\u00fdch \u010dast\u00ed a zn\u00ed\u017eenie trenia je potrebn\u00e9 pravidelne prid\u00e1va\u0165 dostato\u010dn\u00e9 mno\u017estvo hydraulick\u00e9ho oleja. Tento postup nielen zvy\u0161uje v\u00fdkon, ale aj predl\u017euje \u017eivotnos\u0165 hydraulick\u00fdch komponentov.<\/p>\n<h2>Opatrenia prevent\u00edvnej \u00fadr\u017eby<\/h2>\n<ul>\n<li><strong>Pravideln\u00e9 kontroly:<\/strong> Vykon\u00e1vajte pravideln\u00e9 kontroly, aby ste identifikovali zn\u00e1mky opotrebovania, netesnost\u00ed alebo po\u0161kodenia. V\u010dasn\u00e9 odhalenie probl\u00e9mov m\u00f4\u017ee pred\u00eds\u0165 z\u00e1va\u017enej\u0161\u00edm probl\u00e9mom v bud\u00facnosti.<\/li>\n<li><strong>Vhodn\u00e9 mazanie:<\/strong> Zabezpe\u010dte udr\u017eiavanie hladiny hydraulick\u00e9ho oleja a dostato\u010dn\u00fa \u00fadr\u017ebu mazac\u00edch miest, aby sa optimalizoval v\u00fdkon a zn\u00ed\u017eilo opotrebenie.<\/li>\n<li><strong>V\u00fdmena tesnenia:<\/strong> Pravidelne kontrolujte a vymie\u0148ajte tesnenia, aby ste zachovali hydraulick\u00fa integritu a predi\u0161li \u00fanikom, ktor\u00e9 m\u00f4\u017eu ohrozi\u0165 hydraulick\u00fd syst\u00e9m.<\/li>\n<\/ul>\n<h2>Pokyny na in\u0161tal\u00e1ciu<\/h2>\n<p>Spr\u00e1vna in\u0161tal\u00e1cia valca v\u00fdlo\u017en\u00edka je nevyhnutn\u00e1 pre jeho efekt\u00edvnu prev\u00e1dzku. Za\u010dnite t\u00fdm, \u017ee sa uist\u00edte, \u017ee miesto in\u0161tal\u00e1cie je \u010dist\u00e9 a bez ne\u010dist\u00f4t. Na upevnenie valca pou\u017eite vhodn\u00e9 mont\u00e1\u017ene konzoly a uistite sa, \u017ee je spr\u00e1vne zarovnan\u00fd s ostatn\u00fdmi komponentmi stroja. Nespr\u00e1vne zarovnanie m\u00f4\u017ee vies\u0165 k pred\u010dasn\u00e9mu opotrebovaniu alebo poruche valca.<\/p>\n<p>Po\u010das in\u0161tal\u00e1cie je nevyhnutn\u00e9 dodr\u017eiava\u0165 \u0161pecifik\u00e1cie v\u00fdrobcu t\u00fdkaj\u00face sa nastavenia kr\u00fatiaceho momentu na v\u0161etk\u00fdch skrutk\u00e1ch, aby sa zabezpe\u010dilo bezpe\u010dn\u00e9 upevnenie. Po in\u0161tal\u00e1cii znova skontrolujte zarovnanie a vykonajte sk\u00fa\u0161obn\u00fa prev\u00e1dzku, aby ste overili, \u010di valec funguje hladko, bez zasek\u00e1vania alebo nadmern\u00e9ho hluku. Nakoniec zdokumentujte in\u0161tal\u00e1ciu pre z\u00e1znamy o \u00fadr\u017ebe a napl\u00e1nujte prv\u00fa kontrolu po vopred ur\u010denom po\u010dte prev\u00e1dzkov\u00fdch hod\u00edn.<\/p>\n<h2>Be\u017en\u00e9 \u00falohy \u00fadr\u017eby<\/h2>\n<h3>Pravideln\u00e9 kontroly<\/h3>\n<p>Pravideln\u00e9 kontroly valca v\u00fdlo\u017en\u00edka zah\u0155\u0148aj\u00fa kontrolu tesnosti, zabezpe\u010denie v\u0161etk\u00fdch spojov a overenie spr\u00e1vnej hladiny hydraulickej kvapaliny. Pravideln\u00e9 kontroly pom\u00e1haj\u00fa v\u010das identifikova\u0165 potenci\u00e1lne probl\u00e9my, \u010do umo\u017e\u0148uje v\u010dasn\u00e9 z\u00e1sahy, ktor\u00e9 m\u00f4\u017eu pred\u00eds\u0165 z\u00e1va\u017enej\u0161\u00edm probl\u00e9mom.<\/p>\n<h3>Spr\u00e1vne mazanie<\/h3>\n<p>Zabezpe\u010denie spr\u00e1vneho mazania je nevyhnutn\u00e9 pre dlh\u00fa \u017eivotnos\u0165 valca v\u00fdlo\u017en\u00edka. Pravidelne dop\u013a\u0148ajte hydraulick\u00fd olej, aby ste udr\u017eali optim\u00e1lnu hladinu a nama\u017ete pohybliv\u00e9 \u010dasti. Tento postup zni\u017euje trenie a opotrebovanie, \u010do prispieva k plynulej\u0161iemu chodu a dlh\u0161ej \u017eivotnosti.<\/p>\n<h3>V\u00fdmena tesnenia a kontroly kalibr\u00e1cie<\/h3>\n<p>Pravidelne vymie\u0148ajte tesnenia, aby ste zachovali hydraulick\u00fa integritu a predi\u0161li \u00fanikom. Okrem toho, vykon\u00e1vanie kalibra\u010dn\u00fdch kontrol zabezpe\u010duje, \u017ee valec pracuje v r\u00e1mci \u0161pecifikovan\u00fdch parametrov, \u010do prispieva k celkovej bezpe\u010dnosti a \u00fa\u010dinnosti strojov.<\/p>\n<p><img decoding=\"async\" src=\"https:\/\/www.hydraulic-cylinders.net\/wp-content\/uploads\/2025\/04\/songte-chushion-collar.webp\" alt=\"Vank\u00fa\u0161ov\u00fd golier\" \/><\/p>\n<h2>Bezpe\u010dnostn\u00e9 aspekty a faktory prostredia<\/h2>\n<p>Pri pou\u017e\u00edvan\u00ed hydraulick\u00e9ho valca v\u00fdlo\u017en\u00edka s\u00fa bezpe\u010dnostn\u00e9 opatrenia prvorad\u00e9. Obsluha si mus\u00ed by\u0165 vedom\u00e1 potenci\u00e1lnych nebezpe\u010denstiev spojen\u00fdch s hydraulick\u00fdm zariaden\u00edm vr\u00e1tane rizika \u00faniku kvapal\u00edn a zranen\u00ed s\u00favisiacich s tlakom. Dodr\u017eiavanie bezpe\u010dnostn\u00fdch protokolov, ako je nosenie vhodn\u00fdch osobn\u00fdch ochrann\u00fdch prostriedkov a zabezpe\u010denie riadneho \u0161kolenia o hydraulick\u00fdch syst\u00e9moch, je k\u013e\u00fa\u010dov\u00e9 pre predch\u00e1dzanie nehod\u00e1m.<\/p>\n<h2>Rie\u0161enie probl\u00e9mov a be\u017en\u00e9 probl\u00e9my<\/h2>\n<ul>\n<li><strong>\u00danik:<\/strong> \u00daniky hydraulickej kvapaliny mo\u017eno \u010dasto vysledova\u0165 a\u017e k opotrebovan\u00fdm tesneniam alebo po\u0161koden\u00fdm armat\u00faram. Kontrola t\u00fdchto komponentov m\u00f4\u017ee pom\u00f4c\u0165 r\u00fdchlo identifikova\u0165 a odstr\u00e1ni\u0165 probl\u00e9m.<\/li>\n<li><strong>Nekonzistentn\u00e1 prev\u00e1dzka:<\/strong> Ak valec v\u00fdlo\u017en\u00edka pracuje nepravidelne, m\u00f4\u017ee to by\u0165 sp\u00f4soben\u00e9 n\u00edzkou hladinou hydraulickej kvapaliny alebo vzduchom zachyten\u00fdm v syst\u00e9me. Odvzdu\u0161nenie syst\u00e9mu a zabezpe\u010denie dostato\u010dnej hladiny kvapaliny m\u00f4\u017ee tento probl\u00e9m vyrie\u0161i\u0165.<\/li>\n<li><strong>Nadmern\u00e9 opotrebovanie:<\/strong> Ak valec vykazuje zn\u00e1mky nadmern\u00e9ho opotrebovania, m\u00f4\u017ee to znamena\u0165, \u017ee sa nevykon\u00e1va pravideln\u00e1 \u00fadr\u017eba. Zv\u00fd\u0161enie frekvencie kontrol a mazania m\u00f4\u017ee pom\u00f4c\u0165 zmierni\u0165 tento probl\u00e9m.<\/li>\n<\/ul>\n<h2>Tipy na rie\u0161enie por\u00fach<\/h2>\n<p>Ak chcete efekt\u00edvne rie\u0161i\u0165 probl\u00e9my s valcom v\u00fdlo\u017en\u00edka, za\u010dnite kontrolou netesnost\u00ed a skontrolujte v\u0161etky tesnenia a spoje. Ak probl\u00e9my pretrv\u00e1vaj\u00fa, pozrite si pokyny v\u00fdrobcu, kde n\u00e1jdete konkr\u00e9tne kroky na rie\u0161enie probl\u00e9mov. Zave\u010fte prevent\u00edvne opatrenia, ako je pravideln\u00e1 \u00fadr\u017eba a kontroly, aby ste minimalizovali riziko bud\u00facich probl\u00e9mov. Vedenie podrobn\u00fdch z\u00e1znamov o \u00fadr\u017ebe m\u00f4\u017ee tie\u017e pom\u00f4c\u0165 pri identifik\u00e1cii opakuj\u00facich sa probl\u00e9mov a v\u00fdvoji rie\u0161en\u00ed.<\/p>\n<p><img decoding=\"async\" src=\"https:\/\/www.hydraulic-cylinders.net\/wp-content\/uploads\/2025\/04\/songte-bushings-with-all-kinds-of-excavator-models.webp\" alt=\"Puzdr\u00e1 pre bagre\" \/><\/p>\n<h2>O na\u0161ej spolo\u010dnosti<\/h2>\n<p>Sme popredn\u00fdm v\u00fdrobcom n\u00e1hradn\u00fdch hydraulick\u00fdch valcov a pon\u00fakame komplexn\u00fd sortiment produktov, v\u010faka \u010domu sme jedn\u00fdm z popredn\u00fdch v\u00fdrobcov a ve\u013ekoobchodn\u00edkov na dom\u00e1com aj medzin\u00e1rodnom trhu. Dodr\u017eiavame najvy\u0161\u0161ie \u0161tandardy kvality a vyu\u017e\u00edvame prepracovan\u00e9 strat\u00e9gie v\u00fdrobn\u00fdch dieln\u00ed na riadenie v\u00fdroby. N\u00e1\u0161 z\u00e1v\u00e4zok k technologick\u00fdm talentom, pokro\u010dil\u00fdm digit\u00e1lnym v\u00fdrobn\u00fdm zariadeniam a profesion\u00e1lnym testovac\u00edm syst\u00e9mom vylep\u0161uje na\u0161u v\u00fdrobn\u00fa platformu a zabezpe\u010duje v\u00fdrobu vysoko kvalitn\u00fdch produktov.<\/p>\n<p>Na\u0161a schopnos\u0165 prisp\u00f4sobi\u0165 slu\u017eby v spojen\u00ed s medzin\u00e1rodn\u00fdmi certifik\u00e1ciami dokazuje na\u0161e odhodlanie poskytova\u0165 rie\u0161enia, ktor\u00e9 sp\u013a\u0148aj\u00fa rozmanit\u00e9 potreby z\u00e1kazn\u00edkov. V\u010faka najmodernej\u0161\u00edm v\u00fdrobn\u00fdm zariadeniam a robustn\u00e9mu popredajn\u00e9mu servisu sa neust\u00e1le sna\u017e\u00edme splni\u0165 a prekona\u0165 o\u010dak\u00e1vania na\u0161ich klientov.<\/p>\n<p><img decoding=\"async\" src=\"https:\/\/www.hydraulic-cylinders.net\/wp-content\/uploads\/2025\/04\/songte-company-4.webp\" alt=\"Na\u0161a spolo\u010dnos\u0165\" \/><br \/>\n<img decoding=\"async\" src=\"https:\/\/www.hydraulic-cylinders.net\/wp-content\/uploads\/2025\/04\/songte-company-3.webp\" alt=\"Preh\u013ead spolo\u010dnosti\" \/><\/p>\n<p>Autor: lyl<\/p>","protected":false},"excerpt":{"rendered":"<p>Boom Cylinder For Liugong Small Excavator CLG906C Introduction to Boom Cylinder The Boom Cylinder is an essential hydraulic component designed specifically for heavy machinery, such as the Liugong Small Excavator CLG906C. This hydraulic cylinder controls the motion of the boom, enabling it to lift, lower, and tilt efficiently during excavation tasks. The Boom Cylinder is [&hellip;]<\/p>","protected":false},"featured_media":17870,"comment_status":"open","ping_status":"closed","template":"","meta":{"_et_pb_use_builder":"","_et_pb_old_content":"","_et_gb_content_width":""},"product_brand":[],"product_cat":[1546],"product_tag":[1547,1496],"class_list":{"0":"post-19290","1":"product","2":"type-product","3":"status-publish","4":"has-post-thumbnail","6":"product_cat-boom-cylinders","7":"product_tag-boom-cylinders","8":"product_tag-hydraulic-cylinders","10":"first","11":"instock","12":"shipping-taxable","13":"product-type-simple"},"amp_enabled":true,"_links":{"self":[{"href":"https:\/\/www.hydraulic-cylinders.net\/sk\/wp-json\/wp\/v2\/product\/19290","targetHints":{"allow":["GET"]}}],"collection":[{"href":"https:\/\/www.hydraulic-cylinders.net\/sk\/wp-json\/wp\/v2\/product"}],"about":[{"href":"https:\/\/www.hydraulic-cylinders.net\/sk\/wp-json\/wp\/v2\/types\/product"}],"replies":[{"embeddable":true,"href":"https:\/\/www.hydraulic-cylinders.net\/sk\/wp-json\/wp\/v2\/comments?post=19290"}],"wp:featuredmedia":[{"embeddable":true,"href":"https:\/\/www.hydraulic-cylinders.net\/sk\/wp-json\/wp\/v2\/media\/17870"}],"wp:attachment":[{"href":"https:\/\/www.hydraulic-cylinders.net\/sk\/wp-json\/wp\/v2\/media?parent=19290"}],"wp:term":[{"taxonomy":"product_brand","embeddable":true,"href":"https:\/\/www.hydraulic-cylinders.net\/sk\/wp-json\/wp\/v2\/product_brand?post=19290"},{"taxonomy":"product_cat","embeddable":true,"href":"https:\/\/www.hydraulic-cylinders.net\/sk\/wp-json\/wp\/v2\/product_cat?post=19290"},{"taxonomy":"product_tag","embeddable":true,"href":"https:\/\/www.hydraulic-cylinders.net\/sk\/wp-json\/wp\/v2\/product_tag?post=19290"}],"curies":[{"name":"pracovn\u00fd list","href":"https:\/\/api.w.org\/{rel}","templated":true}]}}