{"id":19294,"date":"2025-04-07T06:25:29","date_gmt":"2025-04-07T06:25:29","guid":{"rendered":"https:\/\/www.hydraulic-cylinders.net\/product\/boom-cylinder-for-liugong-small-excavator-clg916d-918e\/"},"modified":"2025-04-07T06:25:32","modified_gmt":"2025-04-07T06:25:32","slug":"boom-cylinder-for-liugong-small-excavator-clg916d-918e","status":"publish","type":"product","link":"https:\/\/www.hydraulic-cylinders.net\/sk\/produkt\/boom-cylinder-for-liugong-small-excavator-clg916d-918e\/","title":{"rendered":"Valec v\u00fdlo\u017en\u00edka pre mal\u00e9 r\u00fdpadlo Liugong CLG916D\/918E"},"content":{"rendered":"<h1>Valec v\u00fdlo\u017en\u00edka pre mal\u00e9 r\u00fdpadlo Liugong CLG916D\/918E<\/h1>\n<h2>\u00davod do valcov v\u00fdlo\u017en\u00edka<\/h2>\n<p>Hydraulick\u00fd valec v\u00fdlo\u017en\u00edka je d\u00f4le\u017eitou s\u00fa\u010das\u0165ou hydraulick\u00fdch syst\u00e9mov \u0165a\u017ek\u00fdch strojov, \u0161peci\u00e1lne navrhnut\u00fd na ovl\u00e1danie pohybu ly\u017e\u00edc r\u00fdpadiel. V zariadeniach, ako s\u00fa r\u00fdpadl\u00e1, r\u00fdpadlo-naklada\u010de a \u010deln\u00e9 naklada\u010de, umo\u017e\u0148uje valec v\u00fdlo\u017en\u00edka zdv\u00edhanie, sp\u00fa\u0161\u0165anie a nakl\u00e1\u0148anie ly\u017eice, \u010do je nevyhnutn\u00e9 pre efekt\u00edvnu manipul\u00e1ciu s materi\u00e1lom.<\/p>\n<p>Ako typ hydraulick\u00e9ho valca je valec v\u00fdlo\u017en\u00edka navrhnut\u00fd tak, aby odolal vysok\u00e9mu tlaku a \u0165a\u017ek\u00fdm za\u0165a\u017eeniam a poskytoval potrebn\u00fa silu na vykon\u00e1vanie n\u00e1ro\u010dn\u00fdch v\u00fdkopov\u00fdch a stavebn\u00fdch pr\u00e1c. Hydraulick\u00fd syst\u00e9m funguje tak, \u017ee premie\u0148a tlak kvapaliny na mechanick\u00fa energiu, \u010do umo\u017e\u0148uje obsluhe manipulova\u0165 so strojmi s presnos\u0165ou a \u013eahkos\u0165ou.<\/p>\n<p><img decoding=\"async\" src=\"https:\/\/www.hydraulic-cylinders.net\/wp-content\/uploads\/2025\/04\/songte-company-1.webp\" alt=\"Valec v\u00fdlo\u017en\u00edka\"><\/p>\n<h2>Vlastnosti valca v\u00fdlo\u017en\u00edka<\/h2>\n<ul>\n<li>\n<h3>Vysok\u00e1 pevnos\u0165 a odolnos\u0165<\/h3>\n<p>Valec v\u00fdlo\u017en\u00edka je vyroben\u00fd z vysokopevnostnej ocele alebo hlin\u00edka a je skon\u0161truovan\u00fd tak, aby odolal extr\u00e9mnemu tlaku a \u0165a\u017ek\u00fdm za\u0165a\u017eeniam. Je navrhnut\u00fd s oh\u013eadom na odolnos\u0165 vo\u010di opotrebovaniu a kor\u00f3zii, \u010do v\u00fdrazne predl\u017euje jeho \u017eivotnos\u0165.<\/p>\n<\/li>\n<li>\n<h3>Efekt\u00edvna hydraulick\u00e1 prev\u00e1dzka<\/h3>\n<p>Valec vyu\u017e\u00edva tlak hydraulickej kvapaliny na dosiahnutie plynul\u00fdch teleskopick\u00fdch pohybov. To umo\u017e\u0148uje r\u00fdchlu reakciu na povely oper\u00e1tora a dod\u00e1va siln\u00e9 tlakov\u00e9 a \u0165ahov\u00e9 sily, ide\u00e1lne na manipul\u00e1ciu s \u0165a\u017ek\u00fdmi materi\u00e1lmi a zlo\u017eit\u00fdmi \u00falohami.<\/p>\n<\/li>\n<li>\n<h3>R\u00f4zne typy<\/h3>\n<p>Valec v\u00fdlo\u017en\u00edka je k dispoz\u00edcii v jedno\u010dinnom (prev\u00e1dzkovom v jednom smere) alebo dvoj\u010dinnom (prev\u00e1dzkovom v oboch smeroch) preveden\u00ed a je mo\u017en\u00e9 ho prisp\u00f4sobi\u0165 r\u00f4znym prev\u00e1dzkov\u00fdm potreb\u00e1m. Niektor\u00e9 modely s\u00fa teleskopick\u00e9, \u010do umo\u017e\u0148uje dlh\u0161\u00ed dosah bez zv\u00e4\u010d\u0161enia vonkaj\u0161\u00edch rozmerov, a s\u00fa vhodn\u00e9 pre aplik\u00e1cie s obmedzen\u00fdm priestorom.<\/p>\n<\/li>\n<li>\n<h3>V\u0161estrann\u00e9 aplik\u00e1cie<\/h3>\n<p>Na\u0161e produkty s\u00fa navrhnut\u00e9 pre kompatibilitu s r\u00f4znymi modelmi r\u00fdpadiel a m\u00f4\u017eu sl\u00fa\u017ei\u0165 ako perfektn\u00e1 n\u00e1hrada za existuj\u00face hydraulick\u00e9 valce.<\/p>\n<\/li>\n<li>\n<h3>Rie\u0161enia na mieru<\/h3>\n<p>Pon\u00fakame rie\u0161enia na mieru, ktor\u00e9 sp\u013a\u0148aj\u00fa \u0161pecifick\u00e9 po\u017eiadavky a zabezpe\u010duj\u00fa, aby ka\u017ed\u00fd valec v\u00fdlo\u017en\u00edka bezprobl\u00e9movo zapadol do v\u00e1\u0161ho stroja.<\/p>\n<\/li>\n<\/ul>\n<p><img decoding=\"async\" src=\"https:\/\/www.hydraulic-cylinders.net\/wp-content\/uploads\/2025\/04\/songte-cylinder-head-with-all-kinds-excavator-models.webp\" alt=\"Modely bagrov\"><\/p>\n<h2>Aplik\u00e1cie valca v\u00fdlo\u017en\u00edka<\/h2>\n<ul>\n<li>\n<h3>Stavebn\u00e9 stroje<\/h3>\n<p>V r\u00fdpadl\u00e1ch s\u00fa valce v\u00fdlo\u017en\u00edka k\u013e\u00fa\u010dov\u00e9 pre kopanie, nakladanie a premiest\u0148ovanie zeminy alebo sutiny. Poskytuj\u00fa potrebn\u00fa silu na preniknutie do zeme a u\u013eah\u010duj\u00fa efekt\u00edvnu manipul\u00e1ciu s materi\u00e1lom. V r\u00fdpadlo-naklada\u010doch tieto valce nielen pom\u00e1haj\u00fa pri v\u00fdkopov\u00fdch pr\u00e1cach, ale aj zdv\u00edhaj\u00fa ly\u017eicu pri zdv\u00edhac\u00edch \u00faloh\u00e1ch, \u010d\u00edm zvy\u0161uj\u00fa celkov\u00fa produktivitu na stavenisk\u00e1ch.<\/p>\n<\/li>\n<li>\n<h3>Po\u013enohospod\u00e1rske stroje<\/h3>\n<p>Pou\u017e\u00edvan\u00e9 v \u010deln\u00fdch naklada\u010doch, valce v\u00fdlo\u017en\u00edka efekt\u00edvne naberaj\u00fa, zdv\u00edhaj\u00fa a prepravuj\u00fa p\u00f4du, seno a in\u00e9 materi\u00e1ly. Ich robustn\u00e1 kon\u0161trukcia umo\u017e\u0148uje manipul\u00e1ciu s \u0165a\u017ek\u00fdmi po\u013enohospod\u00e1rskymi bremenami, v\u010faka \u010domu s\u00fa v po\u013enohospod\u00e1rskych oper\u00e1ci\u00e1ch nevyhnutn\u00e9.<\/p>\n<\/li>\n<li>\n<h3>V\u00fdkopov\u00e9 \u00falohy<\/h3>\n<p>V r\u00fdpadl\u00e1ch umo\u017e\u0148uj\u00fa valce v\u00fdlo\u017en\u00edka prenikn\u00fa\u0165 do p\u00f4dy, \u010do u\u013eah\u010duje efekt\u00edvne kopanie. Ich schopnos\u0165 vyvin\u00fa\u0165 zna\u010dn\u00fa silu umo\u017e\u0148uje obsluhe \u013eahko vykop\u00e1va\u0165 hlb\u0161ie a premiest\u0148ova\u0165 v\u00e4\u010d\u0161ie objemy materi\u00e1lov.<\/p>\n<\/li>\n<li>\n<h3>Aplik\u00e1cie naklada\u010da<\/h3>\n<p>V \u010deln\u00fdch naklada\u010doch zohr\u00e1vaj\u00fa valce v\u00fdlo\u017en\u00edka d\u00f4le\u017eit\u00fa \u00falohu pri efekt\u00edvnom zdv\u00edhan\u00ed a vykladan\u00ed bremien. Umo\u017e\u0148uj\u00fa presn\u00e9 ovl\u00e1danie pri zdv\u00edhan\u00ed a nakl\u00e1\u0148an\u00ed ly\u017eice, \u010d\u00edm zabezpe\u010duj\u00fa efekt\u00edvnu manipul\u00e1ciu s materi\u00e1lom pri r\u00f4znych stavebn\u00fdch a ter\u00e9nnych \u00faloh\u00e1ch.<\/p>\n<\/li>\n<\/ul>\n<h2>\u00davahy o dizajne a krit\u00e9ri\u00e1 v\u00fdberu<\/h2>\n<ul>\n<li>\n<h3>Nosnos\u0165<\/h3>\n<p>Nosnos\u0165 valca v\u00fdlo\u017en\u00edka je kritick\u00fdm faktorom pri jeho kon\u0161trukcii. Mus\u00ed by\u0165 schopn\u00fd zvl\u00e1dnu\u0165 maxim\u00e1lne za\u0165a\u017eenie o\u010dak\u00e1van\u00e9 po\u010das prev\u00e1dzky bez ohrozenia bezpe\u010dnosti alebo funk\u010dnosti. In\u017einieri zoh\u013ead\u0148uj\u00fa hmotnos\u0165 manipulovan\u00fdch materi\u00e1lov a celkov\u00e9 prev\u00e1dzkov\u00e9 limity stroja, aby zabezpe\u010dili optim\u00e1lny v\u00fdkon.<\/p>\n<\/li>\n<li>\n<h3>Tesniace syst\u00e9my<\/h3>\n<p>\u00da\u010dinn\u00e9 tesnenie je nevyhnutn\u00e9 na zabr\u00e1nenie \u00faniku hydraulickej kvapaliny, \u010do m\u00f4\u017ee vies\u0165 k zn\u00ed\u017eeniu \u00fa\u010dinnosti a potenci\u00e1lnemu zlyhaniu zariadenia. Na zabezpe\u010denie dlhej \u017eivotnosti a spo\u013eahlivosti v r\u00f4znych pracovn\u00fdch podmienkach sa pou\u017e\u00edvaj\u00fa vysokokvalitn\u00e9 tesnenia vyroben\u00e9 z odoln\u00fdch materi\u00e1lov, ako je polyuret\u00e1n alebo nitrilov\u00e1 guma.<\/p>\n<\/li>\n<li>\n<h3>Trvanlivos\u0165<\/h3>\n<p>Trvanlivos\u0165 je pre valce v\u00fdlo\u017en\u00edka prvorad\u00e1, preto\u017ee s\u00fa \u010dasto vystaven\u00e9 drsn\u00e9mu prostrediu. Pou\u017eitie vysokopevnostn\u00fdch materi\u00e1lov spolu s ochrann\u00fdmi n\u00e1termi pom\u00e1ha zmierni\u0165 opotrebovanie a zabezpe\u010duje, \u017ee valec si v priebehu \u010dasu zachov\u00e1 svoju integritu.<\/p>\n<\/li>\n<li>\n<h3>Bezpe\u010dnostn\u00e9 prvky<\/h3>\n<p>Pri navrhovan\u00ed hydraulick\u00fdch valcov by mala by\u0165 bezpe\u010dnos\u0165 v\u017edy prioritou. Na zv\u00fd\u0161enie prev\u00e1dzkovej bezpe\u010dnosti a zn\u00ed\u017eenie rizika neh\u00f4d s\u00fa integrovan\u00e9 prvky, ako s\u00fa pretlakov\u00e9 ventily a syst\u00e9my proti prasknutiu.<\/p>\n<\/li>\n<li>\n<h3>Pr\u00edstupnos\u0165 \u00fadr\u017eby<\/h3>\n<p>K\u013e\u00fa\u010dov\u00e9 s\u00fa kon\u0161truk\u010dn\u00e9 aspekty, ktor\u00e9 umo\u017e\u0148uj\u00fa jednoduch\u00fa \u00fadr\u017ebu a opravy. Valce v\u00fdlo\u017en\u00edka by mali by\u0165 skon\u0161truovan\u00e9 tak, aby umo\u017e\u0148ovali r\u00fdchlu kontrolu, mazanie a v\u00fdmenu tesnen\u00ed a in\u00fdch komponentov, aby sa minimalizovali prestoje.<\/p>\n<\/li>\n<\/ul>\n<p><img decoding=\"async\" src=\"https:\/\/www.hydraulic-cylinders.net\/wp-content\/uploads\/2025\/04\/songte-oil-pipes-and-spare-parts.webp\" alt=\"Olejov\u00e9 potrubia a n\u00e1hradn\u00e9 diely\"><\/p>\n<h2>Utesnenie a mazanie valca v\u00fdlo\u017en\u00edka<\/h2>\n<p>Zabezpe\u010denie spr\u00e1vneho tesnenia a mazania je nevyhnutn\u00e9 pre funk\u010dnos\u0165 a dlh\u00fa \u017eivotnos\u0165 valcov v\u00fdlo\u017en\u00edka. Na zabr\u00e1nenie \u00faniku hydraulickej kvapaliny sa pou\u017e\u00edvaj\u00fa r\u00f4zne tesnenia, ako s\u00fa piestne tesnenia a ty\u010dov\u00e9 tesnenia. V\u00fdber odoln\u00fdch materi\u00e1lov, ako je polyuret\u00e1n a nitrilov\u00e1 guma, prispieva k odolnosti tesnen\u00ed vo\u010di opotrebovaniu a environment\u00e1lnym faktorom.<\/p>\n<p>Teleso valca a z\u00e1vitov\u00e9 koncov\u00e9 plochy prech\u00e1dzaj\u00fa d\u00f4kladnou povrchovou \u00fapravou, aby sa zv\u00fd\u0161ila odolnos\u0165 proti opotrebovaniu a zabezpe\u010dilo tesn\u00e9 utesnenie. Pravideln\u00e9 mazanie vhodn\u00fdm hydraulick\u00fdm olejom je nevyhnutn\u00e9 pre udr\u017eanie hladkej prev\u00e1dzky. Je potrebn\u00e9 vykon\u00e1va\u0165 pravideln\u00e9 kontroly, aby sa zabezpe\u010dila dostato\u010dn\u00e1 hladina mazania a aby sa predi\u0161lo potenci\u00e1lnym poruch\u00e1m zariadenia.<\/p>\n<h2>Opatrenia prevent\u00edvnej \u00fadr\u017eby<\/h2>\n<ul>\n<li>\n<h3>Pravideln\u00e9 kontroly<\/h3>\n<p>Vykon\u00e1vanie pravideln\u00fdch kontrol valca v\u00fdlo\u017en\u00edka je nevyhnutn\u00e9 na v\u010dasn\u00e9 zistenie ak\u00fdchko\u013evek zn\u00e1mok opotrebovania alebo netesnost\u00ed. Kontrolou tesnen\u00ed, spojov a hladiny hydraulickej kvapaliny m\u00f4\u017eu oper\u00e1tori prevent\u00edvne rie\u0161i\u0165 probl\u00e9my sk\u00f4r, ako sa zhor\u0161ia.<\/p>\n<\/li>\n<li>\n<h3>Spr\u00e1vne mazanie<\/h3>\n<p>Zabezpe\u010denie dostato\u010dn\u00e9ho mazania valca v\u00fdlo\u017en\u00edka vysokokvalitn\u00fdm hydraulick\u00fdm olejom pom\u00e1ha udr\u017eiava\u0165 jeho v\u00fdkon a zni\u017euje opotrebovanie vn\u00fatorn\u00fdch komponentov. Pre optim\u00e1lnu funkciu by sa mali stanovi\u0165 a dodr\u017eiava\u0165 pravideln\u00e9 intervaly mazania.<\/p>\n<\/li>\n<li>\n<h3>V\u00fdmena tesnenia<\/h3>\n<p>Tesnenia by sa mali \u010dasto kontrolova\u0165 a vymie\u0148a\u0165 pri prv\u00fdch zn\u00e1mkach opotrebovania alebo po\u0161kodenia. Udr\u017eiavanie \u00fa\u010dinn\u00fdch tesnen\u00ed je k\u013e\u00fa\u010dov\u00e9 pre prevenciu \u00fanikov a zabezpe\u010denie efekt\u00edvnej prev\u00e1dzky hydraulick\u00fdch syst\u00e9mov.<\/p>\n<\/li>\n<\/ul>\n<h2>Pokyny na in\u0161tal\u00e1ciu<\/h2>\n<p>Spr\u00e1vna in\u0161tal\u00e1cia valca ramena je nevyhnutn\u00e1 pre zabezpe\u010denie optim\u00e1lnej prev\u00e1dzky. Za\u010dnite spr\u00e1vnym zarovnan\u00edm valca so spojovac\u00edmi konzolami pomocou vhodn\u00e9ho mont\u00e1\u017eneho materi\u00e1lu na jeho upevnenie. Uistite sa, \u017ee valec je dokonale zarovnan\u00fd, aby ste predi\u0161li nadmern\u00e9mu nam\u00e1haniu po\u010das prev\u00e1dzky.<\/p>\n<p>Na stabiliz\u00e1ciu valca a zabr\u00e1nenie vibr\u00e1ci\u00e1m, ktor\u00e9 by mohli vies\u0165 k pred\u010dasn\u00e9mu opotrebovaniu, pou\u017eite vhodn\u00e9 mont\u00e1\u017ene konzoly. Je nevyhnutn\u00e9 dodr\u017eiava\u0165 \u0161pecifik\u00e1cie v\u00fdrobcu t\u00fdkaj\u00face sa kr\u00fatiaceho momentu a zarovnania. Po in\u0161tal\u00e1cii vykonajte d\u00f4kladn\u00fa kontrolu tesnosti a uistite sa, \u017ee v\u0161etky hydraulick\u00e9 pripojenia s\u00fa bezpe\u010dne upevnen\u00e9.<\/p>\n<h2>\u00dalohy \u00fadr\u017eby<\/h2>\n<ul>\n<li>\n<h3>Pravideln\u00e9 kontroly<\/h3>\n<p>\u010cast\u00e9 kontroly valca v\u00fdlo\u017en\u00edka pom\u00e1haj\u00fa v\u010das identifikova\u0165 potenci\u00e1lne probl\u00e9my a zabezpe\u010duj\u00fa nepretr\u017eit\u00fd v\u00fdkon strojov. Obsluha by si mala vypracova\u0165 pl\u00e1n pravideln\u00fdch kontrol na monitorovanie stavu valca.<\/p>\n<\/li>\n<li>\n<h3>Vhodn\u00e9 mazanie<\/h3>\n<p>Pou\u017e\u00edvanie spr\u00e1vneho typu hydraulick\u00e9ho oleja a dodr\u017eiavanie d\u00f4sledn\u00fdch postupov mazania s\u00fa k\u013e\u00fa\u010dov\u00e9 pre dlh\u00fa \u017eivotnos\u0165 valca. Obsluha by mala dodr\u017eiava\u0165 odpor\u00fa\u010dan\u00e9 pl\u00e1ny mazania, aby sa predi\u0161lo opotrebovaniu.<\/p>\n<\/li>\n<li>\n<h3>V\u00fdmena a kalibr\u00e1cia tesnenia<\/h3>\n<p>Pravideln\u00e9 kontroly kalibr\u00e1cie a v\u00fdmena tesnen\u00ed m\u00f4\u017eu v\u00fdrazne zlep\u0161i\u0165 v\u00fdkon a bezpe\u010dnos\u0165 hydraulick\u00e9ho syst\u00e9mu. Obsluha by mala by\u0165 vy\u0161kolen\u00e1 v rozpoznan\u00ed znakov opotrebovania tesnen\u00ed a ich okam\u017eitej v\u00fdmene, aby sa predi\u0161lo \u00fanikom a probl\u00e9mom s v\u00fdkonom.<\/p>\n<\/li>\n<\/ul>\n<p><img decoding=\"async\" src=\"https:\/\/www.hydraulic-cylinders.net\/wp-content\/uploads\/2025\/04\/songte-chushion-collar.webp\" alt=\"Vank\u00fa\u0161ov\u00fd golier\"><\/p>\n<h2>Bezpe\u010dnostn\u00e9 aspekty a faktory prostredia<\/h2>\n<p>Pri pou\u017e\u00edvan\u00ed hydraulick\u00fdch syst\u00e9mov je implement\u00e1cia bezpe\u010dnostn\u00fdch opatren\u00ed k\u013e\u00fa\u010dov\u00e1 pre ochranu obsluhy a zachovanie integrity zariadenia. Obsluha by mala by\u0165 vy\u0161kolen\u00e1 v bezpe\u010dn\u00fdch prev\u00e1dzkov\u00fdch postupoch vr\u00e1tane rozpozn\u00e1vania pr\u00edznakov hydraulick\u00fdch por\u00fach a pochopenia postupov n\u00fadzov\u00e9ho vypnutia. Okrem toho, v\u00fdkon valcov m\u00f4\u017eu ovplyvni\u0165 aj faktory prostredia, ako s\u00fa extr\u00e9mne teploty a vystavenie chemik\u00e1li\u00e1m. Spr\u00e1vne ochrann\u00e9 opatrenia, ako napr\u00edklad pou\u017e\u00edvanie ochrann\u00fdch krytov alebo n\u00e1terov, m\u00f4\u017eu tieto rizik\u00e1 zmierni\u0165.<\/p>\n<h2>Diagnostika por\u00fach a be\u017en\u00e9 probl\u00e9my<\/h2>\n<ul>\n<li>\n<h3>\u00daniky tekut\u00edn<\/h3>\n<p>\u00daniky kvapaliny m\u00f4\u017eu \u010dasto nazna\u010dova\u0165 opotrebovanie alebo po\u0161kodenie tesnenia. Pravideln\u00e9 kontroly m\u00f4\u017eu pom\u00f4c\u0165 v\u010das odhali\u0165 tieto probl\u00e9my. Ak sa zistia \u00faniky, obsluha by mala skontrolova\u0165 tesnenia a v pr\u00edpade potreby ich vymeni\u0165.<\/p>\n<\/li>\n<li>\n<h3>Pomal\u00fd alebo nekonzistentn\u00fd pohyb<\/h3>\n<p>M\u00f4\u017ee to by\u0165 pr\u00edznakom n\u00edzkej hladiny hydraulickej kvapaliny alebo po\u0161kodenia vn\u00fatorn\u00e9ho valca. Obsluha by mala skontrolova\u0165 hladiny kvapal\u00edn a skontrolova\u0165 valec, \u010di nevykazuje zn\u00e1mky opotrebovania alebo upchatia.<\/p>\n<\/li>\n<li>\n<h3>Nezvy\u010dajn\u00e9 zvuky<\/h3>\n<p>Zvl\u00e1\u0161tne zvuky po\u010das prev\u00e1dzky m\u00f4\u017eu nazna\u010dova\u0165 vn\u00fatorn\u00e9 probl\u00e9my alebo n\u00edzke mazanie. Obsluha by mala okam\u017eite zastavi\u0165 stroj a skontrolova\u0165 valec, \u010di sa nevyskytli pr\u00edpadn\u00e9 probl\u00e9my.<\/p>\n<\/li>\n<\/ul>\n<h2>Tipy a rie\u0161enia probl\u00e9mov<\/h2>\n<p>Pre efekt\u00edvnu diagnostiku a rie\u0161enie probl\u00e9mov by si oper\u00e1tori mali vies\u0165 kontroln\u00fd zoznam be\u017en\u00fdch probl\u00e9mov a odpor\u00fa\u010dan\u00fdch rie\u0161en\u00ed. V pr\u00edpade \u00fanikov kvapal\u00edn skontrolujte tesnenia a v pr\u00edpade opotrebovania ich vyme\u0148te. Ak je pohyb pomal\u00fd, skontrolujte hladinu hydraulickej kvapaliny a v pr\u00edpade potreby ju dopl\u0148te. Implement\u00e1cia prevent\u00edvnych opatren\u00ed, ako je pravideln\u00e1 \u00fadr\u017eba a kontroly, m\u00f4\u017ee v\u00fdrazne zn\u00ed\u017ei\u0165 pravdepodobnos\u0165 vzniku potenci\u00e1lnych probl\u00e9mov.<\/p>\n<p><img decoding=\"async\" src=\"https:\/\/www.hydraulic-cylinders.net\/wp-content\/uploads\/2025\/04\/songte-bushings-with-all-kinds-of-excavator-models.webp\" alt=\"Puzdro s modelmi bagrov\"><\/p>\n<h2>O na\u0161ej spolo\u010dnosti<\/h2>\n<p>Sme popredn\u00fdm v\u00fdrobcom n\u00e1hradn\u00fdch hydraulick\u00fdch valcov a pon\u00fakame komplexn\u00fd sortiment produktov pre dom\u00e1ci aj medzin\u00e1rodn\u00fd trh. N\u00e1\u0161 z\u00e1v\u00e4zok k excelentnosti je podlo\u017een\u00fd prepracovanou strat\u00e9giou riadenia v\u00fdroby, ktor\u00e1 vyu\u017e\u00edva pokro\u010dil\u00e9 technol\u00f3gie a odborn\u00e9 znalosti na zlep\u0161enie kvality produktov. V\u010faka robustnej v\u00fdrobnej platforme uspokojujeme rozmanit\u00e9 potreby z\u00e1kazn\u00edkov s efekt\u00edvnos\u0165ou, presnos\u0165ou a vysokou kvalitou.<\/p>\n<p><img decoding=\"async\" src=\"https:\/\/www.hydraulic-cylinders.net\/wp-content\/uploads\/2025\/04\/songte-company-4.webp\" alt=\"Preh\u013ead spolo\u010dnosti\"><br \/>\n<img decoding=\"async\" src=\"https:\/\/www.hydraulic-cylinders.net\/wp-content\/uploads\/2025\/04\/songte-company-3.webp\" alt=\"Produkcia spolo\u010dnosti\"><\/p>\n<p>Na\u0161e odborn\u00e9 znalosti sa roz\u0161iruj\u00fa aj na poskytovanie slu\u017eieb na mieru, medzin\u00e1rodn\u00e9 certifik\u00e1cie a \u0161pecializovan\u00fa popredajn\u00fa podporu, \u010d\u00edm zabezpe\u010dujeme, \u017ee na\u0161i z\u00e1kazn\u00edci dostan\u00fa najlep\u0161ie rie\u0161enia pre svoje hydraulick\u00e9 potreby.<\/p>\n<p>Autor: lyl<\/p>","protected":false},"excerpt":{"rendered":"<p>Boom Cylinder For Liugong Small Excavator CLG916D\/918E Introduction to Boom Cylinders The boom cylinder is a vital component in the hydraulic systems of heavy machinery, specifically designed for controlling the movement of excavator buckets. In equipment like excavators, backhoe loaders, and front loaders, the boom cylinder allows for the lifting, lowering, and tilting of the [&hellip;]<\/p>","protected":false},"featured_media":17874,"comment_status":"open","ping_status":"closed","template":"","meta":{"_et_pb_use_builder":"","_et_pb_old_content":"","_et_gb_content_width":""},"product_brand":[],"product_cat":[1546],"product_tag":[1547,1496],"class_list":{"0":"post-19294","1":"product","2":"type-product","3":"status-publish","4":"has-post-thumbnail","6":"product_cat-boom-cylinders","7":"product_tag-boom-cylinders","8":"product_tag-hydraulic-cylinders","10":"first","11":"instock","12":"shipping-taxable","13":"product-type-simple"},"amp_enabled":true,"_links":{"self":[{"href":"https:\/\/www.hydraulic-cylinders.net\/sk\/wp-json\/wp\/v2\/product\/19294","targetHints":{"allow":["GET"]}}],"collection":[{"href":"https:\/\/www.hydraulic-cylinders.net\/sk\/wp-json\/wp\/v2\/product"}],"about":[{"href":"https:\/\/www.hydraulic-cylinders.net\/sk\/wp-json\/wp\/v2\/types\/product"}],"replies":[{"embeddable":true,"href":"https:\/\/www.hydraulic-cylinders.net\/sk\/wp-json\/wp\/v2\/comments?post=19294"}],"wp:featuredmedia":[{"embeddable":true,"href":"https:\/\/www.hydraulic-cylinders.net\/sk\/wp-json\/wp\/v2\/media\/17874"}],"wp:attachment":[{"href":"https:\/\/www.hydraulic-cylinders.net\/sk\/wp-json\/wp\/v2\/media?parent=19294"}],"wp:term":[{"taxonomy":"product_brand","embeddable":true,"href":"https:\/\/www.hydraulic-cylinders.net\/sk\/wp-json\/wp\/v2\/product_brand?post=19294"},{"taxonomy":"product_cat","embeddable":true,"href":"https:\/\/www.hydraulic-cylinders.net\/sk\/wp-json\/wp\/v2\/product_cat?post=19294"},{"taxonomy":"product_tag","embeddable":true,"href":"https:\/\/www.hydraulic-cylinders.net\/sk\/wp-json\/wp\/v2\/product_tag?post=19294"}],"curies":[{"name":"pracovn\u00fd list","href":"https:\/\/api.w.org\/{rel}","templated":true}]}}