{"id":19296,"date":"2025-04-07T06:25:34","date_gmt":"2025-04-07T06:25:34","guid":{"rendered":"https:\/\/www.hydraulic-cylinders.net\/product\/boom-cylinder-for-liugong-middle-excavator-clg225c\/"},"modified":"2025-04-07T06:25:37","modified_gmt":"2025-04-07T06:25:37","slug":"boom-cylinder-for-liugong-middle-excavator-clg225c","status":"publish","type":"product","link":"https:\/\/www.hydraulic-cylinders.net\/sk\/produkt\/boom-cylinder-for-liugong-middle-excavator-clg225c\/","title":{"rendered":"Valec v\u00fdlo\u017en\u00edka pre stredn\u00e9 r\u00fdpadlo Liugong CLG225C"},"content":{"rendered":"<h1>Valec v\u00fdlo\u017en\u00edka pre stredn\u00e9 r\u00fdpadlo Liugong CLG225C<\/h1>\n<h2>Preh\u013ead produktu<\/h2>\n<p>Hydraulick\u00fd valec v\u00fdlo\u017en\u00edka pre stredn\u00fd bager Liugong CLG225C je \u0161pecializovan\u00fd hydraulick\u00fd valec ur\u010den\u00fd na ovl\u00e1danie pohybu v\u00fdlo\u017en\u00edka v r\u00f4znych \u0165a\u017ek\u00fdch strojoch, ako s\u00fa bagre, r\u00fdpadlo-naklada\u010de a \u010deln\u00e9 naklada\u010de. Tieto valce s\u00fa k\u013e\u00fa\u010dov\u00fdmi komponentmi hydraulick\u00fdch syst\u00e9mov, ktor\u00e9 umo\u017e\u0148uj\u00fa presn\u00e9 zdv\u00edhanie, sp\u00fa\u0161\u0165anie a nakl\u00e1\u0148anie v\u00fdlo\u017en\u00edka, \u010d\u00edm u\u013eah\u010duj\u00fa efekt\u00edvnu manipul\u00e1ciu s materi\u00e1lom.<\/p>\n<p>Hydraulick\u00e9 valce vr\u00e1tane valcov v\u00fdlo\u017en\u00edka funguj\u00fa na princ\u00edpe premeny hydraulickej energie na mechanick\u00fa energiu. Tento proces umo\u017e\u0148uje plynul\u00e9 a kontrolovan\u00e9 pohyby pr\u00edslu\u0161enstva, \u010do je nevyhnutn\u00e9 pre \u00falohy, ako je kopanie, zdv\u00edhanie a preprava materi\u00e1lov na stavb\u00e1ch a in\u00e9 n\u00e1ro\u010dn\u00e9 aplik\u00e1cie.<\/p>\n<p><img decoding=\"async\" src=\"https:\/\/www.hydraulic-cylinders.net\/wp-content\/uploads\/2025\/04\/songte-company-1.webp\" alt=\"Valec v\u00fdlo\u017en\u00edka pre bager\" \/><\/p>\n<h2>Vlastnosti valca v\u00fdlo\u017en\u00edka<\/h2>\n<ul>\n<li><strong>Vysok\u00e1 pevnos\u0165 a odolnos\u0165:<\/strong> Tieto valce, ktor\u00e9 s\u00fa zvy\u010dajne vyroben\u00e9 z vysokopevnostnej ocele alebo hlin\u00edka, odol\u00e1vaj\u00fa vysok\u00e9mu tlaku a ve\u013ek\u00e9mu za\u0165a\u017eeniu, v\u010faka \u010domu s\u00fa vhodn\u00e9 do n\u00e1ro\u010dn\u00fdch pracovn\u00fdch podmienok. Ich kon\u0161trukcia zah\u0155\u0148a odolnos\u0165 proti opotrebovaniu a ochranu proti kor\u00f3zii, aby sa pred\u013a\u017eila ich \u017eivotnos\u0165.<\/li>\n<li><strong>Efekt\u00edvna hydraulick\u00e1 prev\u00e1dzka:<\/strong> V\u010faka tlaku hydraulick\u00e9ho oleja pon\u00faka valec v\u00fdlo\u017en\u00edka plynul\u00e9 a citliv\u00e9 vys\u00favanie a zas\u00favanie, \u010d\u00edm poskytuje v\u00fdkonn\u00e9 tla\u010dn\u00e9 a \u0165ahov\u00e9 schopnosti, ktor\u00e9 s\u00fa nevyhnutn\u00e9 pre manipul\u00e1ciu s \u0165a\u017ek\u00fdmi predmetmi a zlo\u017eit\u00e9 \u00falohy.<\/li>\n<li><strong>R\u00f4zne typy:<\/strong> Tieto valce s\u00fa dostupn\u00e9 v jedno\u010dinnom (vyu\u017e\u00edvaj\u00fa hydraulick\u00fd tlak v jednom smere) alebo dvoj\u010dinnom (vyu\u017e\u00edvaj\u00fa tlak v oboch smeroch) preveden\u00ed a dok\u00e1\u017eu splni\u0165 r\u00f4zne prev\u00e1dzkov\u00e9 po\u017eiadavky. Niektor\u00e9 modely s\u00fa teleskopick\u00e9, \u010do umo\u017e\u0148uje v\u00e4\u010d\u0161ie vysunutie bez zv\u00e4\u010d\u0161enia vonkaj\u0161\u00edch rozmerov, ide\u00e1lne pre aplik\u00e1cie s obmedzen\u00fdm priestorom.<\/li>\n<li><strong>Kompatibilita:<\/strong> N\u00e1\u0161 sortiment zah\u0155\u0148a valce, ktor\u00e9 dokonale nahr\u00e1dzaj\u00fa existuj\u00face hydraulick\u00e9 valce v r\u00f4znych strojoch, \u010d\u00edm zabezpe\u010duj\u00fa bezprobl\u00e9mov\u00fa integr\u00e1ciu a v\u00fdkon.<\/li>\n<li><strong>Mo\u017enosti prisp\u00f4sobenia:<\/strong> Vieme poskytn\u00fa\u0165 rie\u0161enia \u0161it\u00e9 na mieru, ktor\u00e9 sp\u013a\u0148aj\u00fa \u0161pecifick\u00e9 potreby klienta a zabezpe\u010duj\u00fa optim\u00e1lny v\u00fdkon a efekt\u00edvnos\u0165.<\/li>\n<\/ul>\n<p><img decoding=\"async\" src=\"https:\/\/www.hydraulic-cylinders.net\/wp-content\/uploads\/2025\/04\/songte-cylinder-head-with-all-kinds-excavator-models.webp\" alt=\"Modely valcov r\u00fdpadiel\" \/><\/p>\n<h2>Aplik\u00e1cie valca v\u00fdlo\u017en\u00edka<\/h2>\n<h3>Stavebn\u00e9 stroje<\/h3>\n<p>V r\u00fdpadl\u00e1ch s\u00fa valce v\u00fdlo\u017en\u00edka nevyhnutn\u00e9 pre kopanie, nakladanie a prepravu zeminy alebo sutiny. Umo\u017e\u0148uj\u00fa obsluhe efekt\u00edvne ovl\u00e1da\u0165 pohyb v\u00fdlo\u017en\u00edka, \u010d\u00edm zabezpe\u010duj\u00fa presn\u00e9 v\u00fdkopov\u00e9 pr\u00e1ce a manipul\u00e1ciu s materi\u00e1lom. V r\u00fdpadlo-naklada\u010doch tieto valce pom\u00e1haj\u00fa pri kopan\u00ed aj zdv\u00edhan\u00ed, v\u010faka \u010domu s\u00fa nevyhnutn\u00e9 pre stavebn\u00e9 projekty.<\/p>\n<h3>Po\u013enohospod\u00e1rske stroje<\/h3>\n<p>V \u010deln\u00fdch naklada\u010doch sa valce v\u00fdlo\u017en\u00edka pou\u017e\u00edvaj\u00fa na naberanie, zdv\u00edhanie a prepravu p\u00f4dy, sena a in\u00fdch materi\u00e1lov. Ich spo\u013eahliv\u00e1 prev\u00e1dzka je nevyhnutn\u00e1 pre po\u013enohospod\u00e1rske \u00falohy, preto\u017ee zabezpe\u010duje produktivitu a efekt\u00edvnos\u0165 po\u013enohospod\u00e1rskych oper\u00e1ci\u00ed.<\/p>\n<h3>\u0164a\u017eba a dob\u00fdvanie<\/h3>\n<p>Pri r\u00fdpadl\u00e1ch umo\u017e\u0148uj\u00fa valce v\u00fdlo\u017en\u00edka efekt\u00edvne prenikanie ly\u017eice do p\u00f4dy, \u010do u\u013eah\u010duje \u0165a\u017ebu miner\u00e1lov alebo in\u00fdch materi\u00e1lov zo zeme. Ich robustn\u00e1 kon\u0161trukcia zaru\u010duje, \u017ee zvl\u00e1dnu n\u00e1ro\u010dn\u00e9 podmienky bansk\u00e9ho prostredia.<\/p>\n<h3>Naklada\u010de<\/h3>\n<p>V \u010deln\u00fdch naklada\u010doch zohr\u00e1vaj\u00fa valce v\u00fdlo\u017en\u00edka k\u013e\u00fa\u010dov\u00fa \u00falohu pri zdv\u00edhan\u00ed a vykladan\u00ed bremien. Ich schopnos\u0165 poskytova\u0165 siln\u00e9 zdv\u00edhacie kapacity zvy\u0161uje efektivitu a zabezpe\u010duje r\u00fdchlu a bezpe\u010dn\u00fa prepravu materi\u00e1lov na stavenisk\u00e1ch.<\/p>\n<h2>\u00davahy o dizajne a krit\u00e9ri\u00e1 v\u00fdberu<\/h2>\n<h3>Nosnos\u0165<\/h3>\n<p>Nosnos\u0165 valca ramena je prvorad\u00e1. Mus\u00ed by\u0165 navrhnut\u00fd tak, aby zvl\u00e1dol maxim\u00e1lnu hmotnos\u0165, s ktorou sa stretne po\u010das prev\u00e1dzky. Valec s nedostato\u010dnou kapacitou m\u00f4\u017ee vies\u0165 k poruch\u00e1m, \u010do m\u00f4\u017ee sp\u00f4sobi\u0165 bezpe\u010dnostn\u00e9 rizik\u00e1 a prev\u00e1dzkov\u00e9 prestoje. In\u017einieri musia vypo\u010d\u00edta\u0165 o\u010dak\u00e1van\u00e9 za\u0165a\u017eenia a vybra\u0165 valce, ktor\u00e9 presahuj\u00fa tieto parametre, aby sa zabezpe\u010dila spo\u013eahlivos\u0165.<\/p>\n<h3>Tesnenie<\/h3>\n<p>\u00da\u010dinn\u00e9 tesnenie je pre hydraulick\u00e9 syst\u00e9my k\u013e\u00fa\u010dov\u00e9. Zvolen\u00e9 tesnenia musia odol\u00e1va\u0165 vysok\u00e9mu tlaku a zabra\u0148ova\u0165 \u00fanikom. Vysokokvalitn\u00e9 tesnenia, ako napr\u00edklad tesnenia vyroben\u00e9 z polyuret\u00e1nu alebo nitrilov\u00e9ho kau\u010duku, odol\u00e1vaj\u00fa opotrebovaniu a \u010dasom si zachov\u00e1vaj\u00fa svoju integritu. Spr\u00e1vne tesnenie zais\u0165uje optim\u00e1lny v\u00fdkon a dlh\u00fa \u017eivotnos\u0165 hydraulick\u00e9ho valca.<\/p>\n<h3>Trvanlivos\u0165<\/h3>\n<p>Pre hydraulick\u00e9 valce pracuj\u00face v n\u00e1ro\u010dn\u00fdch podmienkach je nevyhnutn\u00e1 odolnos\u0165. Materi\u00e1ly pou\u017eit\u00e9 pri v\u00fdrobe musia by\u0165 odoln\u00e9 vo\u010di kor\u00f3zii, oderu a mechanick\u00e9mu opotrebovaniu. Pravideln\u00e9 kontroly integrity materi\u00e1lu pom\u00f4\u017eu pred\u013a\u017ei\u0165 \u017eivotnos\u0165 valca v\u00fdlo\u017en\u00edka a pred\u00eds\u0165 pred\u010dasn\u00fdm poruch\u00e1m.<\/p>\n<h3>Bezpe\u010dnos\u0165<\/h3>\n<p>Bezpe\u010dnos\u0165 by mala by\u0165 pri n\u00e1vrhu hydraulick\u00fdch valcov prvorad\u00fdm h\u013eadiskom. Prvky, ako s\u00fa pretlakov\u00e9 ventily, bezpe\u010dnostn\u00e9 z\u00e1mky a robustn\u00e1 kon\u0161trukcia, pom\u00e1haj\u00fa chr\u00e1ni\u0165 obsluhu a stroje. Zabezpe\u010denie toho, aby valce sp\u013a\u0148ali medzin\u00e1rodn\u00e9 bezpe\u010dnostn\u00e9 normy, je rozhoduj\u00face pre prev\u00e1dzkov\u00fa bezpe\u010dnos\u0165.<\/p>\n<h3>\u00dadr\u017eba<\/h3>\n<p>\u00dadr\u017eba by mala by\u0165 s\u00fa\u010das\u0165ou n\u00e1vrhu. Komponenty by mali by\u0165 pr\u00edstupn\u00e9 pre be\u017en\u00e9 kontroly a opravy. Pravideln\u00e9 protokoly \u00fadr\u017eby zvy\u0161uj\u00fa prev\u00e1dzkov\u00fa \u017eivotnos\u0165 a \u00fa\u010dinnos\u0165 valca v\u00fdlo\u017en\u00edka, \u010d\u00edm sa zni\u017euj\u00fa celkov\u00e9 n\u00e1klady na vlastn\u00edctvo.<\/p>\n<p><img decoding=\"async\" src=\"https:\/\/www.hydraulic-cylinders.net\/wp-content\/uploads\/2025\/04\/songte-oil-pipes-and-spare-parts.webp\" alt=\"Olejov\u00e9 potrubia a n\u00e1hradn\u00e9 diely\" \/><\/p>\n<h2>Tesnenie a mazanie<\/h2>\n<p>Spr\u00e1vne tesnenie a mazanie s\u00fa nevyhnutn\u00e9 pre funk\u010dnos\u0165 hydraulick\u00fdch valcov. Na zabr\u00e1nenie \u00faniku hydraulickej kvapaliny je potrebn\u00e9 pou\u017ei\u0165 r\u00f4zne tesnenia, ako s\u00fa tesnenia piestov a tesnenia ty\u010d\u00ed. V\u00fdber tesnen\u00ed vyroben\u00fdch z materi\u00e1lov odoln\u00fdch vo\u010di opotrebovaniu, ako je polyuret\u00e1n alebo nitrilov\u00fd kau\u010duk, je nevyhnutn\u00fd pre udr\u017eanie v\u00fdkonu. Okrem toho musia by\u0165 teleso valca a z\u00e1vitov\u00e9 konce jemne opracovan\u00e9, aby sa zv\u00fd\u0161ila odolnos\u0165 vo\u010di opotrebovaniu. Pravideln\u00e9 intervaly aplik\u00e1cie hydraulick\u00e9ho oleja na mazanie s\u00fa nevyhnutn\u00e9 na zabezpe\u010denie hladk\u00e9ho chodu a zabr\u00e1nenie po\u0161kodenia sp\u00f4soben\u00e9ho tren\u00edm.<\/p>\n<h2>Pravideln\u00e1 kontrola a opatrenia prevent\u00edvnej \u00fadr\u017eby<\/h2>\n<ul>\n<li><strong>Pravideln\u00e9 kontroly:<\/strong> Vykon\u00e1vajte pl\u00e1novan\u00e9 kontroly, aby ste skontrolovali netesnosti, opotrebovanie a in\u00e9 potenci\u00e1lne probl\u00e9my. V\u010dasn\u00e9 odhalenie m\u00f4\u017ee zabr\u00e1ni\u0165 v\u00e1\u017enemu po\u0161kodeniu a n\u00e1kladn\u00fdm oprav\u00e1m.<\/li>\n<li><strong>Spr\u00e1vne mazanie:<\/strong> Zabezpe\u010dte dostato\u010dn\u00e9 mazanie valcov, aby sa zn\u00ed\u017eilo trenie a opotrebovanie. Pou\u017e\u00edvajte vhodn\u00fd typ hydraulick\u00e9ho oleja odpor\u00fa\u010dan\u00fd v\u00fdrobcom.<\/li>\n<li><strong>V\u00fdmena tesnenia:<\/strong> Pravidelne kontrolujte opotrebovanie tesnen\u00ed a v pr\u00edpade potreby ich vyme\u0148te, aby ste zachovali integritu hydraulick\u00e9ho syst\u00e9mu. T\u00fdm sa zabr\u00e1ni \u00fanikom a poruch\u00e1m syst\u00e9mu.<\/li>\n<\/ul>\n<h2>Pokyny na in\u0161tal\u00e1ciu<\/h2>\n<p>Spr\u00e1vna in\u0161tal\u00e1cia valca ramena je k\u013e\u00fa\u010dov\u00e1 pre optim\u00e1lny v\u00fdkon. Za\u010dnite t\u00fdm, \u017ee sa uist\u00edte, \u017ee mont\u00e1\u017ene povrchy s\u00fa \u010dist\u00e9 a bez ne\u010dist\u00f4t. Zarovnajte valec s upev\u0148ovac\u00edmi bodmi pomocou vhodn\u00fdch mont\u00e1\u017enych konzol na jeho upevnenie. Uistite sa, \u017ee skrutky s\u00fa utiahnut\u00e9 pod\u013ea \u0161pecifik\u00e1ci\u00ed v\u00fdrobcu, aby ste predi\u0161li uvo\u013eneniu po\u010das prev\u00e1dzky. Po in\u0161tal\u00e1cii vykonajte sk\u00fa\u0161obn\u00fa prev\u00e1dzku, aby ste overili, \u010di valec funguje spr\u00e1vne a \u010di nedoch\u00e1dza k \u00fanikom. Pravidelne kontrolujte zarovnanie a zaistite mont\u00e1\u017ene body po\u010das prevent\u00edvnych kontrol \u00fadr\u017eby, aby ste zabezpe\u010dili nepretr\u017eit\u00fd v\u00fdkon.<\/p>\n<h2>Be\u017en\u00e9 \u00falohy \u00fadr\u017eby<\/h2>\n<ul>\n<li><strong>Pravideln\u00e9 kontroly:<\/strong> Pravideln\u00e9 kontroly pom\u00e1haj\u00fa identifikova\u0165 opotrebovanie a potenci\u00e1lne probl\u00e9my sk\u00f4r, ako sa zhor\u0161ia, \u010d\u00edm sa zabezpe\u010d\u00ed hladk\u00fd a efekt\u00edvny chod valca.<\/li>\n<li><strong>Vhodn\u00e9 mazanie:<\/strong> Pravidelne pou\u017e\u00edvajte odpor\u00fa\u010dan\u00fd hydraulick\u00fd olej, aby ste zabezpe\u010dili hladk\u00fd chod a zn\u00ed\u017eili opotrebovanie vn\u00fatorn\u00fdch komponentov.<\/li>\n<li><strong>V\u00fdmena tesnenia:<\/strong> Sledujte opotrebovanie tesnen\u00ed a v\u010das ich vyme\u0148te, aby ste predi\u0161li \u00fanikom a udr\u017eali hydraulick\u00fd tlak.<\/li>\n<\/ul>\n<p>Spr\u00e1vna in\u0161tal\u00e1cia, mazanie a nastavenie s\u00fa nevyhnutn\u00e9. Po\u010das in\u0161tal\u00e1cie sa uistite, \u017ee je valec spr\u00e1vne zarovnan\u00fd. Na \u00fa\u010dinn\u00e9 upevnenie valca pou\u017eite vhodn\u00e9 mont\u00e1\u017ene konzoly. Dodr\u017eiavajte odpor\u00fa\u010dan\u00e9 postupy kontroly, opravy a v\u00fdmeny, aby sa zabezpe\u010dilo optim\u00e1lne fungovanie syst\u00e9mu. Poskytnutie alternat\u00edv k v\u00fdmene dielov a repasovan\u00fdm slu\u017eb\u00e1m m\u00f4\u017ee pred\u013a\u017ei\u0165 \u017eivotnos\u0165 valca ramena.<\/p>\n<p><img decoding=\"async\" src=\"https:\/\/www.hydraulic-cylinders.net\/wp-content\/uploads\/2025\/04\/songte-chushion-collar.webp\" alt=\"Vank\u00fa\u0161ov\u00fd golier\" \/><\/p>\n<h2>Bezpe\u010dnostn\u00e9 aspekty a faktory prostredia<\/h2>\n<p>Pri pou\u017e\u00edvan\u00ed hydraulick\u00fdch valcov s\u00fa bezpe\u010dnostn\u00e9 opatrenia prvorad\u00e9. Obsluha by mala by\u0165 vy\u0161kolen\u00e1 v rozpozn\u00e1van\u00ed riz\u00edk spojen\u00fdch s hydraulick\u00fdmi syst\u00e9mami. Pravideln\u00e9 bezpe\u010dnostn\u00e9 kontroly a dodr\u017eiavanie bezpe\u010dnostn\u00fdch predpisov pom\u00e1haj\u00fa minimalizova\u0165 rizik\u00e1 na pracovisku. Okrem toho m\u00f4\u017eu environment\u00e1lne faktory, ako s\u00fa \u00faniky kvapal\u00edn, po\u0161kodi\u0165 okolit\u00e9 ekosyst\u00e9my, a preto je nevyhnutn\u00e9 pou\u017e\u00edva\u0165 ekologick\u00e9 hydraulick\u00e9 kvapaliny a zav\u00e1dza\u0165 opatrenia na zabr\u00e1nenie \u00faniku.<\/p>\n<h2>Diagnostika por\u00fach a be\u017en\u00e9 probl\u00e9my<\/h2>\n<ul>\n<li><strong>\u00danik:<\/strong> V hydraulick\u00fdch syst\u00e9moch je be\u017en\u00e9, \u017ee \u00faniky m\u00f4\u017eu vznika\u0165 v d\u00f4sledku opotrebovan\u00fdch tesnen\u00ed alebo nespr\u00e1vnej in\u0161tal\u00e1cie. Pravideln\u00e9 kontroly m\u00f4\u017eu pom\u00f4c\u0165 v\u010das odhali\u0165 \u00faniky.<\/li>\n<li><strong>Zn\u00ed\u017een\u00fd v\u00fdkon:<\/strong> Ak valec v\u00fdlo\u017en\u00edka nereaguje dostato\u010dne, m\u00f4\u017ee to znamena\u0165 probl\u00e9m s hladinou kvapal\u00edn, tesneniami alebo samotn\u00fdm hydraulick\u00fdm syst\u00e9mom.<\/li>\n<li><strong>Hluk:<\/strong> Nezvy\u010dajn\u00e9 zvuky po\u010das prev\u00e1dzky m\u00f4\u017eu signalizova\u0165 vn\u00fatorn\u00e9 po\u0161kodenie alebo nedostatok mazania. Tieto probl\u00e9my okam\u017eite rie\u0161te, aby ste predi\u0161li \u010fal\u0161\u00edm probl\u00e9mom.<\/li>\n<\/ul>\n<p>Tipy na rie\u0161enie probl\u00e9mov zah\u0155\u0148aj\u00fa kontrolu hladiny kvapal\u00edn, kontrolu tesnen\u00ed a zabezpe\u010denie spr\u00e1vnej kalibr\u00e1cie syst\u00e9mu. Prevent\u00edvne opatrenia, ako je pravideln\u00e1 \u00fadr\u017eba a kontroly, s\u00fa nevyhnutn\u00e9 na minimaliz\u00e1ciu potenci\u00e1lnych probl\u00e9mov a zabezpe\u010denie efekt\u00edvneho fungovania valca ramena.<\/p>\n<p><img decoding=\"async\" src=\"https:\/\/www.hydraulic-cylinders.net\/wp-content\/uploads\/2025\/04\/songte-bushings-with-all-kinds-of-excavator-models.webp\" alt=\"Puzdr\u00e1 s modelmi bagrov\" \/><\/p>\n<h2>O na\u0161ej spolo\u010dnosti<\/h2>\n<p>Sme popredn\u00fdm v\u00fdrobcom n\u00e1hradn\u00fdch hydraulick\u00fdch valcov a pon\u00fakame komplexn\u00fd sortiment produktov, ktor\u00e9 sp\u013a\u0148aj\u00fa rozmanit\u00e9 po\u017eiadavky trhu. N\u00e1\u0161 z\u00e1v\u00e4zok k excelentnosti v kvalite je podporen\u00fd prepracovanou v\u00fdrobnou strat\u00e9giou, ktor\u00e1 vyu\u017e\u00edva pokro\u010dil\u00e9 digit\u00e1lne zariadenia a profesion\u00e1lne testovacie syst\u00e9my. Na\u0161i kvalifikovan\u00ed pracovn\u00edci neust\u00e1le zlep\u0161uj\u00fa na\u0161e v\u00fdrobn\u00e9 kapacity, \u010d\u00edm zabezpe\u010duj\u00fa vysok\u00fa efektivitu, presnos\u0165 a kvalitu, aby sme splnili r\u00f4zne potreby z\u00e1kazn\u00edkov.<\/p>\n<p>Na\u0161u \u0161pecializ\u00e1ciu podporuj\u00fa medzin\u00e1rodn\u00e9 certifik\u00e1cie, ktor\u00e9 zaru\u010duj\u00fa, \u017ee na\u0161e produkty sp\u013a\u0148aj\u00fa glob\u00e1lne \u0161tandardy. Poskytujeme z\u00e1kazkov\u00e9 slu\u017eby prisp\u00f4soben\u00e9 individu\u00e1lnym po\u017eiadavk\u00e1m a zabezpe\u010dujeme optim\u00e1lne rie\u0161enia pre na\u0161ich klientov. Na\u0161e v\u00fdrobn\u00e9 zariadenia s\u00fa najmodernej\u0161ie a navrhnut\u00e9 tak, aby r\u00fdchlo a spo\u013eahlivo dod\u00e1vali vysokokvalitn\u00e9 produkty. V\u010faka \u0161pecializovanej popredajnej podpore zabezpe\u010dujeme spokojnos\u0165 z\u00e1kazn\u00edkov a dlhodob\u00e9 partnerstv\u00e1.<\/p>\n<p><img decoding=\"async\" src=\"https:\/\/www.hydraulic-cylinders.net\/wp-content\/uploads\/2025\/04\/songte-company-4.webp\" alt=\"Preh\u013ead spolo\u010dnosti\" \/><br \/>\n<img decoding=\"async\" src=\"https:\/\/www.hydraulic-cylinders.net\/wp-content\/uploads\/2025\/04\/songte-company-3.webp\" alt=\"Zariadenia spolo\u010dnosti\" \/><\/p>\n<p>Autor: lyl<\/p>","protected":false},"excerpt":{"rendered":"<p>Boom Cylinder For Liugong Middle Excavator CLG225C Product Overview The Boom Cylinder for Liugong Middle Excavator CLG225C is a specialized hydraulic cylinder designed to control the movement of the boom in various heavy machinery, such as excavators, backhoe loaders, and front loaders. These cylinders are crucial components in hydraulic systems, enabling the boom to lift, [&hellip;]<\/p>","protected":false},"featured_media":17876,"comment_status":"open","ping_status":"closed","template":"","meta":{"_et_pb_use_builder":"","_et_pb_old_content":"","_et_gb_content_width":""},"product_brand":[],"product_cat":[1546],"product_tag":[1547,1496],"class_list":{"0":"post-19296","1":"product","2":"type-product","3":"status-publish","4":"has-post-thumbnail","6":"product_cat-boom-cylinders","7":"product_tag-boom-cylinders","8":"product_tag-hydraulic-cylinders","10":"first","11":"instock","12":"shipping-taxable","13":"product-type-simple"},"amp_enabled":true,"_links":{"self":[{"href":"https:\/\/www.hydraulic-cylinders.net\/sk\/wp-json\/wp\/v2\/product\/19296","targetHints":{"allow":["GET"]}}],"collection":[{"href":"https:\/\/www.hydraulic-cylinders.net\/sk\/wp-json\/wp\/v2\/product"}],"about":[{"href":"https:\/\/www.hydraulic-cylinders.net\/sk\/wp-json\/wp\/v2\/types\/product"}],"replies":[{"embeddable":true,"href":"https:\/\/www.hydraulic-cylinders.net\/sk\/wp-json\/wp\/v2\/comments?post=19296"}],"wp:featuredmedia":[{"embeddable":true,"href":"https:\/\/www.hydraulic-cylinders.net\/sk\/wp-json\/wp\/v2\/media\/17876"}],"wp:attachment":[{"href":"https:\/\/www.hydraulic-cylinders.net\/sk\/wp-json\/wp\/v2\/media?parent=19296"}],"wp:term":[{"taxonomy":"product_brand","embeddable":true,"href":"https:\/\/www.hydraulic-cylinders.net\/sk\/wp-json\/wp\/v2\/product_brand?post=19296"},{"taxonomy":"product_cat","embeddable":true,"href":"https:\/\/www.hydraulic-cylinders.net\/sk\/wp-json\/wp\/v2\/product_cat?post=19296"},{"taxonomy":"product_tag","embeddable":true,"href":"https:\/\/www.hydraulic-cylinders.net\/sk\/wp-json\/wp\/v2\/product_tag?post=19296"}],"curies":[{"name":"pracovn\u00fd list","href":"https:\/\/api.w.org\/{rel}","templated":true}]}}