{"id":19314,"date":"2025-04-07T06:26:33","date_gmt":"2025-04-07T06:26:33","guid":{"rendered":"https:\/\/www.hydraulic-cylinders.net\/product\/boom-cylinder-for-xgma-middle-excavator-xg820\/"},"modified":"2025-04-07T06:26:36","modified_gmt":"2025-04-07T06:26:36","slug":"boom-cylinder-for-xgma-middle-excavator-xg820","status":"publish","type":"product","link":"https:\/\/www.hydraulic-cylinders.net\/sk\/produkt\/boom-cylinder-for-xgma-middle-excavator-xg820\/","title":{"rendered":"Valec v\u00fdlo\u017en\u00edka pre stredn\u00fd bager XGMA XG820"},"content":{"rendered":"<h1>Valec v\u00fdlo\u017en\u00edka pre stredn\u00fd bager XGMA XG820<\/h1>\n<h2>Preh\u013ead produktu<\/h2>\n<p>Hydraulick\u00fd valec v\u00fdlo\u017en\u00edka pre stredn\u00fd bager XGMA XG820 je z\u00e1kladn\u00fd hydraulick\u00fd komponent ur\u010den\u00fd na ovl\u00e1danie pohybu v\u00fdlo\u017en\u00edkov bagra. Zohr\u00e1va k\u013e\u00fa\u010dov\u00fa \u00falohu v hydraulickom syst\u00e9me, ktor\u00fd umo\u017e\u0148uje presn\u00e9 zdv\u00edhanie, sp\u00fa\u0161\u0165anie a nakl\u00e1\u0148anie ly\u017eice bagra. T\u00e1to v\u0161estrannos\u0165 je nevyhnutn\u00e1 pre r\u00f4zne \u00falohy manipul\u00e1cie s materi\u00e1lom na stavenisk\u00e1ch a in\u00fdch \u0165a\u017ek\u00fdch prev\u00e1dzkach.<\/p>\n<p><img decoding=\"async\" src=\"https:\/\/www.hydraulic-cylinders.net\/wp-content\/uploads\/2025\/04\/songte-company-1.webp\" alt=\"Valec v\u00fdlo\u017en\u00edka pre stredn\u00fd bager XGMA XG820\"><\/p>\n<h3>Defin\u00edcia a funk\u010dnos\u0165<\/h3>\n<p>Hydraulick\u00e9 valce v\u00fdlo\u017en\u00edka s\u00fa \u0161peci\u00e1lne navrhnut\u00e9 pre \u0165a\u017ek\u00e9 stroje, ako s\u00fa bagre, r\u00fdpadl\u00e1-naklada\u010de a \u010deln\u00e9 naklada\u010de. Tieto valce umo\u017e\u0148uj\u00fa vys\u00favanie a zas\u00favanie v\u00fdlo\u017en\u00edka, \u010do u\u013eah\u010duje pohyb ly\u017eice na efekt\u00edvne kopanie, zdv\u00edhanie a prepravu materi\u00e1lov. Tlak hydraulick\u00e9ho syst\u00e9mu sa vyu\u017e\u00edva na dosiahnutie plynul\u00fdch a kontrolovan\u00fdch pohybov, \u010do zabezpe\u010duje, \u017ee obsluha dok\u00e1\u017ee \u013eahko manipulova\u0165 s \u0165a\u017ek\u00fdmi bremenami.<\/p>\n<h2>K\u013e\u00fa\u010dov\u00e9 vlastnosti valca v\u00fdlo\u017en\u00edka<\/h2>\n<ul>\n<li><strong>Vysok\u00e1 pevnos\u0165 a odolnos\u0165:<\/strong> Tieto valce s\u00fa vyroben\u00e9 z vysokopevnostnej ocele alebo hlin\u00edka, tak\u017ee odol\u00e1vaj\u00fa vysok\u00e9mu tlaku a \u0165a\u017ek\u00e9mu za\u0165a\u017eeniu, v\u010faka \u010domu s\u00fa vhodn\u00e9 do n\u00e1ro\u010dn\u00fdch pracovn\u00fdch prostred\u00ed. Kon\u0161trukcia zah\u0155\u0148a odolnos\u0165 vo\u010di opotrebovaniu a kor\u00f3zii, \u010d\u00edm sa predl\u017euje \u017eivotnos\u0165.<\/li>\n<li><strong>Efekt\u00edvna hydraulick\u00e1 prev\u00e1dzka:<\/strong> Valec v\u00fdlo\u017en\u00edka pracuje s vyu\u017eit\u00edm hydraulick\u00e9ho tlaku oleja, \u010do umo\u017e\u0148uje plynul\u00e9 vys\u00favanie a zas\u00favanie. T\u00e1to r\u00fdchla reakcia na ovl\u00e1dacie povely poskytuje v\u00fdkonn\u00e9 tla\u010dn\u00e9 a \u0165ahov\u00e9 schopnosti, ide\u00e1lne pre \u0165a\u017ek\u00e9 a zlo\u017eit\u00e9 \u00falohy.<\/li>\n<li><strong>R\u00f4zne typy:<\/strong> V z\u00e1vislosti od prev\u00e1dzkov\u00fdch potrieb pon\u00fakame jedno\u010dinn\u00e9 (hydraulick\u00fd \u00fa\u010dinok v jednom smere) alebo dvoj\u010dinn\u00e9 (hydraulick\u00fd \u00fa\u010dinok v oboch smeroch) valce, pri\u010dom niektor\u00e9 modely maj\u00fa teleskopick\u00fa kon\u0161trukciu pre v\u00e4\u010d\u0161ie vysunutie bez zv\u00e4\u010d\u0161enia vonkaj\u0161\u00edch rozmerov, \u010do je ide\u00e1lne pre aplik\u00e1cie s obmedzen\u00fdm priestorom.<\/li>\n<\/ul>\n<h3>Na\u0161e v\u00fdrobn\u00e9 kapacity<\/h3>\n<p>Tieto valce v\u00fdlo\u017en\u00edka vyr\u00e1bame s presnos\u0165ou, aby dokonale nahradili existuj\u00face hydraulick\u00e9 valce v r\u00f4znych typoch strojov.<\/p>\n<p><img decoding=\"async\" src=\"https:\/\/www.hydraulic-cylinders.net\/wp-content\/uploads\/2025\/04\/songte-cylinder-head-with-all-kinds-excavator-models.webp\" alt=\"Modely r\u00fdpadiel s valcom v\u00fdlo\u017en\u00edka\"><\/p>\n<h2>Aplik\u00e1cie valca v\u00fdlo\u017en\u00edka<\/h2>\n<h3>Stavebn\u00e9 stroje<\/h3>\n<p>V r\u00fdpadl\u00e1ch s\u00fa valce v\u00fdlo\u017en\u00edka k\u013e\u00fa\u010dov\u00e9 pre kopanie, nakladanie a premiest\u0148ovanie zeminy alebo sutiny. Umo\u017e\u0148uj\u00fa efekt\u00edvne prenikanie do zeme, \u010do u\u013eah\u010duje v\u00fdkopov\u00e9 pr\u00e1ce a zvy\u0161uje produktivitu.<\/p>\n<h3>Po\u013enohospod\u00e1rske stroje<\/h3>\n<p>V \u010deln\u00fdch naklada\u010doch sa valce v\u00fdlo\u017en\u00edka pou\u017e\u00edvaj\u00fa na naberanie, zdv\u00edhanie a prepravu p\u00f4dy, sena a in\u00fdch materi\u00e1lov. Ich hydraulick\u00e9 schopnosti umo\u017e\u0148uj\u00fa po\u013enohospod\u00e1rom vykon\u00e1va\u0165 \u00falohy r\u00fdchlo a efekt\u00edvne, \u010d\u00edm sa zlep\u0161uje celkov\u00e1 produktivita farmy.<\/p>\n<h3>R\u00fdpadl\u00e1<\/h3>\n<p>Valec v\u00fdlo\u017en\u00edka umo\u017e\u0148uje ly\u017eici efekt\u00edvne prenika\u0165 do zeme, \u010do u\u013eah\u010duje zvl\u00e1dnutie v\u00fdkopov\u00fdch \u00faloh. T\u00e1to funkcia je nevyhnutn\u00e1 pre stavebn\u00e9 a bansk\u00e9 projekty, kde sa vy\u017eaduje presn\u00e9 kopanie.<\/p>\n<h3>Naklada\u010de<\/h3>\n<p>V \u010deln\u00fdch naklada\u010doch pom\u00e1haj\u00fa valce v\u00fdlo\u017en\u00edka efekt\u00edvne zdv\u00edha\u0165 a vyklada\u0165 bremena. Ich kon\u0161trukcia zais\u0165uje optim\u00e1lne vynalo\u017eenie sily, \u010d\u00edm sa zni\u017euje \u00fasilie potrebn\u00e9 na obsluhu a zvy\u0161uje sa prev\u00e1dzkov\u00e1 efektivita.<\/p>\n<h2>\u00davahy o dizajne a krit\u00e9ri\u00e1 v\u00fdberu<\/h2>\n<h3>Nosnos\u0165<\/h3>\n<p>V\u00fdber valca v\u00fdlo\u017en\u00edka si vy\u017eaduje pochopenie jeho nosnosti. Je nevyhnutn\u00e9 vybra\u0165 valec, ktor\u00fd unesie maxim\u00e1lnu hmotnos\u0165, ktorej bude \u010deli\u0165 po\u010das prev\u00e1dzky. Pre\u0165a\u017eenie m\u00f4\u017ee vies\u0165 k poruche valca alebo po\u0161kodeniu r\u00fdpadla.<\/p>\n<h3>Tesnenie<\/h3>\n<p>\u00da\u010dinn\u00e9 tesnenie je k\u013e\u00fa\u010dov\u00e9 pre zabr\u00e1nenie \u00faniku hydraulickej kvapaliny. Vysokokvalitn\u00e9 tesnenia zabezpe\u010duj\u00fa udr\u017eiavanie hydraulick\u00e9ho tlaku, \u010do prispieva k \u00fa\u010dinnosti a dlhej \u017eivotnosti valca v\u00fdlo\u017en\u00edka. Pravideln\u00e9 kontroly opotrebovania tesnen\u00ed m\u00f4\u017eu zabr\u00e1ni\u0165 n\u00e1kladn\u00fdm oprav\u00e1m.<\/p>\n<h3>Trvanlivos\u0165<\/h3>\n<p>Trvanlivos\u0165 je k\u013e\u00fa\u010dov\u00fdm faktorom v stavebnom prostred\u00ed. V\u00fdber valcov v\u00fdlo\u017en\u00edka vyroben\u00fdch z odoln\u00fdch materi\u00e1lov s povlakmi odoln\u00fdmi proti kor\u00f3zii a opotrebovaniu m\u00f4\u017ee v\u00fdrazne pred\u013a\u017ei\u0165 prev\u00e1dzkov\u00fa \u017eivotnos\u0165 zariadenia.<\/p>\n<h3>Bezpe\u010dnos\u0165<\/h3>\n<p>Bezpe\u010dnostn\u00e9 prvky, ako s\u00fa pretlakov\u00e9 ventily a bezpe\u010dnostn\u00e9 z\u00e1mky, s\u00fa nevyhnutn\u00e9 na predch\u00e1dzanie nehod\u00e1m po\u010das prev\u00e1dzky. Tieto prvky chr\u00e1nia obsluhu aj strojov\u00e9 zariadenie a zabezpe\u010duj\u00fa bezpe\u010dn\u00fd a spo\u013eahliv\u00fd v\u00fdkon.<\/p>\n<h3>\u00dadr\u017eba<\/h3>\n<p>\u010eal\u0161\u00edm aspektom, ktor\u00fd treba zv\u00e1\u017ei\u0165, je jednoduch\u00e1 \u00fadr\u017eba. Valce v\u00fdlo\u017en\u00edka navrhnut\u00e9 pre r\u00fdchly pr\u00edstup ku komponentom na kontrolu a opravu pom\u00e1haj\u00fa minimalizova\u0165 prestoje a zabezpe\u010duj\u00fa plynul\u00fd chod prev\u00e1dzky.<\/p>\n<p><img decoding=\"async\" src=\"https:\/\/www.hydraulic-cylinders.net\/wp-content\/uploads\/2025\/04\/songte-oil-pipes-and-spare-parts.webp\" alt=\"Olejov\u00e9 potrubia a n\u00e1hradn\u00e9 diely\"><\/p>\n<h2>Tesnenie a mazanie<\/h2>\n<p>Pre zachovanie integrity a funk\u010dnosti valcov v\u00fdlo\u017en\u00edka je nevyhnutn\u00e9 spr\u00e1vne utesnenie a mazanie. R\u00f4zne tesnenia, ako s\u00fa piestne tesnenia a tesnenia ty\u010d\u00ed, s\u00fa vyroben\u00e9 z odoln\u00fdch materi\u00e1lov, ako je polyuret\u00e1n a nitrilov\u00fd kau\u010duk, \u010do zais\u0165uje odolnos\u0165 vo\u010di opotrebovaniu. Okrem toho teleso valca a z\u00e1vitov\u00e9 povrchy prech\u00e1dzaj\u00fa jemn\u00fdm opracovan\u00edm, \u010do zvy\u0161uje ich odolnos\u0165. Pravideln\u00e9 mazanie vhodn\u00fdm hydraulick\u00fdm olejom je nevyhnutn\u00e9 na zn\u00ed\u017eenie trenia a opotrebenia, \u010d\u00edm sa zabezpe\u010d\u00ed dlhotrvaj\u00faci v\u00fdkon.<\/p>\n<h2>Pravideln\u00e9 kontroly a prevent\u00edvna \u00fadr\u017eba<\/h2>\n<ul>\n<li><strong>Rutinn\u00e1 kontrola:<\/strong> Pravidelne kontrolujte valec, \u010di nevykazuje zn\u00e1mky opotrebovania, netesnost\u00ed alebo po\u0161kodenia. Tento proakt\u00edvny pr\u00edstup pom\u00e1ha identifikova\u0165 probl\u00e9my sk\u00f4r, ako sa stup\u0148ovaj\u00fa, \u010d\u00edm sa minimalizuj\u00fa neo\u010dak\u00e1van\u00e9 prestoje.<\/li>\n<li><strong>Mazanie:<\/strong> Zabezpe\u010dte dop\u013a\u0148anie a v\u00fdmenu hydraulick\u00e9ho oleja pod\u013ea potreby, aby sa udr\u017eal optim\u00e1lny v\u00fdkon a zabr\u00e1nilo sa vn\u00fatorn\u00e9mu opotrebovaniu.<\/li>\n<li><strong>V\u00fdmena tesnenia:<\/strong> Sledujte opotrebovanie tesnen\u00ed a pod\u013ea potreby ich vyme\u0148te, aby ste predi\u0161li \u00fanikom a udr\u017eali hydraulick\u00fd tlak.<\/li>\n<\/ul>\n<h2>Pokyny na in\u0161tal\u00e1ciu<\/h2>\n<p>Spr\u00e1vna in\u0161tal\u00e1cia valca v\u00fdlo\u017en\u00edka je k\u013e\u00fa\u010dov\u00e1 pre jeho v\u00fdkon a dlh\u00fa \u017eivotnos\u0165. Za\u010dnite t\u00fdm, \u017ee sa uist\u00edte, \u017ee v\u0161etky komponenty s\u00fa \u010dist\u00e9 a bez ne\u010dist\u00f4t. Valec presne zarovnajte s mont\u00e1\u017enymi bodmi pomocou vhodn\u00fdch mont\u00e1\u017enych konzol na jeho upevnenie. Utiahnite v\u0161etky upev\u0148ovacie prvky pod\u013ea \u0161pecifik\u00e1ci\u00ed v\u00fdrobcu a vyhnite sa nadmern\u00e9mu utiahnutiu, aby ste predi\u0161li po\u0161kodeniu. Po in\u0161tal\u00e1cii skontrolujte spr\u00e1vny pohyb a zarovnanie pred uveden\u00edm zariadenia do prev\u00e1dzky. Pravidelne kontrolujte valec, \u010di nevykazuje zn\u00e1mky nespr\u00e1vneho zarovnania alebo abnorm\u00e1lnej prev\u00e1dzky.<\/p>\n<h2>Be\u017en\u00e9 \u00falohy \u00fadr\u017eby<\/h2>\n<ul>\n<li><strong>Pravideln\u00e9 kontroly:<\/strong> \u010cast\u00e9 kontroly pom\u00e1haj\u00fa v\u010das odhali\u0165 ak\u00e9ko\u013evek potenci\u00e1lne probl\u00e9my, \u010d\u00edm sa zabezpe\u010d\u00ed, \u017ee valec v\u00fdlo\u017en\u00edka zostane v optim\u00e1lnom stave a z\u00e1rove\u0148 sa zn\u00ed\u017ei riziko poruchy po\u010das prev\u00e1dzky.<\/li>\n<li><strong>Spr\u00e1vne mazanie:<\/strong> Dostato\u010dn\u00e9 mazanie je k\u013e\u00fa\u010dov\u00e9 pre udr\u017eanie \u00fa\u010dinnosti hydraulickej kvapaliny a zabr\u00e1nenie kontaktu kovu s kovom, \u010do m\u00f4\u017ee vies\u0165 k opotrebovaniu a poruche.<\/li>\n<li><strong>V\u00fdmena tesnenia:<\/strong> Pravidelne kontrolujte opotrebovanie tesnen\u00ed a vyme\u0148te ich, aby ste udr\u017eali hydraulick\u00fd tlak a predi\u0161li \u00fanikom.<\/li>\n<\/ul>\n<h2>Bezpe\u010dnostn\u00e9 aspekty a faktory prostredia<\/h2>\n<p>Pri pou\u017e\u00edvan\u00ed hydraulick\u00fdch syst\u00e9mov s\u00fa bezpe\u010dnostn\u00e9 opatrenia prvorad\u00e9. Obsluha by mala by\u0165 vy\u0161kolen\u00e1 v spr\u00e1vnej manipul\u00e1cii a prev\u00e1dzkov\u00fdch postupoch s valcami v\u00fdlo\u017en\u00edka, aby sa predi\u0161lo nehod\u00e1m. Okrem toho zohr\u00e1vaj\u00fa v\u00fdznamn\u00fa \u00falohu pri udr\u017eiavan\u00ed bezpe\u010dnosti a dodr\u017eiavan\u00ed environment\u00e1lnych predpisov environment\u00e1lne aspekty, ako je zabezpe\u010denie spr\u00e1vnej likvid\u00e1cie hydraulick\u00fdch kvapal\u00edn a minimaliz\u00e1cia \u00fanikov.<\/p>\n<h2>Diagnostika por\u00fach a be\u017en\u00e9 probl\u00e9my<\/h2>\n<ul>\n<li><strong>\u00danik:<\/strong> Ak z valca unik\u00e1 kvapalina, m\u00f4\u017ee to znamena\u0165 zlyhanie alebo po\u0161kodenie tesnenia. Skontrolujte tesnenia a v pr\u00edpade potreby ich vyme\u0148te.<\/li>\n<li><strong>Zn\u00ed\u017een\u00fd v\u00fdkon:<\/strong> Ak valec nereaguje dostato\u010dne, skontrolujte hladinu hydraulickej kvapaliny alebo \u010di sa v syst\u00e9me nenach\u00e1dza vzduch, \u010do m\u00f4\u017ee ovplyvni\u0165 v\u00fdkon.<\/li>\n<li><strong>Nezvy\u010dajn\u00e9 zvuky:<\/strong> Ak\u00e9ko\u013evek \u0161kr\u00edpanie alebo nezvy\u010dajn\u00e9 zvuky po\u010das prev\u00e1dzky m\u00f4\u017eu nazna\u010dova\u0165 vn\u00fatorn\u00e9 po\u0161kodenie alebo potrebu mazania. Okam\u017eite skontrolujte, aby ste predi\u0161li \u010fal\u0161iemu po\u0161kodeniu.<\/li>\n<\/ul>\n<h2>Tipy na rie\u0161enie probl\u00e9mov<\/h2>\n<p>Pri diagnostikovan\u00ed probl\u00e9mov s valcom ramena za\u010dnite kontrolou zn\u00e1mok \u00faniku alebo abnorm\u00e1lnej prev\u00e1dzky. Uistite sa, \u017ee v\u0161etky hydraulick\u00e9 pripojenia s\u00fa bezpe\u010dn\u00e9 a \u017ee hladiny kvapal\u00edn s\u00fa dostato\u010dn\u00e9. Ak probl\u00e9my pretrv\u00e1vaj\u00fa, pozrite si \u0161pecifik\u00e1cie v\u00fdrobcu, kde n\u00e1jdete \u010fal\u0161ie kroky na rie\u0161enie probl\u00e9mov. Prevent\u00edvne opatrenia, ako je pravideln\u00e1 \u00fadr\u017eba a dodr\u017eiavanie prev\u00e1dzkov\u00fdch pokynov, m\u00f4\u017eu minimalizova\u0165 potenci\u00e1lne probl\u00e9my a pred\u013a\u017ei\u0165 \u017eivotnos\u0165 valca ramena.<\/p>\n<p><img decoding=\"async\" src=\"https:\/\/www.hydraulic-cylinders.net\/wp-content\/uploads\/2025\/04\/songte-bushings-with-all-kinds-of-excavator-models.webp\" alt=\"Puzdr\u00e1 pre modely r\u00fdpadiel\"><\/p>\n<h2>O na\u0161ej spolo\u010dnosti<\/h2>\n<p>Sme popredn\u00fdm v\u00fdrobcom a ve\u013ekoobchodn\u00fdm distrib\u00fatorom hydraulick\u00fdch valcov, \u0161pecializuj\u00facim sa na vysoko kvalitn\u00e9 alternat\u00edvy pre r\u00f4zne stroje. N\u00e1\u0161 rozsiahly sortiment produktov n\u00e1s etabloval ako d\u00f4veryhodn\u00e9 meno na dom\u00e1com aj medzin\u00e1rodnom trhu. Dodr\u017eiavame vynikaj\u00facu kvalitu, vyu\u017e\u00edvame presn\u00e9 v\u00fdrobn\u00e9 strat\u00e9gie podporen\u00e9 technick\u00fdmi odborn\u00fdmi znalos\u0165ami, modern\u00fdm vybaven\u00edm a pr\u00edsnym syst\u00e9mom kontroly kvality. N\u00e1\u0161 z\u00e1v\u00e4zok k inov\u00e1ci\u00e1m a efekt\u00edvnosti n\u00e1m umo\u017e\u0148uje uspokojova\u0165 rozmanit\u00e9 potreby z\u00e1kazn\u00edkov a z\u00e1rove\u0148 zabezpe\u010dova\u0165 najvy\u0161\u0161ie \u0161tandardy v\u00fdkonu.<\/p>\n<h3>Na\u0161e odborn\u00e9 znalosti a slu\u017eby<\/h3>\n<ul>\n<li><strong>Profesionalita:<\/strong> N\u00e1\u0161 t\u00edm sa sklad\u00e1 z kvalifikovan\u00fdch odborn\u00edkov, ktor\u00ed sa venuj\u00fa poskytovaniu \u0161pi\u010dkov\u00fdch produktov a slu\u017eieb.<\/li>\n<li><strong>Medzin\u00e1rodn\u00e9 certifik\u00e1cie:<\/strong> Vlastn\u00edme r\u00f4zne medzin\u00e1rodn\u00e9 certifik\u00e1ty, ktor\u00e9 zabezpe\u010duj\u00fa s\u00falad s glob\u00e1lnymi v\u00fdrobn\u00fdmi \u0161tandardmi.<\/li>\n<li><strong>Z\u00e1kazn\u00edcke slu\u017eby:<\/strong> Pon\u00fakame mo\u017enosti prisp\u00f4sobenia, aby sme splnili \u0161pecifick\u00e9 po\u017eiadavky klienta a vylep\u0161ili tak celkov\u00fa funk\u010dnos\u0165 na\u0161ich produktov.<\/li>\n<li><strong>Najmodernej\u0161ie v\u00fdrobn\u00e9 zariadenia:<\/strong> Na\u0161e modern\u00e9 v\u00fdrobn\u00e9 zariadenia n\u00e1m umo\u017e\u0148uj\u00fa udr\u017eiava\u0165 vysok\u00fa presnos\u0165 a efekt\u00edvnos\u0165 vo v\u00fdrobe.<\/li>\n<li><strong>Popredajn\u00e1 podpora:<\/strong> Poskytujeme vynikaj\u00faci popredajn\u00fd servis, zabezpe\u010dujeme spokojnos\u0165 z\u00e1kazn\u00edkov a podporu v pr\u00edpade ak\u00fdchko\u013evek ot\u00e1zok alebo probl\u00e9mov.<\/li>\n<\/ul>\n<p><img decoding=\"async\" src=\"https:\/\/www.hydraulic-cylinders.net\/wp-content\/uploads\/2025\/04\/songte-company-4.webp\" alt=\"Preh\u013ead spolo\u010dnosti\"><br \/>\n<img decoding=\"async\" src=\"https:\/\/www.hydraulic-cylinders.net\/wp-content\/uploads\/2025\/04\/songte-company-3.webp\" alt=\"Zariadenia spolo\u010dnosti\"><\/p>\n<p>Autor: lyl<\/p>","protected":false},"excerpt":{"rendered":"<p>Boom Cylinder For XGMA Middle Excavator XG820 Product Overview The Boom Cylinder for the XGMA Middle Excavator XG820 is an essential hydraulic component designed to control the movement of excavator booms. It plays a crucial role in the hydraulic system, allowing for the precise lifting, lowering, and tilting of the excavator&#8217;s bucket. This versatility is [&hellip;]<\/p>","protected":false},"featured_media":17879,"comment_status":"open","ping_status":"closed","template":"","meta":{"_et_pb_use_builder":"","_et_pb_old_content":"","_et_gb_content_width":""},"product_brand":[],"product_cat":[1546],"product_tag":[1547,1496],"class_list":{"0":"post-19314","1":"product","2":"type-product","3":"status-publish","4":"has-post-thumbnail","6":"product_cat-boom-cylinders","7":"product_tag-boom-cylinders","8":"product_tag-hydraulic-cylinders","10":"first","11":"instock","12":"shipping-taxable","13":"product-type-simple"},"amp_enabled":true,"_links":{"self":[{"href":"https:\/\/www.hydraulic-cylinders.net\/sk\/wp-json\/wp\/v2\/product\/19314","targetHints":{"allow":["GET"]}}],"collection":[{"href":"https:\/\/www.hydraulic-cylinders.net\/sk\/wp-json\/wp\/v2\/product"}],"about":[{"href":"https:\/\/www.hydraulic-cylinders.net\/sk\/wp-json\/wp\/v2\/types\/product"}],"replies":[{"embeddable":true,"href":"https:\/\/www.hydraulic-cylinders.net\/sk\/wp-json\/wp\/v2\/comments?post=19314"}],"wp:featuredmedia":[{"embeddable":true,"href":"https:\/\/www.hydraulic-cylinders.net\/sk\/wp-json\/wp\/v2\/media\/17879"}],"wp:attachment":[{"href":"https:\/\/www.hydraulic-cylinders.net\/sk\/wp-json\/wp\/v2\/media?parent=19314"}],"wp:term":[{"taxonomy":"product_brand","embeddable":true,"href":"https:\/\/www.hydraulic-cylinders.net\/sk\/wp-json\/wp\/v2\/product_brand?post=19314"},{"taxonomy":"product_cat","embeddable":true,"href":"https:\/\/www.hydraulic-cylinders.net\/sk\/wp-json\/wp\/v2\/product_cat?post=19314"},{"taxonomy":"product_tag","embeddable":true,"href":"https:\/\/www.hydraulic-cylinders.net\/sk\/wp-json\/wp\/v2\/product_tag?post=19314"}],"curies":[{"name":"pracovn\u00fd list","href":"https:\/\/api.w.org\/{rel}","templated":true}]}}