{"id":19317,"date":"2025-04-07T06:26:41","date_gmt":"2025-04-07T06:26:41","guid":{"rendered":"https:\/\/www.hydraulic-cylinders.net\/product\/boom-cylinder-for-xgma-middle-excavator-xg822fl\/"},"modified":"2025-04-07T06:26:43","modified_gmt":"2025-04-07T06:26:43","slug":"boom-cylinder-for-xgma-middle-excavator-xg822fl","status":"publish","type":"product","link":"https:\/\/www.hydraulic-cylinders.net\/sk\/produkt\/boom-cylinder-for-xgma-middle-excavator-xg822fl\/","title":{"rendered":"Valec v\u00fdlo\u017en\u00edka pre stredn\u00e9 r\u00fdpadlo XGMA XG822FL"},"content":{"rendered":"<h1>Valec v\u00fdlo\u017en\u00edka pre stredn\u00e9 r\u00fdpadlo XGMA XG822FL<\/h1>\n<h2>\u00davod do valca v\u00fdlo\u017en\u00edka<\/h2>\n<p>Hydraulick\u00fd valec v\u00fdlo\u017en\u00edka je k\u013e\u00fa\u010dovou s\u00fa\u010das\u0165ou \u0165a\u017ek\u00fdch strojov, \u0161peci\u00e1lne navrhnut\u00fd pre stredn\u00fd bager XGMA XG822FL. Tento hydraulick\u00fd valec ovl\u00e1da pohyb v\u00fdlo\u017en\u00edka a umo\u017e\u0148uje obsluhe efekt\u00edvne vykon\u00e1va\u0165 r\u00f4zne \u00falohy, ako je zdv\u00edhanie, sp\u00fa\u0161\u0165anie a nakl\u00e1\u0148anie v\u00fdlo\u017en\u00edka. Funk\u010dnos\u0165 valca v\u00fdlo\u017en\u00edka je nevyhnutn\u00e1 pre efekt\u00edvnu prev\u00e1dzku v stavebn\u00fdch a v\u00fdkopov\u00fdch projektoch. Pracuje v r\u00e1mci hydraulick\u00e9ho syst\u00e9mu, ktor\u00fd vyu\u017e\u00edva tlakov\u00fa kvapalinu na vytvorenie pohybu a sily. To umo\u017e\u0148uje \u0165a\u017ek\u00fdm strojom vykon\u00e1va\u0165 \u00falohy, ktor\u00e9 by inak vy\u017eadovali zna\u010dn\u00fa manu\u00e1lnu n\u00e1mahu, \u010d\u00edm sa zvy\u0161uje produktivita a bezpe\u010dnos\u0165 na stavenisk\u00e1ch.<\/p>\n<p><img decoding=\"async\" src=\"https:\/\/www.hydraulic-cylinders.net\/wp-content\/uploads\/2025\/04\/songte-company-1.webp\" alt=\"Obr\u00e1zok valca v\u00fdlo\u017en\u00edka\"><\/p>\n<h2>Vlastnosti valca v\u00fdlo\u017en\u00edka<\/h2>\n<ul>\n<li><strong>Vysok\u00e1 pevnos\u0165 a odolnos\u0165:<\/strong> Valec v\u00fdlo\u017en\u00edka je vyroben\u00fd z vysokopevnostnej ocele alebo hlin\u00edka a je navrhnut\u00fd tak, aby odolal vysok\u00e9mu tlaku a \u0165a\u017ek\u00e9mu za\u0165a\u017eeniu, v\u010faka \u010domu je vhodn\u00fd do n\u00e1ro\u010dn\u00fdch pracovn\u00fdch prostred\u00ed. Je navrhnut\u00fd tak, aby odol\u00e1val opotrebovaniu a kor\u00f3zii, \u010do m\u00e1 za n\u00e1sledok dlh\u0161iu \u017eivotnos\u0165.<\/li>\n<li><strong>Efekt\u00edvna hydraulick\u00e1 prev\u00e1dzka:<\/strong> Valec vyu\u017e\u00edva tlak hydraulickej kvapaliny pre plynul\u00e9 vys\u00favanie a zas\u00favanie, \u010do umo\u017e\u0148uje r\u00fdchlu reakciu na povely oper\u00e1tora a z\u00e1rove\u0148 poskytuje zna\u010dn\u00e9 tlakov\u00e9 a \u0165ahov\u00e9 sily vhodn\u00e9 na manipul\u00e1ciu s \u0165a\u017ek\u00fdmi materi\u00e1lmi a zlo\u017eit\u00fdmi \u00falohami.<\/li>\n<li><strong>R\u00f4zne typy:<\/strong> K dispoz\u00edcii s\u00fa jedno\u010dinn\u00e9 valce (pracuj\u00face v jednom smere) a dvoj\u010dinn\u00e9 valce (pracuj\u00face v oboch smeroch), ktor\u00e9 sp\u013a\u0148aj\u00fa r\u00f4zne prev\u00e1dzkov\u00e9 potreby. Niektor\u00e9 modely s\u00fa teleskopick\u00e9, \u010do umo\u017e\u0148uje v\u00e4\u010d\u0161ie vysunutie bez zv\u00e4\u010d\u0161enia vonkaj\u0161\u00edch rozmerov, \u010do je ide\u00e1lne pre aplik\u00e1cie s obmedzen\u00fdm priestorom.<\/li>\n<li><strong>V\u0161estrann\u00e9 aplik\u00e1cie:<\/strong> Valec v\u00fdlo\u017en\u00edka sa d\u00e1 pou\u017ei\u0165 v r\u00f4znych strojoch, \u010do zvy\u0161uje jeho vyu\u017eite\u013enos\u0165 v r\u00f4znych odvetviach.<\/li>\n<li><strong>Z\u00e1kazkov\u00e1 v\u00fdroba:<\/strong> Na\u0161e produkty dok\u00e1\u017eu dokonale nahradi\u0165 existuj\u00face hydraulick\u00e9 valce s rovnak\u00fdm alebo lep\u0161\u00edm v\u00fdkonom, \u010d\u00edm zabezpe\u010duj\u00fa kompatibilitu a spo\u013eahlivos\u0165.<\/li>\n<\/ul>\n<p><img decoding=\"async\" src=\"https:\/\/www.hydraulic-cylinders.net\/wp-content\/uploads\/2025\/04\/songte-cylinder-head-with-all-kinds-excavator-models.webp\" alt=\"Hydraulick\u00fd valec pre bagre\"><\/p>\n<h2>Aplik\u00e1cie valca ramena<\/h2>\n<h3>Stavebn\u00e9 stroje<\/h3>\n<p>V r\u00fdpadl\u00e1ch s\u00fa valce v\u00fdlo\u017en\u00edka nevyhnutn\u00e9 na kopanie, nakladanie a premiest\u0148ovanie zeminy alebo sutiny. Ich kon\u0161trukcia umo\u017e\u0148uje presn\u00e9 vynakladanie sily, \u010do umo\u017e\u0148uje obsluhe efekt\u00edvne zvl\u00e1da\u0165 ve\u013ek\u00e9 objemy materi\u00e1lu. V r\u00fdpadlo-naklada\u010doch valec v\u00fdlo\u017en\u00edka pom\u00e1ha nielen pri v\u00fdkopov\u00fdch, ale aj pri zdv\u00edhac\u00edch oper\u00e1ci\u00e1ch, \u010d\u00edm zvy\u0161uje produktivitu na stavenisk\u00e1ch.<\/p>\n<h3>Po\u013enohospod\u00e1rske stroje<\/h3>\n<p>V \u010deln\u00fdch naklada\u010doch s\u00fa valce v\u00fdlo\u017en\u00edka k\u013e\u00fa\u010dov\u00e9 pre naberanie, zdv\u00edhanie a prepravu p\u00f4dy, sena a in\u00fdch materi\u00e1lov. Hydraulick\u00fd v\u00fdkon, ktor\u00fd tieto valce poskytuj\u00fa, umo\u017e\u0148uje plynul\u00fa prev\u00e1dzku, v\u010faka \u010domu s\u00fa nevyhnutn\u00e9 v po\u013enohospod\u00e1rskych pracovn\u00fdch postupoch, kde s\u00fa \u010das a efektivita prvorad\u00e9.<\/p>\n<h3>R\u00fdpadl\u00e1<\/h3>\n<p>V r\u00fdpadl\u00e1ch umo\u017e\u0148uje valec v\u00fdlo\u017en\u00edka efekt\u00edvne prenikanie ly\u017eice do zeme, \u010do u\u013eah\u010duje proces kopania. Hydraulick\u00fd mechanizmus umo\u017e\u0148uje presn\u00e9 ovl\u00e1danie h\u013abky a uhla v\u00fdkopu, \u010do je nevyhnutn\u00e9 pre r\u00f4zne podmienky na stavenisku a po\u017eiadavky projektu.<\/p>\n<h3>Naklada\u010de<\/h3>\n<p>\u010celn\u00e9 naklada\u010de vyu\u017e\u00edvaj\u00fa valce v\u00fdlo\u017en\u00edka na efekt\u00edvne zdv\u00edhanie a vykladanie bremien. Kon\u0161trukcia valca v\u00fdlo\u017en\u00edka zais\u0165uje presn\u00fa manipul\u00e1ciu s \u0165a\u017ek\u00fdmi materi\u00e1lmi, \u010do v\u00fdrazne zlep\u0161uje prev\u00e1dzkov\u00fa efektivitu a zni\u017euje fyzick\u00fa z\u00e1\u0165a\u017e obsluhy.<\/p>\n<h2>\u00davahy o dizajne a krit\u00e9ri\u00e1 v\u00fdberu<\/h2>\n<ul>\n<li><strong>Nosnos\u0165:<\/strong> Kon\u0161trukcia valca v\u00fdlo\u017en\u00edka mus\u00ed zoh\u013ead\u0148ova\u0165 maxim\u00e1lne za\u0165a\u017eenie, ktor\u00e9 unesie. To zah\u0155\u0148a anal\u00fdzu hmotnosti materi\u00e1lov a zabezpe\u010denie toho, aby valec zvl\u00e1dol zodpovedaj\u00face tlaky a sily bez poruchy.<\/li>\n<li><strong>Tesniaca schopnos\u0165:<\/strong> \u00da\u010dinn\u00e9 tesnenie je k\u013e\u00fa\u010dov\u00e9 pre dlh\u00fa \u017eivotnos\u0165 a \u00fa\u010dinnos\u0165 hydraulick\u00fdch valcov. Kvalitn\u00e9 tesnenia zabra\u0148uj\u00fa \u00faniku kvapaliny a kontamin\u00e1cii, \u010do m\u00f4\u017ee vies\u0165 k poruche syst\u00e9mu. V\u00fdber tesniacich materi\u00e1lov, ako je polyuret\u00e1n a nitrilov\u00e1 guma, zohr\u00e1va v\u00fdznamn\u00fa \u00falohu vo v\u00fdkone valca.<\/li>\n<li><strong>Trvanlivos\u0165:<\/strong> Valce v\u00fdlo\u017en\u00edka by mali by\u0165 skon\u0161truovan\u00e9 tak, aby odolali n\u00e1ro\u010dn\u00fdm prev\u00e1dzkov\u00fdm podmienkam. Patria sem odolnos\u0165 vo\u010di opotrebovaniu, kor\u00f3zii a \u00fanave materi\u00e1lu v priebehu \u010dasu. Vysokokvalitn\u00e9 materi\u00e1ly a pokro\u010dil\u00e9 v\u00fdrobn\u00e9 procesy prispievaj\u00fa k trvanlivosti produktu.<\/li>\n<li><strong>Bezpe\u010dnostn\u00e9 prvky:<\/strong> Bezpe\u010dnostn\u00e9 aspekty s\u00fa v hydraulick\u00fdch syst\u00e9moch prvorad\u00e9. Valce ramena by mali by\u0165 vybaven\u00e9 bezpe\u010dnostn\u00fdmi mechanizmami, ktor\u00e9 zabra\u0148uj\u00fa n\u00e1hodn\u00e9mu spusteniu a poskytuj\u00fa bezpe\u010dnostn\u00e9 zariadenia v pr\u00edpade straty tlaku alebo mechanickej poruchy.<\/li>\n<li><strong>Pr\u00edstupnos\u0165 \u00fadr\u017eby:<\/strong> Kon\u0161trukcia, ktor\u00e1 umo\u017e\u0148uje jednoduch\u00fa \u00fadr\u017ebu a kontrolu, m\u00f4\u017ee v\u00fdrazne pred\u013a\u017ei\u0165 \u017eivotnos\u0165 valca v\u00fdlo\u017en\u00edka. Komponenty by mali by\u0165 pr\u00edstupn\u00e9 pre be\u017en\u00e9 kontroly a opravy bez rozsiahlej demont\u00e1\u017ee.<\/li>\n<\/ul>\n<p><img decoding=\"async\" src=\"https:\/\/www.hydraulic-cylinders.net\/wp-content\/uploads\/2025\/04\/songte-oil-pipes-and-spare-parts.webp\" alt=\"Hydraulick\u00e9 diely\"><\/p>\n<h2>Tesnenie a mazanie valca<\/h2>\n<p>Na zabezpe\u010denie optim\u00e1lneho v\u00fdkonu sa vo valcoch v\u00fdlo\u017en\u00edka pou\u017e\u00edvaj\u00fa r\u00f4zne tesniace komponenty vr\u00e1tane tesnen\u00ed piestov a tesnen\u00ed ty\u010d\u00ed. V\u00fdber tesniacich materi\u00e1lov, ako je vysokokvalitn\u00fd polyuret\u00e1n alebo nitrilov\u00fd kau\u010duk, je nevyhnutn\u00fd pre udr\u017eanie hydraulickej integrity a zabr\u00e1nenie \u00fanikom. Teleso valca a z\u00e1vitov\u00e9 koncov\u00e9 plochy prech\u00e1dzaj\u00fa jemn\u00fdm obr\u00e1ban\u00edm, aby sa zv\u00fd\u0161ila odolnos\u0165 proti opotrebovaniu a celkov\u00e1 \u017eivotnos\u0165. Pravideln\u00e9 mazanie hydraulick\u00fdm olejom je nevyhnutn\u00e9 pre udr\u017eanie plynul\u00e9ho chodu valca a zabr\u00e1nenie pred\u010dasn\u00e9mu opotrebovaniu vn\u00fatorn\u00fdch komponentov. Spr\u00e1vne postupy mazania tie\u017e pom\u00e1haj\u00fa pri chladen\u00ed hydraulick\u00e9ho syst\u00e9mu, \u010d\u00edm sa \u010falej predl\u017euje jeho \u017eivotnos\u0165.<\/p>\n<h2>Opatrenia prevent\u00edvnej \u00fadr\u017eby<\/h2>\n<ul>\n<li><strong>Pravideln\u00e9 kontroly:<\/strong> \u010cast\u00e9 kontroly opotrebovania, netesnost\u00ed alebo ak\u00fdchko\u013evek zn\u00e1mok poruchy m\u00f4\u017eu pom\u00f4c\u0165 pri identifik\u00e1cii probl\u00e9mov sk\u00f4r, ako sa stan\u00fa v\u00e1\u017enymi. Patria sem kontrola tesnen\u00ed, integrity ty\u010d\u00ed a hydraulick\u00fdch spojen\u00ed.<\/li>\n<li><strong>Vhodn\u00e9 mazanie:<\/strong> Zabezpe\u010denie dostato\u010dn\u00e9ho mazania valca spr\u00e1vnym hydraulick\u00fdm olejom je k\u013e\u00fa\u010dov\u00e9. Pravideln\u00e1 v\u00fdmena oleja a kontrola zne\u010distenia m\u00f4\u017eu zlep\u0161i\u0165 v\u00fdkon a \u017eivotnos\u0165.<\/li>\n<li><strong>V\u00fdmena tesnenia:<\/strong> Tesnenia by sa mali pravidelne vymie\u0148a\u0165 na z\u00e1klade prev\u00e1dzkov\u00e9ho prostredia a frekvencie pou\u017e\u00edvania. Opotrebovan\u00e9 tesnenia m\u00f4\u017eu vies\u0165 k v\u00fdrazn\u00fdm strat\u00e1m hydraulickej kvapaliny, \u010do ovplyv\u0148uje celkov\u00fa \u00fa\u010dinnos\u0165 syst\u00e9mu.<\/li>\n<\/ul>\n<h2>Pokyny na in\u0161tal\u00e1ciu<\/h2>\n<p>Spr\u00e1vna in\u0161tal\u00e1cia valca v\u00fdlo\u017en\u00edka je nevyhnutn\u00e1 pre optim\u00e1lny v\u00fdkon a dlh\u00fa \u017eivotnos\u0165. Po\u010das in\u0161tal\u00e1cie sa uistite, \u017ee je valec spr\u00e1vne zarovnan\u00fd so strojom, aby ste predi\u0161li nadmern\u00e9mu nam\u00e1haniu valca a jeho dr\u017eiakov. Na pevn\u00e9 upevnenie valca na mieste pou\u017eite vhodn\u00e9 mont\u00e1\u017ene konzoly a zabr\u00e1\u0148te pohybu, ktor\u00fd by mohol vies\u0165 k nespr\u00e1vnemu zarovnaniu. Je tie\u017e nevyhnutn\u00e9 dodr\u017eiava\u0165 \u0161pecifik\u00e1cie v\u00fdrobcu t\u00fdkaj\u00face sa hydraulick\u00fdch pripojen\u00ed a nastaven\u00ed kr\u00fatiaceho momentu, aby ste zabezpe\u010dili bez\u00fate\u0161n\u00e9 nastavenie. Po in\u0161tal\u00e1cii vykonajte d\u00f4kladn\u00fa kontrolu pr\u00edpadn\u00fdch zn\u00e1mok \u00faniku a otestujte hydraulick\u00fd syst\u00e9m, aby ste potvrdili jeho spr\u00e1vnu prev\u00e1dzku.<\/p>\n<h2>\u00dalohy \u00fadr\u017eby<\/h2>\n<ul>\n<li><strong>Pravideln\u00e9 kontroly:<\/strong> Vykon\u00e1vajte pravideln\u00e9 kontroly, aby ste v\u010das identifikovali ak\u00e9ko\u013evek potenci\u00e1lne probl\u00e9my. H\u013eadajte netesnosti, nezvy\u010dajn\u00e9 zvuky a zn\u00e1mky opotrebovania tesnen\u00ed a ty\u010d\u00ed.<\/li>\n<li><strong>Spr\u00e1vne mazanie:<\/strong> Uistite sa, \u017ee hladina hydraulick\u00e9ho oleja je spr\u00e1vna a v pr\u00edpade potreby ho vyme\u0148te, aby sa zachovali optim\u00e1lne podmienky mazania.<\/li>\n<li><strong>V\u00fdmena a kalibr\u00e1cia tesnenia:<\/strong> Pravidelne vymie\u0148ajte tesnenia, ktor\u00e9 vykazuj\u00fa zn\u00e1mky opotrebovania, a kontrolujte kalibr\u00e1ciu hydraulick\u00e9ho syst\u00e9mu, aby ste sa uistili, \u017ee funguje spr\u00e1vne. Nespr\u00e1vne kalibrovan\u00fd syst\u00e9m m\u00f4\u017ee vies\u0165 k neefekt\u00edvnosti a mo\u017en\u00e9mu po\u0161kodeniu.<\/li>\n<\/ul>\n<h2>Bezpe\u010dnostn\u00e9 aspekty a faktory prostredia<\/h2>\n<p>Pri pou\u017e\u00edvan\u00ed hydraulick\u00fdch valcov v\u00fdlo\u017en\u00edka s\u00fa bezpe\u010dnostn\u00e9 opatrenia nevyhnutn\u00e9 na predch\u00e1dzanie nehod\u00e1m a zabezpe\u010denie bezpe\u010dn\u00e9ho pracovn\u00e9ho prostredia. Obsluha by mala by\u0165 vy\u0161kolen\u00e1 v spr\u00e1vnom pou\u017e\u00edvan\u00ed hydraulick\u00fdch syst\u00e9mov a potenci\u00e1lnych nebezpe\u010denstv\u00e1ch s nimi spojen\u00fdch. Okrem toho by sa mala dba\u0165 na dodr\u017eiavanie environment\u00e1lnych predpisov a zabezpe\u010di\u0165 zodpovedn\u00e9 hospod\u00e1renie s hydraulick\u00fdmi kvapalinami, aby sa zabr\u00e1nilo kontamin\u00e1cii p\u00f4dy a vodn\u00fdch zdrojov. Mali by by\u0165 zaveden\u00e9 vhodn\u00e9 opatrenia na zachytenie ak\u00fdchko\u013evek \u00fanikov alebo rozliatia, ku ktor\u00fdm m\u00f4\u017ee d\u00f4js\u0165 po\u010das prev\u00e1dzky alebo \u00fadr\u017eby.<\/p>\n<h2>Diagnostika por\u00fach a be\u017en\u00e9 probl\u00e9my<\/h2>\n<ul>\n<li><strong>\u00danik:<\/strong> Jedn\u00fdm z naj\u010dastej\u0161\u00edch probl\u00e9mov s hydraulick\u00fdmi valcami je \u00fanik z tesnen\u00ed alebo spojov. To m\u00f4\u017ee vies\u0165 k zn\u00ed\u017eeniu v\u00fdkonu a \u00fa\u010dinnosti. Pravideln\u00e1 kontrola tesnen\u00ed a spojov je nevyhnutn\u00e1 na identifik\u00e1ciu a okam\u017eit\u00e9 odstr\u00e1nenie netesnost\u00ed.<\/li>\n<li><strong>Nereaguj\u00faci pohyb:<\/strong> Ak valec v\u00fdlo\u017en\u00edka nereaguje pod\u013ea o\u010dak\u00e1vania, m\u00f4\u017ee to znamena\u0165 probl\u00e9my s hydraulick\u00fdm tlakom alebo vn\u00fatorn\u00e9 po\u0161kodenie. Diagnostika hydraulick\u00e9ho syst\u00e9mu a kontrola prek\u00e1\u017eok alebo blok\u00e1d m\u00f4\u017ee pom\u00f4c\u0165 probl\u00e9m vyrie\u0161i\u0165.<\/li>\n<li><strong>Nadmern\u00fd hluk:<\/strong> Nezvy\u010dajn\u00e9 zvuky po\u010das prev\u00e1dzky m\u00f4\u017eu signalizova\u0165 opotrebovanie alebo po\u0161kodenie valca alebo hydraulick\u00e9ho syst\u00e9mu. Presk\u00famanie zdroja hluku a v\u00fdmena opotrebovan\u00fdch komponentov m\u00f4\u017ee zabr\u00e1ni\u0165 \u010fal\u0161iemu po\u0161kodeniu.<\/li>\n<\/ul>\n<h2>Tipy na rie\u0161enie probl\u00e9mov<\/h2>\n<p>Pre efekt\u00edvnu diagnostiku a rie\u0161enie probl\u00e9mov s valcom ramena zv\u00e1\u017ete nasleduj\u00face tipy na rie\u0161enie probl\u00e9mov: Po prv\u00e9, pravidelne kontrolujte, \u010di sa nevyskytuj\u00fa zn\u00e1mky netesnost\u00ed alebo po\u0161kodenia. Ak\u00e9ko\u013evek netesnosti odstr\u00e1\u0148te hne\u010f, ako ich zist\u00edte, aby ste predi\u0161li \u00faniku hydraulickej kvapaliny. Po druh\u00e9, uistite sa, \u017ee hydraulick\u00fd tlak je v odpor\u00fa\u010danom rozsahu pre optim\u00e1lny v\u00fdkon. Ak je tlak n\u00edzky, presk\u00famajte mo\u017en\u00e9 pr\u00ed\u010diny, ako s\u00fa upchat\u00e9 potrubia alebo opotrebovan\u00e9 komponenty. Nakoniec udr\u017eiavajte \u010dist\u00e9 pracovn\u00e9 prostredie, aby ste zabr\u00e1nili vniknutiu ne\u010dist\u00f4t do hydraulick\u00e9ho syst\u00e9mu, \u010do m\u00f4\u017ee \u010dasom vies\u0165 k opotrebovaniu a poruche.<\/p>\n<p><img decoding=\"async\" src=\"https:\/\/www.hydraulic-cylinders.net\/wp-content\/uploads\/2025\/04\/songte-bushings-with-all-kinds-of-excavator-models.webp\" alt=\"Puzdr\u00e1 bagerov\"><\/p>\n<h2>O na\u0161ej spolo\u010dnosti<\/h2>\n<p>Sme popredn\u00fdm v\u00fdrobcom n\u00e1hradn\u00fdch hydraulick\u00fdch valcov a pon\u00fakame \u0161irok\u00fa \u0161k\u00e1lu produktov, ktor\u00e9 uspokoja dom\u00e1ci aj medzin\u00e1rodn\u00fd trh. N\u00e1\u0161 z\u00e1v\u00e4zok k excelentnosti sa odr\u00e1\u017ea v na\u0161ich prec\u00edznych v\u00fdrobn\u00fdch procesoch a zameran\u00ed na vysoko kvalitn\u00fa produkciu. Vyu\u017e\u00edvame pokro\u010dil\u00e9 technol\u00f3gie, kvalifikovan\u00fd person\u00e1l a robustn\u00e9 strat\u00e9gie riadenia v\u00fdroby, aby sme neust\u00e1le zdokona\u013eovali na\u0161e v\u00fdrobn\u00e9 kapacity, aby sme splnili rozmanit\u00e9 potreby na\u0161ich klientov. Na\u0161e produkty s\u00fa navrhnut\u00e9 s presnos\u0165ou a skon\u0161truovan\u00e9 pre spo\u013eahlivos\u0165, \u010do zaru\u010duje, \u017ee poskytujeme \u0161pi\u010dkov\u00e9 rie\u0161enia.<\/p>\n<p><img decoding=\"async\" src=\"https:\/\/www.hydraulic-cylinders.net\/wp-content\/uploads\/2025\/04\/songte-company-4.webp\" alt=\"Obr\u00e1zok spolo\u010dnosti\"><br \/>\n<img decoding=\"async\" src=\"https:\/\/www.hydraulic-cylinders.net\/wp-content\/uploads\/2025\/04\/songte-company-3.webp\" alt=\"Obr\u00e1zok spolo\u010dnosti\"><\/p>\n<h2>Z\u00e1ver<\/h2>\n<p>V\u010faka komplexn\u00e9mu sortimentu hydraulick\u00fdch valcov a zameraniu na kvalitu sme odhodlan\u00ed poskytova\u0165 spo\u013eahliv\u00e9 produkty, ktor\u00e9 sp\u013a\u0148aj\u00fa potreby na\u0161ich z\u00e1kazn\u00edkov. Na\u0161e medzin\u00e1rodn\u00e9 certifik\u00e1cie, z\u00e1kazn\u00edcke slu\u017eby, modern\u00e9 v\u00fdrobn\u00e9 zariadenia a \u0161pecializovan\u00e1 popredajn\u00e1 podpora pod\u010diarkuj\u00fa na\u0161u poz\u00edciu d\u00f4veryhodn\u00e9ho partnera v odvetv\u00ed hydraulick\u00fdch valcov.<\/p>\n<p>Autor: lyl<\/p>","protected":false},"excerpt":{"rendered":"<p>Boom Cylinder For XGMA Middle Excavator XG822FL Introduction to Boom Cylinder The Boom Cylinder is a critical component of heavy machinery, specifically designed for the XGMA Middle Excavator XG822FL. This hydraulic cylinder controls the movement of the boom, enabling the operator to perform various tasks such as lifting, lowering, and tilting the boom effectively. The [&hellip;]<\/p>","protected":false},"featured_media":17867,"comment_status":"open","ping_status":"closed","template":"","meta":{"_et_pb_use_builder":"","_et_pb_old_content":"","_et_gb_content_width":""},"product_brand":[],"product_cat":[1546],"product_tag":[1547,1496],"class_list":{"0":"post-19317","1":"product","2":"type-product","3":"status-publish","4":"has-post-thumbnail","6":"product_cat-boom-cylinders","7":"product_tag-boom-cylinders","8":"product_tag-hydraulic-cylinders","10":"first","11":"instock","12":"shipping-taxable","13":"product-type-simple"},"amp_enabled":true,"_links":{"self":[{"href":"https:\/\/www.hydraulic-cylinders.net\/sk\/wp-json\/wp\/v2\/product\/19317","targetHints":{"allow":["GET"]}}],"collection":[{"href":"https:\/\/www.hydraulic-cylinders.net\/sk\/wp-json\/wp\/v2\/product"}],"about":[{"href":"https:\/\/www.hydraulic-cylinders.net\/sk\/wp-json\/wp\/v2\/types\/product"}],"replies":[{"embeddable":true,"href":"https:\/\/www.hydraulic-cylinders.net\/sk\/wp-json\/wp\/v2\/comments?post=19317"}],"wp:featuredmedia":[{"embeddable":true,"href":"https:\/\/www.hydraulic-cylinders.net\/sk\/wp-json\/wp\/v2\/media\/17867"}],"wp:attachment":[{"href":"https:\/\/www.hydraulic-cylinders.net\/sk\/wp-json\/wp\/v2\/media?parent=19317"}],"wp:term":[{"taxonomy":"product_brand","embeddable":true,"href":"https:\/\/www.hydraulic-cylinders.net\/sk\/wp-json\/wp\/v2\/product_brand?post=19317"},{"taxonomy":"product_cat","embeddable":true,"href":"https:\/\/www.hydraulic-cylinders.net\/sk\/wp-json\/wp\/v2\/product_cat?post=19317"},{"taxonomy":"product_tag","embeddable":true,"href":"https:\/\/www.hydraulic-cylinders.net\/sk\/wp-json\/wp\/v2\/product_tag?post=19317"}],"curies":[{"name":"pracovn\u00fd list","href":"https:\/\/api.w.org\/{rel}","templated":true}]}}