{"id":19318,"date":"2025-04-07T06:26:43","date_gmt":"2025-04-07T06:26:43","guid":{"rendered":"https:\/\/www.hydraulic-cylinders.net\/product\/boom-cylinder-for-xgma-middle-excavator-xg822el\/"},"modified":"2025-04-07T06:26:45","modified_gmt":"2025-04-07T06:26:45","slug":"boom-cylinder-for-xgma-middle-excavator-xg822el","status":"publish","type":"product","link":"https:\/\/www.hydraulic-cylinders.net\/sk\/produkt\/boom-cylinder-for-xgma-middle-excavator-xg822el\/","title":{"rendered":"Valec v\u00fdlo\u017en\u00edka pre stredn\u00e9 r\u00fdpadlo XGMA XG822EL"},"content":{"rendered":"<h1>Valec v\u00fdlo\u017en\u00edka pre stredn\u00e9 r\u00fdpadlo XGMA XG822EL<\/h1>\n<h2>Preh\u013ead produktu<\/h2>\n<p>Hydraulick\u00fd valec v\u00fdlo\u017en\u00edka pre stredn\u00e9 r\u00fdpadlo XGMA XG822EL je k\u013e\u00fa\u010dovou s\u00fa\u010das\u0165ou hydraulick\u00e9ho syst\u00e9mu r\u00fdpadiel. Tento hydraulick\u00fd valec je \u0161peci\u00e1lne navrhnut\u00fd na ovl\u00e1danie pohybu ramena v\u00fdlo\u017en\u00edka, \u010do umo\u017e\u0148uje efekt\u00edvne zdv\u00edhanie, sp\u00fa\u0161\u0165anie a nakl\u00e1\u0148anie ly\u017eice. Zohr\u00e1va d\u00f4le\u017eit\u00fa \u00falohu pri u\u013eah\u010dovan\u00ed manipul\u00e1cie s materi\u00e1lom, v\u010faka \u010domu je nevyhnutn\u00fd pre pr\u00e1cu s \u0165a\u017ek\u00fdmi strojmi.<\/p>\n<p><img decoding=\"async\" src=\"https:\/\/www.hydraulic-cylinders.net\/wp-content\/uploads\/2025\/04\/songte-company-1.webp\" alt=\"Valec v\u00fdlo\u017en\u00edka pre bager\"><\/p>\n<h3>Defin\u00edcia a funk\u010dnos\u0165<\/h3>\n<p>Hydraulick\u00fd valec ly\u017eice je typ hydraulick\u00e9ho valca, ktor\u00fd reguluje pohyb ly\u017eice v r\u00f4znych \u0165a\u017ek\u00fdch strojoch, ako s\u00fa r\u00fdpadl\u00e1, r\u00fdpadlo-naklada\u010de a \u010deln\u00e9 naklada\u010de. Prostredn\u00edctvom hydraulick\u00e9ho tlaku umo\u017e\u0148uje ly\u017eici vykon\u00e1va\u0165 z\u00e1kladn\u00e9 \u010dinnosti, ako je kopanie, nakladanie a preprava materi\u00e1lov. Kon\u0161trukcia valca v\u00fdlo\u017en\u00edka zais\u0165uje plynul\u00fa a efekt\u00edvnu prev\u00e1dzku, \u010do umo\u017e\u0148uje presn\u00e9 ovl\u00e1danie po\u010das n\u00e1ro\u010dn\u00fdch \u00faloh.<\/p>\n<h2>Vlastnosti produktu<\/h2>\n<ul>\n<li><strong>Vysok\u00e1 pevnos\u0165 a odolnos\u0165:<\/strong> Valec v\u00fdlo\u017en\u00edka je vyroben\u00fd z vysokopevnostnej ocele alebo hlin\u00edka a odol\u00e1 vysok\u00e9mu tlaku a \u0165a\u017ek\u00fdm za\u0165a\u017eeniam. Je navrhnut\u00fd tak, aby odolal n\u00e1ro\u010dn\u00fdm pracovn\u00fdm podmienkam so zameran\u00edm na odolnos\u0165 proti opotrebovaniu a kor\u00f3zii, aby sa pred\u013a\u017eila jeho \u017eivotnos\u0165.<\/li>\n<li><strong>Efekt\u00edvna hydraulick\u00e1 prev\u00e1dzka:<\/strong> Valec vyu\u017e\u00edva hydraulick\u00fd tlak oleja pre plynul\u00fd teleskopick\u00fd pohyb, r\u00fdchlo reaguje na povely oper\u00e1tora a z\u00e1rove\u0148 poskytuje siln\u00e9 tlakov\u00e9 a \u0165a\u017en\u00e9 sily na zvl\u00e1dnutie \u0165a\u017ek\u00fdch a zlo\u017eit\u00fdch \u00faloh.<\/li>\n<li><strong>R\u00f4zne typy:<\/strong> Valec v\u00fdlo\u017en\u00edka je k dispoz\u00edcii v jedno\u010dinnej (prev\u00e1dzkovej v jednom smere) alebo dvoj\u010dinnej (prev\u00e1dzkovej v oboch smeroch) konfigur\u00e1cii a je mo\u017en\u00e9 ho vybra\u0165 na z\u00e1klade \u0161pecifick\u00fdch prev\u00e1dzkov\u00fdch potrieb. Niektor\u00e9 modely maj\u00fa teleskopick\u00fa kon\u0161trukciu, ktor\u00e1 umo\u017e\u0148uje v\u00e4\u010d\u0161ie vysunutie bez zv\u00e4\u010d\u0161enia vonkaj\u0161\u00edch rozmerov, \u010do je ide\u00e1lne pre aplik\u00e1cie s obmedzen\u00fdm priestorom.<\/li>\n<li><strong>Z\u00e1kazkov\u00e1 v\u00fdroba:<\/strong> Na\u0161e produkty s\u00fa dokonale schopn\u00e9 nahradi\u0165 r\u00f4zne hydraulick\u00e9 valce s vynikaj\u00facou kvalitou a v\u00fdkonom, \u010do zabezpe\u010duje kompatibilitu s viacer\u00fdmi modelmi r\u00fdpadiel.<\/li>\n<li><strong>V\u0161estrann\u00e9 aplik\u00e1cie:<\/strong> Valec v\u00fdlo\u017en\u00edka je prisp\u00f4sobite\u013en\u00fd pre r\u00f4zne stroje, \u010d\u00edm sa zvy\u0161uje celkov\u00e1 prev\u00e1dzkov\u00e1 efektivita vo viacer\u00fdch odvetviach.<\/li>\n<\/ul>\n<p><img decoding=\"async\" src=\"https:\/\/www.hydraulic-cylinders.net\/wp-content\/uploads\/2025\/04\/songte-cylinder-head-with-all-kinds-excavator-models.webp\" alt=\"Hlava valcov pre modely r\u00fdpadiel\"><\/p>\n<h2>Scen\u00e1re aplik\u00e1ci\u00ed<\/h2>\n<h3>Stavebn\u00e9 stroje<\/h3>\n<p>V stavebn\u00fdch strojoch s\u00fa valce v\u00fdlo\u017en\u00edka k\u013e\u00fa\u010dov\u00e9 pre r\u00fdpadl\u00e1, preto\u017ee im umo\u017e\u0148uj\u00fa efekt\u00edvne kopa\u0165, naklada\u0165 a premiest\u0148ova\u0165 zeminu alebo sutiny. Ich kon\u0161trukcia umo\u017e\u0148uje optim\u00e1lny zdvih a dosah, \u010do u\u013eah\u010duje \u00falohy od h\u013abenia v\u00fdkopov a\u017e po \u00fapravu ter\u00e9nu. V r\u00fdpadlo-naklada\u010doch pom\u00e1ha valec v\u00fdlo\u017en\u00edka pri v\u00fdkopov\u00fdch aj zdv\u00edhac\u00edch \u00faloh\u00e1ch, \u010d\u00edm maximalizuje prev\u00e1dzkov\u00fa efektivitu.<\/p>\n<h3>Po\u013enohospod\u00e1rske stroje<\/h3>\n<p>V po\u013enohospod\u00e1rskych strojoch, ako s\u00fa \u010deln\u00e9 naklada\u010de, sa valce v\u00fdlo\u017en\u00edka pou\u017e\u00edvaj\u00fa na naberanie, zdv\u00edhanie a prepravu p\u00f4dy, sena a in\u00fdch materi\u00e1lov. Ich pevnos\u0165 a spo\u013eahlivos\u0165 zabezpe\u010duj\u00fa, \u017ee sa po\u013enohospod\u00e1ri m\u00f4\u017eu spo\u013eahn\u00fa\u0165 na svoje vybavenie pri r\u00f4znych \u00faloh\u00e1ch, \u010d\u00edm sa zvy\u0161uje produktivita v po\u013enohospod\u00e1rskych oper\u00e1ci\u00e1ch.<\/p>\n<h3>R\u00fdpadl\u00e1<\/h3>\n<p>Pri r\u00fdpadl\u00e1ch umo\u017e\u0148uje valec v\u00fdlo\u017en\u00edka efekt\u00edvne prenikanie ly\u017eice do p\u00f4dy, \u010do umo\u017e\u0148uje efekt\u00edvne kopanie. Hydraulick\u00fd syst\u00e9m zais\u0165uje konzistentn\u00fd v\u00fdkon, ktor\u00fd je nevyhnutn\u00fd pre hlbok\u00e9 v\u00fdkopy alebo n\u00e1ro\u010dn\u00fd ter\u00e9n.<\/p>\n<h3>Naklada\u010de<\/h3>\n<p>V \u010deln\u00fdch naklada\u010doch zohr\u00e1va valec v\u00fdlo\u017en\u00edka k\u013e\u00fa\u010dov\u00fa \u00falohu pri efekt\u00edvnom zdv\u00edhan\u00ed a vykladan\u00ed materi\u00e1lov. Poskytuje potrebn\u00fd v\u00fdkon na zdv\u00edhanie \u0165a\u017ek\u00fdch bremien a z\u00e1rove\u0148 zachov\u00e1va stabilitu, \u010do je k\u013e\u00fa\u010dov\u00e9 pre stavebn\u00e9 \u00falohy a manipul\u00e1ciu s materi\u00e1lom.<\/p>\n<h2>\u00davahy o dizajne a krit\u00e9ri\u00e1 v\u00fdberu<\/h2>\n<h3>Nosnos\u0165<\/h3>\n<p>Pri v\u00fdbere valca v\u00fdlo\u017en\u00edka je k\u013e\u00fa\u010dov\u00e9 pochopenie jeho nosnosti. Valec mus\u00ed by\u0165 schopn\u00fd unies\u0165 maxim\u00e1lnu hmotnos\u0165, ktor\u00e1 sa bude zdv\u00edha\u0165 alebo pres\u00fava\u0165 po\u010das prev\u00e1dzky. V\u00fdrobcovia \u010dasto uv\u00e1dzaj\u00fa \u0161pecifik\u00e1cie, ktor\u00e9 ozna\u010duj\u00fa limity nosnosti, ktor\u00e9 by sa mali starostlivo zv\u00e1\u017ei\u0165, aby sa predi\u0161lo poruch\u00e1m po\u010das pou\u017e\u00edvania. V\u00fdber valca s vhodnou nosnos\u0165ou zais\u0165uje bezpe\u010dnos\u0165 a \u00fa\u010dinnos\u0165.<\/p>\n<h3>Tesnenie a trvanlivos\u0165<\/h3>\n<p>Tesniaca kon\u0161trukcia valca v\u00fdlo\u017en\u00edka je nevyhnutn\u00e1 pre udr\u017eanie integrity hydraulickej kvapaliny a zabr\u00e1nenie \u00fanikom. Vysokokvalitn\u00e9 tesnenia, ako s\u00fa piestne tesnenia a tesnenia ty\u010d\u00ed vyroben\u00e9 z odoln\u00fdch materi\u00e1lov, ako je polyuret\u00e1n a nitrilov\u00fd kau\u010duk, s\u00fa d\u00f4le\u017eit\u00e9 pre dlh\u00fa \u017eivotnos\u0165. Teleso valca a z\u00e1vitov\u00e9 koncov\u00e9 povrchy by mali by\u0165 tie\u017e presne o\u0161etren\u00e9, aby sa zv\u00fd\u0161ila odolnos\u0165 proti opotrebovaniu a zabezpe\u010dila sa dlh\u0161ia \u017eivotnos\u0165.<\/p>\n<h3>Bezpe\u010dnostn\u00e9 prvky<\/h3>\n<p>Bezpe\u010dnos\u0165 je pri obsluhe \u0165a\u017ek\u00fdch strojov prvorad\u00e1. Kon\u0161trukcia valca v\u00fdlo\u017en\u00edka by mala obsahova\u0165 bezpe\u010dnostn\u00e9 prvky, ktor\u00e9 zabra\u0148uj\u00fa neo\u010dak\u00e1van\u00fdm poruch\u00e1m. Patria sem pretlakov\u00e9 ventily, aby sa zabr\u00e1nilo pretlaku, a robustn\u00e1 kon\u0161trukcia, ktor\u00e1 odol\u00e1 n\u00e1ro\u010dn\u00fdm podmienkam. Pravideln\u00e9 kontroly a dodr\u017eiavanie bezpe\u010dnostn\u00fdch protokolov s\u00fa nevyhnutn\u00e9 pre udr\u017eanie integrity zariadenia.<\/p>\n<p><img decoding=\"async\" src=\"https:\/\/www.hydraulic-cylinders.net\/wp-content\/uploads\/2025\/04\/songte-oil-pipes-and-spare-parts.webp\" alt=\"Olejov\u00e9 potrubia a n\u00e1hradn\u00e9 diely\"><\/p>\n<h2>Tesnenie a mazanie<\/h2>\n<p>Spr\u00e1vne tesnenie je nevyhnutn\u00e9 pre efekt\u00edvnu prev\u00e1dzku hydraulick\u00fdch valcov. Na zabr\u00e1nenie \u00faniku hydraulickej kvapaliny sa pou\u017e\u00edvaj\u00fa r\u00f4zne tesnenia vr\u00e1tane tesnen\u00ed piestov a tesnen\u00ed ty\u010d\u00ed. V\u00fdber odoln\u00fdch materi\u00e1lov, ako je polyuret\u00e1n a nitrilov\u00e1 guma, zvy\u0161uje odolnos\u0165 proti opotrebovaniu a predl\u017euje \u017eivotnos\u0165 tesnen\u00ed. Teleso valca a z\u00e1vitov\u00e9 konce by mali by\u0165 prec\u00edzne opracovan\u00e9, aby sa zv\u00fd\u0161ila odolnos\u0165.<\/p>\n<p>Pravideln\u00e9 mazanie je tie\u017e d\u00f4le\u017eit\u00e9. Hydraulick\u00fd olej by sa mal pravidelne dop\u013a\u0148a\u0165, aby sa zabezpe\u010dila optim\u00e1lna prev\u00e1dzka tesnen\u00ed a zabr\u00e1nilo sa opotrebovaniu vn\u00fatorn\u00fdch komponentov. Dostato\u010dn\u00e9 mazanie zni\u017euje trenie, ktor\u00e9 m\u00f4\u017ee vies\u0165 k prehriatiu a pred\u010dasn\u00e9mu zlyhaniu hydraulick\u00e9ho syst\u00e9mu.<\/p>\n<h2>Pravideln\u00e1 kontrola a opatrenia prevent\u00edvnej \u00fadr\u017eby<\/h2>\n<ul>\n<li><strong>Pravideln\u00e9 kontroly:<\/strong> Vykonajte d\u00f4kladn\u00e9 kontroly valca ramena, aby ste identifikovali ak\u00e9ko\u013evek zn\u00e1mky opotrebovania alebo po\u0161kodenia. Skontrolujte, \u010di nie s\u00fa netesnosti, nevyskytuj\u00fa sa nezvy\u010dajn\u00e9 zvuky alebo nepravideln\u00e9 pohyby, ktor\u00e9 by mohli nazna\u010dova\u0165 potenci\u00e1lne probl\u00e9my. V\u010dasn\u00e9 odhalenie m\u00f4\u017ee zabr\u00e1ni\u0165 n\u00e1kladn\u00fdm oprav\u00e1m a prestojom.<\/li>\n<li><strong>Spr\u00e1vne mazanie:<\/strong> Zabezpe\u010dte, aby boli hladiny hydraulick\u00e9ho oleja udr\u017eiavan\u00e9 a aby boli tesnenia dostato\u010dne namazan\u00e9. Pravidelne kontrolujte viskozitu a kvalitu hydraulick\u00e9ho oleja a v pr\u00edpade potreby ho vyme\u0148te, aby ste udr\u017eali optim\u00e1lny v\u00fdkon.<\/li>\n<li><strong>V\u00fdmena tesnenia:<\/strong> Tesnenia sa \u010dasom m\u00f4\u017eu opotrebova\u0165 a je potrebn\u00e9 ich vymeni\u0165. Mali by sa vykon\u00e1va\u0165 pravideln\u00e9 kontroly na identifik\u00e1ciu po\u0161koden\u00fdch tesnen\u00ed a v\u010dasn\u00e9 v\u00fdmeny, aby sa predi\u0161lo \u00fanikom a udr\u017eala sa hydraulick\u00e1 \u00fa\u010dinnos\u0165.<\/li>\n<\/ul>\n<h2>Pokyny na in\u0161tal\u00e1ciu<\/h2>\n<p>Spr\u00e1vna in\u0161tal\u00e1cia valca ramena je k\u013e\u00fa\u010dov\u00e1 pre jeho v\u00fdkon a dlh\u00fa \u017eivotnos\u0165. Za\u010dnite t\u00fdm, \u017ee sa uist\u00edte, \u017ee v\u0161etky komponenty s\u00fa \u010dist\u00e9 a bez ne\u010dist\u00f4t. Valec spr\u00e1vne zarovnajte s mont\u00e1\u017enymi konzolami a na jeho upevnenie pou\u017eite vhodn\u00e9 mont\u00e1\u017ene podpery. Uistite sa, \u017ee v\u0161etky upev\u0148ovacie prvky s\u00fa utiahnut\u00e9 pod\u013ea \u0161pecifik\u00e1ci\u00ed v\u00fdrobcu, aby sa predi\u0161lo ich uvo\u013eneniu po\u010das prev\u00e1dzky.<\/p>\n<p>Po\u010das in\u0161tal\u00e1cie je d\u00f4le\u017eit\u00e9 presne zarovna\u0165 valec, aby sa predi\u0161lo nadmern\u00e9mu nam\u00e1haniu komponentov. Po upevnen\u00ed valca dvakr\u00e1t skontrolujte, \u010di s\u00fa v\u0161etky hydraulick\u00e9 vedenia spr\u00e1vne pripojen\u00e9 a \u010di netesnia. Po in\u0161tal\u00e1cii otestujte syst\u00e9m, aby ste overili, \u010di valec funguje hladko a \u010di hydraulick\u00fd syst\u00e9m funguje pod\u013ea o\u010dak\u00e1vania.<\/p>\n<h2>\u00dalohy \u00fadr\u017eby<\/h2>\n<h3>Pravideln\u00e9 kontroly<\/h3>\n<p>Pravideln\u00e9 kontroly valca v\u00fdlo\u017en\u00edka pom\u00e1haj\u00fa identifikova\u0165 ak\u00e9ko\u013evek potenci\u00e1lne probl\u00e9my sk\u00f4r, ako sa vyhrotia. Patria sem vizu\u00e1lna kontrola valca na zn\u00e1mky opotrebovania, kontrola hladiny hydraulickej kvapaliny a zabezpe\u010denie netesnost\u00ed. Dodr\u017eiavanie pravideln\u00e9ho harmonogramu kontrol m\u00f4\u017ee v\u00fdrazne pred\u013a\u017ei\u0165 prev\u00e1dzkov\u00fa \u017eivotnos\u0165 valca.<\/p>\n<h3>Vhodn\u00e9 mazanie<\/h3>\n<p>Spr\u00e1vne mazanie je nevyhnutn\u00e9 pre zabezpe\u010denie plynul\u00e9ho chodu valca ramena. Pou\u017e\u00edvajte odpor\u00fa\u010dan\u00fd hydraulick\u00fd olej a uistite sa, \u017ee je na spr\u00e1vnej hladine. Pravidelne kontrolujte zne\u010distenie oleja a pod\u013ea potreby ho vyme\u0148te, aby ste udr\u017eali optim\u00e1lny v\u00fdkon a predi\u0161li opotrebovaniu hydraulick\u00fdch komponentov.<\/p>\n<h3>V\u00fdmena tesnenia a kontroly kalibr\u00e1cie<\/h3>\n<p>Pravidelne kontrolujte tesnenia, \u010di nevykazuj\u00fa zn\u00e1mky opotrebovania, a v\u010das ich vyme\u0148te, aby ste predi\u0161li \u00faniku hydraulickej kvapaliny. Kalibra\u010dn\u00e9 kontroly s\u00fa tie\u017e nevyhnutn\u00e9 na zabezpe\u010denie spr\u00e1vneho a efekt\u00edvneho fungovania valca. Zave\u010fte postup na kontrolu v\u00fdkonu hydraulick\u00e9ho syst\u00e9mu a pod\u013ea potreby upravte nastavenia na udr\u017eanie optim\u00e1lnej prev\u00e1dzky.<\/p>\n<p><img decoding=\"async\" src=\"https:\/\/www.hydraulic-cylinders.net\/wp-content\/uploads\/2025\/04\/songte-chushion-collar.webp\" alt=\"Vank\u00fa\u0161ov\u00fd golier\"><\/p>\n<h2>Bezpe\u010dnostn\u00e9 aspekty a faktory prostredia<\/h2>\n<p>Pri obsluhe hydraulick\u00fdch syst\u00e9mov s\u00fa bezpe\u010dnostn\u00e9 opatrenia prvorad\u00e9. Obsluha by mala by\u0165 vy\u0161kolen\u00e1 o bezpe\u010dnom pou\u017e\u00edvan\u00ed zariaden\u00ed a d\u00f4le\u017eitosti dodr\u017eiavania bezpe\u010dnostn\u00fdch protokolov na minimaliz\u00e1ciu riz\u00edk. Mali by sa nosi\u0165 osobn\u00e9 ochrann\u00e9 prostriedky (OOP) a \u00fadr\u017eb\u00e1rske postupy by sa mali vykon\u00e1va\u0165 v kontrolovanom prostred\u00ed, aby sa zabezpe\u010dila bezpe\u010dnos\u0165.<\/p>\n<p>Treba zv\u00e1\u017ei\u0165 aj environment\u00e1lne faktory, preto\u017ee hydraulick\u00e9 kvapaliny m\u00f4\u017eu by\u0165 \u0161kodliv\u00e9 pre ekosyst\u00e9m. Spr\u00e1vna likvid\u00e1cia pou\u017eit\u00fdch kvapal\u00edn a dodr\u017eiavanie environment\u00e1lnych predpisov s\u00fa nevyhnutn\u00e9 na zmiernenie ak\u00fdchko\u013evek potenci\u00e1lnych vplyvov na \u017eivotn\u00e9 prostredie.<\/p>\n<h2>Diagnostika por\u00fach a be\u017en\u00e9 probl\u00e9my<\/h2>\n<h3>Be\u017en\u00e9 probl\u00e9my<\/h3>\n<ul>\n<li><strong>\u00daniky tekut\u00edn:<\/strong> M\u00f4\u017ee to by\u0165 sp\u00f4soben\u00e9 opotrebovan\u00fdmi tesneniami alebo po\u0161koden\u00fdmi armat\u00farami. Pravideln\u00e9 kontroly m\u00f4\u017eu pom\u00f4c\u0165 v\u010das odhali\u0165 netesnosti.<\/li>\n<li><strong>Nereaguj\u00faci valec:<\/strong> M\u00f4\u017ee to nazna\u010dova\u0165 n\u00edzku hladinu hydraulickej kvapaliny alebo vzduch v syst\u00e9me, \u010do m\u00f4\u017ee naru\u0161i\u0165 norm\u00e1lnu prev\u00e1dzku.<\/li>\n<li><strong>Prehriatie:<\/strong> Nadmern\u00e9 teplo m\u00f4\u017ee by\u0165 d\u00f4sledkom nedostato\u010dn\u00e9ho mazania alebo pre\u0165a\u017eenia, \u010do si vy\u017eaduje okam\u017eit\u00fa pozornos\u0165, aby sa predi\u0161lo po\u0161kodeniu.<\/li>\n<\/ul>\n<h3>Tipy na rie\u0161enie probl\u00e9mov<\/h3>\n<p>Pre efekt\u00edvne rie\u0161enie probl\u00e9mov za\u010dnite identifik\u00e1ciou pr\u00edznakov. V pr\u00edpade \u00faniku kvapal\u00edn skontrolujte tesnenia a armat\u00fary, \u010di nie s\u00fa po\u0161koden\u00e9. V pr\u00edpade nereaguj\u00facich valcov skontrolujte hladiny kvapal\u00edn a v pr\u00edpade potreby syst\u00e9m odvzdu\u0161nite. Ak d\u00f4jde k prehriatiu, skontrolujte postupy mazania a uistite sa, \u017ee syst\u00e9m nie je pre\u0165a\u017een\u00fd.<\/p>\n<p>Pravideln\u00e1 \u00fadr\u017eba a kontroly m\u00f4\u017eu pom\u00f4c\u0165 predch\u00e1dza\u0165 t\u00fdmto probl\u00e9mom. Vzdel\u00e1vanie oper\u00e1torov o spr\u00e1vnom pou\u017e\u00edvan\u00ed a protokoloch \u00fadr\u017eby \u010falej minimalizuje potenci\u00e1lne probl\u00e9my a zabezpe\u010duje efekt\u00edvnu prev\u00e1dzku hydraulick\u00e9ho syst\u00e9mu.<\/p>\n<p><img decoding=\"async\" src=\"https:\/\/www.hydraulic-cylinders.net\/wp-content\/uploads\/2025\/04\/songte-bushings-with-all-kinds-of-excavator-models.webp\" alt=\"Puzdr\u00e1 pre modely r\u00fdpadiel\"><\/p>\n<h2>Preh\u013ead spolo\u010dnosti<\/h2>\n<p>Sme popredn\u00fdm v\u00fdrobcom n\u00e1hradn\u00fdch hydraulick\u00fdch valcov a poskytujeme komplexn\u00fd sortiment produktov pre dom\u00e1ci aj medzin\u00e1rodn\u00fd trh. N\u00e1\u0161 z\u00e1v\u00e4zok k dokonalosti n\u00e1s vedie k prij\u00edmaniu prec\u00edznych v\u00fdrobn\u00fdch strat\u00e9gi\u00ed, vyu\u017e\u00edvaniu pokro\u010dil\u00fdch technol\u00f3gi\u00ed a kvalifikovan\u00fdch odborn\u00edkov na zvy\u0161ovanie na\u0161ich v\u00fdrobn\u00fdch kapac\u00edt.<\/p>\n<p>Na\u0161e najmodernej\u0161ie v\u00fdrobn\u00e9 zariadenia zabezpe\u010duj\u00fa vysok\u00fa efektivitu, presnos\u0165 a kvalitu v celom v\u00fdrobnom procese. Uprednost\u0148ujeme spokojnos\u0165 z\u00e1kazn\u00edkov t\u00fdm, \u017ee im pon\u00fakame slu\u017eby na mieru prisp\u00f4soben\u00e9 ich \u0161pecifick\u00fdm potreb\u00e1m, ktor\u00e9 s\u00fa podporen\u00e9 medzin\u00e1rodn\u00fdmi certifik\u00e1ciami, ktor\u00e9 potvrdzuj\u00fa n\u00e1\u0161 z\u00e1v\u00e4zok k \u0161tandardom kvality.<\/p>\n<p>V\u010faka robustnej popredajnej podpore zabezpe\u010dujeme, aby na\u0161i z\u00e1kazn\u00edci dost\u00e1vali priebe\u017en\u00fa pomoc a budovali dlhodob\u00e9 vz\u0165ahy zalo\u017een\u00e9 na d\u00f4vere a spo\u013eahlivosti.<\/p>\n<p><img decoding=\"async\" src=\"https:\/\/www.hydraulic-cylinders.net\/wp-content\/uploads\/2025\/04\/songte-company-4.webp\" alt=\"Preh\u013ead spolo\u010dnosti\"><br \/>\n<img decoding=\"async\" src=\"https:\/\/www.hydraulic-cylinders.net\/wp-content\/uploads\/2025\/04\/songte-company-3.webp\" alt=\"V\u00fdrobn\u00fd proces spolo\u010dnosti\"><\/p>\n<p>Autor: lyl<\/p>","protected":false},"excerpt":{"rendered":"<p>Boom Cylinder For XGMA Middle Excavator XG822EL Product Overview The Boom Cylinder for XGMA Middle Excavator XG822EL is a crucial component in the hydraulic system of excavators. This hydraulic cylinder is specifically designed to control the movement of the boom arm, enabling efficient lifting, lowering, and tilting of the bucket. It plays a vital role [&hellip;]<\/p>","protected":false},"featured_media":17868,"comment_status":"open","ping_status":"closed","template":"","meta":{"_et_pb_use_builder":"","_et_pb_old_content":"","_et_gb_content_width":""},"product_brand":[],"product_cat":[1546],"product_tag":[1547,1496],"class_list":{"0":"post-19318","1":"product","2":"type-product","3":"status-publish","4":"has-post-thumbnail","6":"product_cat-boom-cylinders","7":"product_tag-boom-cylinders","8":"product_tag-hydraulic-cylinders","10":"first","11":"instock","12":"shipping-taxable","13":"product-type-simple"},"amp_enabled":true,"_links":{"self":[{"href":"https:\/\/www.hydraulic-cylinders.net\/sk\/wp-json\/wp\/v2\/product\/19318","targetHints":{"allow":["GET"]}}],"collection":[{"href":"https:\/\/www.hydraulic-cylinders.net\/sk\/wp-json\/wp\/v2\/product"}],"about":[{"href":"https:\/\/www.hydraulic-cylinders.net\/sk\/wp-json\/wp\/v2\/types\/product"}],"replies":[{"embeddable":true,"href":"https:\/\/www.hydraulic-cylinders.net\/sk\/wp-json\/wp\/v2\/comments?post=19318"}],"wp:featuredmedia":[{"embeddable":true,"href":"https:\/\/www.hydraulic-cylinders.net\/sk\/wp-json\/wp\/v2\/media\/17868"}],"wp:attachment":[{"href":"https:\/\/www.hydraulic-cylinders.net\/sk\/wp-json\/wp\/v2\/media?parent=19318"}],"wp:term":[{"taxonomy":"product_brand","embeddable":true,"href":"https:\/\/www.hydraulic-cylinders.net\/sk\/wp-json\/wp\/v2\/product_brand?post=19318"},{"taxonomy":"product_cat","embeddable":true,"href":"https:\/\/www.hydraulic-cylinders.net\/sk\/wp-json\/wp\/v2\/product_cat?post=19318"},{"taxonomy":"product_tag","embeddable":true,"href":"https:\/\/www.hydraulic-cylinders.net\/sk\/wp-json\/wp\/v2\/product_tag?post=19318"}],"curies":[{"name":"pracovn\u00fd list","href":"https:\/\/api.w.org\/{rel}","templated":true}]}}