{"id":19319,"date":"2025-04-07T06:26:45","date_gmt":"2025-04-07T06:26:45","guid":{"rendered":"https:\/\/www.hydraulic-cylinders.net\/product\/boom-cylinder-for-xgma-middle-excavator-xg825el\/"},"modified":"2025-04-07T06:26:48","modified_gmt":"2025-04-07T06:26:48","slug":"boom-cylinder-for-xgma-middle-excavator-xg825el","status":"publish","type":"product","link":"https:\/\/www.hydraulic-cylinders.net\/sk\/produkt\/boom-cylinder-for-xgma-middle-excavator-xg825el\/","title":{"rendered":"Valec v\u00fdlo\u017en\u00edka pre stredn\u00e9 r\u00fdpadlo XGMA XG825EL"},"content":{"rendered":"<h1>Valec v\u00fdlo\u017en\u00edka pre stredn\u00e9 r\u00fdpadlo XGMA XG825EL<\/h1>\n<h2>Preh\u013ead produktu<\/h2>\n<p>Hydraulick\u00fd valec v\u00fdlo\u017en\u00edka je z\u00e1kladn\u00fd hydraulick\u00fd komponent \u0161peci\u00e1lne navrhnut\u00fd pre stredn\u00fd bager XGMA XG825EL. Tento hydraulick\u00fd valec hr\u00e1 k\u013e\u00fa\u010dov\u00fa \u00falohu pri riaden\u00ed pohybu v\u00fdlo\u017en\u00edka r\u00fdpadla, \u010do umo\u017e\u0148uje presn\u00e9 zdv\u00edhanie, sp\u00fa\u0161\u0165anie a nakl\u00e1\u0148anie ly\u017eice. Ako hydraulick\u00fd aktu\u00e1tor vyu\u017e\u00edva hydraulick\u00fa kvapalinu na generovanie potrebnej sily pre n\u00e1ro\u010dn\u00e9 \u00falohy. \u00da\u010dinnos\u0165 valca v\u00fdlo\u017en\u00edka priamo ovplyv\u0148uje v\u00fdkon r\u00fdpadla v r\u00f4znych stavebn\u00fdch a zemn\u00fdch aplik\u00e1ci\u00e1ch.<\/p>\n<p><img decoding=\"async\" src=\"https:\/\/www.hydraulic-cylinders.net\/wp-content\/uploads\/2025\/04\/songte-company-1.webp\" alt=\"Valec v\u00fdlo\u017en\u00edka\"><\/p>\n<h2>K\u013e\u00fa\u010dov\u00e9 vlastnosti<\/h2>\n<ul>\n<li><strong>Vysok\u00e1 pevnos\u0165 a odolnos\u0165:<\/strong> Valec v\u00fdlo\u017en\u00edka je vyroben\u00fd z vysokopevnostnej ocele alebo hlin\u00edka a je navrhnut\u00fd tak, aby odolal vysok\u00e9mu tlaku a \u0165a\u017ek\u00fdm za\u0165a\u017eeniam. Jeho odolnos\u0165 zais\u0165uje funk\u010dnos\u0165 v n\u00e1ro\u010dn\u00fdch prev\u00e1dzkov\u00fdch podmienkach a z\u00e1rove\u0148 je odoln\u00fd vo\u010di opotrebovaniu a kor\u00f3zii, \u010d\u00edm sa predl\u017euje jeho \u017eivotnos\u0165.<\/li>\n<li><strong>Efekt\u00edvna hydraulick\u00e1 prev\u00e1dzka:<\/strong> Valec pracuje plynulo pod tlakom hydraulick\u00e9ho oleja a zabezpe\u010duje r\u00fdchlu odozvu na ovl\u00e1dacie povely. T\u00e1to funkcia pon\u00faka siln\u00fa \u0165a\u017en\u00fa a tla\u010dn\u00fa silu, ide\u00e1lnu na manipul\u00e1ciu s \u0165a\u017ek\u00fdmi materi\u00e1lmi a zlo\u017eit\u00e9 \u00falohy.<\/li>\n<li><strong>R\u00f4zne typy:<\/strong> Hydraulick\u00e9 valce v\u00fdlo\u017en\u00edka s\u00fa dostupn\u00e9 v r\u00f4znych typoch, vr\u00e1tane jedno\u010dinn\u00fdch (pracuj\u00facich v jednom smere) alebo dvoj\u010dinn\u00fdch (pracuj\u00facich v oboch smeroch) hydraulick\u00fdch valcov. Niektor\u00e9 modely s\u00fa teleskopick\u00e9, \u010do umo\u017e\u0148uje v\u00e4\u010d\u0161ie vysunutie bez zv\u00e4\u010d\u0161enia vonkaj\u0161\u00edch rozmerov, v\u010faka \u010domu s\u00fa vhodn\u00e9 pre aplik\u00e1cie s obmedzen\u00fdm priestorom.<\/li>\n<li><strong>Z\u00e1kazkov\u00e1 v\u00fdroba:<\/strong> Na\u0161a spolo\u010dnos\u0165 sa \u0161pecializuje na v\u00fdrobu hydraulick\u00fdch valcov v\u00fdlo\u017en\u00edka, ktor\u00e9 dokonale nahr\u00e1dzaj\u00fa existuj\u00face hydraulick\u00e9 valce, \u010d\u00edm zabezpe\u010duj\u00fa kompatibilitu a \u00fa\u010dinnos\u0165.<\/li>\n<li><strong>Pokro\u010dil\u00fd dizajn:<\/strong> Ka\u017ed\u00fd valec je navrhnut\u00fd s presnos\u0165ou, aby sp\u013a\u0148al n\u00e1ro\u010dn\u00e9 po\u017eiadavky modern\u00fdch v\u00fdkopov\u00fdch \u00faloh a zabezpe\u010doval spo\u013eahlivos\u0165 a v\u00fdkon.<\/li>\n<\/ul>\n<p><img decoding=\"async\" src=\"https:\/\/www.hydraulic-cylinders.net\/wp-content\/uploads\/2025\/04\/songte-cylinder-head-with-all-kinds-excavator-models.webp\" alt=\"Modely bagrov\"><\/p>\n<h2>Aplik\u00e1cie<\/h2>\n<h3>Stavebn\u00e9 stroje<\/h3>\n<p>V stavebn\u00fdch strojoch s\u00fa valce v\u00fdlo\u017en\u00edka k\u013e\u00fa\u010dov\u00fdmi komponentmi, ktor\u00e9 sa nach\u00e1dzaj\u00fa v r\u00fdpadl\u00e1ch a s\u00fa nevyhnutn\u00e9 pre kopanie, nakladanie a premiest\u0148ovanie zeminy alebo sutiny. Poskytuj\u00fa potrebn\u00fa silu na zdv\u00edhanie a sp\u00fa\u0161\u0165anie v\u00fdlo\u017en\u00edka, \u010do umo\u017e\u0148uje efekt\u00edvne a \u00fa\u010dinn\u00e9 v\u00fdkopov\u00e9 pr\u00e1ce. V r\u00fdpadlo-naklada\u010doch pom\u00e1haj\u00fa valce v\u00fdlo\u017en\u00edka pri kopan\u00ed aj zdv\u00edhan\u00ed, \u010d\u00edm zvy\u0161uj\u00fa v\u0161estrannos\u0165 stroja.<\/p>\n<h3>Po\u013enohospod\u00e1rske stroje<\/h3>\n<p>V po\u013enohospod\u00e1rstve \u010deln\u00e9 naklada\u010de vyu\u017e\u00edvaj\u00fa valce v\u00fdlo\u017en\u00edka na naberanie, zdv\u00edhanie a prepravu p\u00f4dy, sena a r\u00f4znych materi\u00e1lov. Ich schopnos\u0165 man\u00e9vrova\u0165 a nastavova\u0165 uhol ly\u017eice umo\u017e\u0148uje obsluhe efekt\u00edvne vykon\u00e1va\u0165 \u00falohy, ako je nakladanie a vykladanie. Hydraulick\u00fd v\u00fdkon u\u013eah\u010duje manipul\u00e1ciu s \u0165a\u017ek\u00fdmi bremenami, v\u010faka \u010domu s\u00fa po\u013enohospod\u00e1rske oper\u00e1cie plynulej\u0161ie a produkt\u00edvnej\u0161ie.<\/p>\n<h3>R\u00fdpadl\u00e1<\/h3>\n<p>V r\u00fdpadl\u00e1ch umo\u017e\u0148uje valec ly\u017eice prenikn\u00fa\u0165 do p\u00f4dy po\u010das v\u00fdkopov\u00fdch pr\u00e1c. T\u00e1to schopnos\u0165 je k\u013e\u00fa\u010dov\u00e1 pre efekt\u00edvne v\u00fdkopov\u00e9 pr\u00e1ce, preto\u017ee umo\u017e\u0148uje obsluhe dosiahnu\u0165 hlb\u0161ie \u00farovne p\u00f4dy a pres\u00fava\u0165 v\u00e4\u010d\u0161ie objemy zeminy. V\u00fdkon valca priamo ovplyv\u0148uje r\u00fdchlos\u0165 a efekt\u00edvnos\u0165 procesu v\u00fdkopov\u00fdch pr\u00e1c.<\/p>\n<h3>Naklada\u010de<\/h3>\n<p>V \u010deln\u00fdch naklada\u010doch zohr\u00e1vaj\u00fa valce v\u00fdlo\u017en\u00edka d\u00f4le\u017eit\u00fa \u00falohu pri efekt\u00edvnom zdv\u00edhan\u00ed a vykladan\u00ed bremien. Poskytuj\u00fa potrebn\u00fa hydraulick\u00fa silu na zdv\u00edhanie a nakl\u00e1\u0148anie ly\u017eice, \u010d\u00edm zabezpe\u010duj\u00fa jednoduch\u00e9 nakladanie materi\u00e1lov na n\u00e1kladn\u00e9 vozidl\u00e1 alebo ich premiest\u0148ovanie na r\u00f4zne miesta. T\u00e1to funkcia je nevyhnutn\u00e1 v stavebn\u00edctve a manipul\u00e1cii s materi\u00e1lom.<\/p>\n<h2>\u00davahy o dizajne<\/h2>\n<h3>Nosnos\u0165<\/h3>\n<p>Nosnos\u0165 valca v\u00fdlo\u017en\u00edka je kritick\u00fdm kon\u0161truk\u010dn\u00fdm faktorom. Ur\u010duje maxim\u00e1lnu hmotnos\u0165, ktor\u00fa valec dok\u00e1\u017ee zvl\u00e1dnu\u0165 bez poruchy. Spr\u00e1vne pos\u00fadenie po\u017eiadaviek na za\u0165a\u017eenie je nevyhnutn\u00e9 na zabezpe\u010denie toho, aby sa valec pou\u017e\u00edval v r\u00e1mci svojich limitov, \u010d\u00edm sa pred\u00edde po\u0161kodeniu a zabezpe\u010d\u00ed sa bezpe\u010dnos\u0165 po\u010das prev\u00e1dzky. V\u00fdrobcovia musia dodr\u017eiava\u0165 pr\u00edsne technick\u00e9 normy, aby zaru\u010dili spo\u013eahlivos\u0165 a \u00fa\u010dinnos\u0165 vo vysoko n\u00e1ro\u010dn\u00fdch aplik\u00e1ci\u00e1ch.<\/p>\n<h3>Tesnenie<\/h3>\n<p>\u00da\u010dinn\u00e9 tesnenie je k\u013e\u00fa\u010dov\u00e9 pre v\u00fdkon hydraulick\u00fdch valcov. Vysokokvalitn\u00e9 tesnenia zabra\u0148uj\u00fa \u00faniku hydraulickej kvapaliny, \u010do je nevyhnutn\u00e9 pre udr\u017eanie tlaku a \u00fa\u010dinnosti. Pou\u017eitie pokro\u010dil\u00fdch tesniacich materi\u00e1lov, ako je polyuret\u00e1n alebo nitrilov\u00e1 guma, zvy\u0161uje odolnos\u0165 a zni\u017euje opotrebenie, \u010d\u00edm zabezpe\u010duje dlhodob\u00fa funk\u010dnos\u0165 v r\u00f4znych prev\u00e1dzkov\u00fdch podmienkach. Spr\u00e1vny n\u00e1vrh tesnenia tie\u017e prispieva k celkovej bezpe\u010dnosti a \u00fa\u010dinnosti hydraulick\u00e9ho syst\u00e9mu.<\/p>\n<h3>Trvanlivos\u0165<\/h3>\n<p>Trvanlivos\u0165 je k\u013e\u00fa\u010dov\u00fdm aspektom kon\u0161trukcie hydraulick\u00e9ho valca. Zoh\u013eadnenie faktorov, ako je v\u00fdber materi\u00e1lu, povrchov\u00e9 \u00fapravy a ochrann\u00e9 n\u00e1tery, m\u00f4\u017ee v\u00fdrazne pred\u013a\u017ei\u0165 \u017eivotnos\u0165 valca. In\u017einieri sa musia zamera\u0165 na vytvorenie robustnej kon\u0161trukcie, ktor\u00e1 odol\u00e1 n\u00e1ro\u010dn\u00e9mu prostrediu vr\u00e1tane vystavenia koroz\u00edvnym prvkom a extr\u00e9mnym teplotn\u00fdm v\u00fdkyvom. Pravideln\u00e9 kontroly a \u00fadr\u017eba s\u00fa nevyhnutn\u00e9 pre zabezpe\u010denie dlhodobej \u017eivotnosti.<\/p>\n<h3>Bezpe\u010dnos\u0165<\/h3>\n<p>Bezpe\u010dnos\u0165 je pri n\u00e1vrhu valcov ramena prvorad\u00e1. In\u017einieri musia zv\u00e1\u017ei\u0165 potenci\u00e1lne body poruchy a zahrn\u00fa\u0165 bezpe\u010dnostn\u00e9 prvky na zmiernenie riz\u00edk. Patria sem pretlakov\u00e9 ventily, ktor\u00e9 zabra\u0148uj\u00fa pretlaku, a robustn\u00e9 mo\u017enosti mont\u00e1\u017ee na zabezpe\u010denie stability po\u010das prev\u00e1dzky. Na ochranu oper\u00e1torov a zariaden\u00ed v ter\u00e9ne je nevyhnutn\u00e9 dodr\u017eiavanie medzin\u00e1rodn\u00fdch bezpe\u010dnostn\u00fdch noriem.<\/p>\n<h3>Udr\u017eiavate\u013enos\u0165<\/h3>\n<p>Navrhovanie s oh\u013eadom na \u00fadr\u017ebu zabezpe\u010duje, \u017ee hydraulick\u00e9 valce sa daj\u00fa \u013eahko a efekt\u00edvne servisova\u0165. Aspekty, ako je jednoduch\u00fd pr\u00edstup ku komponentom, jasn\u00e9 ozna\u010denie \u00faloh \u00fadr\u017eby a pou\u017eitie \u0161tandardizovan\u00fdch dielov, m\u00f4\u017eu zjednodu\u0161i\u0165 procesy opravy. Pravideln\u00e1 \u00fadr\u017eba je nevyhnutn\u00e1 na predch\u00e1dzanie neo\u010dak\u00e1van\u00fdm poruch\u00e1m a pred\u013a\u017eenie \u017eivotnosti zariadenia.<\/p>\n<p><img decoding=\"async\" src=\"https:\/\/www.hydraulic-cylinders.net\/wp-content\/uploads\/2025\/04\/songte-oil-pipes-and-spare-parts.webp\" alt=\"Hydraulick\u00e9 diely\"><\/p>\n<h2>Tesnenie a mazanie<\/h2>\n<p>Spr\u00e1vne tesnenie a mazanie s\u00fa k\u013e\u00fa\u010dov\u00e9 pre efekt\u00edvnu prev\u00e1dzku hydraulick\u00fdch valcov. Na zabr\u00e1nenie \u00faniku kvapaliny a udr\u017eanie tlaku vo valci sa pou\u017e\u00edvaj\u00fa r\u00f4zne tesnenia, vr\u00e1tane tesnen\u00ed piestov a tesnen\u00ed ty\u010d\u00ed. Tesniace materi\u00e1ly ako polyuret\u00e1n a nitrilov\u00e1 guma sa vyberaj\u00fa pre svoju odolnos\u0165 proti opotrebovaniu a trvanlivos\u0165. Okrem toho sa teleso valca a z\u00e1vitov\u00e9 konce jemne obr\u00e1baj\u00fa, aby sa zv\u00fd\u0161ila odolnos\u0165 proti opotrebovaniu. Pravideln\u00e9 mazanie hydraulick\u00fdm olejom je nevyhnutn\u00e9 na zabezpe\u010denie plynul\u00e9ho chodu a na zabr\u00e1nenie nadmern\u00e9mu opotrebovaniu pohybliv\u00fdch \u010dast\u00ed.<\/p>\n<h2>Opatrenia prevent\u00edvnej \u00fadr\u017eby<\/h2>\n<ul>\n<li><strong>Pravideln\u00e9 kontroly:<\/strong> Napl\u00e1nujte si pravideln\u00e9 kontroly zn\u00e1mok opotrebovania, netesnost\u00ed a in\u00fdch potenci\u00e1lnych probl\u00e9mov, aby ste zabezpe\u010dili optim\u00e1lny v\u00fdkon a bezpe\u010dnos\u0165.<\/li>\n<li><strong>Spr\u00e1vne mazanie:<\/strong> Udr\u017eiavajte vhodn\u00fa hladinu mazania a pou\u017e\u00edvajte odpor\u00fa\u010dan\u00e9 hydraulick\u00e9 oleje, aby ste zabezpe\u010dili plynul\u00fd chod a zn\u00ed\u017eili trenie.<\/li>\n<li><strong>V\u00fdmena tesnenia:<\/strong> Sledujte opotrebovanie tesnen\u00ed a pod\u013ea potreby ich vyme\u0148te, aby ste predi\u0161li \u00faniku kvapaliny a udr\u017eali hydraulick\u00fd tlak.<\/li>\n<\/ul>\n<h2>Pokyny na in\u0161tal\u00e1ciu<\/h2>\n<p>In\u0161tal\u00e1cia valca v\u00fdlo\u017en\u00edka si vy\u017eaduje d\u00f4kladn\u00fa pozornos\u0165 venovan\u00fa detailom, aby sa zabezpe\u010dil optim\u00e1lny v\u00fdkon. Za\u010dnite zarovnan\u00edm valca s mont\u00e1\u017enymi konzolami na r\u00fdpadle a uistite sa, \u017ee v\u0161etky komponenty s\u00fa spr\u00e1vne umiestnen\u00e9. Na upevnenie valca na mieste pou\u017eite vhodn\u00fd mont\u00e1\u017eny materi\u00e1l a vyhnite sa ak\u00e9muko\u013evek nespr\u00e1vnemu zarovnaniu, ktor\u00e9 by mohlo vies\u0165 k prev\u00e1dzkov\u00fdm probl\u00e9mom. Po upevnen\u00ed valca pripojte hydraulick\u00e9 potrubia a uistite sa, \u017ee v\u0161etky spoje s\u00fa tesn\u00e9 a bez \u00fanikov. Nakoniec vykonajte kontrolu syst\u00e9mu, aby ste overili, \u010di valec funguje hladko a efekt\u00edvne bez ak\u00fdchko\u013evek prek\u00e1\u017eok.<\/p>\n<h2>Be\u017en\u00e9 \u00falohy \u00fadr\u017eby<\/h2>\n<ul>\n<li><strong>Pravideln\u00e9 kontroly:<\/strong> Vykon\u00e1vajte pravideln\u00e9 kontroly, aby ste zistili ak\u00e9ko\u013evek opotrebovanie alebo po\u0161kodenie. To pom\u00e1ha odhali\u0165 probl\u00e9my sk\u00f4r, ako sa premenia na v\u00e1\u017ene probl\u00e9my.<\/li>\n<li><strong>Spr\u00e1vne mazanie:<\/strong> Zabezpe\u010denie dostato\u010dn\u00e9ho mazania je nevyhnutn\u00e9 pre dlh\u00fa \u017eivotnos\u0165 hydraulick\u00e9ho valca. Pravidelne kontrolujte hladinu oleja a v pr\u00edpade potreby ho dopl\u0148ujte.<\/li>\n<li><strong>V\u00fdmena tesnenia:<\/strong> Sledujte stav tesnen\u00ed a pod\u013ea potreby ich vyme\u0148te, aby ste zachovali hydraulick\u00fa integritu a predi\u0161li \u00fanikom.<\/li>\n<\/ul>\n<h2>Bezpe\u010dnostn\u00e9 aspekty a faktory prostredia<\/h2>\n<p>Pri pou\u017e\u00edvan\u00ed hydraulick\u00fdch valcov v\u00fdlo\u017en\u00edka s\u00fa bezpe\u010dnostn\u00e9 opatrenia prvorad\u00e9. Obsluha mus\u00ed by\u0165 vy\u0161kolen\u00e1 v rozpoznan\u00ed a zmiernen\u00ed potenci\u00e1lnych riz\u00edk spojen\u00fdch s hydraulick\u00fdm zariaden\u00edm. To zah\u0155\u0148a pochopenie riz\u00edk \u00faniku hydraulickej kvapaliny, vysokotlakov\u00fdch syst\u00e9mov a bezpe\u010dn\u00fdch zdv\u00edhac\u00edch techn\u00edk. Okrem toho je potrebn\u00e9 zoh\u013eadni\u0165 environment\u00e1lne aspekty, ako je spr\u00e1vna likvid\u00e1cia hydraulick\u00fdch kvapal\u00edn a vplyv strojov na okolit\u00fd ekosyst\u00e9m.<\/p>\n<h2>Diagnostika por\u00fach a be\u017en\u00e9 probl\u00e9my<\/h2>\n<ul>\n<li><strong>\u00danik:<\/strong> Identifikujte zdroj \u00fanikov kontrolou tesnen\u00ed a spojov. V\u010dasn\u00e9 rie\u0161enie \u00fanikov je k\u013e\u00fa\u010dov\u00e9 pre udr\u017eanie \u00fa\u010dinnosti syst\u00e9mu.<\/li>\n<li><strong>Nekonzistentn\u00fd pohyb:<\/strong> Ak valec pracuje nerovnomerne, skontrolujte hladinu hydraulickej kvapaliny a skontrolujte, \u010di nedo\u0161lo k upchatiu alebo vn\u00fatorn\u00e9mu po\u0161kodeniu.<\/li>\n<li><strong>Prehriatie:<\/strong> Monitorujte teplotu hydraulick\u00e9ho syst\u00e9mu. Prehriatie m\u00f4\u017ee nazna\u010dova\u0165 degrad\u00e1ciu kvapaliny alebo nedostato\u010dn\u00e9 mazanie.<\/li>\n<\/ul>\n<h2>Tipy na rie\u0161enie probl\u00e9mov<\/h2>\n<p>Pre efekt\u00edvnu diagnostiku por\u00fach by sa oper\u00e1tori mali obozn\u00e1mi\u0165 s be\u017en\u00fdmi pr\u00edznakmi a rie\u0161eniami. Pravideln\u00e9 kontroly \u00fadr\u017eby m\u00f4\u017eu predch\u00e1dza\u0165 vzniku mnoh\u00fdch probl\u00e9mov, napr\u00edklad v\u00fdmena opotrebovan\u00fdch tesnen\u00ed sk\u00f4r, ako sp\u00f4sobia netesnosti. Spr\u00e1vne \u0161kolenie v oblasti hydraulick\u00fdch syst\u00e9mov umo\u017e\u0148uje oper\u00e1torom rozpozna\u0165 v\u010dasn\u00e9 pr\u00edznaky poruchy, \u010do umo\u017e\u0148uje v\u010dasn\u00e9 z\u00e1sahy, ktor\u00e9 zvy\u0161uj\u00fa \u017eivotnos\u0165 a v\u00fdkonnos\u0165 valcov v\u00fdlo\u017en\u00edka.<\/p>\n<p><img decoding=\"async\" src=\"https:\/\/www.hydraulic-cylinders.net\/wp-content\/uploads\/2025\/04\/songte-bushings-with-all-kinds-of-excavator-models.webp\" alt=\"Puzdr\u00e1 bagerov\"><\/p>\n<h2>O na\u0161ej spolo\u010dnosti<\/h2>\n<p>Sme popredn\u00fdm v\u00fdrobcom n\u00e1hradn\u00fdch hydraulick\u00fdch valcov, zn\u00e1mych pre na\u0161u rozmanit\u00fa ponuku produktov. Na\u0161a spolo\u010dnos\u0165 sa etablovala ako popredn\u00fd hr\u00e1\u010d na dom\u00e1com aj medzin\u00e1rodnom trhu. Dodr\u017eiavame princ\u00edpy excelentnosti a v na\u0161ich \u0161pecializovan\u00fdch diel\u0148ach vyu\u017e\u00edvame pokro\u010dil\u00e9 strat\u00e9gie riadenia v\u00fdroby. Na\u0161e zameranie na kvalifikovan\u00fdch technikov, \u0161pi\u010dkov\u00e9 digit\u00e1lne v\u00fdrobn\u00e9 zariadenia a pr\u00edsny testovac\u00ed syst\u00e9m zabezpe\u010duje neust\u00e1le zlep\u0161ovanie na\u0161ej v\u00fdrobnej platformy a kvality produktov. V\u010faka z\u00e1v\u00e4zku k efekt\u00edvnosti, presnosti a vysok\u00fdm \u0161tandardom kvality sp\u013a\u0148ame \u0161irok\u00fa \u0161k\u00e1lu po\u017eiadaviek z\u00e1kazn\u00edkov.<\/p>\n<p><img decoding=\"async\" src=\"https:\/\/www.hydraulic-cylinders.net\/wp-content\/uploads\/2025\/04\/songte-company-4.webp\" alt=\"Na\u0161a spolo\u010dnos\u0165\"><br \/>\n<img decoding=\"async\" src=\"https:\/\/www.hydraulic-cylinders.net\/wp-content\/uploads\/2025\/04\/songte-company-3.webp\" alt=\"Preh\u013ead spolo\u010dnosti\"><\/p>\n<p>Autor: lyl<\/p>","protected":false},"excerpt":{"rendered":"<p>Boom Cylinder For XGMA Middle Excavator XG825EL Product Overview The Boom Cylinder is an essential hydraulic component specifically designed for the XGMA Middle Excavator XG825EL. This hydraulic cylinder plays a critical role in controlling the movement of the excavator&#8217;s boom, allowing for precise lifting, lowering, and tilting of the bucket. As a hydraulic actuator, it [&hellip;]<\/p>","protected":false},"featured_media":17869,"comment_status":"open","ping_status":"closed","template":"","meta":{"_et_pb_use_builder":"","_et_pb_old_content":"","_et_gb_content_width":""},"product_brand":[],"product_cat":[1546],"product_tag":[1547,1496],"class_list":{"0":"post-19319","1":"product","2":"type-product","3":"status-publish","4":"has-post-thumbnail","6":"product_cat-boom-cylinders","7":"product_tag-boom-cylinders","8":"product_tag-hydraulic-cylinders","10":"first","11":"instock","12":"shipping-taxable","13":"product-type-simple"},"amp_enabled":true,"_links":{"self":[{"href":"https:\/\/www.hydraulic-cylinders.net\/sk\/wp-json\/wp\/v2\/product\/19319","targetHints":{"allow":["GET"]}}],"collection":[{"href":"https:\/\/www.hydraulic-cylinders.net\/sk\/wp-json\/wp\/v2\/product"}],"about":[{"href":"https:\/\/www.hydraulic-cylinders.net\/sk\/wp-json\/wp\/v2\/types\/product"}],"replies":[{"embeddable":true,"href":"https:\/\/www.hydraulic-cylinders.net\/sk\/wp-json\/wp\/v2\/comments?post=19319"}],"wp:featuredmedia":[{"embeddable":true,"href":"https:\/\/www.hydraulic-cylinders.net\/sk\/wp-json\/wp\/v2\/media\/17869"}],"wp:attachment":[{"href":"https:\/\/www.hydraulic-cylinders.net\/sk\/wp-json\/wp\/v2\/media?parent=19319"}],"wp:term":[{"taxonomy":"product_brand","embeddable":true,"href":"https:\/\/www.hydraulic-cylinders.net\/sk\/wp-json\/wp\/v2\/product_brand?post=19319"},{"taxonomy":"product_cat","embeddable":true,"href":"https:\/\/www.hydraulic-cylinders.net\/sk\/wp-json\/wp\/v2\/product_cat?post=19319"},{"taxonomy":"product_tag","embeddable":true,"href":"https:\/\/www.hydraulic-cylinders.net\/sk\/wp-json\/wp\/v2\/product_tag?post=19319"}],"curies":[{"name":"pracovn\u00fd list","href":"https:\/\/api.w.org\/{rel}","templated":true}]}}