{"id":19320,"date":"2025-04-07T06:26:50","date_gmt":"2025-04-07T06:26:50","guid":{"rendered":"https:\/\/www.hydraulic-cylinders.net\/product\/boom-cylinder-for-xgma-large-excavator-xg833eh\/"},"modified":"2025-04-07T06:26:52","modified_gmt":"2025-04-07T06:26:52","slug":"boom-cylinder-for-xgma-large-excavator-xg833eh","status":"publish","type":"product","link":"https:\/\/www.hydraulic-cylinders.net\/sk\/produkt\/boom-cylinder-for-xgma-large-excavator-xg833eh\/","title":{"rendered":"Valec v\u00fdlo\u017en\u00edka pre ve\u013ek\u00e9 r\u00fdpadlo XGMA XG833EH"},"content":{"rendered":"<h1>Valec v\u00fdlo\u017en\u00edka pre ve\u013ek\u00e9 r\u00fdpadlo XGMA XG833EH<\/h1>\n<h2>Preh\u013ead produktu<\/h2>\n<p>Hydraulick\u00fd valec v\u00fdlo\u017en\u00edka pre ve\u013ek\u00e9 r\u00fdpadlo XGMA XG833EH je k\u013e\u00fa\u010dovou s\u00fa\u010das\u0165ou hydraulick\u00fdch syst\u00e9mov, \u0161peci\u00e1lne navrhnut\u00fd na ovl\u00e1danie pohybu ramena v\u00fdlo\u017en\u00edka v \u0165a\u017ek\u00fdch strojoch. Tento hydraulick\u00fd valec umo\u017e\u0148uje vys\u00favanie, zas\u00favanie a nakl\u00e1\u0148anie v\u00fdlo\u017en\u00edka, \u010do u\u013eah\u010duje efekt\u00edvnu manipul\u00e1ciu s materi\u00e1lom v stavebn\u00edctve, ban\u00edctve a in\u00fdch \u0165a\u017ek\u00fdch aplik\u00e1ci\u00e1ch. Zohr\u00e1va d\u00f4le\u017eit\u00fa \u00falohu pri prev\u00e1dzke r\u00fdpadiel, r\u00fdpadiel-naklada\u010dov a \u010deln\u00fdch naklada\u010dov, pri\u010dom zabezpe\u010duje presnos\u0165 a stabilitu po\u010das pou\u017e\u00edvania.<\/p>\n<p><img decoding=\"async\" src=\"https:\/\/www.hydraulic-cylinders.net\/wp-content\/uploads\/2025\/04\/songte-company-1.webp\" alt=\"Valec v\u00fdlo\u017en\u00edka pre r\u00fdpadl\u00e1\"><\/p>\n<h3>Defin\u00edcia a funk\u010dnos\u0165<\/h3>\n<p>Hydraulick\u00fd valec ly\u017eice, \u010do je typ hydraulick\u00e9ho valca, je \u0161peci\u00e1lne navrhnut\u00fd na riadenie pohybov ly\u017eice na \u0165a\u017ek\u00fdch strojoch. Tieto valce vyu\u017e\u00edvaj\u00fa hydraulick\u00fa kvapalinu pod tlakom a vytv\u00e1raj\u00fa siln\u00fa silu na zdv\u00edhanie, sp\u00fa\u0161\u0165anie a nakl\u00e1\u0148anie ly\u017eice. Ich kon\u0161trukcia umo\u017e\u0148uje plynul\u00fd chod a zvy\u0161uje celkov\u00fa \u00fa\u010dinnos\u0165 zariadenia, v\u010faka \u010domu s\u00fa nevyhnutn\u00e9 pre r\u00f4zne \u00falohy prepravy materi\u00e1lu. Hydraulick\u00e9 valce, ako napr\u00edklad valec v\u00fdlo\u017en\u00edka, s\u00fa nevyhnutn\u00e9 na vykon\u00e1vanie \u0165a\u017ek\u00fdch zdv\u00edhac\u00edch a premiest\u0148ovac\u00edch \u00faloh, kde je nevyhnutn\u00e1 presnos\u0165 a v\u00fdkon.<\/p>\n<h2>K\u013e\u00fa\u010dov\u00e9 vlastnosti<\/h2>\n<ul>\n<li><strong>Vysok\u00e1 pevnos\u0165 a odolnos\u0165:<\/strong> Tieto valce s\u00fa vyroben\u00e9 z vysokopevnostnej ocele alebo hlin\u00edka a s\u00fa navrhnut\u00e9 tak, aby odolali vysok\u00e9mu tlaku a \u0165a\u017ek\u00e9mu za\u0165a\u017eeniu, vhodn\u00e9 do n\u00e1ro\u010dn\u00fdch pracovn\u00fdch prostred\u00ed a s odolnos\u0165ou proti opotrebovaniu a ochranou proti kor\u00f3zii pred\u013a\u017euj\u00fa \u017eivotnos\u0165.<\/li>\n<li><strong>Efekt\u00edvna hydraulick\u00e1 prev\u00e1dzka:<\/strong> Valec pracuje plynulo v\u010faka tlaku hydraulick\u00e9ho oleja pre r\u00fdchlu odozvu a poskytuje impozantn\u00fa tla\u010dn\u00fa a \u0165a\u017en\u00fa silu na zvl\u00e1dnutie \u0165a\u017ek\u00fdch alebo zlo\u017eit\u00fdch \u00faloh.<\/li>\n<li><strong>R\u00f4zne typy:<\/strong> K dispoz\u00edcii s\u00fa jedno\u010dinn\u00e9 (prev\u00e1dzkov\u00e9 v jednom smere) alebo dvoj\u010dinn\u00e9 (prev\u00e1dzkov\u00e9 v oboch smeroch) konfigur\u00e1cie a niektor\u00e9 modely maj\u00fa teleskopick\u00fa kon\u0161trukciu pre dlh\u0161\u00ed dosah bez zv\u00e4\u010d\u0161enia vonkaj\u0161\u00edch rozmerov, \u010do je ide\u00e1lne pre stiesnen\u00e9 priestory.<\/li>\n<\/ul>\n<h3>V\u00fdrobn\u00e9 kapacity<\/h3>\n<p>\u0160pecializujeme sa na v\u00fdrobu vysokokvalitn\u00fdch hydraulick\u00fdch valcov v\u00fdlo\u017en\u00edka, ktor\u00e9 dokonale nahr\u00e1dzaj\u00fa existuj\u00face hydraulick\u00e9 valce a zabezpe\u010duj\u00fa optim\u00e1lny v\u00fdkon v r\u00f4znych aplik\u00e1ci\u00e1ch.<\/p>\n<p><img decoding=\"async\" src=\"https:\/\/www.hydraulic-cylinders.net\/wp-content\/uploads\/2025\/04\/songte-cylinder-head-with-all-kinds-excavator-models.webp\" alt=\"V\u00fdroba hydraulick\u00fdch valcov\"><\/p>\n<h2>Aplik\u00e1cie<\/h2>\n<h3>Stavebn\u00e9 stroje<\/h3>\n<p>V r\u00fdpadl\u00e1ch s\u00fa valce v\u00fdlo\u017en\u00edka nevyhnutn\u00e9 na kopanie, nakladanie a premiest\u0148ovanie zeminy alebo sutiny. Umo\u017e\u0148uj\u00fa ramenu r\u00fdpadla dosiahnu\u0165 a efekt\u00edvne prenikn\u00fa\u0165 do zeme. V r\u00fdpadlo-naklada\u010doch tieto valce u\u013eah\u010duj\u00fa v\u00fdkopov\u00e9 aj zdv\u00edhacie oper\u00e1cie, v\u010faka \u010domu s\u00fa v\u0161estrann\u00fdmi n\u00e1strojmi v stavebn\u00edctve.<\/p>\n<h3>Po\u013enohospod\u00e1rske stroje<\/h3>\n<p>V \u010deln\u00fdch naklada\u010doch sa valce v\u00fdlo\u017en\u00edka pou\u017e\u00edvaj\u00fa na naberanie, zdv\u00edhanie a prepravu p\u00f4dy, sena a in\u00fdch materi\u00e1lov, \u010do zohr\u00e1va k\u013e\u00fa\u010dov\u00fa \u00falohu v po\u013enohospod\u00e1rskych \u00faloh\u00e1ch. Ich spo\u013eahlivos\u0165 zabezpe\u010duje, \u017ee po\u013enohospod\u00e1ri m\u00f4\u017eu efekt\u00edvne zvl\u00e1da\u0165 svoju pracovn\u00fa z\u00e1\u0165a\u017e s minim\u00e1lnymi prestojmi.<\/p>\n<h3>R\u00fdpadl\u00e1<\/h3>\n<p>Valce v\u00fdlo\u017en\u00edka umo\u017e\u0148uj\u00fa r\u00fdpadl\u00e1m vykon\u00e1va\u0165 kopacie \u010dinnosti t\u00fdm, \u017ee umo\u017e\u0148uj\u00fa ly\u017eici prenikn\u00fa\u0165 do p\u00f4dy. T\u00e1to funkcia je nevyhnutn\u00e1 pri r\u00f4znych v\u00fdkopov\u00fdch projektoch, od bytovej v\u00fdstavby a\u017e po rozsiahle infra\u0161trukt\u00farne projekty.<\/p>\n<h3>Naklada\u010de<\/h3>\n<p>V \u010deln\u00fdch naklada\u010doch valce v\u00fdlo\u017en\u00edka pom\u00e1haj\u00fa pri efekt\u00edvnom zdv\u00edhan\u00ed a vykladan\u00ed bremien. Ich robustn\u00e1 kon\u0161trukcia zais\u0165uje \u013eahk\u00fa prepravu \u0165a\u017ek\u00fdch materi\u00e1lov, \u010d\u00edm sa zvy\u0161uje produktivita na stavenisk\u00e1ch.<\/p>\n<h2>\u00davahy o dizajne a \u0161tandardy v\u00fdberu<\/h2>\n<h3>Nosnos\u0165<\/h3>\n<p>Pri navrhovan\u00ed valca v\u00fdlo\u017en\u00edka je nosnos\u0165 kritick\u00fdm faktorom. Ur\u010duje, ak\u00fa hmotnos\u0165 dok\u00e1\u017ee valec bezpe\u010dne zdvihn\u00fa\u0165 a manipulova\u0165 s \u0148ou. Toto zv\u00e1\u017eenie je nevyhnutn\u00e9 pre zaistenie bezpe\u010dnosti a funk\u010dnosti \u0165a\u017ek\u00fdch strojov pou\u017e\u00edvaj\u00facich valec. In\u017einieri musia vypo\u010d\u00edta\u0165 maxim\u00e1lne o\u010dak\u00e1van\u00e9 za\u0165a\u017eenie po\u010das prev\u00e1dzky, pri\u010dom musia zoh\u013eadni\u0165 faktory, ako je rozlo\u017eenie hmotnosti a typ vykon\u00e1vanej pr\u00e1ce. Vysok\u00e1 nosnos\u0165 si vy\u017eaduje robustn\u00e9 materi\u00e1ly a kon\u0161trukciu, aby sa predi\u0161lo poruche po\u010das pou\u017e\u00edvania.<\/p>\n<h3>Tesniaci v\u00fdkon<\/h3>\n<p>Tesnenie je v hydraulick\u00fdch valcoch nevyhnutn\u00e9 na zabr\u00e1nenie \u00faniku kvapaliny a udr\u017eanie tlaku. \u00da\u010dinn\u00e9 tesnenia musia odol\u00e1va\u0165 vysok\u00e9mu tlaku a teplot\u00e1m a z\u00e1rove\u0148 odol\u00e1va\u0165 opotrebovaniu. Tesnenia vyroben\u00e9 z odoln\u00fdch materi\u00e1lov, ako je polyuret\u00e1n alebo nitrilov\u00e1 guma, zabezpe\u010duj\u00fa dlh\u00fa \u017eivotnos\u0165 a \u00fa\u010dinnos\u0165. Spr\u00e1vne tesnenie ovplyv\u0148uje celkov\u00fd v\u00fdkon a spo\u013eahlivos\u0165 hydraulick\u00e9ho syst\u00e9mu, a preto je nevyhnutn\u00fdm kon\u0161truk\u010dn\u00fdm krit\u00e9riom.<\/p>\n<h3>Trvanlivos\u0165<\/h3>\n<p>Pri v\u00fdbere valca v\u00fdlo\u017en\u00edka je prvorad\u00e1 odolnos\u0165, najm\u00e4 v n\u00e1ro\u010dn\u00fdch prostrediach. Odoln\u00fd valec dok\u00e1\u017ee odola\u0165 n\u00e1ro\u010dn\u00fdm podmienkam, ako s\u00fa extr\u00e9mne teploty, prach, blato a chemik\u00e1lie. V\u00fdrobcovia dosahuj\u00fa odolnos\u0165 v\u00fdberom materi\u00e1lov a pokro\u010dil\u00fdmi technick\u00fdmi technikami, \u010d\u00edm zabezpe\u010duj\u00fa, \u017ee valec m\u00f4\u017ee spo\u013eahlivo fungova\u0165 dlh\u0161\u00ed \u010das.<\/p>\n<h3>Bezpe\u010dnostn\u00e9 prvky<\/h3>\n<p>Za\u010dlenenie bezpe\u010dnostn\u00fdch prvkov do kon\u0161trukcie valcov v\u00fdlo\u017en\u00edka je k\u013e\u00fa\u010dov\u00e9 pre predch\u00e1dzanie nehod\u00e1m po\u010das prev\u00e1dzky. Poistn\u00e9 ventily, syst\u00e9my na zn\u00ed\u017eenie tlaku a mechanizmy n\u00fadzov\u00e9ho zastavenia prispievaj\u00fa k celkovej bezpe\u010dnosti hydraulick\u00fdch syst\u00e9mov. Zabezpe\u010denie toho, aby tieto prvky boli s\u00fa\u010das\u0165ou kon\u0161trukcie, pom\u00e1ha zmierni\u0165 rizik\u00e1 spojen\u00e9 s pou\u017e\u00edvan\u00edm \u0165a\u017ek\u00fdch strojov.<\/p>\n<h3>\u00davahy o \u00fadr\u017ebe<\/h3>\n<p>Navrhovanie s oh\u013eadom na \u00fadr\u017ebu zabezpe\u010duje jednoduch\u00fa \u00fadr\u017ebu valcov ramena. To zah\u0155\u0148a zabezpe\u010denie pr\u00edstupu pre kontroly, mazanie a opravy. Pravideln\u00e1 \u00fadr\u017eba je k\u013e\u00fa\u010dom k pred\u013a\u017eeniu \u017eivotnosti valca a udr\u017eaniu jeho v\u00fdkonu. Funkcie, ktor\u00e9 u\u013eah\u010duj\u00fa \u00fadr\u017ebu, prispievaj\u00fa k ni\u017e\u0161\u00edm prev\u00e1dzkov\u00fdm n\u00e1kladom a zv\u00fd\u0161enej bezpe\u010dnosti.<\/p>\n<p><img decoding=\"async\" src=\"https:\/\/www.hydraulic-cylinders.net\/wp-content\/uploads\/2025\/04\/songte-oil-pipes-and-spare-parts.webp\" alt=\"\u010casti hydraulick\u00e9ho valca\"><\/p>\n<h2>Tesnenie a mazanie<\/h2>\n<p>\u00da\u010dinn\u00e9 tesnenie a mazanie s\u00fa nevyhnutn\u00e9 pre optim\u00e1lny v\u00fdkon valcov v\u00fdlo\u017en\u00edka. R\u00f4zne tesniace komponenty, ako s\u00fa tesnenia piestov a tesnenia ty\u010d\u00ed, s\u00fa nevyhnutn\u00e9 na zabr\u00e1nenie \u00faniku hydraulickej kvapaliny. Na zaistenie odolnosti sa be\u017ene pou\u017e\u00edvaj\u00fa tesnenia vyroben\u00e9 z materi\u00e1lov odoln\u00fdch vo\u010di opotrebovaniu, ako je polyuret\u00e1n a nitrilov\u00fd kau\u010duk. Okrem toho s\u00fa teleso valca a z\u00e1vitov\u00e9 koncov\u00e9 povrchy jemne opracovan\u00e9, aby sa zv\u00fd\u0161ila odolnos\u0165 vo\u010di opotrebovaniu. Pravideln\u00e9 mazanie hydraulick\u00fdm olejom je nevyhnutn\u00e9 na udr\u017eanie plynul\u00e9ho chodu a zabr\u00e1nenie opotrebovaniu pohybliv\u00fdch \u010dast\u00ed, \u010d\u00edm sa zabezpe\u010d\u00ed dlh\u00e1 \u017eivotnos\u0165 valca.<\/p>\n<h2>Opatrenia prevent\u00edvnej \u00fadr\u017eby<\/h2>\n<ul>\n<li><strong>Pravideln\u00e9 kontroly:<\/strong> Vykon\u00e1vajte pravideln\u00e9 kontroly, aby ste v\u010das identifikovali opotrebovanie a potenci\u00e1lne probl\u00e9my. Pravideln\u00e9 kontroly pom\u00e1haj\u00fa predch\u00e1dza\u0165 z\u00e1va\u017en\u00fdm poruch\u00e1m a pred\u013a\u017ei\u0165 \u017eivotnos\u0165 hydraulick\u00e9ho valca.<\/li>\n<li><strong>Vhodn\u00e9 mazanie:<\/strong> Uistite sa, \u017ee valec je dostato\u010dne mazan\u00fd spr\u00e1vnym typom hydraulick\u00e9ho oleja. Tento postup minimalizuje trenie a opotrebovanie pohybliv\u00fdch komponentov, \u010d\u00edm podporuje efekt\u00edvnu prev\u00e1dzku.<\/li>\n<li><strong>V\u00fdmena tesnenia:<\/strong> Sledujte stav tesnen\u00ed a pod\u013ea potreby ich vyme\u0148te. Opotrebovan\u00e9 alebo po\u0161koden\u00e9 tesnenia m\u00f4\u017eu vies\u0165 k netesnostiam, \u010do m\u00f4\u017ee zn\u00ed\u017ei\u0165 v\u00fdkon a bezpe\u010dnos\u0165.<\/li>\n<\/ul>\n<h2>Pokyny na in\u0161tal\u00e1ciu<\/h2>\n<p>Spr\u00e1vna in\u0161tal\u00e1cia valcov ramena je k\u013e\u00fa\u010dov\u00e1 pre ich v\u00fdkon a dlh\u00fa \u017eivotnos\u0165. Za\u010dnite t\u00fdm, \u017ee sa uist\u00edte, \u017ee mont\u00e1\u017ene povrchy s\u00fa \u010dist\u00e9 a bez ne\u010dist\u00f4t. Pou\u017eite vhodn\u00e9 n\u00e1stroje na zarovnanie, aby ste zabezpe\u010dili spr\u00e1vne zarovnanie valca so strojom, aby ste predi\u0161li nadmern\u00e9mu nam\u00e1haniu. Pri upev\u0148ovan\u00ed valca pou\u017eite vhodn\u00e9 mont\u00e1\u017ene konzoly na jeho dostato\u010dn\u00fa stabiliz\u00e1ciu. Dodr\u017eiavajte \u0161pecifik\u00e1cie v\u00fdrobcu t\u00fdkaj\u00face sa nastavenia kr\u00fatiaceho momentu, aby ste predi\u0161li po\u0161kodeniu valca po\u010das in\u0161tal\u00e1cie. Pravidelne kontrolujte zarovnanie a zaistite dr\u017eiaky, aby ste zabezpe\u010dili plynul\u00fd a efekt\u00edvny chod valca.<\/p>\n<h2>Be\u017en\u00e9 \u00falohy \u00fadr\u017eby<\/h2>\n<h3>Pravideln\u00e9 kontroly<\/h3>\n<p>Vykon\u00e1vanie pravideln\u00fdch kontrol je nevyhnutn\u00e9 na identifik\u00e1ciu potenci\u00e1lnych probl\u00e9mov sk\u00f4r, ako sa vyhrotia. Skontrolujte valec, \u010di nevykazuje zn\u00e1mky opotrebovania, netesnost\u00ed alebo kor\u00f3zie. Venujte zv\u00fd\u0161en\u00fa pozornos\u0165 tesneniam a mont\u00e1\u017enym prvkom, aby ste sa uistili, \u017ee v\u0161etko funguje spr\u00e1vne. Zdokumentujte v\u0161etky zistenia, aby ste mohli sledova\u0165 stav v priebehu \u010dasu a probl\u00e9my promptne rie\u0161i\u0165.<\/p>\n<h3>Vhodn\u00e9 mazanie<\/h3>\n<p>Udr\u017eiavanie spr\u00e1vneho mazania je nevyhnutn\u00e9 pre hladk\u00fd chod hydraulick\u00fdch valcov. Pou\u017e\u00edvajte hydraulick\u00fd olej odpor\u00fa\u010dan\u00fd v\u00fdrobcom a uistite sa, \u017ee je naplnen\u00fd na spr\u00e1vnu hladinu. Pravideln\u00e9 mazanie zni\u017euje trenie a opotrebovanie, \u010do umo\u017e\u0148uje valcu efekt\u00edvne fungova\u0165. Stanovte si pl\u00e1n mazania na z\u00e1klade pou\u017e\u00edvania a podmienok prostredia, aby ste zabezpe\u010dili konzistentn\u00fa \u00fadr\u017ebu.<\/p>\n<h3>V\u00fdmena tesnenia a kontroly kalibr\u00e1cie<\/h3>\n<p>Vyme\u0148te tesnenia pri prv\u00fdch zn\u00e1mkach opotrebenia alebo netesnosti, aby ste zachovali integritu hydraulick\u00e9ho syst\u00e9mu. Napl\u00e1nujte si pravideln\u00e9 kalibra\u010dn\u00e9 kontroly, aby ste sa uistili, \u017ee valec pracuje v r\u00e1mci stanoven\u00fdch parametrov. Spr\u00e1vne zarovnanie a funkcia s\u00fa nevyhnutn\u00e9 pre bezpe\u010dnos\u0165 a v\u00fdkon a ak\u00e9ko\u013evek odch\u00fdlky by sa mali okam\u017eite rie\u0161i\u0165.<\/p>\n<p><img decoding=\"async\" src=\"https:\/\/www.hydraulic-cylinders.net\/wp-content\/uploads\/2025\/04\/songte-chushion-collar.webp\" alt=\"Valcov\u00fd vank\u00fa\u0161ov\u00fd golier\"><\/p>\n<h2>Bezpe\u010dnostn\u00e9 aspekty a faktory prostredia<\/h2>\n<p>Pri pou\u017e\u00edvan\u00ed hydraulick\u00fdch valcov je nevyhnutn\u00e9 dodr\u017eiava\u0165 bezpe\u010dnostn\u00e9 opatrenia, aby sa predi\u0161lo nehod\u00e1m. Obsluha mus\u00ed by\u0165 vy\u0161kolen\u00e1 v spr\u00e1vnom pou\u017e\u00edvan\u00ed strojov a rozumie\u0165 potenci\u00e1lnym rizik\u00e1m spojen\u00fdm s hydraulick\u00fdmi syst\u00e9mami. Okrem toho, pou\u017e\u00edvanie ekologick\u00fdch hydraulick\u00fdch kvapal\u00edn m\u00f4\u017ee zmierni\u0165 vplyv na \u017eivotn\u00e9 prostredie, \u010d\u00edm sa podpor\u00ed udr\u017eate\u013enos\u0165 a bezpe\u010dnos\u0165 prev\u00e1dzky.<\/p>\n<h2>Rie\u0161enie be\u017en\u00fdch probl\u00e9mov<\/h2>\n<ul>\n<li><strong>\u00danik:<\/strong> Ak spozorujete \u00fanik hydraulickej kvapaliny z valca, skontrolujte tesnenia, \u010di nie s\u00fa po\u0161koden\u00e9, a v pr\u00edpade potreby ich vyme\u0148te. Uistite sa, \u017ee valec je spr\u00e1vne nain\u0161talovan\u00fd a \u017ee v\u0161etky pripojenia s\u00fa tesn\u00e9.<\/li>\n<li><strong>Nedostato\u010dn\u00fd v\u00fdkon:<\/strong> Ak valec nefunguje pod\u013ea o\u010dak\u00e1vania, overte, \u010di je hladina hydraulickej kvapaliny dostato\u010dn\u00e1 a \u010di syst\u00e9m nie je upchat\u00fd. Skontrolujte, \u010di v hydraulick\u00fdch potrubiach nedoch\u00e1dza k \u00faniku vzduchu.<\/li>\n<li><strong>Zvl\u00e1\u0161tne zvuky:<\/strong> Nezvy\u010dajn\u00e9 zvuky po\u010das prev\u00e1dzky m\u00f4\u017eu nazna\u010dova\u0165 mechanick\u00e9 probl\u00e9my alebo nedostato\u010dn\u00e9 mazanie. Skontrolujte opotrebovanie a uistite sa, \u017ee valec je dostato\u010dne namazan\u00fd, aby sa predi\u0161lo po\u0161kodeniu.<\/li>\n<\/ul>\n<h2>Tipy na rie\u0161enie probl\u00e9mov<\/h2>\n<p>Pre efekt\u00edvne rie\u0161enie probl\u00e9mov pravidelne vykon\u00e1vajte \u00fadr\u017ebu a kontrolu hydraulick\u00e9ho syst\u00e9mu. Zaznamen\u00e1vajte v\u0161etky zisten\u00e9 probl\u00e9my, aby ste identifikovali vzorce, ktor\u00e9 m\u00f4\u017eu nazna\u010dova\u0165 z\u00e1kladn\u00e9 probl\u00e9my. Zav\u00e1dzajte prevent\u00edvne opatrenia, ako s\u00fa pravideln\u00e9 kontroly a v\u010dasn\u00e1 v\u00fdmena tesnen\u00ed, aby ste minimalizovali probl\u00e9my a zabezpe\u010dili efekt\u00edvnu prev\u00e1dzku hydraulick\u00e9ho syst\u00e9mu.<\/p>\n<p><img decoding=\"async\" src=\"https:\/\/www.hydraulic-cylinders.net\/wp-content\/uploads\/2025\/04\/songte-bushings-with-all-kinds-of-excavator-models.webp\" alt=\"Puzdr\u00e1 bagerov\"><\/p>\n<h2>Preh\u013ead spolo\u010dnosti<\/h2>\n<p>Sme popredn\u00fdm v\u00fdrobcom n\u00e1hradn\u00fdch hydraulick\u00fdch valcov a pon\u00fakame \u0161irok\u00fd sortiment produktov pre dom\u00e1ci aj medzin\u00e1rodn\u00fd trh. Na\u0161a spolo\u010dnos\u0165 je odhodlan\u00e1 dosahova\u0165 dokonalos\u0165 a vyu\u017e\u00edva prepracovan\u00e9 v\u00fdrobn\u00e9 strat\u00e9gie a pokro\u010dil\u00e9 technol\u00f3gie na zabezpe\u010denie vynikaj\u00facej kvality produktov. N\u00e1\u0161 t\u00edm tvoria kvalifikovan\u00ed odborn\u00edci, ktor\u00ed sa venuj\u00fa zdokona\u013eovaniu na\u0161ej v\u00fdrobnej platformy a zabezpe\u010duj\u00fa, aby sme sp\u013a\u0148ali rozmanit\u00e9 potreby z\u00e1kazn\u00edkov s vysokou efektivitou, presnos\u0165ou a kvalitou.<\/p>\n<p><img decoding=\"async\" src=\"https:\/\/www.hydraulic-cylinders.net\/wp-content\/uploads\/2025\/04\/songte-company-4.webp\" alt=\"V\u00fdrobn\u00fd proces spolo\u010dnosti\"><br \/>\n<img decoding=\"async\" src=\"https:\/\/www.hydraulic-cylinders.net\/wp-content\/uploads\/2025\/04\/songte-company-3.webp\" alt=\"V\u00fdroba hydraulick\u00fdch valcov\"><\/p>\n<p>N\u00e1\u0161 z\u00e1v\u00e4zok k profesionalite sa odr\u00e1\u017ea v na\u0161ich medzin\u00e1rodn\u00fdch certifik\u00e1ci\u00e1ch, z\u00e1kazkov\u00fdch slu\u017eb\u00e1ch, modernom v\u00fdrobnom vybaven\u00ed a robustnej popredajnej podpore. Sna\u017e\u00edme sa poskytova\u0165 rie\u0161enia prisp\u00f4soben\u00e9 \u0161pecifick\u00fdm po\u017eiadavk\u00e1m na\u0161ich z\u00e1kazn\u00edkov, \u010d\u00edm zabezpe\u010dujeme ich spokojnos\u0165 a dlhodob\u00fd v\u00fdkon na\u0161ich produktov.<\/p>\n<p>Autor: lyl<\/p>","protected":false},"excerpt":{"rendered":"<p>Boom Cylinder For XGMA Large Excavator XG833EH Product Overview The Boom Cylinder for the XGMA Large Excavator XG833EH is a crucial component in hydraulic systems, specifically designed to control the movement of the boom arm in heavy machinery. This hydraulic cylinder allows the boom to extend, retract, and tilt, facilitating efficient material handling tasks in [&hellip;]<\/p>","protected":false},"featured_media":17870,"comment_status":"open","ping_status":"closed","template":"","meta":{"_et_pb_use_builder":"","_et_pb_old_content":"","_et_gb_content_width":""},"product_brand":[],"product_cat":[1546],"product_tag":[1547,1496],"class_list":{"0":"post-19320","1":"product","2":"type-product","3":"status-publish","4":"has-post-thumbnail","6":"product_cat-boom-cylinders","7":"product_tag-boom-cylinders","8":"product_tag-hydraulic-cylinders","10":"first","11":"instock","12":"shipping-taxable","13":"product-type-simple"},"amp_enabled":true,"_links":{"self":[{"href":"https:\/\/www.hydraulic-cylinders.net\/sk\/wp-json\/wp\/v2\/product\/19320","targetHints":{"allow":["GET"]}}],"collection":[{"href":"https:\/\/www.hydraulic-cylinders.net\/sk\/wp-json\/wp\/v2\/product"}],"about":[{"href":"https:\/\/www.hydraulic-cylinders.net\/sk\/wp-json\/wp\/v2\/types\/product"}],"replies":[{"embeddable":true,"href":"https:\/\/www.hydraulic-cylinders.net\/sk\/wp-json\/wp\/v2\/comments?post=19320"}],"wp:featuredmedia":[{"embeddable":true,"href":"https:\/\/www.hydraulic-cylinders.net\/sk\/wp-json\/wp\/v2\/media\/17870"}],"wp:attachment":[{"href":"https:\/\/www.hydraulic-cylinders.net\/sk\/wp-json\/wp\/v2\/media?parent=19320"}],"wp:term":[{"taxonomy":"product_brand","embeddable":true,"href":"https:\/\/www.hydraulic-cylinders.net\/sk\/wp-json\/wp\/v2\/product_brand?post=19320"},{"taxonomy":"product_cat","embeddable":true,"href":"https:\/\/www.hydraulic-cylinders.net\/sk\/wp-json\/wp\/v2\/product_cat?post=19320"},{"taxonomy":"product_tag","embeddable":true,"href":"https:\/\/www.hydraulic-cylinders.net\/sk\/wp-json\/wp\/v2\/product_tag?post=19320"}],"curies":[{"name":"pracovn\u00fd list","href":"https:\/\/api.w.org\/{rel}","templated":true}]}}