{"id":19321,"date":"2025-04-07T06:26:52","date_gmt":"2025-04-07T06:26:52","guid":{"rendered":"https:\/\/www.hydraulic-cylinders.net\/product\/boom-cylinder-for-xgma-large-excavator-xg836el\/"},"modified":"2025-04-07T06:26:55","modified_gmt":"2025-04-07T06:26:55","slug":"boom-cylinder-for-xgma-large-excavator-xg836el","status":"publish","type":"product","link":"https:\/\/www.hydraulic-cylinders.net\/sk\/produkt\/boom-cylinder-for-xgma-large-excavator-xg836el\/","title":{"rendered":"Valec v\u00fdlo\u017en\u00edka pre ve\u013ek\u00e9 r\u00fdpadlo XGMA XG836EL"},"content":{"rendered":"<h1>Valec v\u00fdlo\u017en\u00edka pre ve\u013ek\u00e9 r\u00fdpadlo XGMA XG836EL<\/h1>\n<h2>\u00davod do valca v\u00fdlo\u017en\u00edka<\/h2>\n<p>Hydraulick\u00fd valec v\u00fdlo\u017en\u00edka pre ve\u013ek\u00e9 r\u00fdpadlo XGMA XG836EL je z\u00e1kladnou s\u00fa\u010das\u0165ou modern\u00fdch \u0165a\u017ek\u00fdch strojov. Tento hydraulick\u00fd valec ovl\u00e1da pohyb v\u00fdlo\u017en\u00edka, \u010do umo\u017e\u0148uje r\u00fdpadlu efekt\u00edvne vykon\u00e1va\u0165 r\u00f4zne \u00falohy. Hydraulick\u00e9 valce s\u00fa pre r\u00fdpadl\u00e1 k\u013e\u00fa\u010dov\u00e9, preto\u017ee u\u013eah\u010duj\u00fa zdv\u00edhanie, sp\u00fa\u0161\u0165anie a nakl\u00e1\u0148anie ly\u017eice. Pochopenie funk\u010dnosti a pou\u017eitia valcov v\u00fdlo\u017en\u00edka je k\u013e\u00fa\u010dov\u00e9 pre oper\u00e1torov aj v\u00fdrobcov.<\/p>\n<p><img decoding=\"async\" src=\"https:\/\/www.hydraulic-cylinders.net\/wp-content\/uploads\/2025\/04\/songte-company-1.webp\" alt=\"Obr\u00e1zok valca v\u00fdlo\u017en\u00edka\"><\/p>\n<h3>Defin\u00edcia a preh\u013ead<\/h3>\n<p>Hydraulick\u00fd valec v\u00fdlo\u017en\u00edka je typ hydraulick\u00e9ho valca \u0161peci\u00e1lne navrhnut\u00e9ho na ovl\u00e1danie pohybu v\u00fdlo\u017en\u00edka v \u0165a\u017ek\u00fdch strojoch, ako s\u00fa bagre, r\u00fdpadlo-naklada\u010de a \u010deln\u00e9 naklada\u010de. Tieto valce umo\u017e\u0148uj\u00fa zdv\u00edhanie, sp\u00fa\u0161\u0165anie a nakl\u00e1\u0148anie v\u00fdlo\u017en\u00edka, \u010do je nevyhnutn\u00e9 pre \u00falohy zah\u0155\u0148aj\u00face manipul\u00e1ciu s materi\u00e1lom. Valec v\u00fdlo\u017en\u00edka pracuje na hydraulickom princ\u00edpe, kde sa hydraulick\u00e1 kvapalina pod tlakom vyu\u017e\u00edva na vytvorenie sily a pohybu. T\u00e1to funkcia je nevyhnutn\u00e1 pre efekt\u00edvne vykon\u00e1vanie stavebn\u00fdch a v\u00fdkopov\u00fdch pr\u00e1c.<\/p>\n<h2>Vlastnosti valca v\u00fdlo\u017en\u00edka<\/h2>\n<ul>\n<li><strong>Vysok\u00e1 pevnos\u0165 a odolnos\u0165:<\/strong> Valec v\u00fdlo\u017en\u00edka, zvy\u010dajne vyroben\u00fd z vysokopevnostnej ocele alebo hlin\u00edka, odol\u00e1 vysok\u00e9mu tlaku a \u0165a\u017ek\u00fdm za\u0165a\u017eeniam. Je navrhnut\u00fd tak, aby vydr\u017eal n\u00e1ro\u010dn\u00e9 pracovn\u00e9 prostredie, a je vyroben\u00fd s prvkami odoln\u00fdmi vo\u010di opotrebovaniu a kor\u00f3zii, ktor\u00e9 pred\u013a\u017euj\u00fa jeho \u017eivotnos\u0165.<\/li>\n<li><strong>Efekt\u00edvna hydraulick\u00e1 prev\u00e1dzka:<\/strong> Valec v\u00fdlo\u017en\u00edka vyu\u017e\u00edva hydraulick\u00fd tlak na plynul\u00e9 vys\u00favanie a zas\u00favanie, \u010d\u00edm poskytuje r\u00fdchle reakcie na povely oper\u00e1tora a dosahuje zna\u010dn\u00e9 tlakov\u00e9 a \u0165a\u017en\u00e9 sily, v\u010faka \u010domu je vhodn\u00fd na \u0165a\u017ek\u00e9 a zlo\u017eit\u00e9 \u00falohy.<\/li>\n<li><strong>R\u00f4zne typy:<\/strong> Valec v\u00fdlo\u017en\u00edka je k dispoz\u00edcii v r\u00f4znych typoch, vr\u00e1tane jedno\u010dinn\u00fdch (pracuj\u00facich v jednom smere) a dvoj\u010dinn\u00fdch (pracuj\u00facich v oboch smeroch). Niektor\u00e9 modely s\u00fa teleskopick\u00e9, \u010do umo\u017e\u0148uje v\u00e4\u010d\u0161ie vysunutie bez zv\u00e4\u010d\u0161enia vonkaj\u0161\u00edch rozmerov, \u010do je ide\u00e1lne pre aplik\u00e1cie s obmedzen\u00fdm priestorom.<\/li>\n<li><strong>Z\u00e1kazkov\u00e1 v\u00fdroba:<\/strong> Tento produkt dok\u00e1\u017eeme vyrobi\u0165 tak, aby dokonale nahradil existuj\u00face hydraulick\u00e9 valce, \u010d\u00edm zabezpe\u010d\u00edme kompatibilitu a v\u00fdkon.<\/li>\n<li><strong>V\u0161estrann\u00e9 aplik\u00e1cie:<\/strong> Valec v\u00fdlo\u017en\u00edka je nevyhnutn\u00fd v celom rade \u0165a\u017ek\u00fdch strojov, preto\u017ee zvy\u0161uje prev\u00e1dzkov\u00fa efektivitu.<\/li>\n<\/ul>\n<p><img decoding=\"async\" src=\"https:\/\/www.hydraulic-cylinders.net\/wp-content\/uploads\/2025\/04\/songte-cylinder-head-with-all-kinds-excavator-models.webp\" alt=\"Modely bagrov\"><\/p>\n<h2>Aplik\u00e1cie valca ramena<\/h2>\n<h3>Stavebn\u00e9 stroje<\/h3>\n<p>V r\u00fdpadl\u00e1ch s\u00fa valce v\u00fdlo\u017en\u00edka k\u013e\u00fa\u010dov\u00e9 pre kopanie, nakladanie a premiest\u0148ovanie zeminy alebo sutiny. Umo\u017e\u0148uj\u00fa obsluhe manipulova\u0165 s v\u00fdlo\u017en\u00edkom a presne ovl\u00e1da\u0165 polohu ly\u017eice, \u010d\u00edm zvy\u0161uj\u00fa celkov\u00fa produktivitu na stavenisk\u00e1ch. V r\u00fdpadlo-naklada\u010doch pom\u00e1ha valec v\u00fdlo\u017en\u00edka pri v\u00fdkopov\u00fdch pr\u00e1cach aj zdv\u00edhan\u00ed, v\u010faka \u010domu je v\u0161estrann\u00fdm n\u00e1strojom pre r\u00f4zne \u00falohy.<\/p>\n<h3>Po\u013enohospod\u00e1rske stroje<\/h3>\n<p>V \u010deln\u00fdch naklada\u010doch sa valce v\u00fdlo\u017en\u00edka pou\u017e\u00edvaj\u00fa na naberanie, zdv\u00edhanie a prepravu p\u00f4dy, sena a in\u00fdch materi\u00e1lov. Ich schopnos\u0165 poskytova\u0165 siln\u00e9 zdv\u00edhacie schopnosti v\u00fdrazne pom\u00e1ha v po\u013enohospod\u00e1rskych oper\u00e1ci\u00e1ch, \u010d\u00edm sa zvy\u0161uje efektivita pr\u00e1ce na poli a manipul\u00e1cie s materi\u00e1lom.<\/p>\n<h3>R\u00fdpadl\u00e1<\/h3>\n<p>Valec v\u00fdlo\u017en\u00edka u\u013eah\u010duje kopanie r\u00fdpadiel t\u00fdm, \u017ee umo\u017e\u0148uje ly\u017eici efekt\u00edvne prenika\u0165 do p\u00f4dy. T\u00e1to schopnos\u0165 je nevyhnutn\u00e1 pre v\u00fdkopov\u00e9 pr\u00e1ce, preto\u017ee zabezpe\u010duje, aby oper\u00e1tori mohli efekt\u00edvne riadi\u0165 zemn\u00e9 pr\u00e1ce.<\/p>\n<h3>Naklada\u010de<\/h3>\n<p>V \u010deln\u00fdch naklada\u010doch pom\u00e1haj\u00fa valce v\u00fdlo\u017en\u00edka pri efekt\u00edvnom zdv\u00edhan\u00ed a vykladan\u00ed bremien. T\u00e1to funkcia je nevyhnutn\u00e1 pre oper\u00e1cie, ktor\u00e9 vy\u017eaduj\u00fa \u010dast\u00e9 nakladanie a vykladanie materi\u00e1lov, v\u010faka \u010domu je valec v\u00fdlo\u017en\u00edka k\u013e\u00fa\u010dovou s\u00fa\u010das\u0165ou optimaliz\u00e1cie v\u00fdkonu.<\/p>\n<h2>\u00davahy o dizajne a krit\u00e9ri\u00e1 v\u00fdberu<\/h2>\n<h3>Nosnos\u0165<\/h3>\n<p>Pri v\u00fdbere hydraulick\u00e9ho valca v\u00fdlo\u017en\u00edka je jedn\u00fdm z najd\u00f4le\u017eitej\u0161\u00edch faktorov, ktor\u00e9 treba zv\u00e1\u017ei\u0165, jeho nosnos\u0165. Valec mus\u00ed by\u0165 schopn\u00fd zvl\u00e1dnu\u0165 maxim\u00e1lne za\u0165a\u017eenie o\u010dak\u00e1van\u00e9 po\u010das prev\u00e1dzky bez kompromisov v oblasti bezpe\u010dnosti alebo funk\u010dnosti. To zah\u0155\u0148a pochopenie hmotnosti prepravovan\u00fdch materi\u00e1lov a zabezpe\u010denie toho, aby hydraulick\u00fd syst\u00e9m dok\u00e1zal tieto po\u017eiadavky efekt\u00edvne zvl\u00e1dnu\u0165.<\/p>\n<h3>Integrita tesnenia<\/h3>\n<p>Tesnenie je v hydraulick\u00fdch valcoch k\u013e\u00fa\u010dov\u00e9, preto\u017ee zabra\u0148uje \u00faniku kvapaliny a udr\u017eiava tlak. Na zaistenie odolnosti a spo\u013eahlivosti s\u00fa potrebn\u00e9 vysokokvalitn\u00e9 tesnenia vyroben\u00e9 z materi\u00e1lov, ako je polyuret\u00e1n alebo nitrilov\u00e1 guma. Kon\u0161trukcia mus\u00ed umo\u017e\u0148ova\u0165 jednoduch\u00fa v\u00fdmenu tesnen\u00ed, aby sa v priebehu \u010dasu zachoval optim\u00e1lny v\u00fdkon.<\/p>\n<h3>Trvanlivos\u0165<\/h3>\n<p>Kon\u0161truk\u010dn\u00e9 materi\u00e1ly pou\u017eit\u00e9 na v\u00fdrobu valca ramena by mali by\u0165 odoln\u00e9 vo\u010di opotrebovaniu a kor\u00f3zii. T\u00e1to odolnos\u0165 zabezpe\u010duje, \u017ee valec vydr\u017e\u00ed n\u00e1ro\u010dn\u00e9 prev\u00e1dzkov\u00e9 podmienky, \u010do vedie k men\u0161iemu po\u010dtu v\u00fdmen a skr\u00e1teniu prev\u00e1dzkov\u00fdch prestojov. V\u00fdrobcovia by mali uprednost\u0148ova\u0165 materi\u00e1ly, ktor\u00e9 predl\u017euj\u00fa \u017eivotnos\u0165 v\u00fdrobku.<\/p>\n<h3>Bezpe\u010dnostn\u00e9 prvky<\/h3>\n<p>Bezpe\u010dnos\u0165 je v hydraulick\u00fdch syst\u00e9moch prvorad\u00e1. Kon\u0161trukcia valca v\u00fdlo\u017en\u00edka by mala obsahova\u0165 prvky, ktor\u00e9 zabra\u0148uj\u00fa n\u00e1hodn\u00e9mu nadmern\u00e9mu vysunutiu a zabezpe\u010duj\u00fa bezpe\u010dn\u00fa prev\u00e1dzku za r\u00f4znych podmienok. Dodr\u017eiavanie bezpe\u010dnostn\u00fdch noriem je nevyhnutn\u00e9 na ochranu obsluhy a strojov.<\/p>\n<h3>Pr\u00edstupnos\u0165 \u00fadr\u017eby<\/h3>\n<p>Jednoduch\u00e1 \u00fadr\u017eba je d\u00f4le\u017eit\u00fdm kon\u0161truk\u010dn\u00fdm krit\u00e9riom. Valec by mal by\u0165 navrhnut\u00fd tak, aby mal \u013eahk\u00fd pr\u00edstup k \u010dastiam, ktor\u00e9 vy\u017eaduj\u00fa pravideln\u00fa kontrolu a servis. To zah\u0155\u0148a zoh\u013eadnenie mazac\u00edch bodov, v\u00fdmeny tesnen\u00ed a \u010fal\u0161\u00edch \u00fadr\u017eb\u00e1rskych \u00faloh, ktor\u00e9 prispievaj\u00fa k celkov\u00e9mu stavu hydraulick\u00e9ho syst\u00e9mu.<\/p>\n<p><img decoding=\"async\" src=\"https:\/\/www.hydraulic-cylinders.net\/wp-content\/uploads\/2025\/04\/songte-oil-pipes-and-spare-parts.webp\" alt=\"Hydraulick\u00e9 diely\"><\/p>\n<h2>Tesnenie a mazanie hydraulick\u00e9ho valca<\/h2>\n<p>\u00da\u010dinnos\u0165 hydraulick\u00e9ho valca vo ve\u013ekej miere z\u00e1vis\u00ed od jeho tesniacich a mazac\u00edch syst\u00e9mov. R\u00f4zne tesnenia, ako s\u00fa tesnenia piestov a tesnenia ty\u010d\u00ed, s\u00fa nevyhnutn\u00e9 na udr\u017eanie tlaku a zabr\u00e1nenie \u00fanikom. Tesnenia by mali by\u0165 vyroben\u00e9 z materi\u00e1lov odoln\u00fdch vo\u010di opotrebovaniu, ako je polyuret\u00e1n alebo nitrilov\u00e1 guma, aby sa zabezpe\u010dila dlh\u00e1 \u017eivotnos\u0165 a spo\u013eahlivos\u0165.<\/p>\n<p>Okrem toho by teleso valca a z\u00e1vitov\u00e9 koncov\u00e9 plochy mali by\u0165 prec\u00edzne opracovan\u00e9, aby sa zv\u00fd\u0161ila odolnos\u0165 vo\u010di opotrebovaniu. Pravideln\u00e9 mazanie hydraulick\u00fdm olejom je tie\u017e nevyhnutn\u00e9 na minimaliz\u00e1ciu trenia a zabr\u00e1nenie opotrebovaniu. Obsluha by mala zabezpe\u010di\u0165 pravideln\u00fa kontrolu hladiny oleja a pod\u013ea potreby dop\u013a\u0148a\u0165 hydraulick\u00fa kvapalinu, aby sa udr\u017eal optim\u00e1lny v\u00fdkon valca.<\/p>\n<h2>Pravideln\u00e1 kontrola a opatrenia prevent\u00edvnej \u00fadr\u017eby<\/h2>\n<ul>\n<li><strong>\u010cast\u00e9 kontroly:<\/strong> Pravidelne kontrolujte hydraulick\u00fd valec, \u010di nie je netesn\u00fd, opotrebovan\u00fd a \u010di je v celkovom stave. To zah\u0155\u0148a kontrolu tesnen\u00ed, had\u00edc a spojov, aby sa zabezpe\u010dila bezpe\u010dn\u00e1 prev\u00e1dzka.<\/li>\n<li><strong>Spr\u00e1vne mazanie:<\/strong> Pre zaistenie bezprobl\u00e9mov\u00e9ho fungovania syst\u00e9mu zabezpe\u010dte pravideln\u00fa kontrolu a v pr\u00edpade potreby v\u00fdmenu hydraulick\u00e9ho oleja. Mazanie zni\u017euje trenie a predl\u017euje \u017eivotnos\u0165 valca.<\/li>\n<li><strong>V\u00fdmena tesnenia:<\/strong> Je nevyhnutn\u00e9 v\u010das vymeni\u0165 opotrebovan\u00e9 tesnenia, aby sa predi\u0161lo \u00fanikom a udr\u017eal sa tlak. Udr\u017eiavanie z\u00e1soby n\u00e1hradn\u00fdch tesnen\u00ed m\u00f4\u017ee u\u013eah\u010di\u0165 v\u010dasn\u00e9 opravy.<\/li>\n<\/ul>\n<h2>Pokyny pre spr\u00e1vnu in\u0161tal\u00e1ciu<\/h2>\n<p>Nain\u0161talujte valec v\u00fdlo\u017en\u00edka a uistite sa, \u017ee v\u0161etky komponenty s\u00fa spr\u00e1vne zarovnan\u00e9 a zaisten\u00e9. Spr\u00e1vne zarovnanie je nevyhnutn\u00e9 na zabr\u00e1nenie nadmern\u00e9mu opotrebovaniu a prev\u00e1dzkov\u00fdm probl\u00e9mom. Na upevnenie valca pou\u017eite vhodn\u00e9 mont\u00e1\u017ene konzoly a uistite sa, \u017ee je umiestnen\u00fd pod\u013ea \u0161pecifik\u00e1ci\u00ed v\u00fdrobcu.<\/p>\n<p>Pred dokon\u010den\u00edm in\u0161tal\u00e1cie skontrolujte, \u010di s\u00fa v\u0161etky hydraulick\u00e9 pripojenia tesn\u00e9 a bez netesnost\u00ed. Po in\u0161tal\u00e1cii vykonajte tlakov\u00fa sk\u00fa\u0161ku, aby ste sa uistili, \u017ee valec funguje pri za\u0165a\u017een\u00ed pod\u013ea o\u010dak\u00e1van\u00ed.<\/p>\n<h2>Be\u017en\u00e9 \u00falohy \u00fadr\u017eby<\/h2>\n<h3>Pravideln\u00e9 kontroly<\/h3>\n<p>Vykon\u00e1vanie pravideln\u00fdch kontrol je nevyhnutn\u00e9 na identifik\u00e1ciu potenci\u00e1lnych probl\u00e9mov sk\u00f4r, ako sa vyhrotia. H\u013eadajte zn\u00e1mky opotrebovania alebo po\u0161kodenia a uistite sa, \u017ee komponenty funguj\u00fa spr\u00e1vne. V\u010dasn\u00e1 detekcia m\u00f4\u017ee v\u00fdrazne zn\u00ed\u017ei\u0165 n\u00e1klady na opravy a prestoje.<\/p>\n<h3>Spr\u00e1vne mazanie<\/h3>\n<p>Mazanie je nevyhnutn\u00e9 na udr\u017eanie \u00fa\u010dinnosti hydraulick\u00e9ho valca. Zabezpe\u010dte, aby v\u0161etky pohybliv\u00e9 \u010dasti boli dostato\u010dne mazan\u00e9, aby sa minimalizovalo trenie a vznik tepla. Tento postup je nevyhnutn\u00fd na pred\u013a\u017eenie \u017eivotnosti valca.<\/p>\n<h3>V\u00fdmena tesnenia a kontroly kalibr\u00e1cie<\/h3>\n<p>Pravideln\u00e1 v\u00fdmena tesnen\u00ed je k\u013e\u00fa\u010dov\u00e1 pre prevenciu \u00fanikov a udr\u017eiavanie tlaku v syst\u00e9me. Okrem toho by sa mali vykon\u00e1va\u0165 kalibra\u010dn\u00e9 kontroly, aby sa zabezpe\u010dilo, \u017ee hydraulick\u00fd syst\u00e9m pracuje v r\u00e1mci stanoven\u00fdch parametrov, \u010do prispieva k optim\u00e1lnemu v\u00fdkonu.<\/p>\n<p><img decoding=\"async\" src=\"https:\/\/www.hydraulic-cylinders.net\/wp-content\/uploads\/2025\/04\/songte-chushion-collar.webp\" alt=\"Vank\u00fa\u0161ov\u00fd golier\"><\/p>\n<h2>Bezpe\u010dnostn\u00e9 aspekty a faktory prostredia<\/h2>\n<p>Pri prev\u00e1dzke hydraulick\u00fdch syst\u00e9mov je nevyhnutn\u00e9 implementova\u0165 bezpe\u010dnostn\u00e9 opatrenia. Obsluha by mala by\u0165 vy\u0161kolen\u00e1 v bezpe\u010dn\u00fdch manipula\u010dn\u00fdch postupoch, aby sa minimalizovali rizik\u00e1 po\u010das prev\u00e1dzky a \u00fadr\u017eby. Okrem toho sa musia rie\u0161i\u0165 environment\u00e1lne faktory, ako s\u00fa potenci\u00e1lne \u00faniky a rozliatia, aby sa dodr\u017eiavali environment\u00e1lne predpisy a chr\u00e1nili okolit\u00e9 ekosyst\u00e9my.<\/p>\n<h2>Rie\u0161enie probl\u00e9mov a be\u017en\u00e9 probl\u00e9my<\/h2>\n<ul>\n<li><strong>Probl\u00e9my s \u00fanikom:<\/strong> Skontrolujte tesnenia a spoje, \u010di nedoch\u00e1dza k \u00fanikom. Dotiahnite spoje a pod\u013ea potreby vyme\u0148te opotrebovan\u00e9 tesnenia.<\/li>\n<li><strong>Probl\u00e9my s v\u00fdkonom:<\/strong> Ak valec nereaguje pod\u013ea o\u010dak\u00e1vania, skontrolujte hladinu hydraulickej kvapaliny a vyh\u013eadajte upchatie v potrubiach.<\/li>\n<li><strong>Nadmern\u00e9 opotrebovanie:<\/strong> Uistite sa, \u017ee valec je spr\u00e1vne namazan\u00fd a skontrolujte, \u010di nedoch\u00e1dza k ak\u00fdmko\u013evek nespr\u00e1vnym nastaveniam, ktor\u00e9 by mohli sp\u00f4sobi\u0165 pred\u010dasn\u00e9 opotrebenie.<\/li>\n<\/ul>\n<h2>U\u017eito\u010dn\u00e9 tipy na rie\u0161enie probl\u00e9mov<\/h2>\n<p>Pre efekt\u00edvnu diagnostiku a rie\u0161enie probl\u00e9mov je d\u00f4le\u017eit\u00e9 dodr\u017eiava\u0165 systematick\u00fd pr\u00edstup. Za\u010dnite identifik\u00e1ciou pr\u00edznakov a najprv kontrolou najbe\u017enej\u0161\u00edch pr\u00ed\u010din, ako s\u00fa hladiny kvapal\u00edn a tesnenia. Prevent\u00edvne opatrenia, ako s\u00fa pravideln\u00e9 kontroly a \u00fadr\u017eba, m\u00f4\u017eu pom\u00f4c\u0165 minimalizova\u0165 potenci\u00e1lne probl\u00e9my.<\/p>\n<h2>O na\u0161ej spolo\u010dnosti<\/h2>\n<p>Sme popredn\u00fdm v\u00fdrobcom a ve\u013ekoobchodn\u00edkom n\u00e1hradn\u00fdch hydraulick\u00fdch valcov a pon\u00fakame \u0161irok\u00fd sortiment produktov pre dom\u00e1ci aj medzin\u00e1rodn\u00fd trh. N\u00e1\u0161 z\u00e1v\u00e4zok k excelentnosti je podporen\u00fd na\u0161ou prec\u00edzne vyladenou v\u00fdrobnou strat\u00e9giou, ktor\u00e1 vyu\u017e\u00edva pokro\u010dil\u00e9 technol\u00f3gie a kvalifikovan\u00fd person\u00e1l na zv\u00fd\u0161enie kvality v\u00fdroby.<\/p>\n<p>Na\u0161e odborn\u00e9 znalosti siahaj\u00fa aj do poskytovania rie\u0161en\u00ed na mieru, medzin\u00e1rodn\u00fdch certifik\u00e1ci\u00ed a responz\u00edvneho popredajn\u00e9ho servisu, \u010d\u00edm zabezpe\u010dujeme, \u017ee sp\u013a\u0148ame rozmanit\u00e9 potreby na\u0161ich z\u00e1kazn\u00edkov. So zameran\u00edm na vysok\u00fa efektivitu, presnos\u0165 a kvalitu sa neust\u00e1le sna\u017e\u00edme zdokona\u013eova\u0165 na\u0161u v\u00fdrobn\u00fa platformu a produktov\u00fa radu.<\/p>\n<p><img decoding=\"async\" src=\"https:\/\/www.hydraulic-cylinders.net\/wp-content\/uploads\/2025\/04\/songte-company-4.webp\" alt=\"Obr\u00e1zok spolo\u010dnosti\"><br \/>\n<img decoding=\"async\" src=\"https:\/\/www.hydraulic-cylinders.net\/wp-content\/uploads\/2025\/04\/songte-company-3.webp\" alt=\"Obr\u00e1zok spolo\u010dnosti\"><\/p>\n<p>Autor: lyl<\/p>","protected":false},"excerpt":{"rendered":"<p>Boom Cylinder For XGMA Large Excavator XG836EL Introduction to Boom Cylinder The Boom Cylinder for XGMA Large Excavator XG836EL is an essential component in modern heavy machinery. This hydraulic cylinder controls the movement of the boom, allowing the excavator to perform a variety of tasks effectively. Hydraulic cylinders are critical for excavators as they facilitate [&hellip;]<\/p>","protected":false},"featured_media":17871,"comment_status":"open","ping_status":"closed","template":"","meta":{"_et_pb_use_builder":"","_et_pb_old_content":"","_et_gb_content_width":""},"product_brand":[],"product_cat":[1546],"product_tag":[1547,1496],"class_list":{"0":"post-19321","1":"product","2":"type-product","3":"status-publish","4":"has-post-thumbnail","6":"product_cat-boom-cylinders","7":"product_tag-boom-cylinders","8":"product_tag-hydraulic-cylinders","10":"first","11":"instock","12":"shipping-taxable","13":"product-type-simple"},"amp_enabled":true,"_links":{"self":[{"href":"https:\/\/www.hydraulic-cylinders.net\/sk\/wp-json\/wp\/v2\/product\/19321","targetHints":{"allow":["GET"]}}],"collection":[{"href":"https:\/\/www.hydraulic-cylinders.net\/sk\/wp-json\/wp\/v2\/product"}],"about":[{"href":"https:\/\/www.hydraulic-cylinders.net\/sk\/wp-json\/wp\/v2\/types\/product"}],"replies":[{"embeddable":true,"href":"https:\/\/www.hydraulic-cylinders.net\/sk\/wp-json\/wp\/v2\/comments?post=19321"}],"wp:featuredmedia":[{"embeddable":true,"href":"https:\/\/www.hydraulic-cylinders.net\/sk\/wp-json\/wp\/v2\/media\/17871"}],"wp:attachment":[{"href":"https:\/\/www.hydraulic-cylinders.net\/sk\/wp-json\/wp\/v2\/media?parent=19321"}],"wp:term":[{"taxonomy":"product_brand","embeddable":true,"href":"https:\/\/www.hydraulic-cylinders.net\/sk\/wp-json\/wp\/v2\/product_brand?post=19321"},{"taxonomy":"product_cat","embeddable":true,"href":"https:\/\/www.hydraulic-cylinders.net\/sk\/wp-json\/wp\/v2\/product_cat?post=19321"},{"taxonomy":"product_tag","embeddable":true,"href":"https:\/\/www.hydraulic-cylinders.net\/sk\/wp-json\/wp\/v2\/product_tag?post=19321"}],"curies":[{"name":"pracovn\u00fd list","href":"https:\/\/api.w.org\/{rel}","templated":true}]}}