{"id":19322,"date":"2025-04-07T06:26:55","date_gmt":"2025-04-07T06:26:55","guid":{"rendered":"https:\/\/www.hydraulic-cylinders.net\/product\/boom-cylinder-for-xgma-large-excavator-xg836mh\/"},"modified":"2025-04-07T06:26:57","modified_gmt":"2025-04-07T06:26:57","slug":"boom-cylinder-for-xgma-large-excavator-xg836mh","status":"publish","type":"product","link":"https:\/\/www.hydraulic-cylinders.net\/sk\/produkt\/boom-cylinder-for-xgma-large-excavator-xg836mh\/","title":{"rendered":"Valec v\u00fdlo\u017en\u00edka pre ve\u013ek\u00e9 r\u00fdpadlo XGMA XG836MH"},"content":{"rendered":"<h1>Valec v\u00fdlo\u017en\u00edka pre ve\u013ek\u00e9 r\u00fdpadlo XGMA XG836MH<\/h1>\n<h2>\u00davod do valcov v\u00fdlo\u017en\u00edka<\/h2>\n<p>Hydraulick\u00fd valec v\u00fdlo\u017en\u00edka pre ve\u013ek\u00e9 r\u00fdpadlo XGMA XG836MH je k\u013e\u00fa\u010dov\u00fd komponent ur\u010den\u00fd pre pr\u00e1cu s \u0165a\u017ek\u00fdmi strojmi. Tento hydraulick\u00fd valec sa \u0161pecializuje na ovl\u00e1danie pohybu pr\u00edslu\u0161enstva r\u00fdpadla, ako s\u00fa ly\u017eice, \u010do umo\u017e\u0148uje vykon\u00e1vanie z\u00e1kladn\u00fdch \u00faloh, ako je zdv\u00edhanie, sp\u00fa\u0161\u0165anie a nakl\u00e1\u0148anie. Umo\u017e\u0148uje efekt\u00edvnu manipul\u00e1ciu s materi\u00e1lom, v\u010faka \u010domu je d\u00f4le\u017eitou s\u00fa\u010das\u0165ou r\u00f4znych stavebn\u00fdch a v\u00fdkopov\u00fdch projektov.<\/p>\n<p><img decoding=\"async\" src=\"https:\/\/www.hydraulic-cylinders.net\/wp-content\/uploads\/2025\/04\/songte-company-1.webp\" alt=\"Valec v\u00fdlo\u017en\u00edka pre r\u00fdpadl\u00e1\" \/><\/p>\n<h3>Pochopenie valcov vedra<\/h3>\n<p>Hydraulick\u00e9 valce ly\u017e\u00edc s\u00fa hydraulick\u00e9 mechanizmy \u0161peci\u00e1lne navrhnut\u00e9 na riadenie pohybu ly\u017e\u00edc na \u0165a\u017ek\u00fdch stavebn\u00fdch strojoch vr\u00e1tane r\u00fdpadiel, r\u00fdpadiel-naklada\u010dov a \u010deln\u00fdch naklada\u010dov. Pracuj\u00fa v hydraulickom syst\u00e9me, kde sa na vytv\u00e1ranie pohybu pou\u017e\u00edva tlakov\u00e1 kvapalina. T\u00e1to aplik\u00e1cia umo\u017e\u0148uje ly\u017eici vykon\u00e1va\u0165 z\u00e1kladn\u00e9 funkcie potrebn\u00e9 na efekt\u00edvne kopanie, prepravu a vysyp\u00e1vanie materi\u00e1lov. Kon\u0161trukcia a prev\u00e1dzka t\u00fdchto valcov s\u00fa k\u013e\u00fa\u010dov\u00e9 pre dosiahnutie optim\u00e1lneho v\u00fdkonu v n\u00e1ro\u010dn\u00fdch pracovn\u00fdch prostrediach.<\/p>\n<h2>Vlastnosti valca v\u00fdlo\u017en\u00edka<\/h2>\n<ul>\n<li><strong>Vysok\u00e1 pevnos\u0165 a odolnos\u0165:<\/strong> Tieto valce s\u00fa vyroben\u00e9 z vysokopevnostnej ocele alebo hlin\u00edka, odol\u00e1vaj\u00fa vysok\u00e9mu tlaku a \u0165a\u017ek\u00e9mu za\u0165a\u017eeniu, \u010d\u00edm zais\u0165uj\u00fa spo\u013eahlivos\u0165 aj v n\u00e1ro\u010dn\u00fdch prev\u00e1dzkov\u00fdch podmienkach.<\/li>\n<li><strong>Efekt\u00edvna hydraulick\u00e1 prev\u00e1dzka:<\/strong> V\u010faka hydraulick\u00e9mu tlaku oleja umo\u017e\u0148uje valec v\u00fdlo\u017en\u00edka plynul\u00e9 vys\u00favanie a zas\u00favanie, \u010d\u00edm poskytuje r\u00fdchlu odozvu na povely oper\u00e1tora a dod\u00e1va siln\u00e9 tla\u010dn\u00e9 a \u0165a\u017en\u00e9 sily.<\/li>\n<li><strong>R\u00f4zne typy:<\/strong> Tieto valce, dostupn\u00e9 v jedno\u010dinnom a dvoj\u010dinnom preveden\u00ed, uspokoja r\u00f4zne prev\u00e1dzkov\u00e9 potreby. Niektor\u00e9 modely s\u00fa teleskopick\u00e9, \u010do umo\u017e\u0148uje dlh\u0161\u00ed dosah bez zv\u00e4\u010d\u0161enia vonkaj\u0161\u00edch rozmerov.<\/li>\n<li><strong>Jednoduch\u00e1 integr\u00e1cia:<\/strong> Navrhnut\u00e9 tak, aby bezprobl\u00e9movo nahradili existuj\u00face hydraulick\u00e9 valce a zabezpe\u010dili tak bezprobl\u00e9mov\u00fa moderniz\u00e1ciu a \u00fadr\u017ebu.<\/li>\n<li><strong>Dizajn s jednoduchou \u00fadr\u017ebou:<\/strong> Nakonfigurovan\u00e9 pre jednoduch\u00e9 postupy \u00fadr\u017eby, \u010do umo\u017e\u0148uje pred\u013a\u017een\u00fa \u017eivotnos\u0165 a skr\u00e1ten\u00e9 prestoje.<\/li>\n<\/ul>\n<p><img decoding=\"async\" src=\"https:\/\/www.hydraulic-cylinders.net\/wp-content\/uploads\/2025\/04\/songte-cylinder-head-with-all-kinds-excavator-models.webp\" alt=\"Modely bagrov\" \/><\/p>\n<h2>Aplik\u00e1cie valca v\u00fdlo\u017en\u00edka<\/h2>\n<h3>Stavebn\u00e9 stroje<\/h3>\n<p>V r\u00fdpadl\u00e1ch hraj\u00fa valce v\u00fdlo\u017en\u00edka d\u00f4le\u017eit\u00fa \u00falohu pri kopan\u00ed, nakladan\u00ed a premiest\u0148ovan\u00ed zeminy alebo sutiny. Ich schopnos\u0165 efekt\u00edvne ovl\u00e1da\u0165 pohyb ly\u017eice je k\u013e\u00fa\u010dov\u00e1 pre \u00faspe\u0161n\u00e9 v\u00fdkopov\u00e9 pr\u00e1ce. Okrem toho v r\u00fdpadlo-naklada\u010doch pom\u00e1haj\u00fa pri kopan\u00ed z\u00e1kopov aj zdv\u00edhan\u00ed materi\u00e1lov, \u010d\u00edm zvy\u0161uj\u00fa celkov\u00fa produktivitu na stavb\u00e1ch.<\/p>\n<h3>Po\u013enohospod\u00e1rske stroje<\/h3>\n<p>V \u010deln\u00fdch naklada\u010doch s\u00fa valce v\u00fdlo\u017en\u00edka zodpovedn\u00e9 za naberanie, zdv\u00edhanie a prepravu p\u00f4dy, sena a in\u00fdch materi\u00e1lov. Ich robustn\u00e1 kon\u0161trukcia zabezpe\u010duje, \u017ee zvl\u00e1dnu zna\u010dn\u00fa hmotnos\u0165, v\u010faka \u010domu s\u00fa nevyhnutn\u00e9 pre po\u013enohospod\u00e1rske \u00falohy. Umo\u017e\u0148uj\u00fa po\u013enohospod\u00e1rom a dod\u00e1vate\u013eom efekt\u00edvne vykon\u00e1va\u0165 r\u00f4zne \u00falohy, ako je nakladanie a vykladanie materi\u00e1lov, \u010d\u00edm zvy\u0161uj\u00fa produktivitu v po\u013enohospod\u00e1rskom sektore.<\/p>\n<h3>R\u00fdpadl\u00e1<\/h3>\n<p>V r\u00fdpadl\u00e1ch umo\u017e\u0148uje valec v\u00fdlo\u017en\u00edka efekt\u00edvne prenikanie ly\u017eice do p\u00f4dy. T\u00e1to schopnos\u0165 je nevyhnutn\u00e1 pre r\u00f4zne v\u00fdkopov\u00e9 \u00falohy, od \u00fapravy krajiny a\u017e po rozsiahle stavebn\u00e9 projekty. Kon\u0161trukcia valca v\u00fdlo\u017en\u00edka zais\u0165uje presn\u00e9 ovl\u00e1danie pohybov ly\u017eice, \u010do je nevyhnutn\u00e9 pre minimaliz\u00e1ciu naru\u0161enia okolit\u00fdch oblast\u00ed.<\/p>\n<h3>Naklada\u010de<\/h3>\n<p>V \u010deln\u00fdch naklada\u010doch tieto valce efekt\u00edvne u\u013eah\u010duj\u00fa zdv\u00edhanie a vykladanie materi\u00e1lov. Ich hydraulick\u00e9 schopnosti umo\u017e\u0148uj\u00fa r\u00fdchle man\u00e9vrovanie, \u010do je nevyhnutn\u00e9 v r\u00fdchlo sa meniacom stavebnom prostred\u00ed. \u00da\u010dinnos\u0165, ktor\u00fa pon\u00fakaj\u00fa valce v\u00fdlo\u017en\u00edka, zvy\u0161uje celkov\u00fa prev\u00e1dzkov\u00fa kapacitu naklada\u010dov, v\u010faka \u010domu s\u00fa efekt\u00edvnej\u0161ie pri \u00faloh\u00e1ch manipul\u00e1cie s materi\u00e1lom.<\/p>\n<h2>\u00davahy o dizajne a krit\u00e9ri\u00e1 v\u00fdberu<\/h2>\n<h3>Nosnos\u0165<\/h3>\n<p>Kon\u0161trukcia valcov v\u00fdlo\u017en\u00edka mus\u00ed uprednost\u0148ova\u0165 nosnos\u0165, aby sa zabezpe\u010dilo, \u017ee zvl\u00e1dnu hmotnos\u0165 pr\u00edslu\u0161enstva bagra a prepravovan\u00fdch materi\u00e1lov. In\u017einieri vypo\u010d\u00edtavaj\u00fa po\u017eadovan\u00fa nosnos\u0165 na z\u00e1klade zam\u00fd\u0161\u013ean\u00e9ho pou\u017eitia, \u010d\u00edm zabezpe\u010duj\u00fa, aby valec mohol bezpe\u010dne fungova\u0165 bez rizika poruchy.<\/p>\n<h3>\u00da\u010dinnos\u0165 tesnenia<\/h3>\n<p>Spr\u00e1vne utesnenie je nevyhnutn\u00e9 na zabr\u00e1nenie \u00faniku hydraulickej kvapaliny, \u010do m\u00f4\u017ee vies\u0165 k zn\u00ed\u017eeniu \u00fa\u010dinnosti a mo\u017en\u00e9mu po\u0161kodeniu hydraulick\u00e9ho syst\u00e9mu. Vysokokvalitn\u00e9 tesnenia vyroben\u00e9 z odoln\u00fdch materi\u00e1lov, ako je polyuret\u00e1n alebo nitrilov\u00e1 guma, zvy\u0161uj\u00fa tesniaci v\u00fdkon a z\u00e1rove\u0148 zni\u017euj\u00fa n\u00e1roky na \u00fadr\u017ebu.<\/p>\n<h3>Trvanlivos\u0165<\/h3>\n<p>Trvanlivos\u0165 je pre valce v\u00fdlo\u017en\u00edka k\u013e\u00fa\u010dov\u00e1, preto\u017ee s\u00fa po\u010das prev\u00e1dzky vystaven\u00e9 extr\u00e9mnym podmienkam a sil\u00e1m. V\u00fdber materi\u00e1lov, ktor\u00e9 odol\u00e1vaj\u00fa opotrebovaniu, spolu s ochrann\u00fdmi n\u00e1termi predl\u017euje \u017eivotnos\u0165 valca a zni\u017euje frekvenciu v\u00fdmen.<\/p>\n<h3>Bezpe\u010dnos\u0165<\/h3>\n<p>Bezpe\u010dnostn\u00e9 prvky pri kon\u0161trukcii valcov v\u00fdlo\u017en\u00edka s\u00fa mimoriadne d\u00f4le\u017eit\u00e9, najm\u00e4 v \u0165a\u017ek\u00fdch strojoch, kde poruchy m\u00f4\u017eu vies\u0165 k nehod\u00e1m. Za\u010dlenenie bezpe\u010dnostn\u00fdch mechanizmov, ako s\u00fa pretlakov\u00e9 ventily a robustn\u00e9 mont\u00e1\u017ene syst\u00e9my, minimalizuje rizik\u00e1 spojen\u00e9 s hydraulick\u00fdmi poruchami.<\/p>\n<h3>Udr\u017eiavate\u013enos\u0165<\/h3>\n<p>Navrhnutie valcov v\u00fdlo\u017en\u00edka pre jednoduch\u00fa \u00fadr\u017ebu zabezpe\u010duje, \u017ee oper\u00e1tori m\u00f4\u017eu \u010dasto kontrolova\u0165 probl\u00e9my a vykon\u00e1va\u0165 potrebn\u00e9 opravy bez rozsiahlych prestojov. Funkcie, ako s\u00fa pr\u00edstupn\u00e9 maznice a \u013eahko vymenite\u013en\u00e9 tesnenia, zvy\u0161uj\u00fa \u00fadr\u017ebu.<\/p>\n<p><img decoding=\"async\" src=\"https:\/\/www.hydraulic-cylinders.net\/wp-content\/uploads\/2025\/04\/songte-oil-pipes-and-spare-parts.webp\" alt=\"Hydraulick\u00e9 diely\" \/><\/p>\n<h2>Tesnenie a mazanie<\/h2>\n<p>\u00da\u010dinn\u00e9 tesnenie a mazanie s\u00fa nevyhnutn\u00e9 pre v\u00fdkon a dlh\u00fa \u017eivotnos\u0165 valcov v\u00fdlo\u017en\u00edka. Na udr\u017eanie hydraulick\u00e9ho tlaku a zabr\u00e1nenie \u00faniku kvapaliny sa pou\u017e\u00edvaj\u00fa r\u00f4zne tesnenia, vr\u00e1tane piestnych tesnen\u00ed a tesnen\u00ed ty\u010d\u00ed. Materi\u00e1ly ako polyuret\u00e1n a nitrilov\u00e1 guma sa be\u017ene pou\u017e\u00edvaj\u00fa pre svoje vlastnosti odoln\u00e9 vo\u010di opotrebovaniu. Teleso valca a z\u00e1vitov\u00e9 koncov\u00e9 povrchy prech\u00e1dzaj\u00fa jemn\u00fdm spracovan\u00edm, aby sa zv\u00fd\u0161ila odolnos\u0165 a odolnos\u0165 vo\u010di opotrebovaniu. Okrem toho je pravideln\u00e9 mazanie hydraulick\u00fdm olejom nevyhnutn\u00e9 na zabezpe\u010denie plynul\u00e9ho chodu a minimaliz\u00e1ciu trenia medzi pohybliv\u00fdmi \u010das\u0165ami.<\/p>\n<h2>Pravideln\u00e1 kontrola a opatrenia prevent\u00edvnej \u00fadr\u017eby<\/h2>\n<ul>\n<li><strong>Pravideln\u00e9 kontroly:<\/strong> Vykon\u00e1vanie \u010dast\u00fdch kontrol pom\u00e1ha identifikova\u0165 potenci\u00e1lne probl\u00e9my sk\u00f4r, ako sa vyhrotia. Skontrolujte netesnosti, opotrebovanie a spr\u00e1vne zarovnanie.<\/li>\n<li><strong>Spr\u00e1vne mazanie:<\/strong> Uistite sa, \u017ee v\u0161etky pohybliv\u00e9 \u010dasti s\u00fa dostato\u010dne namazan\u00e9, aby sa zn\u00ed\u017eilo trenie a zabr\u00e1nilo opotrebovaniu. Pre optim\u00e1lny v\u00fdkon pou\u017e\u00edvajte odpor\u00fa\u010dan\u00fd typ hydraulick\u00e9ho oleja.<\/li>\n<li><strong>V\u00fdmena tesnenia:<\/strong> Napl\u00e1nujte si pravideln\u00fa v\u00fdmenu tesnen\u00ed pod\u013ea pou\u017e\u00edvania, aby ste zachovali integritu valca. Skontrolujte tesnenia, \u010di nejavia zn\u00e1mky opotrebovania, a v pr\u00edpade potreby ich vyme\u0148te.<\/li>\n<\/ul>\n<h2>Pokyny na in\u0161tal\u00e1ciu<\/h2>\n<p>Spr\u00e1vna in\u0161tal\u00e1cia valca v\u00fdlo\u017en\u00edka je k\u013e\u00fa\u010dov\u00e1 pre optim\u00e1lny v\u00fdkon. Za\u010dnite t\u00fdm, \u017ee sa uist\u00edte, \u017ee pracovn\u00fd priestor je \u010dist\u00fd a bez ne\u010dist\u00f4t. Valec spr\u00e1vne zarovnajte s mont\u00e1\u017enymi konzolami pomocou vhodn\u00fdch mont\u00e1\u017enych pr\u00edpravkov na jeho upevnenie. Uistite sa, \u017ee hydraulick\u00e9 pripojenia s\u00fa pevn\u00e9 a bez \u00fanikov. Po in\u0161tal\u00e1cii skontrolujte zarovnanie valca, aby ste predi\u0161li nadmern\u00e9mu nam\u00e1haniu po\u010das prev\u00e1dzky. Po in\u0161tal\u00e1cii vykonajte sk\u00fa\u0161obn\u00fa jazdu, aby ste overili funk\u010dnos\u0165, a vykonajte v\u0161etky potrebn\u00e9 \u00fapravy hydraulick\u00e9ho syst\u00e9mu pre plynul\u00fd chod.<\/p>\n<h2>Be\u017en\u00e9 \u00falohy \u00fadr\u017eby<\/h2>\n<ul>\n<li><strong>Pravideln\u00e9 kontroly:<\/strong> \u010cast\u00e9 kontroly tesnost\u00ed alebo zn\u00e1mok opotrebovania pom\u00e1haj\u00fa udr\u017eiava\u0165 \u00fa\u010dinnos\u0165 valca. Skontrolujte v\u0161etky spoje a tesnenia, aby ste sa uistili, \u017ee s\u00fa neporu\u0161en\u00e9.<\/li>\n<li><strong>Spr\u00e1vne mazanie:<\/strong> Udr\u017eiavanie vhodnej hladiny mazania je nevyhnutn\u00e9. Zabezpe\u010dte, aby bol valec mazan\u00fd pod\u013ea odpor\u00fa\u010dan\u00ed v\u00fdrobcu, aby ste predi\u0161li pred\u010dasn\u00e9mu opotrebovaniu.<\/li>\n<li><strong>V\u00fdmena tesnenia:<\/strong> Pravidelne kontrolujte stav tesnen\u00ed a pod\u013ea potreby ich vyme\u0148te. T\u00e1to \u00faloha zabra\u0148uje \u00faniku hydraulickej kvapaliny a udr\u017eiava tlak v syst\u00e9me.<\/li>\n<\/ul>\n<h2>Bezpe\u010dnostn\u00e9 aspekty a faktory prostredia<\/h2>\n<p>Pri pou\u017e\u00edvan\u00ed hydraulick\u00fdch valcov ramena s\u00fa bezpe\u010dnostn\u00e9 opatrenia prvorad\u00e9. Obsluha by mala dodr\u017eiava\u0165 v\u0161etky bezpe\u010dnostn\u00e9 pokyny vr\u00e1tane nosenia vhodn\u00fdch osobn\u00fdch ochrann\u00fdch prostriedkov (OOP), aby sa minimalizovali rizik\u00e1 po\u010das prev\u00e1dzky. Na predch\u00e1dzanie nehod\u00e1m je nevyhnutn\u00e9 riadne \u0161kolenie v oblasti manipul\u00e1cie s hydraulick\u00fdmi syst\u00e9mami. Okrem toho je k\u013e\u00fa\u010dov\u00e1 pozornos\u0165 venovan\u00e1 environment\u00e1lnym faktorom; zabezpe\u010denie toho, aby hydraulick\u00e9 kvapaliny neunikali do \u017eivotn\u00e9ho prostredia, pom\u00e1ha zmierni\u0165 ekologick\u00e9 rizik\u00e1.<\/p>\n<h2>Rie\u0161enie probl\u00e9mov a be\u017en\u00e9 probl\u00e9my<\/h2>\n<ul>\n<li><strong>\u00danik:<\/strong> Skontrolujte v\u0161etky tesnenia a spoje, \u010di nie s\u00fa opotrebovan\u00e9 alebo po\u0161koden\u00e9. Vyme\u0148te v\u0161etky chybn\u00e9 tesnenia a uistite sa, \u017ee spoje s\u00fa pevn\u00e9.<\/li>\n<li><strong>Slab\u00fd v\u00fdkon:<\/strong> Skontrolujte hladiny a kvalitu hydraulickej kvapaliny. N\u00edzka hladina kvapaliny m\u00f4\u017ee vies\u0165 k nedostato\u010dn\u00e9mu v\u00fdkonu, preto sa uistite, \u017ee sp\u013a\u0148a \u0161pecifik\u00e1cie.<\/li>\n<li><strong>Hluk po\u010das prev\u00e1dzky:<\/strong> Nezvy\u010dajn\u00e9 zvuky m\u00f4\u017eu nazna\u010dova\u0165 mechanick\u00e9 probl\u00e9my. Skontrolujte, \u010di nie s\u00fa nespr\u00e1vne zarovnan\u00e9 alebo po\u0161koden\u00e9 komponenty, ktor\u00e9 m\u00f4\u017eu vy\u017eadova\u0165 nastavenie alebo v\u00fdmenu.<\/li>\n<\/ul>\n<h2>Tipy na rie\u0161enie probl\u00e9mov<\/h2>\n<p>Aby oper\u00e1tori mohli efekt\u00edvne diagnostikova\u0165 a rie\u0161i\u0165 probl\u00e9my s valcami ramena, mali by vies\u0165 komplexn\u00fd denn\u00edk \u00fadr\u017eby. Uchov\u00e1vajte z\u00e1znamy o kontrol\u00e1ch, oprav\u00e1ch a v\u00fdmen\u00e1ch kvapal\u00edn. Pravideln\u00e9 \u0161kolenia o hydraulick\u00fdch syst\u00e9moch m\u00f4\u017eu oper\u00e1torom umo\u017eni\u0165 v\u010das identifikova\u0165 probl\u00e9my. Zav\u00e1dzajte prevent\u00edvne opatrenia, ako s\u00fa be\u017en\u00e9 kontroly a dodr\u017eiavanie pl\u00e1nov \u00fadr\u017eby, aby ste minimalizovali riziko potenci\u00e1lnych por\u00fach.<\/p>\n<p><img decoding=\"async\" src=\"https:\/\/www.hydraulic-cylinders.net\/wp-content\/uploads\/2025\/04\/songte-bushings-with-all-kinds-of-excavator-models.webp\" alt=\"Puzdr\u00e1 bagerov\" \/><\/p>\n<h2>O na\u0161ej spolo\u010dnosti<\/h2>\n<p>Sme popredn\u00fdm v\u00fdrobcom n\u00e1hradn\u00fdch hydraulick\u00fdch valcov a pon\u00fakame komplexn\u00fd sortiment produktov pre dom\u00e1ci aj medzin\u00e1rodn\u00fd trh. N\u00e1\u0161 z\u00e1v\u00e4zok k vynikaj\u00facej kvalite je podporen\u00fd prepracovanou v\u00fdrobnou strat\u00e9giou, ktor\u00e1 zah\u0155\u0148a pokro\u010dil\u00e9 technol\u00f3gie a kvalifikovan\u00fd person\u00e1l. Vyu\u017e\u00edvan\u00edm najmodernej\u0161\u00edch digit\u00e1lnych v\u00fdrobn\u00fdch zariaden\u00ed a profesion\u00e1lnych testovac\u00edch syst\u00e9mov neust\u00e1le zlep\u0161ujeme na\u0161e v\u00fdrobn\u00e9 kapacity. N\u00e1\u0161 d\u00f4raz na efekt\u00edvnos\u0165, presnos\u0165 a vysok\u00e9 \u0161tandardy kvality sp\u013a\u0148a rozmanit\u00e9 potreby na\u0161ich z\u00e1kazn\u00edkov.<\/p>\n<p><img decoding=\"async\" src=\"https:\/\/www.hydraulic-cylinders.net\/wp-content\/uploads\/2025\/04\/songte-company-4.webp\" alt=\"Preh\u013ead spolo\u010dnosti\" \/><br \/>\n<img decoding=\"async\" src=\"https:\/\/www.hydraulic-cylinders.net\/wp-content\/uploads\/2025\/04\/songte-company-3.webp\" alt=\"Zariadenia spolo\u010dnosti\" \/><\/p>\n<p>Na\u0161e odborn\u00e9 znalosti sa roz\u0161iruj\u00fa na medzin\u00e1rodn\u00e9 certifik\u00e1cie, prisp\u00f4soben\u00e9 slu\u017eby a v\u00fdnimo\u010dn\u00fa popredajn\u00fa podporu, \u010d\u00edm zabezpe\u010dujeme, \u017ee na\u0161i klienti dostan\u00fa najvy\u0161\u0161iu \u00farove\u0148 slu\u017eieb a spo\u013eahlivosti produktov.<\/p>\n<p>Autor: lyl<\/p>","protected":false},"excerpt":{"rendered":"<p>Boom Cylinder For XGMA Large Excavator XG836MH Introduction to Boom Cylinders The Boom Cylinder for the XGMA Large Excavator XG836MH is a critical component designed for heavy machinery operations. This hydraulic cylinder specializes in controlling the movement of excavator attachments, such as buckets, enabling essential tasks such as lifting, lowering, and tilting. It facilitates effective [&hellip;]<\/p>","protected":false},"featured_media":17872,"comment_status":"open","ping_status":"closed","template":"","meta":{"_et_pb_use_builder":"","_et_pb_old_content":"","_et_gb_content_width":""},"product_brand":[],"product_cat":[1546],"product_tag":[1547,1496],"class_list":{"0":"post-19322","1":"product","2":"type-product","3":"status-publish","4":"has-post-thumbnail","6":"product_cat-boom-cylinders","7":"product_tag-boom-cylinders","8":"product_tag-hydraulic-cylinders","10":"first","11":"instock","12":"shipping-taxable","13":"product-type-simple"},"amp_enabled":true,"_links":{"self":[{"href":"https:\/\/www.hydraulic-cylinders.net\/sk\/wp-json\/wp\/v2\/product\/19322","targetHints":{"allow":["GET"]}}],"collection":[{"href":"https:\/\/www.hydraulic-cylinders.net\/sk\/wp-json\/wp\/v2\/product"}],"about":[{"href":"https:\/\/www.hydraulic-cylinders.net\/sk\/wp-json\/wp\/v2\/types\/product"}],"replies":[{"embeddable":true,"href":"https:\/\/www.hydraulic-cylinders.net\/sk\/wp-json\/wp\/v2\/comments?post=19322"}],"wp:featuredmedia":[{"embeddable":true,"href":"https:\/\/www.hydraulic-cylinders.net\/sk\/wp-json\/wp\/v2\/media\/17872"}],"wp:attachment":[{"href":"https:\/\/www.hydraulic-cylinders.net\/sk\/wp-json\/wp\/v2\/media?parent=19322"}],"wp:term":[{"taxonomy":"product_brand","embeddable":true,"href":"https:\/\/www.hydraulic-cylinders.net\/sk\/wp-json\/wp\/v2\/product_brand?post=19322"},{"taxonomy":"product_cat","embeddable":true,"href":"https:\/\/www.hydraulic-cylinders.net\/sk\/wp-json\/wp\/v2\/product_cat?post=19322"},{"taxonomy":"product_tag","embeddable":true,"href":"https:\/\/www.hydraulic-cylinders.net\/sk\/wp-json\/wp\/v2\/product_tag?post=19322"}],"curies":[{"name":"pracovn\u00fd list","href":"https:\/\/api.w.org\/{rel}","templated":true}]}}