{"id":19324,"date":"2025-04-07T06:27:00","date_gmt":"2025-04-07T06:27:00","guid":{"rendered":"https:\/\/www.hydraulic-cylinders.net\/product\/boom-cylinder-for-xgma-wheel-excavator-xg807w\/"},"modified":"2025-04-07T06:27:02","modified_gmt":"2025-04-07T06:27:02","slug":"boom-cylinder-for-xgma-wheel-excavator-xg807w","status":"publish","type":"product","link":"https:\/\/www.hydraulic-cylinders.net\/sk\/produkt\/boom-cylinder-for-xgma-wheel-excavator-xg807w\/","title":{"rendered":"Valec v\u00fdlo\u017en\u00edka pre kolesov\u00e9 r\u00fdpadlo XGMA XG807W"},"content":{"rendered":"<h1>Valec v\u00fdlo\u017en\u00edka pre kolesov\u00e9 r\u00fdpadlo XGMA XG807W<\/h1>\n<h2>Defin\u00edcia a preh\u013ead valcov s ko\u0161\u00edkom<\/h2>\n<p>Hydraulick\u00fd valec v\u00fdlo\u017en\u00edka je neoddelite\u013enou s\u00fa\u010das\u0165ou \u0161peci\u00e1lne navrhnutou na ovl\u00e1danie pohybu ly\u017e\u00edc v r\u00f4znych \u0165a\u017ek\u00fdch strojoch, ako s\u00fa r\u00fdpadl\u00e1, r\u00fdpadlo-naklada\u010de a \u010deln\u00e9 naklada\u010de. Tento hydraulick\u00fd valec umo\u017e\u0148uje zdv\u00edhanie, sp\u00fa\u0161\u0165anie a nakl\u00e1\u0148anie ly\u017eice, \u010do u\u013eah\u010duje efekt\u00edvnu manipul\u00e1ciu s materi\u00e1lom. V hydraulick\u00fdch syst\u00e9moch zohr\u00e1vaj\u00fa valce ly\u017eice k\u013e\u00fa\u010dov\u00fa \u00falohu pri premene tlaku hydraulickej kvapaliny na mechanick\u00fa silu, \u010do umo\u017e\u0148uje obsluhe vykon\u00e1va\u0165 zlo\u017eit\u00e9 pohyby s presnos\u0165ou a \u013eahkos\u0165ou.<\/p>\n<p><img decoding=\"async\" src=\"https:\/\/www.hydraulic-cylinders.net\/wp-content\/uploads\/2025\/04\/songte-company-1.webp\" alt=\"Obr\u00e1zok hydraulick\u00e9ho valca\"><\/p>\n<p>V\u010faka pou\u017eitiu hydraulick\u00e9ho oleja tieto valce poskytuj\u00fa plynul\u00fd a v\u00fdkonn\u00fd chod, ktor\u00fd je nevyhnutn\u00fd pre \u00falohy vy\u017eaduj\u00face zdv\u00edhanie a man\u00e9vrovanie s \u0165a\u017ek\u00fdmi bremenami. Kon\u0161trukcia zoh\u013ead\u0148uje vysok\u00fa odolnos\u0165 a odolnos\u0165 proti opotrebovaniu, \u010do zabezpe\u010duje, \u017ee valec odol\u00e1 n\u00e1ro\u010dn\u00fdm pracovn\u00fdm podmienkam a z\u00e1rove\u0148 si zachov\u00e1 prev\u00e1dzkov\u00fa \u00fa\u010dinnos\u0165. Schopnos\u0165 valca ramena pracova\u0165 pod tlakom z neho rob\u00ed d\u00f4le\u017eit\u00fd prvok vybavenia v stavebn\u00edctve a po\u013enohospod\u00e1rstve.<\/p>\n<h2>Vlastnosti valca v\u00fdlo\u017en\u00edka<\/h2>\n<ul>\n<li><strong>Vysok\u00e1 pevnos\u0165 a odolnos\u0165:<\/strong> Vyroben\u00e9 z vysokopevnostnej ocele alebo hlin\u00edka, schopn\u00e9 odol\u00e1va\u0165 vysok\u00e9mu tlaku a \u0165a\u017ek\u00fdm za\u0165a\u017eeniam a z\u00e1rove\u0148 sa prisp\u00f4sobi\u0165 n\u00e1ro\u010dn\u00fdm pracovn\u00fdm podmienkam. Navrhnut\u00e9 pre odolnos\u0165 vo\u010di opotrebovaniu a kor\u00f3zii, \u010d\u00edm sa predl\u017euje ich \u017eivotnos\u0165.<\/li>\n<li><strong>Efekt\u00edvna hydraulick\u00e1 prev\u00e1dzka:<\/strong> Vyu\u017e\u00edva hydraulick\u00fd tlak oleja pre plynul\u00e9 vys\u00favanie a zas\u00favanie, r\u00fdchlo reaguje na ovl\u00e1dacie povely a poskytuje robustn\u00fa tla\u010dn\u00fa a \u0165a\u017en\u00fa silu, vhodn\u00fa na manipul\u00e1ciu s \u0165a\u017ek\u00fdmi materi\u00e1lmi a zlo\u017eit\u00fdmi \u00falohami.<\/li>\n<li><strong>R\u00f4zne typy:<\/strong> K dispoz\u00edcii s\u00fa v jedno\u010dinnom (s vyu\u017eit\u00edm hydraulickej sily v jednom smere) aj dvoj\u010dinnom (s vyu\u017eit\u00edm hydraulickej sily v oboch smeroch) pre splnenie r\u00f4znych prev\u00e1dzkov\u00fdch potrieb. Niektor\u00e9 modely s\u00fa teleskopick\u00e9, \u010do umo\u017e\u0148uje v\u00e4\u010d\u0161ie vysunutie bez zv\u00e4\u010d\u0161enia vonkaj\u0161\u00edch rozmerov, ide\u00e1lne pre aplik\u00e1cie s obmedzen\u00fdm priestorom.<\/li>\n<li><strong>Prisp\u00f4sobite\u013en\u00e9 rie\u0161enia:<\/strong> Sme schopn\u00ed vyrobi\u0165 tento produkt, pri\u010dom na\u0161a ponuka dokonale nahr\u00e1dza r\u00f4zne hydraulick\u00e9 valce. Na\u0161e v\u00fdrobn\u00e9 kapacity umo\u017e\u0148uj\u00fa rie\u0161enia na mieru, ktor\u00e9 sp\u013a\u0148aj\u00fa \u0161pecifick\u00e9 po\u017eiadavky strojov.<\/li>\n<li><strong>Zabezpe\u010denie kvality:<\/strong> Ka\u017ed\u00fd valec v\u00fdlo\u017en\u00edka prech\u00e1dza pr\u00edsnym testovan\u00edm, aby sa zabezpe\u010dila spo\u013eahlivos\u0165 a v\u00fdkon, pri\u010dom sp\u013a\u0148a priemyseln\u00e9 \u0161tandardy bezpe\u010dnosti a efekt\u00edvnosti.<\/li>\n<\/ul>\n<p><img decoding=\"async\" src=\"https:\/\/www.hydraulic-cylinders.net\/wp-content\/uploads\/2025\/04\/songte-cylinder-head-with-all-kinds-excavator-models.webp\" alt=\"Obr\u00e1zok modelov bagrov\"><\/p>\n<h2>Scen\u00e1re pou\u017eitia valca ramena<\/h2>\n<h3>Stavebn\u00e9 stroje<\/h3>\n<p>V r\u00fdpadl\u00e1ch s\u00fa valce v\u00fdlo\u017en\u00edka nevyhnutn\u00e9 na kopanie, nakladanie a premiest\u0148ovanie zeminy alebo sutiny. Poskytuj\u00fa potrebn\u00fa silu na preniknutie do zeme, v\u010faka \u010domu je proces v\u00fdkopu efekt\u00edvny a \u00fa\u010dinn\u00fd. Schopnos\u0165 zdv\u00edha\u0165 a nakl\u00e1\u0148a\u0165 ly\u017eicu umo\u017e\u0148uje presn\u00e9 ovl\u00e1danie pri premiest\u0148ovan\u00ed materi\u00e1lov, \u010d\u00edm sa zvy\u0161uje produktivita na stavenisk\u00e1ch.<\/p>\n<h3>Po\u013enohospod\u00e1rske stroje<\/h3>\n<p>V \u010deln\u00fdch naklada\u010doch u\u013eah\u010duje valec v\u00fdlo\u017en\u00edka nakladanie, zdv\u00edhanie a prepravu p\u00f4dy, sena a in\u00fdch materi\u00e1lov. Jeho spo\u013eahliv\u00fd v\u00fdkon je k\u013e\u00fa\u010dov\u00fd pre \u00falohy, ako je k\u0155menie hospod\u00e1rskych zvierat alebo \u010distenie pol\u00ed, kde je potrebn\u00e1 r\u00fdchlos\u0165 a efektivita.<\/p>\n<h3>R\u00fdpadl\u00e1<\/h3>\n<p>Valec v\u00fdlo\u017en\u00edka umo\u017e\u0148uje r\u00fdpadl\u00e1m vykon\u00e1va\u0165 kopacie \u010dinnosti t\u00fdm, \u017ee umo\u017e\u0148uje ly\u017eici prenikn\u00fa\u0165 hlboko do p\u00f4dy. T\u00e1to schopnos\u0165 je nevyhnutn\u00e1 pre stavebn\u00e9 a krajin\u00e1rske projekty, kde je potrebn\u00e1 presn\u00e1 h\u013abka v\u00fdkopu pre polo\u017eenie z\u00e1kladov alebo in\u00e9 aplik\u00e1cie.<\/p>\n<h3>Naklada\u010de<\/h3>\n<p>V \u010deln\u00fdch naklada\u010doch valce v\u00fdlo\u017en\u00edka pom\u00e1haj\u00fa pri efekt\u00edvnom zdv\u00edhan\u00ed a vykladan\u00ed bremien. Poskytuj\u00fa silu potrebn\u00fa na zdv\u00edhanie \u0165a\u017ek\u00fdch materi\u00e1lov, \u010d\u00edm zabezpe\u010duj\u00fa plynul\u00fd chod pri nakladan\u00ed n\u00e1kladn\u00fdch vozidiel alebo preprave materi\u00e1lov po stavenisku.<\/p>\n<h2>\u00davahy o dizajne a krit\u00e9ri\u00e1 v\u00fdberu<\/h2>\n<h3>Nosnos\u0165<\/h3>\n<p>Nosnos\u0165 valca v\u00fdlo\u017en\u00edka je kritick\u00fdm kon\u0161truk\u010dn\u00fdm faktorom. Mus\u00ed by\u0165 vhodn\u00fd pre konkr\u00e9tne \u00falohy a stroje, s ktor\u00fdmi sa bude pou\u017e\u00edva\u0165. In\u017einieri vypo\u010d\u00edtavaj\u00fa potrebn\u00fa nosnos\u0165 na z\u00e1klade o\u010dak\u00e1van\u00fdch hmotnost\u00ed a s\u00edl, s ktor\u00fdmi sa stret\u00e1vaj\u00fa po\u010das prev\u00e1dzky, \u010d\u00edm zabezpe\u010duj\u00fa, aby valec bezpe\u010dne zvl\u00e1dol za\u0165a\u017eenie bez rizika poruchy.<\/p>\n<h3>Tesniaca schopnos\u0165<\/h3>\n<p>\u00da\u010dinn\u00e9 tesnenie je nevyhnutn\u00e9 pre v\u00fdkon hydraulick\u00fdch valcov. Vysokokvalitn\u00e9 tesnenia zabra\u0148uj\u00fa \u00faniku hydraulickej kvapaliny, udr\u017eiavaj\u00fa tlak v syst\u00e9me a zabezpe\u010duj\u00fa plynul\u00fd chod. Tesnenia sa musia vybera\u0165 na z\u00e1klade ich kompatibility s hydraulickou kvapalinou a ich schopnosti odol\u00e1va\u0165 prev\u00e1dzkov\u00fdm podmienkam prostredia.<\/p>\n<h3>Trvanlivos\u0165<\/h3>\n<p>Trvanlivos\u0165 je k\u013e\u00fa\u010dov\u00fdm faktorom pri kon\u0161trukcii hydraulick\u00fdch valcov. Pou\u017eit\u00e9 materi\u00e1ly musia odol\u00e1va\u0165 opotrebovaniu sp\u00f4soben\u00e9mu neust\u00e1lym pohybom a vystaven\u00edm drsn\u00fdm vplyvom. Vysokopevnostn\u00e9 materi\u00e1ly a povlaky m\u00f4\u017eu zv\u00fd\u0161i\u0165 odolnos\u0165 a pred\u013a\u017ei\u0165 prev\u00e1dzkov\u00fa \u017eivotnos\u0165 valca.<\/p>\n<h3>Bezpe\u010dnostn\u00e9 prvky<\/h3>\n<p>Bezpe\u010dnos\u0165 je pri kon\u0161trukcii hydraulick\u00fdch valcov prvorad\u00e1. Za\u010dlenenie prvkov, ako s\u00fa pretlakov\u00e9 ventily, m\u00f4\u017ee zabr\u00e1ni\u0165 pre\u0165a\u017eeniu a potenci\u00e1lnym katastrofick\u00fdm poruch\u00e1m. Tieto bezpe\u010dnostn\u00e9 opatrenia s\u00fa nevyhnutn\u00e9 na ochranu obsluhy a zariadenia po\u010das prev\u00e1dzky.<\/p>\n<h3>Udr\u017eiavate\u013enos\u0165<\/h3>\n<p>Navrhovanie pre jednoduch\u00fa \u00fadr\u017ebu je k\u013e\u00fa\u010dov\u00e9 pre minimaliz\u00e1ciu prestojov a pred\u013a\u017eenie \u017eivotnosti zariadenia. Funkcie, ako s\u00fa \u013eahko dostupn\u00e9 maznice na mazanie a jednoduch\u00e1 demont\u00e1\u017e za \u00fa\u010delom opr\u00e1v, s\u00fa z\u00e1kladn\u00fdmi faktormi v procese navrhovania.<\/p>\n<p><img decoding=\"async\" src=\"https:\/\/www.hydraulic-cylinders.net\/wp-content\/uploads\/2025\/04\/songte-oil-pipes-and-spare-parts.webp\" alt=\"Obr\u00e1zok n\u00e1hradn\u00fdch dielov hydraulick\u00e9ho valca\"><\/p>\n<h2>Tesnenie a mazanie hydraulick\u00e9ho valca<\/h2>\n<p>Tesnenie a mazanie hydraulick\u00fdch valcov s\u00fa nevyhnutn\u00e9 pre udr\u017eanie v\u00fdkonu a dlhej \u017eivotnosti. Na zabr\u00e1nenie \u00faniku hydraulickej kvapaliny sa pou\u017e\u00edvaj\u00fa r\u00f4zne tesnenia vr\u00e1tane tesnen\u00ed piestov a tesnen\u00ed ty\u010d\u00ed. Tieto tesnenia s\u00fa zvy\u010dajne vyroben\u00e9 z odoln\u00fdch materi\u00e1lov, ako je polyuret\u00e1n alebo nitrilov\u00e1 guma, ktor\u00e9 s\u00fa odoln\u00e9 vo\u010di opotrebovaniu a oderu. Spr\u00e1vny v\u00fdber tesniacich materi\u00e1lov je k\u013e\u00fa\u010dov\u00fd, preto\u017ee musia odol\u00e1va\u0165 prev\u00e1dzkov\u00fdm podmienkam a typu pou\u017eitej hydraulickej kvapaliny.<\/p>\n<p>Teleso valca a z\u00e1vitov\u00e9 koncov\u00e9 plochy prech\u00e1dzaj\u00fa presn\u00fdmi povrchov\u00fdmi \u00fapravami, aby sa zv\u00fd\u0161ila odolnos\u0165 proti opotrebovaniu. Pravideln\u00e9 mazanie hydraulick\u00fdm olejom je nevyhnutn\u00e9 na zabezpe\u010denie plynul\u00e9ho chodu a zabr\u00e1nenie trenia medzi pohybliv\u00fdmi \u010das\u0165ami. To zah\u0155\u0148a pravideln\u00e9 dop\u013a\u0148anie hydraulick\u00e9ho oleja a kontrolu pr\u00edpadn\u00fdch zn\u00e1mok opotrebenia tesnenia.<\/p>\n<h2>Pravideln\u00e1 kontrola a opatrenia prevent\u00edvnej \u00fadr\u017eby<\/h2>\n<ul>\n<li><strong>Pravideln\u00e9 kontroly:<\/strong> Pravideln\u00e9 kontroly hydraulick\u00e9ho valca m\u00f4\u017eu v\u010das odhali\u0165 opotrebovanie. H\u013eadajte ak\u00e9ko\u013evek zn\u00e1mky netesnost\u00ed, kor\u00f3zie alebo fyzick\u00e9ho po\u0161kodenia. Pravideln\u00e9 vizu\u00e1lne kontroly m\u00f4\u017eu pom\u00f4c\u0165 predch\u00e1dza\u0165 z\u00e1va\u017enej\u0161\u00edm probl\u00e9mom v bud\u00facnosti.<\/li>\n<li><strong>Vhodn\u00e9 mazanie:<\/strong> Zabezpe\u010dte, aby bol valec v\u017edy dostato\u010dne mazan\u00fd. T\u00fdm sa zabr\u00e1ni prehriatiu a zn\u00ed\u017ei sa opotrebovanie tesnen\u00ed a pohybliv\u00fdch \u010dast\u00ed. Pou\u017e\u00edvajte odpor\u00fa\u010dan\u00e9 mazivo a dodr\u017eiavajte pokyny v\u00fdrobcu t\u00fdkaj\u00face sa intervalov a mno\u017estiev.<\/li>\n<li><strong>V\u00fdmena tesnen\u00ed:<\/strong> Pravidelne kontrolujte a pod\u013ea potreby vymie\u0148ajte tesnenia, aby ste udr\u017eali optim\u00e1lny v\u00fdkon. Tesnenia sa m\u00f4\u017eu \u010dasom opotrebova\u0165, \u010do vedie k \u00fanikom a zn\u00ed\u017eeniu \u00fa\u010dinnosti. Udr\u017eiavanie z\u00e1soby n\u00e1hradn\u00fdch tesnen\u00ed m\u00f4\u017ee minimalizova\u0165 prestoje.<\/li>\n<\/ul>\n<h2>Pokyny pre spr\u00e1vnu in\u0161tal\u00e1ciu<\/h2>\n<p>Spr\u00e1vna in\u0161tal\u00e1cia valca ramena je k\u013e\u00fa\u010dov\u00e1 pre jeho efekt\u00edvnu prev\u00e1dzku. Za\u010dnite t\u00fdm, \u017ee sa uist\u00edte, \u017ee v\u0161etky komponenty s\u00fa \u010dist\u00e9 a bez ne\u010dist\u00f4t. Valec presne zarovnajte, aby ste predi\u0161li nadmern\u00e9mu nam\u00e1haniu a opotrebovaniu tesnen\u00ed. Na pevn\u00e9 upevnenie valca na mieste je nevyhnutn\u00e9 pou\u017ei\u0165 vhodn\u00e9 mont\u00e1\u017ene konzoly, ktor\u00e9 zabezpe\u010dia stabilitu po\u010das prev\u00e1dzky.<\/p>\n<p>Po\u010das in\u0161tal\u00e1cie venujte pozornos\u0165 hydraulick\u00fdm pripojeniam a uistite sa, \u017ee s\u00fa tesn\u00e9 a bez \u00fanikov. Po in\u0161tal\u00e1cii otestujte syst\u00e9m, aby ste sa uistili, \u017ee valec funguje hladko, bez ak\u00fdchko\u013evek abnorm\u00e1lnych zvukov alebo \u00fanikov. Pravidelne kontrolujte zarovnanie a stav valca, aby ste zabezpe\u010dili jeho nepretr\u017eit\u00fa prev\u00e1dzku.<\/p>\n<h2>Be\u017en\u00e9 \u00falohy \u00fadr\u017eby<\/h2>\n<ul>\n<li><strong>Pravideln\u00e9 kontroly:<\/strong> Je d\u00f4le\u017eit\u00e9 vykon\u00e1va\u0165 pravideln\u00e9 kontroly tesnost\u00ed, opotrebovania a celkov\u00e9ho stavu valca. D\u00f4sledn\u00e9 monitorovanie m\u00f4\u017ee zabr\u00e1ni\u0165 vzniku v\u00e4\u010d\u0161\u00edch probl\u00e9mov.<\/li>\n<li><strong>Mazanie:<\/strong> Dodr\u017eiavajte vhodn\u00fd pl\u00e1n mazania, aby ste zabezpe\u010dili dobr\u00e9 mazanie vn\u00fatorn\u00fdch komponentov, \u010d\u00edm sa zn\u00ed\u017ei trenie a opotrebovanie.<\/li>\n<li><strong>V\u00fdmena tesnenia:<\/strong> Pod\u013ea potreby vymie\u0148ajte tesnenia, aby ste zachovali \u00fa\u010dinnos\u0165 hydraulick\u00e9ho syst\u00e9mu. Pravideln\u00e1 \u00fadr\u017eba tesnen\u00ed m\u00f4\u017ee zabr\u00e1ni\u0165 \u00fanikom a zlep\u0161i\u0165 v\u00fdkon.<\/li>\n<\/ul>\n<h2>Bezpe\u010dnostn\u00e9 aspekty a faktory prostredia<\/h2>\n<p>Pri obsluhe hydraulick\u00fdch valcov sa musia pr\u00edsne dodr\u017eiava\u0165 bezpe\u010dnostn\u00e9 opatrenia. Obsluha by mala by\u0165 vy\u0161kolen\u00e1 v rozpozn\u00e1van\u00ed riz\u00edk spojen\u00fdch s hydraulick\u00fdm zariaden\u00edm vr\u00e1tane potenci\u00e1lnych zranen\u00ed s\u00favisiacich s tlakom. Pou\u017e\u00edvanie ochrann\u00fdch prostriedkov, dodr\u017eiavanie prev\u00e1dzkov\u00fdch pokynov a \u00fadr\u017eba zariaden\u00ed m\u00f4\u017ee v\u00fdrazne zn\u00ed\u017ei\u0165 riziko neh\u00f4d. Okrem toho je potrebn\u00e9 zv\u00e1\u017ei\u0165 environment\u00e1lne faktory, ako je zabezpe\u010denie spr\u00e1vneho skladovania a manipul\u00e1cie s hydraulick\u00fdmi kvapalinami, aby sa zabr\u00e1nilo kontamin\u00e1cii p\u00f4dy a vodn\u00fdch zdrojov.<\/p>\n<h2>Rie\u0161enie probl\u00e9mov a be\u017en\u00e9 probl\u00e9my<\/h2>\n<ul>\n<li><strong>Netesn\u00e9 tesnenia:<\/strong> Toto je be\u017en\u00fd probl\u00e9m, \u010dasto sp\u00f4soben\u00fd opotrebovan\u00edm alebo nespr\u00e1vnou in\u0161tal\u00e1ciou. Pravideln\u00e9 kontroly a v\u010dasn\u00e1 v\u00fdmena tesnen\u00ed s\u00fa nevyhnutn\u00e9 na predch\u00e1dzanie \u00fanikom.<\/li>\n<li><strong>Nereaguj\u00faci valec:<\/strong> Ak valec nereaguje, m\u00f4\u017ee to signalizova\u0165 n\u00edzku hladinu hydraulickej kvapaliny alebo vzduch v syst\u00e9me. Skontrolujte hladiny kvapal\u00edn a v pr\u00edpade potreby syst\u00e9m odvzdu\u0161nite.<\/li>\n<li><strong>Prehriatie:<\/strong> Toto sa m\u00f4\u017ee sta\u0165, ak je mazanie nedostato\u010dn\u00e9. Zabezpe\u010dte dodr\u017eiavanie mazac\u00edch pl\u00e1nov a skontrolujte, \u010di v hydraulickom syst\u00e9me nie s\u00fa \u017eiadne upchatia.<\/li>\n<\/ul>\n<h2>Tipy a rie\u0161enia probl\u00e9mov<\/h2>\n<p>Aby oper\u00e1tori mohli efekt\u00edvne diagnostikova\u0165 a rie\u0161i\u0165 probl\u00e9my s valcom v\u00fdlo\u017en\u00edka, mali by za\u010da\u0165 identifik\u00e1ciou pr\u00edznakov. Pravideln\u00e9 postupy \u00fadr\u017eby m\u00f4\u017eu zabr\u00e1ni\u0165 mnoh\u00fdm probl\u00e9mom, napr\u00edklad zabezpe\u010di\u0165, aby boli tesnenia v dobrom stave a aby bola hydraulick\u00e1 kvapalina na spr\u00e1vnej \u00farovni. V pr\u00edpade nereaguj\u00facich akci\u00ed skontrolujte, \u010di v hydraulick\u00fdch potrubiach nie s\u00fa upchatia alebo vzduch. Skontrolujte tesnenia a spoje, \u010di nie s\u00fa netesn\u00e9. Prevent\u00edvne opatrenia, ako napr\u00edklad dodr\u017eiavanie organizovan\u00e9ho pl\u00e1nu \u00fadr\u017eby, m\u00f4\u017eu minimalizova\u0165 potenci\u00e1lne probl\u00e9my a pred\u013a\u017ei\u0165 \u017eivotnos\u0165 hydraulick\u00fdch komponentov.<\/p>\n<p><img decoding=\"async\" src=\"https:\/\/www.hydraulic-cylinders.net\/wp-content\/uploads\/2025\/04\/songte-bushings-with-all-kinds-of-excavator-models.webp\" alt=\"Obr\u00e1zok puzdier bageru\"><\/p>\n<h2>Preh\u013ead spolo\u010dnosti<\/h2>\n<p>Sme v\u00fdrobca \u0161pecializuj\u00faci sa na n\u00e1hradn\u00e9 hydraulick\u00e9 valce a pon\u00fakame komplexn\u00fd sortiment produktov, v\u010faka ktor\u00fdm sme jedn\u00fdm z popredn\u00fdch v\u00fdrobcov a ve\u013ekoobchodn\u00edkov na dom\u00e1com aj medzin\u00e1rodnom trhu. N\u00e1\u0161 z\u00e1v\u00e4zok k excelentnosti sa odr\u00e1\u017ea v na\u0161ej prepracovanej v\u00fdrobnej dielni a systematick\u00fdch strat\u00e9gi\u00e1ch riadenia v\u00fdroby. Neust\u00e1le zlep\u0161ujeme na\u0161e v\u00fdrobn\u00e9 kapacity vyu\u017e\u00edvan\u00edm kvalifikovan\u00fdch technikov, pokro\u010dil\u00fdch digit\u00e1lnych v\u00fdrobn\u00fdch zariaden\u00ed a pr\u00edsnych testovac\u00edch syst\u00e9mov.<\/p>\n<p>Na\u0161a spolo\u010dnos\u0165 vynik\u00e1 zameran\u00edm na technologick\u00e9 inov\u00e1cie, vysok\u00e9 \u0161tandardy kvality a rie\u0161enia na mieru, ktor\u00e9 sp\u013a\u0148aj\u00fa rozmanit\u00e9 potreby z\u00e1kazn\u00edkov. Na\u0161e v\u00fdrobn\u00e9 zariadenia s\u00fa vybaven\u00e9 pre vysok\u00fa efektivitu, presnos\u0165 a kvalitu, \u010do zabezpe\u010duje splnenie r\u00f4znych po\u017eiadaviek na\u0161ich klientov, od \u0161pecializovan\u00fdch n\u00e1vrhov a\u017e po \u0161tandardn\u00e9 produkty.<\/p>\n<p><img decoding=\"async\" src=\"https:\/\/www.hydraulic-cylinders.net\/wp-content\/uploads\/2025\/04\/songte-company-4.webp\" alt=\"Obr\u00e1zok spolo\u010dnosti 1\"><br \/>\n<img decoding=\"async\" src=\"https:\/\/www.hydraulic-cylinders.net\/wp-content\/uploads\/2025\/04\/songte-company-3.webp\" alt=\"Obr\u00e1zok spolo\u010dnosti 2\"><\/p>\n<p>Autor: lyl<\/p>","protected":false},"excerpt":{"rendered":"<p>Boom Cylinder For XGMA Wheel Excavator XG807W Definition and Overview of Bucket Cylinders The Boom Cylinder is an integral component specifically designed for controlling the movement of buckets in various heavy machinery such as excavators, backhoe loaders, and front loaders. This hydraulic cylinder enables the bucket to lift, lower, and tilt, facilitating efficient material handling [&hellip;]<\/p>","protected":false},"featured_media":17874,"comment_status":"open","ping_status":"closed","template":"","meta":{"_et_pb_use_builder":"","_et_pb_old_content":"","_et_gb_content_width":""},"product_brand":[],"product_cat":[1546],"product_tag":[1547,1496],"class_list":{"0":"post-19324","1":"product","2":"type-product","3":"status-publish","4":"has-post-thumbnail","6":"product_cat-boom-cylinders","7":"product_tag-boom-cylinders","8":"product_tag-hydraulic-cylinders","10":"first","11":"instock","12":"shipping-taxable","13":"product-type-simple"},"amp_enabled":true,"_links":{"self":[{"href":"https:\/\/www.hydraulic-cylinders.net\/sk\/wp-json\/wp\/v2\/product\/19324","targetHints":{"allow":["GET"]}}],"collection":[{"href":"https:\/\/www.hydraulic-cylinders.net\/sk\/wp-json\/wp\/v2\/product"}],"about":[{"href":"https:\/\/www.hydraulic-cylinders.net\/sk\/wp-json\/wp\/v2\/types\/product"}],"replies":[{"embeddable":true,"href":"https:\/\/www.hydraulic-cylinders.net\/sk\/wp-json\/wp\/v2\/comments?post=19324"}],"wp:featuredmedia":[{"embeddable":true,"href":"https:\/\/www.hydraulic-cylinders.net\/sk\/wp-json\/wp\/v2\/media\/17874"}],"wp:attachment":[{"href":"https:\/\/www.hydraulic-cylinders.net\/sk\/wp-json\/wp\/v2\/media?parent=19324"}],"wp:term":[{"taxonomy":"product_brand","embeddable":true,"href":"https:\/\/www.hydraulic-cylinders.net\/sk\/wp-json\/wp\/v2\/product_brand?post=19324"},{"taxonomy":"product_cat","embeddable":true,"href":"https:\/\/www.hydraulic-cylinders.net\/sk\/wp-json\/wp\/v2\/product_cat?post=19324"},{"taxonomy":"product_tag","embeddable":true,"href":"https:\/\/www.hydraulic-cylinders.net\/sk\/wp-json\/wp\/v2\/product_tag?post=19324"}],"curies":[{"name":"pracovn\u00fd list","href":"https:\/\/api.w.org\/{rel}","templated":true}]}}