{"id":19325,"date":"2025-04-07T06:27:02","date_gmt":"2025-04-07T06:27:02","guid":{"rendered":"https:\/\/www.hydraulic-cylinders.net\/product\/boom-cylinder-for-xgma-wheel-excavator-xg815w\/"},"modified":"2025-04-07T06:27:05","modified_gmt":"2025-04-07T06:27:05","slug":"boom-cylinder-for-xgma-wheel-excavator-xg815w","status":"publish","type":"product","link":"https:\/\/www.hydraulic-cylinders.net\/sk\/produkt\/boom-cylinder-for-xgma-wheel-excavator-xg815w\/","title":{"rendered":"Valec v\u00fdlo\u017en\u00edka pre kolesov\u00e9 r\u00fdpadlo XGMA XG815W"},"content":{"rendered":"<h1>Valec v\u00fdlo\u017en\u00edka pre kolesov\u00e9 r\u00fdpadlo XGMA XG815W<\/h1>\n<h2>\u00davod do valca v\u00fdlo\u017en\u00edka<\/h2>\n<p>Hydraulick\u00fd valec v\u00fdlo\u017en\u00edka je d\u00f4le\u017eitou s\u00fa\u010das\u0165ou \u0165a\u017ek\u00fdch strojov, najm\u00e4 v r\u00fdpadl\u00e1ch, r\u00fdpadlo-naklada\u010doch a \u010deln\u00fdch naklada\u010doch. Je to typ hydraulick\u00e9ho valca \u0161peci\u00e1lne navrhnut\u00e9ho na ovl\u00e1danie pohybu ly\u017eice, \u010do umo\u017e\u0148uje jej zdv\u00edhanie, sp\u00fa\u0161\u0165anie a nakl\u00e1\u0148anie pod\u013ea potreby pri r\u00f4znych \u00faloh\u00e1ch manipul\u00e1cie s materi\u00e1lom. Tento hydraulick\u00fd valec je k\u013e\u00fa\u010dov\u00fd pre efekt\u00edvnu prev\u00e1dzku r\u00fdpadiel, preto\u017ee poskytuje potrebn\u00fa silu na manipul\u00e1ciu s \u0165a\u017ek\u00fdmi bremenami a pohyb v n\u00e1ro\u010dnom ter\u00e9ne. Hydraulick\u00fd valec v\u00fdlo\u017en\u00edka pracuje pod vysok\u00fdm tlakom, v\u010faka \u010domu je nevyhnutn\u00fd pre \u00falohy, ktor\u00e9 vy\u017eaduj\u00fa presnos\u0165 a pevnos\u0165.<\/p>\n<p><img decoding=\"async\" src=\"https:\/\/www.hydraulic-cylinders.net\/wp-content\/uploads\/2025\/04\/songte-company-1.webp\" alt=\"Valec v\u00fdlo\u017en\u00edka pre r\u00fdpadl\u00e1\"><\/p>\n<h2>Vlastnosti valca v\u00fdlo\u017en\u00edka<\/h2>\n<ul>\n<li><strong>Vysok\u00e1 pevnos\u0165 a odolnos\u0165:<\/strong> Valec v\u00fdlo\u017en\u00edka je vyroben\u00fd z vysokopevnostnej ocele alebo hlin\u00edka a odol\u00e1 vysok\u00e9mu tlaku a \u0165a\u017ek\u00fdm za\u0165a\u017eeniam, v\u010faka \u010domu je vhodn\u00fd do n\u00e1ro\u010dn\u00fdch pracovn\u00fdch prostred\u00ed. Jeho kon\u0161trukcia kladie d\u00f4raz na odolnos\u0165 proti opotrebovaniu a kor\u00f3zii, \u010d\u00edm sa predl\u017euje jeho \u017eivotnos\u0165.<\/li>\n<li><strong>Efekt\u00edvna hydraulick\u00e1 prev\u00e1dzka:<\/strong> Valec vyu\u017e\u00edva hydraulick\u00fd tlak oleja pre plynul\u00e9 vys\u00favanie a zas\u00favanie, \u010do umo\u017e\u0148uje r\u00fdchlu reakciu na ovl\u00e1dacie povely a poskytuje siln\u00fa tla\u010dn\u00fa a \u0165a\u017en\u00fa silu, ide\u00e1lnu na manipul\u00e1ciu s \u0165a\u017ek\u00fdmi materi\u00e1lmi a zlo\u017eit\u00e9 \u00falohy.<\/li>\n<li><strong>R\u00f4zne typy:<\/strong> V z\u00e1vislosti od prev\u00e1dzkov\u00fdch potrieb s\u00fa k dispoz\u00edcii jedno\u010dinn\u00e9 (hydraulick\u00e1 sila v jednom smere) alebo dvoj\u010dinn\u00e9 (hydraulick\u00e1 sila v oboch smeroch) valce. Niektor\u00e9 modely s\u00fa teleskopick\u00e9, \u010do umo\u017e\u0148uje v\u00e4\u010d\u0161ie vysunutie bez zv\u00e4\u010d\u0161enia vonkaj\u0161\u00edch rozmerov, vhodn\u00e9 pre aplik\u00e1cie s obmedzen\u00fdm priestorom.<\/li>\n<\/ul>\n<p>Na\u0161e produkty s\u00fa navrhnut\u00e9 tak, aby dokonale nahradili existuj\u00face hydraulick\u00e9 valce.<\/p>\n<p><img decoding=\"async\" src=\"https:\/\/www.hydraulic-cylinders.net\/wp-content\/uploads\/2025\/04\/songte-cylinder-head-with-all-kinds-excavator-models.webp\" alt=\"Hlava hydraulick\u00e9ho valca\"><\/p>\n<h2>Scen\u00e1re aplik\u00e1ci\u00ed<\/h2>\n<h3>Stavebn\u00e9 stroje<\/h3>\n<p>V r\u00fdpadl\u00e1ch hraj\u00fa valce v\u00fdlo\u017en\u00edka k\u013e\u00fa\u010dov\u00fa \u00falohu pri kopan\u00ed, nakladan\u00ed a premiest\u0148ovan\u00ed zeminy alebo sutiny. Umo\u017e\u0148uj\u00fa ly\u017eici efekt\u00edvne prenika\u0165 do zeme, v\u010faka \u010domu s\u00fa na stavenisk\u00e1ch nevyhnutn\u00e9. V r\u00fdpadlo-naklada\u010doch tieto valce pom\u00e1haj\u00fa nielen pri v\u00fdkopov\u00fdch pr\u00e1cach, ale aj pri zdv\u00edhan\u00ed a premiest\u0148ovan\u00ed materi\u00e1lov, \u010d\u00edm pon\u00fakaj\u00fa v\u0161estrannos\u0165 pri r\u00f4znych stavebn\u00fdch \u00faloh\u00e1ch.<\/p>\n<h3>Po\u013enohospod\u00e1rske stroje<\/h3>\n<p>V \u010deln\u00fdch naklada\u010doch sa valce v\u00fdlo\u017en\u00edka pou\u017e\u00edvaj\u00fa na naberanie, zdv\u00edhanie a prepravu p\u00f4dy, sena a in\u00fdch materi\u00e1lov. Ich robustn\u00e1 kon\u0161trukcia im umo\u017e\u0148uje zvl\u00e1da\u0165 zna\u010dn\u00e9 za\u0165a\u017eenie, \u010do je nevyhnutn\u00e9 v po\u013enohospod\u00e1rskych prev\u00e1dzkach, kde je prvorad\u00e1 efektivita a spo\u013eahlivos\u0165.<\/p>\n<h3>R\u00fdpadl\u00e1<\/h3>\n<p>Valec v\u00fdlo\u017en\u00edka umo\u017e\u0148uje ly\u017eici efekt\u00edvne prenika\u0165 do p\u00f4dy, \u010do u\u013eah\u010duje kopanie. T\u00e1to funkcia je nevyhnutn\u00e1 pre \u00falohy, ako je h\u013abenie v\u00fdkopov, pr\u00edprava staveniska a in\u00e9 v\u00fdkopov\u00e9 pr\u00e1ce, \u010d\u00edm sa zabezpe\u010duje, \u017ee oper\u00e1tori m\u00f4\u017eu svoje \u00falohy vykon\u00e1va\u0165 efekt\u00edvne.<\/p>\n<h3>Naklada\u010de<\/h3>\n<p>V \u010deln\u00fdch naklada\u010doch valce v\u00fdlo\u017en\u00edka efekt\u00edvne pom\u00e1haj\u00fa pri zdv\u00edhan\u00ed a vykladan\u00ed bremien. Ich hydraulick\u00fd v\u00fdkon umo\u017e\u0148uje obsluhe \u013eahko zvl\u00e1da\u0165 \u0165a\u017ek\u00e9 bremen\u00e1, \u010d\u00edm sa zvy\u0161uje produktivita na pracovisk\u00e1ch, kde je potrebn\u00e1 r\u00fdchla manipul\u00e1cia s materi\u00e1lom.<\/p>\n<h2>\u00davahy o dizajne a \u0161tandardy v\u00fdberu<\/h2>\n<h3>Nosnos\u0165<\/h3>\n<p>Nosnos\u0165 valca v\u00fdlo\u017en\u00edka je kritick\u00fdm faktorom pri jeho kon\u0161trukcii, preto\u017ee mus\u00ed by\u0165 schopn\u00fd unies\u0165 hmotnos\u0165 manipulovan\u00fdch materi\u00e1lov bez rizika poruchy. V\u00fdrobcovia \u010dasto vykon\u00e1vaj\u00fa pr\u00edsne testy, aby sa zabezpe\u010dilo, \u017ee ich valce bezpe\u010dne odol\u00e1vaj\u00fa stanoven\u00e9mu za\u0165a\u017eeniu.<\/p>\n<h3>Integrita tesnenia<\/h3>\n<p>\u00da\u010dinn\u00e9 tesnenie je nevyhnutn\u00e9 na zabr\u00e1nenie \u00faniku hydraulickej kvapaliny, \u010do m\u00f4\u017ee vies\u0165 k zn\u00ed\u017eeniu \u00fa\u010dinnosti a potenci\u00e1lnym nebezpe\u010denstv\u00e1m. Dobre navrhnut\u00fd valec v\u00fdlo\u017en\u00edka obsahuje vysoko kvalitn\u00e9 tesnenia vyroben\u00e9 z odoln\u00fdch materi\u00e1lov, ktor\u00e9 zais\u0165uj\u00fa dlhodob\u00fd v\u00fdkon a spo\u013eahlivos\u0165.<\/p>\n<h3>Trvanlivos\u0165<\/h3>\n<p>Trvanlivos\u0165 je k\u013e\u00fa\u010dov\u00fdm kon\u0161truk\u010dn\u00fdm krit\u00e9riom, preto\u017ee valce ramena s\u00fa \u010dasto vystaven\u00e9 n\u00e1ro\u010dn\u00fdm podmienkam. V\u00fdrobcovia pou\u017e\u00edvaj\u00fa vysokokvalitn\u00e9 materi\u00e1ly a pokro\u010dil\u00e9 kon\u0161truk\u010dn\u00e9 techniky na zv\u00fd\u0161enie odolnosti vo\u010di opotrebovaniu a kor\u00f3zii, \u010d\u00edm sa predl\u017euje \u017eivotnos\u0165 produktu.<\/p>\n<h3>Bezpe\u010dnos\u0165<\/h3>\n<p>Bezpe\u010dnostn\u00e9 prvky s\u00fa pri kon\u0161trukcii valcov ramena prvorad\u00e9. M\u00f4\u017eu zah\u0155\u0148a\u0165 pretlakov\u00e9 ventily a bezpe\u010dnostn\u00e9 zariadenia, ktor\u00e9 zabezpe\u010duj\u00fa prev\u00e1dzku syst\u00e9mu v r\u00e1mci bezpe\u010dn\u00fdch parametrov a zabra\u0148uj\u00fa nehod\u00e1m po\u010das prev\u00e1dzky.<\/p>\n<h3>Pr\u00edstupnos\u0165 \u00fadr\u017eby<\/h3>\n<p>Navrhovanie valcov ramena s oh\u013eadom na \u00fadr\u017ebu je k\u013e\u00fa\u010dov\u00e9 pre zabezpe\u010denie dlhej \u017eivotnosti. Pr\u00edstupn\u00e9 komponenty umo\u017e\u0148uj\u00fa jednoduch\u0161ie kontroly, opravy a v\u00fdmenu dielov, \u010d\u00edm sa minimalizuj\u00fa prestoje strojov.<\/p>\n<p><img decoding=\"async\" src=\"https:\/\/www.hydraulic-cylinders.net\/wp-content\/uploads\/2025\/04\/songte-oil-pipes-and-spare-parts.webp\" alt=\"Olejov\u00e9 potrubia a n\u00e1hradn\u00e9 diely\"><\/p>\n<h2>Tesnenie a mazanie<\/h2>\n<p>Spr\u00e1vne tesnenie a mazanie s\u00fa nevyhnutn\u00e9 pre efekt\u00edvne fungovanie valcov v\u00fdlo\u017en\u00edka. Na zabezpe\u010denie tesn\u00e9ho utesnenia a zabr\u00e1nenie \u00faniku hydraulickej kvapaliny sa pou\u017e\u00edvaj\u00fa r\u00f4zne tesniace komponenty, ako s\u00fa tesnenia piestov a tesnenia ty\u010d\u00ed. V\u00fdrobcovia \u010dasto pou\u017e\u00edvaj\u00fa na tesnenia polyuret\u00e1nov\u00fa alebo nitrilov\u00fa gumu kv\u00f4li ich odolnosti vo\u010di oderu a trvanlivosti. Teleso valca a z\u00e1vitov\u00e9 konce s\u00fa jemne opracovan\u00e9, aby sa zv\u00fd\u0161ila odolnos\u0165 proti opotrebovaniu, \u010do je k\u013e\u00fa\u010dov\u00e9 pre dlhodob\u00e9 pou\u017e\u00edvanie. Na udr\u017eanie hladk\u00e9ho chodu a zabr\u00e1nenie opotrebovaniu je potrebn\u00e9 pravideln\u00e9 mazanie hydraulick\u00fdm olejom.<\/p>\n<h2>Pravideln\u00e1 kontrola a prevent\u00edvna \u00fadr\u017eba<\/h2>\n<ul>\n<li><strong>Pravideln\u00e9 kontroly:<\/strong> Pravidelne kontrolujte zn\u00e1mky opotrebovania, netesnost\u00ed alebo po\u0161kodenia. V\u010dasn\u00e9 odhalenie t\u00fdchto probl\u00e9mov m\u00f4\u017ee zabr\u00e1ni\u0165 z\u00e1va\u017enej\u0161\u00edm probl\u00e9mom a n\u00e1kladn\u00fdm oprav\u00e1m.<\/li>\n<li><strong>Vhodn\u00e9 mazanie:<\/strong> Uistite sa, \u017ee hladina hydraulick\u00e9ho oleja je dostato\u010dn\u00e1 a \u017ee olej je \u010dist\u00fd. T\u00fdm sa zabr\u00e1ni treniu a predl\u017euje sa \u017eivotnos\u0165 valca.<\/li>\n<li><strong>V\u00fdmena tesnenia:<\/strong> Pravidelne kontrolujte tesnenia, \u010di nie s\u00fa opotrebovan\u00e9, a pod\u013ea potreby ich vyme\u0148te, aby ste zachovali hydraulick\u00fa \u00fa\u010dinnos\u0165 a predi\u0161li \u00fanikom.<\/li>\n<\/ul>\n<h2>Pokyny na in\u0161tal\u00e1ciu<\/h2>\n<p>Spr\u00e1vna in\u0161tal\u00e1cia valca v\u00fdlo\u017en\u00edka je k\u013e\u00fa\u010dov\u00e1 pre optim\u00e1lny v\u00fdkon. Za\u010dnite t\u00fdm, \u017ee sa uist\u00edte, \u017ee pracovn\u00fd priestor je \u010dist\u00fd a bez ne\u010dist\u00f4t. Valec spr\u00e1vne zarovnajte a na jeho upevnenie pou\u017eite vhodn\u00e9 mont\u00e1\u017ene konzoly. Uistite sa, \u017ee v\u0161etky hydraulick\u00e9 pripojenia s\u00fa tesn\u00e9 a bez \u00fanikov. Po in\u0161tal\u00e1cii vykonajte funk\u010dn\u00fa sk\u00fa\u0161ku, aby ste overili, \u010di valec funguje hladko a efekt\u00edvne. Pravidelne kontrolujte in\u0161tal\u00e1ciu, \u010di nevykazuje zn\u00e1mky nespr\u00e1vneho zarovnania alebo opotrebovania.<\/p>\n<h2>Be\u017en\u00e9 \u00falohy \u00fadr\u017eby<\/h2>\n<ul>\n<li><strong>Pravideln\u00e9 kontroly:<\/strong> Vykon\u00e1vajte pravideln\u00e9 kontroly, aby ste v\u010das identifikovali ak\u00e9ko\u013evek opotrebenie alebo po\u0161kodenie. Tento proakt\u00edvny pr\u00edstup pom\u00e1ha udr\u017eiava\u0165 prev\u00e1dzkov\u00fa integritu valca.<\/li>\n<li><strong>Spr\u00e1vne mazanie:<\/strong> Udr\u017eiavajte hladinu hydraulick\u00e9ho oleja a zabezpe\u010dte jeho \u010distotu. Spr\u00e1vne mazanie zni\u017euje opotrebenie a zvy\u0161uje v\u00fdkon.<\/li>\n<li><strong>V\u00fdmena tesnenia a kontroly kalibr\u00e1cie:<\/strong> Pravidelne kontrolujte stav tesnen\u00ed a v pr\u00edpade potreby ich vyme\u0148te, aby ste predi\u0161li \u00fanikom. Pravideln\u00e1 kalibr\u00e1cia zabezpe\u010duje, \u017ee valec pracuje v r\u00e1mci navrhnut\u00fdch parametrov.<\/li>\n<\/ul>\n<h2>Bezpe\u010dnostn\u00e9 aspekty a faktory prostredia<\/h2>\n<p>Pri pou\u017e\u00edvan\u00ed hydraulick\u00fdch valcov v\u00fdlo\u017en\u00edka je nevyhnutn\u00e9 uprednostni\u0165 bezpe\u010dnos\u0165. Zabezpe\u010dte, aby v\u0161etci oper\u00e1tori boli vy\u0161kolen\u00ed v bezpe\u010dn\u00fdch manipula\u010dn\u00fdch postupoch a rozumeli rizik\u00e1m spojen\u00fdm s hydraulick\u00fdmi syst\u00e9mami. Zav\u00e1dzanie bezpe\u010dnostn\u00fdch opatren\u00ed, ako je nosenie ochrann\u00fdch prostriedkov a vykon\u00e1vanie pravideln\u00fdch bezpe\u010dnostn\u00fdch auditov, pom\u00e1ha minimalizova\u0165 nehody a zranenia.<\/p>\n<h2>Diagnostika por\u00fach a be\u017en\u00e9 probl\u00e9my<\/h2>\n<ul>\n<li><strong>Hydraulick\u00e9 \u00faniky:<\/strong> Medzi be\u017en\u00e9 probl\u00e9my patria netesnosti v miestach tesnenia, \u010do m\u00f4\u017ee vies\u0165 k zn\u00ed\u017eeniu v\u00fdkonu. Pravidelne kontrolujte tesnenia, \u010di nevykazuj\u00fa zn\u00e1mky opotrebovania.<\/li>\n<li><strong>Pomal\u00fd pohyb:<\/strong> Ak valec pracuje pomaly, m\u00f4\u017ee to signalizova\u0165 n\u00edzku hladinu hydraulickej kvapaliny alebo vzduch v syst\u00e9me. Skontrolujte hladiny kvapal\u00edn a v pr\u00edpade potreby syst\u00e9m odvzdu\u0161nite.<\/li>\n<li><strong>Nezvy\u010dajn\u00e9 zvuky:<\/strong> Hluky po\u010das prev\u00e1dzky m\u00f4\u017eu nazna\u010dova\u0165 vn\u00fatorn\u00e9 po\u0161kodenie alebo nedostato\u010dn\u00e9 mazanie. Presk\u00famajte ak\u00e9ko\u013evek nezvy\u010dajn\u00e9 zvuky a ihne\u010f ich odstr\u00e1\u0148te.<\/li>\n<\/ul>\n<h2>Tipy na rie\u0161enie probl\u00e9mov<\/h2>\n<p>Pre efekt\u00edvnu diagnostiku a rie\u0161enie probl\u00e9mov s valcami ramena za\u010dnite pozorovan\u00edm pr\u00edznakov. V\u010dasn\u00e9 rie\u0161enie netesnost\u00ed m\u00f4\u017ee zabr\u00e1ni\u0165 \u010fal\u0161iemu po\u0161kodeniu a zn\u00ed\u017ei\u0165 prev\u00e1dzkov\u00e9 n\u00e1klady. Pravideln\u00e1 \u00fadr\u017eba vr\u00e1tane kontroly tesnen\u00ed a mazania m\u00f4\u017ee zabr\u00e1ni\u0165 vzniku mnoh\u00fdch be\u017en\u00fdch probl\u00e9mov.<\/p>\n<p><img decoding=\"async\" src=\"https:\/\/www.hydraulic-cylinders.net\/wp-content\/uploads\/2025\/04\/songte-bushings-with-all-kinds-of-excavator-models.webp\" alt=\"Puzdr\u00e1 pre bagre\"><\/p>\n<h2>O na\u0161ej spolo\u010dnosti<\/h2>\n<p>Sme popredn\u00fdm v\u00fdrobcom n\u00e1hradn\u00fdch hydraulick\u00fdch valcov a pon\u00fakame \u0161irok\u00fa \u0161k\u00e1lu produktov, v\u010faka ktor\u00fdm sme l\u00eddrom na dom\u00e1com aj medzin\u00e1rodnom trhu. N\u00e1\u0161 z\u00e1v\u00e4zok k v\u00fdnimo\u010dnej kvalite je podporen\u00fd prepracovanou v\u00fdrobnou strat\u00e9giou a zameran\u00edm na vysoko presn\u00e9 riadenie v\u00fdroby. V\u010faka vyu\u017e\u00edvaniu kvalifikovan\u00e9ho technick\u00e9ho person\u00e1lu, pokro\u010dil\u00fdch digit\u00e1lnych v\u00fdrobn\u00fdch zariaden\u00ed a profesion\u00e1lnych testovac\u00edch syst\u00e9mov neust\u00e1le zlep\u0161ujeme na\u0161e v\u00fdrobn\u00e9 kapacity. N\u00e1\u0161 efekt\u00edvny, presn\u00fd a vysokokvalitn\u00fd pr\u00edstup n\u00e1m umo\u017e\u0148uje efekt\u00edvne uspokojova\u0165 rozmanit\u00e9 potreby z\u00e1kazn\u00edkov.<\/p>\n<p><img decoding=\"async\" src=\"https:\/\/www.hydraulic-cylinders.net\/wp-content\/uploads\/2025\/04\/songte-company-4.webp\" alt=\"Preh\u013ead spolo\u010dnosti\"><br \/>\n<img decoding=\"async\" src=\"https:\/\/www.hydraulic-cylinders.net\/wp-content\/uploads\/2025\/04\/songte-company-3.webp\" alt=\"V\u00fdrobn\u00e9 zariadenie\"><\/p>\n<p>Autor: lyl<\/p>","protected":false},"excerpt":{"rendered":"<p>Boom Cylinder For XGMA Wheel Excavator XG815W Introduction to Boom Cylinder The boom cylinder is a vital component of heavy machinery, particularly in excavators, backhoe loaders, and front loaders. It is a type of hydraulic cylinder specifically designed to control the movement of the bucket, allowing it to lift, lower, and tilt as needed for [&hellip;]<\/p>","protected":false},"featured_media":17875,"comment_status":"open","ping_status":"closed","template":"","meta":{"_et_pb_use_builder":"","_et_pb_old_content":"","_et_gb_content_width":""},"product_brand":[],"product_cat":[1546],"product_tag":[1547,1496],"class_list":{"0":"post-19325","1":"product","2":"type-product","3":"status-publish","4":"has-post-thumbnail","6":"product_cat-boom-cylinders","7":"product_tag-boom-cylinders","8":"product_tag-hydraulic-cylinders","10":"first","11":"instock","12":"shipping-taxable","13":"product-type-simple"},"amp_enabled":true,"_links":{"self":[{"href":"https:\/\/www.hydraulic-cylinders.net\/sk\/wp-json\/wp\/v2\/product\/19325","targetHints":{"allow":["GET"]}}],"collection":[{"href":"https:\/\/www.hydraulic-cylinders.net\/sk\/wp-json\/wp\/v2\/product"}],"about":[{"href":"https:\/\/www.hydraulic-cylinders.net\/sk\/wp-json\/wp\/v2\/types\/product"}],"replies":[{"embeddable":true,"href":"https:\/\/www.hydraulic-cylinders.net\/sk\/wp-json\/wp\/v2\/comments?post=19325"}],"wp:featuredmedia":[{"embeddable":true,"href":"https:\/\/www.hydraulic-cylinders.net\/sk\/wp-json\/wp\/v2\/media\/17875"}],"wp:attachment":[{"href":"https:\/\/www.hydraulic-cylinders.net\/sk\/wp-json\/wp\/v2\/media?parent=19325"}],"wp:term":[{"taxonomy":"product_brand","embeddable":true,"href":"https:\/\/www.hydraulic-cylinders.net\/sk\/wp-json\/wp\/v2\/product_brand?post=19325"},{"taxonomy":"product_cat","embeddable":true,"href":"https:\/\/www.hydraulic-cylinders.net\/sk\/wp-json\/wp\/v2\/product_cat?post=19325"},{"taxonomy":"product_tag","embeddable":true,"href":"https:\/\/www.hydraulic-cylinders.net\/sk\/wp-json\/wp\/v2\/product_tag?post=19325"}],"curies":[{"name":"pracovn\u00fd list","href":"https:\/\/api.w.org\/{rel}","templated":true}]}}