{"id":19330,"date":"2025-04-07T06:27:17","date_gmt":"2025-04-07T06:27:17","guid":{"rendered":"https:\/\/www.hydraulic-cylinders.net\/product\/boom-cylinder-for-lonking-small-excavator-lg6090\/"},"modified":"2025-04-07T06:27:29","modified_gmt":"2025-04-07T06:27:29","slug":"boom-cylinder-for-lonking-small-excavator-lg6090","status":"publish","type":"product","link":"https:\/\/www.hydraulic-cylinders.net\/sk\/produkt\/boom-cylinder-for-lonking-small-excavator-lg6090\/","title":{"rendered":"Valec v\u00fdlo\u017en\u00edka pre mal\u00e9 r\u00fdpadlo Lonking LG6090"},"content":{"rendered":"<h1>Valec v\u00fdlo\u017en\u00edka pre mal\u00e9 r\u00fdpadlo Lonking LG6090<\/h1>\n<h2>Preh\u013ead produktu<\/h2>\n<p>Hydraulick\u00fd valec v\u00fdlo\u017en\u00edka pre mal\u00e9 r\u00fdpadlo Lonking LG6090 je k\u013e\u00fa\u010dov\u00fd hydraulick\u00fd komponent, ktor\u00fd sa hojne pou\u017e\u00edva v stavebn\u00edctve a \u0165a\u017ek\u00fdch strojoch. Tento hydraulick\u00fd valec je \u0161peci\u00e1lne navrhnut\u00fd na ovl\u00e1danie pohybu ly\u017eice na r\u00f4znych \u0165a\u017ek\u00fdch zariadeniach, ako s\u00fa r\u00fdpadl\u00e1, r\u00fdpadlo-naklada\u010de a \u010deln\u00e9 naklada\u010de. Valec v\u00fdlo\u017en\u00edka umo\u017e\u0148uje zdv\u00edhanie, sp\u00fa\u0161\u0165anie a nakl\u00e1\u0148anie ly\u017eice, \u010do u\u013eah\u010duje manipul\u00e1ciu s materi\u00e1lom s presnos\u0165ou a \u00fa\u010dinnos\u0165ou.<\/p>\n<p><img decoding=\"async\" src=\"https:\/\/www.hydraulic-cylinders.net\/wp-content\/uploads\/2025\/04\/songte-company-1.webp\" alt=\"Valec v\u00fdlo\u017en\u00edka pre r\u00fdpadl\u00e1\" \/><\/p>\n<h3>Defin\u00edcia a funkcia<\/h3>\n<p>Hydraulick\u00fd valec lopaty je typ hydraulick\u00e9ho valca, ktor\u00fd hr\u00e1 k\u013e\u00fa\u010dov\u00fa \u00falohu v hydraulick\u00fdch syst\u00e9moch \u0165a\u017ek\u00fdch strojov. Je zodpovedn\u00fd za \u017eivotne d\u00f4le\u017eit\u00e9 funkcie zdv\u00edhania a sp\u00fa\u0161\u0165ania lopaty, ako aj za jej nakl\u00e1\u0148anie pre optim\u00e1lne umiestnenie. T\u00e1to funkcia je nevyhnutn\u00e1 pre \u0161irok\u00fa \u0161k\u00e1lu \u00faloh vr\u00e1tane v\u00fdkopov\u00fdch pr\u00e1c, nakladania a prepravy materi\u00e1lov. Hydraulick\u00fd syst\u00e9m vyu\u017e\u00edva tlak kvapaliny na vytvorenie pohybu, \u010do umo\u017e\u0148uje plynul\u00fa a kontrolovan\u00fa prev\u00e1dzku aj pri \u0165a\u017ek\u00fdch n\u00e1kladoch. Valec v\u00fdlo\u017en\u00edka je navrhnut\u00fd pre vysok\u00fd v\u00fdkon a zais\u0165uje efekt\u00edvnu prev\u00e1dzku stroja, \u010d\u00edm sa skracuj\u00fa prestoje a zvy\u0161uje produktivita na stavenisku.<\/p>\n<h2>Vlastnosti valca v\u00fdlo\u017en\u00edka<\/h2>\n<ul>\n<li><strong>Vysok\u00e1 pevnos\u0165 a odolnos\u0165:<\/strong> Valec v\u00fdlo\u017en\u00edka je vyroben\u00fd z vysokopevnostnej ocele alebo hlin\u00edka a je schopn\u00fd odol\u00e1va\u0165 vysok\u00e9mu tlaku a \u0165a\u017ek\u00fdm za\u0165a\u017eeniam. Je navrhnut\u00fd tak, aby odolal n\u00e1ro\u010dn\u00fdm pracovn\u00fdm podmienkam s oh\u013eadom na odolnos\u0165 vo\u010di opotrebovaniu a kor\u00f3zii, aby sa pred\u013a\u017eila jeho \u017eivotnos\u0165.<\/li>\n<li><strong>Efekt\u00edvna hydraulick\u00e1 prev\u00e1dzka:<\/strong> V\u010faka hydraulick\u00e9mu tlaku oleja pre plynul\u00e9 vys\u00favanie a zas\u00favanie pon\u00faka valec r\u00fdchlu odozvu na povely oper\u00e1tora a poskytuje zna\u010dn\u00fa tla\u010dn\u00fa a \u0165a\u017en\u00fa silu, ide\u00e1lnu na zvl\u00e1dnutie \u0165a\u017ek\u00fdch a zlo\u017eit\u00fdch \u00faloh.<\/li>\n<li><strong>R\u00f4zne typy:<\/strong> Valec v\u00fdlo\u017en\u00edka, ktor\u00fd je k dispoz\u00edcii v jedno\u010dinnom (vyu\u017e\u00edva hydraulick\u00fa silu v jednom smere) alebo dvoj\u010dinnom (vyu\u017e\u00edva hydraulick\u00fa silu v oboch smeroch), sp\u013a\u0148a r\u00f4zne prev\u00e1dzkov\u00e9 potreby. Niektor\u00e9 modely s\u00fa teleskopick\u00e9, \u010do umo\u017e\u0148uje v\u00e4\u010d\u0161ie vysunutie bez zv\u00e4\u010d\u0161enia vonkaj\u0161\u00edch rozmerov, v\u010faka \u010domu s\u00fa vhodn\u00e9 pre aplik\u00e1cie s obmedzen\u00fdm priestorom.<\/li>\n<\/ul>\n<h2>V\u00fdrobn\u00e1 kapacita<\/h2>\n<p>M\u00e1me kapacity na v\u00fdrobu tohto produktu, \u010d\u00edm zabezpe\u010dujeme, \u017ee na\u0161e hydraulick\u00e9 valce sl\u00fa\u017eia ako perfektn\u00e1 n\u00e1hrada za existuj\u00face modely. Na\u0161e pokro\u010dil\u00e9 v\u00fdrobn\u00e9 techniky a opatrenia na kontrolu kvality zaru\u010duj\u00fa spo\u013eahlivos\u0165 a v\u00fdkon.<\/p>\n<p><img decoding=\"async\" src=\"https:\/\/www.hydraulic-cylinders.net\/wp-content\/uploads\/2025\/04\/songte-cylinder-head-with-all-kinds-excavator-models.webp\" alt=\"V\u00fdroba hydraulick\u00fdch valcov\" \/><\/p>\n<h2>Scen\u00e1re aplik\u00e1ci\u00ed<\/h2>\n<h3>Stavebn\u00e9 stroje<\/h3>\n<p>V stavebn\u00fdch strojoch s\u00fa valce v\u00fdlo\u017en\u00edka k\u013e\u00fa\u010dov\u00e9 pre r\u00fdpadl\u00e1, preto\u017ee u\u013eah\u010duj\u00fa kopanie, nakladanie a premiest\u0148ovanie zeminy alebo sutiny. Tieto valce zabezpe\u010duj\u00fa, aby ly\u017eica mohla efekt\u00edvne prenikn\u00fa\u0165 do zeme a poskytn\u00fa\u0165 potrebn\u00fa silu na efekt\u00edvne premiest\u0148ovanie materi\u00e1lov.<\/p>\n<h3>Po\u013enohospod\u00e1rske stroje<\/h3>\n<p>In front-end loaders, boom cylinders are employed to scoop, lift, and transport soil, hay, and other materials. The effectiveness of task execution relies heavily on the hydraulic cylinder&#8217;s ability to provide the required lifting power and stability during operation.<\/p>\n<h3>R\u00fdpadl\u00e1<\/h3>\n<p>V r\u00fdpadl\u00e1ch je valec ly\u017eice nevyhnutn\u00fd pre dosiahnutie spr\u00e1vneho kopania, preto\u017ee umo\u017e\u0148uje ly\u017eici efekt\u00edvne prenika\u0165 do zeme. T\u00e1to schopnos\u0165 je nevyhnutn\u00e1 pre r\u00f4zne v\u00fdkopov\u00e9 \u00falohy a zais\u0165uje produktivitu a efektivitu na mieste.<\/p>\n<h3>Naklada\u010de<\/h3>\n<p>V \u010deln\u00fdch naklada\u010doch pom\u00e1haj\u00fa valce v\u00fdlo\u017en\u00edka efekt\u00edvne zdv\u00edha\u0165 a vyklada\u0165 bremena, \u010d\u00edm prispievaj\u00fa k celkovej efektivite procesov manipul\u00e1cie s materi\u00e1lom. Schopnos\u0165 man\u00e9vrova\u0165 a ovl\u00e1da\u0165 \u0165a\u017ek\u00e9 bremen\u00e1 je v\u00fdrazne zlep\u0161en\u00e1 v\u00fdkonom t\u00fdchto hydraulick\u00fdch valcov.<\/p>\n<h2>\u00davahy o dizajne<\/h2>\n<h3>Nosnos\u0165<\/h3>\n<p>The load capacity of a boom cylinder is fundamental to its design. It must be engineered to withstand specific weight levels associated with various tasks. A thorough understanding of the machine&#8217;s operational requirements is essential to ensure that the cylinder can handle the expected loads without failure.<\/p>\n<h3>Tesnenie a trvanlivos\u0165<\/h3>\n<p>Tesnenie je k\u013e\u00fa\u010dov\u00e9 pre efekt\u00edvny v\u00fdkon hydraulick\u00fdch valcov. Vysokokvalitn\u00e9 tesnenia zabra\u0148uj\u00fa \u00faniku hydraulickej kvapaliny, \u010d\u00edm zabezpe\u010duj\u00fa optim\u00e1lnu funk\u010dnos\u0165 a bezpe\u010dnos\u0165. Materi\u00e1ly pou\u017e\u00edvan\u00e9 na tesnenia, ako je polyuret\u00e1n a nitrilov\u00e1 guma, s\u00fa vybran\u00e9 pre svoju trvanlivos\u0165 a odolnos\u0165 vo\u010di opotrebovaniu.<\/p>\n<h3>Bezpe\u010dnos\u0165 a \u00fadr\u017eba<\/h3>\n<p>Bezpe\u010dnostn\u00e9 prvky pri kon\u0161trukcii valcov v\u00fdlo\u017en\u00edka s\u00fa prvorad\u00e9, vr\u00e1tane pretlakov\u00fdch ventilov a odoln\u00fdch kon\u0161truk\u010dn\u00fdch materi\u00e1lov. Pravideln\u00e1 \u00fadr\u017eba je nevyhnutn\u00e1 na zabezpe\u010denie dlhej \u017eivotnosti a v\u00fdkonu, ako aj na predch\u00e1dzanie nehod\u00e1m a poruch\u00e1m zariaden\u00ed.<\/p>\n<p><img decoding=\"async\" src=\"https:\/\/www.hydraulic-cylinders.net\/wp-content\/uploads\/2025\/04\/songte-oil-pipes-and-spare-parts.webp\" alt=\"\u010casti hydraulick\u00e9ho valca\" \/><\/p>\n<h2>Tesnenie a mazanie<\/h2>\n<p>\u00da\u010dinn\u00e9 utesnenie sa dosahuje pou\u017eit\u00edm r\u00f4znych tesniacich komponentov vr\u00e1tane tesnen\u00ed piestov a tesnen\u00ed ty\u010d\u00ed. Tieto tesnenia s\u00fa \u010dasto vyroben\u00e9 z odoln\u00fdch materi\u00e1lov, ktor\u00e9 odol\u00e1vaj\u00fa opotrebovaniu a poskytuj\u00fa spo\u013eahliv\u00fa ochranu pred \u00fanikom kvapaliny. Presn\u00e9 tolerancie a presn\u00e9 navrhnutie telesa valca a z\u00e1vitov\u00fdch koncov zvy\u0161uj\u00fa odolnos\u0165 a v\u00fdkon. Pravideln\u00e9 mazanie hydraulick\u00fdm olejom je nevyhnutn\u00e9 na udr\u017eanie funk\u010dnosti valca, zabezpe\u010denie plynul\u00e9ho chodu a minimaliz\u00e1ciu opotrebenia vn\u00fatorn\u00fdch komponentov.<\/p>\n<h2>Pravideln\u00e1 kontrola a prevent\u00edvna \u00fadr\u017eba<\/h2>\n<ul>\n<li><strong>Rutinn\u00e1 kontrola:<\/strong> Pravidelne vykon\u00e1vajte kontroly, aby ste identifikovali ak\u00e9ko\u013evek potenci\u00e1lne opotrebenie alebo abnormality v prev\u00e1dzke. V\u010dasn\u00e9 odhalenie probl\u00e9mov m\u00f4\u017ee zabr\u00e1ni\u0165 z\u00e1va\u017en\u00fdm poruch\u00e1m a pred\u013a\u017ei\u0165 \u017eivotnos\u0165 valca ramena.<\/li>\n<li><strong>Spr\u00e1vne mazanie:<\/strong> Uistite sa, \u017ee valec je dostato\u010dne mazan\u00fd vhodn\u00fdm typom hydraulick\u00e9ho oleja, aby sa zn\u00ed\u017eilo trenie a opotrebovanie vn\u00fatorn\u00fdch komponentov a podporila sa plynul\u00e1 prev\u00e1dzka.<\/li>\n<li><strong>V\u00fdmena tesnenia:<\/strong> Pravidelne kontrolujte tesnenia, \u010di nie s\u00fa opotrebovan\u00e9, a v pr\u00edpade potreby ich vyme\u0148te, aby ste predi\u0161li \u00faniku hydraulickej kvapaliny, \u010do by mohlo vies\u0165 k zn\u00ed\u017eeniu v\u00fdkonu a zv\u00fd\u0161eniu n\u00e1kladov na opravu.<\/li>\n<\/ul>\n<h2>Pokyny na in\u0161tal\u00e1ciu<\/h2>\n<p>In\u0161tal\u00e1cia valca v\u00fdlo\u017en\u00edka si vy\u017eaduje d\u00f4kladn\u00fa pozornos\u0165 k detailom. Za\u010dnite t\u00fdm, \u017ee sa uist\u00edte, \u017ee je valec spr\u00e1vne zarovnan\u00fd s \u00fachytmi na stroji. Na upevnenie valca na mieste pou\u017eite vhodn\u00e9 mont\u00e1\u017ene konzoly, aby ste predi\u0161li ak\u00e9muko\u013evek nespr\u00e1vnemu zarovnaniu, ktor\u00e9 by mohlo vies\u0165 k prev\u00e1dzkov\u00fdm probl\u00e9mom. Pri prip\u00e1jan\u00ed hydraulick\u00fdch potrub\u00ed sa uistite, \u017ee nie s\u00fa zalomen\u00e9 alebo po\u0161koden\u00e9. Pred prev\u00e1dzkou je d\u00f4le\u017eit\u00e9 naplni\u0165 valec spr\u00e1vnou hydraulickou kvapalinou a odvzdu\u0161ni\u0165 syst\u00e9m. Nakoniec vykonajte d\u00f4kladn\u00fa sk\u00fa\u0161ku, aby ste sa uistili, \u017ee valec funguje spr\u00e1vne pod za\u0165a\u017een\u00edm.<\/p>\n<p><img decoding=\"async\" src=\"https:\/\/www.hydraulic-cylinders.net\/wp-content\/uploads\/2025\/04\/songte-chushion-collar.webp\" alt=\"In\u0161tal\u00e1cia valca\" \/><\/p>\n<h2>Bezpe\u010dnostn\u00e9 aspekty<\/h2>\n<p>Pri pou\u017e\u00edvan\u00ed hydraulick\u00fdch valcov s\u00fa bezpe\u010dnostn\u00e9 opatrenia nevyhnutn\u00e9. Obsluha by mala v\u017edy nosi\u0165 vhodn\u00e9 osobn\u00e9 ochrann\u00e9 prostriedky (OOP) a dodr\u017eiava\u0165 bezpe\u010dnostn\u00e9 protokoly, aby sa minimalizovalo riziko neh\u00f4d. Zabezpe\u010dte, aby boli v\u0161etky bezpe\u010dnostn\u00e9 zariadenia na mieste a aby sa pravidelne vykon\u00e1vala \u00fadr\u017eba hydraulick\u00e9ho syst\u00e9mu, aby sa predi\u0161lo poruch\u00e1m, ktor\u00e9 by mohli vies\u0165 k zraneniu alebo po\u0161kodeniu zariadenia.<\/p>\n<h2>Diagnostika por\u00fach a be\u017en\u00e9 probl\u00e9my<\/h2>\n<ul>\n<li><strong>\u00danik kvapaliny:<\/strong> Ak z valca unik\u00e1 hydraulick\u00e1 kvapalina, m\u00f4\u017ee to znamena\u0165 opotrebovan\u00e9 tesnenia alebo nespr\u00e1vnu in\u0161tal\u00e1ciu. Skontrolujte tesnenia a v pr\u00edpade potreby ich vyme\u0148te, aby ste tento probl\u00e9m vyrie\u0161ili.<\/li>\n<li><strong>Pomal\u00e1 prev\u00e1dzka:<\/strong> Ak sa valec pohybuje pomal\u0161ie ako zvy\u010dajne, m\u00f4\u017ee to by\u0165 sp\u00f4soben\u00e9 nedostato\u010dn\u00fdm mno\u017estvom hydraulickej kvapaliny alebo vzduchom zachyten\u00fdm v syst\u00e9me. Uistite sa, \u017ee hladina kvapaliny je dostato\u010dn\u00e1, a v pr\u00edpade potreby syst\u00e9m odvzdu\u0161nite.<\/li>\n<li><strong>Nezvy\u010dajn\u00e9 zvuky:<\/strong> \u0160krabkav\u00e9 alebo b\u00fachav\u00e9 zvuky po\u010das prev\u00e1dzky m\u00f4\u017eu nazna\u010dova\u0165 mechanick\u00e9 probl\u00e9my alebo nedostato\u010dn\u00e9 mazanie. Skontrolujte komponenty valca, \u010di nie s\u00fa opotrebovan\u00e9, a uistite sa, \u017ee je udr\u017eiavan\u00e9 spr\u00e1vne mazanie.<\/li>\n<\/ul>\n<h2>Tipy na rie\u0161enie probl\u00e9mov<\/h2>\n<p>Pre efekt\u00edvnu diagnostiku a rie\u0161enie probl\u00e9mov s valcom ramena dodr\u017eiavajte konzistentn\u00fd pl\u00e1n \u00fadr\u017eby a vedte z\u00e1znamy o v\u0161etk\u00fdch zisten\u00fdch probl\u00e9moch. Na minimaliz\u00e1ciu potenci\u00e1lnych probl\u00e9mov pou\u017e\u00edvajte prevent\u00edvne opatrenia, ako je pravideln\u00e1 kontrola hladiny kvapal\u00edn a kontrola tesnen\u00ed a spojov. Vytvorenie kontroln\u00e9ho zoznamu be\u017enej \u00fadr\u017eby m\u00f4\u017ee pom\u00f4c\u0165 zefekt\u00edvni\u0165 proces a zabezpe\u010di\u0165, aby sa neprehliadli \u017eiadne kritick\u00e9 kroky.<\/p>\n<p><img decoding=\"async\" src=\"https:\/\/www.hydraulic-cylinders.net\/wp-content\/uploads\/2025\/04\/songte-bushings-with-all-kinds-of-excavator-models.webp\" alt=\"Rie\u0161enie probl\u00e9mov s hydraulick\u00fdm valcom\" \/><\/p>\n<h2>O na\u0161ej spolo\u010dnosti<\/h2>\n<p>Sme popredn\u00fdm v\u00fdrobcom n\u00e1hradn\u00fdch hydraulick\u00fdch valcov a poskytujeme komplexn\u00fd sortiment produktov pre dom\u00e1ci aj medzin\u00e1rodn\u00fd trh. N\u00e1\u0161 z\u00e1v\u00e4zok k vynikaj\u00facej kvalite je podlo\u017een\u00fd prepracovanou v\u00fdrobnou strat\u00e9giou, ktor\u00e1 zah\u0155\u0148a pokro\u010dil\u00e9 technol\u00f3gie, kvalifikovan\u00fd person\u00e1l a robustn\u00fd syst\u00e9m kontroly kvality. Neust\u00e1le zlep\u0161ujeme na\u0161e v\u00fdrobn\u00e9 kapacity, aby sme splnili rozmanit\u00e9 potreby z\u00e1kazn\u00edkov s vysokou efektivitou, presnos\u0165ou a kvalitou.<\/p>\n<p>Na\u0161a odbornos\u0165 siaha od profesionality, medzin\u00e1rodn\u00fdch certifik\u00e1ci\u00ed, z\u00e1kazkov\u00fdch slu\u017eieb, modern\u00e9ho v\u00fdrobn\u00e9ho zariadenia a\u017e po \u0161pecializovan\u00fa popredajn\u00fa podporu. Sna\u017e\u00edme sa pon\u00faka\u0165 rie\u0161enia na mieru, ktor\u00e9 sp\u013a\u0148aj\u00fa \u0161pecifick\u00e9 po\u017eiadavky klientov a zabezpe\u010duj\u00fa spokojnos\u0165 a spo\u013eahlivos\u0165 ka\u017ed\u00e9ho produktu, ktor\u00fd dod\u00e1vame.<\/p>\n<p><img decoding=\"async\" src=\"https:\/\/www.hydraulic-cylinders.net\/wp-content\/uploads\/2025\/04\/songte-company-4.webp\" alt=\"Preh\u013ead spolo\u010dnosti\" \/><br \/>\n<img decoding=\"async\" src=\"https:\/\/www.hydraulic-cylinders.net\/wp-content\/uploads\/2025\/04\/songte-company-3.webp\" alt=\"V\u00fdroba spolo\u010dnosti\" \/><\/p>\n<p>Autor: lyl<\/p>","protected":false},"excerpt":{"rendered":"<p>Boom Cylinder For Lonking Small Excavator LG6090 Product Overview The Boom Cylinder for Lonking Small Excavator LG6090 is a critical hydraulic component used extensively in construction and heavy machinery. This hydraulic cylinder is specifically designed to control the movement of the bucket on various heavy equipment, such as excavators, backhoe loaders, and front-end loaders. The [&hellip;]<\/p>","protected":false},"featured_media":17880,"comment_status":"open","ping_status":"closed","template":"","meta":{"_et_pb_use_builder":"","_et_pb_old_content":"","_et_gb_content_width":""},"product_brand":[],"product_cat":[1546],"product_tag":[1547,1496],"class_list":{"0":"post-19330","1":"product","2":"type-product","3":"status-publish","4":"has-post-thumbnail","6":"product_cat-boom-cylinders","7":"product_tag-boom-cylinders","8":"product_tag-hydraulic-cylinders","10":"first","11":"instock","12":"shipping-taxable","13":"product-type-simple"},"amp_enabled":true,"_links":{"self":[{"href":"https:\/\/www.hydraulic-cylinders.net\/sk\/wp-json\/wp\/v2\/product\/19330","targetHints":{"allow":["GET"]}}],"collection":[{"href":"https:\/\/www.hydraulic-cylinders.net\/sk\/wp-json\/wp\/v2\/product"}],"about":[{"href":"https:\/\/www.hydraulic-cylinders.net\/sk\/wp-json\/wp\/v2\/types\/product"}],"replies":[{"embeddable":true,"href":"https:\/\/www.hydraulic-cylinders.net\/sk\/wp-json\/wp\/v2\/comments?post=19330"}],"wp:featuredmedia":[{"embeddable":true,"href":"https:\/\/www.hydraulic-cylinders.net\/sk\/wp-json\/wp\/v2\/media\/17880"}],"wp:attachment":[{"href":"https:\/\/www.hydraulic-cylinders.net\/sk\/wp-json\/wp\/v2\/media?parent=19330"}],"wp:term":[{"taxonomy":"product_brand","embeddable":true,"href":"https:\/\/www.hydraulic-cylinders.net\/sk\/wp-json\/wp\/v2\/product_brand?post=19330"},{"taxonomy":"product_cat","embeddable":true,"href":"https:\/\/www.hydraulic-cylinders.net\/sk\/wp-json\/wp\/v2\/product_cat?post=19330"},{"taxonomy":"product_tag","embeddable":true,"href":"https:\/\/www.hydraulic-cylinders.net\/sk\/wp-json\/wp\/v2\/product_tag?post=19330"}],"curies":[{"name":"pracovn\u00fd list","href":"https:\/\/api.w.org\/{rel}","templated":true}]}}