{"id":19335,"date":"2025-04-07T06:27:40","date_gmt":"2025-04-07T06:27:40","guid":{"rendered":"https:\/\/www.hydraulic-cylinders.net\/product\/boom-cylinder-for-lonking-middle-excavator-lg6225h\/"},"modified":"2025-04-07T06:27:42","modified_gmt":"2025-04-07T06:27:42","slug":"boom-cylinder-for-lonking-middle-excavator-lg6225h","status":"publish","type":"product","link":"https:\/\/www.hydraulic-cylinders.net\/sk\/produkt\/boom-cylinder-for-lonking-middle-excavator-lg6225h\/","title":{"rendered":"Valec v\u00fdlo\u017en\u00edka pre stredn\u00e9 r\u00fdpadlo Lonking LG6225H"},"content":{"rendered":"<h1>Valec v\u00fdlo\u017en\u00edka pre stredn\u00e9 r\u00fdpadlo Lonking LG6225H<\/h1>\n<h2>Pochopenie valcov v\u00fdlo\u017en\u00edka<\/h2>\n<p>Hydraulick\u00fd valec v\u00fdlo\u017en\u00edka, ur\u010den\u00fd najm\u00e4 pre stredn\u00fd bager Lonking LG6225H, je d\u00f4le\u017eit\u00fdm hydraulick\u00fdm komponentom, ktor\u00fd u\u013eah\u010duje pohyb v\u00fdlo\u017en\u00edka r\u00fdpadla. Tento hydraulick\u00fd valec je navrhnut\u00fd tak, aby ovl\u00e1dal zdv\u00edhanie, sp\u00fa\u0161\u0165anie a nakl\u00e1\u0148anie ly\u017eice r\u00fdpadla, \u010do umo\u017e\u0148uje efekt\u00edvnu manipul\u00e1ciu s materi\u00e1lom. V \u0165a\u017ek\u00fdch strojoch zohr\u00e1vaj\u00fa valce v\u00fdlo\u017en\u00edka k\u013e\u00fa\u010dov\u00fa \u00falohu v r\u00f4znych oper\u00e1ci\u00e1ch, \u010do umo\u017e\u0148uje obsluhe bezprobl\u00e9movo vykop\u00e1va\u0165, naklada\u0165 a prepravova\u0165 materi\u00e1ly.<\/p>\n<p>Ako typ hydraulick\u00e9ho valca vyu\u017e\u00edva valec v\u00fdlo\u017en\u00edka tlak hydraulickej kvapaliny na vytvorenie pohybu, \u010d\u00edm poskytuje presn\u00fa kontrolu nad pohybom komponentov r\u00fdpadla. T\u00e1to funkcia je nevyhnutn\u00e1 pre \u00falohy, ktor\u00e9 vy\u017eaduj\u00fa vysok\u00fa \u00farove\u0148 sily a presnosti, ako je kopanie z\u00e1kopov, zdv\u00edhanie \u0165a\u017ek\u00fdch bremien a man\u00e9vrovanie v stiesnen\u00fdch priestoroch.<\/p>\n<p><img decoding=\"async\" src=\"https:\/\/www.hydraulic-cylinders.net\/wp-content\/uploads\/2025\/04\/songte-company-1.webp\" alt=\"Valec v\u00fdlo\u017en\u00edka pre bager\" \/><\/p>\n<h2>Vlastnosti valca v\u00fdlo\u017en\u00edka<\/h2>\n<ul>\n<li><strong>Vysok\u00e1 pevnos\u0165 a odolnos\u0165:<\/strong> Tieto valce, vyroben\u00e9 z vysokopevnostnej ocele alebo hlin\u00edka, odol\u00e1vaj\u00fa vysok\u00e9mu tlaku a ve\u013ek\u00e9mu za\u0165a\u017eeniu, v\u010faka \u010domu s\u00fa vhodn\u00e9 do n\u00e1ro\u010dn\u00fdch pracovn\u00fdch podmienok. S\u00fa navrhnut\u00e9 s oh\u013eadom na odolnos\u0165 vo\u010di opotrebovaniu a kor\u00f3zii, \u010do predl\u017euje ich \u017eivotnos\u0165.<\/li>\n<li><strong>Efekt\u00edvna hydraulick\u00e1 prev\u00e1dzka:<\/strong> Valec v\u00fdlo\u017en\u00edka pracuje s vyu\u017eit\u00edm tlaku hydraulickej kvapaliny pre plynul\u00e9 vys\u00favanie a zas\u00favanie, r\u00fdchlo reaguje na povely oper\u00e1tora a poskytuje siln\u00fa tla\u010dn\u00fa a \u0165a\u017en\u00fa silu, ktor\u00e1 je ide\u00e1lna na manipul\u00e1ciu s \u0165a\u017ek\u00fdmi materi\u00e1lmi a zlo\u017eit\u00fdmi \u00falohami.<\/li>\n<li><strong>R\u00f4zne typy:<\/strong> Z\u00e1kazn\u00edci si m\u00f4\u017eu vybra\u0165 medzi jedno\u010dinn\u00fdmi (vyu\u017e\u00edvaj\u00facimi hydraulick\u00fd tlak v jednom smere) alebo dvoj\u010dinn\u00fdmi (vyu\u017e\u00edvaj\u00facimi hydraulick\u00fd tlak v oboch smeroch) valcami, aby splnili r\u00f4zne prev\u00e1dzkov\u00e9 po\u017eiadavky. Niektor\u00e9 modely s\u00fa teleskopick\u00e9, \u010do umo\u017e\u0148uje v\u00e4\u010d\u0161ie vysunutie bez zv\u00e4\u010d\u0161enia vonkaj\u0161\u00edch rozmerov, vhodn\u00e9 pre aplik\u00e1cie s obmedzen\u00fdm priestorom.<\/li>\n<li><strong>Z\u00e1kazkov\u00e1 v\u00fdroba:<\/strong> Na\u0161a spolo\u010dnos\u0165 dok\u00e1\u017ee tieto valce dokonale vyrobi\u0165 ako n\u00e1hradu za r\u00f4zne hydraulick\u00e9 valce, \u010d\u00edm zabezpe\u010d\u00ed kompatibilitu a spo\u013eahlivos\u0165.<\/li>\n<li><strong>Pokro\u010dil\u00e9 in\u017einierstvo:<\/strong> Kon\u0161trukcia zah\u0155\u0148a modern\u00e9 in\u017einierske postupy na maximaliz\u00e1ciu v\u00fdkonu, bezpe\u010dnosti a dlhej \u017eivotnosti, \u010d\u00edm sa zabezpe\u010d\u00ed, \u017ee tieto valce sp\u013a\u0148aj\u00fa pr\u00edsne po\u017eiadavky \u0165a\u017ek\u00fdch strojov.<\/li>\n<\/ul>\n<p><img decoding=\"async\" src=\"https:\/\/www.hydraulic-cylinders.net\/wp-content\/uploads\/2025\/04\/songte-cylinder-head-with-all-kinds-excavator-models.webp\" alt=\"Hlava valcov bagra\" \/><\/p>\n<h2>Scen\u00e1re aplik\u00e1ci\u00ed<\/h2>\n<h3>Stavebn\u00e9 stroje<\/h3>\n<p>V r\u00fdpadl\u00e1ch s\u00fa valce v\u00fdlo\u017en\u00edka nevyhnutn\u00e9 na kopanie, nakladanie a premiest\u0148ovanie zeminy alebo sutiny. Poskytuj\u00fa potrebn\u00fa silu na preniknutie do zeme, \u010d\u00edm sa zefekt\u00edv\u0148uj\u00fa v\u00fdkopov\u00e9 pr\u00e1ce. Okrem toho v r\u00fdpadlo-naklada\u010doch valec v\u00fdlo\u017en\u00edka pom\u00e1ha nielen pri kopan\u00ed, ale aj pri zdv\u00edhan\u00ed \u0165a\u017ek\u00fdch materi\u00e1lov, \u010d\u00edm sa zvy\u0161uje v\u0161estrannos\u0165 stroja.<\/p>\n<h3>Po\u013enohospod\u00e1rske stroje<\/h3>\n<p>V \u010deln\u00fdch naklada\u010doch s\u00fa valce v\u00fdlo\u017en\u00edka k\u013e\u00fa\u010dov\u00e9 pre naberanie, zdv\u00edhanie a prepravu p\u00f4dy, sena a in\u00fdch materi\u00e1lov. Umo\u017e\u0148uj\u00fa po\u013enohospod\u00e1rom r\u00fdchlo manipulova\u0165 s ve\u013ek\u00fdm mno\u017estvom materi\u00e1lu, \u010d\u00edm zvy\u0161uj\u00fa produktivitu pri po\u013enohospod\u00e1rskych \u00faloh\u00e1ch, ako je sadenie, zber \u00farody a preprava tovaru.<\/p>\n<h3>V\u00fdkopov\u00e9 \u00falohy<\/h3>\n<p>\u00daloha valca v\u00fdlo\u017en\u00edka v r\u00fdpadl\u00e1ch umo\u017e\u0148uje efekt\u00edvne prenikanie ly\u017eice do p\u00f4dy, \u010do je nevyhnutn\u00e9 pri \u00faloh\u00e1ch, ako je kopanie z\u00e1kladov, z\u00e1kopov a j\u00e1m. T\u00e1to funkcia je nevyhnutn\u00e1 v reziden\u010dn\u00fdch aj komer\u010dn\u00fdch stavebn\u00fdch projektoch, kde je pre \u00faspe\u0161n\u00e9 v\u00fdsledky potrebn\u00e1 presnos\u0165 pri v\u00fdkopov\u00fdch pr\u00e1cach.<\/p>\n<h3>Naklada\u010de<\/h3>\n<p>V \u010deln\u00fdch naklada\u010doch s\u00fa valce v\u00fdlo\u017en\u00edka k\u013e\u00fa\u010dov\u00e9 pre efekt\u00edvne zdv\u00edhanie a vykladanie bremien. Umo\u017e\u0148uj\u00fa oper\u00e1torom pres\u00fava\u0165 materi\u00e1ly do n\u00e1kladn\u00fdch vozidiel alebo na hromady, \u010d\u00edm zabezpe\u010duj\u00fa plynul\u00fd pracovn\u00fd postup a minimalizuj\u00fa prestoje. T\u00e1to schopnos\u0165 je k\u013e\u00fa\u010dov\u00e1 v stavebn\u00fdch a krajin\u00e1rskych projektoch, kde je manipul\u00e1cia s materi\u00e1lom ka\u017edodennou nevyhnutnos\u0165ou.<\/p>\n<h2>\u00davahy o dizajne a krit\u00e9ri\u00e1 v\u00fdberu<\/h2>\n<h3>Nosnos\u0165<\/h3>\n<p>Je nevyhnutn\u00e9 vybra\u0165 valce v\u00fdlo\u017en\u00edka na z\u00e1klade ich nosnosti. Valec mus\u00ed by\u0165 schopn\u00fd zvl\u00e1dnu\u0165 maxim\u00e1lnu hmotnos\u0165 vykop\u00e1van\u00fdch alebo zdv\u00edhan\u00fdch materi\u00e1lov. Pre\u0165a\u017eenie valca m\u00f4\u017ee vies\u0165 k \u0161truktur\u00e1lnym poruch\u00e1m, \u010do m\u00e1 za n\u00e1sledok n\u00e1kladn\u00e9 opravy a potenci\u00e1lne bezpe\u010dnostn\u00e9 rizik\u00e1. In\u017einieri musia pri ur\u010dovan\u00ed vhodnej nosnosti zv\u00e1\u017ei\u0165 hmotnos\u0165 materi\u00e1lov, zam\u00fd\u0161\u013ean\u00e9 pou\u017eitie stroja a prev\u00e1dzkov\u00e9 prostredie.<\/p>\n<h3>Tesnenie a trvanlivos\u0165<\/h3>\n<p>\u00da\u010dinn\u00e9 tesnenie je nevyhnutn\u00e9 na zabr\u00e1nenie \u00faniku hydraulickej kvapaliny a udr\u017eanie tlaku vo valci. V\u00fdber tesnen\u00ed by mal by\u0165 zalo\u017een\u00fd na materi\u00e1loch, ktor\u00e9 odol\u00e1vaj\u00fa prev\u00e1dzkov\u00fdm podmienkam, ako s\u00fa teplotn\u00e9 v\u00fdkyvy a vystavenie ne\u010distot\u00e1m. Okrem toho musia materi\u00e1ly pou\u017eit\u00e9 na tesnenia preuk\u00e1za\u0165 odolnos\u0165 vo\u010di opotrebovaniu, \u010d\u00edm sa zabezpe\u010d\u00ed dlh\u00e1 \u017eivotnos\u0165 a spo\u013eahlivos\u0165 v n\u00e1ro\u010dn\u00fdch aplik\u00e1ci\u00e1ch. Mali by sa vykon\u00e1va\u0165 pravideln\u00e9 kontroly, aby sa zabezpe\u010dilo, \u017ee tesnenia zostan\u00fa neporu\u0161en\u00e9 a \u00fa\u010dinn\u00e9.<\/p>\n<h3>Bezpe\u010dnostn\u00e9 prvky<\/h3>\n<p>Pri navrhovan\u00ed hydraulick\u00fdch valcov je bezpe\u010dnos\u0165 prvorad\u00e1. Za\u010dlenenie bezpe\u010dnostn\u00fdch prvkov, ako s\u00fa napr\u00edklad pretlakov\u00e9 ventily, je nevyhnutn\u00e9 na zabr\u00e1nenie pretlaku, ktor\u00fd m\u00f4\u017ee vies\u0165 ku katastrof\u00e1lnym poruch\u00e1m. In\u017einieri musia tie\u017e zabezpe\u010di\u0165, aby kon\u0161trukcia valcov umo\u017e\u0148ovala jednoduch\u00fd pr\u00edstup pre \u00fadr\u017ebu, aby sa u\u013eah\u010dili d\u00f4kladn\u00e9 kontroly a v\u010dasn\u00e9 opravy, \u010do v kone\u010dnom d\u00f4sledku zvy\u0161uje bezpe\u010dnos\u0165 prev\u00e1dzky.<\/p>\n<h3>\u00dadr\u017eba a opravite\u013enos\u0165<\/h3>\n<p>Navrhovanie s oh\u013eadom na jednoduch\u00fa \u00fadr\u017ebu je k\u013e\u00fa\u010dov\u00e9 pre pred\u013a\u017eenie \u017eivotnosti valcov v\u00fdlo\u017en\u00edka. To zah\u0155\u0148a pou\u017eitie materi\u00e1lov, ktor\u00e9 sa \u013eahko \u010distia, umo\u017e\u0148uj\u00fa r\u00fdchlu v\u00fdmenu tesnen\u00ed a zabezpe\u010duj\u00fa jednoduch\u00fa demont\u00e1\u017e komponentov. Dobre navrhnut\u00fd valec si vy\u017eaduje menej prestojov na \u00fadr\u017ebu, \u010do sa premieta do zv\u00fd\u0161enej produktivity v prev\u00e1dzkov\u00fdch podmienkach. Okrem toho by v\u00fdrobcovia mali poskytn\u00fa\u0165 jasn\u00e9 pokyny pre postupy \u00fadr\u017eby, aby sa zabezpe\u010dilo, \u017ee oper\u00e1tori m\u00f4\u017eu efekt\u00edvne vykon\u00e1va\u0165 pravideln\u00e9 kontroly.<\/p>\n<p><img decoding=\"async\" src=\"https:\/\/www.hydraulic-cylinders.net\/wp-content\/uploads\/2025\/04\/songte-oil-pipes-and-spare-parts.webp\" alt=\"\u010casti hydraulick\u00e9ho valca\" \/><\/p>\n<h2>Tesnenie a mazanie valca<\/h2>\n<p>Spr\u00e1vne tesnenie a mazanie s\u00fa rozhoduj\u00face pre v\u00fdkon a \u017eivotnos\u0165 valcov v\u00fdlo\u017en\u00edka. Na zabr\u00e1nenie \u00faniku hydraulickej kvapaliny sa pou\u017e\u00edvaj\u00fa r\u00f4zne tesniace komponenty, ako s\u00fa tesnenia piestov a tesnenia ty\u010d\u00ed. Tesnenia vyroben\u00e9 z odoln\u00fdch materi\u00e1lov, ako je polyuret\u00e1n a nitrilov\u00e1 guma, zais\u0165uj\u00fa odolnos\u0165 vo\u010di opotrebovaniu, \u010do je nevyhnutn\u00e9 pre udr\u017eanie tlaku a \u00fa\u010dinnosti syst\u00e9mu. Okrem toho s\u00fa teleso valca a z\u00e1vitov\u00e9 koncov\u00e9 plochy prech\u00e1dzali presn\u00fdm obr\u00e1ban\u00edm, aby sa zv\u00fd\u0161ila odolnos\u0165 vo\u010di opotrebovaniu a \u017eivotnos\u0165.<\/p>\n<p>Pravideln\u00e9 mazanie hydraulick\u00fdm olejom je nevyhnutn\u00e9 na minimaliz\u00e1ciu trenia medzi pohybliv\u00fdmi \u010das\u0165ami a zabezpe\u010denie plynul\u00e9ho chodu. Obsluha by si mala zavies\u0165 rutinu kontroly hladiny oleja a dop\u013a\u0148ania hydraulickej kvapaliny pod\u013ea potreby, aby sa predi\u0161lo prev\u00e1dzkov\u00fdm probl\u00e9mom. Ak je hydraulick\u00fd olej kontaminovan\u00fd, m\u00f4\u017ee to vies\u0165 k r\u00fdchlemu opotrebovaniu a po\u0161kodeniu tesnen\u00ed, \u010do si vy\u017eaduje n\u00e1kladn\u00e9 opravy.<\/p>\n<h2>Opatrenia prevent\u00edvnej \u00fadr\u017eby<\/h2>\n<ul>\n<li><strong>Pravideln\u00e9 kontroly:<\/strong> Napl\u00e1nujte si pravideln\u00e9 kontroly, aby ste skontrolovali netesnosti, praskliny alebo ak\u00e9ko\u013evek zn\u00e1mky opotrebovania, ktor\u00e9 by mohli ohrozi\u0165 integritu valca. V\u010dasn\u00e9 odhalenie probl\u00e9mov m\u00f4\u017ee zabr\u00e1ni\u0165 z\u00e1va\u017enej\u0161\u00edm probl\u00e9mom v bud\u00facnosti.<\/li>\n<li><strong>Vhodn\u00e9 mazanie:<\/strong> Uistite sa, \u017ee hladina hydraulick\u00e9ho oleja je v odpor\u00fa\u010danom rozsahu a neobsahuje ne\u010distoty. Dostato\u010dn\u00e9 mazanie zni\u017euje trenie a predl\u017euje \u017eivotnos\u0165 valca.<\/li>\n<li><strong>V\u00fdmena tesnen\u00ed:<\/strong> Pravidelne kontrolujte opotrebovanie tesnen\u00ed a v pr\u00edpade potreby ich vyme\u0148te. Opotrebovan\u00e9 tesnenia m\u00f4\u017eu vies\u0165 k \u00faniku hydraulickej kvapaliny, \u010do ovplyv\u0148uje v\u00fdkon a bezpe\u010dnos\u0165.<\/li>\n<\/ul>\n<h2>Pokyny na in\u0161tal\u00e1ciu<\/h2>\n<p>Spr\u00e1vna in\u0161tal\u00e1cia valca ramena je nevyhnutn\u00e1 pre jeho v\u00fdkon a bezpe\u010dnos\u0165. Za\u010dnite t\u00fdm, \u017ee sa uist\u00edte, \u017ee mont\u00e1\u017ene body s\u00fa \u010dist\u00e9 a bez ne\u010dist\u00f4t. Valec presne zarovnajte s upev\u0148ovac\u00edmi bodmi, aby ste predi\u0161li nadmern\u00e9mu nam\u00e1haniu valca a pripojen\u00fdch komponentov. Na upevnenie valca na mieste pou\u017eite vhodn\u00e9 mont\u00e1\u017ene konzoly a uistite sa, \u017ee je pevne upevnen\u00fd. Po in\u0161tal\u00e1cii pred pou\u017eit\u00edm dvakr\u00e1t skontrolujte tesnos\u0165 a neporu\u0161enos\u0165 v\u0161etk\u00fdch spojov.<\/p>\n<p>Po\u010das in\u0161tal\u00e1cie je tie\u017e nevyhnutn\u00e9 dodr\u017eiava\u0165 pokyny v\u00fdrobcu t\u00fdkaj\u00face sa \u0161pecifik\u00e1ci\u00ed kr\u00fatiaceho momentu. Spr\u00e1vne zarovnanie a utiahnutie skrutiek m\u00f4\u017ee zabr\u00e1ni\u0165 pred\u010dasn\u00e9mu opotrebovaniu a po\u0161kodeniu valca. Po in\u0161tal\u00e1cii by mali oper\u00e1tori vykona\u0165 sk\u00fa\u0161obn\u00fa prev\u00e1dzku, aby sa uistili, \u017ee valec funguje spr\u00e1vne a plynulo, a pod\u013ea potreby vykona\u0165 v\u0161etky potrebn\u00e9 \u00fapravy hydraulick\u00e9ho syst\u00e9mu.<\/p>\n<h2>Be\u017en\u00e9 \u00falohy \u00fadr\u017eby<\/h2>\n<ul>\n<li><strong>Pravideln\u00e9 kontroly:<\/strong> Napl\u00e1nujte si pravideln\u00e9 kontroly, aby ste v\u010das odhalili potenci\u00e1lne probl\u00e9my. Patria sem kontrola \u00fanikov kvapal\u00edn, po\u010d\u00favanie nezvy\u010dajn\u00fdch zvukov a pozorovanie v\u00fdkonu valca po\u010das prev\u00e1dzky.<\/li>\n<li><strong>Spr\u00e1vne mazanie:<\/strong> Udr\u017eiavajte spr\u00e1vnu hladinu oleja a zabezpe\u010dte, aby hydraulick\u00fd olej neobsahoval ne\u010distoty. Pravidelne dop\u013a\u0148ajte hydraulick\u00fd olej a vymie\u0148ajte ho pod\u013ea odpor\u00fa\u010dan\u00ed v\u00fdrobcu.<\/li>\n<li><strong>V\u00fdmena a kalibr\u00e1cia tesnenia:<\/strong> Sledujte opotrebovanie tesnen\u00ed a v\u010das ich vyme\u0148te. Kalibra\u010dn\u00e9 kontroly by sa mali vykon\u00e1va\u0165, aby sa zabezpe\u010dilo, \u017ee valec pracuje v r\u00e1mci \u0161pecifikovan\u00fdch parametrov a udr\u017eiava optim\u00e1lny v\u00fdkon.<\/li>\n<\/ul>\n<h2>Bezpe\u010dnostn\u00e9 aspekty a faktory prostredia<\/h2>\n<p>Pri pr\u00e1ci s hydraulick\u00fdmi syst\u00e9mami je nevyhnutn\u00e9 dodr\u017eiava\u0165 bezpe\u010dnostn\u00e9 opatrenia. Obsluha by mala nosi\u0165 ochrann\u00e9 pom\u00f4cky, ako s\u00fa rukavice a ochrann\u00e9 okuliare, aby sa predi\u0161lo zraneniam po\u010das \u00fadr\u017eby a prev\u00e1dzky. Okrem toho je zabezpe\u010denie riadneho \u0161kolenia v oblasti manipul\u00e1cie s hydraulick\u00fdmi zariadeniami k\u013e\u00fa\u010dov\u00e9 pre minimaliz\u00e1ciu neh\u00f4d. Pri v\u00fdbere hydraulick\u00fdch valcov pre konkr\u00e9tne aplik\u00e1cie by sa mali zv\u00e1\u017ei\u0165 faktory prostredia, ako je vystavenie extr\u00e9mnym teplot\u00e1m alebo koroz\u00edvnym l\u00e1tkam. Na ochranu hydraulick\u00fdch syst\u00e9mov pred po\u0161koden\u00edm v d\u00f4sledku vonkaj\u0161\u00edch podmienok je potrebn\u00e9 prija\u0165 primeran\u00e9 opatrenia, aby sa zabezpe\u010dila dlh\u0161ia \u017eivotnos\u0165.<\/p>\n<h2>Rie\u0161enie be\u017en\u00fdch probl\u00e9mov<\/h2>\n<ul>\n<li><strong>\u00danik:<\/strong> Ak z valca unik\u00e1 hydraulick\u00e1 kvapalina, skontrolujte, \u010di nie s\u00fa po\u0161koden\u00e9 tesnenia alebo armat\u00fary. Vyme\u0148te chybn\u00e9 komponenty a uistite sa, \u017ee v\u0161etky pripojenia s\u00fa pevn\u00e9.<\/li>\n<li><strong>Strata energie:<\/strong> Pokles nosnosti m\u00f4\u017ee nazna\u010dova\u0165 n\u00edzku hladinu hydraulick\u00e9ho oleja alebo vzduch zachyten\u00fd v syst\u00e9me. Skontrolujte hladiny oleja a v pr\u00edpade potreby syst\u00e9m odvzdu\u0161nite, aby sa obnovila jeho funk\u010dnos\u0165.<\/li>\n<li><strong>Nezvy\u010dajn\u00e9 zvuky:<\/strong> \u0160krabkav\u00e9 alebo p\u00edskav\u00e9 zvuky m\u00f4\u017eu znamena\u0165 opotrebovanie valca alebo nedostato\u010dn\u00e9 mazanie. Skontrolujte, \u010di nie je vidite\u013ene po\u0161koden\u00fd a uistite sa, \u017ee je udr\u017eiavan\u00e9 spr\u00e1vne mazanie.<\/li>\n<\/ul>\n<p>Zavedenie prevent\u00edvnych opatren\u00ed m\u00f4\u017ee pom\u00f4c\u0165 zn\u00ed\u017ei\u0165 pravdepodobnos\u0165 vzniku probl\u00e9mov. Pravideln\u00e9 pl\u00e1ny \u00fadr\u017eby a \u0161kolenie obsluhy s\u00fa neoddelite\u013enou s\u00fa\u010das\u0165ou prevencie be\u017en\u00fdch probl\u00e9mov a zvy\u0161ovania \u00fa\u010dinnosti hydraulick\u00fdch syst\u00e9mov.<\/p>\n<p><img decoding=\"async\" src=\"https:\/\/www.hydraulic-cylinders.net\/wp-content\/uploads\/2025\/04\/songte-bushings-with-all-kinds-of-excavator-models.webp\" alt=\"\u010casti puzdier pre r\u00fdpadl\u00e1\" \/><\/p>\n<h2>O na\u0161ej spolo\u010dnosti<\/h2>\n<p>Sme v\u00fdrobca \u0161pecializuj\u00faci sa na v\u00fdmenu hydraulick\u00fdch valcov s komplexn\u00fdm sortimentom produktov. Na\u0161a spolo\u010dnos\u0165 sa stala jedn\u00fdm z popredn\u00fdch v\u00fdrobcov a ve\u013ekoobchodn\u00fdch distrib\u00fatorov hydraulick\u00fdch valcov na dom\u00e1com aj medzin\u00e1rodnom trhu. Dodr\u017eiavame z\u00e1sady excelentnosti v kvalite a spoliehame sa na prepracovan\u00e9 strat\u00e9gie v\u00fdrobn\u00fdch dieln\u00ed pre riadenie priemyselnej v\u00fdroby. N\u00e1\u0161 pr\u00edstup zah\u0155\u0148a kvalifikovan\u00fd person\u00e1l, pokro\u010dil\u00e9 digit\u00e1lne v\u00fdrobn\u00e9 zariadenia a profesion\u00e1lne testovacie syst\u00e9my, \u010d\u00edm neust\u00e1le vylep\u0161ujeme na\u0161u v\u00fdrobn\u00fa platformu a zlep\u0161ujeme kvalitu produktov. Disponujeme v\u00fdznamn\u00fdmi inovat\u00edvnymi schopnos\u0165ami, udr\u017eiavame efekt\u00edvnos\u0165, presnos\u0165 a vysok\u00e9 \u0161tandardy, aby sme splnili rozmanit\u00e9 potreby z\u00e1kazn\u00edkov.<\/p>\n<p>Na\u0161u profesionalitu podporuj\u00fa medzin\u00e1rodn\u00e9 certifik\u00e1cie, ktor\u00e9 zaru\u010duj\u00fa, \u017ee na\u0161e produkty sp\u013a\u0148aj\u00fa glob\u00e1lne \u0161tandardy. Pon\u00fakame slu\u017eby na mieru prisp\u00f4soben\u00e9 \u0161pecifick\u00fdm aplik\u00e1ci\u00e1m a po\u017eiadavk\u00e1m, v\u010faka \u010domu sme preferovanou vo\u013ebou v tomto odvetv\u00ed. Na\u0161e najmodernej\u0161ie v\u00fdrobn\u00e9 zariadenia zaru\u010duj\u00fa spo\u013eahlivos\u0165 a odolnos\u0165 na\u0161ich hydraulick\u00fdch valcov. Okrem toho poskytujeme v\u00fdnimo\u010dn\u00fd popredajn\u00fd servis, \u010d\u00edm zabezpe\u010dujeme, \u017ee na\u0161i klienti dostan\u00fa potrebn\u00fa podporu po\u010das cel\u00e9ho \u017eivotn\u00e9ho cyklu produktu.<\/p>\n<p><img decoding=\"async\" src=\"https:\/\/www.hydraulic-cylinders.net\/wp-content\/uploads\/2025\/04\/songte-company-4.webp\" alt=\"Zariadenie spolo\u010dnosti\" \/><br \/>\n<img decoding=\"async\" src=\"https:\/\/www.hydraulic-cylinders.net\/wp-content\/uploads\/2025\/04\/songte-company-3.webp\" alt=\"Prev\u00e1dzka spolo\u010dnosti\" \/><\/p>\n<p>Autor: lyl<\/p>","protected":false},"excerpt":{"rendered":"<p>Boom Cylinder For Lonking Middle Excavator LG6225H Understanding Boom Cylinders The boom cylinder, specifically for the Lonking Middle Excavator LG6225H, is a vital hydraulic component that facilitates the movement of the excavator&#8217;s boom. This hydraulic cylinder is designed to control the lifting, lowering, and tilting movements of the excavator\u2019s bucket, enabling efficient material handling tasks. [&hellip;]<\/p>","protected":false},"featured_media":17870,"comment_status":"open","ping_status":"closed","template":"","meta":{"_et_pb_use_builder":"","_et_pb_old_content":"","_et_gb_content_width":""},"product_brand":[],"product_cat":[1546],"product_tag":[1547,1496],"class_list":{"0":"post-19335","1":"product","2":"type-product","3":"status-publish","4":"has-post-thumbnail","6":"product_cat-boom-cylinders","7":"product_tag-boom-cylinders","8":"product_tag-hydraulic-cylinders","10":"first","11":"instock","12":"shipping-taxable","13":"product-type-simple"},"amp_enabled":true,"_links":{"self":[{"href":"https:\/\/www.hydraulic-cylinders.net\/sk\/wp-json\/wp\/v2\/product\/19335","targetHints":{"allow":["GET"]}}],"collection":[{"href":"https:\/\/www.hydraulic-cylinders.net\/sk\/wp-json\/wp\/v2\/product"}],"about":[{"href":"https:\/\/www.hydraulic-cylinders.net\/sk\/wp-json\/wp\/v2\/types\/product"}],"replies":[{"embeddable":true,"href":"https:\/\/www.hydraulic-cylinders.net\/sk\/wp-json\/wp\/v2\/comments?post=19335"}],"wp:featuredmedia":[{"embeddable":true,"href":"https:\/\/www.hydraulic-cylinders.net\/sk\/wp-json\/wp\/v2\/media\/17870"}],"wp:attachment":[{"href":"https:\/\/www.hydraulic-cylinders.net\/sk\/wp-json\/wp\/v2\/media?parent=19335"}],"wp:term":[{"taxonomy":"product_brand","embeddable":true,"href":"https:\/\/www.hydraulic-cylinders.net\/sk\/wp-json\/wp\/v2\/product_brand?post=19335"},{"taxonomy":"product_cat","embeddable":true,"href":"https:\/\/www.hydraulic-cylinders.net\/sk\/wp-json\/wp\/v2\/product_cat?post=19335"},{"taxonomy":"product_tag","embeddable":true,"href":"https:\/\/www.hydraulic-cylinders.net\/sk\/wp-json\/wp\/v2\/product_tag?post=19335"}],"curies":[{"name":"pracovn\u00fd list","href":"https:\/\/api.w.org\/{rel}","templated":true}]}}