{"id":19407,"date":"2025-04-07T06:32:57","date_gmt":"2025-04-07T06:32:57","guid":{"rendered":"https:\/\/www.hydraulic-cylinders.net\/product\/boom-cylinder-for-bobcat-small-excavator-e42\/"},"modified":"2025-04-07T06:33:03","modified_gmt":"2025-04-07T06:33:03","slug":"boom-cylinder-for-bobcat-small-excavator-e42","status":"publish","type":"product","link":"https:\/\/www.hydraulic-cylinders.net\/sk\/produkt\/boom-cylinder-for-bobcat-small-excavator-e42\/","title":{"rendered":"Valec v\u00fdlo\u017en\u00edka pre mal\u00e9 r\u00fdpadlo Bobcat E42"},"content":{"rendered":"<h1>Valec v\u00fdlo\u017en\u00edka pre mal\u00e9 r\u00fdpadlo Bobcat E42<\/h1>\n<h2>Preh\u013ead produktu<\/h2>\n<p>Hydraulick\u00fd valec v\u00fdlo\u017en\u00edka pre mal\u00e9 r\u00fdpadlo Bobcat E42 je k\u013e\u00fa\u010dovou s\u00fa\u010das\u0165ou hydraulick\u00e9ho syst\u00e9mu \u0165a\u017ek\u00fdch strojov, najm\u00e4 v r\u00fdpadl\u00e1ch, r\u00fdpadlov\u00fdch naklada\u010doch a \u010deln\u00fdch naklada\u010doch. Tento hydraulick\u00fd valec je \u0161peci\u00e1lne navrhnut\u00fd na ovl\u00e1danie pohybu ly\u017eice, \u010do umo\u017e\u0148uje jej efekt\u00edvne zdv\u00edhanie, sp\u00fa\u0161\u0165anie a nakl\u00e1\u0148anie. Tak\u00e1to funkcia je nevyhnutn\u00e1 pre manipul\u00e1ciu s materi\u00e1lom, preto\u017ee zabezpe\u010duje, \u017ee oper\u00e1tori m\u00f4\u017eu vykon\u00e1va\u0165 kopanie, zdv\u00edhanie a prepravu s \u013eahkos\u0165ou a presnos\u0165ou.<\/p>\n<p><img decoding=\"async\" src=\"https:\/\/www.hydraulic-cylinders.net\/wp-content\/uploads\/2025\/04\/songte-company-1.webp\" alt=\"Valec v\u00fdlo\u017en\u00edka pre r\u00fdpadl\u00e1\" \/><\/p>\n<h3>Funkcia a pou\u017eitie valcov s vedro<\/h3>\n<p>Hydraulick\u00fd valec ly\u017eice je typ hydraulick\u00e9ho valca, ktor\u00fd hr\u00e1 k\u013e\u00fa\u010dov\u00fa \u00falohu v hydraulick\u00fdch syst\u00e9moch r\u00f4znych \u0165a\u017ek\u00fdch zariaden\u00ed. Umo\u017e\u0148uje ly\u017eici vykon\u00e1va\u0165 viacero \u010dinnost\u00ed vr\u00e1tane:<\/p>\n<ul>\n<li><strong>Zdv\u00edhanie:<\/strong> Valec vedra umo\u017e\u0148uje zdv\u00edhanie vedra, \u010do u\u013eah\u010duje nakladanie materi\u00e1lov na n\u00e1kladn\u00e9 aut\u00e1 alebo in\u00e9 zariadenia.<\/li>\n<li><strong>Zn\u00ed\u017eenie:<\/strong> Poskytuje kontrolu nad sp\u00fa\u0161\u0165an\u00edm vedra a zais\u0165uje presnos\u0165 pri umiest\u0148ovan\u00ed materi\u00e1lov.<\/li>\n<li><strong>Nakl\u00e1\u0148anie:<\/strong> Mo\u017enos\u0165 naklonenia ly\u017eice zlep\u0161uje kontrolu po\u010das naberania a vysyp\u00e1vania.<\/li>\n<\/ul>\n<p>Tieto funkcie s\u00fa nevyhnutn\u00e9 pre stavebn\u00edctvo, ban\u00edctvo a po\u013enohospod\u00e1rske prev\u00e1dzky, kde sa vy\u017eaduje zdv\u00edhanie \u0165a\u017ek\u00fdch bremien a presn\u00e1 manipul\u00e1cia s materi\u00e1lom.<\/p>\n<h2>Vlastnosti valca v\u00fdlo\u017en\u00edka<\/h2>\n<p>Valec v\u00fdlo\u017en\u00edka pre Bobcat E42 sa m\u00f4\u017ee pochv\u00e1li\u0165 nieko\u013ek\u00fdmi funkciami, ktor\u00e9 zvy\u0161uj\u00fa jeho v\u00fdkon a odolnos\u0165:<\/p>\n<ul>\n<li><strong>Vysok\u00e1 pevnos\u0165 a odolnos\u0165:<\/strong> Tento valec je vyroben\u00fd z vysokopevnostnej ocele alebo hlin\u00edka, tak\u017ee odol\u00e1 vysok\u00e9mu tlaku a \u0165a\u017ek\u00e9mu za\u0165a\u017eeniu, v\u010faka \u010domu je vhodn\u00fd do n\u00e1ro\u010dn\u00fdch pracovn\u00fdch prostred\u00ed.<\/li>\n<li><strong>Efekt\u00edvna hydraulick\u00e1 prev\u00e1dzka:<\/strong> Vyu\u017e\u00edva hydraulick\u00fd tlak oleja pre plynul\u00e9 teleskopick\u00e9 pohyby, \u010do umo\u017e\u0148uje r\u00fdchlu odozvu na povely oper\u00e1tora a poskytuje v\u00fdkonn\u00e9 tla\u010dn\u00e9 a \u0165ahov\u00e9 schopnosti.<\/li>\n<li><strong>R\u00f4zne typy:<\/strong> V z\u00e1vislosti od prev\u00e1dzkov\u00fdch potrieb si pou\u017e\u00edvatelia m\u00f4\u017eu vybra\u0165 medzi jedno\u010dinn\u00fdmi (pracuj\u00facimi v jednom smere) alebo dvoj\u010dinn\u00fdmi (pracuj\u00facimi v dvoch smeroch) valcami, pri\u010dom niektor\u00e9 modely pon\u00fakaj\u00fa teleskopick\u00e9 funkcie pre lep\u0161\u00ed dosah.<\/li>\n<li><strong>Odolnos\u0165 proti kor\u00f3zii a opotrebovaniu:<\/strong> Navrhnut\u00e9 z materi\u00e1lov, ktor\u00e9 s\u00fa odoln\u00e9 vo\u010di opotrebovaniu a kor\u00f3zii, \u010do zaru\u010duje dlh\u0161iu \u017eivotnos\u0165 aj v n\u00e1ro\u010dn\u00fdch podmienkach.<\/li>\n<li><strong>Jednoduch\u00e1 v\u00fdmena:<\/strong> Na\u0161e produkty s\u00fa navrhnut\u00e9 tak, aby dokonale nahradili existuj\u00face hydraulick\u00e9 valce a zabezpe\u010dili bezprobl\u00e9mov\u00fa integr\u00e1ciu do v\u00e1\u0161ho strojov\u00e9ho zariadenia.<\/li>\n<\/ul>\n<p><img decoding=\"async\" src=\"https:\/\/www.hydraulic-cylinders.net\/wp-content\/uploads\/2025\/04\/songte-cylinder-head-with-all-kinds-excavator-models.webp\" alt=\"V\u00fdmena hydraulick\u00e9ho valca\" \/><\/p>\n<h2>Scen\u00e1re aplik\u00e1ci\u00ed<\/h2>\n<h3>Stavebn\u00e9 stroje<\/h3>\n<p>V r\u00fdpadl\u00e1ch je valec v\u00fdlo\u017en\u00edka nevyhnutn\u00fd na kopanie, nakladanie a premiest\u0148ovanie zeminy alebo sutiny. Vytvoren\u00e1 hydraulick\u00e1 sila umo\u017e\u0148uje obsluhe efekt\u00edvne vykop\u00e1va\u0165 tvrd\u00fa zem a prepravova\u0165 materi\u00e1ly. R\u00fdpadlo-naklada\u010de vyu\u017e\u00edvaj\u00fa schopnos\u0165 valca v\u00fdlo\u017en\u00edka pom\u00e1ha\u0165 pri kopan\u00ed aj zdv\u00edhan\u00ed, v\u010faka \u010domu je v\u0161estrann\u00fd pre r\u00f4zne \u00falohy na stavenisku.<\/p>\n<h3>Po\u013enohospod\u00e1rske stroje<\/h3>\n<p>\u010celn\u00e9 naklada\u010de vyu\u017e\u00edvaj\u00fa valec v\u00fdlo\u017en\u00edka na naberanie, zdv\u00edhanie a prepravu p\u00f4dy, sena a in\u00fdch materi\u00e1lov. T\u00e1to funkcia je v po\u013enohospod\u00e1rskych prev\u00e1dzkach nevyhnutn\u00e1, preto\u017ee umo\u017e\u0148uje r\u00fdchlu a efekt\u00edvnu manipul\u00e1ciu s materi\u00e1lom, \u010do zvy\u0161uje produktivitu.<\/p>\n<h3>R\u00fdpadl\u00e1<\/h3>\n<p>Valec ly\u017eice umo\u017e\u0148uje r\u00fdpaciu \u010dinnos\u0165 r\u00fdpadiel t\u00fdm, \u017ee umo\u017e\u0148uje ly\u017eici efekt\u00edvne prenika\u0165 do p\u00f4dy. T\u00e1to funkcia je k\u013e\u00fa\u010dov\u00e1 pre r\u00f4zne stavebn\u00e9 projekty, kde sa vy\u017eaduje presn\u00fd v\u00fdkop.<\/p>\n<h3>Naklada\u010de<\/h3>\n<p>V \u010deln\u00fdch naklada\u010doch pom\u00e1ha valec v\u00fdlo\u017en\u00edka efekt\u00edvne zdv\u00edha\u0165 a vyklada\u0165 bremena. T\u00e1to schopnos\u0165 je k\u013e\u00fa\u010dov\u00e1 pri manipul\u00e1cii s materi\u00e1lom, kde s\u00fa r\u00fdchle \u010dasy obratu v\u00fdhodn\u00e9 pre produktivitu.<\/p>\n<h2>\u00davahy o dizajne<\/h2>\n<p>Kon\u0161trukcia valca v\u00fdlo\u017en\u00edka zoh\u013ead\u0148uje nieko\u013eko k\u013e\u00fa\u010dov\u00fdch aspektov:<\/p>\n<ul>\n<li><strong>Nosnos\u0165:<\/strong> Zabezpe\u010denie, aby valec zvl\u00e1dol o\u010dak\u00e1van\u00e9 za\u0165a\u017eenie bez poruchy, je prvorad\u00e9. V\u00fdpo\u010det po\u017eadovanej nosnosti zah\u0155\u0148a pochopenie maxim\u00e1lnej hmotnosti, ktorej bude valec vystaven\u00fd po\u010das prev\u00e1dzky.<\/li>\n<li><strong>Tesnenie:<\/strong> \u00da\u010dinn\u00e9 tesnenie je nevyhnutn\u00e9 na zabr\u00e1nenie \u00faniku hydraulickej kvapaliny a udr\u017eanie tlaku v syst\u00e9me. Na zaistenie dlhej \u017eivotnosti sa pou\u017e\u00edvaj\u00fa vysoko kvalitn\u00e9 tesnenia vyroben\u00e9 z odoln\u00fdch materi\u00e1lov.<\/li>\n<li><strong>Trvanlivos\u0165:<\/strong> Dizajn kladie d\u00f4raz na materi\u00e1ly a kon\u0161trukciu, ktor\u00e9 odol\u00e1vaj\u00fa n\u00e1ro\u010dn\u00fdm podmienkam pou\u017e\u00edvania v ter\u00e9ne. Patria sem aj odolnos\u0165 vo\u010di opotrebovaniu a kor\u00f3zii.<\/li>\n<li><strong>Bezpe\u010dnos\u0165:<\/strong> Bezpe\u010dnostn\u00e9 prvky vr\u00e1tane pretlakov\u00fdch ventilov s\u00fa integrovan\u00e9, aby sa zabr\u00e1nilo pre\u0165a\u017eeniu a potenci\u00e1lnym nehod\u00e1m po\u010das prev\u00e1dzky.<\/li>\n<li><strong>\u00dadr\u017eba:<\/strong> Pri kon\u0161trukcii sa kladie d\u00f4raz aj na jednoduch\u00fa \u00fadr\u017ebu, \u010do umo\u017e\u0148uje jednoduch\u00e9 kontroly a opravy a z\u00e1rove\u0148 zabezpe\u010duje funk\u010dnos\u0165 valca.<\/li>\n<\/ul>\n<p><img decoding=\"async\" src=\"https:\/\/www.hydraulic-cylinders.net\/wp-content\/uploads\/2025\/04\/songte-oil-pipes-and-spare-parts.webp\" alt=\"\u010casti hydraulick\u00e9ho valca\" \/><\/p>\n<h2>Tesnenie a mazanie<\/h2>\n<p>Spr\u00e1vne tesnenie a mazanie s\u00fa k\u013e\u00fa\u010dov\u00e9 pre efekt\u00edvnu prev\u00e1dzku hydraulick\u00fdch valcov. Pou\u017eitie r\u00f4znych tesniacich komponentov, ako s\u00fa tesnenia piestov a tesnenia ty\u010d\u00ed, zais\u0165uje, \u017ee hydraulick\u00e1 kvapalina zost\u00e1va vo valci. Tesnenia vyroben\u00e9 z polyuret\u00e1nu alebo nitrilovej gumy poskytuj\u00fa vynikaj\u00facu odolnos\u0165 proti opotrebovaniu. Teleso valca a z\u00e1vitov\u00e9 konce prech\u00e1dzaj\u00fa presn\u00fdm spracovan\u00edm na zv\u00fd\u0161enie odolnosti. Pravideln\u00e9 mazanie hydraulick\u00fdm olejom je nevyhnutn\u00e9 na minimaliz\u00e1ciu trenia a opotrebenia, zabezpe\u010denie plynul\u00e9ho chodu a pred\u013a\u017eenie \u017eivotnosti valca.<\/p>\n<h2>Opatrenia prevent\u00edvnej \u00fadr\u017eby<\/h2>\n<p>Pravideln\u00e1 \u00fadr\u017eba je nevyhnutn\u00e1 pre dlh\u00fa \u017eivotnos\u0165 a \u00fa\u010dinnos\u0165 valca v\u00fdlo\u017en\u00edka. Tu je nieko\u013eko k\u013e\u00fa\u010dov\u00fdch opatren\u00ed:<\/p>\n<ul>\n<li><strong>Pravideln\u00e9 kontroly:<\/strong> Vykon\u00e1vajte pravideln\u00e9 kontroly, aby ste v\u010das odhalili opotrebovanie alebo po\u0161kodenie. Skontrolujte, \u010di netesnosti, ohnut\u00e9 ty\u010de a in\u00e9 zn\u00e1mky opotrebovania nie s\u00fa vidite\u013en\u00e9.<\/li>\n<li><strong>Vhodn\u00e9 mazanie:<\/strong> Uistite sa, \u017ee valec je spr\u00e1vne namazan\u00fd hydraulick\u00fdm olejom, aby sa zn\u00ed\u017eilo trenie a zabr\u00e1nilo sa prehriatiu.<\/li>\n<li><strong>V\u00fdmena tesnenia:<\/strong> Tesnenia vymie\u0148ajte pod\u013ea potreby, aby ste zachovali ich \u00fa\u010dinnos\u0165 a predi\u0161li \u00fanikom. Pravideln\u00e9 kontroly m\u00f4\u017eu pom\u00f4c\u0165 identifikova\u0165 opotrebovanie tesnen\u00ed.<\/li>\n<\/ul>\n<h2>Pokyny na in\u0161tal\u00e1ciu<\/h2>\n<p>Spr\u00e1vna in\u0161tal\u00e1cia valca ramena je k\u013e\u00fa\u010dov\u00e1 pre optim\u00e1lny v\u00fdkon. Pre zabezpe\u010denie spr\u00e1vnej in\u0161tal\u00e1cie postupujte pod\u013ea t\u00fdchto krokov:<\/p>\n<ul>\n<li><strong>Zarovnanie:<\/strong> Uistite sa, \u017ee valec je spr\u00e1vne zarovnan\u00fd s mont\u00e1\u017enymi bodmi. Nespr\u00e1vne zarovnanie m\u00f4\u017ee vies\u0165 k pred\u010dasn\u00e9mu opotrebeniu a potenci\u00e1lnej poruche.<\/li>\n<li><strong>Pou\u017e\u00edvajte vhodn\u00e9 podpery:<\/strong> Na pevn\u00e9 upevnenie valca pou\u017eite vhodn\u00e9 mont\u00e1\u017ene konzoly. T\u00fdm sa zabr\u00e1ni jeho pohybu po\u010das prev\u00e1dzky.<\/li>\n<li><strong>Skontrolujte pripojenia:<\/strong> Pred prev\u00e1dzkou stroja skontrolujte, \u010di s\u00fa v\u0161etky hydraulick\u00e9 pripojenia bezpe\u010dn\u00e9 a bez netesnost\u00ed.<\/li>\n<li><strong>Testovacia funk\u010dnos\u0165:<\/strong> Po in\u0161tal\u00e1cii otestujte hydraulick\u00fd syst\u00e9m, aby ste sa uistili, \u017ee valec funguje hladko a efekt\u00edvne.<\/li>\n<\/ul>\n<p><img decoding=\"async\" src=\"https:\/\/www.hydraulic-cylinders.net\/wp-content\/uploads\/2025\/04\/songte-chushion-collar.webp\" alt=\"In\u0161tal\u00e1cia valca\" \/><\/p>\n<h2>Bezpe\u010dnostn\u00e9 aspekty<\/h2>\n<p>Pri pr\u00e1ci s hydraulick\u00fdmi valcami je nevyhnutn\u00e9 uprednostni\u0165 bezpe\u010dnos\u0165. Obsluha by mala nosi\u0165 vhodn\u00e9 osobn\u00e9 ochrann\u00e9 prostriedky (OOP) a zabezpe\u010di\u0165, aby sa po\u010das prev\u00e1dzky dodr\u017eiavali v\u0161etky bezpe\u010dnostn\u00e9 opatrenia. \u0160kolenie o spr\u00e1vnej manipul\u00e1cii a obsluhe hydraulick\u00fdch syst\u00e9mov je k\u013e\u00fa\u010dov\u00e9 pre predch\u00e1dzanie nehod\u00e1m a zraneniam.<\/p>\n<h2>Rie\u0161enie be\u017en\u00fdch probl\u00e9mov<\/h2>\n<p>Be\u017en\u00e9 probl\u00e9my s hydraulick\u00fdmi valcami mo\u017eno \u010dasto diagnostikova\u0165 pomocou nasleduj\u00facich bodov:<\/p>\n<ul>\n<li><strong>\u00danik:<\/strong> Identifikujte zdroj \u00fanikov, ktor\u00e9 s\u00fa \u010dasto sp\u00f4soben\u00e9 opotrebovan\u00fdmi tesneniami. Na udr\u017eanie tlaku v syst\u00e9me je nevyhnutn\u00e9 v\u010dasn\u00e9 odstr\u00e1nenie \u00fanikov.<\/li>\n<li><strong>Pomal\u00e1 prev\u00e1dzka:<\/strong> Ak sa valec ot\u00e1\u010da pomaly, skontrolujte hladinu hydraulickej kvapaliny a uistite sa, \u017ee hydraulick\u00e9 potrubia nie s\u00fa upchat\u00e9.<\/li>\n<li><strong>Prehriatie:<\/strong> Prehriatie m\u00f4\u017ee by\u0165 znakom nedostato\u010dn\u00e9ho mazania alebo nadmern\u00e9ho za\u0165a\u017eenia. Pravideln\u00e9 kontroly m\u00f4\u017eu zabr\u00e1ni\u0165 zhor\u0161ovaniu t\u00fdchto probl\u00e9mov.<\/li>\n<\/ul>\n<p>Pre efekt\u00edvne rie\u0161enie probl\u00e9mov si ve\u010fte podrobn\u00fd z\u00e1znam o v\u0161etk\u00fdch probl\u00e9moch a vykonanej \u00fadr\u017ebe, ktor\u00fd pom\u00f4\u017ee pri diagnostikovan\u00ed opakuj\u00facich sa probl\u00e9mov.<\/p>\n<p><img decoding=\"async\" src=\"https:\/\/www.hydraulic-cylinders.net\/wp-content\/uploads\/2025\/04\/songte-bushings-with-all-kinds-of-excavator-models.webp\" alt=\"Be\u017en\u00e9 probl\u00e9my s hydraulick\u00fdmi valcami\" \/><\/p>\n<h2>Preh\u013ead spolo\u010dnosti<\/h2>\n<p>Sme v\u00fdrobcom n\u00e1hradn\u00fdch hydraulick\u00fdch valcov s komplexn\u00fdm sortimentom produktov, \u010do z n\u00e1s rob\u00ed popredn\u00e9ho v\u00fdrobcu a ve\u013ekoobchodn\u00edka na dom\u00e1com aj medzin\u00e1rodnom trhu. N\u00e1\u0161 z\u00e1v\u00e4zok k excelentnosti sa odr\u00e1\u017ea v na\u0161ich prepracovan\u00fdch strat\u00e9gi\u00e1ch riadenia v\u00fdroby, vyu\u017e\u00edvan\u00ed pokro\u010dil\u00fdch technol\u00f3gi\u00ed a kvalifikovan\u00e9ho person\u00e1lu. Na\u0161e siln\u00e9 schopnosti n\u00e1m umo\u017e\u0148uj\u00fa uspokojova\u0165 rozmanit\u00e9 potreby z\u00e1kazn\u00edkov s vysokou efektivitou, presnos\u0165ou a kvalitou.<\/p>\n<p><strong>\u0160pecializ\u00e1cia:<\/strong> N\u00e1\u0161 t\u00edm sa sklad\u00e1 z odborn\u00edkov na hydraulick\u00e9 syst\u00e9my, \u010do zabezpe\u010duje, aby na\u0161e produkty sp\u013a\u0148ali a prekra\u010dovali priemyseln\u00e9 \u0161tandardy.<\/p>\n<p><strong>Medzin\u00e1rodn\u00e1 certifik\u00e1cia:<\/strong> Na\u0161e produkty s\u00fa certifikovan\u00e9 tak, aby sp\u013a\u0148ali glob\u00e1lne \u0161tandardy kvality, \u010do zaru\u010duje spo\u013eahlivos\u0165 a bezpe\u010dnos\u0165.<\/p>\n<p><strong>Rie\u0161enia na mieru:<\/strong> Pon\u00fakame rie\u0161enia \u0161it\u00e9 na mieru, ktor\u00e9 sp\u013a\u0148aj\u00fa \u0161pecifick\u00e9 prev\u00e1dzkov\u00e9 potreby a z\u00e1kazn\u00edkom poskytuj\u00fa flexibiln\u00e9 mo\u017enosti pre ich stroje.<\/p>\n<p><strong>Pokro\u010dil\u00e9 v\u00fdrobn\u00e9 zariadenia:<\/strong> V\u010faka najmodernej\u0161ej v\u00fdrobnej technol\u00f3gii zaru\u010dujeme vysoko kvalitn\u00fd v\u00fdstup.<\/p>\n<p><strong>Popredajn\u00fd servis:<\/strong> N\u00e1\u0161 \u0161pecializovan\u00fd t\u00edm z\u00e1kazn\u00edckej podpory sa zav\u00e4zuje poskytova\u0165 podporu a pomoc s cie\u013eom zabezpe\u010di\u0165 spokojnos\u0165 z\u00e1kazn\u00edkov a v\u00fdkon produktov.<\/p>\n<p><img decoding=\"async\" src=\"https:\/\/www.hydraulic-cylinders.net\/wp-content\/uploads\/2025\/04\/songte-company-4.webp\" alt=\"V\u00fdroba spolo\u010dnosti\" \/><br \/>\n<img decoding=\"async\" src=\"https:\/\/www.hydraulic-cylinders.net\/wp-content\/uploads\/2025\/04\/songte-company-3.webp\" alt=\"Produkty spolo\u010dnosti\" \/><\/p>\n<p>Autor: lyl<\/p>","protected":false},"excerpt":{"rendered":"<p>Boom Cylinder For Bobcat Small Excavator E42 Product Overview The Boom Cylinder for Bobcat Small Excavator E42 is a crucial component in the hydraulic system of heavy machinery, particularly in excavators, backhoes, and front loaders. This hydraulic cylinder is specifically designed to control the movement of the bucket, allowing it to lift, lower, and tilt [&hellip;]<\/p>","protected":false},"featured_media":17867,"comment_status":"open","ping_status":"closed","template":"","meta":{"_et_pb_use_builder":"","_et_pb_old_content":"","_et_gb_content_width":""},"product_brand":[],"product_cat":[1546],"product_tag":[1547,1496],"class_list":{"0":"post-19407","1":"product","2":"type-product","3":"status-publish","4":"has-post-thumbnail","6":"product_cat-boom-cylinders","7":"product_tag-boom-cylinders","8":"product_tag-hydraulic-cylinders","10":"first","11":"instock","12":"shipping-taxable","13":"product-type-simple"},"amp_enabled":true,"_links":{"self":[{"href":"https:\/\/www.hydraulic-cylinders.net\/sk\/wp-json\/wp\/v2\/product\/19407","targetHints":{"allow":["GET"]}}],"collection":[{"href":"https:\/\/www.hydraulic-cylinders.net\/sk\/wp-json\/wp\/v2\/product"}],"about":[{"href":"https:\/\/www.hydraulic-cylinders.net\/sk\/wp-json\/wp\/v2\/types\/product"}],"replies":[{"embeddable":true,"href":"https:\/\/www.hydraulic-cylinders.net\/sk\/wp-json\/wp\/v2\/comments?post=19407"}],"wp:featuredmedia":[{"embeddable":true,"href":"https:\/\/www.hydraulic-cylinders.net\/sk\/wp-json\/wp\/v2\/media\/17867"}],"wp:attachment":[{"href":"https:\/\/www.hydraulic-cylinders.net\/sk\/wp-json\/wp\/v2\/media?parent=19407"}],"wp:term":[{"taxonomy":"product_brand","embeddable":true,"href":"https:\/\/www.hydraulic-cylinders.net\/sk\/wp-json\/wp\/v2\/product_brand?post=19407"},{"taxonomy":"product_cat","embeddable":true,"href":"https:\/\/www.hydraulic-cylinders.net\/sk\/wp-json\/wp\/v2\/product_cat?post=19407"},{"taxonomy":"product_tag","embeddable":true,"href":"https:\/\/www.hydraulic-cylinders.net\/sk\/wp-json\/wp\/v2\/product_tag?post=19407"}],"curies":[{"name":"pracovn\u00fd list","href":"https:\/\/api.w.org\/{rel}","templated":true}]}}