{"id":19412,"date":"2025-04-07T06:33:15","date_gmt":"2025-04-07T06:33:15","guid":{"rendered":"https:\/\/www.hydraulic-cylinders.net\/product\/boom-cylinder-for-bobcat-small-excavator-e35i\/"},"modified":"2025-04-07T06:33:17","modified_gmt":"2025-04-07T06:33:17","slug":"boom-cylinder-for-bobcat-small-excavator-e35i","status":"publish","type":"product","link":"https:\/\/www.hydraulic-cylinders.net\/sk\/produkt\/boom-cylinder-for-bobcat-small-excavator-e35i\/","title":{"rendered":"Valec v\u00fdlo\u017en\u00edka pre mal\u00e9 r\u00fdpadlo Bobcat E35i"},"content":{"rendered":"<h1>Valec v\u00fdlo\u017en\u00edka pre mal\u00e9 r\u00fdpadlo Bobcat E35i<\/h1>\n<h2>\u00davod do valca v\u00fdlo\u017en\u00edka<\/h2>\n<p>Ten\/T\u00e1\/To <strong>Valec v\u00fdlo\u017en\u00edka<\/strong> je k\u013e\u00fa\u010dovou s\u00fa\u010das\u0165ou hydraulick\u00fdch syst\u00e9mov, najm\u00e4 v \u0165a\u017ek\u00fdch strojoch, ako s\u00fa bagre, r\u00fdpadl\u00e1 a \u010deln\u00e9 naklada\u010de. Tento hydraulick\u00fd valec ovl\u00e1da pohyb ly\u017eice, \u010do umo\u017e\u0148uje jej zdv\u00edhanie, sp\u00fa\u0161\u0165anie a nakl\u00e1\u0148anie, \u010d\u00edm u\u013eah\u010duje r\u00f4zne \u00falohy manipul\u00e1cie s materi\u00e1lom. Valec ly\u017eice, \u0161peci\u00e1lne navrhnut\u00fd na zv\u00fd\u0161enie prev\u00e1dzkovej efekt\u00edvnosti, zohr\u00e1va v\u00fdznamn\u00fa \u00falohu vo funk\u010dnosti t\u00fdchto strojov. Jeho kon\u0161trukcia zais\u0165uje, \u017ee odol\u00e1 vysok\u00e9mu tlaku a \u0165a\u017ek\u00fdm za\u0165a\u017eeniam, v\u010faka \u010domu je vhodn\u00fd do n\u00e1ro\u010dn\u00fdch pracovn\u00fdch prostred\u00ed.<\/p>\n<p><img decoding=\"async\" src=\"https:\/\/www.hydraulic-cylinders.net\/wp-content\/uploads\/2025\/04\/songte-company-1.webp\" alt=\"Valec v\u00fdlo\u017en\u00edka\"><\/p>\n<h2>Vlastnosti valca v\u00fdlo\u017en\u00edka<\/h2>\n<ul>\n<li><strong>Vysok\u00e1 pevnos\u0165 a odolnos\u0165:<\/strong> Vyroben\u00e9 z vysokopevnostnej ocele alebo hlin\u00edka, znes\u00fa vysok\u00e9 tlaky a \u0165a\u017ek\u00e9 za\u0165a\u017eenie, s\u00fa vhodn\u00e9 pre n\u00e1ro\u010dn\u00e9 pracovn\u00e9 podmienky a z\u00e1rove\u0148 zais\u0165uj\u00fa dlh\u0161iu \u017eivotnos\u0165.<\/li>\n<li><strong>Efekt\u00edvna hydraulick\u00e1 prev\u00e1dzka:<\/strong> Vyu\u017e\u00edva hydraulick\u00fd tlak oleja pre plynul\u00e9 vys\u00favanie a zas\u00favanie, \u010d\u00edm poskytuje r\u00fdchlu odozvu na ovl\u00e1dacie povely a siln\u00fa tla\u010dn\u00fa a \u0165a\u017en\u00fa silu, ide\u00e1lnu pre \u0165a\u017ek\u00e9 a zlo\u017eit\u00e9 \u00falohy.<\/li>\n<li><strong>R\u00f4zne typy:<\/strong> K dispoz\u00edcii s jedno\u010dinn\u00fdmi (funguje v jednom smere) alebo dvoj\u010dinn\u00fdmi (funguje v oboch smeroch) valcami pre splnenie r\u00f4znych prev\u00e1dzkov\u00fdch potrieb, pri\u010dom niektor\u00e9 modely s\u00fa navrhnut\u00e9 pre teleskopick\u00fd pohyb, ktor\u00fd umo\u017e\u0148uje v\u00e4\u010d\u0161ie vysunutie bez zv\u00e4\u010d\u0161enia vonkaj\u0161\u00edch rozmerov, \u010do je ide\u00e1lne pre aplik\u00e1cie s obmedzen\u00fdm priestorom.<\/li>\n<li><strong>Z\u00e1kazkov\u00e1 v\u00fdroba:<\/strong> Na\u0161e v\u00fdrobn\u00e9 kapacity n\u00e1m umo\u017e\u0148uj\u00fa vytv\u00e1ra\u0165 valce, ktor\u00e9 dokonale nahradia existuj\u00face hydraulick\u00e9 valce, \u010d\u00edm zabezpe\u010duj\u00fa kompatibilitu a v\u00fdkon.<\/li>\n<\/ul>\n<p><img decoding=\"async\" src=\"https:\/\/www.hydraulic-cylinders.net\/wp-content\/uploads\/2025\/04\/songte-cylinder-head-with-all-kinds-excavator-models.webp\" alt=\"V\u00fdroba valcov v\u00fdlo\u017en\u00edka na mieru\"><\/p>\n<h2>Scen\u00e1re aplik\u00e1ci\u00ed<\/h2>\n<h3>Stavebn\u00e9 stroje<\/h3>\n<p>V r\u00fdpadl\u00e1ch je valec v\u00fdlo\u017en\u00edka nevyhnutn\u00fd pre kopanie, nakladanie a premiest\u0148ovanie zeminy alebo sutiny. Umo\u017e\u0148uje presn\u00e9 ovl\u00e1danie po\u010das v\u00fdkopu, \u010do umo\u017e\u0148uje obsluhe vykon\u00e1va\u0165 \u00falohy efekt\u00edvne a \u00fa\u010dinne. V r\u00fdpadlo-naklada\u010doch valec v\u00fdznamne prispieva k kopaniu aj zdv\u00edhaniu, \u010d\u00edm zvy\u0161uje v\u0161estrannos\u0165 stroja pri r\u00f4znych stavebn\u00fdch \u00faloh\u00e1ch.<\/p>\n<h3>Po\u013enohospod\u00e1rske stroje<\/h3>\n<p>V \u010deln\u00fdch naklada\u010doch sa valce v\u00fdlo\u017en\u00edka pou\u017e\u00edvaj\u00fa na naberanie, zdv\u00edhanie a prepravu p\u00f4dy, sena a in\u00fdch materi\u00e1lov. U\u013eah\u010duj\u00fa pohyb \u0165a\u017ek\u00fdch bremien a zvy\u0161uj\u00fa produktivitu v po\u013enohospod\u00e1rskych oper\u00e1ci\u00e1ch, kde s\u00fa \u010das a efektivita k\u013e\u00fa\u010dov\u00e9.<\/p>\n<h3>R\u00fdpadl\u00e1<\/h3>\n<p>Valec v\u00fdlo\u017en\u00edka umo\u017e\u0148uje r\u00fdpadl\u00e1m efekt\u00edvne prenika\u0165 do zeme. V\u010faka tomu je nevyhnutn\u00fd pre r\u00f4zne kopacie oper\u00e1cie, preto\u017ee zabezpe\u010duje, \u017ee ly\u017eica m\u00f4\u017ee dosiahnu\u0165 po\u017eadovan\u00e9 h\u013abky a z\u00e1rove\u0148 si zachova\u0165 stabilitu a kontrolu po\u010das cel\u00e9ho procesu.<\/p>\n<h3>Naklada\u010de<\/h3>\n<p>V \u010deln\u00fdch naklada\u010doch pom\u00e1haj\u00fa valce v\u00fdlo\u017en\u00edka pri zdv\u00edhan\u00ed a vykladan\u00ed materi\u00e1lov, \u010d\u00edm zohr\u00e1vaj\u00fa k\u013e\u00fa\u010dov\u00fa \u00falohu pri manipul\u00e1cii s materi\u00e1lom. Zabezpe\u010duj\u00fa, aby stroj mohol tieto \u00falohy vykon\u00e1va\u0165 plynule, \u010d\u00edm sa zvy\u0161uje celkov\u00e1 prev\u00e1dzkov\u00e1 efektivita.<\/p>\n<h2>\u00davahy o dizajne a krit\u00e9ri\u00e1 v\u00fdberu<\/h2>\n<h3>Nosnos\u0165<\/h3>\n<p>Pri v\u00fdbere valca ramena je nosnos\u0165 z\u00e1kladn\u00fdm aspektom, ktor\u00fd treba zv\u00e1\u017ei\u0165. Vz\u0165ahuje sa na maxim\u00e1lnu hmotnos\u0165, ktor\u00fa valec dok\u00e1\u017ee zvl\u00e1dnu\u0165 bez ohrozenia jeho integrity alebo prev\u00e1dzkovej \u00fa\u010dinnosti. Spr\u00e1vne dimenzovan\u00e1 nosnos\u0165 zabezpe\u010duje, \u017ee valec bude fungova\u0165 optim\u00e1lne v re\u00e1lnych prev\u00e1dzkov\u00fdch podmienkach a zabr\u00e1ni poruch\u00e1m, ktor\u00e9 by mohli vies\u0165 k prev\u00e1dzkov\u00fdm prestojom alebo bezpe\u010dnostn\u00fdm rizik\u00e1m.<\/p>\n<h3>Tesniaci v\u00fdkon<\/h3>\n<p>Tesniace syst\u00e9my v hydraulick\u00fdch valcoch s\u00fa k\u013e\u00fa\u010dov\u00e9 pre zabr\u00e1nenie \u00faniku kvapaliny a zabezpe\u010denie efekt\u00edvnej prev\u00e1dzky. Pou\u017eitie vysokokvalitn\u00fdch tesnen\u00ed, ako s\u00fa tesnenia piestov a ty\u010d\u00ed vyroben\u00fdch z odoln\u00fdch materi\u00e1lov, je nevyhnutn\u00e9. Tieto tesnenia musia by\u0165 navrhnut\u00e9 tak, aby odolali vysok\u00e9mu tlaku a zabr\u00e1nili kontamin\u00e1cii, ktor\u00e1 m\u00f4\u017ee v\u00fdrazne ovplyvni\u0165 v\u00fdkon a \u017eivotnos\u0165.<\/p>\n<h3>Trvanlivos\u0165<\/h3>\n<p>Trvanlivos\u0165 je pre hydraulick\u00e9 valce nevyhnutn\u00e1, najm\u00e4 v n\u00e1ro\u010dn\u00fdch prostrediach. V\u00fdber materi\u00e1lov, ktor\u00e9 pon\u00fakaj\u00fa odolnos\u0165 vo\u010di opotrebovaniu, kor\u00f3zii a vysok\u00e9mu tlaku, je nevyhnutn\u00fd. Patria sem aj povlaky, ktor\u00e9 poskytuj\u00fa dodato\u010dn\u00fa ochranu pred environment\u00e1lnymi faktormi, \u010d\u00edm sa predl\u017euje \u017eivotnos\u0165 valca a zni\u017euj\u00fa sa n\u00e1roky na \u00fadr\u017ebu.<\/p>\n<h3>Bezpe\u010dnostn\u00e9 prvky<\/h3>\n<p>Pri navrhovan\u00ed hydraulick\u00fdch valcov je bezpe\u010dnos\u0165 prvorad\u00e1. Funkcie, ako s\u00fa pretlakov\u00e9 ventily a bezpe\u010dnostn\u00e9 mechanizmy, s\u00fa nevyhnutn\u00e9 na predch\u00e1dzanie nepredv\u00eddan\u00fdm poruch\u00e1m. Tieto bezpe\u010dnostn\u00e9 opatrenia chr\u00e1nia obsluhu aj zariadenie a zabezpe\u010duj\u00fa, \u017ee syst\u00e9m bude v\u017edy fungova\u0165 v r\u00e1mci bezpe\u010dn\u00fdch parametrov.<\/p>\n<h3>Pr\u00edstupnos\u0165 \u00fadr\u017eby<\/h3>\n<p>Pri v\u00fdbere valca by sa mala zoh\u013eadni\u0165 aj jednoduch\u00e1 \u00fadr\u017eba. Kon\u0161trukcie, ktor\u00e9 umo\u017e\u0148uj\u00fa jednoduch\u00fd pr\u00edstup ku komponentom na kontrolu, mazanie a opravy, m\u00f4\u017eu z dlhodob\u00e9ho h\u013eadiska u\u0161etri\u0165 \u010das a n\u00e1klady. Patria sem funkcie, ktor\u00e9 u\u013eah\u010duj\u00fa jednoduch\u00fa demont\u00e1\u017e a op\u00e4tovn\u00fa mont\u00e1\u017e, \u010d\u00edm sa zabezpe\u010d\u00ed efekt\u00edvne vykon\u00e1vanie be\u017enej \u00fadr\u017eby.<\/p>\n<p><img decoding=\"async\" src=\"https:\/\/www.hydraulic-cylinders.net\/wp-content\/uploads\/2025\/04\/songte-oil-pipes-and-spare-parts.webp\" alt=\"Hydraulick\u00e9 komponenty\"><\/p>\n<h2>Tesnenie a mazanie<\/h2>\n<p>\u00da\u010dinn\u00e9 tesnenie a mazanie s\u00fa k\u013e\u00fa\u010dov\u00e9 pre prev\u00e1dzku hydraulick\u00fdch valcov. Na zabr\u00e1nenie \u00faniku a zabezpe\u010denie \u00fa\u010dinn\u00e9ho udr\u017eiavania tlaku sa pou\u017e\u00edvaj\u00fa r\u00f4zne tesniace prvky, ako s\u00fa tesnenia piestov a tesnenia ty\u010d\u00ed. Tesnenia vyroben\u00e9 z materi\u00e1lov ako polyuret\u00e1n a nitrilov\u00fd kau\u010duk sa \u010dasto pou\u017e\u00edvaj\u00fa kv\u00f4li ich odolnosti vo\u010di opotrebovaniu a trvanlivosti. Okrem toho s\u00fa teleso valca a z\u00e1vitov\u00e9 koncov\u00e9 povrchy jemne le\u0161ten\u00e9, aby sa zv\u00fd\u0161ila odolnos\u0165 vo\u010di opotrebovaniu. Pravideln\u00e9 mazanie dostato\u010dn\u00fdm mno\u017estvom hydraulick\u00e9ho oleja je nevyhnutn\u00e9 pre udr\u017eanie hladk\u00e9ho chodu a zabr\u00e1nenie opotrebovaniu.<\/p>\n<h2>Pravideln\u00e1 kontrola a prevent\u00edvna \u00fadr\u017eba<\/h2>\n<ul>\n<li><strong>Rutinn\u00e1 kontrola:<\/strong> Vykon\u00e1vajte pravideln\u00e9 kontroly, aby ste v\u010das identifikovali ak\u00e9ko\u013evek zn\u00e1mky opotrebovania alebo po\u0161kodenia. H\u013eadajte netesnosti, nezvy\u010dajn\u00e9 zvuky alebo probl\u00e9my s v\u00fdkonom, ktor\u00e9 m\u00f4\u017eu nazna\u010dova\u0165 z\u00e1kladn\u00e9 probl\u00e9my.<\/li>\n<li><strong>Spr\u00e1vne mazanie:<\/strong> Zabezpe\u010dte optim\u00e1lnu hladinu hydraulick\u00e9ho oleja a spr\u00e1vne mazanie v\u0161etk\u00fdch pohybliv\u00fdch \u010dast\u00ed. T\u00fdm sa zabr\u00e1ni nadmern\u00e9mu treniu a opotrebovaniu, \u010d\u00edm sa predl\u017euje \u017eivotnos\u0165 valca.<\/li>\n<li><strong>V\u00fdmena tesnenia:<\/strong> Pravidelne kontrolujte stav tesnen\u00ed a v pr\u00edpade potreby ich vyme\u0148te. Opotrebovan\u00e9 tesnenia m\u00f4\u017eu vies\u0165 k \u00faniku kvapaliny, zni\u017eova\u0165 \u00fa\u010dinnos\u0165 syst\u00e9mu a zvy\u0161ova\u0165 riziko poruchy.<\/li>\n<\/ul>\n<h2>Pokyny na in\u0161tal\u00e1ciu<\/h2>\n<p>Spr\u00e1vna in\u0161tal\u00e1cia valca v\u00fdlo\u017en\u00edka je k\u013e\u00fa\u010dov\u00e1 pre optim\u00e1lny v\u00fdkon. Za\u010dnite t\u00fdm, \u017ee sa uist\u00edte, \u017ee v\u0161etky komponenty s\u00fa \u010dist\u00e9 a bez ne\u010dist\u00f4t. Valec presne zarovnajte s mont\u00e1\u017enymi bodmi pomocou vhodn\u00fdch konzol na podopretie. Utiahnite v\u0161etky skrutky pod\u013ea \u0161pecifik\u00e1ci\u00ed v\u00fdrobcu, aby ste zabezpe\u010dili stabilitu. Po in\u0161tal\u00e1cii skontrolujte zarovnanie, aby ste sa uistili, \u017ee valec funguje hladko. Pred uveden\u00edm zariadenia do plnej prev\u00e1dzky je tie\u017e d\u00f4le\u017eit\u00e9 naplni\u0165 syst\u00e9m hydraulick\u00fdm olejom a vykona\u0165 funk\u010dn\u00fa sk\u00fa\u0161ku.<\/p>\n<h2>\u00dalohy \u00fadr\u017eby<\/h2>\n<ul>\n<li><strong>Pravideln\u00e9 kontroly:<\/strong> Pravideln\u00e9 kontroly pr\u00edpadn\u00fdch zn\u00e1mok opotrebovania alebo po\u0161kodenia m\u00f4\u017eu pred\u00eds\u0165 v\u00e4\u010d\u0161\u00edm probl\u00e9mom v bud\u00facnosti. Po\u010das prev\u00e1dzky h\u013eadajte ak\u00e9ko\u013evek netesnosti alebo nezvy\u010dajn\u00e9 zvuky.<\/li>\n<li><strong>Vhodn\u00e9 mazanie:<\/strong> Pou\u017e\u00edvajte odpor\u00fa\u010dan\u00fd hydraulick\u00fd olej a dbajte na udr\u017eiavanie hladiny, aby ste predi\u0161li nadmern\u00e9mu opotrebovaniu komponentov.<\/li>\n<li><strong>V\u00fdmena a kalibr\u00e1cia tesnenia:<\/strong> Pravidelne vymie\u0148ajte opotrebovan\u00e9 tesnenia a kalibrujte syst\u00e9m, aby ste zabezpe\u010dili jeho spr\u00e1vnu funkciu. To je k\u013e\u00fa\u010dov\u00e9 pre udr\u017eanie bezpe\u010dnosti a \u00fa\u010dinnosti.<\/li>\n<\/ul>\n<h2>Bezpe\u010dnostn\u00e9 aspekty a faktory prostredia<\/h2>\n<p>Pri manipul\u00e1cii s hydraulick\u00fdmi valcami je nevyhnutn\u00e9 dodr\u017eiava\u0165 bezpe\u010dnostn\u00e9 opatrenia. Obsluha mus\u00ed nosi\u0165 vhodn\u00e9 osobn\u00e9 ochrann\u00e9 prostriedky (OOP) a dodr\u017eiava\u0165 stanoven\u00e9 bezpe\u010dnostn\u00e9 protokoly, aby sa minimalizovali rizik\u00e1. Pravideln\u00e9 bezpe\u010dnostn\u00e9 \u0161kolenia m\u00f4\u017eu pom\u00f4c\u0165 predch\u00e1dza\u0165 nehod\u00e1m a zabezpe\u010di\u0165, aby si v\u0161etci zamestnanci boli vedom\u00ed potenci\u00e1lnych nebezpe\u010denstiev spojen\u00fdch s hydraulick\u00fdmi syst\u00e9mami.<\/p>\n<h2>Rie\u0161enie probl\u00e9mov a be\u017en\u00e9 probl\u00e9my<\/h2>\n<ul>\n<li><strong>\u00danik:<\/strong> Ak z valca unik\u00e1 olej, skontrolujte tesnenia, \u010di nie s\u00fa opotrebovan\u00e9 alebo po\u0161koden\u00e9. V\u00fdmena tesnen\u00ed m\u00f4\u017ee probl\u00e9m vyrie\u0161i\u0165.<\/li>\n<li><strong>Pomal\u00e1 prev\u00e1dzka:<\/strong> Ak valec pracuje pomaly, skontrolujte hladinu hydraulickej kvapaliny a pr\u00edpadn\u00e9 upchatie v potrubiach. Vzduch v hydraulickom syst\u00e9me m\u00f4\u017ee tie\u017e sp\u00f4sobi\u0165 pomal\u00fd v\u00fdkon.<\/li>\n<li><strong>Nezvy\u010dajn\u00e9 zvuky:<\/strong> Hluky po\u010das prev\u00e1dzky m\u00f4\u017eu nazna\u010dova\u0165 opotrebovanie alebo nespr\u00e1vne zarovnanie. Skontrolujte valec a okolit\u00e9 komponenty, \u010di nevyskytuj\u00fa probl\u00e9my, ktor\u00e9 je potrebn\u00e9 rie\u0161i\u0165.<\/li>\n<\/ul>\n<h2>Tipy na rie\u0161enie probl\u00e9mov<\/h2>\n<p>Pre efekt\u00edvnu diagnostiku a rie\u0161enie probl\u00e9mov je nevyhnutn\u00e9 vies\u0165 z\u00e1znamy o v\u0161etk\u00fdch zisten\u00fdch probl\u00e9moch a ich rie\u0161eniach. Pravideln\u00e1 kontrola t\u00fdchto z\u00e1znamov m\u00f4\u017ee pom\u00f4c\u0165 identifikova\u0165 vzorce a predch\u00e1dza\u0165 bud\u00facim probl\u00e9mom. Okrem toho, pl\u00e1novanie be\u017enej \u00fadr\u017eby a kontrol m\u00f4\u017ee odhali\u0165 probl\u00e9my v\u010das, \u010d\u00edm sa zni\u017euje pravdepodobnos\u0165 katastrofick\u00fdch por\u00fach a pred\u013a\u017ei sa \u017eivotnos\u0165 zariadenia.<\/p>\n<p><img decoding=\"async\" src=\"https:\/\/www.hydraulic-cylinders.net\/wp-content\/uploads\/2025\/04\/songte-bushings-with-all-kinds-of-excavator-models.webp\" alt=\"Hydraulick\u00e9 diely\"><\/p>\n<h2>O na\u0161ej spolo\u010dnosti<\/h2>\n<p>\u0160pecializujeme sa na v\u00fdrobu n\u00e1hradn\u00fdch hydraulick\u00fdch valcov a stali sme sa jedn\u00fdm z popredn\u00fdch v\u00fdrobcov a ve\u013ekoobchodn\u00edkov na dom\u00e1com aj medzin\u00e1rodnom trhu. N\u00e1\u0161 z\u00e1v\u00e4zok k excelentnosti je podporen\u00fd sofistikovanou v\u00fdrobnou strat\u00e9giou, ktor\u00e1 zah\u0155\u0148a vyu\u017e\u00edvanie vysoko kvalifikovan\u00e9ho technick\u00e9ho person\u00e1lu, digit\u00e1lnych \u0161pi\u010dkov\u00fdch v\u00fdrobn\u00fdch zariaden\u00ed a profesion\u00e1lnych testovac\u00edch syst\u00e9mov. Neust\u00e1le vylep\u0161ujeme na\u0161u v\u00fdrobn\u00fa platformu s cie\u013eom zv\u00fd\u0161i\u0165 kvalitu v\u00fdrobkov a zabezpe\u010di\u0165, aby sme sp\u013a\u0148ali rozmanit\u00e9 potreby z\u00e1kazn\u00edkov s efekt\u00edvnos\u0165ou, presnos\u0165ou a vysokou kvalitou.<\/p>\n<p><img decoding=\"async\" src=\"https:\/\/www.hydraulic-cylinders.net\/wp-content\/uploads\/2025\/04\/songte-company-4.webp\" alt=\"Preh\u013ead spolo\u010dnosti\"><br \/>\n<img decoding=\"async\" src=\"https:\/\/www.hydraulic-cylinders.net\/wp-content\/uploads\/2025\/04\/songte-company-3.webp\" alt=\"V\u00fdrobn\u00e9 zariadenia\"><\/p>\n<p>Na\u0161a spolo\u010dnos\u0165 sa p\u00fd\u0161i profesionalitou, medzin\u00e1rodn\u00fdmi certifik\u00e1ciami, slu\u017ebami na mieru, modern\u00fdm v\u00fdrobn\u00fdm vybaven\u00edm a v\u00fdnimo\u010dnou popredajnou podporou. Zameriavame sa na poskytovanie \u0161pi\u010dkov\u00fdch produktov a slu\u017eieb, ktor\u00e9 vynikaj\u00fa v odvetv\u00ed hydraulick\u00fdch valcov.<\/p>\n<p>Autor: lyl<\/p>","protected":false},"excerpt":{"rendered":"<p>Boom Cylinder For Bobcat Small Excavator E35i Introduction to Boom Cylinder The Boom Cylinder is a crucial component in hydraulic systems, particularly in heavy machinery like excavators, backhoes, and front loaders. This hydraulic cylinder controls the movement of the bucket, allowing it to lift, lower, and tilt, thus facilitating various material handling tasks. The bucket [&hellip;]<\/p>","protected":false},"featured_media":17872,"comment_status":"open","ping_status":"closed","template":"","meta":{"_et_pb_use_builder":"","_et_pb_old_content":"","_et_gb_content_width":""},"product_brand":[],"product_cat":[1546],"product_tag":[1547,1496],"class_list":{"0":"post-19412","1":"product","2":"type-product","3":"status-publish","4":"has-post-thumbnail","6":"product_cat-boom-cylinders","7":"product_tag-boom-cylinders","8":"product_tag-hydraulic-cylinders","10":"first","11":"instock","12":"shipping-taxable","13":"product-type-simple"},"amp_enabled":true,"_links":{"self":[{"href":"https:\/\/www.hydraulic-cylinders.net\/sk\/wp-json\/wp\/v2\/product\/19412","targetHints":{"allow":["GET"]}}],"collection":[{"href":"https:\/\/www.hydraulic-cylinders.net\/sk\/wp-json\/wp\/v2\/product"}],"about":[{"href":"https:\/\/www.hydraulic-cylinders.net\/sk\/wp-json\/wp\/v2\/types\/product"}],"replies":[{"embeddable":true,"href":"https:\/\/www.hydraulic-cylinders.net\/sk\/wp-json\/wp\/v2\/comments?post=19412"}],"wp:featuredmedia":[{"embeddable":true,"href":"https:\/\/www.hydraulic-cylinders.net\/sk\/wp-json\/wp\/v2\/media\/17872"}],"wp:attachment":[{"href":"https:\/\/www.hydraulic-cylinders.net\/sk\/wp-json\/wp\/v2\/media?parent=19412"}],"wp:term":[{"taxonomy":"product_brand","embeddable":true,"href":"https:\/\/www.hydraulic-cylinders.net\/sk\/wp-json\/wp\/v2\/product_brand?post=19412"},{"taxonomy":"product_cat","embeddable":true,"href":"https:\/\/www.hydraulic-cylinders.net\/sk\/wp-json\/wp\/v2\/product_cat?post=19412"},{"taxonomy":"product_tag","embeddable":true,"href":"https:\/\/www.hydraulic-cylinders.net\/sk\/wp-json\/wp\/v2\/product_tag?post=19412"}],"curies":[{"name":"pracovn\u00fd list","href":"https:\/\/api.w.org\/{rel}","templated":true}]}}