{"id":19413,"date":"2025-04-07T06:33:19","date_gmt":"2025-04-07T06:33:19","guid":{"rendered":"https:\/\/www.hydraulic-cylinders.net\/product\/boom-cylinder-for-bobcat-small-excavator-e45\/"},"modified":"2025-04-07T06:33:22","modified_gmt":"2025-04-07T06:33:22","slug":"boom-cylinder-for-bobcat-small-excavator-e45","status":"publish","type":"product","link":"https:\/\/www.hydraulic-cylinders.net\/sk\/produkt\/boom-cylinder-for-bobcat-small-excavator-e45\/","title":{"rendered":"Valec v\u00fdlo\u017en\u00edka pre mal\u00e9 r\u00fdpadlo Bobcat E45"},"content":{"rendered":"<h1>Valec v\u00fdlo\u017en\u00edka pre mal\u00e9 r\u00fdpadlo Bobcat E45<\/h1>\n<h2>Pochopenie valca v\u00fdlo\u017en\u00edka<\/h2>\n<p>Hydraulick\u00fd valec v\u00fdlo\u017en\u00edka je k\u013e\u00fa\u010dovou hydraulickou s\u00fa\u010das\u0165ou pou\u017e\u00edvanou v r\u00f4znych \u0165a\u017ek\u00fdch strojoch, najm\u00e4 v bagroch, r\u00fdpadlo-naklada\u010doch a \u010deln\u00fdch naklada\u010doch. Tento hydraulick\u00fd valec \u0161pecificky riadi pohyb v\u00fdlo\u017en\u00edka, \u010do umo\u017e\u0148uje jeho zdv\u00edhanie, sp\u00fa\u0161\u0165anie a nakl\u00e1\u0148anie. Efekt\u00edvna prev\u00e1dzka valca v\u00fdlo\u017en\u00edka je nevyhnutn\u00e1 pre efekt\u00edvnu manipul\u00e1ciu s materi\u00e1lom, \u010do umo\u017e\u0148uje oper\u00e1torom vykon\u00e1va\u0165 v\u00fdkopov\u00e9 pr\u00e1ce, naklada\u0165 materi\u00e1ly a vykon\u00e1va\u0165 zlo\u017eit\u00e9 man\u00e9vre s presnos\u0165ou.<\/p>\n<p><img decoding=\"async\" src=\"https:\/\/www.hydraulic-cylinders.net\/wp-content\/uploads\/2025\/04\/songte-company-1.webp\" alt=\"Obr\u00e1zok valca v\u00fdlo\u017en\u00edka\" \/><\/p>\n<h3>\u010co je to vedrov\u00fd valec?<\/h3>\n<p>Hydraulick\u00fd valec ly\u017eice je typ hydraulick\u00e9ho valca ur\u010den\u00e9ho na ovl\u00e1danie ly\u017eice \u0165a\u017ek\u00fdch strojov. Zohr\u00e1va k\u013e\u00fa\u010dov\u00fa \u00falohu v hydraulick\u00fdch syst\u00e9moch t\u00fdm, \u017ee premie\u0148a hydraulick\u00fd tlak na mechanick\u00fa silu, \u010do umo\u017e\u0148uje plynul\u00e9 a kontrolovan\u00e9 pohyby ly\u017eice. Tlak hydraulick\u00e9ho oleja u\u013eah\u010duje vys\u00favanie a zas\u00favanie valca a poskytuje potrebn\u00fa silu na manipul\u00e1ciu s \u0165a\u017ek\u00fdmi bremenami. V\u010faka tomu je valec ly\u017eice nevyhnutn\u00fd pre stavebn\u00e9 a po\u013enohospod\u00e1rske stroje, preto\u017ee zabezpe\u010duje prev\u00e1dzkov\u00fa \u00fa\u010dinnos\u0165 a efekt\u00edvnos\u0165.<\/p>\n<h2>Vlastnosti valca v\u00fdlo\u017en\u00edka<\/h2>\n<ul>\n<li><strong>Vysok\u00e1 pevnos\u0165 a odolnos\u0165:<\/strong> Valec v\u00fdlo\u017en\u00edka, zvy\u010dajne vyroben\u00fd z vysokopevnostnej ocele alebo hlin\u00edka, je navrhnut\u00fd tak, aby odolal vysok\u00e9mu tlaku a \u0165a\u017ek\u00e9mu za\u0165a\u017eeniu, v\u010faka \u010domu je vhodn\u00fd do n\u00e1ro\u010dn\u00fdch pracovn\u00fdch prostred\u00ed. Je navrhnut\u00fd tak, aby odol\u00e1val opotrebovaniu a kor\u00f3zii, \u010d\u00edm sa predl\u017euje jeho \u017eivotnos\u0165.<\/li>\n<li><strong>Efekt\u00edvna hydraulick\u00e1 prev\u00e1dzka:<\/strong> Valec v\u00fdlo\u017en\u00edka vyu\u017e\u00edva hydraulick\u00fd tlak oleja na dosiahnutie plynul\u00e9ho vys\u00favania a zas\u00favania, r\u00fdchlo reaguje na povely a poskytuje siln\u00e9 tlakovo-\u0165ahov\u00e9 sily, ide\u00e1lne na zvl\u00e1dnutie \u0165a\u017ek\u00fdch a zlo\u017eit\u00fdch \u00faloh.<\/li>\n<li><strong>R\u00f4zne typy:<\/strong> Valec v\u00fdlo\u017en\u00edka, ktor\u00fd je k dispoz\u00edcii v r\u00f4znych konfigur\u00e1ci\u00e1ch, m\u00f4\u017ee by\u0165 bu\u010f jedno\u010dinn\u00fd (pracuje v jednom smere), alebo dvoj\u010dinn\u00fd (pracuje v oboch smeroch). Niektor\u00e9 modely s\u00fa teleskopick\u00e9, \u010do umo\u017e\u0148uje v\u00e4\u010d\u0161ie vysunutie bez zv\u00e4\u010d\u0161enia vonkaj\u0161\u00edch rozmerov, v\u010faka \u010domu s\u00fa vhodn\u00e9 pre aplik\u00e1cie s obmedzen\u00fdm priestorom.<\/li>\n<li><strong>Z\u00e1kazkov\u00e1 v\u00fdroba:<\/strong> Na\u0161a spolo\u010dnos\u0165 sa \u0161pecializuje na v\u00fdrobu valcov v\u00fdlo\u017en\u00edka, ktor\u00e9 dokonale nahr\u00e1dzaj\u00fa existuj\u00face hydraulick\u00e9 valce, \u010d\u00edm zabezpe\u010duj\u00fa kompatibilitu a spo\u013eahlivos\u0165.<\/li>\n<li><strong>Pokro\u010dil\u00e1 technol\u00f3gia:<\/strong> Dizajn zah\u0155\u0148a najmodernej\u0161ie technol\u00f3gie na optimaliz\u00e1ciu v\u00fdkonu, \u00fa\u010dinnosti a po\u017eiadaviek na \u00fadr\u017ebu.<\/li>\n<\/ul>\n<p><img decoding=\"async\" src=\"https:\/\/www.hydraulic-cylinders.net\/wp-content\/uploads\/2025\/04\/songte-cylinder-head-with-all-kinds-excavator-models.webp\" alt=\"V\u00fdroba valcov v\u00fdlo\u017en\u00edka\" \/><\/p>\n<h2>Aplik\u00e1cie valca v\u00fdlo\u017en\u00edka<\/h2>\n<h3>Stavebn\u00e9 stroje<\/h3>\n<p>V stavebn\u00fdch strojoch sa valce v\u00fdlo\u017en\u00edka nach\u00e1dzaj\u00fa v bagroch, kde s\u00fa k\u013e\u00fa\u010dov\u00e9 pre kopanie, nakladanie a premiest\u0148ovanie zeminy alebo sutiny. Schopnos\u0165 v\u00fdlo\u017en\u00edka vys\u00fava\u0165 sa a zas\u00fava\u0165 umo\u017e\u0148uje obsluhe efekt\u00edvne riadi\u0165 r\u00f4zne \u00falohy na stavenisk\u00e1ch, \u010d\u00edm sa zabezpe\u010duje produktivita a bezpe\u010dnos\u0165 po\u010das prev\u00e1dzky.<\/p>\n<h3>Po\u013enohospod\u00e1rske stroje<\/h3>\n<p>V po\u013enohospod\u00e1rskych aplik\u00e1ci\u00e1ch \u010deln\u00e9 naklada\u010de vyu\u017e\u00edvaj\u00fa valce v\u00fdlo\u017en\u00edka na naberanie, zdv\u00edhanie a prepravu p\u00f4dy, sena a in\u00fdch materi\u00e1lov. V\u0161estrannos\u0165 valca v\u00fdlo\u017en\u00edka umo\u017e\u0148uje po\u013enohospod\u00e1rom optimalizova\u0165 ich prev\u00e1dzku a zvy\u0161ova\u0165 efektivitu pri premiest\u0148ovan\u00ed \u0165a\u017ek\u00fdch bremien po poliach.<\/p>\n<h3>R\u00fdpadl\u00e1<\/h3>\n<p>V r\u00fdpadl\u00e1ch u\u013eah\u010duj\u00fa valce ly\u017eice kopanie t\u00fdm, \u017ee umo\u017e\u0148uj\u00fa ly\u017eici efekt\u00edvne prenika\u0165 do p\u00f4dy. T\u00e1to schopnos\u0165 je nevyhnutn\u00e1 pre \u00falohy, ako je h\u013abenie v\u00fdkopov alebo z\u00e1kladov, kde je presnos\u0165 k\u013e\u00fa\u010dov\u00e1 pre \u00faspe\u0161n\u00e9 v\u00fdsledky.<\/p>\n<h3>Naklada\u010de<\/h3>\n<p>V \u010deln\u00fdch naklada\u010doch pom\u00e1haj\u00fa valce v\u00fdlo\u017en\u00edka efekt\u00edvne zdv\u00edha\u0165 a vyklada\u0165 materi\u00e1ly. Hydraulick\u00fd v\u00fdkon poskytovan\u00fd valcom v\u00fdlo\u017en\u00edka zabezpe\u010duje, \u017ee oper\u00e1tori m\u00f4\u017eu zdv\u00edha\u0165 \u0165a\u017ek\u00e9 bremen\u00e1 a uklada\u0165 ich tam, kde je to potrebn\u00e9, \u010d\u00edm sa zlep\u0161uje pracovn\u00fd postup a zni\u017euje fyzick\u00e1 z\u00e1\u0165a\u017e.<\/p>\n<h2>\u00davahy o dizajne a krit\u00e9ri\u00e1 v\u00fdberu<\/h2>\n<h3>Nosnos\u0165<\/h3>\n<p>Pri v\u00fdbere valca v\u00fdlo\u017en\u00edka je nevyhnutn\u00e9 zv\u00e1\u017ei\u0165 jeho nosnos\u0165. Valec mus\u00ed by\u0165 schopn\u00fd zvl\u00e1dnu\u0165 maxim\u00e1lne za\u0165a\u017eenie, ktor\u00e9mu bude vystaven\u00fd, bez rizika poruchy. In\u017einieri zvy\u010dajne vypo\u010d\u00edtavaj\u00fa po\u017eadovan\u00fa kapacitu na z\u00e1klade konkr\u00e9tnych aplik\u00e1ci\u00ed a o\u010dak\u00e1van\u00e9ho za\u0165a\u017eenia, aby zabezpe\u010dili, \u017ee valec zostane spo\u013eahliv\u00fd aj pod tlakom.<\/p>\n<h3>Tesniaci v\u00fdkon<\/h3>\n<p>Tesniaci v\u00fdkon valca v\u00fdlo\u017en\u00edka je nevyhnutn\u00fd pre udr\u017eanie hydraulick\u00e9ho tlaku a zabr\u00e1nenie \u00fanikom. Vysokokvalitn\u00e9 tesnenia vyroben\u00e9 z odoln\u00fdch materi\u00e1lov, ako je polyuret\u00e1n alebo nitrilov\u00e1 guma, s\u00fa nevyhnutn\u00e9 pre zabezpe\u010denie dlhej \u017eivotnosti valca. Spr\u00e1vne tesnenie zabra\u0148uje \u00faniku hydraulickej kvapaliny, \u010do m\u00f4\u017ee ohrozi\u0165 \u00fa\u010dinnos\u0165 a bezpe\u010dnos\u0165 zariadenia.<\/p>\n<h3>Trvanlivos\u0165<\/h3>\n<p>Trvanlivos\u0165 je k\u013e\u00fa\u010dov\u00fdm faktorom, najm\u00e4 pri zariadeniach vystaven\u00fdch n\u00e1ro\u010dn\u00fdm prev\u00e1dzkov\u00fdm podmienkam. Materi\u00e1ly a kon\u0161truk\u010dn\u00e9 techniky pou\u017eit\u00e9 pri v\u00fdrobe valca v\u00fdlo\u017en\u00edka zohr\u00e1vaj\u00fa v\u00fdznamn\u00fa \u00falohu v jeho schopnosti odol\u00e1va\u0165 opotrebovaniu, kor\u00f3zii a n\u00e1razom. V\u00fdrobcovia sa zameriavaj\u00fa na pou\u017e\u00edvanie odoln\u00fdch materi\u00e1lov a ochrann\u00fdch n\u00e1terov na zv\u00fd\u0161enie odolnosti.<\/p>\n<h3>Bezpe\u010dnostn\u00e9 prvky<\/h3>\n<p>Pri kon\u0161trukcii hydraulick\u00fdch valcov je bezpe\u010dnos\u0165 prvorad\u00e1. Na zabr\u00e1nenie neh\u00f4d sp\u00f4soben\u00fdch nadmern\u00fdm tlakom s\u00fa s\u00fa\u010das\u0165ou hydraulick\u00fdch valcov zabudovan\u00e9 prvky, ako s\u00fa pretlakov\u00e9 ventily a poistn\u00e9 membr\u00e1ny. Pravideln\u00e9 testovanie a dodr\u017eiavanie bezpe\u010dnostn\u00fdch noriem s\u00fa k\u013e\u00fa\u010dov\u00e9 pre zabezpe\u010denie bezpe\u010dnej prev\u00e1dzky hydraulick\u00fdch syst\u00e9mov.<\/p>\n<h3>Pr\u00edstupnos\u0165 \u00fadr\u017eby<\/h3>\n<p>\u010eal\u0161\u00edm d\u00f4le\u017eit\u00fdm aspektom je jednoduchos\u0165 \u00fadr\u017eby. Dobre navrhnut\u00fd valec v\u00fdlo\u017en\u00edka by mal umo\u017e\u0148ova\u0165 jednoduch\u00fd pr\u00edstup ku komponentom na kontrolu, opravu a v\u00fdmenu. Pravideln\u00e9 kontroly \u00fadr\u017eby m\u00f4\u017eu pom\u00f4c\u0165 identifikova\u0165 potenci\u00e1lne probl\u00e9my sk\u00f4r, ako sa stup\u0148ovaj\u00fa, a t\u00fdm pred\u013a\u017ei\u0165 \u017eivotnos\u0165 zariadenia.<\/p>\n<p><img decoding=\"async\" src=\"https:\/\/www.hydraulic-cylinders.net\/wp-content\/uploads\/2025\/04\/songte-oil-pipes-and-spare-parts.webp\" alt=\"\u010casti hydraulick\u00e9ho valca\" \/><\/p>\n<h2>Tesnenie a mazanie<\/h2>\n<p>\u00da\u010dinnos\u0165 valca v\u00fdlo\u017en\u00edka vo ve\u013ekej miere z\u00e1vis\u00ed od jeho tesniacich a mazac\u00edch syst\u00e9mov. R\u00f4zne tesniace komponenty, ako s\u00fa tesnenia piestov a tesnenia ty\u010d\u00ed, zohr\u00e1vaj\u00fa k\u013e\u00fa\u010dov\u00fa \u00falohu pri udr\u017eiavan\u00ed hydraulick\u00e9ho tlaku. Tesnenia s\u00fa \u010dasto vyroben\u00e9 z materi\u00e1lov odoln\u00fdch vo\u010di opotrebovaniu, ako je polyuret\u00e1n alebo nitrilov\u00e1 guma, aby odolali n\u00e1ro\u010dn\u00fdm podmienkam, ktor\u00fdm \u010delia.<\/p>\n<p>Spr\u00e1vne mazanie je nevyhnutn\u00e9 na minimaliz\u00e1ciu trenia a opotrebenia v hydraulickom valci. Pravideln\u00e9 dop\u013a\u0148anie hydraulick\u00e9ho oleja zais\u0165uje hladk\u00fd chod pohybliv\u00fdch \u010dast\u00ed, \u010d\u00edm sa zni\u017euje riziko prehriatia a predl\u017euje sa \u017eivotnos\u0165 valca. Okrem toho, udr\u017eiavanie integrity povrchov valca prostredn\u00edctvom presn\u00fdch procesov kone\u010dnej \u00fapravy zvy\u0161uje odolnos\u0165 proti opotrebeniu a pon\u00faka lep\u0161\u00ed v\u00fdkon v priebehu \u010dasu.<\/p>\n<h2>Pravideln\u00e1 kontrola a opatrenia prevent\u00edvnej \u00fadr\u017eby<\/h2>\n<ul>\n<li><strong>Rutinn\u00e1 kontrola:<\/strong> Pravidelne vykon\u00e1vajte kontroly, aby ste identifikovali ak\u00e9ko\u013evek zn\u00e1mky opotrebovania, netesnost\u00ed alebo po\u0161kodenia. V\u010dasn\u00e9 odhalenie probl\u00e9mov m\u00f4\u017ee u\u0161etri\u0165 n\u00e1klady spojen\u00e9 s v\u00e4\u010d\u0161\u00edmi opravami a prestojmi.<\/li>\n<li><strong>Vhodn\u00e9 mazanie:<\/strong> Uistite sa, \u017ee hladiny hydraulick\u00e9ho oleja s\u00fa udr\u017eiavan\u00e9 a \u017ee pou\u017eit\u00fd olej sp\u013a\u0148a \u0161pecifik\u00e1cie pre valec v\u00fdlo\u017en\u00edka. Spr\u00e1vne mazanie zni\u017euje trenie a predl\u017euje \u017eivotnos\u0165 valca.<\/li>\n<li><strong>V\u00fdmena tesnenia:<\/strong> Tesnenia sa \u010dasom m\u00f4\u017eu opotrebova\u0165 a je potrebn\u00e9 ich vymeni\u0165. Pravidelne kontrolujte tesnenia, \u010di nevykazuj\u00fa zn\u00e1mky opotrebovania, a pod\u013ea potreby ich vyme\u0148te, aby sa zachovala ich \u00fa\u010dinnos\u0165.<\/li>\n<\/ul>\n<h2>Pokyny na in\u0161tal\u00e1ciu<\/h2>\n<p>In\u0161tal\u00e1cia valca v\u00fdlo\u017en\u00edka si vy\u017eaduje d\u00f4kladn\u00fa pozornos\u0165 k detailom, aby sa zabezpe\u010dil optim\u00e1lny v\u00fdkon a bezpe\u010dnos\u0165. Za\u010dnite t\u00fdm, \u017ee sa uist\u00edte, \u017ee pracovn\u00fd priestor je \u010dist\u00fd a bez ne\u010dist\u00f4t. Valec spr\u00e1vne umiestnite do zarovnania s upev\u0148ovac\u00edmi bodmi na stroji. Na upevnenie valca na mieste pou\u017eite vhodn\u00e9 mont\u00e1\u017ene konzoly a uistite sa, \u017ee je spr\u00e1vne zarovnan\u00fd, aby sa predi\u0161lo nadmern\u00e9mu nam\u00e1haniu hydraulick\u00e9ho syst\u00e9mu.<\/p>\n<p>Po upevnen\u00ed pripojte hydraulick\u00e9 potrubia a uistite sa, \u017ee nie s\u00fa \u017eiadne zalomenia alebo ohyby, ktor\u00e9 by mohli br\u00e1ni\u0165 toku kvapaliny. Pri u\u0165ahovan\u00ed skrutiek a spojovac\u00edch prvkov je nevyhnutn\u00e9 dodr\u017eiava\u0165 \u0161pecifik\u00e1cie v\u00fdrobcu t\u00fdkaj\u00face sa nastavenia kr\u00fatiaceho momentu. Po in\u0161tal\u00e1cii vykonajte d\u00f4kladn\u00fa kontrolu a otestujte \u010dinnos\u0165 valca pod za\u0165a\u017een\u00edm, aby ste sa uistili, \u017ee funguje spr\u00e1vne a bezpe\u010dne.<\/p>\n<h2>Be\u017en\u00e9 \u00falohy \u00fadr\u017eby<\/h2>\n<ul>\n<li><strong>Pravideln\u00e9 kontroly:<\/strong> Vykonajte kontroly, aby ste identifikovali ak\u00e9ko\u013evek potenci\u00e1lne probl\u00e9my s valcom ramena. H\u013eadajte zn\u00e1mky netesnost\u00ed, opotrebovania alebo abnorm\u00e1lnej prev\u00e1dzky.<\/li>\n<li><strong>Spr\u00e1vne mazanie:<\/strong> Udr\u017eiavajte dostato\u010dn\u00e9 mazanie valca, aby ste predi\u0161li treniu a opotrebovaniu. Dodr\u017eiavajte odpor\u00fa\u010dan\u00e9 intervaly a postupy mazania.<\/li>\n<li><strong>V\u00fdmena tesnenia:<\/strong> Sledujte opotrebovanie tesnen\u00ed a v pr\u00edpade potreby ich vyme\u0148te, aby ste predi\u0161li \u00fanikom a ne\u00fa\u010dinnosti.<\/li>\n<\/ul>\n<p>Zabezpe\u010denie spr\u00e1vnej in\u0161tal\u00e1cie, mazania a nastavenia je nevyhnutn\u00e9 pre dlh\u00fa \u017eivotnos\u0165 a \u00fa\u010dinnos\u0165 valca v\u00fdlo\u017en\u00edka. Presn\u00e9 zarovnanie po\u010das in\u0161tal\u00e1cie je k\u013e\u00fa\u010dov\u00e9 a pou\u017eitie vhodn\u00fdch mont\u00e1\u017enych pr\u00edpravkov pom\u00e1ha pri udr\u017eiavan\u00ed zarovnania. Mali by sa zavies\u0165 pravideln\u00e9 kontroly a postupy \u00fadr\u017eby, aby sa proakt\u00edvne identifikovali a opravili probl\u00e9my, \u010d\u00edm sa predl\u017euje \u017eivotnos\u0165 a v\u00fdkon zariadenia.<\/p>\n<p><img decoding=\"async\" src=\"https:\/\/www.hydraulic-cylinders.net\/wp-content\/uploads\/2025\/04\/songte-chushion-collar.webp\" alt=\"In\u0161tal\u00e1cia valca v\u00fdlo\u017en\u00edka\" \/><\/p>\n<h2>Bezpe\u010dnostn\u00e9 aspekty a faktory prostredia<\/h2>\n<p>Pri pr\u00e1ci s hydraulick\u00fdmi syst\u00e9mami by mali by\u0165 bezpe\u010dnostn\u00e9 opatrenia najvy\u0161\u0161ou prioritou. Obsluha mus\u00ed by\u0165 vy\u0161kolen\u00e1, aby rozumela rizik\u00e1m spojen\u00fdm s hydraulick\u00fdmi zariadeniami vr\u00e1tane riz\u00edk \u00faniku kvapaliny pod vysok\u00fdm tlakom a mo\u017enosti poruchy zariadenia. Pou\u017e\u00edvanie osobn\u00fdch ochrann\u00fdch prostriedkov (OOP) a dodr\u017eiavanie bezpe\u010dnostn\u00fdch protokolov m\u00f4\u017ee v\u00fdrazne zn\u00ed\u017ei\u0165 riziko zranen\u00ed.<\/p>\n<p>D\u00f4le\u017eit\u00e9 s\u00fa aj environment\u00e1lne aspekty. Zabezpe\u010denie spr\u00e1vneho skladovania a manipul\u00e1cie s hydraulick\u00fdmi kvapalinami zabra\u0148uje kontamin\u00e1cii \u017eivotn\u00e9ho prostredia. Pravideln\u00e1 \u00fadr\u017eba a kontroly m\u00f4\u017eu pom\u00f4c\u0165 v\u010das odhali\u0165 \u00faniky, \u010do umo\u017e\u0148uje prija\u0165 n\u00e1pravn\u00e9 opatrenia sk\u00f4r, ako poved\u00fa k v\u00e4\u010d\u0161\u00edm environment\u00e1lnym probl\u00e9mom.<\/p>\n<h2>Rie\u0161enie probl\u00e9mov a be\u017en\u00e9 probl\u00e9my<\/h2>\n<ul>\n<li><strong>\u00daniky hydraulickej kvapaliny:<\/strong> K \u00fanikom m\u00f4\u017ee d\u00f4js\u0165 v d\u00f4sledku opotrebovan\u00fdch tesnen\u00ed alebo po\u0161koden\u00fdch komponentov. Skontrolujte syst\u00e9m, \u010di v \u0148om nie s\u00fa vidite\u013en\u00e9 \u00faniky, a v\u0161etky po\u0161koden\u00e9 diely ihne\u010f vyme\u0148te.<\/li>\n<li><strong>Slab\u00fd v\u00fdkon valca:<\/strong> Ak valec nefunguje spr\u00e1vne, skontrolujte, \u010di nie s\u00fa hydraulick\u00e9 potrubia upchat\u00e9 a \u010di je syst\u00e9m spr\u00e1vne natlakovan\u00fd.<\/li>\n<li><strong>Nezvy\u010dajn\u00e9 zvuky:<\/strong> Hluky po\u010das prev\u00e1dzky m\u00f4\u017eu nazna\u010dova\u0165 probl\u00e9my s mazan\u00edm alebo vn\u00fatorn\u00e9 po\u0161kodenie. Ak\u00e9ko\u013evek nezvy\u010dajn\u00e9 zvuky okam\u017eite pre\u0161etrite.<\/li>\n<\/ul>\n<p>Okam\u017eit\u00e9 rie\u0161enie t\u00fdchto be\u017en\u00fdch probl\u00e9mov m\u00f4\u017ee zabr\u00e1ni\u0165 \u010fal\u0161iemu po\u0161kodeniu hydraulick\u00e9ho syst\u00e9mu. Ak probl\u00e9m pretrv\u00e1va, m\u00f4\u017ee by\u0165 potrebn\u00e1 konzult\u00e1cia s hydraulick\u00fdm \u0161pecialistom, aby sa diagnostikovala a \u00fa\u010dinne odstr\u00e1nila z\u00e1kladn\u00e1 pr\u00ed\u010dina.<\/p>\n<p>Zav\u00e1dzanie prevent\u00edvnych opatren\u00ed, ako je pravideln\u00e1 \u00fadr\u017eba a kontroly, m\u00f4\u017ee v\u00fdrazne zn\u00ed\u017ei\u0165 potenci\u00e1lne probl\u00e9my s valcom v\u00fdlo\u017en\u00edka. Udr\u017eiavanie optim\u00e1lnej hladiny hydraulickej kvapaliny a zabezpe\u010denie spr\u00e1vneho mazania s\u00fa nevyhnutn\u00e9 postupy, ktor\u00e9 m\u00f4\u017eu vies\u0165 k zv\u00fd\u0161en\u00e9mu v\u00fdkonu a spo\u013eahlivosti.<\/p>\n<p><img decoding=\"async\" src=\"https:\/\/www.hydraulic-cylinders.net\/wp-content\/uploads\/2025\/04\/songte-bushings-with-all-kinds-of-excavator-models.webp\" alt=\"Rie\u0161enie probl\u00e9mov s hydraulick\u00fdm valcom\" \/><\/p>\n<h2>O na\u0161ej spolo\u010dnosti<\/h2>\n<p>Sme popredn\u00fdm v\u00fdrobcom n\u00e1hradn\u00fdch hydraulick\u00fdch valcov a pon\u00fakame komplexn\u00fd sortiment produktov pre dom\u00e1ci aj medzin\u00e1rodn\u00fd trh. N\u00e1\u0161 z\u00e1v\u00e4zok k excelentnosti v kvalite je poh\u00e1\u0148an\u00fd strat\u00e9giou riadenia priemyselnej v\u00fdroby, ktor\u00e1 kladie d\u00f4raz na presn\u00fa v\u00fdrobu. Vyu\u017e\u00edvame pokro\u010dil\u00e9 technol\u00f3gie, \u0161pi\u010dkov\u00e9 v\u00fdrobn\u00e9 zariadenia a \u0161pecializovan\u00e9 testovacie syst\u00e9my na zlep\u0161enie na\u0161ich v\u00fdrobn\u00fdch kapac\u00edt.<\/p>\n<p>Na\u0161e odborn\u00e9 znalosti v oblasti n\u00e1vrhu a v\u00fdroby hydraulick\u00fdch valcov n\u00e1m umo\u017e\u0148uj\u00fa uspokojova\u0165 rozmanit\u00e9 potreby z\u00e1kazn\u00edkov s vysokou \u00fa\u010dinnos\u0165ou a presnos\u0165ou. Sme hrd\u00ed na to, \u017ee dod\u00e1vame produkty, ktor\u00e9 sp\u013a\u0148aj\u00fa medzin\u00e1rodn\u00e9 \u0161tandardy a zabezpe\u010duj\u00fa spo\u013eahlivos\u0165 a bezpe\u010dnos\u0165 na\u0161ich klientov. Na\u0161e prisp\u00f4sobite\u013en\u00e9 rie\u0161enia a popredajn\u00e1 podpora s\u00fa prisp\u00f4soben\u00e9 tak, aby pomohli z\u00e1kazn\u00edkom maximalizova\u0165 ich invest\u00edcie do hydraulick\u00fdch syst\u00e9mov, v\u010faka \u010domu sme d\u00f4veryhodn\u00fdm partnerom v tomto odvetv\u00ed.<\/p>\n<p><img decoding=\"async\" src=\"https:\/\/www.hydraulic-cylinders.net\/wp-content\/uploads\/2025\/04\/songte-company-4.webp\" alt=\"Preh\u013ead spolo\u010dnosti\" \/><br \/>\n<img decoding=\"async\" src=\"https:\/\/www.hydraulic-cylinders.net\/wp-content\/uploads\/2025\/04\/songte-company-3.webp\" alt=\"Produkcia spolo\u010dnosti\" \/><\/p>\n<p>Autor: lyl<\/p>","protected":false},"excerpt":{"rendered":"<p>Boom Cylinder For Bobcat Small Excavator E45 Understanding the Boom Cylinder The Boom Cylinder is a crucial hydraulic component employed in various heavy machinery, particularly in excavators, backhoe loaders, and front loaders. This hydraulic cylinder specifically controls the movement of the boom, allowing it to lift, lower, and tilt. The efficient operation of the boom [&hellip;]<\/p>","protected":false},"featured_media":17873,"comment_status":"open","ping_status":"closed","template":"","meta":{"_et_pb_use_builder":"","_et_pb_old_content":"","_et_gb_content_width":""},"product_brand":[],"product_cat":[1546],"product_tag":[1547,1496],"class_list":{"0":"post-19413","1":"product","2":"type-product","3":"status-publish","4":"has-post-thumbnail","6":"product_cat-boom-cylinders","7":"product_tag-boom-cylinders","8":"product_tag-hydraulic-cylinders","10":"first","11":"instock","12":"shipping-taxable","13":"product-type-simple"},"amp_enabled":true,"_links":{"self":[{"href":"https:\/\/www.hydraulic-cylinders.net\/sk\/wp-json\/wp\/v2\/product\/19413","targetHints":{"allow":["GET"]}}],"collection":[{"href":"https:\/\/www.hydraulic-cylinders.net\/sk\/wp-json\/wp\/v2\/product"}],"about":[{"href":"https:\/\/www.hydraulic-cylinders.net\/sk\/wp-json\/wp\/v2\/types\/product"}],"replies":[{"embeddable":true,"href":"https:\/\/www.hydraulic-cylinders.net\/sk\/wp-json\/wp\/v2\/comments?post=19413"}],"wp:featuredmedia":[{"embeddable":true,"href":"https:\/\/www.hydraulic-cylinders.net\/sk\/wp-json\/wp\/v2\/media\/17873"}],"wp:attachment":[{"href":"https:\/\/www.hydraulic-cylinders.net\/sk\/wp-json\/wp\/v2\/media?parent=19413"}],"wp:term":[{"taxonomy":"product_brand","embeddable":true,"href":"https:\/\/www.hydraulic-cylinders.net\/sk\/wp-json\/wp\/v2\/product_brand?post=19413"},{"taxonomy":"product_cat","embeddable":true,"href":"https:\/\/www.hydraulic-cylinders.net\/sk\/wp-json\/wp\/v2\/product_cat?post=19413"},{"taxonomy":"product_tag","embeddable":true,"href":"https:\/\/www.hydraulic-cylinders.net\/sk\/wp-json\/wp\/v2\/product_tag?post=19413"}],"curies":[{"name":"pracovn\u00fd list","href":"https:\/\/api.w.org\/{rel}","templated":true}]}}