{"id":19416,"date":"2025-04-07T06:33:28","date_gmt":"2025-04-07T06:33:28","guid":{"rendered":"https:\/\/www.hydraulic-cylinders.net\/product\/boom-cylinder-for-bobcat-small-excavator-e418\/"},"modified":"2025-04-07T06:33:30","modified_gmt":"2025-04-07T06:33:30","slug":"boom-cylinder-for-bobcat-small-excavator-e418","status":"publish","type":"product","link":"https:\/\/www.hydraulic-cylinders.net\/sk\/produkt\/boom-cylinder-for-bobcat-small-excavator-e418\/","title":{"rendered":"Valec v\u00fdlo\u017en\u00edka pre mal\u00e9 r\u00fdpadlo Bobcat E418"},"content":{"rendered":"<h1>Valec v\u00fdlo\u017en\u00edka pre mal\u00e9 r\u00fdpadlo Bobcat E418<\/h1>\n<h2>\u00davod do valcov v\u00fdlo\u017en\u00edka<\/h2>\n<p>Hydraulick\u00fd valec v\u00fdlo\u017en\u00edka je k\u013e\u00fa\u010dovou hydraulickou s\u00fa\u010das\u0165ou pou\u017e\u00edvanou v r\u00f4znych \u0165a\u017ek\u00fdch strojoch vr\u00e1tane r\u00fdpadiel, r\u00fdpadiel-naklada\u010dov a \u010deln\u00fdch naklada\u010dov. Zohr\u00e1va d\u00f4le\u017eit\u00fa \u00falohu pri riaden\u00ed pohybu v\u00fdlo\u017en\u00edka, umo\u017e\u0148uje mu zdv\u00edhanie, sp\u00fa\u0161\u0165anie a nakl\u00e1\u0148anie, \u010do u\u013eah\u010duje efekt\u00edvnu manipul\u00e1ciu s materi\u00e1lom. Valce v\u00fdlo\u017en\u00edka s\u00fa navrhnut\u00e9 na prev\u00e1dzku pod vysok\u00fdm tlakom a umo\u017e\u0148uj\u00fa presn\u00e9 man\u00e9vre a zvy\u0161uj\u00fa celkov\u00fa produktivitu zariadenia. Ako typ hydraulick\u00e9ho valca vyu\u017e\u00edva valec v\u00fdlo\u017en\u00edka hydraulick\u00fa kvapalinu na generovanie sily, v\u010faka \u010domu je nevyhnutn\u00fd pre oper\u00e1cie v stavebn\u00edctve, po\u013enohospod\u00e1rstve a in\u00fdch odvetviach.<\/p>\n<p><img decoding=\"async\" src=\"https:\/\/www.hydraulic-cylinders.net\/wp-content\/uploads\/2025\/04\/songte-company-1.webp\" alt=\"Valec v\u00fdlo\u017en\u00edka pre bager\"><\/p>\n<h2>Vlastnosti valca v\u00fdlo\u017en\u00edka<\/h2>\n<ul>\n<li><strong>Vysok\u00e1 pevnos\u0165 a odolnos\u0165:<\/strong> Tieto valce, ktor\u00e9 s\u00fa zvy\u010dajne vyroben\u00e9 z vysokopevnostnej ocele alebo hlin\u00edka, odol\u00e1vaj\u00fa vysok\u00e9mu tlaku a ve\u013ek\u00e9mu za\u0165a\u017eeniu, v\u010faka \u010domu s\u00fa vhodn\u00e9 do n\u00e1ro\u010dn\u00fdch pracovn\u00fdch prostred\u00ed. S\u00fa navrhnut\u00e9 s ochranou proti opotrebovaniu a kor\u00f3zii, aby sa pred\u013a\u017eila ich \u017eivotnos\u0165.<\/li>\n<li><strong>Efekt\u00edvna hydraulick\u00e1 prev\u00e1dzka:<\/strong> Valec v\u00fdlo\u017en\u00edka vyu\u017e\u00edva hydraulick\u00fd tlak na plynul\u00e9 vys\u00favanie a zas\u00favanie, \u010do umo\u017e\u0148uje r\u00fdchlu reakciu na povely oper\u00e1tora a poskytuje robustn\u00fa tla\u010dn\u00fa a \u0165ahov\u00fa silu nevyhnutn\u00fa na zdv\u00edhanie \u0165a\u017ek\u00fdch predmetov.<\/li>\n<li><strong>R\u00f4zne typy:<\/strong> Valce v\u00fdlo\u017en\u00edka s\u00fa dostupn\u00e9 v jedno\u010dinnom (vyu\u017e\u00edvaj\u00face hydraulick\u00fd tlak v jednom smere) aj dvoj\u010dinnom (vyu\u017e\u00edvaj\u00face hydraulick\u00fd tlak v oboch smeroch) pre splnenie r\u00f4znych prev\u00e1dzkov\u00fdch potrieb. Niektor\u00e9 modely s\u00fa teleskopick\u00e9, \u010do umo\u017e\u0148uje dlh\u0161\u00ed dosah bez zv\u00e4\u010d\u0161enia vonkaj\u0161\u00edch rozmerov, ide\u00e1lne pre aplik\u00e1cie s obmedzen\u00fdm priestorom.<\/li>\n<li><strong>V\u0161estrann\u00e9 aplik\u00e1cie:<\/strong> Tieto valce s\u00fa vhodn\u00e9 pre r\u00f4zne stroje a \u00falohy, \u010do zvy\u0161uje ich prisp\u00f4sobivos\u0165 v r\u00f4znych odvetviach.<\/li>\n<li><strong>Z\u00e1kazkov\u00e1 v\u00fdroba:<\/strong> Na\u0161a spolo\u010dnos\u0165 sa \u0161pecializuje na v\u00fdrobu valcov v\u00fdlo\u017en\u00edka, ktor\u00e9 dokonale nahr\u00e1dzaj\u00fa existuj\u00face hydraulick\u00e9 valce, \u010d\u00edm zabezpe\u010duj\u00fa kompatibilitu a v\u00fdkon.<\/li>\n<\/ul>\n<p><img decoding=\"async\" src=\"https:\/\/www.hydraulic-cylinders.net\/wp-content\/uploads\/2025\/04\/songte-cylinder-head-with-all-kinds-excavator-models.webp\" alt=\"Modely bagrov\"><\/p>\n<h2>Aplik\u00e1cie valcov v\u00fdlo\u017en\u00edka<\/h2>\n<h3>Stavebn\u00e9 stroje<\/h3>\n<p>V r\u00fdpadl\u00e1ch s\u00fa valce v\u00fdlo\u017en\u00edka nevyhnutn\u00e9 na kopanie, nakladanie a premiest\u0148ovanie zeminy alebo sutiny. Umo\u017e\u0148uj\u00fa vys\u00favanie a zas\u00favanie v\u00fdlo\u017en\u00edka, \u010do umo\u017e\u0148uje presnos\u0165 oper\u00e1ci\u00ed. Okrem toho v r\u00fdpadlo-naklada\u010doch valce v\u00fdlo\u017en\u00edka pom\u00e1haj\u00fa pri kopan\u00ed aj zdv\u00edhan\u00ed, \u010d\u00edm maximalizuj\u00fa v\u0161estrannos\u0165 stroja.<\/p>\n<h3>Po\u013enohospod\u00e1rske stroje<\/h3>\n<p>V \u010deln\u00fdch naklada\u010doch zohr\u00e1vaj\u00fa valce v\u00fdlo\u017en\u00edka k\u013e\u00fa\u010dov\u00fa \u00falohu pri naberan\u00ed, zdv\u00edhan\u00ed a preprave p\u00f4dy, sena a in\u00fdch materi\u00e1lov. Poskytuj\u00fa potrebn\u00fa silu na manipul\u00e1ciu s \u0165a\u017ek\u00fdmi bremenami, v\u010faka \u010domu s\u00fa v po\u013enohospod\u00e1rskych oper\u00e1ci\u00e1ch nevyhnutn\u00e9.<\/p>\n<h3>R\u00fdpadl\u00e1<\/h3>\n<p>Valec v\u00fdlo\u017en\u00edka umo\u017e\u0148uje ly\u017eici efekt\u00edvne prenika\u0165 do p\u00f4dy, \u010do u\u013eah\u010duje v\u00fdkopov\u00e9 pr\u00e1ce. T\u00e1to schopnos\u0165 je nevyhnutn\u00e1 pre stavebn\u00e9 projekty, ter\u00e9nne \u00fapravy a in\u00e9 zemn\u00e9 pr\u00e1ce.<\/p>\n<h3>Naklada\u010de<\/h3>\n<p>V \u010deln\u00fdch naklada\u010doch tieto valce pom\u00e1haj\u00fa pri efekt\u00edvnom zdv\u00edhan\u00ed a vykladan\u00ed bremien, \u010d\u00edm zabezpe\u010duj\u00fa plynul\u00e9 a efekt\u00edvne vykon\u00e1vanie oper\u00e1ci\u00ed. V\u010faka svojej schopnosti poskytova\u0165 vysok\u00fa zdv\u00edhaciu silu s\u00fa ide\u00e1lne na manipul\u00e1ciu s r\u00f4znymi materi\u00e1lmi.<\/p>\n<h2>\u00davahy o dizajne a krit\u00e9ri\u00e1 v\u00fdberu<\/h2>\n<h3>Nosnos\u0165<\/h3>\n<p>V\u00fdber valca v\u00fdlo\u017en\u00edka si vy\u017eaduje starostliv\u00e9 zv\u00e1\u017eenie jeho nosnosti. Je nevyhnutn\u00e9 zladi\u0165 \u0161pecifik\u00e1cie valca s prev\u00e1dzkov\u00fdmi po\u017eiadavkami zariadenia. Pr\u00edli\u0161 slab\u00fd valec m\u00f4\u017ee pri ve\u013ekom za\u0165a\u017een\u00ed zlyha\u0165, \u010do vedie k po\u0161kodeniu zariadenia alebo prev\u00e1dzkov\u00fdm oneskoreniam. V\u00fdrobcovia \u010dasto poskytuj\u00fa podrobn\u00e9 grafy za\u0165a\u017eenia, ktor\u00e9 pom\u00e1haj\u00fa pri v\u00fdbere vhodnej ve\u013ekosti valca.<\/p>\n<h3>Tesnenie a trvanlivos\u0165<\/h3>\n<p>Tesnenie je pre hydraulick\u00e9 valce k\u013e\u00fa\u010dov\u00e9, preto\u017ee zabra\u0148uje \u00faniku kvapaliny a zais\u0165uje optim\u00e1lny v\u00fdkon. Kvalitn\u00e9 tesnenia vyroben\u00e9 z materi\u00e1lov ako polyuret\u00e1n alebo nitrilov\u00e1 guma zvy\u0161uj\u00fa trvanlivos\u0165 a odolnos\u0165 vo\u010di opotrebovaniu. Je nevyhnutn\u00e9 pos\u00fadi\u0165 technol\u00f3giu tesnenia pou\u017eit\u00fa vo valci v\u00fdlo\u017en\u00edka, aby sa zachovala hydraulick\u00e1 \u00fa\u010dinnos\u0165 a dlh\u00e1 \u017eivotnos\u0165.<\/p>\n<h3>Bezpe\u010dnostn\u00e9 prvky<\/h3>\n<p>Bezpe\u010dnos\u0165 je v hydraulick\u00fdch aplik\u00e1ci\u00e1ch prvorad\u00e1. Valce v\u00fdlo\u017en\u00edka by mali by\u0165 vybaven\u00e9 bezpe\u010dnostn\u00fdmi mechanizmami, ako s\u00fa napr\u00edklad pretlakov\u00e9 ventily, aby sa predi\u0161lo nehod\u00e1m sp\u00f4soben\u00fdm pretlakom. Prev\u00e1dzkovatelia by mali tie\u017e zabezpe\u010di\u0165, aby boli po\u010das procesu v\u00fdberu dodr\u017ean\u00e9 bezpe\u010dnostn\u00e9 normy a predpisy.<\/p>\n<h3>\u00dadr\u017eba a opravy<\/h3>\n<p>Jednoduch\u00e1 \u00fadr\u017eba je k\u013e\u00fa\u010dov\u00fdm faktorom pri v\u00fdbere valca v\u00fdlo\u017en\u00edka. Komponenty, ktor\u00e9 s\u00fa \u013eahko dostupn\u00e9 a vymenite\u013en\u00e9, zni\u017euj\u00fa prestoje a n\u00e1klady na opravy. V\u00fdrobcovia, ktor\u00ed pon\u00fakaj\u00fa komplexn\u00e9 oprav\u00e1rensk\u00e9 slu\u017eby a podporu, m\u00f4\u017eu v\u00fdrazne pred\u013a\u017ei\u0165 \u017eivotnos\u0165 hydraulick\u00e9ho zariadenia.<\/p>\n<p><img decoding=\"async\" src=\"https:\/\/www.hydraulic-cylinders.net\/wp-content\/uploads\/2025\/04\/songte-oil-pipes-and-spare-parts.webp\" alt=\"\u010casti hydraulick\u00e9ho valca\"><\/p>\n<h2>Tesnenie a mazanie<\/h2>\n<p>Tesnenie a mazanie s\u00fa nevyhnutn\u00e9 pre funk\u010dnos\u0165 valcov v\u00fdlo\u017en\u00edka. Na udr\u017eanie hydraulick\u00e9ho tlaku a zabr\u00e1nenie \u00faniku sa pou\u017e\u00edvaj\u00fa r\u00f4zne tesniace komponenty, ako s\u00fa piestne tesnenia a tesnenia ty\u010d\u00ed. Tesnenia vyroben\u00e9 z odoln\u00fdch materi\u00e1lov, ako je polyuret\u00e1n a nitrilov\u00fd kau\u010duk, s\u00fa uprednost\u0148ovan\u00e9 pre svoju odolnos\u0165 vo\u010di opotrebovaniu. Teleso valca a z\u00e1vitov\u00e9 koncov\u00e9 plochy prech\u00e1dzaj\u00fa jemn\u00fdm opracovan\u00edm, aby sa zv\u00fd\u0161ila odolnos\u0165 vo\u010di opotrebovaniu. Pravideln\u00e9 mazanie hydraulick\u00fdm olejom je nevyhnutn\u00e9 na zabezpe\u010denie plynul\u00e9ho chodu a zn\u00ed\u017eenie trenia vo valci.<\/p>\n<h2>Opatrenia prevent\u00edvnej \u00fadr\u017eby<\/h2>\n<ul>\n<li><strong>Pravideln\u00e9 kontroly:<\/strong> Vykon\u00e1vanie pravideln\u00fdch kontrol pom\u00e1ha identifikova\u0165 potenci\u00e1lne probl\u00e9my sk\u00f4r, ako sa zhor\u0161ia. Prev\u00e1dzkovatelia by mali skontrolova\u0165 zn\u00e1mky opotrebovania, netesnosti a celkov\u00fa integritu valca.<\/li>\n<li><strong>V\u010dasn\u00e9 mazanie:<\/strong> Udr\u017eiavanie spr\u00e1vnej hladiny mazania je rozhoduj\u00face pre dlh\u00fa \u017eivotnos\u0165 valca. Obsluha by mala zabezpe\u010di\u0165 dop\u013a\u0148anie hydraulick\u00e9ho oleja a to, aby kvalita oleja sp\u013a\u0148ala po\u017eadovan\u00e9 \u0161pecifik\u00e1cie.<\/li>\n<li><strong>V\u00fdmena tesnenia:<\/strong> Tesnenia sa \u010dasom m\u00f4\u017eu opotrebova\u0165 a je potrebn\u00e9 ich vymeni\u0165. Pravideln\u00e9 hodnotenie stavu tesnen\u00ed a ich v\u00fdmena pod\u013ea potreby m\u00f4\u017ee zabr\u00e1ni\u0165 \u00fanikom a udr\u017ea\u0165 optim\u00e1lny v\u00fdkon.<\/li>\n<\/ul>\n<h2>Pokyny na in\u0161tal\u00e1ciu<\/h2>\n<p>Spr\u00e1vna in\u0161tal\u00e1cia valcov ramena je k\u013e\u00fa\u010dov\u00e1 pre ich v\u00fdkon a bezpe\u010dnos\u0165. Za\u010dnite t\u00fdm, \u017ee zabezpe\u010d\u00edte, aby bol pracovn\u00fd priestor \u010dist\u00fd a bez ne\u010dist\u00f4t. Valec spr\u00e1vne zarovnajte s mont\u00e1\u017enymi konzolami pomocou vhodn\u00e9ho n\u00e1radia na jeho upevnenie. Je nevyhnutn\u00e9 rovnomerne utiahnu\u0165 v\u0161etky skrutky, aby ste predi\u0161li nespr\u00e1vnemu zarovnaniu, ktor\u00e9 by mohlo vies\u0165 k pred\u010dasn\u00e9mu zlyhaniu. Na stabiliz\u00e1ciu valca po\u010das in\u0161tal\u00e1cie pou\u017eite mont\u00e1\u017ene podpery. Po in\u0161tal\u00e1cii pred prev\u00e1dzkou zariadenia skontrolujte spr\u00e1vne zarovnanie a funk\u010dnos\u0165.<\/p>\n<h2>Be\u017en\u00e9 \u00falohy \u00fadr\u017eby<\/h2>\n<ul>\n<li><strong>Pravideln\u00e9 kontroly:<\/strong> Napl\u00e1nujte si pravideln\u00e9 kontroly opotrebovania a netesnost\u00ed, aby ste sa uistili, \u017ee v\u0161etky komponenty funguj\u00fa efekt\u00edvne.<\/li>\n<li><strong>Vhodn\u00e9 mazanie:<\/strong> Udr\u017eiavajte hladiny mazania pod\u013ea odpor\u00fa\u010dan\u00ed v\u00fdrobcu, aby ste zn\u00ed\u017eili opotrebovanie pohybliv\u00fdch \u010dast\u00ed.<\/li>\n<li><strong>V\u00fdmena tesnenia:<\/strong> Monitorujte stav tesnen\u00ed a pod\u013ea potreby ich vyme\u0148te, aby ste predi\u0161li \u00faniku hydraulickej kvapaliny a udr\u017eali \u00fa\u010dinnos\u0165 syst\u00e9mu.<\/li>\n<\/ul>\n<h2>Bezpe\u010dnostn\u00e9 aspekty a faktory prostredia<\/h2>\n<p>Pri pr\u00e1ci s hydraulick\u00fdmi syst\u00e9mami s\u00fa bezpe\u010dnostn\u00e9 opatrenia k\u013e\u00fa\u010dov\u00e9. Obsluha by mala by\u0165 vy\u0161kolen\u00e1 v bezpe\u010dn\u00fdch postupoch manipul\u00e1cie, aby sa minimalizovali rizik\u00e1 spojen\u00e9 s vysokotlakov\u00fdmi syst\u00e9mami. Pou\u017e\u00edvanie osobn\u00fdch ochrann\u00fdch prostriedkov (OOP) a zabezpe\u010denie spr\u00e1vnych n\u00fadzov\u00fdch protokolov m\u00f4\u017ee pom\u00f4c\u0165 predch\u00e1dza\u0165 nehod\u00e1m. Okrem toho by sa mali zv\u00e1\u017ei\u0165 ekologick\u00e9 hydraulick\u00e9 kvapaliny, aby sa zn\u00ed\u017eil vplyv na \u017eivotn\u00e9 prostredie a zlep\u0161ila udr\u017eate\u013enos\u0165.<\/p>\n<h2>Rie\u0161enie be\u017en\u00fdch probl\u00e9mov<\/h2>\n<ul>\n<li><strong>\u00danik:<\/strong> Identifikujte zdroj \u00faniku kvapaliny, ktor\u00fd m\u00f4\u017ee poch\u00e1dza\u0165 z po\u0161koden\u00fdch tesnen\u00ed alebo armat\u00far. Vyme\u0148te po\u0161koden\u00e9 komponenty, aby ste obnovili funk\u010dnos\u0165.<\/li>\n<li><strong>Nedostato\u010dn\u00fd v\u00fdkon:<\/strong> Ak valec nefunguje hladko, skontrolujte, \u010di nie s\u00fa hydraulick\u00e9 potrubia upchat\u00e9 alebo \u010di nie je n\u00edzka hladina kvapaliny. Uistite sa, \u017ee hydraulick\u00fd olej je \u010dist\u00fd a sp\u013a\u0148a po\u017eadovan\u00e9 \u0161pecifik\u00e1cie.<\/li>\n<li><strong>Nezvy\u010dajn\u00e9 zvuky:<\/strong> Nezvy\u010dajn\u00e9 zvuky po\u010das prev\u00e1dzky m\u00f4\u017eu nazna\u010dova\u0165 vn\u00fatorn\u00e9 po\u0161kodenie alebo nedostato\u010dn\u00e9 mazanie. Vykonajte d\u00f4kladn\u00fa kontrolu, aby ste zistili pr\u00ed\u010dinu a odstr\u00e1nili v\u0161etky probl\u00e9my.<\/li>\n<\/ul>\n<h2>Kvalita produktov a preh\u013ead spolo\u010dnosti<\/h2>\n<p>Sme popredn\u00fdm v\u00fdrobcom n\u00e1hradn\u00fdch hydraulick\u00fdch valcov, ktor\u00fd z\u00e1sobuje dom\u00e1ci aj medzin\u00e1rodn\u00fd trh. N\u00e1\u0161 \u0161irok\u00fd sortiment produktov odr\u00e1\u017ea n\u00e1\u0161 z\u00e1v\u00e4zok k vynikaj\u00facej kvalite, ktor\u00fd je podporen\u00fd efekt\u00edvnym v\u00fdrobn\u00fdm procesom. Vyu\u017e\u00edvame pokro\u010dil\u00e9 technol\u00f3gie, kvalifikovan\u00fd person\u00e1l a robustn\u00fd testovac\u00ed syst\u00e9m na zlep\u0161enie na\u0161ich v\u00fdrobn\u00fdch kapac\u00edt. Na\u0161e zameranie na vysok\u00fa efektivitu, presnos\u0165 a kvalitu zabezpe\u010duje, \u017ee uspokojujeme rozmanit\u00e9 potreby z\u00e1kazn\u00edkov prostredn\u00edctvom rie\u0161en\u00ed na mieru.<\/p>\n<p>Na\u0161a spolo\u010dnos\u0165 sa p\u00fd\u0161i odborn\u00fdmi znalos\u0165ami, medzin\u00e1rodn\u00fdmi certifik\u00e1ciami a komplexn\u00fdm popredajn\u00fdm servisom. Pon\u00fakame produkty na mieru, ktor\u00e9 sp\u013a\u0148aj\u00fa \u0161pecifick\u00e9 po\u017eiadavky, \u010d\u00edm zabezpe\u010dujeme spokojnos\u0165 a lojalitu z\u00e1kazn\u00edkov.<\/p>\n<p><img decoding=\"async\" src=\"https:\/\/www.hydraulic-cylinders.net\/wp-content\/uploads\/2025\/04\/songte-company-4.webp\" alt=\"Preh\u013ead spolo\u010dnosti\"><br \/>\n<img decoding=\"async\" src=\"https:\/\/www.hydraulic-cylinders.net\/wp-content\/uploads\/2025\/04\/songte-company-3.webp\" alt=\"V\u00fdrobn\u00fd proces spolo\u010dnosti\"><\/p>\n<p>Autor: lyl<\/p>","protected":false},"excerpt":{"rendered":"<p>Boom Cylinder For Bobcat Small Excavator E418 Introduction to Boom Cylinders The boom cylinder is a crucial hydraulic component used in various heavy machinery, including excavators, backhoe loaders, and front loaders. It plays a vital role in controlling the movement of the boom, allowing it to elevate, lower, and tilt, which facilitates efficient material handling [&hellip;]<\/p>","protected":false},"featured_media":17876,"comment_status":"open","ping_status":"closed","template":"","meta":{"_et_pb_use_builder":"","_et_pb_old_content":"","_et_gb_content_width":""},"product_brand":[],"product_cat":[1546],"product_tag":[1547,1496],"class_list":{"0":"post-19416","1":"product","2":"type-product","3":"status-publish","4":"has-post-thumbnail","6":"product_cat-boom-cylinders","7":"product_tag-boom-cylinders","8":"product_tag-hydraulic-cylinders","10":"first","11":"instock","12":"shipping-taxable","13":"product-type-simple"},"amp_enabled":true,"_links":{"self":[{"href":"https:\/\/www.hydraulic-cylinders.net\/sk\/wp-json\/wp\/v2\/product\/19416","targetHints":{"allow":["GET"]}}],"collection":[{"href":"https:\/\/www.hydraulic-cylinders.net\/sk\/wp-json\/wp\/v2\/product"}],"about":[{"href":"https:\/\/www.hydraulic-cylinders.net\/sk\/wp-json\/wp\/v2\/types\/product"}],"replies":[{"embeddable":true,"href":"https:\/\/www.hydraulic-cylinders.net\/sk\/wp-json\/wp\/v2\/comments?post=19416"}],"wp:featuredmedia":[{"embeddable":true,"href":"https:\/\/www.hydraulic-cylinders.net\/sk\/wp-json\/wp\/v2\/media\/17876"}],"wp:attachment":[{"href":"https:\/\/www.hydraulic-cylinders.net\/sk\/wp-json\/wp\/v2\/media?parent=19416"}],"wp:term":[{"taxonomy":"product_brand","embeddable":true,"href":"https:\/\/www.hydraulic-cylinders.net\/sk\/wp-json\/wp\/v2\/product_brand?post=19416"},{"taxonomy":"product_cat","embeddable":true,"href":"https:\/\/www.hydraulic-cylinders.net\/sk\/wp-json\/wp\/v2\/product_cat?post=19416"},{"taxonomy":"product_tag","embeddable":true,"href":"https:\/\/www.hydraulic-cylinders.net\/sk\/wp-json\/wp\/v2\/product_tag?post=19416"}],"curies":[{"name":"pracovn\u00fd list","href":"https:\/\/api.w.org\/{rel}","templated":true}]}}