{"id":19435,"date":"2025-04-07T06:34:35","date_gmt":"2025-04-07T06:34:35","guid":{"rendered":"https:\/\/www.hydraulic-cylinders.net\/product\/boom-cylinder-for-takeuchi-small-excavator-tb160c\/"},"modified":"2025-04-07T06:34:38","modified_gmt":"2025-04-07T06:34:38","slug":"boom-cylinder-for-takeuchi-small-excavator-tb160c","status":"publish","type":"product","link":"https:\/\/www.hydraulic-cylinders.net\/sk\/produkt\/boom-cylinder-for-takeuchi-small-excavator-tb160c\/","title":{"rendered":"Valec v\u00fdlo\u017en\u00edka pre mal\u00e9 r\u00fdpadlo Takeuchi TB160C"},"content":{"rendered":"<h1>Valec v\u00fdlo\u017en\u00edka pre mal\u00e9 r\u00fdpadlo Takeuchi TB160C<\/h1>\n<h2>Preh\u013ead produktu<\/h2>\n<p>Hydraulick\u00fd valec v\u00fdlo\u017en\u00edka pre mal\u00e9 r\u00fdpadl\u00e1 Takeuchi TB160C je \u0161pecializovan\u00fd hydraulick\u00fd valec ur\u010den\u00fd na ovl\u00e1danie pohybov v\u00fdlo\u017en\u00edka na mal\u00fdch r\u00fdpadl\u00e1ch, najm\u00e4 na modeli TB160C. Tieto valce zohr\u00e1vaj\u00fa k\u013e\u00fa\u010dov\u00fa \u00falohu v hydraulickom syst\u00e9me, preto\u017ee umo\u017e\u0148uj\u00fa zdv\u00edhanie, sp\u00fa\u0161\u0165anie a nakl\u00e1\u0148anie v\u00fdlo\u017en\u00edka po\u010das prev\u00e1dzky. V\u010faka presn\u00e9mu ovl\u00e1daniu pohybov r\u00fdpadla tieto valce u\u013eah\u010duj\u00fa efekt\u00edvnu manipul\u00e1ciu s materi\u00e1lom. Valec ly\u017eice je nevyhnutn\u00fd pre r\u00f4zne aplik\u00e1cie \u0165a\u017ek\u00fdch strojov vr\u00e1tane r\u00fdpadiel, r\u00fdpadiel-naklada\u010dov a \u010deln\u00fdch naklada\u010dov. Jeho kon\u0161trukcia umo\u017e\u0148uje plynul\u00fa prev\u00e1dzku, \u010do stroju umo\u017e\u0148uje \u013eahko vykon\u00e1va\u0165 zlo\u017eit\u00e9 \u00falohy.<\/p>\n<p><img decoding=\"async\" src=\"https:\/\/www.hydraulic-cylinders.net\/wp-content\/uploads\/2025\/04\/songte-company-1.webp\" alt=\"Valec v\u00fdlo\u017en\u00edka pre mal\u00e9 r\u00fdpadlo Takeuchi\"><\/p>\n<h2>K\u013e\u00fa\u010dov\u00e9 vlastnosti<\/h2>\n<ul>\n<li><strong>Vysok\u00e1 pevnos\u0165 a odolnos\u0165:<\/strong> Valec v\u00fdlo\u017en\u00edka je vyroben\u00fd z vysokopevnostnej ocele alebo hlin\u00edka a odol\u00e1 vysok\u00e9mu tlaku a \u0165a\u017ek\u00fdm za\u0165a\u017eeniam, v\u010faka \u010domu je vhodn\u00fd do n\u00e1ro\u010dn\u00fdch pracovn\u00fdch prostred\u00ed. Jeho kon\u0161trukcia zoh\u013ead\u0148uje odolnos\u0165 vo\u010di opotrebovaniu a kor\u00f3zii, \u010d\u00edm sa predl\u017euje jeho \u017eivotnos\u0165.<\/li>\n<li><strong>Efekt\u00edvna hydraulick\u00e1 prev\u00e1dzka:<\/strong> Valec vyu\u017e\u00edva hydraulick\u00fd tlak oleja pre plynul\u00e9 vys\u00favanie a zas\u00favanie, \u010do umo\u017e\u0148uje r\u00fdchlu reakciu na ovl\u00e1dacie povely a z\u00e1rove\u0148 poskytuje v\u00fdkonn\u00e9 tla\u010dn\u00e9 a \u0165ahov\u00e9 schopnosti, ide\u00e1lne pre \u0165a\u017ek\u00e9 zdv\u00edhanie a zlo\u017eit\u00e9 \u00falohy.<\/li>\n<li><strong>R\u00f4zne typy:<\/strong> Valce s\u00fa dostupn\u00e9 v jedno\u010dinnom (funguje v jednom smere) alebo dvoj\u010dinnom (funguje v oboch smeroch) preveden\u00ed a sp\u013a\u0148aj\u00fa r\u00f4zne prev\u00e1dzkov\u00e9 potreby. Niektor\u00e9 modely s\u00fa teleskopick\u00e9, \u010do umo\u017e\u0148uje v\u00e4\u010d\u0161ie vysunutie bez zv\u00e4\u010d\u0161enia vonkaj\u0161\u00edch rozmerov, a s\u00fa ide\u00e1lne pre aplik\u00e1cie s obmedzen\u00fdm priestorom.<\/li>\n<li><strong>Z\u00e1kazkov\u00e1 v\u00fdroba:<\/strong> Tento produkt vieme vyrobi\u0165 na mieru pod\u013ea va\u0161ich \u0161pecifik\u00e1ci\u00ed, \u010d\u00edm zabezpe\u010d\u00edme, \u017ee na\u0161e hydraulick\u00e9 valce bud\u00fa sl\u00fa\u017ei\u0165 ako perfektn\u00e1 n\u00e1hrada za existuj\u00face modely.<\/li>\n<\/ul>\n<p><img decoding=\"async\" src=\"https:\/\/www.hydraulic-cylinders.net\/wp-content\/uploads\/2025\/04\/songte-cylinder-head-with-all-kinds-excavator-models.webp\" alt=\"Hlava valcov pre bagre\"><\/p>\n<h2>Scen\u00e1re aplik\u00e1ci\u00ed<\/h2>\n<h3>Stavebn\u00e9 stroje<\/h3>\n<p>V stavebn\u00fdch strojoch, ako s\u00fa bagre, je valec v\u00fdlo\u017en\u00edka nevyhnutn\u00fd pre kopanie, nakladanie a premiest\u0148ovanie zeminy alebo sutiny. Jeho schopnos\u0165 presne ovl\u00e1da\u0165 umo\u017e\u0148uje oper\u00e1torom vykon\u00e1va\u0165 \u00falohy efekt\u00edvne a bezpe\u010dne, \u010do v\u00fdrazne ovplyv\u0148uje \u010dasov\u00e9 harmonogramy projektu a celkov\u00fa produktivitu. Okrem toho v r\u00fdpadlo-naklada\u010doch valec ly\u017eice pom\u00e1ha pri v\u00fdkopov\u00fdch pr\u00e1cach aj zdv\u00edhan\u00ed, v\u010faka \u010domu je nevyhnutnou s\u00fa\u010das\u0165ou pre v\u0161estrannos\u0165 na stavenisk\u00e1ch.<\/p>\n<h3>Po\u013enohospod\u00e1rske stroje<\/h3>\n<p>V po\u013enohospod\u00e1rskych strojoch, ako s\u00fa \u010deln\u00e9 naklada\u010de, sa valec v\u00fdlo\u017en\u00edka pou\u017e\u00edva na naberanie, zdv\u00edhanie a prepravu p\u00f4dy, sena a in\u00fdch materi\u00e1lov. \u00da\u010dinnos\u0165 t\u00fdchto valcov zvy\u0161uje produktivitu v po\u013enohospod\u00e1rskych oper\u00e1ci\u00e1ch a umo\u017e\u0148uje r\u00fdchlej\u0161ie \u010dasy obratu pri manipul\u00e1cii s materi\u00e1lom, \u010do je k\u013e\u00fa\u010dov\u00e9 po\u010das sez\u00f3nnej \u0161pi\u010dky.<\/p>\n<h3>R\u00fdpadl\u00e1<\/h3>\n<p>R\u00fdpadl\u00e1 vyu\u017e\u00edvaj\u00fa valce v\u00fdlo\u017en\u00edka na efekt\u00edvne prenikanie do zeme, \u010do umo\u017e\u0148uje presn\u00e9 vykon\u00e1vanie kopac\u00edch oper\u00e1ci\u00ed. T\u00e1to funkcia je neoddelite\u013enou s\u00fa\u010das\u0165ou prim\u00e1rnej funkcie r\u00fdpadiel, ktor\u00e1 zabezpe\u010duje, \u017ee dok\u00e1\u017eu zvl\u00e1dnu\u0165 r\u00f4zne typy p\u00f4dy a podmienky a z\u00e1rove\u0148 si zachova\u0165 prev\u00e1dzkov\u00fa efekt\u00edvnos\u0165.<\/p>\n<h3>Naklada\u010de<\/h3>\n<p>V \u010deln\u00fdch naklada\u010doch u\u013eah\u010duj\u00fa valce v\u00fdlo\u017en\u00edka zdv\u00edhanie a vykladanie materi\u00e1lov. Ich schopnos\u0165 unies\u0165 \u0165a\u017ek\u00e9 bremen\u00e1 a z\u00e1rove\u0148 zabezpe\u010di\u0165 stabilitu umo\u017e\u0148uje efekt\u00edvnu manipul\u00e1ciu s materi\u00e1lom, \u010do je nevyhnutn\u00e9 pre nakladacie a vykladacie \u00falohy.<\/p>\n<h2>\u00davahy o dizajne a krit\u00e9ri\u00e1 v\u00fdberu<\/h2>\n<h3>Nosnos\u0165<\/h3>\n<p>Pri navrhovan\u00ed valcov ramena je nosnos\u0165 z\u00e1kladn\u00fdm faktorom. Valec mus\u00ed by\u0165 schopn\u00fd unies\u0165 maxim\u00e1lne za\u0165a\u017eenie, ktor\u00e9 sa vyskytuje po\u010das prev\u00e1dzky, bez toho, aby bola ohrozen\u00e1 bezpe\u010dnos\u0165 alebo v\u00fdkon. To zah\u0155\u0148a v\u00fdpo\u010det dynamick\u00e9ho a statick\u00e9ho za\u0165a\u017eenia a v\u00fdber materi\u00e1lov a komponentov, ktor\u00e9 tomuto nam\u00e1haniu odol\u00e1vaj\u00fa. Dobre navrhnut\u00e1 nosnos\u0165 zabezpe\u010duje, \u017ee valec pracuje efekt\u00edvne a m\u00e1 dlh\u00fa \u017eivotnos\u0165.<\/p>\n<h3>Tesnenie<\/h3>\n<p>Tesnenie je k\u013e\u00fa\u010dov\u00e9 pre v\u00fdkon hydraulick\u00fdch valcov. \u00da\u010dinn\u00e9 tesnenie zabra\u0148uje \u00faniku kvapaliny, \u010do m\u00f4\u017ee vies\u0165 k strate tlaku a zn\u00ed\u017eeniu \u00fa\u010dinnosti. Pou\u017eitie vysokokvalitn\u00fdch tesnen\u00ed vyroben\u00fdch z odoln\u00fdch materi\u00e1lov, ako je polyuret\u00e1n alebo nitrilov\u00e1 guma, pom\u00e1ha udr\u017eiava\u0165 integritu valca. Spr\u00e1vne tesnenie predl\u017euje \u017eivotnos\u0165 valca zn\u00ed\u017een\u00edm opotrebenia a minimaliz\u00e1ciou potreby \u00fadr\u017eby.<\/p>\n<h3>Trvanlivos\u0165<\/h3>\n<p>Trvanlivos\u0165 je k\u013e\u00fa\u010dov\u00fdm aspektom kon\u0161trukcie hydraulick\u00fdch valcov. Valce musia by\u0165 schopn\u00e9 odol\u00e1va\u0165 n\u00e1ro\u010dn\u00fdm prev\u00e1dzkov\u00fdm podmienkam vr\u00e1tane extr\u00e9mnych tepl\u00f4t, vystavenia chemik\u00e1li\u00e1m a fyzick\u00e9mu opotrebovaniu. To sa \u010dasto dosahuje v\u00fdberom vysokokvalitn\u00fdch materi\u00e1lov, ako je nehrdzavej\u00faca oce\u013e, a ochrann\u00fdch n\u00e1terov, ktor\u00e9 odol\u00e1vaj\u00fa kor\u00f3zii. Zabezpe\u010denie trvanlivosti nielen zvy\u0161uje v\u00fdkon, ale aj zni\u017euje frekvenciu v\u00fdmen.<\/p>\n<h3>Bezpe\u010dnos\u0165<\/h3>\n<p>Do kon\u0161trukcie valcov v\u00fdlo\u017en\u00edka musia by\u0165 zabudovan\u00e9 bezpe\u010dnostn\u00e9 prvky na ochranu obsluhy a strojov. Patria sem aj poistn\u00e9 ventily, ktor\u00e9 zabra\u0148uj\u00fa pretlaku, a zabezpe\u010denie s\u00faladu kon\u0161trukcie s pr\u00edslu\u0161n\u00fdmi bezpe\u010dnostn\u00fdmi normami. Pravideln\u00e9 bezpe\u010dnostn\u00e9 kontroly a dodr\u017eiavanie protokolov \u00fadr\u017eby s\u00fa nevyhnutn\u00e9 na zv\u00fd\u0161enie prev\u00e1dzkovej bezpe\u010dnosti.<\/p>\n<h3>\u00dadr\u017eba<\/h3>\n<p>Jednoduch\u00e1 \u00fadr\u017eba je \u010fal\u0161\u00edm d\u00f4le\u017eit\u00fdm kon\u0161truk\u010dn\u00fdm krit\u00e9riom. Hydraulick\u00e9 valce by mali by\u0165 navrhnut\u00e9 s pr\u00edstupn\u00fdmi komponentmi, ktor\u00e9 u\u013eah\u010duj\u00fa be\u017en\u00e9 kontroly a opravy. To zah\u0155\u0148a pou\u017eitie \u0161tandardizovan\u00fdch dielov, ktor\u00e9 s\u00fa \u013eahko dostupn\u00e9, aby sa minimalizovali prestoje. Dobre navrhnut\u00fd valec u\u013eah\u010duje prevent\u00edvnu \u00fadr\u017ebu, \u010d\u00edm zabezpe\u010duje optim\u00e1lny v\u00fdkon a dlh\u00fa \u017eivotnos\u0165.<\/p>\n<p><img decoding=\"async\" src=\"https:\/\/www.hydraulic-cylinders.net\/wp-content\/uploads\/2025\/04\/songte-oil-pipes-and-spare-parts.webp\" alt=\"Hydraulick\u00e9 diely\"><\/p>\n<h2>Tesnenie a mazanie<\/h2>\n<p>\u00da\u010dinn\u00e9 tesnenie a mazanie s\u00fa k\u013e\u00fa\u010dov\u00e9 pre v\u00fdkon hydraulick\u00fdch valcov. Na zabezpe\u010denie zadr\u017eania kvapaliny a zabr\u00e1nenie kontamin\u00e1cie sa pou\u017e\u00edvaj\u00fa r\u00f4zne tesniace komponenty vr\u00e1tane tesnen\u00ed piestov a tesnen\u00ed ty\u010d\u00ed. V\u00fdber odoln\u00fdch materi\u00e1lov, ako je polyuret\u00e1n a nitrilov\u00fd kau\u010duk, pre tieto tesnenia zvy\u0161uje ich \u017eivotnos\u0165 a prev\u00e1dzkov\u00fa \u00fa\u010dinnos\u0165. Okrem toho sa teleso valca a z\u00e1vitov\u00e9 koncov\u00e9 plochy jemne obr\u00e1baj\u00fa, aby sa zv\u00fd\u0161ila odolnos\u0165 proti opotrebovaniu. Pravideln\u00e9 mazanie hydraulick\u00fdm olejom je tie\u017e nevyhnutn\u00e9 na zn\u00ed\u017eenie trenia a opotrebenia pohybliv\u00fdch \u010dast\u00ed, \u010d\u00edm sa zabezpe\u010d\u00ed plynul\u00fd chod a pred\u013a\u017ei \u017eivotnos\u0165 valca.<\/p>\n<h2>Pravideln\u00e1 kontrola a prevent\u00edvna \u00fadr\u017eba<\/h2>\n<ul>\n<li><strong>Vizu\u00e1lne kontroly:<\/strong> Pravidelne vykon\u00e1vajte vizu\u00e1lne kontroly, aby ste skontrolovali zn\u00e1mky opotrebovania, \u00faniku alebo po\u0161kodenia. V\u010dasn\u00e9 odhalenie probl\u00e9mov m\u00f4\u017ee zabr\u00e1ni\u0165 z\u00e1va\u017enej\u0161\u00edm probl\u00e9mom v bud\u00facnosti.<\/li>\n<li><strong>Hladiny tekut\u00edn:<\/strong> Pravidelne monitorujte hladiny hydraulickej kvapaliny a uistite sa, \u017ee s\u00fa v odpor\u00fa\u010danom rozsahu. N\u00edzke hladiny kvapaliny m\u00f4\u017eu vies\u0165 k prehriatiu a poruche syst\u00e9mu.<\/li>\n<li><strong>Integrita tesnenia:<\/strong> Skontrolujte tesnenia, \u010di nevykazuj\u00fa zn\u00e1mky opotrebovania alebo po\u0161kodenia. Pravideln\u00e1 v\u00fdmena opotrebovan\u00fdch tesnen\u00ed pom\u00e1ha udr\u017eiava\u0165 \u00fa\u010dinnos\u0165 syst\u00e9mu a zabra\u0148uje \u00fanikom.<\/li>\n<\/ul>\n<h2>Pokyny na in\u0161tal\u00e1ciu<\/h2>\n<p>Spr\u00e1vna in\u0161tal\u00e1cia valca ramena je rozhoduj\u00faca pre optim\u00e1lny v\u00fdkon. Za\u010dnite t\u00fdm, \u017ee sa uist\u00edte, \u017ee v\u0161etky komponenty s\u00fa \u010dist\u00e9 a bez ne\u010dist\u00f4t. Valec spr\u00e1vne zarovnajte s mont\u00e1\u017enymi bodmi, aby ste predi\u0161li nespr\u00e1vnemu zarovnaniu, ktor\u00e9 m\u00f4\u017ee ovplyvni\u0165 funkciu a vies\u0165 k pred\u010dasn\u00e9mu opotrebovaniu. Na upevnenie valca na mieste pou\u017eite vhodn\u00e9 mont\u00e1\u017ene konzoly. Dodr\u017eiavajte \u0161pecifik\u00e1cie v\u00fdrobcu t\u00fdkaj\u00face sa nastavenia kr\u00fatiaceho momentu na skrutk\u00e1ch, aby ste zabezpe\u010dili bezpe\u010dn\u00e9 upevnenie. Po in\u0161tal\u00e1cii otestujte syst\u00e9m za kontrolovan\u00fdch podmienok, aby ste overili, \u010di valec funguje hladko a efekt\u00edvne, a potom ho op\u00e4\u0165 zapnite a znova ho pou\u017e\u00edvajte.<\/p>\n<h2>Be\u017en\u00e9 \u00falohy \u00fadr\u017eby<\/h2>\n<ul>\n<li><strong>Pravideln\u00e9 kontroly:<\/strong> Vykon\u00e1vajte pravideln\u00e9 kontroly, aby ste v\u010das identifikovali ak\u00e9ko\u013evek potenci\u00e1lne probl\u00e9my. To by malo zah\u0155\u0148a\u0165 kontrolu netesnost\u00ed, opotrebovania a spr\u00e1vnej prev\u00e1dzky.<\/li>\n<li><strong>Spr\u00e1vne mazanie:<\/strong> Zabezpe\u010dte dostato\u010dn\u00fa hladinu hydraulickej kvapaliny a mazanie syst\u00e9mu pod\u013ea pokynov v\u00fdrobcu. T\u00fdm sa zn\u00ed\u017ei trenie a predl\u017euje sa \u017eivotnos\u0165 valca.<\/li>\n<li><strong>V\u00fdmena tesnenia:<\/strong> Napl\u00e1nujte si pravideln\u00fa v\u00fdmenu tesnen\u00ed ako s\u00fa\u010das\u0165 \u00fadr\u017eby. Opotrebovan\u00e9 tesnenia m\u00f4\u017eu vies\u0165 k \u00faniku a zn\u00ed\u017eeniu \u00fa\u010dinnosti.<\/li>\n<\/ul>\n<h2>Bezpe\u010dnostn\u00e9 aspekty a faktory prostredia<\/h2>\n<p>Pri pr\u00e1ci s hydraulick\u00fdmi valcami s\u00fa bezpe\u010dnostn\u00e9 opatrenia prvorad\u00e9. Obsluha by mala by\u0165 vy\u0161kolen\u00e1 v bezpe\u010dnej manipul\u00e1cii a prev\u00e1dzke hydraulick\u00fdch zariaden\u00ed. Na ochranu pred potenci\u00e1lnymi nebezpe\u010denstvami by sa mali nosi\u0165 osobn\u00e9 ochrann\u00e9 prostriedky (OOP). Okrem toho by sa mali zv\u00e1\u017ei\u0165 faktory prostredia, ako napr\u00edklad zabezpe\u010denie toho, aby pou\u017eit\u00e9 hydraulick\u00e9 kvapaliny nepo\u0161kodzovali \u017eivotn\u00e9 prostredie. Spr\u00e1vna likvid\u00e1cia kvapal\u00edn a materi\u00e1lov je nevyhnutn\u00e1 na minimaliz\u00e1ciu ekologick\u00e9ho dopadu.<\/p>\n<h2>Rie\u0161enie probl\u00e9mov a be\u017en\u00e9 probl\u00e9my<\/h2>\n<ul>\n<li><strong>\u00danik:<\/strong> K \u00faniku m\u00f4\u017ee d\u00f4js\u0165 v d\u00f4sledku opotrebovan\u00fdch tesnen\u00ed alebo po\u0161koden\u00fdch komponentov. Je nevyhnutn\u00e9 identifikova\u0165 zdroj \u00faniku a okam\u017eite vymeni\u0165 alebo opravi\u0165 postihnut\u00e9 diely.<\/li>\n<li><strong>Strata tlaku:<\/strong> Be\u017en\u00fd probl\u00e9m, ktor\u00fd m\u00f4\u017ee by\u0165 sp\u00f4soben\u00fd n\u00edzkou hladinou kvapal\u00edn, netesnos\u0165ami alebo vzduchom v syst\u00e9me. Skontrolujte hladiny kvapal\u00edn a skontrolujte, \u010di nedoch\u00e1dza k netesnostiam, v pr\u00edpade potreby syst\u00e9m odvzdu\u0161nite.<\/li>\n<li><strong>Pomal\u00e1 prev\u00e1dzka:<\/strong> Pomal\u00e9 pohyby m\u00f4\u017eu nazna\u010dova\u0165 nedostato\u010dn\u00fa hydraulick\u00fa kvapalinu alebo potrebu odvzdu\u0161nenia syst\u00e9mu. Skontrolujte hladiny kvapal\u00edn a uistite sa, \u017ee v syst\u00e9me nie s\u00fa vzduchov\u00e9 bubliny.<\/li>\n<\/ul>\n<h2>Z\u00e1ver<\/h2>\n<p>Na\u0161a spolo\u010dnos\u0165 sa \u0161pecializuje na v\u00fdrobu alternat\u00edvnych hydraulick\u00fdch valcov a pon\u00faka \u0161irok\u00fd sortiment produktov, v\u010faka ktor\u00fdm sme popredn\u00fdm v\u00fdrobcom a ve\u013ekoobchodn\u00fdm distrib\u00fatorom na dom\u00e1com aj medzin\u00e1rodnom trhu. Dodr\u017eiavame pr\u00edsne normy kvality a vyu\u017e\u00edvame prepracovan\u00e9 strat\u00e9gie riadenia v\u00fdroby, aby sme zabezpe\u010dili excelentnos\u0165 na\u0161ich produktov. So zameran\u00edm na pokro\u010dil\u00e9 technol\u00f3gie, kvalifikovan\u00fd person\u00e1l a robustn\u00e9 testovacie syst\u00e9my neust\u00e1le zdokona\u013eujeme na\u0161e v\u00fdrobn\u00e9 procesy, aby sme efekt\u00edvne a \u00fa\u010dinne sp\u013a\u0148ali rozmanit\u00e9 potreby z\u00e1kazn\u00edkov.<\/p>\n<p><img decoding=\"async\" src=\"https:\/\/www.hydraulic-cylinders.net\/wp-content\/uploads\/2025\/04\/songte-company-4.webp\" alt=\"Preh\u013ead spolo\u010dnosti\"><br \/>\n<img decoding=\"async\" src=\"https:\/\/www.hydraulic-cylinders.net\/wp-content\/uploads\/2025\/04\/songte-company-3.webp\" alt=\"V\u00fdrobn\u00fd proces\"><\/p>\n<p>Autor: lyl<\/p>","protected":false},"excerpt":{"rendered":"<p>Boom Cylinder For Takeuchi Small Excavator TB160C Product Overview The Boom Cylinder for Takeuchi Small Excavator TB160C is a specialized hydraulic cylinder designed to control the movements of the boom on small excavators, particularly the TB160C model. These cylinders play a critical role in the hydraulic system, allowing the boom to lift, lower, and tilt [&hellip;]<\/p>","protected":false},"featured_media":17880,"comment_status":"open","ping_status":"closed","template":"","meta":{"_et_pb_use_builder":"","_et_pb_old_content":"","_et_gb_content_width":""},"product_brand":[],"product_cat":[1546],"product_tag":[1547,1496],"class_list":{"0":"post-19435","1":"product","2":"type-product","3":"status-publish","4":"has-post-thumbnail","6":"product_cat-boom-cylinders","7":"product_tag-boom-cylinders","8":"product_tag-hydraulic-cylinders","10":"first","11":"instock","12":"shipping-taxable","13":"product-type-simple"},"amp_enabled":true,"_links":{"self":[{"href":"https:\/\/www.hydraulic-cylinders.net\/sk\/wp-json\/wp\/v2\/product\/19435","targetHints":{"allow":["GET"]}}],"collection":[{"href":"https:\/\/www.hydraulic-cylinders.net\/sk\/wp-json\/wp\/v2\/product"}],"about":[{"href":"https:\/\/www.hydraulic-cylinders.net\/sk\/wp-json\/wp\/v2\/types\/product"}],"replies":[{"embeddable":true,"href":"https:\/\/www.hydraulic-cylinders.net\/sk\/wp-json\/wp\/v2\/comments?post=19435"}],"wp:featuredmedia":[{"embeddable":true,"href":"https:\/\/www.hydraulic-cylinders.net\/sk\/wp-json\/wp\/v2\/media\/17880"}],"wp:attachment":[{"href":"https:\/\/www.hydraulic-cylinders.net\/sk\/wp-json\/wp\/v2\/media?parent=19435"}],"wp:term":[{"taxonomy":"product_brand","embeddable":true,"href":"https:\/\/www.hydraulic-cylinders.net\/sk\/wp-json\/wp\/v2\/product_brand?post=19435"},{"taxonomy":"product_cat","embeddable":true,"href":"https:\/\/www.hydraulic-cylinders.net\/sk\/wp-json\/wp\/v2\/product_cat?post=19435"},{"taxonomy":"product_tag","embeddable":true,"href":"https:\/\/www.hydraulic-cylinders.net\/sk\/wp-json\/wp\/v2\/product_tag?post=19435"}],"curies":[{"name":"pracovn\u00fd list","href":"https:\/\/api.w.org\/{rel}","templated":true}]}}