{"id":19439,"date":"2025-04-07T06:47:35","date_gmt":"2025-04-07T06:47:35","guid":{"rendered":"https:\/\/www.hydraulic-cylinders.net\/product\/boom-cylinder-for-case-small-excavator-cx58c\/"},"modified":"2025-04-07T06:47:38","modified_gmt":"2025-04-07T06:47:38","slug":"boom-cylinder-for-case-small-excavator-cx58c","status":"publish","type":"product","link":"https:\/\/www.hydraulic-cylinders.net\/sk\/produkt\/boom-cylinder-for-case-small-excavator-cx58c\/","title":{"rendered":"Valec v\u00fdlo\u017en\u00edka pre mal\u00e9 r\u00fdpadlo Case CX58C"},"content":{"rendered":"<h1>Valec v\u00fdlo\u017en\u00edka pre mal\u00e9 r\u00fdpadlo Case CX58C<\/h1>\n<h2>Pochopenie valcov v\u00fdlo\u017en\u00edka<\/h2>\n<p>Hydraulick\u00fd valec v\u00fdlo\u017en\u00edka je d\u00f4le\u017eit\u00fd hydraulick\u00fd komponent navrhnut\u00fd \u0161peci\u00e1lne na ovl\u00e1danie pohybu ly\u017e\u00edc v \u0165a\u017ek\u00fdch strojoch, ako s\u00fa bagre, r\u00fdpadl\u00e1-naklada\u010de a \u010deln\u00e9 naklada\u010de. Tento hydraulick\u00fd valec umo\u017e\u0148uje zdv\u00edhanie, sp\u00fa\u0161\u0165anie a nakl\u00e1\u0148anie ly\u017eice, \u010do u\u013eah\u010duje efekt\u00edvnu manipul\u00e1ciu s materi\u00e1lom. Ako \u0161pecializovan\u00e9 hydraulick\u00e9 zariadenie zohr\u00e1va k\u013e\u00fa\u010dov\u00fa \u00falohu pri zabezpe\u010dovan\u00ed plynul\u00e9ho chodu t\u00fdchto strojov a umo\u017e\u0148uje im efekt\u00edvne vykon\u00e1va\u0165 \u00falohy, ako je kopanie, zdv\u00edhanie a preprava materi\u00e1lov.<\/p>\n<p><img decoding=\"async\" src=\"https:\/\/www.hydraulic-cylinders.net\/wp-content\/uploads\/2025\/04\/songte-company-1.webp\" alt=\"Hydraulick\u00fd valec\"><\/p>\n<h3>Defin\u00edcia a preh\u013ead<\/h3>\n<p>Hydraulick\u00fd valec kor\u010deka je typ hydraulick\u00e9ho valca, ktor\u00fd pracuje v hydraulickom syst\u00e9me a premie\u0148a hydraulick\u00fa energiu na mechanick\u00fa silu. Je obzvl\u00e1\u0161\u0165 d\u00f4le\u017eit\u00fd v stavebn\u00fdch zariadeniach a po\u013enohospod\u00e1rskych strojoch, kde priamo ovplyv\u0148uje v\u00fdkon a efektivitu oper\u00e1ci\u00ed. Schopnos\u0165 valca poskytova\u0165 kontrolovan\u00fd pohyb je kritick\u00e1, preto\u017ee zais\u0165uje presnos\u0165 a v\u00fdkon po\u010das zdv\u00edhac\u00edch a kopac\u00edch \u00faloh. Integrovan\u00e1 kon\u0161trukcia tohto hydraulick\u00e9ho syst\u00e9mu nielen zvy\u0161uje produktivitu, ale prispieva aj k celkovej bezpe\u010dnosti a efektivite \u0165a\u017ek\u00fdch strojov.<\/p>\n<h2>K\u013e\u00fa\u010dov\u00e9 vlastnosti valca v\u00fdlo\u017en\u00edka<\/h2>\n<ul>\n<li><strong>Vysok\u00e1 pevnos\u0165 a odolnos\u0165:<\/strong> Valec v\u00fdlo\u017en\u00edka je vyroben\u00fd z vysokopevnostnej ocele alebo hlin\u00edka a je navrhnut\u00fd tak, aby odolal vysok\u00e9mu tlaku a \u0165a\u017ek\u00e9mu za\u0165a\u017eeniu, v\u010faka \u010domu je ide\u00e1lny do n\u00e1ro\u010dn\u00fdch pracovn\u00fdch prostred\u00ed. Jeho kon\u0161trukcia zoh\u013ead\u0148uje odolnos\u0165 vo\u010di opotrebovaniu a kor\u00f3zii, \u010do v\u00fdrazne predl\u017euje jeho prev\u00e1dzkov\u00fa \u017eivotnos\u0165.<\/li>\n<li><strong>Efekt\u00edvna hydraulick\u00e1 prev\u00e1dzka:<\/strong> V\u010faka hydraulick\u00e9mu tlaku oleja pre plynul\u00e9 vys\u00favanie a zas\u00favanie tento valec r\u00fdchlo reaguje na ovl\u00e1dacie povely a poskytuje siln\u00e9 tla\u010dn\u00e9 a \u0165ahov\u00e9 sily vhodn\u00e9 pre \u0165a\u017ek\u00e9 zdv\u00edhanie a zlo\u017eit\u00e9 \u00falohy.<\/li>\n<li><strong>R\u00f4zne dostupn\u00e9 typy:<\/strong> V z\u00e1vislosti od potrieb si pou\u017e\u00edvatelia m\u00f4\u017eu vybra\u0165 jedno\u010dinn\u00e9 (pracuj\u00face v jednom smere) alebo dvoj\u010dinn\u00e9 (pracuj\u00face v oboch smeroch) valce. Niektor\u00e9 modely s\u00fa teleskopick\u00e9, \u010do umo\u017e\u0148uje v\u00e4\u010d\u0161ie vysunutie bez zv\u00e4\u010d\u0161enia vonkaj\u0161\u00edch rozmerov, ide\u00e1lne pre aplik\u00e1cie s obmedzen\u00fdm priestorom.<\/li>\n<li><strong>Prisp\u00f4sobite\u013en\u00e9 rie\u0161enia:<\/strong> Tento produkt vyr\u00e1bame s presnos\u0165ou, \u010d\u00edm zabezpe\u010dujeme, \u017ee na\u0161e valce dok\u00e1\u017eu dokonale nahradi\u0165 existuj\u00face hydraulick\u00e9 valce pou\u017e\u00edvan\u00e9 v r\u00f4znych stroj\u00e1rskych aplik\u00e1ci\u00e1ch.<\/li>\n<li><strong>Pokro\u010dil\u00e1 technol\u00f3gia dizajnu:<\/strong> Na\u0161e valce v\u00fdlo\u017en\u00edka s\u00fa navrhnut\u00e9 s pou\u017eit\u00edm najmodernej\u0161ej technol\u00f3gie, ktor\u00e1 zaru\u010duje kompatibilitu s r\u00f4znymi modelmi r\u00fdpadiel, optimalizuje v\u00fdkon a spo\u013eahlivos\u0165.<\/li>\n<\/ul>\n<p><img decoding=\"async\" src=\"https:\/\/www.hydraulic-cylinders.net\/wp-content\/uploads\/2025\/04\/songte-cylinder-head-with-all-kinds-excavator-models.webp\" alt=\"Modely bagrov\"><\/p>\n<h2>Aplik\u00e1cie valca v\u00fdlo\u017en\u00edka<\/h2>\n<h3>Stavebn\u00e9 stroje<\/h3>\n<p>V r\u00fdpadl\u00e1ch s\u00fa valce v\u00fdlo\u017en\u00edka k\u013e\u00fa\u010dov\u00e9 pre kopanie, nakladanie a premiest\u0148ovanie zeminy alebo sutiny. Umo\u017e\u0148uj\u00fa presn\u00fd pohyb ly\u017eice, \u010d\u00edm zvy\u0161uj\u00fa produktivitu na stavenisk\u00e1ch. Ovl\u00e1danie, ktor\u00e9 zabezpe\u010duje valec v\u00fdlo\u017en\u00edka, zjednodu\u0161uje \u00falohy obsluhy a umo\u017e\u0148uje efekt\u00edvne v\u00fdkopov\u00e9 pr\u00e1ce a manipul\u00e1ciu s materi\u00e1lom.<\/p>\n<h3>Po\u013enohospod\u00e1rske stroje<\/h3>\n<p>V \u010deln\u00fdch naklada\u010doch sa valce v\u00fdlo\u017en\u00edka pou\u017e\u00edvaj\u00fa na naberanie, zdv\u00edhanie a prepravu materi\u00e1lov, ako je p\u00f4da, seno a in\u00e9 po\u013enohospod\u00e1rske produkty. Ich robustn\u00e1 kon\u0161trukcia zabezpe\u010duje, \u017ee zvl\u00e1dnu n\u00e1ro\u010dn\u00fa po\u013enohospod\u00e1rsku pr\u00e1cu a umo\u017e\u0148uj\u00fa po\u013enohospod\u00e1rom efekt\u00edvne riadi\u0165 svoje \u00falohy.<\/p>\n<h3>V\u00fdkopov\u00e9 pr\u00e1ce<\/h3>\n<p>R\u00fdpadl\u00e1 sa pri kopan\u00ed vo ve\u013ekej miere spoliehaj\u00fa na valce v\u00fdlo\u017en\u00edka. V\u010faka tomu, \u017ee valec umo\u017e\u0148uje efekt\u00edvne prenikanie ly\u017eice do p\u00f4dy, u\u013eah\u010duje hlb\u0161ie a efekt\u00edvnej\u0161ie v\u00fdkopy, \u010do je nevyhnutn\u00e9 pre r\u00f4zne stavebn\u00e9 a krajin\u00e1rske projekty.<\/p>\n<h3>Aplik\u00e1cie naklada\u010da<\/h3>\n<p>V \u010deln\u00fdch naklada\u010doch pom\u00e1haj\u00fa valce v\u00fdlo\u017en\u00edka pri efekt\u00edvnom zdv\u00edhan\u00ed a vykladan\u00ed bremien. Ich kon\u0161trukcia zais\u0165uje, \u017ee \u0165a\u017ek\u00e9 materi\u00e1ly je mo\u017en\u00e9 zdv\u00edha\u0165 a nakl\u00e1\u0148a\u0165, \u010do umo\u017e\u0148uje efekt\u00edvne vykladanie, a t\u00fdm maximalizuje produktivitu a minimalizuje \u010das str\u00e1ven\u00fd \u00falohami.<\/p>\n<h2>\u00davahy o dizajne a krit\u00e9ri\u00e1 v\u00fdberu<\/h2>\n<h3>Nosnos\u0165<\/h3>\n<p>Pri v\u00fdbere valca v\u00fdlo\u017en\u00edka je d\u00f4le\u017eit\u00e9 zv\u00e1\u017ei\u0165 jeho nosnos\u0165. Valec mus\u00ed by\u0165 schopn\u00fd unies\u0165 maxim\u00e1lnu hmotnos\u0165 bremena, ktor\u00e9 zdvihne alebo presunie, bez rizika poruchy. Pre\u0165a\u017eenie valca m\u00f4\u017ee vies\u0165 ku katastrof\u00e1lnym poruch\u00e1m a nehod\u00e1m, preto je nevyhnutn\u00e9 vybra\u0165 si valec, ktor\u00fd presahuje o\u010dak\u00e1van\u00e9 po\u017eiadavky na za\u0165a\u017eenie.<\/p>\n<h3>Tesniace syst\u00e9my<\/h3>\n<p>Spo\u013eahliv\u00fd tesniaci syst\u00e9m je nevyhnutn\u00fd na zabr\u00e1nenie \u00faniku hydraulickej kvapaliny a zabezpe\u010denie optim\u00e1lneho v\u00fdkonu. Vhodn\u00e9 tesnenia by sa mali vybera\u0165 na z\u00e1klade prev\u00e1dzkov\u00e9ho prostredia, pri\u010dom pre svoju trvanlivos\u0165 a odolnos\u0165 vo\u010di opotrebovaniu s\u00fa k dispoz\u00edcii mo\u017enosti ako polyuret\u00e1n a nitrilov\u00fd kau\u010duk. Kvalitn\u00e9 tesnenie v\u00fdrazne ovplyv\u0148uje \u00fa\u010dinnos\u0165 a \u017eivotnos\u0165 valca.<\/p>\n<h3>Trvanlivos\u0165<\/h3>\n<p>Trvanlivos\u0165 je k\u013e\u00fa\u010dov\u00fdm faktorom pri v\u00fdbere hydraulick\u00fdch valcov. Materi\u00e1ly pou\u017eit\u00e9 pri v\u00fdrobe by mali by\u0165 odoln\u00e9 vo\u010di opotrebovaniu a kor\u00f3zii, najm\u00e4 v prostrediach vystaven\u00fdch drsn\u00fdm podmienkam. Vysokopevnostn\u00e9 materi\u00e1ly v kombin\u00e1cii s ochrann\u00fdmi povlakmi m\u00f4\u017eu pred\u013a\u017ei\u0165 \u017eivotnos\u0165 valca a zabezpe\u010di\u0165, aby odolal pravideln\u00e9mu pou\u017e\u00edvaniu bez opotrebenia.<\/p>\n<h3>Bezpe\u010dnostn\u00e9 prvky<\/h3>\n<p>Bezpe\u010dnos\u0165 je pri kon\u0161trukcii hydraulick\u00fdch valcov prvorad\u00e1. Zahrnutie prvkov, ako s\u00fa pretlakov\u00e9 ventily a mechanizmy ochrany proti pre\u0165a\u017eeniu, m\u00f4\u017ee zabr\u00e1ni\u0165 nehod\u00e1m a poruch\u00e1m zariaden\u00ed. Je nevyhnutn\u00e9 zabezpe\u010di\u0165, aby boli tieto prvky integrovan\u00e9 do kon\u0161trukcie, aby sa podporila bezpe\u010dn\u00e1 prev\u00e1dzka v ter\u00e9ne.<\/p>\n<h3>Pr\u00edstupnos\u0165 \u00fadr\u017eby<\/h3>\n<p>Navrhovanie hydraulick\u00e9ho valca s oh\u013eadom na dostupnos\u0165 po\u010das \u00fadr\u017eby m\u00f4\u017ee v\u00fdrazne u\u013eah\u010di\u0165 proces \u00fadr\u017eby. Funkcie, ktor\u00e9 umo\u017e\u0148uj\u00fa jednoduch\u00fa kontrolu, \u010distenie a v\u00fdmenu dielov, m\u00f4\u017eu u\u0161etri\u0165 \u010das a zn\u00ed\u017ei\u0165 n\u00e1klady spojen\u00e9 s dlh\u0161\u00edmi prestojmi. Zabezpe\u010denie pr\u00edstupnosti v\u0161etk\u00fdch komponentov u\u013eah\u010d\u00ed pravideln\u00e9 kontroly \u00fadr\u017eby.<\/p>\n<p><img decoding=\"async\" src=\"https:\/\/www.hydraulic-cylinders.net\/wp-content\/uploads\/2025\/04\/songte-oil-pipes-and-spare-parts.webp\" alt=\"Hydraulick\u00e9 diely\"><\/p>\n<h2>Tesnenie a mazanie<\/h2>\n<p>\u00da\u010dinnos\u0165 hydraulick\u00e9ho syst\u00e9mu vo ve\u013ekej miere z\u00e1vis\u00ed od jeho tesnenia a mazania. Vo valci v\u00fdlo\u017en\u00edka by sa mali pou\u017e\u00edva\u0165 r\u00f4zne tesnenia vr\u00e1tane tesnen\u00ed piestov a tesnen\u00ed ty\u010d\u00ed. Tesnenia vyroben\u00e9 z odoln\u00fdch materi\u00e1lov, ako je polyuret\u00e1n a nitrilov\u00e1 guma, zvy\u0161uj\u00fa odolnos\u0165 proti opotrebovaniu a \u017eivotnos\u0165. Okrem toho musia by\u0165 teleso valca a z\u00e1vitov\u00e9 koncov\u00e9 povrchy jemne opracovan\u00e9, aby sa zlep\u0161ila odolnos\u0165 proti opotrebovaniu.<\/p>\n<p>Pravideln\u00e9 mazanie je k\u013e\u00fa\u010dov\u00e9 pre udr\u017eanie optim\u00e1lnych prev\u00e1dzkov\u00fdch podmienok. Hydraulick\u00fd olej by sa mal pravidelne dop\u013a\u0148a\u0165, aby sa zabezpe\u010dila plynul\u00e1 prev\u00e1dzka a zabr\u00e1nilo sa opotrebovaniu. Spr\u00e1vne mazanie minimalizuje trenie a tvorbu tepla, ktor\u00e9 m\u00f4\u017eu \u010dasom po\u0161kodi\u0165 vn\u00fatorn\u00e9 komponenty.<\/p>\n<h2>Pravideln\u00e1 kontrola a opatrenia prevent\u00edvnej \u00fadr\u017eby<\/h2>\n<ul>\n<li><strong>Rutinn\u00e1 kontrola:<\/strong> Napl\u00e1nujte si pravideln\u00e9 kontroly valca ramena, aby ste identifikovali ak\u00e9ko\u013evek zn\u00e1mky opotrebovania alebo po\u0161kodenia. H\u013eadajte netesnosti a uistite sa, \u017ee v\u0161etky tesnenia funguj\u00fa spr\u00e1vne.<\/li>\n<li><strong>Spr\u00e1vne mazanie:<\/strong> Dodr\u017eiavajte pl\u00e1n mazania valca, aby ste predi\u0161li opotrebovaniu a zabezpe\u010dili efekt\u00edvnu prev\u00e1dzku. Skontrolujte hladinu hydraulick\u00e9ho oleja a pod\u013ea potreby ho dopl\u0148te.<\/li>\n<li><strong>V\u00fdmena tesnenia:<\/strong> Pravidelne kontrolujte stav tesnen\u00ed. Opotrebovan\u00e9 alebo po\u0161koden\u00e9 tesnenia v\u010das vyme\u0148te, aby ste predi\u0161li \u00fanikom a strate hydraulick\u00e9ho tlaku.<\/li>\n<\/ul>\n<h2>Pokyny na in\u0161tal\u00e1ciu<\/h2>\n<p>Spr\u00e1vna in\u0161tal\u00e1cia valca v\u00fdlo\u017en\u00edka je nevyhnutn\u00e1 pre optim\u00e1lny v\u00fdkon. Za\u010dnite t\u00fdm, \u017ee sa uist\u00edte, \u017ee mont\u00e1\u017ene povrchy s\u00fa \u010dist\u00e9 a bez ne\u010dist\u00f4t. Valec spr\u00e1vne zarovnajte s existuj\u00facimi pr\u00eddavn\u00fdmi zariadeniami, aby ste predi\u0161li probl\u00e9mom s nespr\u00e1vnym zarovnan\u00edm, ktor\u00e9 by mohli vies\u0165 k pred\u010dasn\u00e9mu opotrebovaniu alebo poruche. Na upevnenie valca na mieste pou\u017eite vhodn\u00e9 mont\u00e1\u017ene konzoly a zabezpe\u010dte jeho dostato\u010dn\u00fa podopretie po\u010das prev\u00e1dzky.<\/p>\n<p>Pri prip\u00e1jan\u00ed hydraulick\u00fdch potrub\u00ed sa uistite, \u017ee nie s\u00fa zalomen\u00e9 alebo prek\u00e1\u017eaj\u00face, ktor\u00e9 by mohli br\u00e1ni\u0165 toku kvapaliny. Skontrolujte tesnos\u0165 v\u0161etk\u00fdch spojov, aby ste predi\u0161li \u00fanikom. Po in\u0161tal\u00e1cii vykonajte sk\u00fa\u0161obn\u00fa prev\u00e1dzku, aby ste overili, \u010di valec funguje hladko a \u010di nedoch\u00e1dza k \u00fanikom ani nezvy\u010dajn\u00fdm zvukom.<\/p>\n<h2>Be\u017en\u00e9 \u00falohy \u00fadr\u017eby<\/h2>\n<ul>\n<li><strong>Pravideln\u00e9 kontroly:<\/strong> Kontroly by sa mali vykon\u00e1va\u0165 v pl\u00e1novan\u00fdch intervaloch, aby sa v\u010das identifikovali ak\u00e9ko\u013evek potenci\u00e1lne probl\u00e9my. H\u013eadajte zn\u00e1mky opotrebovania, netesnost\u00ed alebo nespr\u00e1vneho zarovnania a ihne\u010f ich rie\u0161te, aby ste predi\u0161li n\u00e1kladn\u00fdm oprav\u00e1m.<\/li>\n<li><strong>Vhodn\u00e9 mazanie:<\/strong> Pre udr\u017eanie optim\u00e1lneho v\u00fdkonu zabezpe\u010dte dostato\u010dn\u00e9 mazanie hydraulick\u00e9ho syst\u00e9mu. Pravidelne kontrolujte hladinu oleja a pod\u013ea potreby dop\u013a\u0148ajte hydraulick\u00fa kvapalinu, aby ste zabezpe\u010dili plynul\u00fd chod.<\/li>\n<li><strong>V\u00fdmena a kalibr\u00e1cia tesnenia:<\/strong> Pravidelne kontrolujte stav tesnen\u00ed a pod\u013ea potreby ich vyme\u0148te. Kalibra\u010dn\u00e9 kontroly zabezpe\u010dia, \u017ee syst\u00e9m pracuje v r\u00e1mci bezpe\u010dn\u00fdch parametrov, \u010d\u00edm sa zabr\u00e1ni pre\u0165a\u017eeniu a potenci\u00e1lnym poruch\u00e1m.<\/li>\n<\/ul>\n<h2>Bezpe\u010dnostn\u00e9 aspekty a faktory prostredia<\/h2>\n<p>Pri pou\u017e\u00edvan\u00ed hydraulick\u00fdch valcov je nevyhnutn\u00e9 zavies\u0165 bezpe\u010dnostn\u00e9 opatrenia na ochranu obsluhy a zariaden\u00ed. Spr\u00e1vne \u0161kolenie v oblasti obsluhy a \u00fadr\u017eby hydraulick\u00fdch syst\u00e9mov je nevyhnutn\u00e9 na minimaliz\u00e1ciu neh\u00f4d. V\u017edy dodr\u017eiavajte pokyny v\u00fdrobcu t\u00fdkaj\u00face sa limitov za\u0165a\u017eenia a prev\u00e1dzkov\u00fdch postupov.<\/p>\n<p>V\u00fdznamn\u00fa \u00falohu v \u017eivotnosti hydraulick\u00fdch syst\u00e9mov zohr\u00e1vaj\u00fa aj faktory prostredia. Zabezpe\u010dte, aby pracovn\u00e9 prostredie neobsahovalo kontaminanty a aby sa hydraulick\u00e9 kvapaliny spr\u00e1vne likvidovali, aby sa minimalizoval vplyv na \u017eivotn\u00e9 prostredie.<\/p>\n<h2>Rie\u0161enie probl\u00e9mov a be\u017en\u00e9 probl\u00e9my<\/h2>\n<ul>\n<li><strong>\u00danik:<\/strong> \u00daniky m\u00f4\u017eu poch\u00e1dza\u0165 z opotrebovan\u00fdch tesnen\u00ed alebo po\u0161koden\u00fdch komponentov. Mali by sa vykon\u00e1va\u0165 pravideln\u00e9 kontroly, aby sa v\u010das identifikovali \u00faniky a vymenili po\u0161koden\u00e9 diely.<\/li>\n<li><strong>Nekonzistentn\u00e1 prev\u00e1dzka:<\/strong> Ak sa valec ramena nevys\u00fava alebo nezas\u00fava plynulo, m\u00f4\u017ee to znamena\u0165 n\u00edzku hladinu hydraulickej kvapaliny alebo vzduch v syst\u00e9me. Skontrolujte hladiny kvapal\u00edn a v pr\u00edpade potreby syst\u00e9m odvzdu\u0161nite.<\/li>\n<li><strong>Zvl\u00e1\u0161tne zvuky:<\/strong> Nezvy\u010dajn\u00e9 zvuky po\u010das prev\u00e1dzky m\u00f4\u017eu nazna\u010dova\u0165 vn\u00fatorn\u00e9 po\u0161kodenie alebo nedostatok mazania. Presk\u00famajte zdroj hluku a okam\u017eite rie\u0161te v\u0161etky probl\u00e9my.<\/li>\n<\/ul>\n<h2>Tipy na rie\u0161enie probl\u00e9mov<\/h2>\n<p>Pre efekt\u00edvnu diagnostiku probl\u00e9mov s valcom v\u00fdlo\u017en\u00edka za\u010dnite kontrolou vidite\u013en\u00fdch zn\u00e1mok po\u0161kodenia alebo opotrebenia. Uistite sa, \u017ee hladina hydraulickej kvapaliny je dostato\u010dn\u00e1 a \u017ee v hydraulick\u00fdch potrubiach nie s\u00fa \u017eiadne upchatia. Ak s\u00fa pr\u00edtomn\u00e9 netesnosti, identifikujte ich zdroj a pod\u013ea potreby vyme\u0148te po\u0161koden\u00e9 tesnenia alebo komponenty. Pravideln\u00e9 postupy \u00fadr\u017eby m\u00f4\u017eu pom\u00f4c\u0165 predch\u00e1dza\u0165 mnoh\u00fdm be\u017en\u00fdm probl\u00e9mom, \u010d\u00edm sa pred\u013a\u017ei \u017eivotnos\u0165 hydraulick\u00e9ho valca a zabezpe\u010d\u00ed sa spo\u013eahliv\u00fd v\u00fdkon.<\/p>\n<p><img decoding=\"async\" src=\"https:\/\/www.hydraulic-cylinders.net\/wp-content\/uploads\/2025\/04\/songte-bushings-with-all-kinds-of-excavator-models.webp\" alt=\"Puzdr\u00e1 bagerov\"><\/p>\n<h2>O na\u0161ej spolo\u010dnosti<\/h2>\n<p>Sme popredn\u00fdm v\u00fdrobcom n\u00e1hradn\u00fdch hydraulick\u00fdch valcov a pon\u00fakame komplexn\u00fd sortiment produktov. N\u00e1\u0161 z\u00e1v\u00e4zok k excelentnosti z n\u00e1s urobil popredn\u00e9ho hr\u00e1\u010da na dom\u00e1com aj medzin\u00e1rodnom trhu. Dodr\u017eiavame vysok\u00e9 \u0161tandardy kvality a v na\u0161ich prec\u00edzne vyladen\u00fdch v\u00fdrobn\u00fdch diel\u0148ach vyu\u017e\u00edvame strat\u00e9giu riadenia priemyselnej v\u00fdroby. Na\u0161a spolo\u010dnos\u0165 neust\u00e1le roz\u0161iruje svoje v\u00fdrobn\u00e9 kapacity prostredn\u00edctvom kvalifikovan\u00e9ho person\u00e1lu, pokro\u010dil\u00e9ho digit\u00e1lneho v\u00fdrobn\u00e9ho zariadenia a profesion\u00e1lnych testovac\u00edch syst\u00e9mov.<\/p>\n<p>Sme hrd\u00ed na na\u0161u schopnos\u0165 poskytova\u0165 rie\u0161enia na mieru, ktor\u00e9 sp\u013a\u0148aj\u00fa rozmanit\u00e9 potreby z\u00e1kazn\u00edkov. Na\u0161e zameranie na vysok\u00fa efektivitu, presnos\u0165 a kvalitu zaru\u010duje, \u017ee sp\u013a\u0148ame a prekon\u00e1vame po\u017eiadavky trhu. V\u010faka silnej kreat\u00edvnej kapacite sa venujeme dod\u00e1vaniu produktov, ktor\u00e9 zvy\u0161uj\u00fa v\u00fdkon a spo\u013eahlivos\u0165.<\/p>\n<p><img decoding=\"async\" src=\"https:\/\/www.hydraulic-cylinders.net\/wp-content\/uploads\/2025\/04\/songte-company-4.webp\" alt=\"Preh\u013ead spolo\u010dnosti\"><br \/>\n<img decoding=\"async\" src=\"https:\/\/www.hydraulic-cylinders.net\/wp-content\/uploads\/2025\/04\/songte-company-3.webp\" alt=\"V\u00fdrobn\u00e9 zariadenia\"><\/p>\n<p>Autor: lyl<\/p>","protected":false},"excerpt":{"rendered":"<p>Boom Cylinder For Case Small Excavator CX58C Understanding Boom Cylinders The Boom Cylinder is a vital hydraulic component designed specifically for controlling the movement of buckets in heavy machinery such as excavators, backhoes, and front loaders. This hydraulic cylinder allows the bucket to lift, lower, and tilt, facilitating efficient material handling operations. As a specialized [&hellip;]<\/p>","protected":false},"featured_media":17868,"comment_status":"open","ping_status":"closed","template":"","meta":{"_et_pb_use_builder":"","_et_pb_old_content":"","_et_gb_content_width":""},"product_brand":[],"product_cat":[1546],"product_tag":[1547,1496],"class_list":{"0":"post-19439","1":"product","2":"type-product","3":"status-publish","4":"has-post-thumbnail","6":"product_cat-boom-cylinders","7":"product_tag-boom-cylinders","8":"product_tag-hydraulic-cylinders","10":"first","11":"instock","12":"shipping-taxable","13":"product-type-simple"},"amp_enabled":true,"_links":{"self":[{"href":"https:\/\/www.hydraulic-cylinders.net\/sk\/wp-json\/wp\/v2\/product\/19439","targetHints":{"allow":["GET"]}}],"collection":[{"href":"https:\/\/www.hydraulic-cylinders.net\/sk\/wp-json\/wp\/v2\/product"}],"about":[{"href":"https:\/\/www.hydraulic-cylinders.net\/sk\/wp-json\/wp\/v2\/types\/product"}],"replies":[{"embeddable":true,"href":"https:\/\/www.hydraulic-cylinders.net\/sk\/wp-json\/wp\/v2\/comments?post=19439"}],"wp:featuredmedia":[{"embeddable":true,"href":"https:\/\/www.hydraulic-cylinders.net\/sk\/wp-json\/wp\/v2\/media\/17868"}],"wp:attachment":[{"href":"https:\/\/www.hydraulic-cylinders.net\/sk\/wp-json\/wp\/v2\/media?parent=19439"}],"wp:term":[{"taxonomy":"product_brand","embeddable":true,"href":"https:\/\/www.hydraulic-cylinders.net\/sk\/wp-json\/wp\/v2\/product_brand?post=19439"},{"taxonomy":"product_cat","embeddable":true,"href":"https:\/\/www.hydraulic-cylinders.net\/sk\/wp-json\/wp\/v2\/product_cat?post=19439"},{"taxonomy":"product_tag","embeddable":true,"href":"https:\/\/www.hydraulic-cylinders.net\/sk\/wp-json\/wp\/v2\/product_tag?post=19439"}],"curies":[{"name":"pracovn\u00fd list","href":"https:\/\/api.w.org\/{rel}","templated":true}]}}