{"id":19440,"date":"2025-04-07T06:47:38","date_gmt":"2025-04-07T06:47:38","guid":{"rendered":"https:\/\/www.hydraulic-cylinders.net\/product\/boom-cylinder-for-case-small-excavator-cx75\/"},"modified":"2025-04-07T06:47:41","modified_gmt":"2025-04-07T06:47:41","slug":"boom-cylinder-for-case-small-excavator-cx75","status":"publish","type":"product","link":"https:\/\/www.hydraulic-cylinders.net\/sk\/produkt\/boom-cylinder-for-case-small-excavator-cx75\/","title":{"rendered":"Valec v\u00fdlo\u017en\u00edka pre mal\u00e9 r\u00fdpadlo Case CX75"},"content":{"rendered":"<h1>Valec v\u00fdlo\u017en\u00edka pre mal\u00e9 r\u00fdpadlo Case CX75<\/h1>\n<h2>Pochopenie valca v\u00fdlo\u017en\u00edka<\/h2>\n<p>Hydraulick\u00fd valec v\u00fdlo\u017en\u00edka, tie\u017e zn\u00e1my ako valec ly\u017eice, je d\u00f4le\u017eitou s\u00fa\u010das\u0165ou hydraulick\u00fdch syst\u00e9mov, \u0161peci\u00e1lne navrhnut\u00fdch na ovl\u00e1danie pohybu r\u00f4znych pr\u00edslu\u0161enstiev \u0165a\u017ek\u00fdch strojov, ako s\u00fa tie, ktor\u00e9 sa nach\u00e1dzaj\u00fa na bagroch, r\u00fdpadl\u00e1ch-naklada\u010doch a \u010deln\u00fdch naklada\u010doch. Tento hydraulick\u00fd valec umo\u017e\u0148uje zdv\u00edhanie, sp\u00fa\u0161\u0165anie a nakl\u00e1\u0148anie ly\u017eice, \u010do u\u013eah\u010duje efekt\u00edvnu manipul\u00e1ciu s materi\u00e1lom. Zohr\u00e1va k\u013e\u00fa\u010dov\u00fa \u00falohu pri prev\u00e1dzke zariaden\u00ed a umo\u017e\u0148uje presn\u00e9 pohyby nevyhnutn\u00e9 v stavebn\u00edctve a in\u00fdch \u0165a\u017ek\u00fdch aplik\u00e1ci\u00e1ch.<\/p>\n<p>Valec v\u00fdlo\u017en\u00edka je nevyhnutn\u00fd pre \u00falohy, ako je kopanie a zdv\u00edhanie, kde premie\u0148a hydraulick\u00fd tlak na mechanick\u00fa silu. Jeho kon\u0161trukcia zvy\u010dajne obsahuje siln\u00e9 tesnenia a robustn\u00e9 materi\u00e1ly, ktor\u00e9 odol\u00e1vaj\u00fa zna\u010dn\u00e9mu tlaku a \u0165a\u017ek\u00fdm za\u0165a\u017eeniam. \u00da\u010dinnos\u0165 valca v\u00fdlo\u017en\u00edka priamo ovplyv\u0148uje \u00fa\u010dinnos\u0165 a schopnos\u0165 strojov, ktor\u00e9 podopiera.<\/p>\n<p><img decoding=\"async\" src=\"https:\/\/www.hydraulic-cylinders.net\/wp-content\/uploads\/2025\/04\/songte-company-1.webp\" alt=\"Valec v\u00fdlo\u017en\u00edka\"><\/p>\n<h2>K\u013e\u00fa\u010dov\u00e9 vlastnosti valca v\u00fdlo\u017en\u00edka<\/h2>\n<ul>\n<li><strong>Vysok\u00e1 pevnos\u0165 a odolnos\u0165:<\/strong> Na\u0161e valce v\u00fdlo\u017en\u00edka s\u00fa vyroben\u00e9 z vysokopevnostnej ocele alebo hlin\u00edka a znes\u00fa vysok\u00fd tlak a \u0165a\u017ek\u00e9 za\u0165a\u017eenie, v\u010faka \u010domu s\u00fa vhodn\u00e9 do n\u00e1ro\u010dn\u00fdch pracovn\u00fdch podmienok.<\/li>\n<li><strong>Efekt\u00edvna hydraulick\u00e1 prev\u00e1dzka:<\/strong> V\u010faka hydraulick\u00e9mu tlaku oleja zabezpe\u010duje valec v\u00fdlo\u017en\u00edka plynul\u00e9 pohyby vys\u00favania a zas\u00favania a je schopn\u00fd r\u00fdchlo reagova\u0165 na povely obsluhy.<\/li>\n<li><strong>R\u00f4zne typy:<\/strong> K dispoz\u00edcii s\u00fa jedno\u010dinn\u00e9 (funguje v jednom smere) alebo dvoj\u010dinn\u00e9 (funguje v oboch smeroch) konfigur\u00e1cie, ktor\u00e9 vyhovuj\u00fa r\u00f4znym prev\u00e1dzkov\u00fdm potreb\u00e1m, pri\u010dom niektor\u00e9 modely s\u00fa navrhnut\u00e9 ako teleskopick\u00e9 pre dlh\u0161\u00ed dosah.<\/li>\n<li><strong>Dizajn s jednoduchou \u00fadr\u017ebou:<\/strong> Na\u0161e valce s\u00fa navrhnut\u00e9 pre \u013eahk\u00fd pr\u00edstup ku komponentom pre opravy a \u00fadr\u017ebu, \u010do zaru\u010duje dlh\u00fa \u017eivotnos\u0165 a spo\u013eahlivos\u0165.<\/li>\n<li><strong>Kompatibilita:<\/strong> Tieto valce ramena dok\u00e1\u017eu dokonale nahradi\u0165 existuj\u00face hydraulick\u00e9 valce v r\u00f4znych modeloch strojov, \u010do pou\u017e\u00edvate\u013eom zabezpe\u010d\u00ed bezprobl\u00e9mov\u00fd prechod.<\/li>\n<\/ul>\n<p><img decoding=\"async\" src=\"https:\/\/www.hydraulic-cylinders.net\/wp-content\/uploads\/2025\/04\/songte-cylinder-head-with-all-kinds-excavator-models.webp\" alt=\"Kompatibilita valcov v\u00fdlo\u017en\u00edka\"><\/p>\n<h2>Aplik\u00e1cie valca v\u00fdlo\u017en\u00edka<\/h2>\n<h3>Stavebn\u00e9 stroje<\/h3>\n<p>V r\u00fdpadl\u00e1ch s\u00fa valce v\u00fdlo\u017en\u00edka k\u013e\u00fa\u010dov\u00e9 pre kopanie, nakladanie a premiest\u0148ovanie zeminy alebo sutiny. Umo\u017e\u0148uj\u00fa ly\u017eici efekt\u00edvne prenika\u0165 do zeme, \u010do u\u013eah\u010duje pr\u00e1cu na stavenisk\u00e1ch, kde sa \u010dasto vykon\u00e1vaj\u00fa zemn\u00e9 pr\u00e1ce. Schopnos\u0165 ovl\u00e1da\u0165 v\u00fd\u0161ku a uhol v\u00fdlo\u017en\u00edka je nevyhnutn\u00e1 pre presnos\u0165 pri v\u00fdkopov\u00fdch pr\u00e1cach, v\u010faka \u010domu s\u00fa tieto valce v modern\u00fdch stavebn\u00fdch projektoch nevyhnutn\u00e9.<\/p>\n<h3>Po\u013enohospod\u00e1rske stroje<\/h3>\n<p>\u010celn\u00e9 naklada\u010de vybaven\u00e9 valcami v\u00fdlo\u017en\u00edka sa pou\u017e\u00edvaj\u00fa na naberanie, zdv\u00edhanie a prepravu p\u00f4dy, sena a in\u00fdch materi\u00e1lov. Tieto valce umo\u017e\u0148uj\u00fa po\u013enohospod\u00e1rom \u013eahko premiest\u0148ova\u0165 ve\u013ek\u00e9 mno\u017estvo materi\u00e1lu, \u010d\u00edm sa zvy\u0161uje produktivita a efekt\u00edvnos\u0165 po\u013enohospod\u00e1rskych oper\u00e1ci\u00ed. Flexibilita pohybu umo\u017e\u0148uje vykon\u00e1va\u0165 r\u00f4zne \u00falohy, od nakladania n\u00e1kladn\u00fdch vozidiel a\u017e po pr\u00edpravu pol\u00ed na siatie.<\/p>\n<h3>R\u00fdpadl\u00e1<\/h3>\n<p>V r\u00fdpadl\u00e1ch hr\u00e1 valec v\u00fdlo\u017en\u00edka d\u00f4le\u017eit\u00fa \u00falohu v procese kopania. Umo\u017e\u0148uje ly\u017eici efekt\u00edvne prenika\u0165 do p\u00f4dy, \u010do u\u013eah\u010duje v\u00fdkop materi\u00e1lov. Hydraulick\u00fd v\u00fdkon poskytovan\u00fd valcom v\u00fdlo\u017en\u00edka zais\u0165uje, \u017ee r\u00fdpadlo dok\u00e1\u017ee zvl\u00e1dnu\u0165 n\u00e1ro\u010dn\u00e9 kopacie \u00falohy s minim\u00e1lnym \u00fasil\u00edm.<\/p>\n<h3>Naklada\u010de<\/h3>\n<p>V \u010deln\u00fdch naklada\u010doch pom\u00e1haj\u00fa valce v\u00fdlo\u017en\u00edka pri efekt\u00edvnom zdv\u00edhan\u00ed a vykladan\u00ed bremien. Presn\u00e9 ovl\u00e1danie, ktor\u00e9 tieto valce poskytuj\u00fa, umo\u017e\u0148uje obsluhe opatrne manipulova\u0165 s materi\u00e1lmi, predch\u00e1dza\u0165 rozsypaniu a zabezpe\u010dova\u0165 presn\u00e9 umiestnenie bremien tam, kde je to potrebn\u00e9. T\u00e1to \u00fa\u010dinnos\u0165 je k\u013e\u00fa\u010dov\u00e1 v stavebn\u00edctve aj pri manipul\u00e1cii s materi\u00e1lom.<\/p>\n<h2>\u00davahy o dizajne a krit\u00e9ri\u00e1 v\u00fdberu<\/h2>\n<h3>Nosnos\u0165<\/h3>\n<p>Pri v\u00fdbere valca v\u00fdlo\u017en\u00edka je d\u00f4le\u017eit\u00e9 zv\u00e1\u017ei\u0165 jeho nosnos\u0165. Valec mus\u00ed by\u0165 schopn\u00fd unies\u0165 maxim\u00e1lnu hmotnos\u0165, s ktorou sa stretne po\u010das prev\u00e1dzky. To zais\u0165uje bezpe\u010dnos\u0165 a \u00fa\u010dinnos\u0165 a zabra\u0148uje potenci\u00e1lnym poruch\u00e1m zariadenia, ktor\u00e9 by mohli vznikn\u00fa\u0165 v d\u00f4sledku pre\u0165a\u017eenia.<\/p>\n<h3>Technol\u00f3gia tesnenia<\/h3>\n<p>\u00da\u010dinn\u00e9 tesnenie je v hydraulick\u00fdch valcoch k\u013e\u00fa\u010dov\u00e9, preto\u017ee zabra\u0148uje \u00fanikom kvapaliny, ktor\u00e9 m\u00f4\u017eu zn\u00ed\u017ei\u0165 v\u00fdkon a tlak. V\u00fdber tesnen\u00ed, vr\u00e1tane tesnen\u00ed piestov a tesnen\u00ed ty\u010d\u00ed, ur\u010duje \u017eivotnos\u0165 a \u00fa\u010dinnos\u0165 valca. Vysokokvalitn\u00e9 tesnenia vyroben\u00e9 z materi\u00e1lov ako polyuret\u00e1n alebo nitril s\u00fa nevyhnutn\u00e9 pre trvanlivos\u0165 a odolnos\u0165 vo\u010di opotrebovaniu.<\/p>\n<h3>Trvanlivos\u0165<\/h3>\n<p>Materi\u00e1ly pou\u017eit\u00e9 na v\u00fdrobu valca ramena musia by\u0165 dostato\u010dne odoln\u00e9, aby vydr\u017eali n\u00e1ro\u010dn\u00e9 prev\u00e1dzkov\u00e9 podmienky. Valec, ktor\u00fd odol\u00e1 kor\u00f3zii, oderu a n\u00e1razom, bude ma\u0165 dlh\u0161iu \u017eivotnos\u0165, \u010d\u00edm sa zn\u00ed\u017eia n\u00e1klady na \u00fadr\u017ebu a prestoje.<\/p>\n<h3>Bezpe\u010dnostn\u00e9 prvky<\/h3>\n<p>Bezpe\u010dnos\u0165 je pri pr\u00e1ci s hydraulick\u00fdmi syst\u00e9mami prvorad\u00e1. Valce v\u00fdlo\u017en\u00edka by mali obsahova\u0165 prvky, ktor\u00e9 zabra\u0148uj\u00fa pretlaku, ako s\u00fa napr\u00edklad pretlakov\u00e9 ventily. Tieto bezpe\u010dnostn\u00e9 mechanizmy chr\u00e1nia obsluhu a zariadenia pred potenci\u00e1lnymi nebezpe\u010denstvami po\u010das prev\u00e1dzky.<\/p>\n<h3>Pr\u00edstupnos\u0165 \u00fadr\u017eby<\/h3>\n<p>Navrhovanie s oh\u013eadom na \u00fadr\u017ebu je k\u013e\u00fa\u010dov\u00e9 pre zabezpe\u010denie jednoduchej \u00fadr\u017eby valcov. Funkcie, ako s\u00fa odn\u00edmate\u013en\u00e9 koncov\u00e9 kryty a pr\u00edstupn\u00e9 mazacie body, m\u00f4\u017eu v\u00fdrazne skr\u00e1ti\u0165 \u010das a n\u00e1klady na \u00fadr\u017ebu a udr\u017ea\u0165 stroje v prev\u00e1dzke dlh\u0161ie.<\/p>\n<p><img decoding=\"async\" src=\"https:\/\/www.hydraulic-cylinders.net\/wp-content\/uploads\/2025\/04\/songte-oil-pipes-and-spare-parts.webp\" alt=\"Diely \u00fadr\u017eby hydraulick\u00e9ho valca\"><\/p>\n<h2>Tesnenie a mazanie<\/h2>\n<p>\u00da\u010dinn\u00e9 tesnenie a mazanie s\u00fa rozhoduj\u00face pre v\u00fdkon valcov v\u00fdlo\u017en\u00edka. R\u00f4zne tesnenia, vr\u00e1tane tesnen\u00ed piestov a tesnen\u00ed ty\u010d\u00ed, s\u00fa nevyhnutn\u00e9 na zabr\u00e1nenie \u00faniku hydraulickej kvapaliny. Pou\u017eitie odoln\u00fdch materi\u00e1lov, ako je polyuret\u00e1n a nitrilov\u00e1 guma, na tesnenia zvy\u0161uje ich odolnos\u0165 proti opotrebovaniu, \u010do prispieva k dlh\u0161ej \u017eivotnosti valca. Teleso valca a z\u00e1vitov\u00e9 koncov\u00e9 plochy s\u00fa presne opracovan\u00e9, aby sa zlep\u0161ila odolnos\u0165 proti opotrebovaniu a zabezpe\u010dil optim\u00e1lny v\u00fdkon.<\/p>\n<p>Pravideln\u00e9 mazanie je nevyhnutn\u00e9 pre udr\u017eanie hladk\u00e9ho chodu. Hydraulick\u00fd olej by sa mal pravidelne dop\u013a\u0148a\u0165, aby sa zabezpe\u010dilo dostato\u010dn\u00e9 mazanie v\u0161etk\u00fdch pohybliv\u00fdch \u010dast\u00ed, \u010d\u00edm sa zni\u017euje trenie a opotrebovanie. Spr\u00e1vne mazanie tie\u017e pom\u00e1ha pri odv\u00e1dzan\u00ed tepla, udr\u017eiavan\u00ed optim\u00e1lnych prev\u00e1dzkov\u00fdch tepl\u00f4t a prevencii prehriatia.<\/p>\n<h2>Pravideln\u00e1 \u00fadr\u017eba a prevent\u00edvne opatrenia<\/h2>\n<ul>\n<li><strong>Pravideln\u00e9 kontroly:<\/strong> Vykon\u00e1vanie \u010dast\u00fdch kontrol m\u00f4\u017ee pom\u00f4c\u0165 identifikova\u0165 opotrebovanie a potenci\u00e1lne poruchy sk\u00f4r, ako sa stan\u00fa z\u00e1va\u017en\u00fdmi probl\u00e9mami. H\u013eadajte zn\u00e1mky netesnost\u00ed, kor\u00f3zie alebo nezvy\u010dajn\u00fdch vzorcov opotrebovania na tesneniach a ty\u010diach.<\/li>\n<li><strong>Vhodn\u00e9 mazanie:<\/strong> Zabezpe\u010dte pravideln\u00e9 mazanie valca vhodn\u00fdm hydraulick\u00fdm olejom. Nadmern\u00e9 mazanie m\u00f4\u017ee sp\u00f4sobi\u0165 n\u00e1rast tlaku, zatia\u013e \u010do nedostato\u010dn\u00e9 mazanie m\u00f4\u017ee vies\u0165 k zv\u00fd\u0161en\u00e9mu opotrebovaniu a poruche.<\/li>\n<li><strong>V\u00fdmena tesnenia:<\/strong> Tesnenia by sa mali vymeni\u0165 pri prv\u00fdch zn\u00e1mkach opotrebenia. Pou\u017eitie kvalitn\u00fdch n\u00e1hradn\u00fdch tesnen\u00ed m\u00f4\u017ee zabr\u00e1ni\u0165 \u00fanikom a udr\u017ea\u0165 hydraulick\u00fd tlak.<\/li>\n<\/ul>\n<h2>Pokyny na in\u0161tal\u00e1ciu<\/h2>\n<p>Spr\u00e1vna in\u0161tal\u00e1cia valca ramena je k\u013e\u00fa\u010dov\u00e1 pre jeho v\u00fdkon a dlh\u00fa \u017eivotnos\u0165. Tu s\u00fa k\u013e\u00fa\u010dov\u00e9 kroky, ktor\u00e9 treba dodr\u017eiava\u0165:<\/p>\n<ol>\n<li><strong>Pr\u00edprava:<\/strong> Uistite sa, \u017ee pracovn\u00fd priestor je \u010dist\u00fd a bez ne\u010dist\u00f4t. Skontrolujte, \u010di s\u00fa v\u0161etky komponenty kompatibiln\u00e9 a v dobrom stave.<\/li>\n<li><strong>Zarovnanie:<\/strong> Valec spr\u00e1vne zarovnajte s mont\u00e1\u017enymi bodmi na stroji. Nespr\u00e1vne zarovnanie m\u00f4\u017ee vies\u0165 k pred\u010dasn\u00e9mu opotrebovaniu a poruche.<\/li>\n<li><strong>Mont\u00e1\u017e:<\/strong> Na upevnenie valca pou\u017eite vhodn\u00e9 mont\u00e1\u017ene konzoly. Uistite sa, \u017ee skrutky s\u00fa utiahnut\u00e9 pod\u013ea \u0161pecifik\u00e1ci\u00ed v\u00fdrobcu, aby sa predi\u0161lo ich uvo\u013eneniu po\u010das prev\u00e1dzky.<\/li>\n<li><strong>Testovanie:<\/strong> Po in\u0161tal\u00e1cii vykonajte funk\u010dn\u00fa sk\u00fa\u0161ku, aby ste sa uistili, \u017ee valec funguje hladko a efekt\u00edvne.<\/li>\n<\/ol>\n<h2>Be\u017en\u00e9 \u00falohy \u00fadr\u017eby<\/h2>\n<h3>Pravideln\u00e9 kontroly<\/h3>\n<p>Pravideln\u00e9 kontroly valca ramena s\u00fa nevyhnutn\u00e9 na v\u010dasn\u00e9 zistenie ak\u00fdchko\u013evek zn\u00e1mok opotrebovania alebo po\u0161kodenia. Po\u010das prev\u00e1dzky h\u013eadajte vidite\u013en\u00e9 netesnosti, nezvy\u010dajn\u00e9 zvuky a uistite sa, \u017ee v\u0161etky pripojenia s\u00fa bezpe\u010dn\u00e9. Stanovte si pravideln\u00fd pl\u00e1n kontrol, aby ste udr\u017eali optim\u00e1lny v\u00fdkon a predi\u0161li neo\u010dak\u00e1van\u00fdm poruch\u00e1m.<\/p>\n<h3>Spr\u00e1vne mazanie<\/h3>\n<p>Udr\u017eiavanie spr\u00e1vnej \u00farovne mazania je rozhoduj\u00face pre \u00fa\u010dinnos\u0165 hydraulick\u00e9ho syst\u00e9mu. Pravidelne kontrolujte hladinu hydraulick\u00e9ho oleja a uistite sa, \u017ee pou\u017e\u00edvate spr\u00e1vny typ oleja, aby ste predi\u0161li opotrebovaniu tesnen\u00ed a pohybliv\u00fdch \u010dast\u00ed. \u00da\u010dinn\u00fd pl\u00e1n mazania v\u00fdrazne zn\u00ed\u017ei riziko poruchy a pred\u013a\u017ei \u017eivotnos\u0165 valca.<\/p>\n<h3>V\u00fdmena tesnenia a kontroly kalibr\u00e1cie<\/h3>\n<p>Tesnenia by sa mali \u010dasto kontrolova\u0165, \u010di nevykazuj\u00fa zn\u00e1mky opotrebovania, a pod\u013ea potreby by sa mali vymie\u0148a\u0165, aby sa zachovala hydraulick\u00e1 integrita. Kalibra\u010dn\u00e9 kontroly by sa mali vykon\u00e1va\u0165, aby sa zabezpe\u010dilo, \u017ee valec pracuje v spr\u00e1vnom rozsahu tlaku. Spr\u00e1vne kalibrovan\u00e9 valce zvy\u0161uj\u00fa v\u00fdkon a predch\u00e1dzaj\u00fa prev\u00e1dzkov\u00fdm rizik\u00e1m.<\/p>\n<h2>Bezpe\u010dnostn\u00e9 aspekty a faktory prostredia<\/h2>\n<p>Pokia\u013e ide o pou\u017e\u00edvanie hydraulick\u00fdch valcov, bezpe\u010dnostn\u00e9 opatrenia s\u00fa nevyhnutn\u00e9. Obsluha by mala by\u0165 v\u017edy vy\u0161kolen\u00e1 v bezpe\u010dnej prev\u00e1dzke strojov vybaven\u00fdch hydraulick\u00fdmi syst\u00e9mami. To zah\u0155\u0148a pochopenie riz\u00edk spojen\u00fdch s vysokotlakov\u00fdmi syst\u00e9mami a implement\u00e1ciu spr\u00e1vnych bezpe\u010dnostn\u00fdch protokolov, ako je nosenie ochrann\u00fdch prostriedkov a zabezpe\u010denie toho, aby sa v pracovnom priestore nenach\u00e1dzali okoloid\u00faci. Okrem toho je d\u00f4le\u017eit\u00e9 zoh\u013eadni\u0165 vplyv na \u017eivotn\u00e9 prostredie; pou\u017e\u00edvanie hydraulick\u00fdch kvapal\u00edn, ktor\u00e9 s\u00fa \u0161etrn\u00e9 k \u017eivotn\u00e9mu prostrediu, m\u00f4\u017ee minimalizova\u0165 rizik\u00e1 spojen\u00e9 s rozliat\u00edm a \u00fanikmi.<\/p>\n<h2>Rie\u0161enie be\u017en\u00fdch probl\u00e9mov<\/h2>\n<ul>\n<li><strong>Strata tlaku:<\/strong> M\u00f4\u017ee to by\u0165 sp\u00f4soben\u00e9 netesnos\u0165ami v hydraulickom syst\u00e9me, vzduchom v potrubiach alebo chybn\u00fdmi tesneniami. Skontrolujte vidite\u013en\u00e9 netesnosti a uistite sa, \u017ee hladina kvapaliny je spr\u00e1vna.<\/li>\n<li><strong>Pomal\u00fd pohyb:<\/strong> Ak valec reaguje pomaly, m\u00f4\u017ee to znamena\u0165 potrebu mazania alebo zne\u010distenie hydraulickej kvapaliny. Skontrolujte a v pr\u00edpade potreby vyme\u0148te kvapalinu.<\/li>\n<li><strong>Nezvy\u010dajn\u00e9 zvuky:<\/strong> \u0160krabkav\u00e9 alebo rin\u010dav\u00e9 zvuky m\u00f4\u017eu signalizova\u0165 mechanick\u00e9 probl\u00e9my vo valci. Okam\u017eit\u00e1 kontrola je nevyhnutn\u00e1, aby sa predi\u0161lo \u010fal\u0161iemu po\u0161kodeniu.<\/li>\n<\/ul>\n<p>Na rie\u0161enie t\u00fdchto probl\u00e9mov je nevyhnutn\u00e9 zavies\u0165 prevent\u00edvne opatrenia vr\u00e1tane pravideln\u00fdch kontrol \u00fadr\u017eby, spr\u00e1vneho hospod\u00e1renia s kvapalinami a \u0161kolenia oper\u00e1torov v technik\u00e1ch rie\u0161enia probl\u00e9mov.<\/p>\n<p><img decoding=\"async\" src=\"https:\/\/www.hydraulic-cylinders.net\/wp-content\/uploads\/2025\/04\/songte-bushings-with-all-kinds-of-excavator-models.webp\" alt=\"Be\u017en\u00e9 probl\u00e9my s valcami v\u00fdlo\u017en\u00edka\"><\/p>\n<h2>O na\u0161ej spolo\u010dnosti<\/h2>\n<p>Sme popredn\u00fdm v\u00fdrobcom a ve\u013ekoobchodn\u00fdm distrib\u00fatorom n\u00e1hradn\u00fdch hydraulick\u00fdch valcov, uzn\u00e1van\u00fdm v tuzemsku aj v zahrani\u010d\u00ed. Na\u0161a rozsiahla produktov\u00e1 rada n\u00e1s rad\u00ed medzi popredn\u00fdch v\u00fdrobcov na trhu s hydraulick\u00fdmi valcami. Riadime sa filozofiou excelentnosti v kvalite a spoliehame sa na prepracovan\u00e9 strat\u00e9gie riadenia v\u00fdroby v na\u0161ich najmodernej\u0161\u00edch v\u00fdrobn\u00fdch zariadeniach.<\/p>\n<p>N\u00e1\u0161 z\u00e1v\u00e4zok vyu\u017e\u00edva\u0165 kvalifikovan\u00fd person\u00e1l, modern\u00e9 digit\u00e1lne v\u00fdrobn\u00e9 zariadenia a komplexn\u00e9 testovacie syst\u00e9my n\u00e1m umo\u017e\u0148uje neust\u00e1le zlep\u0161ova\u0165 na\u0161e v\u00fdrobn\u00e9 kapacity. Uprednost\u0148ujeme vysok\u00fa efektivitu, presnos\u0165 a kvalitu, aby sme splnili rozmanit\u00e9 potreby na\u0161ich z\u00e1kazn\u00edkov.<\/p>\n<p><img decoding=\"async\" src=\"https:\/\/www.hydraulic-cylinders.net\/wp-content\/uploads\/2025\/04\/songte-company-4.webp\" alt=\"Na\u0161a spolo\u010dnos\u0165\"><br \/>\n<img decoding=\"async\" src=\"https:\/\/www.hydraulic-cylinders.net\/wp-content\/uploads\/2025\/04\/songte-company-3.webp\" alt=\"Na\u0161e v\u00fdrobn\u00e9 zariadenie\"><\/p>\n<p>Autor: lyl<\/p>","protected":false},"excerpt":{"rendered":"<p>Boom Cylinder For Case Small Excavator CX75 Understanding the Boom Cylinder The boom cylinder, also known as the bucket cylinder, is a vital component in hydraulic systems, specifically designed to control the movement of various heavy machinery attachments like those found on excavators, backhoes, and front loaders. This hydraulic cylinder enables the bucket to lift, [&hellip;]<\/p>","protected":false},"featured_media":17869,"comment_status":"open","ping_status":"closed","template":"","meta":{"_et_pb_use_builder":"","_et_pb_old_content":"","_et_gb_content_width":""},"product_brand":[],"product_cat":[1546],"product_tag":[1547,1496],"class_list":{"0":"post-19440","1":"product","2":"type-product","3":"status-publish","4":"has-post-thumbnail","6":"product_cat-boom-cylinders","7":"product_tag-boom-cylinders","8":"product_tag-hydraulic-cylinders","10":"first","11":"instock","12":"shipping-taxable","13":"product-type-simple"},"amp_enabled":true,"_links":{"self":[{"href":"https:\/\/www.hydraulic-cylinders.net\/sk\/wp-json\/wp\/v2\/product\/19440","targetHints":{"allow":["GET"]}}],"collection":[{"href":"https:\/\/www.hydraulic-cylinders.net\/sk\/wp-json\/wp\/v2\/product"}],"about":[{"href":"https:\/\/www.hydraulic-cylinders.net\/sk\/wp-json\/wp\/v2\/types\/product"}],"replies":[{"embeddable":true,"href":"https:\/\/www.hydraulic-cylinders.net\/sk\/wp-json\/wp\/v2\/comments?post=19440"}],"wp:featuredmedia":[{"embeddable":true,"href":"https:\/\/www.hydraulic-cylinders.net\/sk\/wp-json\/wp\/v2\/media\/17869"}],"wp:attachment":[{"href":"https:\/\/www.hydraulic-cylinders.net\/sk\/wp-json\/wp\/v2\/media?parent=19440"}],"wp:term":[{"taxonomy":"product_brand","embeddable":true,"href":"https:\/\/www.hydraulic-cylinders.net\/sk\/wp-json\/wp\/v2\/product_brand?post=19440"},{"taxonomy":"product_cat","embeddable":true,"href":"https:\/\/www.hydraulic-cylinders.net\/sk\/wp-json\/wp\/v2\/product_cat?post=19440"},{"taxonomy":"product_tag","embeddable":true,"href":"https:\/\/www.hydraulic-cylinders.net\/sk\/wp-json\/wp\/v2\/product_tag?post=19440"}],"curies":[{"name":"pracovn\u00fd list","href":"https:\/\/api.w.org\/{rel}","templated":true}]}}