{"id":19447,"date":"2025-04-07T06:48:00","date_gmt":"2025-04-07T06:48:00","guid":{"rendered":"https:\/\/www.hydraulic-cylinders.net\/product\/boom-cylinder-for-case-large-excavator-cx300b\/"},"modified":"2025-04-07T06:48:02","modified_gmt":"2025-04-07T06:48:02","slug":"boom-cylinder-for-case-large-excavator-cx300b","status":"publish","type":"product","link":"https:\/\/www.hydraulic-cylinders.net\/sk\/produkt\/boom-cylinder-for-case-large-excavator-cx300b\/","title":{"rendered":"Valec v\u00fdlo\u017en\u00edka pre ve\u013ek\u00e9 r\u00fdpadlo Case CX300B"},"content":{"rendered":"<h1>Valec v\u00fdlo\u017en\u00edka pre ve\u013ek\u00e9 r\u00fdpadlo Case CX300B<\/h1>\n<h2>\u00davod do valca v\u00fdlo\u017en\u00edka<\/h2>\n<p>Hydraulick\u00fd valec v\u00fdlo\u017en\u00edka je z\u00e1kladn\u00fd hydraulick\u00fd komponent navrhnut\u00fd \u0161peci\u00e1lne na ovl\u00e1danie pohybu ly\u017e\u00edc v \u0165a\u017ek\u00fdch strojoch, ako s\u00fa bagre, r\u00fdpadl\u00e1-naklada\u010de a \u010deln\u00e9 naklada\u010de. Tento hydraulick\u00fd valec umo\u017e\u0148uje zdv\u00edhanie, sp\u00fa\u0161\u0165anie a nakl\u00e1\u0148anie ly\u017eice, \u010do u\u013eah\u010duje efekt\u00edvnu manipul\u00e1ciu s materi\u00e1lom. Tieto valce, ktor\u00e9 pracuj\u00fa v r\u00e1mci hydraulick\u00fdch syst\u00e9mov, premie\u0148aj\u00fa hydraulick\u00fa energiu na mechanick\u00fa silu, \u010do umo\u017e\u0148uje v\u00fdkonn\u00e9 pohyby potrebn\u00e9 v r\u00f4znych stavebn\u00fdch a po\u013enohospod\u00e1rskych aplik\u00e1ci\u00e1ch.<\/p>\n<p><img decoding=\"async\" src=\"https:\/\/www.hydraulic-cylinders.net\/wp-content\/uploads\/2025\/04\/songte-company-1.webp\" alt=\"Obr\u00e1zok valca v\u00fdlo\u017en\u00edka\" \/><\/p>\n<h3>Defin\u00edcia a preh\u013ead<\/h3>\n<p>Hydraulick\u00fd valec v\u00fdlo\u017en\u00edka je typ hydraulick\u00e9ho valca, ktor\u00fd sa pou\u017e\u00edva predov\u0161etk\u00fdm na ovl\u00e1danie ramena r\u00fdpadla. Jeho funkcia je k\u013e\u00fa\u010dov\u00e1, preto\u017ee umo\u017e\u0148uje obsluhe presne a silno man\u00e9vrova\u0165 s ly\u017eicou. Valec v\u00fdlo\u017en\u00edka sa vys\u00fava a zas\u00fava, aby sa nastavil jej poloha, v\u010faka \u010domu je nevyhnutn\u00fd pre \u00falohy, ako je kopanie, zdv\u00edhanie a preprava materi\u00e1lov. Tieto valce s\u00fa skon\u0161truovan\u00e9 tak, aby zvl\u00e1dali vysok\u00fd tlak a \u0165a\u017ek\u00e9 bremen\u00e1, \u010do zabezpe\u010duje ich efekt\u00edvny v\u00fdkon aj v n\u00e1ro\u010dn\u00fdch prostrediach.<\/p>\n<h2>K\u013e\u00fa\u010dov\u00e9 vlastnosti valca ramena<\/h2>\n<ul>\n<li><strong>Vysok\u00e1 pevnos\u0165 a odolnos\u0165:<\/strong> Valce v\u00fdlo\u017en\u00edka, ktor\u00e9 s\u00fa zvy\u010dajne vyroben\u00e9 z vysokopevnostnej ocele alebo hlin\u00edka, odol\u00e1vaj\u00fa vysok\u00e9mu tlaku a \u0165a\u017ek\u00fdm za\u0165a\u017eeniam, s\u00fa navrhnut\u00e9 tak, aby odol\u00e1vali opotrebovaniu a kor\u00f3zii a pred\u013a\u017eili svoju \u017eivotnos\u0165.<\/li>\n<li><strong>Efekt\u00edvna hydraulick\u00e1 prev\u00e1dzka:<\/strong> V\u010faka hydraulick\u00e9mu tlaku oleja pre plynul\u00e9 vys\u00favanie a zas\u00favanie r\u00fdchlo reaguj\u00fa na ovl\u00e1dacie povely a poskytuj\u00fa zna\u010dn\u00fa tla\u010dn\u00fa a \u0165a\u017en\u00fa silu pre \u0165a\u017ek\u00e9 a zlo\u017eit\u00e9 \u00falohy.<\/li>\n<li><strong>R\u00f4zne typy:<\/strong> Tieto valce s\u00fa dostupn\u00e9 v jedno\u010dinnom alebo dvoj\u010dinnom preveden\u00ed a je mo\u017en\u00e9 ich vybra\u0165 pod\u013ea prev\u00e1dzkov\u00fdch potrieb, pri\u010dom niektor\u00e9 modely s\u00fa teleskopick\u00e9 pre dlh\u0161\u00ed dosah bez zv\u00e4\u010d\u0161enia vonkaj\u0161\u00edch rozmerov.<\/li>\n<li><strong>Mo\u017enosti prisp\u00f4sobenia:<\/strong> Pon\u00fakame rie\u0161enia na mieru, aby sme zabezpe\u010dili, \u017ee valec v\u00fdlo\u017en\u00edka sp\u013a\u0148a \u0161pecifick\u00e9 po\u017eiadavky stroja, \u010d\u00edm zvy\u0161ujeme kompatibilitu a v\u00fdkon.<\/li>\n<li><strong>Jednoduch\u00e1 \u00fadr\u017eba:<\/strong> Navrhnut\u00e9 pre pr\u00edstupnos\u0165, umo\u017e\u0148uj\u00face jednoduch\u00e9 kontroly a opravy, zais\u0165uj\u00face dlh\u00fa \u017eivotnos\u0165 a spo\u013eahliv\u00fd v\u00fdkon.<\/li>\n<\/ul>\n<h2>Aplik\u00e1cie valca ramena<\/h2>\n<h3>Stavebn\u00e9 stroje<\/h3>\n<p>V stavebn\u00fdch strojoch, ako s\u00fa bagre, zohr\u00e1vaj\u00fa valce v\u00fdlo\u017en\u00edka d\u00f4le\u017eit\u00fa \u00falohu pri kopan\u00ed, nakladan\u00ed a premiest\u0148ovan\u00ed zeminy alebo sutiny. S\u00fa neoddelite\u013enou s\u00fa\u010das\u0165ou schopnosti stroja vykon\u00e1va\u0165 \u0165a\u017ek\u00e9 zdv\u00edhacie \u00falohy, \u010do umo\u017e\u0148uje obsluhe efekt\u00edvne manipulova\u0165 s materi\u00e1lmi na mieste. Presnos\u0165 a v\u00fdkon, ktor\u00e9 pon\u00fakaj\u00fa valce v\u00fdlo\u017en\u00edka, umo\u017e\u0148uj\u00fa v\u00fdkopov\u00e9 pr\u00e1ce, z\u00e1klady a in\u00e9 kritick\u00e9 ter\u00e9nne \u00fapravy.<\/p>\n<h3>Po\u013enohospod\u00e1rske stroje<\/h3>\n<p>V po\u013enohospod\u00e1rstve \u010deln\u00e9 naklada\u010de vyu\u017e\u00edvaj\u00fa valce v\u00fdlo\u017en\u00edka na \u00falohy, ako je naberanie, zdv\u00edhanie a preprava p\u00f4dy, sena a in\u00fdch materi\u00e1lov. Poskytovan\u00edm potrebnej zdv\u00edhacej sily umo\u017e\u0148uj\u00fa po\u013enohospod\u00e1rom efekt\u00edvnej\u0161ie riadi\u0165 svoje oper\u00e1cie, \u010do prispieva k zv\u00fd\u0161eniu produktivity a efektivity pri pr\u00e1ci na poli.<\/p>\n<h3>R\u00fdpadl\u00e1<\/h3>\n<p>Pre r\u00fdpadl\u00e1 je valec v\u00fdlo\u017en\u00edka nevyhnutn\u00fd na vykon\u00e1vanie kopac\u00edch pr\u00e1c. Umo\u017e\u0148uje ly\u017eici efekt\u00edvne prenika\u0165 do zeme, \u010do u\u013eah\u010duje v\u00fdkop zeminy alebo horn\u00edn. T\u00e1to schopnos\u0165 je k\u013e\u00fa\u010dov\u00e1 pre r\u00f4zne projekty vr\u00e1tane pr\u00edpravy staveniska, \u00fapravy ter\u00e9nu a demol\u00e1cie.<\/p>\n<h3>Naklada\u010de<\/h3>\n<p>V \u010deln\u00fdch naklada\u010doch valce v\u00fdlo\u017en\u00edka pom\u00e1haj\u00fa pri efekt\u00edvnom zdv\u00edhan\u00ed a vykladan\u00ed bremien. Umo\u017e\u0148uj\u00fa stroju zdv\u00edha\u0165 materi\u00e1ly na prepravu alebo umiestnenie, \u010d\u00edm zvy\u0161uj\u00fa celkov\u00fa efektivitu nakladac\u00edch oper\u00e1ci\u00ed v stavebn\u00edctve a ter\u00e9nnych \u00faprav\u00e1ch.<\/p>\n<h2>\u00davahy o dizajne a krit\u00e9ri\u00e1 v\u00fdberu<\/h2>\n<h3>Nosnos\u0165<\/h3>\n<p>Pri v\u00fdbere valca v\u00fdlo\u017en\u00edka je jedn\u00fdm z hlavn\u00fdch krit\u00e9ri\u00ed jeho nosnos\u0165. T\u00e1to \u0161pecifik\u00e1cia definuje maxim\u00e1lnu hmotnos\u0165, ktor\u00fa m\u00f4\u017ee valec zdvihn\u00fa\u0165 bez ohrozenia jeho \u0161truktur\u00e1lnej integrity. Spr\u00e1vne pochopenie po\u017eiadaviek na za\u0165a\u017eenie pre konkr\u00e9tne \u00falohy je nevyhnutn\u00e9. Napr\u00edklad stavebn\u00e9 aplik\u00e1cie \u010dasto vy\u017eaduj\u00fa valce, ktor\u00e9 dok\u00e1\u017eu unies\u0165 zna\u010dn\u00fa hmotnos\u0165, a preto je potrebn\u00e9 d\u00f4kladne vyhodnoti\u0165 po\u017eiadavky stroja.<\/p>\n<h3>Tesniace mechanizmy<\/h3>\n<p>\u00da\u010dinn\u00e9 tesnenie je rozhoduj\u00face pre prevenciu \u00fanikov hydraulickej kvapaliny a udr\u017eanie v\u00fdkonu valca. Vysokokvalitn\u00e9 tesnenia, ako s\u00fa tesnenia piestov a ty\u010d\u00ed, by mali by\u0165 vyroben\u00e9 z odoln\u00fdch materi\u00e1lov, ako je polyuret\u00e1n a nitrilov\u00e1 guma, aby odolali opotrebovaniu a environment\u00e1lnym faktorom. Zabezpe\u010denie spr\u00e1vneho tesniaceho mechanizmu m\u00f4\u017ee v\u00fdrazne zn\u00ed\u017ei\u0165 n\u00e1klady na \u00fadr\u017ebu a prestoje.<\/p>\n<h3>Trvanlivos\u0165<\/h3>\n<p>Trvanlivos\u0165 je \u010fal\u0161\u00edm k\u013e\u00fa\u010dov\u00fdm faktorom pri kon\u0161trukcii valcov v\u00fdlo\u017en\u00edka. Mali by by\u0165 skon\u0161truovan\u00e9 tak, aby odolali n\u00e1ro\u010dn\u00fdm prev\u00e1dzkov\u00fdm podmienkam vr\u00e1tane vysok\u00e9ho tlaku, extr\u00e9mnych tepl\u00f4t a vystavenia sa kontaminantom. T\u00fato trvanlivos\u0165 mo\u017eno dosiahnu\u0165 d\u00f4kladn\u00fdm v\u00fdberom materi\u00e1lov a povrchov\u00fdmi \u00fapravami, ktor\u00e9 zvy\u0161uj\u00fa odolnos\u0165 proti opotrebovaniu. Pravideln\u00e9 hodnotenie stavu valca m\u00f4\u017ee pom\u00f4c\u0165 identifikova\u0165 potenci\u00e1lne probl\u00e9my sk\u00f4r, ako poved\u00fa k n\u00e1kladn\u00fdm oprav\u00e1m.<\/p>\n<h3>Bezpe\u010dnostn\u00e9 prvky<\/h3>\n<p>Bezpe\u010dnos\u0165 je v hydraulick\u00fdch syst\u00e9moch prvorad\u00e1. Valce v\u00fdlo\u017en\u00edka by mali by\u0165 navrhnut\u00e9 s prvkami, ktor\u00e9 zabra\u0148uj\u00fa nehod\u00e1m, ako s\u00fa napr\u00edklad pretlakov\u00e9 ventily, ktor\u00e9 umo\u017e\u0148uj\u00fa kontrolovan\u00e9 uvo\u013enenie hydraulick\u00e9ho tlaku v pr\u00edpade pre\u0165a\u017eenia syst\u00e9mu. Zabezpe\u010denie integr\u00e1cie bezpe\u010dnostn\u00fdch prvkov do kon\u0161trukcie m\u00f4\u017ee pom\u00f4c\u0165 chr\u00e1ni\u0165 obsluhu a stroje a zn\u00ed\u017ei\u0165 riziko neh\u00f4d na pracovisku.<\/p>\n<h3>Udr\u017eiavate\u013enos\u0165<\/h3>\n<p>Jednoduch\u00e1 \u00fadr\u017eba je nevyhnutn\u00e1 pre dlh\u00fa \u017eivotnos\u0165 a spo\u013eahlivos\u0165 valcov v\u00fdlo\u017en\u00edka. Dobre navrhnut\u00fd hydraulick\u00fd valec umo\u017e\u0148uje r\u00fdchly pr\u00edstup k vn\u00fatorn\u00fdm komponentom na kontrolu, mazanie a v\u00fdmenu v pr\u00edpade potreby. Pravideln\u00e9 kontroly \u00fadr\u017eby s\u00fa nevyhnutn\u00e9 na zabezpe\u010denie efekt\u00edvneho fungovania v\u0161etk\u00fdch \u010dast\u00ed a na predch\u00e1dzanie neo\u010dak\u00e1van\u00fdm poruch\u00e1m po\u010das prev\u00e1dzky.<\/p>\n<p><img decoding=\"async\" src=\"https:\/\/www.hydraulic-cylinders.net\/wp-content\/uploads\/2025\/04\/songte-oil-pipes-and-spare-parts.webp\" alt=\"Hydraulick\u00e9 diely\" \/><\/p>\n<h2>Tesnenie a mazanie hydraulick\u00e9ho valca<\/h2>\n<p>Spr\u00e1vne tesnenie a mazanie s\u00fa k\u013e\u00fa\u010dov\u00e9 pre efekt\u00edvnu prev\u00e1dzku valcov v\u00fdlo\u017en\u00edka. Pou\u017e\u00edvaj\u00fa sa r\u00f4zne tesnenia vr\u00e1tane piestnych tesnen\u00ed a tesnen\u00ed ty\u010d\u00ed, vyroben\u00e9 z materi\u00e1lov odoln\u00fdch vo\u010di opotrebovaniu, ako je polyuret\u00e1n a nitrilov\u00e1 guma. Tieto materi\u00e1ly zabezpe\u010duj\u00fa, \u017ee tesnenia odol\u00e1vaj\u00fa n\u00e1ro\u010dn\u00fdm hydraulick\u00fdm prev\u00e1dzkov\u00fdm podmienkam a prostrediu.<\/p>\n<p>Teleso valca a z\u00e1vitov\u00e9 koncov\u00e9 plochy prech\u00e1dzaj\u00fa jemn\u00fdm opracovan\u00edm, aby sa zv\u00fd\u0161ila odolnos\u0165 proti opotrebovaniu, \u010do predl\u017euje \u017eivotnos\u0165 hydraulick\u00e9ho syst\u00e9mu. Je tie\u017e nevyhnutn\u00e9 pravidelne prid\u00e1va\u0165 primeran\u00e9 mno\u017estvo hydraulick\u00e9ho oleja na mazanie, preto\u017ee to pom\u00e1ha udr\u017eiava\u0165 \u00fa\u010dinnos\u0165 syst\u00e9mu a zabra\u0148uje prehriatiu alebo nadmern\u00e9mu opotrebovaniu.<\/p>\n<h2>Opatrenia prevent\u00edvnej \u00fadr\u017eby<\/h2>\n<ul>\n<li><strong>Pravideln\u00e9 kontroly:<\/strong> Vykon\u00e1vajte \u010dast\u00e9 vizu\u00e1lne kontroly hydraulick\u00e9ho valca, \u010di nevykazuje zn\u00e1mky opotrebovania, netesnost\u00ed alebo po\u0161kodenia. V\u010dasn\u00e1 identifik\u00e1cia probl\u00e9mov m\u00f4\u017ee pom\u00f4c\u0165 predch\u00e1dza\u0165 z\u00e1va\u017enej\u0161\u00edm probl\u00e9mom v bud\u00facnosti.<\/li>\n<li><strong>Vhodn\u00e9 mazanie:<\/strong> Uistite sa, \u017ee valec je dostato\u010dne namazan\u00fd pod\u013ea \u0161pecifik\u00e1ci\u00ed v\u00fdrobcu. To pom\u00f4\u017ee udr\u017ea\u0165 hladk\u00fd chod a zn\u00ed\u017ei\u0165 trenie medzi pohybliv\u00fdmi \u010das\u0165ami.<\/li>\n<li><strong>V\u00fdmena tesnenia:<\/strong> Pravidelne kontrolujte opotrebovanie tesnen\u00ed a v pr\u00edpade potreby ich vyme\u0148te. Opotrebovan\u00e9 tesnenia m\u00f4\u017eu vies\u0165 k \u00faniku kvapaliny a zn\u00ed\u017eeniu \u00fa\u010dinnosti hydraulick\u00e9ho syst\u00e9mu.<\/li>\n<\/ul>\n<h2>Pokyny pre spr\u00e1vnu in\u0161tal\u00e1ciu<\/h2>\n<p>Spr\u00e1vna in\u0161tal\u00e1cia valca ramena je nevyhnutn\u00e1 pre jeho optim\u00e1lny v\u00fdkon. Najprv sa uistite, \u017ee v\u0161etky mont\u00e1\u017ene povrchy s\u00fa \u010dist\u00e9 a bez ne\u010dist\u00f4t. Po\u010das in\u0161tal\u00e1cie valec spr\u00e1vne zarovnajte, aby ste predi\u0161li nadmern\u00e9mu nam\u00e1haniu komponentov.<\/p>\n<p>Pou\u017eitie vhodn\u00fdch mont\u00e1\u017enych konzol na upevnenie valca je nevyhnutn\u00e9, preto\u017ee to zais\u0165uje stabilitu a zabra\u0148uje pohybu po\u010das prev\u00e1dzky. D\u00f4sledne dodr\u017eiavajte pokyny v\u00fdrobcu na in\u0161tal\u00e1ciu a venujte pozornos\u0165 \u0161pecifik\u00e1ci\u00e1m kr\u00fatiaceho momentu pre mont\u00e1\u017ene skrutky, aby ste zabezpe\u010dili ich dostato\u010dn\u00e9 utiahnutie.<\/p>\n<p>Po in\u0161tal\u00e1cii otestujte hydraulick\u00fd syst\u00e9m, aby ste sa uistili, \u017ee valec funguje hladko. Skontrolujte, \u010di nedoch\u00e1dza k netesnostiam alebo nezvy\u010dajn\u00fdm zvukom, ktor\u00e9 by mohli nazna\u010dova\u0165 probl\u00e9my s in\u0161tal\u00e1ciou. Spr\u00e1vne zarovnanie a bezpe\u010dn\u00e1 in\u0161tal\u00e1cia pred\u013a\u017eia \u017eivotnos\u0165 a \u00fa\u010dinnos\u0165 hydraulick\u00e9ho syst\u00e9mu.<\/p>\n<h2>Be\u017en\u00e9 \u00falohy \u00fadr\u017eby<\/h2>\n<ul>\n<li><strong>Pravideln\u00e9 kontroly:<\/strong> Vykon\u00e1vanie pravideln\u00fdch kontrol je k\u013e\u00fa\u010dov\u00e9 na identifik\u00e1ciu potenci\u00e1lnych probl\u00e9mov sk\u00f4r, ako sa vyhrotia. H\u013eadajte zn\u00e1mky opotrebovania a po\u0161kodenia a uistite sa, \u017ee tesnenia a spoje s\u00fa neporu\u0161en\u00e9.<\/li>\n<li><strong>Vhodn\u00e9 mazanie:<\/strong> Dodr\u017eiavajte odpor\u00fa\u010dan\u00fd pl\u00e1n mazania, aby hydraulick\u00fd valec fungoval spr\u00e1vne. Spr\u00e1vne mazanie minimalizuje trenie a opotrebenie, \u010d\u00edm zabezpe\u010duje plynul\u00fd chod.<\/li>\n<li><strong>V\u00fdmena tesnenia:<\/strong> Pravidelne sledujte stav tesnen\u00ed a vyme\u0148te ich pri prv\u00fdch zn\u00e1mkach opotrebenia. Toto prevent\u00edvne opatrenie pom\u00e1ha udr\u017eiava\u0165 \u00fa\u010dinnos\u0165 syst\u00e9mu a zabra\u0148uje \u00fanikom.<\/li>\n<\/ul>\n<p>In\u0161tal\u00e1cia si tie\u017e vy\u017eaduje zabezpe\u010denie spr\u00e1vneho zarovnania valca, aby sa predi\u0161lo nam\u00e1haniu a pred\u010dasn\u00e9mu zlyhaniu. Pou\u017eitie spr\u00e1vnych mont\u00e1\u017enych konzol m\u00f4\u017ee v\u00fdrazne zlep\u0161i\u0165 stabilitu a prev\u00e1dzkov\u00fa \u00fa\u010dinnos\u0165. Pravideln\u00e9 kontroly, opravy a v\u00fdmena dielov pred\u013a\u017eia \u017eivotnos\u0165 valca ramena a zabezpe\u010dia, \u017ee bude na\u010falej fungova\u0165 \u010do najlep\u0161ie.<\/p>\n<p><img decoding=\"async\" src=\"https:\/\/www.hydraulic-cylinders.net\/wp-content\/uploads\/2025\/04\/songte-chushion-collar.webp\" alt=\"Vank\u00fa\u0161ov\u00fd golier\" \/><\/p>\n<h2>Bezpe\u010dnostn\u00e9 aspekty a faktory prostredia<\/h2>\n<p>Pri pr\u00e1ci s hydraulick\u00fdmi syst\u00e9mami s\u00fa bezpe\u010dnostn\u00e9 opatrenia nevyhnutn\u00e9 na ochranu obsluhy a zariaden\u00ed. Pri manipul\u00e1cii s hydraulick\u00fdmi valcami v\u017edy dodr\u017eiavajte bezpe\u010dnostn\u00e9 protokoly vr\u00e1tane nosenia vhodn\u00fdch osobn\u00fdch ochrann\u00fdch prostriedkov (OOP). Zabezpe\u010dte, aby v\u0161etci oper\u00e1tori boli vy\u0161kolen\u00ed v bezpe\u010dn\u00fdch prev\u00e1dzkov\u00fdch postupoch a rozumeli potenci\u00e1lnym nebezpe\u010denstv\u00e1m spojen\u00fdm s hydraulick\u00fdmi syst\u00e9mami.<\/p>\n<p>Okrem toho by sa nemali prehliada\u0165 ani environment\u00e1lne aspekty. Spr\u00e1vna likvid\u00e1cia hydraulick\u00fdch kvapal\u00edn a in\u00fdch materi\u00e1lov je nevyhnutn\u00e1 pre minimaliz\u00e1ciu vplyvu na \u017eivotn\u00e9 prostredie. Pravideln\u00e1 \u00fadr\u017eba a monitorovanie hydraulick\u00fdch syst\u00e9mov m\u00f4\u017ee pom\u00f4c\u0165 predch\u00e1dza\u0165 \u00fanikom a \u010falej chr\u00e1ni\u0165 obsluhu aj okolit\u00e9 prostredie.<\/p>\n<h2>Rie\u0161enie probl\u00e9mov a be\u017en\u00e9 probl\u00e9my<\/h2>\n<ul>\n<li><strong>Zn\u00ed\u017een\u00fd v\u00fdkon:<\/strong> Ak valec v\u00fdlo\u017en\u00edka vykazuje zn\u00ed\u017een\u00fd v\u00fdkon alebo citlivos\u0165, skontrolujte hladinu hydraulickej kvapaliny, \u00faniky alebo upchatia v hydraulick\u00fdch potrubiach. Tieto probl\u00e9my m\u00f4\u017eu v\u00fdrazne zn\u00ed\u017ei\u0165 v\u00fdkon.<\/li>\n<li><strong>\u00daniky tekut\u00edn:<\/strong> K \u00fanikom m\u00f4\u017ee d\u00f4js\u0165 v d\u00f4sledku opotrebovan\u00fdch tesnen\u00ed alebo po\u0161koden\u00fdch komponentov. Pravidelne kontrolujte v\u0161etky tesnenia a hadice a vyme\u0148te v\u0161etky po\u0161koden\u00e9 diely, aby ste predi\u0161li \u010fal\u0161iemu \u00faniku kvapaliny.<\/li>\n<li><strong>Nezvy\u010dajn\u00e9 zvuky:<\/strong> Nezvy\u010dajn\u00e9 zvuky po\u010das prev\u00e1dzky m\u00f4\u017eu nazna\u010dova\u0165 vn\u00fatorn\u00e9 probl\u00e9my, ako je kavit\u00e1cia alebo mechanick\u00e9 opotrebovanie. Presk\u00famajte zdroj hluku a okam\u017eite ho odstr\u00e1\u0148te, aby ste predi\u0161li rozsiahlemu po\u0161kodeniu.<\/li>\n<\/ul>\n<h2>Tipy a rie\u0161enia probl\u00e9mov<\/h2>\n<p>\u00da\u010dinn\u00e9 rie\u0161enie probl\u00e9mov zah\u0155\u0148a identifik\u00e1ciu z\u00e1kladnej pr\u00ed\u010diny probl\u00e9mov a okam\u017eit\u00fa implement\u00e1ciu rie\u0161en\u00ed. V pr\u00edpade zn\u00ed\u017een\u00e9ho v\u00fdkonu skontrolujte hladinu hydraulickej kvapaliny a odvzdu\u0161nite syst\u00e9m, aby ste odstr\u00e1nili v\u0161etky vzduchov\u00e9 bubliny, ktor\u00e9 sa mohli vytvori\u0165.<\/p>\n<p>Aby ste odstr\u00e1nili \u00faniky kvapal\u00edn, d\u00f4kladne skontrolujte tesnenia a hadice a v pr\u00edpade potreby vyme\u0148te v\u0161etky opotrebovan\u00e9 alebo po\u0161koden\u00e9 komponenty. Pravideln\u00e1 \u00fadr\u017eba m\u00f4\u017ee minimalizova\u0165 v\u00fdskyt tak\u00fdchto probl\u00e9mov. V pr\u00edpade nezvy\u010dajn\u00fdch zvukov m\u00f4\u017ee d\u00f4kladn\u00e1 kontrola hydraulick\u00e9ho syst\u00e9mu odhali\u0165 z\u00e1kladn\u00e9 mechanick\u00e9 probl\u00e9my, ktor\u00e9 si vy\u017eaduj\u00fa pozornos\u0165.<\/p>\n<p><img decoding=\"async\" src=\"https:\/\/www.hydraulic-cylinders.net\/wp-content\/uploads\/2025\/04\/songte-bushings-with-all-kinds-of-excavator-models.webp\" alt=\"Obr\u00e1zok puzdier\" \/><\/p>\n<h2>Preh\u013ead spolo\u010dnosti<\/h2>\n<p>Sme popredn\u00fdm v\u00fdrobcom n\u00e1hradn\u00fdch hydraulick\u00fdch valcov a pon\u00fakame komplexn\u00fd sortiment produktov, ktor\u00e9 uspokoja dom\u00e1ci aj medzin\u00e1rodn\u00fd trh. N\u00e1\u0161 z\u00e1v\u00e4zok k dokonalosti n\u00e1s vedie k dodr\u017eiavaniu vysok\u00fdch \u0161tandardov kvality a z\u00e1rove\u0148 k vyu\u017e\u00edvaniu pokro\u010dil\u00fdch v\u00fdrobn\u00fdch a mana\u017e\u00e9rskych strat\u00e9gi\u00ed.<\/p>\n<p>Na\u0161e v\u00fdrobn\u00e9 zariadenia vyu\u017e\u00edvaj\u00fa najmodernej\u0161ie technol\u00f3gie a kvalifikovan\u00fd technick\u00fd person\u00e1l na zlep\u0161enie na\u0161ich v\u00fdrobn\u00fdch kapac\u00edt. V ka\u017edom aspekte n\u00e1\u0161ho v\u00fdrobn\u00e9ho procesu kladieme d\u00f4raz na kvalitu a zabezpe\u010dujeme, aby na\u0161e produkty sp\u013a\u0148ali rozmanit\u00e9 potreby na\u0161ich z\u00e1kazn\u00edkov. Na\u0161u robustn\u00fa v\u00fdrobn\u00fa platformu podporuje sofistikovan\u00fd syst\u00e9m kontroly kvality, ktor\u00fd n\u00e1m umo\u017e\u0148uje konzistentne dod\u00e1va\u0165 efekt\u00edvne, presn\u00e9 a vysoko kvalitn\u00e9 produkty.<\/p>\n<p>Na\u0161a ponuka okrem toho zah\u0155\u0148a rie\u0161enia na mieru prisp\u00f4soben\u00e9 \u0161pecifick\u00fdm prev\u00e1dzkov\u00fdm po\u017eiadavk\u00e1m, ktor\u00e9 s\u00fa podporen\u00e9 silnou popredajnou podporou s cie\u013eom zabezpe\u010di\u0165 spokojnos\u0165 z\u00e1kazn\u00edkov po\u010das cel\u00e9ho \u017eivotn\u00e9ho cyklu produktu.<\/p>\n<p><img decoding=\"async\" src=\"https:\/\/www.hydraulic-cylinders.net\/wp-content\/uploads\/2025\/04\/songte-company-4.webp\" alt=\"Obr\u00e1zok spolo\u010dnosti 1\" \/><br \/>\n<img decoding=\"async\" src=\"https:\/\/www.hydraulic-cylinders.net\/wp-content\/uploads\/2025\/04\/songte-company-3.webp\" alt=\"Obr\u00e1zok spolo\u010dnosti 2\" \/><\/p>\n<p>Autor: lyl<\/p>","protected":false},"excerpt":{"rendered":"<p>Boom Cylinder For Case Large Excavator CX300B Introduction to Boom Cylinder The Boom Cylinder is an essential hydraulic component designed specifically for controlling the movement of buckets in heavy machinery such as excavators, backhoes, and front loaders. This hydraulic cylinder allows the bucket to lift, lower, and tilt, facilitating efficient material handling tasks. Operating within [&hellip;]<\/p>","protected":false},"featured_media":17876,"comment_status":"open","ping_status":"closed","template":"","meta":{"_et_pb_use_builder":"","_et_pb_old_content":"","_et_gb_content_width":""},"product_brand":[],"product_cat":[1546],"product_tag":[1547,1496],"class_list":{"0":"post-19447","1":"product","2":"type-product","3":"status-publish","4":"has-post-thumbnail","6":"product_cat-boom-cylinders","7":"product_tag-boom-cylinders","8":"product_tag-hydraulic-cylinders","10":"first","11":"instock","12":"shipping-taxable","13":"product-type-simple"},"amp_enabled":true,"_links":{"self":[{"href":"https:\/\/www.hydraulic-cylinders.net\/sk\/wp-json\/wp\/v2\/product\/19447","targetHints":{"allow":["GET"]}}],"collection":[{"href":"https:\/\/www.hydraulic-cylinders.net\/sk\/wp-json\/wp\/v2\/product"}],"about":[{"href":"https:\/\/www.hydraulic-cylinders.net\/sk\/wp-json\/wp\/v2\/types\/product"}],"replies":[{"embeddable":true,"href":"https:\/\/www.hydraulic-cylinders.net\/sk\/wp-json\/wp\/v2\/comments?post=19447"}],"wp:featuredmedia":[{"embeddable":true,"href":"https:\/\/www.hydraulic-cylinders.net\/sk\/wp-json\/wp\/v2\/media\/17876"}],"wp:attachment":[{"href":"https:\/\/www.hydraulic-cylinders.net\/sk\/wp-json\/wp\/v2\/media?parent=19447"}],"wp:term":[{"taxonomy":"product_brand","embeddable":true,"href":"https:\/\/www.hydraulic-cylinders.net\/sk\/wp-json\/wp\/v2\/product_brand?post=19447"},{"taxonomy":"product_cat","embeddable":true,"href":"https:\/\/www.hydraulic-cylinders.net\/sk\/wp-json\/wp\/v2\/product_cat?post=19447"},{"taxonomy":"product_tag","embeddable":true,"href":"https:\/\/www.hydraulic-cylinders.net\/sk\/wp-json\/wp\/v2\/product_tag?post=19447"}],"curies":[{"name":"pracovn\u00fd list","href":"https:\/\/api.w.org\/{rel}","templated":true}]}}