{"id":19451,"date":"2025-04-07T06:48:13","date_gmt":"2025-04-07T06:48:13","guid":{"rendered":"https:\/\/www.hydraulic-cylinders.net\/product\/boom-cylinder-for-case-wheel-excavator-wx148\/"},"modified":"2025-04-07T06:48:15","modified_gmt":"2025-04-07T06:48:15","slug":"boom-cylinder-for-case-wheel-excavator-wx148","status":"publish","type":"product","link":"https:\/\/www.hydraulic-cylinders.net\/sk\/produkt\/boom-cylinder-for-case-wheel-excavator-wx148\/","title":{"rendered":"Valec v\u00fdlo\u017en\u00edka pre kolesov\u00e9 r\u00fdpadlo Case WX148"},"content":{"rendered":"<h1>Valec v\u00fdlo\u017en\u00edka pre kolesov\u00e9 r\u00fdpadlo Case WX148<\/h1>\n<h2>Preh\u013ead valca ramena<\/h2>\n<p>Hydraulick\u00fd valec v\u00fdlo\u017en\u00edka, tie\u017e zn\u00e1my ako valec vedra, je d\u00f4le\u017eitou s\u00fa\u010das\u0165ou hydraulick\u00fdch syst\u00e9mov pou\u017e\u00edvan\u00fdch v \u0165a\u017ek\u00fdch strojoch, ako s\u00fa r\u00fdpadl\u00e1, r\u00fdpadlo-naklada\u010de a \u010deln\u00e9 naklada\u010de. Tento hydraulick\u00fd valec je \u0161peci\u00e1lne navrhnut\u00fd na ovl\u00e1danie pohybu vedra, \u010do umo\u017e\u0148uje jeho zdv\u00edhanie, sp\u00fa\u0161\u0165anie a nakl\u00e1\u0148anie pod\u013ea potreby pri r\u00f4znych \u00faloh\u00e1ch manipul\u00e1cie s materi\u00e1lom. Funk\u010dnos\u0165 valcov v\u00fdlo\u017en\u00edka je nevyhnutn\u00e1 pre efekt\u00edvnu prev\u00e1dzku v stavebn\u00edctve, ter\u00e9nnych \u00faprav\u00e1ch a bansk\u00fdch aplik\u00e1ci\u00e1ch. V\u010faka presn\u00e9mu ovl\u00e1daniu pohybov vedra tieto valce zvy\u0161uj\u00fa produktivitu a zabezpe\u010duj\u00fa efekt\u00edvne vykon\u00e1vanie \u00faloh, ako je kopanie, zdv\u00edhanie a preprava materi\u00e1lov.<\/p>\n<p><img decoding=\"async\" src=\"https:\/\/www.hydraulic-cylinders.net\/wp-content\/uploads\/2025\/04\/songte-company-1.webp\" alt=\"Valec v\u00fdlo\u017en\u00edka\"><\/p>\n<h3>Vlastnosti valca v\u00fdlo\u017en\u00edka<\/h3>\n<ul>\n<li><strong>Vysok\u00e1 pevnos\u0165 a odolnos\u0165:<\/strong> Tieto valce, vyroben\u00e9 z vysokopevnostnej ocele alebo hlin\u00edka, s\u00fa navrhnut\u00e9 tak, aby odolali vysok\u00e9mu tlaku a ve\u013ek\u00e9mu za\u0165a\u017eeniu, v\u010faka \u010domu s\u00fa vhodn\u00e9 do n\u00e1ro\u010dn\u00fdch pracovn\u00fdch prostred\u00ed. S\u00fa skon\u0161truovan\u00e9 s oh\u013eadom na odolnos\u0165 vo\u010di opotrebovaniu a kor\u00f3zii, \u010do predl\u017euje ich \u017eivotnos\u0165.<\/li>\n<li><strong>Efekt\u00edvna hydraulick\u00e1 prev\u00e1dzka:<\/strong> V\u010faka hydraulick\u00e9mu tlaku oleja zabezpe\u010duje valec v\u00fdlo\u017en\u00edka plynul\u00e9 vys\u00favanie a zas\u00favanie, \u010do umo\u017e\u0148uje r\u00fdchlu reakciu na ovl\u00e1dacie povely a dosahuje zna\u010dn\u00e9 tla\u010dn\u00e9 a \u0165a\u017en\u00e9 sily potrebn\u00e9 na zvl\u00e1dnutie \u0165a\u017ek\u00fdch a zlo\u017eit\u00fdch \u00faloh.<\/li>\n<li><strong>R\u00f4zne typy:<\/strong> Mo\u017enosti jedno\u010dinn\u00fdch (pracuj\u00facich iba v jednom smere) a dvoj\u010dinn\u00fdch (pracuj\u00facich v oboch smeroch) valcov uspokoja r\u00f4zne prev\u00e1dzkov\u00e9 potreby. Niektor\u00e9 modely s\u00fa teleskopick\u00e9, \u010do umo\u017e\u0148uje v\u00e4\u010d\u0161ie vysunutie bez zv\u00e4\u010d\u0161enia vonkaj\u0161\u00edch rozmerov, v\u010faka \u010domu s\u00fa ide\u00e1lne pre aplik\u00e1cie s obmedzen\u00fdm priestorom.<\/li>\n<\/ul>\n<h2>Na\u0161e v\u00fdrobn\u00e9 mo\u017enosti<\/h2>\n<p>\u0160pecializujeme sa na v\u00fdrobu vysoko kvalitn\u00fdch hydraulick\u00fdch valcov v\u00fdlo\u017en\u00edka, ktor\u00e9 dok\u00e1\u017eu dokonale nahradi\u0165 existuj\u00face hydraulick\u00e9 valce v r\u00f4znych aplik\u00e1ci\u00e1ch.<\/p>\n<p><img decoding=\"async\" src=\"https:\/\/www.hydraulic-cylinders.net\/wp-content\/uploads\/2025\/04\/songte-cylinder-head-with-all-kinds-excavator-models.webp\" alt=\"Modely bagrov\"><\/p>\n<h2>Aplik\u00e1cie valca v\u00fdlo\u017en\u00edka<\/h2>\n<h3>Stavebn\u00e9 stroje<\/h3>\n<p>V r\u00fdpadl\u00e1ch hraj\u00fa valce v\u00fdlo\u017en\u00edka k\u013e\u00fa\u010dov\u00fa \u00falohu pri kopan\u00ed, nakladan\u00ed a premiest\u0148ovan\u00ed zeminy alebo sutiny. U\u013eah\u010duj\u00fa kopanie t\u00fdm, \u017ee umo\u017e\u0148uj\u00fa ly\u017eici prenikn\u00fa\u0165 do zeme, v\u010faka \u010domu s\u00fa nevyhnutn\u00e9 v stavebn\u00fdch projektoch. V r\u00fdpadlo-naklada\u010doch valec v\u00fdlo\u017en\u00edka nielen pom\u00e1ha pri v\u00fdkopov\u00fdch pr\u00e1cach, ale aj pri zdv\u00edhan\u00ed materi\u00e1lov, \u010do dokazuje jeho v\u0161estrannos\u0165 pri r\u00f4znych \u00faloh\u00e1ch.<\/p>\n<h3>Po\u013enohospod\u00e1rske stroje<\/h3>\n<p>V \u010deln\u00fdch naklada\u010doch s\u00fa valce v\u00fdlo\u017en\u00edka nevyhnutn\u00e9 na naberanie, zdv\u00edhanie a prepravu p\u00f4dy, sena a in\u00fdch materi\u00e1lov. Umo\u017e\u0148uj\u00fa obsluhe vykon\u00e1va\u0165 r\u00f4zne funkcie, od nakladania obilia a\u017e po premiest\u0148ovanie zeminy, \u010do poukazuje na ich d\u00f4le\u017eitos\u0165 v po\u013enohospod\u00e1rskych oper\u00e1ci\u00e1ch.<\/p>\n<h3>R\u00fdpadl\u00e1<\/h3>\n<p>Valec v\u00fdlo\u017en\u00edka umo\u017e\u0148uje ly\u017eici r\u00fdpadla prenikn\u00fa\u0165 do p\u00f4dy, \u010do umo\u017e\u0148uje efekt\u00edvne kopanie. T\u00e1to schopnos\u0165 je k\u013e\u00fa\u010dov\u00e1 pre v\u00fdkopov\u00e9 \u00falohy v stavebn\u00edctve, ter\u00e9nnych \u00faprav\u00e1ch a in\u017einierskych sie\u0165ach, kde sa vy\u017eaduje presn\u00e9 kopanie.<\/p>\n<h3>Naklada\u010de<\/h3>\n<p>V \u010deln\u00fdch naklada\u010doch pom\u00e1haj\u00fa valce v\u00fdlo\u017en\u00edka pri efekt\u00edvnom zdv\u00edhan\u00ed a vykladan\u00ed bremien. Ich kon\u0161trukcia umo\u017e\u0148uje obsluhe efekt\u00edvne manipulova\u0165 s materi\u00e1lmi, od nakladania a\u017e po vykladanie, \u010d\u00edm sa zabezpe\u010duje produktivita pri r\u00f4znych nakladac\u00edch a stavebn\u00fdch \u00faloh\u00e1ch.<\/p>\n<h2>\u00davahy o dizajne a krit\u00e9ri\u00e1 v\u00fdberu<\/h2>\n<h3>Nosnos\u0165<\/h3>\n<p>Pri v\u00fdbere valca ramena je nosnos\u0165 kritick\u00fdm faktorom. Ur\u010duje schopnos\u0165 valca zvl\u00e1dnu\u0165 \u0161pecifick\u00e9 hmotnosti po\u010das prev\u00e1dzky. V\u00fdrobcovia musia zabezpe\u010di\u0165, aby nosnos\u0165 sp\u013a\u0148ala alebo prevy\u0161ovala po\u017eiadavky stroja, v ktorom sa bude pou\u017e\u00edva\u0165, preto\u017ee podhodnotenie m\u00f4\u017ee vies\u0165 k poruche valca a nebezpe\u010dn\u00fdm pracovn\u00fdm podmienkam.<\/p>\n<h3>Tesniaci v\u00fdkon<\/h3>\n<p>\u00da\u010dinn\u00e9 tesnenie je nevyhnutn\u00e9 na zabr\u00e1nenie \u00faniku hydraulickej kvapaliny a udr\u017eanie tlaku v syst\u00e9me. Kvalitn\u00e9 tesnenia zvy\u0161uj\u00fa spo\u013eahlivos\u0165 a \u017eivotnos\u0165 valca v\u00fdlo\u017en\u00edka. Spr\u00e1vne tesnenie tie\u017e zabra\u0148uje kontamin\u00e1cii hydraulickej kvapaliny, ktor\u00e1 by inak mohla zhor\u0161i\u0165 v\u00fdkon a vies\u0165 k n\u00e1kladn\u00fdm oprav\u00e1m.<\/p>\n<h3>Trvanlivos\u0165<\/h3>\n<p>Trvanlivos\u0165 je prvorad\u00e1 pre valce ramena pracuj\u00face v n\u00e1ro\u010dn\u00fdch podmienkach. Faktory, ako je v\u00fdber materi\u00e1lu, povrchov\u00e1 \u00faprava a kon\u0161truk\u010dn\u00e9 detaily, prispievaj\u00fa k celkovej odolnosti valca. Dobre navrhnut\u00fd valec dok\u00e1\u017ee odola\u0165 extr\u00e9mnym teplot\u00e1m, vlhkosti a abraz\u00edvnym materi\u00e1lom, \u010d\u00edm zabezpe\u010d\u00ed, \u017ee zostane funk\u010dn\u00fd po dlh\u0161iu dobu.<\/p>\n<h3>Bezpe\u010dnostn\u00e9 prvky<\/h3>\n<p>Bezpe\u010dnos\u0165 je pri kon\u0161trukcii valcov v\u00fdlo\u017en\u00edka najvy\u0161\u0161ou prioritou. Funkcie, ako s\u00fa pretlakov\u00e9 ventily a bezpe\u010dnostn\u00e9 z\u00e1mky, pom\u00e1haj\u00fa predch\u00e1dza\u0165 nehod\u00e1m po\u010das prev\u00e1dzky. Zabezpe\u010denie t\u00fdchto bezpe\u010dnostn\u00fdch opatren\u00ed je nevyhnutn\u00e9 pre ochranu obsluhy a zariadenia, ako aj pre udr\u017eanie bezpe\u010dn\u00e9ho pracovn\u00e9ho prostredia.<\/p>\n<h3>Udr\u017eiavate\u013enos\u0165<\/h3>\n<p>Navrhovanie valcov ramena pre jednoduch\u00fa \u00fadr\u017ebu m\u00f4\u017ee v\u00fdrazne pred\u013a\u017ei\u0165 ich \u017eivotnos\u0165. Uprednost\u0148ova\u0165 by sa mali funkcie, ktor\u00e9 umo\u017e\u0148uj\u00fa r\u00fdchle kontroly a opravy, ako s\u00fa napr\u00edklad pr\u00edstupn\u00e9 tesnenia a spoje. Toto zoh\u013eadnenie nielen pom\u00e1ha pri be\u017enej \u00fadr\u017ebe, ale tie\u017e zni\u017euje prestoje a zvy\u0161uje celkov\u00fa produktivitu.<\/p>\n<p><img decoding=\"async\" src=\"https:\/\/www.hydraulic-cylinders.net\/wp-content\/uploads\/2025\/04\/songte-oil-pipes-and-spare-parts.webp\" alt=\"Hydraulick\u00e9 diely\"><\/p>\n<h2>Tesnenie a mazanie<\/h2>\n<p>V\u00fdkon valca v\u00fdlo\u017en\u00edka vo ve\u013ekej miere z\u00e1vis\u00ed od jeho tesniacich a mazac\u00edch syst\u00e9mov. R\u00f4zne tesnenia, vr\u00e1tane tesnen\u00ed piestov a tesnen\u00ed ty\u010d\u00ed, s\u00fa k\u013e\u00fa\u010dov\u00e9 pre udr\u017eiavanie hydraulick\u00e9ho tlaku a prevenciu \u00fanikov. Tesnenia vyroben\u00e9 z materi\u00e1lov odoln\u00fdch vo\u010di opotrebovaniu, ako je polyuret\u00e1n a nitrilov\u00fd kau\u010duk, s\u00fa uprednost\u0148ovan\u00e9 pre svoju trvanlivos\u0165 a \u00fa\u010dinnos\u0165. Okrem toho, teleso valca a z\u00e1vitov\u00e9 koncov\u00e9 plochy prech\u00e1dzaj\u00fa presn\u00fdm obr\u00e1ban\u00edm, aby sa zv\u00fd\u0161ila odolnos\u0165 vo\u010di opotrebovaniu. Pravideln\u00e9 mazanie hydraulick\u00fdm olejom je nevyhnutn\u00e9 pre zabezpe\u010denie plynul\u00e9ho chodu a prevenciu nadmern\u00e9ho opotrebovania.<\/p>\n<h2>Pravideln\u00e1 \u00fadr\u017eba a prevent\u00edvne opatrenia<\/h2>\n<ul>\n<li><strong>Pravideln\u00e9 kontroly:<\/strong> Vykon\u00e1vajte pravideln\u00e9 kontroly valca ramena, \u010di nevykazuje zn\u00e1mky opotrebovania, netesnost\u00ed alebo po\u0161kodenia. V\u010dasn\u00e9 odhalenie probl\u00e9mov m\u00f4\u017ee zabr\u00e1ni\u0165 n\u00e1kladn\u00fdm oprav\u00e1m a prestojom.<\/li>\n<li><strong>Vhodn\u00e9 mazanie:<\/strong> Uistite sa, \u017ee hladina hydraulick\u00e9ho oleja je dostato\u010dn\u00e1 a \u017ee olej je \u010dist\u00fd. Pravideln\u00e1 v\u00fdmena oleja a kvalitn\u00e9 mazanie pred\u013a\u017eia \u017eivotnos\u0165 valca.<\/li>\n<li><strong>V\u00fdmena tesnenia:<\/strong> Pravidelne kontrolujte tesnenia, \u010di nie s\u00fa opotrebovan\u00e9, a pod\u013ea potreby ich vyme\u0148te, aby ste udr\u017eali hydraulick\u00fd tlak a predi\u0161li \u00fanikom.<\/li>\n<\/ul>\n<h2>Pokyny pre spr\u00e1vnu in\u0161tal\u00e1ciu<\/h2>\n<p>Spr\u00e1vna in\u0161tal\u00e1cia valca v\u00fdlo\u017en\u00edka je k\u013e\u00fa\u010dov\u00e1 pre optim\u00e1lny v\u00fdkon. Za\u010dnite t\u00fdm, \u017ee sa uist\u00edte, \u017ee je valec spr\u00e1vne zarovnan\u00fd s mont\u00e1\u017enymi bodmi na stroji. Na upevnenie valca na mieste pou\u017eite vhodn\u00e9 mont\u00e1\u017ene konzoly, aby ste zabezpe\u010dili jeho plynul\u00fd chod bez prek\u00e1\u017eok. Dodr\u017eiavajte \u0161pecifik\u00e1cie v\u00fdrobcu t\u00fdkaj\u00face sa nastavenia kr\u00fatiaceho momentu na skrutk\u00e1ch, aby ste predi\u0161li ich uvo\u013eneniu po\u010das prev\u00e1dzky. Nakoniec pred prev\u00e1dzkou stroja skontrolujte, \u010di s\u00fa v\u0161etky hydraulick\u00e9 pripojenia pevn\u00e9 a bez \u00fanikov.<\/p>\n<h2>Be\u017en\u00e9 \u00falohy \u00fadr\u017eby<\/h2>\n<h3>Pravideln\u00e9 kontroly<\/h3>\n<p>Vykon\u00e1vanie pravideln\u00fdch kontrol je nevyhnutn\u00e9 na identifik\u00e1ciu potenci\u00e1lnych probl\u00e9mov sk\u00f4r, ako sa vyhrotia. Skontrolujte valec, \u010di nevykazuje vidite\u013en\u00e9 zn\u00e1mky po\u0161kodenia, ako s\u00fa prelia\u010diny, netesnosti alebo kor\u00f3zia. Kontrola spr\u00e1vneho zarovnania a zabezpe\u010denie bezpe\u010dn\u00e9ho upev\u0148ovacieho materi\u00e1lu m\u00f4\u017ee pom\u00f4c\u0165 udr\u017ea\u0165 prev\u00e1dzkov\u00fa efektivitu.<\/p>\n<h3>Vhodn\u00e9 mazanie<\/h3>\n<p>Zabezpe\u010denie dostato\u010dn\u00e9ho mazania je k\u013e\u00fa\u010dom k prevencii pred\u010dasn\u00e9ho opotrebenia a udr\u017eaniu v\u00fdkonu valca v\u00fdlo\u017en\u00edka. Pou\u017e\u00edvajte odpor\u00fa\u010dan\u00fd typ hydraulick\u00e9ho oleja a dodr\u017eiavajte pokyny v\u00fdrobcu t\u00fdkaj\u00face sa intervalov mazania. Spr\u00e1vne mazanie nielen zvy\u0161uje \u00fa\u010dinnos\u0165, ale aj predl\u017euje \u017eivotnos\u0165 valca.<\/p>\n<h3>V\u00fdmena tesnenia a kontroly kalibr\u00e1cie<\/h3>\n<p>Tesnenia sa \u010dasom m\u00f4\u017eu opotrebova\u0165 a je potrebn\u00e9 ich vymeni\u0165. Pravidelne kontrolujte stav tesnen\u00ed a v pr\u00edpade potreby ich vyme\u0148te. Kalibra\u010dn\u00e9 kontroly s\u00fa rovnako d\u00f4le\u017eit\u00e9, aby sa zabezpe\u010dilo, \u017ee valec pracuje v r\u00e1mci \u0161pecifikovan\u00fdch parametrov a po\u010das prev\u00e1dzky si zachov\u00e1va presnos\u0165.<\/p>\n<p><img decoding=\"async\" src=\"https:\/\/www.hydraulic-cylinders.net\/wp-content\/uploads\/2025\/04\/songte-chushion-collar.webp\" alt=\"Vank\u00fa\u0161ov\u00fd golier\"><\/p>\n<h2>Bezpe\u010dnostn\u00e9 aspekty a faktory prostredia<\/h2>\n<p>Bezpe\u010dnostn\u00e9 opatrenia pri pou\u017e\u00edvan\u00ed valcov v\u00fdlo\u017en\u00edka s\u00fa k\u013e\u00fa\u010dov\u00e9. Obsluha mus\u00ed by\u0165 vy\u0161kolen\u00e1, aby rozumela mo\u017enostiam a obmedzeniam hydraulick\u00e9ho syst\u00e9mu. Zabezpe\u010denie in\u0161tal\u00e1cie bezpe\u010dnostn\u00fdch krytov a syst\u00e9mov n\u00fadzov\u00e9ho vypnutia m\u00f4\u017ee pom\u00f4c\u0165 predch\u00e1dza\u0165 nehod\u00e1m. Pri v\u00fdbere materi\u00e1lov pre valec v\u00fdlo\u017en\u00edka je potrebn\u00e9 zv\u00e1\u017ei\u0165 aj faktory prostredia, ako je vystavenie extr\u00e9mnym teplot\u00e1m a koroz\u00edvnym l\u00e1tkam, aby sa zabezpe\u010dil dlhotrvaj\u00faci v\u00fdkon.<\/p>\n<h2>Rie\u0161enie probl\u00e9mov a be\u017en\u00e9 probl\u00e9my<\/h2>\n<h3>\u00danik<\/h3>\n<p>\u00danik je jedn\u00fdm z naj\u010dastej\u0161\u00edch probl\u00e9mov, s ktor\u00fdmi sa stret\u00e1vame pri pou\u017e\u00edvan\u00ed valcov ramena. M\u00f4\u017ee k nemu d\u00f4js\u0165 v d\u00f4sledku opotrebovan\u00fdch tesnen\u00ed, po\u0161koden\u00fdch tesnen\u00ed alebo nespr\u00e1vnej in\u0161tal\u00e1cie. Pravideln\u00e1 kontrola a \u00fadr\u017eba m\u00f4\u017eu pom\u00f4c\u0165 v\u010das identifikova\u0165 potenci\u00e1lne \u00faniky a zabezpe\u010di\u0165, aby sa potrebn\u00e9 opravy vykonali v\u010das, aby sa predi\u0161lo prev\u00e1dzkov\u00fdm preru\u0161eniam.<\/p>\n<h3>Zn\u00ed\u017een\u00fd v\u00fdkon<\/h3>\n<p>Valec v\u00fdlo\u017en\u00edka m\u00f4\u017ee vykazova\u0165 zn\u00ed\u017een\u00fd v\u00fdkon v d\u00f4sledku kontamin\u00e1cie hydraulickej kvapaliny, vzduchu v syst\u00e9me alebo nedostato\u010dn\u00e9ho tlaku. Rie\u0161enie t\u00fdchto probl\u00e9mov zvy\u010dajne zah\u0155\u0148a prepl\u00e1chnutie syst\u00e9mu, v\u00fdmenu kontaminovanej kvapaliny a overenie spr\u00e1vnej funkcie hydraulick\u00e9ho \u010derpadla.<\/p>\n<h3>Fyzick\u00e9 po\u0161kodenie<\/h3>\n<p>Fyzick\u00e9 po\u0161kodenie m\u00f4\u017ee by\u0165 sp\u00f4soben\u00e9 extr\u00e9mnymi prev\u00e1dzkov\u00fdmi podmienkami alebo nespr\u00e1vnou manipul\u00e1ciou. Obsluha by mala by\u0165 vy\u0161kolen\u00e1 v bezpe\u010dn\u00fdch prev\u00e1dzkov\u00fdch postupoch, aby sa minimalizovalo riziko po\u0161kodenia. Pravideln\u00e9 kontroly m\u00f4\u017eu pom\u00f4c\u0165 odhali\u0165 ak\u00e9ko\u013evek probl\u00e9my sk\u00f4r, ako poved\u00fa k z\u00e1va\u017enej\u0161\u00edm probl\u00e9mom.<\/p>\n<h2>Tipy a rie\u0161enia probl\u00e9mov<\/h2>\n<p>Aby sa efekt\u00edvne diagnostikovali a rie\u0161ili be\u017en\u00e9 probl\u00e9my s valcami v\u00fdlo\u017en\u00edka, oper\u00e1tori by mali vykon\u00e1va\u0165 pravideln\u00e9 kontroly \u00fadr\u017eby a vies\u0165 podrobn\u00fd z\u00e1znam o v\u00fdkone valcov. V pr\u00edpade \u00fanikov by sa mali okam\u017eite prija\u0165 opatrenia na identifik\u00e1ciu zdroja a pod\u013ea potreby vymeni\u0165 tesnenia. V pr\u00edpadoch zn\u00ed\u017een\u00e9ho v\u00fdkonu \u010dasto kontrola stavu hydraulickej kvapaliny a zabezpe\u010denie toho, aby syst\u00e9m neobsahoval vzduch, obnov\u00ed funk\u010dnos\u0165. In\u0161tal\u00e1cia monitorovac\u00edch syst\u00e9mov m\u00f4\u017ee poskytova\u0165 \u00fadaje v re\u00e1lnom \u010dase, \u010do pom\u00e1ha predch\u00e1dza\u0165 probl\u00e9mom sk\u00f4r, ako sa zhor\u0161ia.<\/p>\n<p><img decoding=\"async\" src=\"https:\/\/www.hydraulic-cylinders.net\/wp-content\/uploads\/2025\/04\/songte-bushings-with-all-kinds-of-excavator-models.webp\" alt=\"Puzdr\u00e1\"><\/p>\n<h2>O na\u0161ej spolo\u010dnosti<\/h2>\n<p>Sme popredn\u00fdm v\u00fdrobcom n\u00e1hradn\u00fdch hydraulick\u00fdch valcov a pon\u00fakame komplexn\u00fd sortiment produktov pre dom\u00e1ci aj medzin\u00e1rodn\u00fd trh. N\u00e1\u0161 z\u00e1v\u00e4zok k dokonalosti je zrejm\u00fd v na\u0161ich prec\u00edznych v\u00fdrobn\u00fdch procesoch a d\u00f4raze na detail. Vyu\u017e\u00edvame modern\u00e9 v\u00fdrobn\u00e9 zariadenia a kvalifikovan\u00fa pracovn\u00fa silu, aby sme neust\u00e1le zdokona\u013eovali na\u0161e v\u00fdrobn\u00e9 kapacity, aby sme splnili rozmanit\u00e9 potreby z\u00e1kazn\u00edkov. Na\u0161e produkty s\u00fa medzin\u00e1rodne certifikovan\u00e9, \u010do zabezpe\u010duje s\u00falad s pr\u00edsnymi normami kvality.<\/p>\n<p>Poskytujeme slu\u017eby prisp\u00f4sobenia pod\u013ea \u0161pecifick\u00fdch po\u017eiadaviek, \u010do umo\u017e\u0148uje klientom z\u00edska\u0165 hydraulick\u00e9 valce, ktor\u00e9 vyhovuj\u00fa ich jedine\u010dn\u00fdm aplik\u00e1ci\u00e1m. N\u00e1\u0161 \u0161pecializovan\u00fd t\u00edm z\u00e1kazn\u00edckej podpory je v\u00e1m v\u017edy k dispoz\u00edcii, aby v\u00e1m pomohol s ot\u00e1zkami a zabezpe\u010dil bezprobl\u00e9mov\u00fd n\u00e1kup.<\/p>\n<p><img decoding=\"async\" src=\"https:\/\/www.hydraulic-cylinders.net\/wp-content\/uploads\/2025\/04\/songte-company-4.webp\" alt=\"Obr\u00e1zok spolo\u010dnosti\"><br \/>\n<img decoding=\"async\" src=\"https:\/\/www.hydraulic-cylinders.net\/wp-content\/uploads\/2025\/04\/songte-company-3.webp\" alt=\"Obr\u00e1zok spolo\u010dnosti\"><\/p>\n<p>Autor: lyl<\/p>","protected":false},"excerpt":{"rendered":"<p>Boom Cylinder For Case Wheel Excavator WX148 Overview of Boom Cylinder The boom cylinder, also known as a bucket cylinder, is a vital component in hydraulic systems used in heavy machinery such as excavators, backhoe loaders, and front loaders. This hydraulic cylinder is specifically designed to control the movement of the bucket, allowing it to [&hellip;]<\/p>","protected":false},"featured_media":17880,"comment_status":"open","ping_status":"closed","template":"","meta":{"_et_pb_use_builder":"","_et_pb_old_content":"","_et_gb_content_width":""},"product_brand":[],"product_cat":[1546],"product_tag":[1547,1496],"class_list":{"0":"post-19451","1":"product","2":"type-product","3":"status-publish","4":"has-post-thumbnail","6":"product_cat-boom-cylinders","7":"product_tag-boom-cylinders","8":"product_tag-hydraulic-cylinders","10":"first","11":"instock","12":"shipping-taxable","13":"product-type-simple"},"amp_enabled":true,"_links":{"self":[{"href":"https:\/\/www.hydraulic-cylinders.net\/sk\/wp-json\/wp\/v2\/product\/19451","targetHints":{"allow":["GET"]}}],"collection":[{"href":"https:\/\/www.hydraulic-cylinders.net\/sk\/wp-json\/wp\/v2\/product"}],"about":[{"href":"https:\/\/www.hydraulic-cylinders.net\/sk\/wp-json\/wp\/v2\/types\/product"}],"replies":[{"embeddable":true,"href":"https:\/\/www.hydraulic-cylinders.net\/sk\/wp-json\/wp\/v2\/comments?post=19451"}],"wp:featuredmedia":[{"embeddable":true,"href":"https:\/\/www.hydraulic-cylinders.net\/sk\/wp-json\/wp\/v2\/media\/17880"}],"wp:attachment":[{"href":"https:\/\/www.hydraulic-cylinders.net\/sk\/wp-json\/wp\/v2\/media?parent=19451"}],"wp:term":[{"taxonomy":"product_brand","embeddable":true,"href":"https:\/\/www.hydraulic-cylinders.net\/sk\/wp-json\/wp\/v2\/product_brand?post=19451"},{"taxonomy":"product_cat","embeddable":true,"href":"https:\/\/www.hydraulic-cylinders.net\/sk\/wp-json\/wp\/v2\/product_cat?post=19451"},{"taxonomy":"product_tag","embeddable":true,"href":"https:\/\/www.hydraulic-cylinders.net\/sk\/wp-json\/wp\/v2\/product_tag?post=19451"}],"curies":[{"name":"pracovn\u00fd list","href":"https:\/\/api.w.org\/{rel}","templated":true}]}}