{"id":19462,"date":"2025-04-07T06:48:53","date_gmt":"2025-04-07T06:48:53","guid":{"rendered":"https:\/\/www.hydraulic-cylinders.net\/product\/boom-cylinder-for-world-small-excavator-w2150-8\/"},"modified":"2025-04-07T06:48:55","modified_gmt":"2025-04-07T06:48:55","slug":"boom-cylinder-for-world-small-excavator-w2150-8","status":"publish","type":"product","link":"https:\/\/www.hydraulic-cylinders.net\/sk\/produkt\/boom-cylinder-for-world-small-excavator-w2150-8\/","title":{"rendered":"Valec v\u00fdlo\u017en\u00edka pre svetov\u00e9 mal\u00e9 r\u00fdpadlo W2150-8"},"content":{"rendered":"<h1>Valec v\u00fdlo\u017en\u00edka pre svetov\u00e9 mal\u00e9 r\u00fdpadlo W2150-8<\/h1>\n<h2>Defin\u00edcia valca ramena<\/h2>\n<p>Hydraulick\u00fd valec v\u00fdlo\u017en\u00edka je d\u00f4le\u017eit\u00fd hydraulick\u00fd komponent \u0161peci\u00e1lne navrhnut\u00fd na riadenie pohybu ly\u017e\u00edc v \u0165a\u017ek\u00fdch strojoch, ako s\u00fa r\u00fdpadl\u00e1, r\u00fdpadlo-naklada\u010de a \u010deln\u00e9 naklada\u010de. Tento hydraulick\u00fd valec umo\u017e\u0148uje zdv\u00edhanie, sp\u00fa\u0161\u0165anie a nakl\u00e1\u0148anie ly\u017eice, \u010do u\u013eah\u010duje efekt\u00edvnu manipul\u00e1ciu s materi\u00e1lom. Zohr\u00e1va k\u013e\u00fa\u010dov\u00fa \u00falohu v hydraulick\u00fdch syst\u00e9moch t\u00fdm, \u017ee premie\u0148a hydraulick\u00fa energiu na mechanick\u00fa silu, \u010do umo\u017e\u0148uje obsluhe vykon\u00e1va\u0165 r\u00f4zne \u00falohy s presnos\u0165ou a kontrolou. Valec v\u00fdlo\u017en\u00edka je skon\u0161truovan\u00fd tak, aby odolal vysok\u00e9mu tlaku, a zabezpe\u010dil tak spo\u013eahliv\u00fd v\u00fdkon v n\u00e1ro\u010dn\u00fdch prostrediach.<\/p>\n<p><img decoding=\"async\" src=\"https:\/\/www.hydraulic-cylinders.net\/wp-content\/uploads\/2025\/04\/songte-company-1.webp\" alt=\"Hydraulick\u00fd valec\"><\/p>\n<h2>Vlastnosti valca v\u00fdlo\u017en\u00edka<\/h2>\n<ul>\n<li><strong>Vysok\u00e1 pevnos\u0165 a odolnos\u0165:<\/strong> Vyroben\u00e9 z vysokopevnostnej ocele alebo hlin\u00edka, aby odolali vysok\u00e9mu tlaku a \u0165a\u017ek\u00e9mu za\u0165a\u017eeniu, navrhnut\u00e9 pre odolnos\u0165 proti opotrebovaniu a kor\u00f3zii pre pred\u013a\u017eenie \u017eivotnosti.<\/li>\n<li><strong>Efekt\u00edvna hydraulick\u00e1 prev\u00e1dzka:<\/strong> Vyu\u017e\u00edva hydraulick\u00fd tlak oleja pre plynul\u00e9 vys\u00favanie a zas\u00favanie, \u010do pon\u00faka r\u00fdchlu odozvu na ovl\u00e1dacie povely a v\u00fdkonn\u00e9 funkcie push-pull pre zvl\u00e1dnutie \u0165a\u017ek\u00fdch a zlo\u017eit\u00fdch \u00faloh.<\/li>\n<li><strong>R\u00f4zne typy:<\/strong> K dispoz\u00edcii s\u00fa jedno\u010dinn\u00e9 alebo dvoj\u010dinn\u00e9 valce pre r\u00f4zne prev\u00e1dzkov\u00e9 potreby. Niektor\u00e9 modely s\u00fa teleskopick\u00e9, \u010do umo\u017e\u0148uje v\u00e4\u010d\u0161ie vysunutie bez zv\u00e4\u010d\u0161enia vonkaj\u0161\u00edch rozmerov, a s\u00fa vhodn\u00e9 pre stiesnen\u00e9 aplik\u00e1cie.<\/li>\n<li><strong>Z\u00e1kazkov\u00e1 v\u00fdroba:<\/strong> Na\u0161e produkty dokonale nahr\u00e1dzaj\u00fa r\u00f4zne hydraulick\u00e9 valce, \u010d\u00edm zabezpe\u010duj\u00fa kompatibilitu a v\u00fdkon.<\/li>\n<\/ul>\n<p><img decoding=\"async\" src=\"https:\/\/www.hydraulic-cylinders.net\/wp-content\/uploads\/2025\/04\/songte-cylinder-head-with-all-kinds-excavator-models.webp\" alt=\"Modely bagrov\"><\/p>\n<h2>Aplik\u00e1cie valca v\u00fdlo\u017en\u00edka<\/h2>\n<h3>Stavebn\u00e9 stroje<\/h3>\n<p>V r\u00fdpadl\u00e1ch s\u00fa valce v\u00fdlo\u017en\u00edka nevyhnutn\u00e9 na kopanie, nakladanie a premiest\u0148ovanie zeminy alebo sutiny. Umo\u017e\u0148uj\u00fa ly\u017eici efekt\u00edvne prenika\u0165 do zeme, \u010do umo\u017e\u0148uje obsluhe efekt\u00edvne vykon\u00e1va\u0165 v\u00fdkopov\u00e9 pr\u00e1ce. V r\u00fdpadlo-naklada\u010doch valec v\u00fdlo\u017en\u00edka u\u013eah\u010duje kopanie aj zdv\u00edhanie, v\u010faka \u010domu je na stavenisk\u00e1ch nevyhnutn\u00fd.<\/p>\n<h3>Po\u013enohospod\u00e1rske stroje<\/h3>\n<p>Pou\u017e\u00edvan\u00e9 v \u010deln\u00fdch naklada\u010doch, valce v\u00fdlo\u017en\u00edka pom\u00e1haj\u00fa pri naberan\u00ed, zdv\u00edhan\u00ed a preprave p\u00f4dy, sena a in\u00fdch materi\u00e1lov. Ich schopnos\u0165 presne ovl\u00e1da\u0165 ich rob\u00ed ide\u00e1lnymi na vykon\u00e1vanie po\u013enohospod\u00e1rskych \u00faloh, kde je \u00fa\u010dinnos\u0165 a efekt\u00edvnos\u0165 k\u013e\u00fa\u010dov\u00e1.<\/p>\n<h3>R\u00fdpadl\u00e1<\/h3>\n<p>V r\u00fdpadl\u00e1ch umo\u017e\u0148uje valec v\u00fdlo\u017en\u00edka prenikn\u00fa\u0165 ly\u017eici do zeme pri kopan\u00ed. Poskytuje potrebn\u00fa silu a ovl\u00e1danie na man\u00e9vrovanie s ly\u017eicou v r\u00f4znych p\u00f4dnych podmienkach, v\u010faka \u010domu je k\u013e\u00fa\u010dovou s\u00fa\u010das\u0165ou pri zemn\u00fdch pr\u00e1cach.<\/p>\n<h3>Naklada\u010de<\/h3>\n<p>V \u010deln\u00fdch naklada\u010doch valce v\u00fdlo\u017en\u00edka efekt\u00edvne prispievaj\u00fa k zdv\u00edhaniu a vykladaniu bremien. Ich kon\u0161trukcia zabezpe\u010duje, \u017ee obsluha m\u00f4\u017ee s \u013eahkos\u0165ou manipulova\u0165 s \u0165a\u017ek\u00fdmi materi\u00e1lmi, \u010d\u00edm sa zvy\u0161uje celkov\u00e1 produktivita na pracovisku.<\/p>\n<h2>\u00davahy o dizajne a krit\u00e9ri\u00e1 v\u00fdberu<\/h2>\n<h3>Nosnos\u0165<\/h3>\n<p>Nosnos\u0165 valca v\u00fdlo\u017en\u00edka je kritick\u00fdm faktorom. Mus\u00ed by\u0165 prisp\u00f4soben\u00e1 tak, aby uniesla o\u010dak\u00e1van\u00fa hmotnos\u0165 po\u010das prev\u00e1dzky. Pre\u0165a\u017eenie m\u00f4\u017ee vies\u0165 k poruche valca, preto je nevyhnutn\u00e9 presne pos\u00fadi\u0165 prev\u00e1dzkov\u00e9 po\u017eiadavky a vybra\u0165 valec, ktor\u00fd tieto potreby sp\u013a\u0148a alebo prekra\u010duje.<\/p>\n<h3>Tesnenie<\/h3>\n<p>\u00da\u010dinn\u00e9 tesnenie je nevyhnutn\u00e9 na udr\u017eanie hydraulick\u00e9ho tlaku a predch\u00e1dzanie \u00fanikom kvapaliny. Na zv\u00fd\u0161enie odolnosti a v\u00fdkonu pri vysokotlakov\u00fdch podmienkach sa \u010dasto pou\u017e\u00edvaj\u00fa pokro\u010dil\u00e9 tesniace materi\u00e1ly, ako je polyuret\u00e1n a nitrilov\u00e1 guma, \u010d\u00edm sa zabezpe\u010duje dlh\u0161ia \u017eivotnos\u0165 valca.<\/p>\n<h3>Trvanlivos\u0165<\/h3>\n<p>Trvanlivos\u0165 je k\u013e\u00fa\u010dov\u00fdm faktorom pri kon\u0161trukcii valcov v\u00fdlo\u017en\u00edka. Mali by by\u0165 vyroben\u00e9 z odoln\u00fdch materi\u00e1lov, aby odolali n\u00e1ro\u010dn\u00fdm pracovn\u00fdm podmienkam. Pravideln\u00e1 \u00fadr\u017eba a kvalitn\u00e9 v\u00fdrobn\u00e9 procesy v\u00fdznamne prispievaj\u00fa k dlhej \u017eivotnosti valcov.<\/p>\n<h3>Bezpe\u010dnos\u0165<\/h3>\n<p>Bezpe\u010dnostn\u00e9 prvky musia by\u0165 integrovan\u00e9 do kon\u0161trukcie valcov v\u00fdlo\u017en\u00edka, aby sa predi\u0161lo nehod\u00e1m a chr\u00e1nili sa oper\u00e1tori. Patria sem mechanizmy na zn\u00ed\u017eenie tlaku a bezpe\u010dnostn\u00e9 z\u00e1mky, ktor\u00e9 zabezpe\u010duj\u00fa, \u017ee valec funguje v bezpe\u010dn\u00fdch medziach, \u010d\u00edm sa zni\u017euj\u00fa rizik\u00e1 po\u010das prev\u00e1dzky.<\/p>\n<h3>Udr\u017eiavate\u013enos\u0165<\/h3>\n<p>Jednoduch\u00e1 \u00fadr\u017eba je \u010fal\u0161\u00edm kritick\u00fdm faktorom pri v\u00fdbere valca v\u00fdlo\u017en\u00edka. Kon\u0161trukcia by mala umo\u017e\u0148ova\u0165 jednoduch\u00fd pr\u00edstup ku komponentom na kontrolu a servis. To skracuje prestoje a udr\u017eiava zariadenie v prev\u00e1dzkyschopnom stave.<\/p>\n<p><img decoding=\"async\" src=\"https:\/\/www.hydraulic-cylinders.net\/wp-content\/uploads\/2025\/04\/songte-oil-pipes-and-spare-parts.webp\" alt=\"Hydraulick\u00e9 diely\"><\/p>\n<h2>Tesnenie a mazanie hydraulick\u00e9ho valca<\/h2>\n<p>Spr\u00e1vne tesnenie a mazanie s\u00fa nevyhnutn\u00e9 pre optim\u00e1lny v\u00fdkon valcov v\u00fdlo\u017en\u00edka. Na udr\u017eanie hydraulick\u00e9ho tlaku a zabr\u00e1nenie \u00fanikom sa pou\u017e\u00edvaj\u00fa r\u00f4zne tesniace komponenty, ako s\u00fa tesnenia piestov a tesnenia ty\u010d\u00ed. Tieto tesnenia s\u00fa \u010dasto vyroben\u00e9 z odoln\u00fdch materi\u00e1lov, ako je polyuret\u00e1n a nitrilov\u00e1 guma, aby odol\u00e1vali opotrebovaniu.<\/p>\n<p>Teleso valca a z\u00e1vitov\u00e9 koncov\u00e9 plochy s\u00fa presne opracovan\u00e9, aby sa zv\u00fd\u0161ila odolnos\u0165 proti opotrebovaniu, zatia\u013e \u010do pravideln\u00e1 \u00fadr\u017eba zah\u0155\u0148a v\u010dasn\u00e9 mazanie hydraulick\u00fdm olejom, aby sa zabezpe\u010dila hladk\u00e1 prev\u00e1dzka. Pre efekt\u00edvne fungovanie syst\u00e9mu je nevyhnutn\u00e9 monitorova\u0165 hladiny mazania a pravidelne aplikova\u0165 vhodn\u00e9 mno\u017estvo hydraulick\u00e9ho oleja.<\/p>\n<h2>Pravideln\u00e1 kontrola a opatrenia prevent\u00edvnej \u00fadr\u017eby<\/h2>\n<ul>\n<li><strong>Pravideln\u00e9 kontroly:<\/strong> Pravidelne vykon\u00e1vajte vizu\u00e1lne kontroly, aby ste skontrolovali netesnosti, opotrebovanie alebo po\u0161kodenie. To pom\u00e1ha v\u010das identifikova\u0165 potenci\u00e1lne probl\u00e9my, ktor\u00e9 by mohli vies\u0165 k poruche valca.<\/li>\n<li><strong>Spr\u00e1vne mazanie:<\/strong> Zabezpe\u010dte, aby bol valec v\u017edy dostato\u010dne mazan\u00fd, aby sa zn\u00ed\u017eilo trenie a zabr\u00e1nilo sa pred\u010dasn\u00e9mu opotrebovaniu. Pou\u017e\u00edvajte kvalitn\u00fd hydraulick\u00fd olej a dodr\u017eiavajte odpor\u00fa\u010dania v\u00fdrobcu t\u00fdkaj\u00face sa intervalov mazania.<\/li>\n<li><strong>V\u00fdmena tesnenia:<\/strong> Sledujte stav tesnen\u00ed a pod\u013ea potreby ich vyme\u0148te, aby ste udr\u017eali tlak a zabr\u00e1nili \u00fanikom. Pravidelne kontrolujte, \u010di nevykazuj\u00fa zn\u00e1mky opotrebenia alebo po\u0161kodenia.<\/li>\n<\/ul>\n<h2>Pokyny na in\u0161tal\u00e1ciu valca ramena<\/h2>\n<p>Pri in\u0161tal\u00e1cii valca v\u00fdlo\u017en\u00edka je d\u00f4le\u017eit\u00e9 zabezpe\u010di\u0165 spr\u00e1vne zarovnanie, aby sa predi\u0161lo nadmern\u00e9mu nam\u00e1haniu a mo\u017en\u00e9mu zlyhaniu. Za\u010dnite upevnen\u00edm valca na mieste pomocou vhodn\u00fdch mont\u00e1\u017enych konzol a podpier. Nespr\u00e1vne zarovnanie m\u00f4\u017ee vies\u0165 k nerovnomern\u00e9mu opotrebovaniu a ovplyvni\u0165 v\u00fdkon valca.<\/p>\n<p>Starostlivo dodr\u017eiavajte pokyny v\u00fdrobcu na in\u0161tal\u00e1ciu a uistite sa, \u017ee v\u0161etky hydraulick\u00e9 pripojenia s\u00fa tesn\u00e9 a bez \u00fanikov. Po in\u0161tal\u00e1cii vykonajte d\u00f4kladn\u00fa kontrolu, aby ste sa uistili, \u017ee je v\u0161etko spr\u00e1vne nastaven\u00e9. Pred \u00fapln\u00fdm rozvinut\u00edm otestujte \u010dinnos\u0165 valca ramena za kontrolovan\u00fdch podmienok, aby ste zabezpe\u010dili jeho funk\u010dnos\u0165.<\/p>\n<h2>Be\u017en\u00e9 \u00falohy \u00fadr\u017eby<\/h2>\n<h3>Pravideln\u00e9 kontroly<\/h3>\n<p>Pravideln\u00e9 kontroly s\u00fa nevyhnutn\u00e9 na identifik\u00e1ciu potenci\u00e1lnych probl\u00e9mov sk\u00f4r, ako sa vyhrotia. Kontrola vidite\u013en\u00e9ho po\u0161kodenia alebo opotrebenia m\u00f4\u017ee pom\u00f4c\u0165 udr\u017ea\u0165 funk\u010dnos\u0165 a predch\u00e1dza\u0165 prestojom.<\/p>\n<h3>Spr\u00e1vne mazanie<\/h3>\n<p>Pravideln\u00e9 mazanie je k\u013e\u00fa\u010dov\u00e9 pre dlh\u00fa \u017eivotnos\u0165 a v\u00fdkon valca ramena. Nedostato\u010dn\u00e9 mazanie m\u00f4\u017ee vies\u0165 k zv\u00fd\u0161en\u00e9mu treniu a opotrebovaniu, \u010do m\u00e1 za n\u00e1sledok pred\u010dasn\u00e9 zlyhanie.<\/p>\n<h3>V\u00fdmena tesnenia<\/h3>\n<p>V\u00fdmena tesnen\u00ed pri prv\u00fdch zn\u00e1mkach opotrebenia m\u00f4\u017ee zabr\u00e1ni\u0165 \u00fanikom a udr\u017ea\u0165 hydraulick\u00fd tlak. Pravideln\u00e1 pl\u00e1novan\u00e1 v\u00fdmena tesnen\u00ed ako s\u00fa\u010das\u0165 \u00fadr\u017eby je nevyhnutn\u00e1 na zabezpe\u010denie optim\u00e1lneho v\u00fdkonu.<\/p>\n<h2>Bezpe\u010dnostn\u00e9 aspekty a faktory prostredia<\/h2>\n<p>Pri pou\u017e\u00edvan\u00ed hydraulick\u00fdch valcov s\u00fa bezpe\u010dnostn\u00e9 opatrenia prvorad\u00e9. Obsluha by mala by\u0165 vy\u0161kolen\u00e1 v rozpoznan\u00ed potenci\u00e1lnych nebezpe\u010denstiev spojen\u00fdch s hydraulick\u00fdmi syst\u00e9mami vr\u00e1tane riz\u00edk vysok\u00e9ho tlaku a \u00faniku kvapal\u00edn. Implement\u00e1cia bezpe\u010dnostn\u00fdch protokolov m\u00f4\u017ee minimalizova\u0165 po\u010det \u00farazov na pracovisku a zabezpe\u010di\u0165 bezpe\u010dn\u00e9 pracovn\u00e9 prostredie.<\/p>\n<h2>Diagnostika por\u00fach a be\u017en\u00e9 probl\u00e9my<\/h2>\n<ul>\n<li><strong>\u00danik:<\/strong> Be\u017en\u00fd probl\u00e9m, ktor\u00fd m\u00f4\u017ee vznikn\u00fa\u0165 v d\u00f4sledku opotrebovan\u00fdch tesnen\u00ed alebo nespr\u00e1vnej in\u0161tal\u00e1cie. Pravideln\u00e9 kontroly by sa mali vykon\u00e1va\u0165, aby sa v\u010das odhalili netesnosti.<\/li>\n<li><strong>Zn\u00ed\u017een\u00fd v\u00fdkon:<\/strong> Ak valec v\u00fdlo\u017en\u00edka nefunguje pod\u013ea o\u010dak\u00e1vania, m\u00f4\u017ee to znamena\u0165 \u00fanik alebo kontamin\u00e1ciu hydraulickej kvapaliny. Na diagnostikovanie pr\u00ed\u010diny by sa mali vykona\u0165 d\u00f4kladn\u00e9 kontroly.<\/li>\n<li><strong>Hluk po\u010das prev\u00e1dzky:<\/strong> Nezvy\u010dajn\u00e9 zvuky m\u00f4\u017eu signalizova\u0165 vn\u00fatorn\u00e9 opotrebenie alebo n\u00edzku hladinu kvapal\u00edn. V\u010dasn\u00e9 rie\u0161enie t\u00fdchto probl\u00e9mov m\u00f4\u017ee zabr\u00e1ni\u0165 \u010fal\u0161iemu po\u0161kodeniu.<\/li>\n<\/ul>\n<h2>Tipy na rie\u0161enie probl\u00e9mov<\/h2>\n<p>Aby oper\u00e1tori mohli efekt\u00edvne diagnostikova\u0165 a rie\u0161i\u0165 probl\u00e9my, mali by za\u010da\u0165 vizu\u00e1lnou kontrolou, aby identifikovali ak\u00e9ko\u013evek vidite\u013en\u00e9 zn\u00e1mky po\u0161kodenia alebo opotrebenia. Kontrola hladiny a kvality kvapal\u00edn m\u00f4\u017ee tie\u017e poskytn\u00fa\u0165 preh\u013ead o probl\u00e9moch s v\u00fdkonom. Vedenie z\u00e1znamov o \u00fadr\u017eb\u00e1rskych \u010dinnostiach a probl\u00e9moch m\u00f4\u017ee pom\u00f4c\u0165 pri rozpoznan\u00ed vzorcov a rie\u0161en\u00ed opakuj\u00facich sa probl\u00e9mov.<\/p>\n<p><img decoding=\"async\" src=\"https:\/\/www.hydraulic-cylinders.net\/wp-content\/uploads\/2025\/04\/songte-bushings-with-all-kinds-of-excavator-models.webp\" alt=\"Puzdr\u00e1 bagerov\"><\/p>\n<h2>O na\u0161ej spolo\u010dnosti<\/h2>\n<p>Sme popredn\u00fdm v\u00fdrobcom n\u00e1hradn\u00fdch hydraulick\u00fdch valcov, pon\u00fakame komplexn\u00fd sortiment produktov a st\u00e1vame sa k\u013e\u00fa\u010dov\u00fdm hr\u00e1\u010dom na dom\u00e1com aj medzin\u00e1rodnom trhu. N\u00e1\u0161 z\u00e1v\u00e4zok k excelentnosti sa odr\u00e1\u017ea v na\u0161ich prepracovan\u00fdch v\u00fdrobn\u00fdch strat\u00e9gi\u00e1ch, vyu\u017e\u00edvame pokro\u010dil\u00e9 technol\u00f3gie, kvalifikovan\u00fd person\u00e1l a robustn\u00fd syst\u00e9m kontroly kvality. Zameriavame sa na vysok\u00fa \u00fa\u010dinnos\u0165, presnos\u0165 a kvalitu, aby sme splnili rozmanit\u00e9 potreby z\u00e1kazn\u00edkov.<\/p>\n<p>Na\u0161e odborn\u00e9 znalosti sa roz\u0161iruj\u00fa aj na poskytovanie slu\u017eieb na mieru, dodr\u017eiavanie medzin\u00e1rodn\u00fdch certifik\u00e1ci\u00ed a pon\u00fakanie v\u00fdnimo\u010dnej popredajnej podpory, \u010d\u00edm zabezpe\u010dujeme, \u017ee na\u0161i klienti dostan\u00fa \u0161pi\u010dkov\u00e9 produkty prisp\u00f4soben\u00e9 ich \u0161pecifick\u00fdm aplik\u00e1ci\u00e1m.<\/p>\n<p><img decoding=\"async\" src=\"https:\/\/www.hydraulic-cylinders.net\/wp-content\/uploads\/2025\/04\/songte-company-4.webp\" alt=\"Preh\u013ead spolo\u010dnosti\"><br \/>\n<img decoding=\"async\" src=\"https:\/\/www.hydraulic-cylinders.net\/wp-content\/uploads\/2025\/04\/songte-company-3.webp\" alt=\"V\u00fdrobn\u00fd proces\"><\/p>\n<p>Autor: lyl<\/p>","protected":false},"excerpt":{"rendered":"<p>Boom Cylinder For World Small Excavator W2150-8 Definition of Boom Cylinder The Boom Cylinder is a vital hydraulic component specifically designed to manage the movement of buckets in heavy machinery such as excavators, backhoe loaders, and front loaders. This hydraulic cylinder allows the bucket to lift, lower, and tilt, facilitating efficient material handling tasks. It [&hellip;]<\/p>","protected":false},"featured_media":17876,"comment_status":"open","ping_status":"closed","template":"","meta":{"_et_pb_use_builder":"","_et_pb_old_content":"","_et_gb_content_width":""},"product_brand":[],"product_cat":[1546],"product_tag":[1547,1496],"class_list":{"0":"post-19462","1":"product","2":"type-product","3":"status-publish","4":"has-post-thumbnail","6":"product_cat-boom-cylinders","7":"product_tag-boom-cylinders","8":"product_tag-hydraulic-cylinders","10":"first","11":"instock","12":"shipping-taxable","13":"product-type-simple"},"amp_enabled":true,"_links":{"self":[{"href":"https:\/\/www.hydraulic-cylinders.net\/sk\/wp-json\/wp\/v2\/product\/19462","targetHints":{"allow":["GET"]}}],"collection":[{"href":"https:\/\/www.hydraulic-cylinders.net\/sk\/wp-json\/wp\/v2\/product"}],"about":[{"href":"https:\/\/www.hydraulic-cylinders.net\/sk\/wp-json\/wp\/v2\/types\/product"}],"replies":[{"embeddable":true,"href":"https:\/\/www.hydraulic-cylinders.net\/sk\/wp-json\/wp\/v2\/comments?post=19462"}],"wp:featuredmedia":[{"embeddable":true,"href":"https:\/\/www.hydraulic-cylinders.net\/sk\/wp-json\/wp\/v2\/media\/17876"}],"wp:attachment":[{"href":"https:\/\/www.hydraulic-cylinders.net\/sk\/wp-json\/wp\/v2\/media?parent=19462"}],"wp:term":[{"taxonomy":"product_brand","embeddable":true,"href":"https:\/\/www.hydraulic-cylinders.net\/sk\/wp-json\/wp\/v2\/product_brand?post=19462"},{"taxonomy":"product_cat","embeddable":true,"href":"https:\/\/www.hydraulic-cylinders.net\/sk\/wp-json\/wp\/v2\/product_cat?post=19462"},{"taxonomy":"product_tag","embeddable":true,"href":"https:\/\/www.hydraulic-cylinders.net\/sk\/wp-json\/wp\/v2\/product_tag?post=19462"}],"curies":[{"name":"pracovn\u00fd list","href":"https:\/\/api.w.org\/{rel}","templated":true}]}}