{"id":19463,"date":"2025-04-07T06:48:56","date_gmt":"2025-04-07T06:48:56","guid":{"rendered":"https:\/\/www.hydraulic-cylinders.net\/product\/boom-cylinder-for-world-middle-excavator-w2215-8\/"},"modified":"2025-04-07T06:48:59","modified_gmt":"2025-04-07T06:48:59","slug":"boom-cylinder-for-world-middle-excavator-w2215-8","status":"publish","type":"product","link":"https:\/\/www.hydraulic-cylinders.net\/sk\/produkt\/boom-cylinder-for-world-middle-excavator-w2215-8\/","title":{"rendered":"Valec v\u00fdlo\u017en\u00edka pre r\u00fdpadlo World Middle Excavator W2215-8"},"content":{"rendered":"<h1>Valec v\u00fdlo\u017en\u00edka pre r\u00fdpadlo World Middle Excavator W2215-8<\/h1>\n<h2>Preh\u013ead valca ramena<\/h2>\n<p>Hydraulick\u00fd valec v\u00fdlo\u017en\u00edka je k\u013e\u00fa\u010dovou s\u00fa\u010das\u0165ou hydraulick\u00fdch syst\u00e9mov, \u0161peci\u00e1lne navrhnut\u00fdch na ovl\u00e1danie pohybu ly\u017e\u00edc v r\u00f4znych \u0165a\u017ek\u00fdch strojoch, ako s\u00fa r\u00fdpadl\u00e1, r\u00fdpadlo-naklada\u010de a \u010deln\u00e9 naklada\u010de. Tento hydraulick\u00fd valec umo\u017e\u0148uje zdv\u00edhanie, sp\u00fa\u0161\u0165anie a nakl\u00e1\u0148anie ly\u017eice, \u010do u\u013eah\u010duje efekt\u00edvnu manipul\u00e1ciu s materi\u00e1lom. V podstate valec v\u00fdlo\u017en\u00edka premie\u0148a hydraulick\u00fd tlak na line\u00e1rny pohyb, \u010do umo\u017e\u0148uje obsluhe vykon\u00e1va\u0165 zlo\u017eit\u00e9 v\u00fdkopov\u00e9, nakladacie a zdv\u00edhacie \u00falohy s presnos\u0165ou a \u013eahkos\u0165ou.<\/p>\n<p><img decoding=\"async\" src=\"https:\/\/www.hydraulic-cylinders.net\/wp-content\/uploads\/2025\/04\/songte-company-1.webp\" alt=\"Valec v\u00fdlo\u017en\u00edka\" \/><\/p>\n<h2>Vlastnosti valca v\u00fdlo\u017en\u00edka<\/h2>\n<ul>\n<li>\n<h3>Vysok\u00e1 pevnos\u0165 a odolnos\u0165<\/h3>\n<p>V\u00fdlo\u017en\u00edkov\u00e9 valce, vyroben\u00e9 z vysokopevnostnej ocele alebo hlin\u00edka, s\u00fa navrhnut\u00e9 tak, aby odolali vysok\u00e9mu tlaku a \u0165a\u017ek\u00e9mu za\u0165a\u017eeniu v n\u00e1ro\u010dn\u00fdch pracovn\u00fdch prostrediach. Ich kon\u0161trukcia sa zameriava na odolnos\u0165 proti opotrebovaniu a kor\u00f3zii, \u010do v\u00fdrazne predl\u017euje ich \u017eivotnos\u0165.<\/p>\n<\/li>\n<li>\n<h3>Efekt\u00edvna hydraulick\u00e1 prev\u00e1dzka<\/h3>\n<p>Valec v\u00fdlo\u017en\u00edka vyu\u017e\u00edva hydraulick\u00fd tlak oleja na dosiahnutie plynul\u00e9ho vys\u00favania a zas\u00favania. To umo\u017e\u0148uje r\u00fdchlu reakciu na ovl\u00e1dacie pr\u00edkazy a poskytuje siln\u00fa tla\u010dn\u00fa a \u0165a\u017en\u00fa silu, v\u010faka \u010domu je ide\u00e1lny na manipul\u00e1ciu s \u0165a\u017ek\u00fdmi materi\u00e1lmi a zlo\u017eit\u00e9 prev\u00e1dzkov\u00e9 \u00falohy.<\/p>\n<\/li>\n<li>\n<h3>R\u00f4zne typy<\/h3>\n<p>Valce v\u00fdlo\u017en\u00edka, ktor\u00e9 s\u00fa k dispoz\u00edcii v r\u00f4znych konfigur\u00e1ci\u00e1ch, je mo\u017en\u00e9 zvoli\u0165 ako jedno\u010dinn\u00e9 (pracuj\u00face v jednom smere) alebo dvoj\u010dinn\u00e9 (pracuj\u00face v oboch smeroch), aby sp\u013a\u0148ali r\u00f4zne prev\u00e1dzkov\u00e9 potreby. Niektor\u00e9 modely maj\u00fa teleskopick\u00fa kon\u0161trukciu, ktor\u00e1 umo\u017e\u0148uje v\u00e4\u010d\u0161ie vysunutie bez zv\u00e4\u010d\u0161enia vonkaj\u0161\u00edch rozmerov, a je vhodn\u00e1 pre aplik\u00e1cie s obmedzen\u00fdm priestorom.<\/p>\n<\/li>\n<\/ul>\n<h2>V\u00fdrobn\u00e9 kapacity<\/h2>\n<p>Na\u0161a spolo\u010dnos\u0165 sa \u0161pecializuje na v\u00fdrobu hydraulick\u00fdch valcov v\u00fdlo\u017en\u00edka, \u010d\u00edm zabezpe\u010duje, \u017ee na\u0161e produkty dok\u00e1\u017eu dokonale nahradi\u0165 existuj\u00face hydraulick\u00e9 valce v r\u00f4znych aplik\u00e1ci\u00e1ch.<\/p>\n<p><img decoding=\"async\" src=\"https:\/\/www.hydraulic-cylinders.net\/wp-content\/uploads\/2025\/04\/songte-cylinder-head-with-all-kinds-excavator-models.webp\" alt=\"Modely bagrov\" \/><\/p>\n<h2>Aplik\u00e1cie valcov v\u00fdlo\u017en\u00edka<\/h2>\n<ul>\n<li>\n<h3>Stavebn\u00e9 stroje<\/h3>\n<p>V r\u00fdpadl\u00e1ch hraj\u00fa valce v\u00fdlo\u017en\u00edka d\u00f4le\u017eit\u00fa \u00falohu pri kopan\u00ed, nakladan\u00ed a premiest\u0148ovan\u00ed zeminy alebo sutiny. Ich schopnos\u0165 ovl\u00e1da\u0165 uhol a h\u013abku ly\u017eice umo\u017e\u0148uje efekt\u00edvne v\u00fdkopov\u00e9 procesy. V r\u00fdpadlo-naklada\u010doch tieto valce pom\u00e1haj\u00fa nielen pri kopan\u00ed, ale aj pri zdv\u00edhan\u00ed materi\u00e1lov, \u010d\u00edm zvy\u0161uj\u00fa celkov\u00fa produktivitu na stavenisk\u00e1ch.<\/p>\n<\/li>\n<li>\n<h3>Po\u013enohospod\u00e1rske stroje<\/h3>\n<p>Valce v\u00fdlo\u017en\u00edka, ktor\u00e9 sa pou\u017e\u00edvaj\u00fa v \u010deln\u00fdch naklada\u010doch, s\u00fa nevyhnutn\u00e9 na naberanie, zdv\u00edhanie a prepravu p\u00f4dy, sena a in\u00fdch materi\u00e1lov. Ich spo\u013eahliv\u00fd v\u00fdkon prispieva k efekt\u00edvnym po\u013enohospod\u00e1rskym oper\u00e1ci\u00e1m a umo\u017e\u0148uje r\u00fdchlu manipul\u00e1ciu s po\u013enohospod\u00e1rskymi produktmi.<\/p>\n<\/li>\n<li>\n<h3>V\u00fdkop<\/h3>\n<p>Valce v\u00fdlo\u017en\u00edka umo\u017e\u0148uj\u00fa r\u00fdpadl\u00e1m efekt\u00edvne prenika\u0165 do p\u00f4dy, \u010do u\u013eah\u010duje proces kopania. T\u00e1to schopnos\u0165 je k\u013e\u00fa\u010dov\u00e1 pre r\u00f4zne v\u00fdkopov\u00e9 projekty vr\u00e1tane z\u00e1kladov, ter\u00e9nnych \u00faprav a in\u0161tal\u00e1ci\u00ed in\u017einierskych siet\u00ed, kde sa vy\u017eaduje presn\u00e9 kopanie.<\/p>\n<\/li>\n<li>\n<h3>Naklada\u010de<\/h3>\n<p>V \u010deln\u00fdch naklada\u010doch pom\u00e1haj\u00fa valce v\u00fdlo\u017en\u00edka efekt\u00edvne zdv\u00edha\u0165 a vyklada\u0165 materi\u00e1ly. Ich kon\u0161trukcia zais\u0165uje bezpe\u010dn\u00e9 zdv\u00edhanie a nakl\u00e1\u0148anie bremien, \u010do poskytuje v\u00e4\u010d\u0161iu v\u0161estrannos\u0165 pri manipul\u00e1cii s materi\u00e1lom na stavenisk\u00e1ch.<\/p>\n<\/li>\n<\/ul>\n<h2>Kon\u0161truk\u010dn\u00e9 aspekty valcov v\u00fdlo\u017en\u00edka<\/h2>\n<ul>\n<li>\n<h3>Nosnos\u0165<\/h3>\n<p>Prim\u00e1rnym kon\u0161truk\u010dn\u00fdm h\u013eadiskom je nosnos\u0165 valca v\u00fdlo\u017en\u00edka. Ka\u017ed\u00fd valec mus\u00ed by\u0165 navrhnut\u00fd tak, aby zvl\u00e1dol maxim\u00e1lne o\u010dak\u00e1van\u00e9 za\u0165a\u017eenie bez kompromisov v oblasti bezpe\u010dnosti alebo v\u00fdkonu. V\u00fdpo\u010det vhodnej nosnosti zah\u0155\u0148a pos\u00fadenie hmotnosti materi\u00e1lov, prev\u00e1dzkov\u00e9ho prostredia a zam\u00fd\u0161\u013ean\u00e9ho pou\u017eitia stroja. Vysokokapacitn\u00e9 valce musia by\u0165 vyroben\u00e9 z robustn\u00fdch materi\u00e1lov, aby sa predi\u0161lo poruche v extr\u00e9mnych podmienkach a aby sa zabezpe\u010dila spo\u013eahlivos\u0165 a bezpe\u010dnos\u0165 po\u010das prev\u00e1dzky.<\/p>\n<\/li>\n<li>\n<h3>Tesniaci v\u00fdkon<\/h3>\n<p>\u00da\u010dinn\u00e9 tesnenie je v hydraulick\u00fdch syst\u00e9moch k\u013e\u00fa\u010dov\u00e9, aby sa zabr\u00e1nilo \u00fanikom a udr\u017eal tlak. Valce v\u00fdlo\u017en\u00edkov s\u00fa navrhnut\u00e9 s pou\u017eit\u00edm pokro\u010dil\u00fdch technol\u00f3gi\u00ed tesnenia, ktor\u00e9 vyu\u017e\u00edvaj\u00fa materi\u00e1ly ako polyuret\u00e1n alebo nitrilov\u00fd kau\u010duk na zv\u00fd\u0161enie trvanlivosti a odolnosti vo\u010di opotrebovaniu. Kon\u0161trukcia mus\u00ed zabezpe\u010di\u0165, aby tesnenia zostali \u00fa\u010dinn\u00e9 pri r\u00f4znych teplot\u00e1ch, tlakoch a vystaven\u00ed hydraulick\u00fdm kvapalin\u00e1m. Pravideln\u00e1 \u00fadr\u017eba a kontroly s\u00fa nevyhnutn\u00e9 na zabezpe\u010denie neporu\u0161enosti tesnen\u00ed, preto\u017ee ak\u00e9ko\u013evek zhor\u0161enie stavu m\u00f4\u017ee vies\u0165 k probl\u00e9mom s v\u00fdkonom a zv\u00fd\u0161en\u00fdm prev\u00e1dzkov\u00fdm n\u00e1kladom.<\/p>\n<\/li>\n<li>\n<h3>Trvanlivos\u0165<\/h3>\n<p>Trvanlivos\u0165 je k\u013e\u00fa\u010dov\u00fdm faktorom pri kon\u0161trukcii valcov v\u00fdlo\u017en\u00edka. Musia odol\u00e1va\u0165 n\u00e1ro\u010dn\u00fdm prev\u00e1dzkov\u00fdm podmienkam vr\u00e1tane vystavenia abraz\u00edvnym \u010dasticiam, extr\u00e9mnym teplot\u00e1m a koroz\u00edvnym l\u00e1tkam. V\u00fdrobcovia \u010dasto pou\u017e\u00edvaj\u00fa prvky, ako je tvrd\u00e9 chr\u00f3movanie a \u0161peci\u00e1lne n\u00e1tery na zv\u00fd\u0161enie tvrdosti povrchu a odolnosti proti kor\u00f3zii. T\u00e1to pozornos\u0165 venovan\u00e1 trvanlivosti nielen predl\u017euje \u017eivotnos\u0165 valcov, ale tie\u017e zni\u017euje frekvenciu opr\u00e1v a v\u00fdmen, \u010do vedie k \u00faspore n\u00e1kladov pre oper\u00e1torov.<\/p>\n<\/li>\n<li>\n<h3>Bezpe\u010dnostn\u00e9 prvky<\/h3>\n<p>Bezpe\u010dnos\u0165 je pri n\u00e1vrhu hydraulick\u00fdch komponentov prvorad\u00e1. Valce v\u00fdlo\u017en\u00edka s\u00fa vybaven\u00e9 prvkami, ako s\u00fa pretlakov\u00e9 ventily, ktor\u00e9 pom\u00e1haj\u00fa predch\u00e1dza\u0165 pretlaku a potenci\u00e1lnemu zlyhaniu. Kon\u0161truk\u010dn\u00e9 aspekty zah\u0155\u0148aj\u00fa aj celkov\u00fa \u0161truktur\u00e1lnu integritu valca, aby odolal neo\u010dak\u00e1van\u00fdm n\u00e1razom alebo za\u0165a\u017eeniu. Pravideln\u00e9 kontroly a dodr\u017eiavanie bezpe\u010dnostn\u00fdch protokolov m\u00f4\u017eu pom\u00f4c\u0165 zmierni\u0165 rizik\u00e1 spojen\u00e9 s poruchami hydraulick\u00fdch zariaden\u00ed a zabezpe\u010di\u0165 bezpe\u010dn\u00fa prev\u00e1dzku v r\u00f4znych aplik\u00e1ci\u00e1ch.<\/p>\n<\/li>\n<li>\n<h3>Jednoduch\u00e1 \u00fadr\u017eba<\/h3>\n<p>Navrhovanie valcov v\u00fdlo\u017en\u00edka pre jednoduch\u0161iu \u00fadr\u017ebu m\u00f4\u017ee v\u00fdrazne zv\u00fd\u0161i\u0165 prev\u00e1dzkov\u00fa efektivitu. Funkcie, ako s\u00fa \u013eahko dostupn\u00e9 maznice a modul\u00e1rne komponenty, umo\u017e\u0148uj\u00fa r\u00fdchlej\u0161\u00ed servis a v\u00fdmenu. Dobre premyslen\u00fd dizajn u\u013eah\u010duje be\u017en\u00e9 \u00fadr\u017eb\u00e1rske \u00falohy, skracuje prestoje a zvy\u0161uje produktivitu. V\u00fdrobcovia by mali tie\u017e poskytn\u00fa\u0165 jasn\u00e9 pokyny a dokument\u00e1ciu pre postupy \u00fadr\u017eby, aby sa obsluha mohla efekt\u00edvne stara\u0165 o svoje zariadenia.<\/p>\n<\/li>\n<\/ul>\n<p><img decoding=\"async\" src=\"https:\/\/www.hydraulic-cylinders.net\/wp-content\/uploads\/2025\/04\/songte-oil-pipes-and-spare-parts.webp\" alt=\"Olejov\u00e9 potrubia a n\u00e1hradn\u00e9 diely\" \/><\/p>\n<h2>Tesnenie a mazanie valcov v\u00fdlo\u017en\u00edka<\/h2>\n<p>Spr\u00e1vne tesnenie a mazanie s\u00fa nevyhnutn\u00e9 pre optim\u00e1lny v\u00fdkon valcov v\u00fdlo\u017en\u00edka. R\u00f4zne tesniace komponenty, ako s\u00fa tesnenia piestov a tesnenia ty\u010d\u00ed, s\u00fa k\u013e\u00fa\u010dov\u00e9 pre prevenciu \u00fanikov a udr\u017eiavanie tlaku. V\u00fdber tesniacich materi\u00e1lov, ako je polyuret\u00e1n a nitrilov\u00e1 guma, zais\u0165uje trvanlivos\u0165 a odolnos\u0165 vo\u010di opotrebovaniu, \u010do je nevyhnutn\u00e9 vo vysokotlakovom prostred\u00ed. Okrem toho s\u00fa teleso valca a z\u00e1vitov\u00e9 koncov\u00e9 povrchy jemne opracovan\u00e9, aby sa zv\u00fd\u0161ila odolnos\u0165 proti opotrebovaniu.<\/p>\n<p>Pravideln\u00e9 mazanie hydraulick\u00fdm olejom je nevyhnutn\u00e9 na zabezpe\u010denie hladk\u00e9ho chodu a zn\u00ed\u017eenie trenia medzi pohybliv\u00fdmi \u010das\u0165ami. Obsluha by mala sledova\u0165 hladinu oleja a pod\u013ea potreby dop\u013a\u0148a\u0165 mazivo, aby sa udr\u017eal optim\u00e1lny v\u00fdkon. Dodr\u017eiavanie pravideln\u00e9ho pl\u00e1nu mazania m\u00f4\u017ee v\u00fdrazne pred\u013a\u017ei\u0165 \u017eivotnos\u0165 hydraulick\u00e9ho syst\u00e9mu a zabr\u00e1ni\u0165 n\u00e1kladn\u00fdm oprav\u00e1m sp\u00f4soben\u00fdm zanedban\u00edm.<\/p>\n<h2>Opatrenia prevent\u00edvnej \u00fadr\u017eby<\/h2>\n<ul>\n<li>\n<h3>Pravideln\u00e9 kontroly<\/h3>\n<p>Pravideln\u00e9 kontroly valcov ramena s\u00fa nevyhnutn\u00e9 na identifik\u00e1ciu zn\u00e1mok opotrebovania, \u00faniku alebo po\u0161kodenia. Obsluha by mala skontrolova\u0165 tesnenia, spoje a telo valca, \u010di nevykazuj\u00fa ak\u00e9ko\u013evek abnormality. V\u010dasn\u00e9 rie\u0161enie probl\u00e9mov zisten\u00fdch po\u010das kontrol m\u00f4\u017ee pred\u00eds\u0165 z\u00e1va\u017enej\u0161\u00edm probl\u00e9mom a zabezpe\u010di\u0165 bezpe\u010dn\u00fa prev\u00e1dzku zariadenia.<\/p>\n<\/li>\n<li>\n<h3>Vhodn\u00e9 mazanie<\/h3>\n<p>Udr\u017eiavanie spr\u00e1vneho mazania je k\u013e\u00fa\u010dov\u00e9 pre dlh\u00fa \u017eivotnos\u0165 valcov v\u00fdlo\u017en\u00edka. Obsluha by mala dodr\u017eiava\u0165 odpor\u00fa\u010dania v\u00fdrobcu t\u00fdkaj\u00face sa intervalov mazania a zabezpe\u010di\u0165, aby sa pou\u017e\u00edval spr\u00e1vny typ hydraulick\u00e9ho oleja. Pravideln\u00e1 kontrola a dop\u013a\u0148anie hladiny oleja pom\u00e1ha predch\u00e1dza\u0165 nadmern\u00e9mu opotrebovaniu komponentov valca.<\/p>\n<\/li>\n<li>\n<h3>V\u00fdmena tesnenia<\/h3>\n<p>Tesnenia sa \u010dasom m\u00f4\u017eu opotrebova\u0165 a strati\u0165 svoju \u00fa\u010dinnos\u0165. Je nevyhnutn\u00e9 vymeni\u0165 tesnenia pri prv\u00fdch pr\u00edznakoch opotrebenia, aby sa predi\u0161lo \u00fanikom a udr\u017eal sa hydraulick\u00fd tlak. Prev\u00e1dzkovatelia by si mali udr\u017eiava\u0165 z\u00e1sobu n\u00e1hradn\u00fdch tesnen\u00ed a dodr\u017eiava\u0165 pl\u00e1n \u00fadr\u017eby, aby sa zabezpe\u010dila v\u010dasn\u00e1 v\u00fdmena.<\/p>\n<\/li>\n<\/ul>\n<h2>Pokyny na in\u0161tal\u00e1ciu valcov v\u00fdlo\u017en\u00edka<\/h2>\n<p>In\u0161tal\u00e1cia valca ramena si vy\u017eaduje d\u00f4kladn\u00fa pozornos\u0165 venovan\u00fa detailom, aby sa zabezpe\u010dil optim\u00e1lny v\u00fdkon a dlh\u00e1 \u017eivotnos\u0165. Tu je nieko\u013eko z\u00e1kladn\u00fdch pokynov:<\/p>\n<ul>\n<li>Uistite sa, \u017ee pracovn\u00fd priestor je \u010dist\u00fd a bez ne\u010dist\u00f4t, aby ste predi\u0161li kontamin\u00e1cii po\u010das in\u0161tal\u00e1cie.<\/li>\n<li>Na spr\u00e1vne zarovnanie valca s upev\u0148ovac\u00edmi bodmi pou\u017eite vhodn\u00e9 zarovn\u00e1vacie n\u00e1stroje. Nespr\u00e1vne zarovnanie m\u00f4\u017ee sp\u00f4sobi\u0165 pred\u010dasn\u00e9 opotrebenie a poruchu.<\/li>\n<li>Na upevnenie valca pou\u017eite vhodn\u00e9 mont\u00e1\u017ene konzoly. Uistite sa, \u017ee v\u0161etky upev\u0148ovacie prvky s\u00fa utiahnut\u00e9 pod\u013ea \u0161pecifik\u00e1ci\u00ed v\u00fdrobcu.<\/li>\n<li>Po in\u0161tal\u00e1cii skontrolujte tesnos\u0165 hydraulick\u00fdch spojov. Pred op\u00e4tovn\u00fdm uveden\u00edm zariadenia do prev\u00e1dzky vykonajte tlakov\u00fa sk\u00fa\u0161ku, aby ste potvrdili integritu syst\u00e9mu.<\/li>\n<li>Pre\u010d\u00edtajte si n\u00e1vod na obsluhu, kde n\u00e1jdete v\u0161etky \u0161pecifick\u00e9 odpor\u00fa\u010dania alebo po\u017eiadavky na in\u0161tal\u00e1ciu, aby ste zabezpe\u010dili s\u00falad s bezpe\u010dnostn\u00fdmi normami.<\/li>\n<\/ul>\n<h2>Be\u017en\u00e9 \u00falohy \u00fadr\u017eby<\/h2>\n<ul>\n<li>\n<h3>Pravideln\u00e9 kontroly<\/h3>\n<p>\u010cast\u00e9 kontroly valca ramena s\u00fa potrebn\u00e9 na v\u010dasn\u00e9 odhalenie ak\u00fdchko\u013evek potenci\u00e1lnych probl\u00e9mov. H\u013eadajte netesnosti, kor\u00f3ziu alebo fyzick\u00e9 po\u0161kodenie. Ak\u00e9ko\u013evek zistenia okam\u017eite zadokumentujte a rie\u0161te, aby ste predi\u0161li v\u00e4\u010d\u0161\u00edm probl\u00e9mom v bud\u00facnosti.<\/p>\n<\/li>\n<li>\n<h3>Vhodn\u00e9 mazanie<\/h3>\n<p>Mazanie by sa malo vykon\u00e1va\u0165 pravidelne pod\u013ea pokynov v\u00fdrobcu. Uistite sa, \u017ee sa pou\u017e\u00edva spr\u00e1vny hydraulick\u00fd olej a \u017ee mazacie body s\u00fa \u013eahko dostupn\u00e9 pre \u00fadr\u017ebu. Spr\u00e1vne mazanie minimalizuje opotrebovanie pohybliv\u00fdch \u010dast\u00ed a zlep\u0161uje v\u00fdkon valca.<\/p>\n<\/li>\n<li>\n<h3>V\u00fdmena a kalibr\u00e1cia tesnenia<\/h3>\n<p>Sledujte stav tesnen\u00ed a vyme\u0148te ich, ke\u010f sa objavia zn\u00e1mky opotrebovania. Kalibr\u00e1cia hydraulick\u00e9ho syst\u00e9mu je tie\u017e k\u013e\u00fa\u010dov\u00e1 pre udr\u017eanie optim\u00e1lneho v\u00fdkonu. Pri v\u0161etk\u00fdch \u00faprav\u00e1ch potrebn\u00fdch na zabezpe\u010denie spr\u00e1vnej prev\u00e1dzky dodr\u017eiavajte pokyny v\u00fdrobcu.<\/p>\n<\/li>\n<\/ul>\n<p><img decoding=\"async\" src=\"https:\/\/www.hydraulic-cylinders.net\/wp-content\/uploads\/2025\/04\/songte-chushion-collar.webp\" alt=\"Vank\u00fa\u0161ov\u00fd golier\" \/><\/p>\n<h2>Bezpe\u010dnostn\u00e9 aspekty a faktory prostredia<\/h2>\n<p>Pri pr\u00e1ci s hydraulick\u00fdmi valcami v\u00fdlo\u017en\u00edka musia by\u0165 bezpe\u010dnostn\u00e9 opatrenia uprednostnen\u00e9 na ochranu obsluhy a zariaden\u00ed. Spr\u00e1vne \u0161kolenie o obsluhe hydraulick\u00e9ho syst\u00e9mu je nevyhnutn\u00e9 na predch\u00e1dzanie nehod\u00e1m. Obsluha by mala v\u017edy nosi\u0165 vhodn\u00e9 ochrann\u00e9 prostriedky a dodr\u017eiava\u0165 zaveden\u00e9 bezpe\u010dnostn\u00e9 protokoly, aby sa zmiernili rizik\u00e1 spojen\u00e9 s poruchami hydraulick\u00e9ho syst\u00e9mu.<\/p>\n<p>Mali by sa zv\u00e1\u017ei\u0165 aj environment\u00e1lne faktory, ako napr\u00edklad vplyv hydraulick\u00fdch kvapal\u00edn na miestne ekosyst\u00e9my. Zavedenie opatren\u00ed na prevenciu \u00fanikov a pou\u017e\u00edvanie ekologick\u00fdch hydraulick\u00fdch olejov m\u00f4\u017ee pom\u00f4c\u0165 zn\u00ed\u017ei\u0165 potenci\u00e1l po\u0161kodenia \u017eivotn\u00e9ho prostredia. Pravideln\u00e9 \u0161kolenia o bezpe\u010dnosti a osved\u010den\u00fdch environment\u00e1lnych postupoch by mali by\u0165 s\u00fa\u010das\u0165ou prev\u00e1dzkov\u00fdch postupov.<\/p>\n<h2>Rie\u0161enie probl\u00e9mov a be\u017en\u00e9 probl\u00e9my<\/h2>\n<ul>\n<li>\n<h3>Probl\u00e9my s \u00fanikom<\/h3>\n<p>\u00daniky v hydraulickom syst\u00e9me m\u00f4\u017eu prameni\u0165 z opotrebovan\u00fdch tesnen\u00ed alebo po\u0161koden\u00fdch armat\u00far. Ak sa zist\u00ed \u00fanik, je nevyhnutn\u00e9 identifikova\u0165 zdroj a okam\u017eite ho odstr\u00e1ni\u0165, preto\u017ee aj mal\u00e9 \u00faniky m\u00f4\u017eu \u010dasom vies\u0165 k zna\u010dn\u00fdm probl\u00e9mom s v\u00fdkonom.<\/p>\n<\/li>\n<li>\n<h3>Zn\u00ed\u017een\u00fd v\u00fdkon<\/h3>\n<p>Ak valec v\u00fdlo\u017en\u00edka nefunguje plynulo alebo nem\u00e1 dostatok v\u00fdkonu, m\u00f4\u017ee to by\u0165 sp\u00f4soben\u00e9 n\u00edzkou hladinou hydraulickej kvapaliny alebo zne\u010disten\u00edm. Pravidelne kontrolujte hladinu kvapal\u00edn a vyme\u0148te hydraulick\u00fd olej, ak sa zd\u00e1 by\u0165 zne\u010disten\u00fd alebo po\u0161koden\u00fd.<\/p>\n<\/li>\n<li>\n<h3>Hluk po\u010das prev\u00e1dzky<\/h3>\n<p>Nezvy\u010dajn\u00e9 zvuky po\u010das prev\u00e1dzky m\u00f4\u017eu nazna\u010dova\u0165 vn\u00fatorn\u00e9 opotrebovanie alebo po\u0161kodenie. Je d\u00f4le\u017eit\u00e9 okam\u017eite vy\u0161etri\u0165 ak\u00e9ko\u013evek abnorm\u00e1lne zvuky, preto\u017ee m\u00f4\u017eu by\u0165 pr\u00edznakmi hlb\u0161\u00edch mechanick\u00fdch probl\u00e9mov v syst\u00e9me.<\/p>\n<\/li>\n<\/ul>\n<p>Aby mohli oper\u00e1tori efekt\u00edvne diagnostikova\u0165 a rie\u0161i\u0165 probl\u00e9my, mali by vykon\u00e1va\u0165 pravideln\u00e9 kontroly a vies\u0165 podrobn\u00e9 z\u00e1znamy o v\u0161etk\u00fdch zisten\u00fdch probl\u00e9moch. Zav\u00e1dzajte prevent\u00edvne opatrenia, ako s\u00fa pravideln\u00e9 pl\u00e1ny \u00fadr\u017eby a monitorovanie syst\u00e9mu, aby sa minimalizovali potenci\u00e1lne probl\u00e9my.<\/p>\n<p><img decoding=\"async\" src=\"https:\/\/www.hydraulic-cylinders.net\/wp-content\/uploads\/2025\/04\/songte-bushings-with-all-kinds-of-excavator-models.webp\" alt=\"Puzdr\u00e1 s modelmi bagrov\" \/><\/p>\n<h2>Predstavenie spolo\u010dnosti<\/h2>\n<p>Sme popredn\u00fdm v\u00fdrobcom n\u00e1hradn\u00fdch hydraulick\u00fdch valcov s komplexn\u00fdm sortimentom produktov, ktor\u00e9 uspokoja rozmanit\u00e9 potreby dom\u00e1ceho a medzin\u00e1rodn\u00e9ho trhu. N\u00e1\u0161 z\u00e1v\u00e4zok k excelentnosti sa odr\u00e1\u017ea v na\u0161ich prec\u00edznych strat\u00e9gi\u00e1ch riadenia v\u00fdroby, ktor\u00e9 sa opieraj\u00fa o kvalifikovan\u00fd person\u00e1l, pokro\u010dil\u00e9 digit\u00e1lne v\u00fdrobn\u00e9 zariadenia a \u0161pecializovan\u00e9 testovacie syst\u00e9my. Toto odhodlanie ku kvalite n\u00e1m umo\u017e\u0148uje neust\u00e1le zlep\u0161ova\u0165 na\u0161e v\u00fdrobn\u00e9 kapacity a efekt\u00edvne reagova\u0165 na po\u017eiadavky z\u00e1kazn\u00edkov.<\/p>\n<p>Na\u0161a spolo\u010dnos\u0165 vynik\u00e1 v odvetv\u00ed v\u010faka n\u00e1\u0161mu zameraniu na profesionalitu, medzin\u00e1rodn\u00e9 certifik\u00e1cie a slu\u017eby na mieru. Pou\u017e\u00edvame najmodernej\u0161ie v\u00fdrobn\u00e9 zariadenia a udr\u017eiavame robustn\u00fa popredajn\u00fa podporu, aby sme zabezpe\u010dili spokojnos\u0165 z\u00e1kazn\u00edkov. Tento komplexn\u00fd pr\u00edstup n\u00e1m umo\u017e\u0148uje dod\u00e1va\u0165 produkty, ktor\u00e9 sp\u013a\u0148aj\u00fa najvy\u0161\u0161ie \u0161tandardy kvality a v\u00fdkonu.<\/p>\n<p><img decoding=\"async\" src=\"https:\/\/www.hydraulic-cylinders.net\/wp-content\/uploads\/2025\/04\/songte-company-4.webp\" alt=\"Preh\u013ead spolo\u010dnosti\" \/><br \/>\n<img decoding=\"async\" src=\"https:\/\/www.hydraulic-cylinders.net\/wp-content\/uploads\/2025\/04\/songte-company-3.webp\" alt=\"Zariadenia spolo\u010dnosti\" \/><\/p>\n<p>Autor: lyl<\/p>","protected":false},"excerpt":{"rendered":"<p>Boom Cylinder For World Middle Excavator W2215-8 Overview of Boom Cylinder The boom cylinder is a crucial component in hydraulic systems, specifically designed to control the movement of buckets in various heavy machinery such as excavators, backhoe loaders, and front loaders. This hydraulic cylinder enables the bucket to lift, lower, and tilt, facilitating efficient material [&hellip;]<\/p>","protected":false},"featured_media":17877,"comment_status":"open","ping_status":"closed","template":"","meta":{"_et_pb_use_builder":"","_et_pb_old_content":"","_et_gb_content_width":""},"product_brand":[],"product_cat":[1546],"product_tag":[1547,1496],"class_list":{"0":"post-19463","1":"product","2":"type-product","3":"status-publish","4":"has-post-thumbnail","6":"product_cat-boom-cylinders","7":"product_tag-boom-cylinders","8":"product_tag-hydraulic-cylinders","10":"first","11":"instock","12":"shipping-taxable","13":"product-type-simple"},"amp_enabled":true,"_links":{"self":[{"href":"https:\/\/www.hydraulic-cylinders.net\/sk\/wp-json\/wp\/v2\/product\/19463","targetHints":{"allow":["GET"]}}],"collection":[{"href":"https:\/\/www.hydraulic-cylinders.net\/sk\/wp-json\/wp\/v2\/product"}],"about":[{"href":"https:\/\/www.hydraulic-cylinders.net\/sk\/wp-json\/wp\/v2\/types\/product"}],"replies":[{"embeddable":true,"href":"https:\/\/www.hydraulic-cylinders.net\/sk\/wp-json\/wp\/v2\/comments?post=19463"}],"wp:featuredmedia":[{"embeddable":true,"href":"https:\/\/www.hydraulic-cylinders.net\/sk\/wp-json\/wp\/v2\/media\/17877"}],"wp:attachment":[{"href":"https:\/\/www.hydraulic-cylinders.net\/sk\/wp-json\/wp\/v2\/media?parent=19463"}],"wp:term":[{"taxonomy":"product_brand","embeddable":true,"href":"https:\/\/www.hydraulic-cylinders.net\/sk\/wp-json\/wp\/v2\/product_brand?post=19463"},{"taxonomy":"product_cat","embeddable":true,"href":"https:\/\/www.hydraulic-cylinders.net\/sk\/wp-json\/wp\/v2\/product_cat?post=19463"},{"taxonomy":"product_tag","embeddable":true,"href":"https:\/\/www.hydraulic-cylinders.net\/sk\/wp-json\/wp\/v2\/product_tag?post=19463"}],"curies":[{"name":"pracovn\u00fd list","href":"https:\/\/api.w.org\/{rel}","templated":true}]}}