{"id":19471,"date":"2025-04-07T06:49:18","date_gmt":"2025-04-07T06:49:18","guid":{"rendered":"https:\/\/www.hydraulic-cylinders.net\/product\/boom-cylinder-for-world-large-excavator-w2700-8\/"},"modified":"2025-04-07T06:49:21","modified_gmt":"2025-04-07T06:49:21","slug":"boom-cylinder-for-world-large-excavator-w2700-8","status":"publish","type":"product","link":"https:\/\/www.hydraulic-cylinders.net\/sk\/produkt\/boom-cylinder-for-world-large-excavator-w2700-8\/","title":{"rendered":"Valec v\u00fdlo\u017en\u00edka pre svetov\u00e9 ve\u013ek\u00e9 r\u00fdpadlo W2700-8"},"content":{"rendered":"<h1>Valec v\u00fdlo\u017en\u00edka pre svetov\u00e9 ve\u013ek\u00e9 r\u00fdpadlo W2700-8<\/h1>\n<h2>Preh\u013ead produktu<\/h2>\n<p>Hydraulick\u00fd valec v\u00fdlo\u017en\u00edka, \u0161peci\u00e1lne navrhnut\u00fd pre ve\u013ek\u00e9 r\u00fdpadl\u00e1, ako je W2700-8, je k\u013e\u00fa\u010dovou s\u00fa\u010das\u0165ou hydraulick\u00fdch syst\u00e9mov. Je to typ hydraulick\u00e9ho valca, ktor\u00fd zohr\u00e1va d\u00f4le\u017eit\u00fa \u00falohu pri ovl\u00e1dan\u00ed pohybu ly\u017eice na \u0165a\u017ek\u00fdch strojoch, ako s\u00fa r\u00fdpadl\u00e1, r\u00fdpadl\u00e1-naklada\u010de a \u010deln\u00e9 naklada\u010de. Tento valec umo\u017e\u0148uje zdv\u00edhanie, sp\u00fa\u0161\u0165anie a nakl\u00e1\u0148anie ly\u017eice, \u010do u\u013eah\u010duje r\u00f4zne \u00falohy manipul\u00e1cie s materi\u00e1lom s presnos\u0165ou a \u00fa\u010dinnos\u0165ou.<\/p>\n<p>V hydraulick\u00fdch syst\u00e9moch funguje valec v\u00fdlo\u017en\u00edka tak, \u017ee premie\u0148a hydraulick\u00fa energiu na mechanick\u00fa energiu. Ke\u010f je hydraulick\u00e1 kvapalina pod tlakom, vstupuje do valca a pohybuje piestom, ktor\u00fd n\u00e1sledne poh\u00e1\u0148a pohyb ly\u017eice. Tento mechanizmus je z\u00e1kladn\u00fd pri vykon\u00e1van\u00ed \u00faloh, ako je kopanie, zdv\u00edhanie a preprava materi\u00e1lov, v\u010faka \u010domu je nevyhnutn\u00fd pri stavebn\u00fdch a v\u00fdkopov\u00fdch pr\u00e1cach.<\/p>\n<p><img decoding=\"async\" src=\"https:\/\/www.hydraulic-cylinders.net\/wp-content\/uploads\/2025\/04\/songte-company-1.webp\" alt=\"Valec v\u00fdlo\u017en\u00edka pre r\u00fdpadl\u00e1\" \/><\/p>\n<h2>Vlastnosti valca v\u00fdlo\u017en\u00edka<\/h2>\n<h3>Vysok\u00e1 pevnos\u0165 a odolnos\u0165<\/h3>\n<ul>\n<li>Vyroben\u00e9 z vysokopevnostnej ocele alebo hlin\u00edka, aby odolali vysok\u00e9mu tlaku a \u0165a\u017ek\u00fdm za\u0165a\u017eeniam.<\/li>\n<li>Navrhnut\u00e9 tak, aby odolali n\u00e1ro\u010dn\u00fdm pracovn\u00fdm podmienkam s vlastnos\u0165ami odoln\u00fdmi vo\u010di opotrebovaniu a kor\u00f3zii.<\/li>\n<li>Navrhnut\u00e9 pre dlhotrvaj\u00faci v\u00fdkon s optimalizovan\u00fdmi intervalmi \u00fadr\u017eby.<\/li>\n<\/ul>\n<h3>Efekt\u00edvna hydraulick\u00e1 prev\u00e1dzka<\/h3>\n<ul>\n<li>Vyu\u017e\u00edva hydraulick\u00fd tlak oleja pre plynul\u00e9 a efekt\u00edvne vys\u00favanie a zas\u00favanie.<\/li>\n<li>Poskytuje r\u00fdchlu reakciu na pr\u00edkazy oper\u00e1tora, \u010d\u00edm zvy\u0161uje produktivitu.<\/li>\n<li>Schopn\u00fd generova\u0165 zna\u010dn\u00e9 tla\u010dn\u00e9 a \u0165a\u017en\u00e9 sily, vhodn\u00fd pre n\u00e1ro\u010dn\u00e9 \u00falohy.<\/li>\n<\/ul>\n<h3>R\u00f4zne typy<\/h3>\n<ul>\n<li>K dispoz\u00edcii v jedno\u010dinnom (funguje jedn\u00fdm smerom) alebo dvoj\u010dinnom (funguje v oboch smeroch) preveden\u00ed.<\/li>\n<li>Niektor\u00e9 modely maj\u00fa teleskopick\u00e9 kon\u0161trukcie, ktor\u00e9 umo\u017e\u0148uj\u00fa v\u00e4\u010d\u0161ie vysunutie bez zv\u00e4\u010d\u0161enia vonkaj\u0161\u00edch rozmerov, \u010do je ide\u00e1lne do stiesnen\u00fdch priestorov.<\/li>\n<\/ul>\n<h2>Na\u0161e v\u00fdrobn\u00e9 mo\u017enosti<\/h2>\n<p>\u0160pecializujeme sa na v\u00fdrobu vysoko kvalitn\u00fdch hydraulick\u00fdch valcov v\u00fdlo\u017en\u00edka, ktor\u00e9 dokonale nahr\u00e1dzaj\u00fa existuj\u00face hydraulick\u00e9 valce. Na\u0161e produkty s\u00fa navrhnut\u00e9 tak, aby sp\u013a\u0148ali pr\u00edsne normy a zabezpe\u010dovali spo\u013eahlivos\u0165 a \u0161pi\u010dkov\u00fd v\u00fdkon.<\/p>\n<p><img decoding=\"async\" src=\"https:\/\/www.hydraulic-cylinders.net\/wp-content\/uploads\/2025\/04\/songte-cylinder-head-with-all-kinds-excavator-models.webp\" alt=\"Modely valcov r\u00fdpadiel\" \/><\/p>\n<h2>Aplik\u00e1cie valca v\u00fdlo\u017en\u00edka<\/h2>\n<h3>Stavebn\u00e9 stroje<\/h3>\n<p>V r\u00fdpadl\u00e1ch s\u00fa valce v\u00fdlo\u017en\u00edka k\u013e\u00fa\u010dov\u00e9 pre kopanie, nakladanie a premiest\u0148ovanie zeminy alebo sutiny. Umo\u017e\u0148uj\u00fa presn\u00e9 ovl\u00e1danie, ktor\u00e9 oper\u00e1torom umo\u017e\u0148uje efekt\u00edvne man\u00e9vrova\u0165 s \u0165a\u017ek\u00fdmi bremenami. V r\u00fdpadlo-naklada\u010doch pom\u00e1haj\u00fa valce v\u00fdlo\u017en\u00edka pri kopan\u00ed aj zdv\u00edhan\u00ed, \u010d\u00edm zvy\u0161uj\u00fa celkov\u00fa produktivitu na stavenisk\u00e1ch.<\/p>\n<h3>Po\u013enohospod\u00e1rske stroje<\/h3>\n<p>\u010celn\u00e9 naklada\u010de vyu\u017e\u00edvaj\u00fa valce v\u00fdlo\u017en\u00edka na naberanie, zdv\u00edhanie a prepravu p\u00f4dy, sena a in\u00fdch materi\u00e1lov. Ich schopnos\u0165 manipulova\u0165 s r\u00f4znymi n\u00e1kladmi ich rob\u00ed neocenite\u013en\u00fdmi v po\u013enohospod\u00e1rskych oper\u00e1ci\u00e1ch a zlep\u0161uje efektivitu manipul\u00e1cie s materi\u00e1lom v r\u00f4znych po\u013enohospod\u00e1rskych \u010dinnostiach.<\/p>\n<h3>R\u00fdpadl\u00e1<\/h3>\n<p>V r\u00fdpadl\u00e1ch u\u013eah\u010duj\u00fa valce v\u00fdlo\u017en\u00edka kopacie pr\u00e1ce t\u00fdm, \u017ee umo\u017e\u0148uj\u00fa ly\u017eici efekt\u00edvne prenikn\u00fa\u0165 do zeme. T\u00e1to schopnos\u0165 je nevyhnutn\u00e1 pre v\u00fdkopov\u00e9 \u00falohy, ktor\u00e9 umo\u017e\u0148uj\u00fa obsluhe dosiahnu\u0165 optim\u00e1lnu h\u013abku kopania a efektivitu.<\/p>\n<h3>Naklada\u010de<\/h3>\n<p>V \u010deln\u00fdch naklada\u010doch s\u00fa valce v\u00fdlo\u017en\u00edka k\u013e\u00fa\u010dov\u00e9 pre efekt\u00edvne zdv\u00edhanie a vykladanie materi\u00e1lov. Ich kon\u0161trukcia umo\u017e\u0148uje plynul\u00fa prev\u00e1dzku a zabezpe\u010duje, aby naklada\u010de mohli bezpe\u010dne a efekt\u00edvne manipulova\u0165 s bremenami, \u010do je nevyhnutn\u00e9 pre stavebn\u00e9 a manipula\u010dn\u00e9 \u00falohy.<\/p>\n<h2>\u00davahy o dizajne a krit\u00e9ri\u00e1 v\u00fdberu<\/h2>\n<h3>Nosnos\u0165<\/h3>\n<p>Nosnos\u0165 valca ramena je kritick\u00fdm faktorom pri jeho kon\u0161trukcii. Mus\u00ed by\u0165 schopn\u00fd zvl\u00e1dnu\u0165 maxim\u00e1lne za\u0165a\u017eenie, s ktor\u00fdm sa stret\u00e1vame po\u010das prev\u00e1dzky, bez poruchy. To zah\u0155\u0148a v\u00fdber materi\u00e1lov a v\u00fdrobn\u00fdch procesov, ktor\u00e9 zabezpe\u010duj\u00fa \u0161truktur\u00e1lnu integritu pri nam\u00e1han\u00ed. In\u017einieri \u010dasto vykon\u00e1vaj\u00fa rozsiahle testovanie na overenie nosnosti a zabezpe\u010denie toho, aby valec zvl\u00e1dol po\u017eiadavky zam\u00fd\u0161\u013ean\u00fdch aplik\u00e1ci\u00ed.<\/p>\n<h3>Tesnenie a trvanlivos\u0165<\/h3>\n<p>Tesnenie je nevyhnutn\u00e9 na zabr\u00e1nenie \u00faniku hydraulickej kvapaliny a udr\u017eanie prev\u00e1dzkovej \u00fa\u010dinnosti. Vysokokvalitn\u00e9 tesnenia vyroben\u00e9 z odoln\u00fdch materi\u00e1lov, ako je polyuret\u00e1n alebo nitrilov\u00e1 guma, s\u00fa nevyhnutn\u00e9 na zabezpe\u010denie dlhej \u017eivotnosti a spr\u00e1vnej funkcie. Okrem toho mus\u00ed kon\u0161trukcia valca minimalizova\u0165 opotrebovanie tesnen\u00ed v priebehu \u010dasu, \u010d\u00edm sa zni\u017euje frekvencia \u00fadr\u017eby a v\u00fdmen.<\/p>\n<h3>Bezpe\u010dnostn\u00e9 prvky<\/h3>\n<p>Za\u010dlenenie bezpe\u010dnostn\u00fdch prvkov do kon\u0161trukcie valcov v\u00fdlo\u017en\u00edka je prvorad\u00e9. Patria sem pretlakov\u00e9 ventily a bezpe\u010dnostn\u00e9 z\u00e1mky, ktor\u00e9 zabra\u0148uj\u00fa n\u00e1hodn\u00fdm pohybom alebo poruch\u00e1m po\u010das prev\u00e1dzky. Pravideln\u00e9 bezpe\u010dnostn\u00e9 kontroly a dodr\u017eiavanie priemyseln\u00fdch noriem s\u00fa k\u013e\u00fa\u010dov\u00e9 pre zabezpe\u010denie spr\u00e1vneho fungovania t\u00fdchto prvkov a ochrany obsluhy a zariadenia.<\/p>\n<p><img decoding=\"async\" src=\"https:\/\/www.hydraulic-cylinders.net\/wp-content\/uploads\/2025\/04\/songte-oil-pipes-and-spare-parts.webp\" alt=\"Hydraulick\u00e9 komponenty\" \/><\/p>\n<h2>Tesnenie a mazanie<\/h2>\n<p>\u00da\u010dinn\u00e9 tesnenie a mazanie s\u00fa nevyhnutn\u00e9 pre dlh\u00fa \u017eivotnos\u0165 valcov v\u00fdlo\u017en\u00edka. Na udr\u017eanie tlaku vo valci a z\u00e1rove\u0148 na zabr\u00e1nenie \u00fanikom sa pou\u017e\u00edvaj\u00fa r\u00f4zne tesniace prvky, ako s\u00fa piestne tesnenia a tesnenia ty\u010d\u00ed. Tesnenia vyroben\u00e9 z odoln\u00fdch materi\u00e1lov, ako je polyuret\u00e1n a nitrilov\u00e1 guma, poskytuj\u00fa odolnos\u0165 vo\u010di opotrebovaniu. Okrem toho s\u00fa teleso valca a z\u00e1vitov\u00e9 koncov\u00e9 povrchy prech\u00e1dzali presn\u00fdm obr\u00e1ban\u00edm, aby sa zv\u00fd\u0161ila odolnos\u0165 vo\u010di opotrebovaniu.<\/p>\n<p>Pravideln\u00e9 mazanie hydraulick\u00fdm olejom je nevyhnutn\u00e9 na zn\u00ed\u017eenie trenia a opotrebenia medzi pohybliv\u00fdmi \u010das\u0165ami. Obsluha by mala zabezpe\u010di\u0165 pou\u017e\u00edvanie spr\u00e1vneho typu a mno\u017estva hydraulick\u00e9ho oleja a mala by vykon\u00e1va\u0165 pravideln\u00e9 kontroly, aby sa udr\u017eiavala spr\u00e1vna hladina mazania, \u010d\u00edm sa zvy\u0161uje prev\u00e1dzkov\u00e1 \u00fa\u010dinnos\u0165 valca.<\/p>\n<h2>Opatrenia prevent\u00edvnej \u00fadr\u017eby<\/h2>\n<ul>\n<li><strong>Pravideln\u00e9 kontroly:<\/strong> Vykon\u00e1vanie pravideln\u00fdch kontrol tesnost\u00ed, opotrebovania a celkov\u00e9ho stavu m\u00f4\u017ee pred\u00eds\u0165 z\u00e1va\u017en\u00fdm poruch\u00e1m. Vizu\u00e1lne kontroly by sa mali zamera\u0165 na tesnenia, spoje a telo valca.<\/li>\n<li><strong>Spr\u00e1vne mazanie:<\/strong> Uistite sa, \u017ee valec v\u00fdlo\u017en\u00edka je dostato\u010dne namazan\u00fd vhodn\u00fdm hydraulick\u00fdm olejom. T\u00fdm sa zn\u00ed\u017ei trenie a predl\u017euje sa \u017eivotnos\u0165 komponentu.<\/li>\n<li><strong>V\u00fdmena tesnenia:<\/strong> Pravidelne kontrolujte stav tesnen\u00ed a pod\u013ea potreby ich vymie\u0148ajte, aby ste predi\u0161li \u00fanikom a udr\u017eali ich v\u00fdkon. Proakt\u00edvny pr\u00edstup k \u00fadr\u017ebe tesnen\u00ed je rozhoduj\u00faci pre prev\u00e1dzkov\u00fa spo\u013eahlivos\u0165.<\/li>\n<\/ul>\n<h2>Pokyny na in\u0161tal\u00e1ciu<\/h2>\n<p>Spr\u00e1vna in\u0161tal\u00e1cia valcov ramena je k\u013e\u00fa\u010dov\u00e1 pre optim\u00e1lny v\u00fdkon. Za\u010dnite t\u00fdm, \u017ee sa uist\u00edte, \u017ee v\u0161etky komponenty s\u00fa \u010dist\u00e9 a bez ne\u010dist\u00f4t. Valec spr\u00e1vne zarovnajte s mont\u00e1\u017enymi bodmi pomocou vhodn\u00fdch mont\u00e1\u017enych konzol na jeho upevnenie. Skrutky utiahnite pod\u013ea \u0161pecifik\u00e1ci\u00ed v\u00fdrobcu, aby ste predi\u0161li ich uvo\u013eneniu po\u010das prev\u00e1dzky.<\/p>\n<p>Starostlivo skontrolujte zarovnanie hydraulick\u00fdch potrub\u00ed, aby ste predi\u0161li zalomeniu alebo skr\u00fateniu, ktor\u00e9 by mohli ovplyvni\u0165 prietok kvapaliny. Po in\u0161tal\u00e1cii napl\u0148te hydraulick\u00fd syst\u00e9m odpor\u00fa\u010dan\u00fdm olejom a odvzdu\u0161nite syst\u00e9m, aby ste zabezpe\u010dili hladk\u00fd chod. Nakoniec vykonajte sk\u00fa\u0161obn\u00e9 jazdy, aby ste overili funk\u010dnos\u0165 a vyrie\u0161ili v\u0161etky probl\u00e9my pred spusten\u00edm prev\u00e1dzky v plnom rozsahu.<\/p>\n<h3>Be\u017en\u00e9 \u00falohy \u00fadr\u017eby<\/h3>\n<ul>\n<li><strong>Pravideln\u00e9 kontroly:<\/strong> Pravideln\u00e9 kontroly tesnost\u00ed, opotrebovania a celkov\u00e9ho stavu s\u00fa nevyhnutn\u00e9 na predch\u00e1dzanie poruch\u00e1m. Obsluha by sa mala obozn\u00e1mi\u0165 so zn\u00e1mkami opotrebovania a okam\u017eite ich rie\u0161i\u0165.<\/li>\n<li><strong>Vhodn\u00e9 mazanie:<\/strong> Uistite sa, \u017ee valec v\u00fdlo\u017en\u00edka je mazan\u00fd spr\u00e1vnym hydraulick\u00fdm olejom a v spr\u00e1vnom mno\u017estve. To pom\u00e1ha zn\u00ed\u017ei\u0165 trenie a predl\u017euje \u017eivotnos\u0165 valca.<\/li>\n<li><strong>V\u00fdmena tesnenia:<\/strong> Je nevyhnutn\u00e9 pravidelne kontrolova\u0165 opotrebovanie tesnen\u00ed a vymie\u0148a\u0165 ich, aby sa predi\u0161lo \u00fanikom. Pravideln\u00e1 \u00fadr\u017eba tesnen\u00ed zabezpe\u010duje, \u017ee valec pracuje s maxim\u00e1lnou \u00fa\u010dinnos\u0165ou.<\/li>\n<\/ul>\n<p><img decoding=\"async\" src=\"https:\/\/www.hydraulic-cylinders.net\/wp-content\/uploads\/2025\/04\/songte-chushion-collar.webp\" alt=\"Vank\u00fa\u0161ov\u00fd golier\" \/><\/p>\n<h2>Bezpe\u010dnostn\u00e9 aspekty a faktory prostredia<\/h2>\n<p>Pri obsluhe a \u00fadr\u017ebe valcov ramena s\u00fa bezpe\u010dnostn\u00e9 opatrenia prvorad\u00e9. Obsluha by mala nosi\u0165 vhodn\u00e9 osobn\u00e9 ochrann\u00e9 prostriedky (OOP) a dodr\u017eiava\u0165 bezpe\u010dnostn\u00e9 protokoly, aby sa minimalizovali rizik\u00e1. Pravideln\u00e9 \u0161kolenia a programy na zvy\u0161ovanie povedomia m\u00f4\u017eu roz\u0161\u00edri\u0165 znalosti o bezpe\u010dnej prev\u00e1dzke a potenci\u00e1lnych nebezpe\u010denstv\u00e1ch spojen\u00fdch s hydraulick\u00fdmi syst\u00e9mami. Okrem toho by sa mali starostlivo riadi\u0165 environment\u00e1lne faktory, ako s\u00fa rozliatie kvapal\u00edn, aby sa predi\u0161lo kontamin\u00e1cii a aby sa v tomto odvetv\u00ed podporili udr\u017eate\u013en\u00e9 postupy.<\/p>\n<h2>Diagnostick\u00e9 a be\u017en\u00e9 probl\u00e9my<\/h2>\n<ul>\n<li><strong>\u00danik:<\/strong> K \u00faniku m\u00f4\u017ee d\u00f4js\u0165 v d\u00f4sledku opotrebovan\u00fdch tesnen\u00ed alebo po\u0161koden\u00fdch komponentov. Identifik\u00e1cia zdroja je k\u013e\u00fa\u010dov\u00e1 pre v\u010dasn\u00e9 opravy.<\/li>\n<li><strong>Pomal\u00e1 prev\u00e1dzka:<\/strong> Ak valec pracuje pomaly, m\u00f4\u017ee to signalizova\u0165 n\u00edzku hladinu hydraulickej kvapaliny alebo vzduch v syst\u00e9me, \u010do si vy\u017eaduje okam\u017eit\u00fa pozornos\u0165.<\/li>\n<li><strong>Nepravideln\u00e9 pohyby:<\/strong> Nepravideln\u00e9 pohyby m\u00f4\u017eu prameni\u0165 z nerovnov\u00e1hy tlaku alebo chybn\u00fdch ovl\u00e1dac\u00edch prvkov, \u010do si vy\u017eaduje d\u00f4kladn\u00fa diagnostiku na zabezpe\u010denie efekt\u00edvnej prev\u00e1dzky.<\/li>\n<\/ul>\n<h2>Tipy na rie\u0161enie probl\u00e9mov<\/h2>\n<p>Pre efekt\u00edvnu diagnostiku probl\u00e9mov za\u010dnite identifik\u00e1ciou ak\u00fdchko\u013evek vidite\u013en\u00fdch netesnost\u00ed alebo abnorm\u00e1lnych zvukov po\u010das prev\u00e1dzky. Pravideln\u00e1 \u00fadr\u017eba a kontroly m\u00f4\u017eu v\u00fdrazne zn\u00ed\u017ei\u0165 pravdepodobnos\u0165 be\u017en\u00fdch probl\u00e9mov. Implement\u00e1cia proakt\u00edvnych opatren\u00ed, ako je v\u010dasn\u00e1 v\u00fdmena tesnen\u00ed a pravideln\u00e9 kontroly kvapal\u00edn, minimalizuje riziko por\u00fach a predl\u017euje celkov\u00fa \u017eivotnos\u0165 valca ramena.<\/p>\n<p><img decoding=\"async\" src=\"https:\/\/www.hydraulic-cylinders.net\/wp-content\/uploads\/2025\/04\/songte-bushings-with-all-kinds-of-excavator-models.webp\" alt=\"Puzdr\u00e1 bagerov\" \/><\/p>\n<h2>Preh\u013ead spolo\u010dnosti<\/h2>\n<p>Sme popredn\u00fdm v\u00fdrobcom n\u00e1hradn\u00fdch hydraulick\u00fdch valcov a pon\u00fakame komplexn\u00fd sortiment produktov, v\u010faka ktor\u00fdm sme sa etablovali ako k\u013e\u00fa\u010dov\u00fd hr\u00e1\u010d na dom\u00e1com aj medzin\u00e1rodnom trhu. N\u00e1\u0161 z\u00e1v\u00e4zok k excelentnosti sa odr\u00e1\u017ea v na\u0161ich prepracovan\u00fdch v\u00fdrobn\u00fdch procesoch a dodr\u017eiavan\u00ed pr\u00edsnych noriem kvality. So zameran\u00edm na strat\u00e9gie riadenia v\u00fdroby vysokej kvality vyu\u017e\u00edvame pokro\u010dil\u00e9 technol\u00f3gie a kvalifikovan\u00fd person\u00e1l na zlep\u0161enie na\u0161ich v\u00fdrobn\u00fdch kapac\u00edt.<\/p>\n<p>Na\u0161e zariadenia s\u00fa vybaven\u00e9 najmodernej\u0161\u00edm v\u00fdrobn\u00fdm zariaden\u00edm a pr\u00edsnymi testovac\u00edmi syst\u00e9mami, ktor\u00e9 zabezpe\u010duj\u00fa, \u017ee ka\u017ed\u00fd produkt sp\u013a\u0148a na\u0161e \u0161tandardy kvality. Poskytujeme tie\u017e rie\u0161enia na mieru prisp\u00f4soben\u00e9 rozmanit\u00fdm potreb\u00e1m na\u0161ich z\u00e1kazn\u00edkov, \u010d\u00edm zabezpe\u010dujeme spokojnos\u0165 a spo\u013eahlivos\u0165 vo v\u0161etk\u00fdch aplik\u00e1ci\u00e1ch.<\/p>\n<p><img decoding=\"async\" src=\"https:\/\/www.hydraulic-cylinders.net\/wp-content\/uploads\/2025\/04\/songte-company-4.webp\" alt=\"V\u00fdroba spolo\u010dnosti\" \/><br \/>\n<img decoding=\"async\" src=\"https:\/\/www.hydraulic-cylinders.net\/wp-content\/uploads\/2025\/04\/songte-company-3.webp\" alt=\"Vybavenie spolo\u010dnosti\" \/><\/p>\n<p>Autor: lyl<\/p>","protected":false},"excerpt":{"rendered":"<p>Boom Cylinder For World Large Excavator W2700-8 Product Overview The Boom Cylinder, specifically designed for large excavators like the W2700-8, is a critical component in hydraulic systems. It is a type of hydraulic cylinder that plays an essential role in controlling the movement of the bucket on heavy machinery such as excavators, backhoes, and front [&hellip;]<\/p>","protected":false},"featured_media":17870,"comment_status":"open","ping_status":"closed","template":"","meta":{"_et_pb_use_builder":"","_et_pb_old_content":"","_et_gb_content_width":""},"product_brand":[],"product_cat":[1546],"product_tag":[1547,1496],"class_list":{"0":"post-19471","1":"product","2":"type-product","3":"status-publish","4":"has-post-thumbnail","6":"product_cat-boom-cylinders","7":"product_tag-boom-cylinders","8":"product_tag-hydraulic-cylinders","10":"first","11":"instock","12":"shipping-taxable","13":"product-type-simple"},"amp_enabled":true,"_links":{"self":[{"href":"https:\/\/www.hydraulic-cylinders.net\/sk\/wp-json\/wp\/v2\/product\/19471","targetHints":{"allow":["GET"]}}],"collection":[{"href":"https:\/\/www.hydraulic-cylinders.net\/sk\/wp-json\/wp\/v2\/product"}],"about":[{"href":"https:\/\/www.hydraulic-cylinders.net\/sk\/wp-json\/wp\/v2\/types\/product"}],"replies":[{"embeddable":true,"href":"https:\/\/www.hydraulic-cylinders.net\/sk\/wp-json\/wp\/v2\/comments?post=19471"}],"wp:featuredmedia":[{"embeddable":true,"href":"https:\/\/www.hydraulic-cylinders.net\/sk\/wp-json\/wp\/v2\/media\/17870"}],"wp:attachment":[{"href":"https:\/\/www.hydraulic-cylinders.net\/sk\/wp-json\/wp\/v2\/media?parent=19471"}],"wp:term":[{"taxonomy":"product_brand","embeddable":true,"href":"https:\/\/www.hydraulic-cylinders.net\/sk\/wp-json\/wp\/v2\/product_brand?post=19471"},{"taxonomy":"product_cat","embeddable":true,"href":"https:\/\/www.hydraulic-cylinders.net\/sk\/wp-json\/wp\/v2\/product_cat?post=19471"},{"taxonomy":"product_tag","embeddable":true,"href":"https:\/\/www.hydraulic-cylinders.net\/sk\/wp-json\/wp\/v2\/product_tag?post=19471"}],"curies":[{"name":"pracovn\u00fd list","href":"https:\/\/api.w.org\/{rel}","templated":true}]}}