{"id":19490,"date":"2025-04-07T06:50:25","date_gmt":"2025-04-07T06:50:25","guid":{"rendered":"https:\/\/www.hydraulic-cylinders.net\/product\/boom-cylinder-for-sinomach-zg3150-9c\/"},"modified":"2025-04-07T06:50:31","modified_gmt":"2025-04-07T06:50:31","slug":"boom-cylinder-for-sinomach-zg3150-9c","status":"publish","type":"product","link":"https:\/\/www.hydraulic-cylinders.net\/sk\/produkt\/boom-cylinder-for-sinomach-zg3150-9c\/","title":{"rendered":"Valec v\u00fdlo\u017en\u00edka pre Sinomach ZG3150-9C"},"content":{"rendered":"<h1>Valec v\u00fdlo\u017en\u00edka pre Sinomach ZG3150-9C<\/h1>\n<h2>\u00davod do valca v\u00fdlo\u017en\u00edka<\/h2>\n<p>Hydraulick\u00fd valec v\u00fdlo\u017en\u00edka pre Sinomach ZG3150-9C je \u0161pecializovan\u00fd hydraulick\u00fd valec ur\u010den\u00fd na ovl\u00e1danie pohybu vedier v \u0165a\u017ek\u00fdch strojoch. Tieto hydraulick\u00e9 valce zohr\u00e1vaj\u00fa k\u013e\u00fa\u010dov\u00fa \u00falohu v hydraulick\u00fdch syst\u00e9moch, preto\u017ee umo\u017e\u0148uj\u00fa zdv\u00edhanie, sp\u00fa\u0161\u0165anie a nakl\u00e1\u0148anie zariaden\u00ed, ako s\u00fa r\u00fdpadl\u00e1, r\u00fdpadlo-naklada\u010de a \u010deln\u00e9 naklada\u010de. V\u010faka schopnosti u\u013eah\u010di\u0165 \u00falohy manipul\u00e1cie s materi\u00e1lom tieto valce zabezpe\u010duj\u00fa prev\u00e1dzkov\u00fa efektivitu a \u00fa\u010dinnos\u0165 na stavenisk\u00e1ch.<\/p>\n<p><img decoding=\"async\" src=\"https:\/\/www.hydraulic-cylinders.net\/wp-content\/uploads\/2025\/04\/songte-company-1.webp\" alt=\"Obr\u00e1zok hydraulick\u00e9ho valca\"><\/p>\n<h3>Defin\u00edcia a preh\u013ead valcov s ko\u0161\u00edkom<\/h3>\n<p>Hydraulick\u00e9 valce lopaty, zn\u00e1me aj ako valce v\u00fdlo\u017en\u00edka, s\u00fa hydraulick\u00e9 valce \u0161peci\u00e1lne vyroben\u00e9 na riadenie pohybu ly\u017e\u00edc v r\u00f4znych \u0165a\u017ek\u00fdch strojoch. Vyu\u017e\u00edvaj\u00fa hydraulick\u00fd tlak na dosiahnutie plynul\u00fdch a kontrolovan\u00fdch pohybov. Umo\u017enen\u00edm zdv\u00edhania \u0165a\u017ek\u00fdch bremien a presn\u00e9ho nastavenia uhla v\u00fdrazne zlep\u0161uj\u00fa funk\u010dnos\u0165 zariaden\u00ed, v\u010faka \u010domu s\u00fa nevyhnutn\u00e9 v stavebn\u00edctve, po\u013enohospod\u00e1rstve a in\u00fdch \u0165a\u017ek\u00fdch aplik\u00e1ci\u00e1ch.<\/p>\n<h2>Vlastnosti valca v\u00fdlo\u017en\u00edka<\/h2>\n<ul>\n<li><strong>Vysok\u00e1 pevnos\u0165 a odolnos\u0165:<\/strong> Tieto valce, typicky vyroben\u00e9 z vysokopevnostnej ocele alebo hlin\u00edka, s\u00fa navrhnut\u00e9 tak, aby odolali vysok\u00e9mu tlaku a \u0165a\u017ek\u00e9mu za\u0165a\u017eeniu. S\u00fa skon\u0161truovan\u00e9 tak, aby fungovali v n\u00e1ro\u010dn\u00fdch pracovn\u00fdch prostrediach, s prvkami, ktor\u00e9 zvy\u0161uj\u00fa odolnos\u0165 proti opotrebovaniu a kor\u00f3zii, \u010d\u00edm zabezpe\u010duj\u00fa dlh\u00fa \u017eivotnos\u0165.<\/li>\n<li><strong>Efekt\u00edvna hydraulick\u00e1 prev\u00e1dzka:<\/strong> V\u010faka hydraulick\u00e9mu tlaku oleja zabezpe\u010duje valec v\u00fdlo\u017en\u00edka plynul\u00e9 vys\u00favanie a zas\u00favanie. T\u00e1to r\u00fdchla reakcia na povely oper\u00e1tora poskytuje v\u00fdkonn\u00e9 tla\u010dn\u00e9 a \u0165ahov\u00e9 schopnosti, v\u010faka \u010domu je vhodn\u00fd na manipul\u00e1ciu s \u0165a\u017ek\u00fdmi materi\u00e1lmi a zlo\u017eit\u00e9 prev\u00e1dzkov\u00e9 \u00falohy.<\/li>\n<li><strong>R\u00f4zne typy:<\/strong> V z\u00e1vislosti od po\u017eiadaviek m\u00f4\u017eu by\u0165 tieto valce jedno\u010dinn\u00e9 (vyu\u017e\u00edvaj\u00fa hydraulick\u00fa silu v jednom smere) alebo dvoj\u010dinn\u00e9 (vyu\u017e\u00edvaj\u00fa hydraulick\u00fa silu v oboch smeroch). Niektor\u00e9 modely s\u00fa teleskopick\u00e9, \u010do umo\u017e\u0148uje v\u00e4\u010d\u0161ie vysunutie bez zv\u00e4\u010d\u0161enia vonkaj\u0161\u00edch rozmerov, ide\u00e1lne pre aplik\u00e1cie s obmedzen\u00fdm priestorom.<\/li>\n<\/ul>\n<p>Tento produkt vyr\u00e1bame my a na\u0161e valce dok\u00e1\u017eu dokonale nahradi\u0165 tieto hydraulick\u00e9 valce.<\/p>\n<p><img decoding=\"async\" src=\"https:\/\/www.hydraulic-cylinders.net\/wp-content\/uploads\/2025\/04\/songte-cylinder-head-with-all-kinds-excavator-models.webp\" alt=\"Modely bagrov\"><\/p>\n<h2>Aplik\u00e1cie valcov v\u00fdlo\u017en\u00edka<\/h2>\n<h3>Stavebn\u00e9 stroje<\/h3>\n<p>V stavebn\u00fdch strojoch s\u00fa valce v\u00fdlo\u017en\u00edka z\u00e1kladn\u00fdmi komponentmi, ktor\u00e9 sa nach\u00e1dzaj\u00fa v r\u00fdpadl\u00e1ch. S\u00fa k\u013e\u00fa\u010dov\u00e9 pre kopanie, nakladanie a premiest\u0148ovanie zeminy alebo sutiny. V r\u00fdpadlo-naklada\u010doch tieto valce nielen pom\u00e1haj\u00fa pri v\u00fdkopov\u00fdch pr\u00e1cach, ale aj pri zdv\u00edhac\u00edch oper\u00e1ci\u00e1ch.<\/p>\n<h3>Po\u013enohospod\u00e1rske stroje<\/h3>\n<p>V \u010deln\u00fdch naklada\u010doch hraj\u00fa valce v\u00fdlo\u017en\u00edka d\u00f4le\u017eit\u00fa \u00falohu pri naberan\u00ed, zdv\u00edhan\u00ed a preprave p\u00f4dy, sena a in\u00fdch materi\u00e1lov. V\u010faka svojej schopnosti efekt\u00edvne zvl\u00e1da\u0165 r\u00f4zne po\u013enohospod\u00e1rske \u00falohy s\u00fa v po\u013enohospod\u00e1rskom sektore nenahradite\u013en\u00e9.<\/p>\n<h3>R\u00fdpadl\u00e1<\/h3>\n<p>Valec v\u00fdlo\u017en\u00edka je zodpovedn\u00fd za to, aby ly\u017eica mohla efekt\u00edvne prenika\u0165 do p\u00f4dy po\u010das v\u00fdkopov\u00fdch pr\u00e1c. T\u00e1to funkcia je k\u013e\u00fa\u010dov\u00e1 pre dosiahnutie optim\u00e1lnej h\u013abky a efekt\u00edvnosti kopania.<\/p>\n<h3>Naklada\u010de<\/h3>\n<p>V \u010deln\u00fdch naklada\u010doch pom\u00e1haj\u00fa valce v\u00fdlo\u017en\u00edka efekt\u00edvne zdv\u00edha\u0165 a vyklada\u0165 bremena, \u010d\u00edm zvy\u0161uj\u00fa produktivitu a mo\u017enosti manipul\u00e1cie s materi\u00e1lom na stavenisk\u00e1ch.<\/p>\n<h2>\u00davahy o dizajne a krit\u00e9ri\u00e1 v\u00fdberu<\/h2>\n<h3>Nosnos\u0165<\/h3>\n<p>Pri v\u00fdbere valca v\u00fdlo\u017en\u00edka je nosnos\u0165 prvorad\u00e1. Valec mus\u00ed by\u0165 schopn\u00fd zvl\u00e1dnu\u0165 maxim\u00e1lne za\u0165a\u017eenie o\u010dak\u00e1van\u00e9 po\u010das prev\u00e1dzky. Spr\u00e1vne dimenzovanie zabezpe\u010duje, \u017ee zariadenie bude fungova\u0165 bezpe\u010dne a efekt\u00edvne, \u010d\u00edm sa zni\u017euje riziko poruchy valca.<\/p>\n<h3>Tesnenie<\/h3>\n<p>\u00da\u010dinn\u00e9 tesnenie je k\u013e\u00fa\u010dov\u00e9 pre zabr\u00e1nenie \u00faniku hydraulickej kvapaliny a udr\u017eanie optim\u00e1lneho tlaku vo valci. Vysokokvalitn\u00e9 tesnenia predl\u017euj\u00fa \u017eivotnos\u0165 valca t\u00fdm, \u017ee zabra\u0148uj\u00fa kontamin\u00e1cii a zni\u017euj\u00fa opotrebovanie.<\/p>\n<h3>Trvanlivos\u0165<\/h3>\n<p>Trvanlivos\u0165 je kritick\u00fdm faktorom, najm\u00e4 v n\u00e1ro\u010dn\u00fdch prostrediach. Materi\u00e1ly pou\u017eit\u00e9 na v\u00fdrobu valca v\u00fdlo\u017en\u00edka by mali by\u0165 odoln\u00e9 vo\u010di opotrebovaniu, kor\u00f3zii a \u00fanave materi\u00e1lu, \u010d\u00edm sa zabezpe\u010d\u00ed dlhodob\u00e1 spo\u013eahlivos\u0165 a v\u00fdkon.<\/p>\n<h3>Bezpe\u010dnos\u0165<\/h3>\n<p>Bezpe\u010dnos\u0165 je pri n\u00e1vrhu hydraulick\u00fdch valcov prvorad\u00fdm krit\u00e9riom. Funkcie, ako s\u00fa pretlakov\u00e9 ventily a robustn\u00e9 mo\u017enosti mont\u00e1\u017ee, minimalizuj\u00fa riziko neh\u00f4d a por\u00fach zariaden\u00ed.<\/p>\n<h3>Udr\u017eiavate\u013enos\u0165<\/h3>\n<p>V\u00fdber valca ramena, ktor\u00fd sa \u013eahko udr\u017eiava, pred\u013a\u017ei jeho \u017eivotnos\u0165. Kon\u0161truk\u010dn\u00e9 prvky, ktor\u00e9 umo\u017e\u0148uj\u00fa jednoduch\u00fd pr\u00edstup k tesneniam a vn\u00fatorn\u00fdm komponentom, zjednodu\u0161uj\u00fa a zr\u00fdch\u013euj\u00fa \u00fadr\u017ebu, \u010d\u00edm sa skracuj\u00fa prestoje.<\/p>\n<p><img decoding=\"async\" src=\"https:\/\/www.hydraulic-cylinders.net\/wp-content\/uploads\/2025\/04\/songte-oil-pipes-and-spare-parts.webp\" alt=\"Olejov\u00e9 potrubia a n\u00e1hradn\u00e9 diely\"><\/p>\n<h2>Tesnenie a mazanie hydraulick\u00e9ho valca<\/h2>\n<p>Spr\u00e1vne tesnenie a mazanie s\u00fa neoddelite\u013enou s\u00fa\u010das\u0165ou funk\u010dnosti a dlhej \u017eivotnosti valca v\u00fdlo\u017en\u00edka. Na udr\u017eanie hydraulick\u00e9ho tlaku a zabr\u00e1nenie \u00faniku kvapaliny sa pou\u017e\u00edvaj\u00fa r\u00f4zne tesnenia, ako s\u00fa piestne tesnenia a ty\u010dov\u00e9 tesnenia. V\u00fdber odoln\u00fdch materi\u00e1lov, ako je polyuret\u00e1n a nitrilov\u00e1 guma, pre tesnenia zvy\u0161uje odolnos\u0165 vo\u010di opotrebovaniu a environment\u00e1lnym faktorom.<\/p>\n<p>Teleso valca a z\u00e1vitov\u00e9 koncov\u00e9 plochy prech\u00e1dzaj\u00fa d\u00f4kladnou \u00fapravou, aby sa zlep\u0161ila odolnos\u0165 proti opotrebovaniu. Pravideln\u00e9 mazanie hydraulick\u00fdm olejom je nevyhnutn\u00e9 na minimaliz\u00e1ciu trenia a zabezpe\u010denie plynul\u00e9ho chodu. Dostato\u010dn\u00e9 mazanie prispieva k celkovej \u00fa\u010dinnosti a \u017eivotnosti hydraulick\u00e9ho valca.<\/p>\n<h2>Pravideln\u00e1 \u00fadr\u017eba a prevent\u00edvne opatrenia<\/h2>\n<ul>\n<li><strong>\u010cast\u00e9 kontroly:<\/strong> Pravidelne kontrolujte valec ramena, \u010di nevykazuje zn\u00e1mky opotrebovania, netesnost\u00ed alebo po\u0161kodenia. V\u010dasn\u00e9 odhalenie probl\u00e9mov m\u00f4\u017ee zabr\u00e1ni\u0165 \u010fal\u0161\u00edm komplik\u00e1ci\u00e1m a n\u00e1kladn\u00fdm oprav\u00e1m.<\/li>\n<li><strong>Spr\u00e1vne mazanie:<\/strong> Uistite sa, \u017ee valec je dostato\u010dne namazan\u00fd hydraulick\u00fdm olejom. T\u00fdm sa zni\u017euje trenie a opotrebovanie pohybliv\u00fdch \u010dast\u00ed, \u010do podporuje plynul\u00fd chod.<\/li>\n<li><strong>V\u00fdmena tesnenia:<\/strong> Tesnenia sa \u010dasom m\u00f4\u017eu opotrebova\u0165 a sta\u0165 sa ne\u00fa\u010dinn\u00fdmi. Pravidelne kontrolujte a pod\u013ea potreby vymie\u0148ajte tesnenia, aby sa zachovala hydraulick\u00e1 integrita.<\/li>\n<\/ul>\n<h2>Pokyny na in\u0161tal\u00e1ciu valca ramena<\/h2>\n<p>Spr\u00e1vna in\u0161tal\u00e1cia valca ramena je nevyhnutn\u00e1 pre optim\u00e1lny v\u00fdkon. Za\u010dnite t\u00fdm, \u017ee sa uist\u00edte, \u017ee v\u0161etky komponenty s\u00fa \u010dist\u00e9 a bez ne\u010dist\u00f4t. Valec spr\u00e1vne zarovnajte s mont\u00e1\u017enymi bodmi, preto\u017ee nespr\u00e1vne zarovnanie m\u00f4\u017ee vies\u0165 k nam\u00e1haniu a pred\u010dasn\u00e9mu opotrebovaniu.<\/p>\n<p>Na upevnenie valca na mieste pou\u017eite vhodn\u00e9 mont\u00e1\u017ene konzoly, ktor\u00e9 zabr\u00e1nia jeho pohybu po\u010das prev\u00e1dzky. Pri u\u0165ahovan\u00ed skrutiek dodr\u017eiavajte u\u0165ahovac\u00ed moment uveden\u00fd v\u00fdrobcom, aby ste zabezpe\u010dili bezpe\u010dn\u00e9 upevnenie. Po in\u0161tal\u00e1cii dvakr\u00e1t skontrolujte zarovnanie a funk\u010dnos\u0165 hydraulick\u00fdch pripojen\u00ed.<\/p>\n<p>Po in\u0161tal\u00e1cii vykonajte sk\u00fa\u0161obn\u00fa prev\u00e1dzku, aby ste potvrdili bezprobl\u00e9mov\u00e9 fungovanie valca a vykonajte v\u0161etky potrebn\u00e9 \u00fapravy na zabezpe\u010denie optim\u00e1lneho v\u00fdkonu.<\/p>\n<h2>Be\u017en\u00e9 \u00falohy \u00fadr\u017eby<\/h2>\n<h3>Pravideln\u00e9 kontroly<\/h3>\n<p>Pravideln\u00e9 kontroly s\u00fa k\u013e\u00fa\u010dov\u00e9 pre udr\u017eanie prev\u00e1dzkovej \u00fa\u010dinnosti valca ramena. H\u013eadajte ak\u00e9ko\u013evek zn\u00e1mky netesnost\u00ed, opotrebovania alebo po\u0161kodenia. V\u010dasn\u00e1 identifik\u00e1cia probl\u00e9mov m\u00f4\u017ee pred\u00eds\u0165 z\u00e1va\u017enej\u0161\u00edm probl\u00e9mom v bud\u00facnosti. Napl\u00e1nujte si kontroly na z\u00e1klade frekvencie pou\u017e\u00edvania, aby ste zabezpe\u010dili, \u017ee v\u0161etky potenci\u00e1lne probl\u00e9my bud\u00fa vyrie\u0161en\u00e9 sk\u00f4r, ako sa zhor\u0161ia.<\/p>\n<h3>Vhodn\u00e9 mazanie<\/h3>\n<p>Mazanie by sa malo vykon\u00e1va\u0165 pod\u013ea pokynov v\u00fdrobcu. Spr\u00e1vne mazanie minimalizuje trenie, predl\u017euje \u017eivotnos\u0165 valca a zabezpe\u010duje optim\u00e1lny v\u00fdkon. V\u017edy pou\u017e\u00edvajte odpor\u00fa\u010dan\u00fd typ hydraulick\u00e9ho oleja a uistite sa, \u017ee tesnenia zostan\u00fa neporu\u0161en\u00e9, aby sa predi\u0161lo kontamin\u00e1cii.<\/p>\n<h3>V\u00fdmena tesnenia a kontroly kalibr\u00e1cie<\/h3>\n<p>Pravidelne kontrolujte opotrebovanie tesnen\u00ed a v pr\u00edpade potreby ich vyme\u0148te. Dostato\u010dn\u00e9 tesnenie udr\u017eiava hydraulick\u00fd tlak a zabra\u0148uje \u00fanikom. Okrem toho s\u00fa kalibra\u010dn\u00e9 kontroly nevyhnutn\u00e9 na zabezpe\u010denie toho, aby valec fungoval v r\u00e1mci \u0161pecifikovan\u00fdch parametrov. Spr\u00e1vna kalibr\u00e1cia zvy\u0161uje \u00fa\u010dinnos\u0165 a bezpe\u010dnos\u0165 hydraulick\u00fdch syst\u00e9mov.<\/p>\n<p><img decoding=\"async\" src=\"https:\/\/www.hydraulic-cylinders.net\/wp-content\/uploads\/2025\/04\/songte-chushion-collar.webp\" alt=\"Vank\u00fa\u0161ov\u00fd golier\"><\/p>\n<h2>Bezpe\u010dnostn\u00e9 aspekty a faktory prostredia<\/h2>\n<p>Pri pr\u00e1ci s hydraulick\u00fdmi valcami s\u00fa bezpe\u010dnostn\u00e9 opatrenia prvorad\u00e9. Obsluha by mala by\u0165 vy\u0161kolen\u00e1 v bezpe\u010dnej prev\u00e1dzke a \u00fadr\u017ebe hydraulick\u00fdch syst\u00e9mov, aby sa zmiernili rizik\u00e1. Nosenie vhodn\u00fdch osobn\u00fdch ochrann\u00fdch prostriedkov (OOP) je tie\u017e nevyhnutn\u00e9 na predch\u00e1dzanie nehod\u00e1m. Okrem toho je potrebn\u00e9 zv\u00e1\u017ei\u0165 vplyv hydraulick\u00fdch kvapal\u00edn na \u017eivotn\u00e9 prostredie, zabezpe\u010di\u0165 ich spr\u00e1vnu likvid\u00e1ciu a minimalizova\u0165 \u00faniky s cie\u013eom chr\u00e1ni\u0165 ekosyst\u00e9m.<\/p>\n<h2>Diagnostika por\u00fach a be\u017en\u00e9 probl\u00e9my<\/h2>\n<ul>\n<li><strong>\u00danik:<\/strong> K \u00fanikom m\u00f4\u017ee d\u00f4js\u0165 v d\u00f4sledku opotrebovan\u00fdch tesnen\u00ed alebo po\u0161koden\u00fdch had\u00edc. Pravideln\u00e1 kontrola a okam\u017eit\u00e1 oprava \u00fanikov s\u00fa nevyhnutn\u00e9 pre udr\u017eanie hydraulick\u00e9ho tlaku a funk\u010dnosti.<\/li>\n<li><strong>Pomal\u00fd pohyb:<\/strong> Ak sa valec v\u00fdlo\u017en\u00edka pohybuje pomaly, m\u00f4\u017ee to znamena\u0165 n\u00edzku hladinu hydraulickej kvapaliny, zne\u010distenie alebo opotrebovan\u00e9 tesnenia. V\u010dasn\u00e9 rie\u0161enie t\u00fdchto probl\u00e9mov zabezpe\u010d\u00ed plynul\u00fa prev\u00e1dzku.<\/li>\n<li><strong>Nezvy\u010dajn\u00e9 zvuky:<\/strong> Nezvy\u010dajn\u00e9 zvuky po\u010das prev\u00e1dzky m\u00f4\u017eu signalizova\u0165 mechanick\u00fa poruchu alebo nedostato\u010dn\u00e9 mazanie. Presk\u00famanie a odstr\u00e1nenie t\u00fdchto probl\u00e9mov je nevyhnutn\u00e9 na zabr\u00e1nenie \u010fal\u0161iemu po\u0161kodeniu.<\/li>\n<\/ul>\n<p>Ak chcete tieto probl\u00e9my vyrie\u0161i\u0165, za\u010dnite d\u00f4kladnou kontrolou v\u0161etk\u00fdch komponentov. Vyme\u0148te po\u0161koden\u00e9 diely, pod\u013ea potreby dopl\u0148te hydraulick\u00fa kvapalinu a zabezpe\u010dte spr\u00e1vne mazanie, aby syst\u00e9m zostal v dobrom prev\u00e1dzkovom stave.<\/p>\n<h2>Z\u00e1ver<\/h2>\n<p>Sme popredn\u00fdm v\u00fdrobcom alternat\u00edvnych hydraulick\u00fdch valcov a poskytujeme komplexn\u00fd sortiment produktov. N\u00e1\u0161 z\u00e1v\u00e4zok k excelentnosti a presnej v\u00fdrobe zaru\u010duje, \u017ee uspokojujeme rozmanit\u00e9 potreby z\u00e1kazn\u00edkov na dom\u00e1com aj medzin\u00e1rodnom trhu. So zameran\u00edm na vysoko kvalitn\u00fa v\u00fdrobu na\u0161e modern\u00e9 v\u00fdrobn\u00e9 zariadenia a profesion\u00e1lne testovacie syst\u00e9my zvy\u0161uj\u00fa kvalitu a spo\u013eahlivos\u0165 produktov.<\/p>\n<p>Na\u0161a odbornos\u0165 siaha a\u017e po pon\u00fakanie rie\u0161en\u00ed na mieru a na\u0161e medzin\u00e1rodn\u00e9 certifik\u00e1cie zaru\u010duj\u00fa najvy\u0161\u0161ie \u0161tandardy. Sme hrd\u00ed na n\u00e1\u0161 popredajn\u00fd servis, ktor\u00fd zabezpe\u010duje spokojnos\u0165 z\u00e1kazn\u00edkov prostredn\u00edctvom nepretr\u017eitej podpory.<\/p>\n<p><img decoding=\"async\" src=\"https:\/\/www.hydraulic-cylinders.net\/wp-content\/uploads\/2025\/04\/songte-company-4.webp\" alt=\"Obr\u00e1zok spolo\u010dnosti\"><br \/>\n<img decoding=\"async\" src=\"https:\/\/www.hydraulic-cylinders.net\/wp-content\/uploads\/2025\/04\/songte-company-3.webp\" alt=\"Obr\u00e1zok spolo\u010dnosti\"><\/p>\n<p>Autor: lyl<\/p>","protected":false},"excerpt":{"rendered":"<p>Boom Cylinder For Sinomach ZG3150-9C Introduction to Boom Cylinder The Boom Cylinder for Sinomach ZG3150-9C is a specialized hydraulic cylinder designed to control the movement of buckets in heavy machinery. These hydraulic cylinders play a crucial role in hydraulic systems, allowing for the lifting, lowering, and tilting of equipment such as excavators, backhoe loaders, and [&hellip;]<\/p>","protected":false},"featured_media":17874,"comment_status":"open","ping_status":"closed","template":"","meta":{"_et_pb_use_builder":"","_et_pb_old_content":"","_et_gb_content_width":""},"product_brand":[],"product_cat":[1546],"product_tag":[1547,1496],"class_list":{"0":"post-19490","1":"product","2":"type-product","3":"status-publish","4":"has-post-thumbnail","6":"product_cat-boom-cylinders","7":"product_tag-boom-cylinders","8":"product_tag-hydraulic-cylinders","10":"first","11":"instock","12":"shipping-taxable","13":"product-type-simple"},"amp_enabled":true,"_links":{"self":[{"href":"https:\/\/www.hydraulic-cylinders.net\/sk\/wp-json\/wp\/v2\/product\/19490","targetHints":{"allow":["GET"]}}],"collection":[{"href":"https:\/\/www.hydraulic-cylinders.net\/sk\/wp-json\/wp\/v2\/product"}],"about":[{"href":"https:\/\/www.hydraulic-cylinders.net\/sk\/wp-json\/wp\/v2\/types\/product"}],"replies":[{"embeddable":true,"href":"https:\/\/www.hydraulic-cylinders.net\/sk\/wp-json\/wp\/v2\/comments?post=19490"}],"wp:featuredmedia":[{"embeddable":true,"href":"https:\/\/www.hydraulic-cylinders.net\/sk\/wp-json\/wp\/v2\/media\/17874"}],"wp:attachment":[{"href":"https:\/\/www.hydraulic-cylinders.net\/sk\/wp-json\/wp\/v2\/media?parent=19490"}],"wp:term":[{"taxonomy":"product_brand","embeddable":true,"href":"https:\/\/www.hydraulic-cylinders.net\/sk\/wp-json\/wp\/v2\/product_brand?post=19490"},{"taxonomy":"product_cat","embeddable":true,"href":"https:\/\/www.hydraulic-cylinders.net\/sk\/wp-json\/wp\/v2\/product_cat?post=19490"},{"taxonomy":"product_tag","embeddable":true,"href":"https:\/\/www.hydraulic-cylinders.net\/sk\/wp-json\/wp\/v2\/product_tag?post=19490"}],"curies":[{"name":"pracovn\u00fd list","href":"https:\/\/api.w.org\/{rel}","templated":true}]}}