{"id":19491,"date":"2025-04-07T06:50:34","date_gmt":"2025-04-07T06:50:34","guid":{"rendered":"https:\/\/www.hydraulic-cylinders.net\/product\/boom-cylinder-for-sinomach-zg3085-9\/"},"modified":"2025-04-07T06:50:42","modified_gmt":"2025-04-07T06:50:42","slug":"boom-cylinder-for-sinomach-zg3085-9","status":"publish","type":"product","link":"https:\/\/www.hydraulic-cylinders.net\/sk\/produkt\/boom-cylinder-for-sinomach-zg3085-9\/","title":{"rendered":"Valec v\u00fdlo\u017en\u00edka pre Sinomach ZG3085-9"},"content":{"rendered":"<h1>Valec v\u00fdlo\u017en\u00edka pre Sinomach ZG3085-9<\/h1>\n<h2>Preh\u013ead produktu<\/h2>\n<p>Hydraulick\u00fd valec v\u00fdlo\u017en\u00edka pre Sinomach ZG3085-9 je \u0161pecializovan\u00fd hydraulick\u00fd valec ur\u010den\u00fd na ovl\u00e1danie pohybu ly\u017eice v r\u00f4znych \u0165a\u017ek\u00fdch strojoch, ako s\u00fa r\u00fdpadl\u00e1, r\u00fdpadlo-naklada\u010de a \u010deln\u00e9 naklada\u010de. Tento hydraulick\u00fd valec umo\u017e\u0148uje zdv\u00edhanie, sp\u00fa\u0161\u0165anie a nakl\u00e1\u0148anie ly\u017eice, \u010do u\u013eah\u010duje efekt\u00edvnu manipul\u00e1ciu s materi\u00e1lom. Valec ly\u017eice, typ hydraulick\u00e9ho valca, zohr\u00e1va k\u013e\u00fa\u010dov\u00fa \u00falohu v hydraulick\u00fdch syst\u00e9moch, preto\u017ee premie\u0148a hydraulick\u00fa energiu na mechanick\u00fa energiu na vykon\u00e1vanie pr\u00e1ce.<\/p>\n<p><img decoding=\"async\" src=\"https:\/\/www.hydraulic-cylinders.net\/wp-content\/uploads\/2025\/04\/songte-company-1.webp\" alt=\"Valec v\u00fdlo\u017en\u00edka pre Sinomach ZG3085-9\"><\/p>\n<h2>Vlastnosti valca v\u00fdlo\u017en\u00edka<\/h2>\n<ul>\n<li>\n<h3>Vysok\u00e1 pevnos\u0165 a odolnos\u0165<\/h3>\n<p>Tento valec je vyroben\u00fd z vysokopevnostnej ocele alebo hlin\u00edka, tak\u017ee odol\u00e1 vysok\u00e9mu tlaku a \u0165a\u017ek\u00fdm za\u0165a\u017eeniam, v\u010faka \u010domu je vhodn\u00fd do n\u00e1ro\u010dn\u00fdch pracovn\u00fdch prostred\u00ed. Jeho kon\u0161trukcia zoh\u013ead\u0148uje aj odolnos\u0165 vo\u010di opotrebovaniu a kor\u00f3zii, \u010d\u00edm sa predl\u017euje jeho \u017eivotnos\u0165.<\/p>\n<\/li>\n<li>\n<h3>Efekt\u00edvna hydraulick\u00e1 prev\u00e1dzka<\/h3>\n<p>Valec vyu\u017e\u00edva hydraulick\u00fd tlak oleja na dosiahnutie plynul\u00e9ho vys\u00favania a zas\u00favania, \u010do umo\u017e\u0148uje r\u00fdchlu reakciu na prev\u00e1dzkov\u00e9 pr\u00edkazy a poskytuje zna\u010dn\u00fa tla\u010dn\u00fa a \u0165ahov\u00fa silu, ide\u00e1lnu na manipul\u00e1ciu s \u0165a\u017ek\u00fdmi materi\u00e1lmi a zlo\u017eit\u00e9 \u00falohy.<\/p>\n<\/li>\n<li>\n<h3>R\u00f4zne dostupn\u00e9 typy<\/h3>\n<p>Ponuka zah\u0155\u0148a jedno\u010dinn\u00e9 (pracuj\u00face v jednom smere) a dvoj\u010dinn\u00e9 (pracuj\u00face v oboch smeroch) valce, ktor\u00e9 sp\u013a\u0148aj\u00fa r\u00f4zne prev\u00e1dzkov\u00e9 po\u017eiadavky. Niektor\u00e9 modely s\u00fa teleskopick\u00e9, \u010do umo\u017e\u0148uje v\u00e4\u010d\u0161ie vysunutie bez zv\u00e4\u010d\u0161enia vonkaj\u0161\u00edch rozmerov, a s\u00fa ide\u00e1lne pre aplik\u00e1cie s obmedzen\u00fdm priestorom.<\/p>\n<\/li>\n<li>\n<h3>Prisp\u00f4sobite\u013en\u00e9 rie\u0161enia<\/h3>\n<p>Tento produkt vyr\u00e1bame tak, aby dokonale nahradil existuj\u00face hydraulick\u00e9 valce vo va\u0161om zariaden\u00ed.<\/p>\n<\/li>\n<\/ul>\n<p><img decoding=\"async\" src=\"https:\/\/www.hydraulic-cylinders.net\/wp-content\/uploads\/2025\/04\/songte-cylinder-head-with-all-kinds-excavator-models.webp\" alt=\"Hlava hydraulick\u00e9ho valca pre r\u00fdpadl\u00e1\"><\/p>\n<h2>Aplik\u00e1cie valca v\u00fdlo\u017en\u00edka<\/h2>\n<ul>\n<li>\n<h3>Stavebn\u00e9 stroje<\/h3>\n<p>V r\u00fdpadl\u00e1ch je valec v\u00fdlo\u017en\u00edka nevyhnutn\u00fd pre kopanie, nakladanie a premiest\u0148ovanie zeminy alebo sutiny. Umo\u017e\u0148uje ly\u017eici efekt\u00edvne prenika\u0165 do zeme, v\u010faka \u010domu je nevyhnutn\u00e1 pre stavebn\u00e9 \u00falohy. Hydraulick\u00fd v\u00fdkon poskytuje potrebn\u00fa silu na zdv\u00edhanie \u0165a\u017ek\u00fdch bremien, \u010d\u00edm sa od\u013eah\u010duje z\u00e1\u0165a\u017e obsluhy a zvy\u0161uje sa efektivita na stavenisk\u00e1ch.<\/p>\n<\/li>\n<li>\n<h3>Po\u013enohospod\u00e1rske stroje<\/h3>\n<p>Pou\u017e\u00edvan\u00fd v \u010deln\u00fdch naklada\u010doch, valec v\u00fdlo\u017en\u00edka vynik\u00e1 pri naberan\u00ed, zdv\u00edhan\u00ed a preprave p\u00f4dy, sena a in\u00fdch materi\u00e1lov. Jeho spo\u013eahlivos\u0165 zais\u0165uje efekt\u00edvne vykon\u00e1vanie po\u013enohospod\u00e1rskych \u00faloh, \u010di u\u017e po\u010das sejby alebo pri v\u0161eobecnej \u00fadr\u017ebe farmy, \u010d\u00edm sa zvy\u0161uje produktivita v po\u013enohospod\u00e1rskom sektore.<\/p>\n<\/li>\n<li>\n<h3>R\u00fdpadl\u00e1<\/h3>\n<p>Schopnos\u0165 valca v\u00fdlo\u017en\u00edka umo\u017eni\u0165 ly\u017eici prenikn\u00fa\u0165 do p\u00f4dy prispieva k efekt\u00edvnym kopac\u00edm oper\u00e1ci\u00e1m. T\u00e1to funkcia je k\u013e\u00fa\u010dov\u00e1 v r\u00f4znych projektoch, od h\u013abenia v\u00fdkopov a\u017e po pr\u00edpravu staveniska, preto\u017ee poskytuje potrebn\u00fa silu na prerazenie r\u00f4znych typov p\u00f4dy.<\/p>\n<\/li>\n<li>\n<h3>Naklada\u010de<\/h3>\n<p>V \u010deln\u00fdch naklada\u010doch valec v\u00fdlo\u017en\u00edka \u00fa\u010dinne pom\u00e1ha pri zdv\u00edhan\u00ed a vykladan\u00ed materi\u00e1lov. T\u00e1to schopnos\u0165 je k\u013e\u00fa\u010dov\u00e1 pre \u00falohy, ako je nakladanie n\u00e1kladn\u00fdch vozidiel alebo preprava materi\u00e1lov z jedn\u00e9ho miesta na druh\u00e9, \u010d\u00edm sa zabezpe\u010duje r\u00fdchla a bezprobl\u00e9mov\u00e1 prev\u00e1dzka.<\/p>\n<\/li>\n<\/ul>\n<h2>\u00davahy o dizajne a krit\u00e9ri\u00e1 v\u00fdberu<\/h2>\n<ul>\n<li>\n<h3>Nosnos\u0165<\/h3>\n<p>Nosnos\u0165 valca ramena je kritick\u00fdm faktorom, preto\u017ee ur\u010duje maxim\u00e1lnu hmotnos\u0165, ktor\u00fa valec dok\u00e1\u017ee zvl\u00e1dnu\u0165 bez poruchy. Vhodn\u00e1 nosnos\u0165 zais\u0165uje bezpe\u010dnos\u0165 a zvy\u0161uje celkov\u00fa efektivitu prev\u00e1dzky. Je nevyhnutn\u00e9 vybra\u0165 valec, ktor\u00fd sp\u013a\u0148a alebo prekra\u010duje \u0161pecifick\u00e9 hmotnostn\u00e9 po\u017eiadavky dan\u00fdch \u00faloh.<\/p>\n<\/li>\n<li>\n<h3>Tesniace vlastnosti<\/h3>\n<p>\u00da\u010dinn\u00e9 tesnenie je nevyhnutn\u00e9 na zabr\u00e1nenie \u00faniku hydraulickej kvapaliny a udr\u017eanie tlaku v syst\u00e9me. Vysokokvalitn\u00e9 tesnenia zabezpe\u010duj\u00fa efekt\u00edvnu prev\u00e1dzku valca, \u010d\u00edm sa zni\u017euj\u00fa prestoje a n\u00e1klady na \u00fadr\u017ebu. Pravideln\u00e9 kontroly a v\u00fdmeny tesnen\u00ed pom\u00f4\u017eu udr\u017eiava\u0165 optim\u00e1lny v\u00fdkon a pred\u013a\u017eia \u017eivotnos\u0165 hydraulick\u00e9ho valca.<\/p>\n<\/li>\n<li>\n<h3>Trvanlivos\u0165<\/h3>\n<p>Pre hydraulick\u00e9 valce pracuj\u00face v n\u00e1ro\u010dn\u00fdch prostrediach je nevyhnutn\u00e1 odolnos\u0165. Materi\u00e1ly pou\u017eit\u00e9 pri v\u00fdrobe by spolu s kon\u0161truk\u010dn\u00fdmi prvkami mali odol\u00e1va\u0165 n\u00e1ro\u010dn\u00fdm podmienkam vr\u00e1tane extr\u00e9mnych tepl\u00f4t a abraz\u00edvnych materi\u00e1lov. Invest\u00edcia do odoln\u00fdch produktov zni\u017euje riziko pred\u010dasn\u00fdch por\u00fach a n\u00e1kladn\u00fdch opr\u00e1v.<\/p>\n<\/li>\n<li>\n<h3>Bezpe\u010dnostn\u00e9 prvky<\/h3>\n<p>Pri v\u00fdbere hydraulick\u00fdch valcov je bezpe\u010dnos\u0165 prvorad\u00e1. Funkcie, ako s\u00fa pretlakov\u00e9 ventily, bezpe\u010dnostn\u00e9 z\u00e1mky a mechanizmy n\u00fadzov\u00e9ho zastavenia, pom\u00e1haj\u00fa predch\u00e1dza\u0165 nehod\u00e1m a zraneniam po\u010das prev\u00e1dzky. Pochopenie bezpe\u010dnostn\u00fdch prvkov valcov pom\u00e1ha zabezpe\u010di\u0165 s\u00falad s priemyseln\u00fdmi normami a predpismi.<\/p>\n<\/li>\n<li>\n<h3>Pr\u00edstupnos\u0165 \u00fadr\u017eby<\/h3>\n<p>Pri v\u00fdbere hydraulick\u00fdch valcov je k\u013e\u00fa\u010dov\u00e9 zv\u00e1\u017ei\u0165 jednoduchos\u0165 \u00fadr\u017eby. Kon\u0161trukcie, ktor\u00e9 umo\u017e\u0148uj\u00fa jednoduch\u00fd pr\u00edstup ku kritick\u00fdm komponentom, umo\u017e\u0148uj\u00fa be\u017en\u00e9 kontroly a opravy bez rozsiahlej demont\u00e1\u017ee. Toto zv\u00e1\u017eenie m\u00f4\u017ee v\u00fdrazne skr\u00e1ti\u0165 \u010das a n\u00e1klady na \u00fadr\u017ebu a zv\u00fd\u0161i\u0165 celkov\u00fa prev\u00e1dzkov\u00fa efektivitu.<\/p>\n<\/li>\n<\/ul>\n<p><img decoding=\"async\" src=\"https:\/\/www.hydraulic-cylinders.net\/wp-content\/uploads\/2025\/04\/songte-oil-pipes-and-spare-parts.webp\" alt=\"Olejov\u00e9 potrubia a n\u00e1hradn\u00e9 diely\"><\/p>\n<h2>Tesnenie a mazanie<\/h2>\n<p>\u00da\u010dinnos\u0165 valca v\u00fdlo\u017en\u00edka je v\u00fdrazne ovplyvnen\u00e1 kvalitou jeho tesnen\u00ed a mazania. Pou\u017eitie r\u00f4znych tesniacich komponentov, ako s\u00fa tesnenia piestov a tesnenia ty\u010d\u00ed, zais\u0165uje optim\u00e1lny v\u00fdkon. Tesnenia vyroben\u00e9 z materi\u00e1lov odoln\u00fdch vo\u010di opotrebovaniu, ako je polyuret\u00e1n a nitrilov\u00fd kau\u010duk, zvy\u0161uj\u00fa \u017eivotnos\u0165 a spo\u013eahlivos\u0165. Starostliv\u00e9 o\u0161etrenie telesa valca a z\u00e1vitov\u00fdch koncov\u00fdch pl\u00f4ch zvy\u0161uje odolnos\u0165 vo\u010di opotrebovaniu. Pravideln\u00e9 mazanie hydraulick\u00fdm olejom je nevyhnutn\u00e9 na udr\u017eanie hladk\u00e9ho chodu a zn\u00ed\u017eenie trenia, \u010do prispieva k celkovej \u00fa\u010dinnosti hydraulick\u00e9ho syst\u00e9mu. Pravideln\u00e9 kontroly integrity tesnen\u00ed a v\u010dasn\u00e1 v\u00fdmena m\u00f4\u017eu zabr\u00e1ni\u0165 n\u00e1kladn\u00fdm \u00fanikom a udr\u017ea\u0165 \u0161pi\u010dkov\u00fd v\u00fdkon.<\/p>\n<h2>Opatrenia prevent\u00edvnej \u00fadr\u017eby<\/h2>\n<ul>\n<li>\n<h3>Pravideln\u00e9 kontroly<\/h3>\n<p>Pravideln\u00e9 kontroly valca ramena s\u00fa nevyhnutn\u00e9 na identifik\u00e1ciu opotrebenia. Pl\u00e1novan\u00e1 kontrola umo\u017e\u0148uje v\u010dasn\u00e9 odhalenie potenci\u00e1lnych probl\u00e9mov, ako s\u00fa netesnosti alebo nespr\u00e1vne zarovnanie, \u010do m\u00f4\u017ee zabr\u00e1ni\u0165 n\u00e1kladn\u00fdm oprav\u00e1m a zabezpe\u010di\u0165 optim\u00e1lne fungovanie valca.<\/p>\n<\/li>\n<li>\n<h3>Spr\u00e1vne mazanie<\/h3>\n<p>Zabezpe\u010denie dostato\u010dn\u00e9ho mazania valca je nevyhnutn\u00e9. Pravideln\u00e9 prid\u00e1vanie vhodn\u00e9ho mno\u017estva hydraulick\u00e9ho oleja pom\u00e1ha zni\u017eova\u0165 trenie, \u010d\u00edm sa zlep\u0161uje v\u00fdkon valca a predl\u017euje jeho \u017eivotnos\u0165. Je d\u00f4le\u017eit\u00e9 dodr\u017eiava\u0165 odpor\u00fa\u010dania v\u00fdrobcu t\u00fdkaj\u00face sa typu a frekvencie mazania.<\/p>\n<\/li>\n<li>\n<h3>V\u00fdmena tesnenia<\/h3>\n<p>Tesnenia sa \u010dasom m\u00f4\u017eu opotrebova\u0165, \u010do vedie k netesnostiam a zn\u00ed\u017eeniu \u00fa\u010dinnosti. Pravideln\u00e9 kontroly stavu tesnen\u00ed by mali by\u0165 s\u00fa\u010das\u0165ou \u00fadr\u017eby a v\u010das by sa mali vykon\u00e1va\u0165 ich v\u00fdmeny, aby sa predi\u0161lo \u00faniku kvapaliny a udr\u017eal sa tlak v hydraulickom syst\u00e9me.<\/p>\n<\/li>\n<\/ul>\n<h2>Pokyny na in\u0161tal\u00e1ciu<\/h2>\n<p>Spr\u00e1vna in\u0161tal\u00e1cia valca v\u00fdlo\u017en\u00edka je rozhoduj\u00faca pre zabezpe\u010denie optim\u00e1lneho v\u00fdkonu. Za\u010dnite spr\u00e1vnym zarovnan\u00edm valca s mont\u00e1\u017enymi bodmi na stroji. Na upevnenie valca na mieste sa odpor\u00fa\u010da pou\u017ei\u0165 vhodn\u00e9 mont\u00e1\u017ene konzoly, aby sa zabr\u00e1nilo pohybu, ktor\u00fd m\u00f4\u017ee vies\u0165 k nespr\u00e1vnemu zarovnaniu a nadmern\u00e9mu opotrebovaniu. Uistite sa, \u017ee v\u0161etky hydraulick\u00e9 pripojenia s\u00fa tesn\u00e9 a bez netesnost\u00ed. Po in\u0161tal\u00e1cii otestujte prev\u00e1dzku valca pri n\u00edzkom tlaku pred prechodom na pln\u00fa prev\u00e1dzku, aby ste sa uistili, \u017ee v\u0161etko funguje hladko. Pravidelne kontrolujte zarovnanie a zaistite spojovacie prvky po\u010das be\u017enej \u00fadr\u017eby, aby ste zabezpe\u010dili trval\u00fd v\u00fdkon a bezpe\u010dnos\u0165.<\/p>\n<h2>Be\u017en\u00e9 \u00falohy \u00fadr\u017eby<\/h2>\n<ul>\n<li>\n<h3>Pravideln\u00e9 kontroly<\/h3>\n<p>\u010cast\u00e9 kontroly valca ramena s\u00fa nevyhnutn\u00e9 na identifik\u00e1ciu ak\u00fdchko\u013evek zn\u00e1mok opotrebenia alebo potenci\u00e1lnych probl\u00e9mov. Monitorovanie ak\u00fdchko\u013evek nezvy\u010dajn\u00fdch zvukov po\u010das prev\u00e1dzky m\u00f4\u017ee tie\u017e nazna\u010dova\u0165 z\u00e1kladn\u00e9 probl\u00e9my, ktor\u00e9 si m\u00f4\u017eu vy\u017eadova\u0165 pozornos\u0165.<\/p>\n<\/li>\n<li>\n<h3>Vhodn\u00e9 mazanie<\/h3>\n<p>D\u00f4sledn\u00e9 mazanie je nevyhnutn\u00e9 pre bezprobl\u00e9mov\u00fa funkciu hydraulick\u00e9ho valca. Dodr\u017eiavanie pokynov v\u00fdrobcu t\u00fdkaj\u00facich sa intervalov a mno\u017estiev mazania m\u00f4\u017ee pom\u00f4c\u0165 udr\u017ea\u0165 optim\u00e1lny v\u00fdkon a pred\u013a\u017ei\u0165 \u017eivotnos\u0165 valca.<\/p>\n<\/li>\n<li>\n<h3>V\u00fdmena tesnenia a kontroly kalibr\u00e1cie<\/h3>\n<p>V\u00fdmena opotrebovan\u00fdch tesnen\u00ed a vykon\u00e1vanie kalibra\u010dn\u00fdch kontrol s\u00fa k\u013e\u00fa\u010dov\u00e9 pre udr\u017eanie integrity syst\u00e9mu. Pravideln\u00e9 nastavenia m\u00f4\u017eu pom\u00f4c\u0165 zabezpe\u010di\u0165, aby valec fungoval v r\u00e1mci navrhnut\u00fdch parametrov, \u010d\u00edm sa zvy\u0161uje bezpe\u010dnos\u0165 a \u00fa\u010dinnos\u0165.<\/p>\n<\/li>\n<\/ul>\n<p><img decoding=\"async\" src=\"https:\/\/www.hydraulic-cylinders.net\/wp-content\/uploads\/2025\/04\/songte-chushion-collar.webp\" alt=\"Tlmiaci golier pre hydraulick\u00e9 syst\u00e9my\"><\/p>\n<h2>Bezpe\u010dnostn\u00e9 aspekty a faktory prostredia<\/h2>\n<p>Pri pou\u017e\u00edvan\u00ed hydraulick\u00fdch valcov je implement\u00e1cia bezpe\u010dnostn\u00fdch opatren\u00ed nevyhnutn\u00e1 na predch\u00e1dzanie nehod\u00e1m a zraneniam. Obsluha by mala by\u0165 vy\u0161kolen\u00e1 v spr\u00e1vnych technik\u00e1ch manipul\u00e1cie a mala by si by\u0165 vedom\u00e1 potenci\u00e1lnych nebezpe\u010denstiev spojen\u00fdch s hydraulick\u00fdmi syst\u00e9mami. Okrem toho by sa pri v\u00fdbere a prev\u00e1dzke hydraulick\u00fdch valcov mali zv\u00e1\u017ei\u0165 faktory prostredia, ako s\u00fa kol\u00edsanie teploty a vystavenie koroz\u00edvnym materi\u00e1lom, aby sa zabezpe\u010dila ich dlh\u00e1 \u017eivotnos\u0165 a spo\u013eahlivos\u0165.<\/p>\n<h2>Rie\u0161enie probl\u00e9mov a be\u017en\u00e9 probl\u00e9my<\/h2>\n<ul>\n<li>\n<h3>\u00danik<\/h3>\n<p>\u00daniky hydraulickej kvapaliny m\u00f4\u017eu nasta\u0165 v d\u00f4sledku opotrebovan\u00fdch tesnen\u00ed alebo po\u0161koden\u00fdch komponentov. Pravideln\u00e1 \u00fadr\u017eba a kontrola pom\u00e1haj\u00fa v\u010das identifikova\u0165 tieto probl\u00e9my. Na odstr\u00e1nenie \u00faniku skontrolujte tesnenia, \u010di nie s\u00fa opotrebovan\u00e9, a v pr\u00edpade potreby ich vyme\u0148te, pri\u010dom z\u00e1rove\u0148 kontrolujte, \u010di nie s\u00fa po\u0161koden\u00e9 komponenty valca.<\/p>\n<\/li>\n<li>\n<h3>Zn\u00ed\u017een\u00fd v\u00fdkon<\/h3>\n<p>Ak valec nereaguje spr\u00e1vne na prev\u00e1dzkov\u00e9 povely, m\u00f4\u017ee to signalizova\u0165 probl\u00e9my s hydraulick\u00fdm syst\u00e9mom alebo vn\u00fatorn\u00e9 opotrebovanie. Skontrolujte, \u010di nie s\u00fa upchat\u00e9, uistite sa, \u017ee s\u00fa spr\u00e1vne hladiny kvapal\u00edn a \u010di nedo\u0161lo k vn\u00fatorn\u00e9mu po\u0161kodeniu, ktor\u00e9 by mohlo ovplyvni\u0165 v\u00fdkon.<\/p>\n<\/li>\n<li>\n<h3>Nezvy\u010dajn\u00e9 zvuky<\/h3>\n<p>Zvl\u00e1\u0161tne zvuky po\u010das prev\u00e1dzky m\u00f4\u017eu nazna\u010dova\u0165 vn\u00fatorn\u00e9 opotrebenie alebo kontamin\u00e1ciu kvapaliny. Rie\u0161enie tohto probl\u00e9mu m\u00f4\u017ee zah\u0155\u0148a\u0165 kontrolu kvality hydraulick\u00e9ho oleja a jeho v\u00fdmenu v pr\u00edpade potreby, ako aj kontrolu mechanick\u00fdch por\u00fach vo valci.<\/p>\n<\/li>\n<\/ul>\n<p><img decoding=\"async\" src=\"https:\/\/www.hydraulic-cylinders.net\/wp-content\/uploads\/2025\/04\/songte-bushings-with-all-kinds-of-excavator-models.webp\" alt=\"Puzdr\u00e1 pre modely r\u00fdpadiel\"><\/p>\n<h2>Z\u00e1ver: O na\u0161ej spolo\u010dnosti<\/h2>\n<p>Sme popredn\u00fdm v\u00fdrobcom a ve\u013ekoobchodn\u00fdm distrib\u00fatorom hydraulick\u00fdch valcov a pon\u00fakame komplexn\u00fd sortiment produktov, ktor\u00e9 nahr\u00e1dzaj\u00fa existuj\u00face hydraulick\u00e9 rie\u0161enia. N\u00e1\u0161 z\u00e1v\u00e4zok k excelentnosti v kvalite je podlo\u017een\u00fd prepracovanou strat\u00e9giou riadenia v\u00fdroby, vyu\u017e\u00edvan\u00edm modern\u00fdch v\u00fdrobn\u00fdch zariaden\u00ed a robustn\u00e9ho profesion\u00e1lneho testovacieho syst\u00e9mu. So zameran\u00edm na technick\u00e9 znalosti, \u0161pi\u010dkov\u00e9 digit\u00e1lne v\u00fdrobn\u00e9 mo\u017enosti a neust\u00e1le zlep\u0161ovanie na\u0161ich v\u00fdrobn\u00fdch procesov sa sna\u017e\u00edme uspokoji\u0165 rozmanit\u00e9 potreby z\u00e1kazn\u00edkov s vysokou efektivitou, presnos\u0165ou a kvalitou. Na\u0161e produkty sa dod\u00e1vaj\u00fa s profesion\u00e1lnou podporou, medzin\u00e1rodn\u00fdmi certifik\u00e1ciami a prisp\u00f4sobite\u013en\u00fdmi rie\u0161eniami, \u010do n\u00e1m zabezpe\u010duje udr\u017eanie si ved\u00facej poz\u00edcie na dom\u00e1com aj glob\u00e1lnom trhu.<\/p>\n<p><img decoding=\"async\" src=\"https:\/\/www.hydraulic-cylinders.net\/wp-content\/uploads\/2025\/04\/songte-company-4.webp\" alt=\"Preh\u013ead spolo\u010dnosti\"><br \/>\n<img decoding=\"async\" src=\"https:\/\/www.hydraulic-cylinders.net\/wp-content\/uploads\/2025\/04\/songte-company-3.webp\" alt=\"Zariadenia spolo\u010dnosti\"><\/p>\n<p>Autor: lyl<\/p>","protected":false},"excerpt":{"rendered":"<p>Boom Cylinder For Sinomach ZG3085-9 Product Overview The Boom Cylinder for Sinomach ZG3085-9 is a specialized hydraulic cylinder designed to control the movement of the bucket in various heavy machinery, such as excavators, backhoe loaders, and front-end loaders. This hydraulic cylinder allows the bucket to lift, lower, and tilt, facilitating material handling tasks efficiently. The [&hellip;]<\/p>","protected":false},"featured_media":17875,"comment_status":"open","ping_status":"closed","template":"","meta":{"_et_pb_use_builder":"","_et_pb_old_content":"","_et_gb_content_width":""},"product_brand":[],"product_cat":[1546],"product_tag":[1547,1496],"class_list":{"0":"post-19491","1":"product","2":"type-product","3":"status-publish","4":"has-post-thumbnail","6":"product_cat-boom-cylinders","7":"product_tag-boom-cylinders","8":"product_tag-hydraulic-cylinders","10":"first","11":"instock","12":"shipping-taxable","13":"product-type-simple"},"amp_enabled":true,"_links":{"self":[{"href":"https:\/\/www.hydraulic-cylinders.net\/sk\/wp-json\/wp\/v2\/product\/19491","targetHints":{"allow":["GET"]}}],"collection":[{"href":"https:\/\/www.hydraulic-cylinders.net\/sk\/wp-json\/wp\/v2\/product"}],"about":[{"href":"https:\/\/www.hydraulic-cylinders.net\/sk\/wp-json\/wp\/v2\/types\/product"}],"replies":[{"embeddable":true,"href":"https:\/\/www.hydraulic-cylinders.net\/sk\/wp-json\/wp\/v2\/comments?post=19491"}],"wp:featuredmedia":[{"embeddable":true,"href":"https:\/\/www.hydraulic-cylinders.net\/sk\/wp-json\/wp\/v2\/media\/17875"}],"wp:attachment":[{"href":"https:\/\/www.hydraulic-cylinders.net\/sk\/wp-json\/wp\/v2\/media?parent=19491"}],"wp:term":[{"taxonomy":"product_brand","embeddable":true,"href":"https:\/\/www.hydraulic-cylinders.net\/sk\/wp-json\/wp\/v2\/product_brand?post=19491"},{"taxonomy":"product_cat","embeddable":true,"href":"https:\/\/www.hydraulic-cylinders.net\/sk\/wp-json\/wp\/v2\/product_cat?post=19491"},{"taxonomy":"product_tag","embeddable":true,"href":"https:\/\/www.hydraulic-cylinders.net\/sk\/wp-json\/wp\/v2\/product_tag?post=19491"}],"curies":[{"name":"pracovn\u00fd list","href":"https:\/\/api.w.org\/{rel}","templated":true}]}}