{"id":19493,"date":"2025-04-07T06:50:45","date_gmt":"2025-04-07T06:50:45","guid":{"rendered":"https:\/\/www.hydraulic-cylinders.net\/product\/boom-cylinder-for-jove-jv70-7\/"},"modified":"2025-04-07T06:50:47","modified_gmt":"2025-04-07T06:50:47","slug":"boom-cylinder-for-jove-jv70-7","status":"publish","type":"product","link":"https:\/\/www.hydraulic-cylinders.net\/sk\/produkt\/boom-cylinder-for-jove-jv70-7\/","title":{"rendered":"Valec v\u00fdlo\u017en\u00edka pre Jove JV70-7"},"content":{"rendered":"<h1>Valec v\u00fdlo\u017en\u00edka pre Jove JV70-7<\/h1>\n<h2>Preh\u013ead produktu<\/h2>\n<p>Hydraulick\u00fd valec v\u00fdlo\u017en\u00edka pre Jove JV70-7 je k\u013e\u00fa\u010dov\u00fd hydraulick\u00fd komponent navrhnut\u00fd \u0161peci\u00e1lne na ovl\u00e1danie pohybu vedier \u0165a\u017ek\u00fdch strojov. Tieto valce s\u00fa nevyhnutn\u00e9 v r\u00fdpadl\u00e1ch, r\u00fdpadlo-naklada\u010doch a \u010deln\u00fdch naklada\u010doch, preto\u017ee umo\u017e\u0148uj\u00fa zdv\u00edhanie, sp\u00fa\u0161\u0165anie a nakl\u00e1\u0148anie vedier, \u010d\u00edm u\u013eah\u010duj\u00fa efekt\u00edvnu manipul\u00e1ciu s materi\u00e1lom.<\/p>\n<p>Ako typ hydraulick\u00e9ho valca funguje valec kor\u010deka na princ\u00edpoch hydrauliky, kde sa na vytvorenie mechanickej sily pou\u017e\u00edva tlakov\u00e1 kvapalina. Tento mechanizmus je nevyhnutn\u00fd v stavebn\u00edctve a po\u013enohospod\u00e1rstve, preto\u017ee umo\u017e\u0148uje strojom efekt\u00edvne vykon\u00e1va\u0165 r\u00f4zne \u00falohy. Valec v\u00fdlo\u017en\u00edka dok\u00e1\u017ee zvl\u00e1dnu\u0165 zna\u010dn\u00e9 za\u0165a\u017eenie a poskytuje potrebn\u00fa pevnos\u0165 pre vysokov\u00fdkonn\u00e9 oper\u00e1cie.<\/p>\n<p><img decoding=\"async\" src=\"https:\/\/www.hydraulic-cylinders.net\/wp-content\/uploads\/2025\/04\/songte-company-1.webp\" alt=\"Obr\u00e1zok valca v\u00fdlo\u017en\u00edka\"><\/p>\n<h2>Vlastnosti valca v\u00fdlo\u017en\u00edka<\/h2>\n<ul>\n<li><strong>Vysok\u00e1 pevnos\u0165 a odolnos\u0165:<\/strong> Tieto valce s\u00fa vyroben\u00e9 z vysokopevnostnej ocele alebo hlin\u00edka, tak\u017ee odol\u00e1vaj\u00fa vysok\u00e9mu tlaku a ve\u013ek\u00e9mu za\u0165a\u017eeniu. S\u00fa navrhnut\u00e9 s oh\u013eadom na odolnos\u0165 vo\u010di opotrebovaniu a kor\u00f3zii, \u010d\u00edm sa predl\u017euje ich \u017eivotnos\u0165.<\/li>\n<li><strong>Efekt\u00edvna hydraulick\u00e1 prev\u00e1dzka:<\/strong> Valec vyu\u017e\u00edva tlak hydraulick\u00e9ho oleja na dosiahnutie plynul\u00e9ho vys\u00favania a zas\u00favania. To umo\u017e\u0148uje r\u00fdchlu reakciu na ovl\u00e1dacie povely a poskytuje zna\u010dn\u00e9 tlakov\u00e9 a \u0165ahov\u00e9 sily, v\u010faka \u010domu s\u00fa vhodn\u00e9 na zdv\u00edhanie \u0165a\u017ek\u00fdch bremien a zlo\u017eit\u00e9 \u00falohy.<\/li>\n<li><strong>R\u00f4zne typy:<\/strong> Valce v\u00fdlo\u017en\u00edka s\u00fa dostupn\u00e9 v jedno\u010dinnom (prev\u00e1dzkovom v jednom smere) a dvoj\u010dinnom (prev\u00e1dzkovom v oboch smeroch) modeli, \u010do umo\u017e\u0148uje r\u00f4zne prev\u00e1dzkov\u00e9 po\u017eiadavky. Niektor\u00e9 modely s\u00fa teleskopick\u00e9, \u010do umo\u017e\u0148uje v\u00e4\u010d\u0161ie vysunutie bez zv\u00e4\u010d\u0161enia vonkaj\u0161\u00edch rozmerov, ide\u00e1lne pre aplik\u00e1cie s obmedzen\u00fdm priestorom.<\/li>\n<li><strong>V\u0161estrann\u00e9 aplik\u00e1cie:<\/strong> Tieto valce, navrhnut\u00e9 tak, aby sa hodili do r\u00f4znych strojov, sa pou\u017e\u00edvaj\u00fa v r\u00f4znych kontextoch, \u010do zabezpe\u010duje prisp\u00f4sobivos\u0165 v r\u00f4znych prev\u00e1dzkov\u00fdch prostrediach.<\/li>\n<li><strong>Kompatibilita a zamenite\u013enos\u0165:<\/strong> Na\u0161e produkty s\u00fa vyroben\u00e9 tak, aby dokonale nahradili existuj\u00face hydraulick\u00e9 valce a zabezpe\u010dili kompatibilitu s mnoh\u00fdmi modelmi strojov.<\/li>\n<\/ul>\n<p><img decoding=\"async\" src=\"https:\/\/www.hydraulic-cylinders.net\/wp-content\/uploads\/2025\/04\/songte-cylinder-head-with-all-kinds-excavator-models.webp\" alt=\"Kompatibilita modelov bagrov\"><\/p>\n<h2>Aplik\u00e1cie valca v\u00fdlo\u017en\u00edka<\/h2>\n<h3>Stavebn\u00e9 stroje<\/h3>\n<p>V stavebn\u00fdch strojoch s\u00fa valce v\u00fdlo\u017en\u00edka nevyhnutn\u00e9 v bagroch. U\u013eah\u010duj\u00fa kopanie, nakladanie a premiest\u0148ovanie zeminy alebo sutiny. Hydraulick\u00e1 sila umo\u017e\u0148uje ly\u017eici prenikn\u00fa\u0165 do zeme, \u010do umo\u017e\u0148uje efekt\u00edvne v\u00fdkopov\u00e9 pr\u00e1ce. V r\u00fdpadlo-naklada\u010doch pom\u00e1ha valec v\u00fdlo\u017en\u00edka zdv\u00edha\u0165 a sp\u00fa\u0161\u0165a\u0165 ly\u017eicu pri r\u00f4znych \u00faloh\u00e1ch, od kopania z\u00e1kladov a\u017e po premiest\u0148ovanie materi\u00e1lov.<\/p>\n<h3>Po\u013enohospod\u00e1rske stroje<\/h3>\n<p>V po\u013enohospod\u00e1rskych strojoch \u010deln\u00e9 naklada\u010de vyu\u017e\u00edvaj\u00fa valce v\u00fdlo\u017en\u00edka na naberanie, zdv\u00edhanie a prepravu p\u00f4dy, sena a in\u00fdch materi\u00e1lov. Hydraulick\u00fd \u00fa\u010dinok t\u00fdchto valcov umo\u017e\u0148uje po\u013enohospod\u00e1rom r\u00fdchlo a efekt\u00edvne zvl\u00e1da\u0165 \u00falohy, \u010d\u00edm sa zvy\u0161uje produktivita po\u010das sejby a zberu \u00farody.<\/p>\n<h3>R\u00fdpadl\u00e1<\/h3>\n<p>Valec v\u00fdlo\u017en\u00edka je v r\u00fdpadl\u00e1ch k\u013e\u00fa\u010dov\u00fd, preto\u017ee umo\u017e\u0148uje ly\u017eici prenikn\u00fa\u0165 do p\u00f4dy. Tento \u00fakon je nevyhnutn\u00fd pre efekt\u00edvne kopanie a umo\u017e\u0148uje obsluhe bezprobl\u00e9movo vytv\u00e1ra\u0165 z\u00e1kopy alebo z\u00e1klady. V\u010faka schopnosti dosiahnu\u0165 hlboko do zeme zvy\u0161uje valec v\u00fdlo\u017en\u00edka v\u0161estrannos\u0165 a efektivitu r\u00fdpadla.<\/p>\n<h3>Naklada\u010de<\/h3>\n<p>V \u010deln\u00fdch naklada\u010doch valce v\u00fdlo\u017en\u00edka efekt\u00edvne pom\u00e1haj\u00fa pri zdv\u00edhan\u00ed a vykladan\u00ed bremien. T\u00e1to hydraulick\u00e1 funkcia umo\u017e\u0148uje plynul\u00fd prechod medzi polohou zberu a vykladania, \u010d\u00edm sa zlep\u0161uje prev\u00e1dzkov\u00e1 efektivita a \u0161etr\u00ed \u010das pri manipul\u00e1cii s materi\u00e1lom.<\/p>\n<h2>\u00davahy o dizajne a krit\u00e9ri\u00e1 v\u00fdberu<\/h2>\n<h3>Nosnos\u0165<\/h3>\n<p>Pri navrhovan\u00ed valcov ramena je k\u013e\u00fa\u010dov\u00fdm faktorom nosnos\u0165. Valec mus\u00ed by\u0165 schopn\u00fd zvl\u00e1dnu\u0165 maxim\u00e1lnu hmotnos\u0165, s ktorou sa stretne po\u010das prev\u00e1dzky. To zah\u0155\u0148a starostliv\u00fd v\u00fdber materi\u00e1lov a rozmerov, aby sa zabezpe\u010dila \u0161truktur\u00e1lna integrita pri nam\u00e1han\u00ed. Pochopenie konkr\u00e9tneho pr\u00edpadu pou\u017eitia pom\u00e1ha ur\u010di\u0165 vhodn\u00e9 menovit\u00e9 za\u0165a\u017eenie potrebn\u00e9 pre optim\u00e1lny v\u00fdkon.<\/p>\n<h3>Tesniaci v\u00fdkon<\/h3>\n<p>Tesnenie je v hydraulick\u00fdch syst\u00e9moch prvorad\u00e9, aby sa zabr\u00e1nilo \u00faniku kvapaliny a udr\u017eal tlak. Vysokokvalitn\u00e9 tesnenia zni\u017euj\u00fa opotrebovanie a zabezpe\u010duj\u00fa dlh\u00fa \u017eivotnos\u0165. V\u00fdber materi\u00e1lov pre tesnenia, ako je polyuret\u00e1n a nitrilov\u00e1 guma, ovplyv\u0148uje prev\u00e1dzkov\u00fa \u00fa\u010dinnos\u0165 a spo\u013eahlivos\u0165 valca. Spr\u00e1vne tesnenie tie\u017e prispieva k ochrane \u017eivotn\u00e9ho prostredia minimaliz\u00e1ciou potenci\u00e1lnych \u00fanikov.<\/p>\n<h3>Trvanlivos\u0165<\/h3>\n<p>\u010eal\u0161\u00edm kritick\u00fdm aspektom kon\u0161trukcie je odolnos\u0165. Valce v\u00fdlo\u017en\u00edka musia odol\u00e1va\u0165 n\u00e1ro\u010dn\u00fdm prev\u00e1dzkov\u00fdm podmienkam vr\u00e1tane extr\u00e9mnych tepl\u00f4t, \u0165a\u017ek\u00fdch za\u0165a\u017een\u00ed a abraz\u00edvnych materi\u00e1lov. V\u00fdber robustn\u00fdch materi\u00e1lov a implement\u00e1cia povrchov\u00fdch \u00faprav m\u00f4\u017ee zv\u00fd\u0161i\u0165 ich odolnos\u0165 vo\u010di opotrebovaniu a pred\u013a\u017ei\u0165 \u017eivotnos\u0165, \u010d\u00edm sa zn\u00ed\u017ei frekvencia v\u00fdmen.<\/p>\n<h3>Bezpe\u010dnostn\u00e9 normy<\/h3>\n<p>Bezpe\u010dnostn\u00e9 prvky s\u00fa pri v\u00fdrobe hydraulick\u00fdch valcov nevyhnutn\u00e9. Kon\u0161truk\u010dn\u00e9 aspekty musia zah\u0155\u0148a\u0165 bezpe\u010dnostn\u00e9 normy, aby sa zabezpe\u010dila bezporuchov\u00e1 prev\u00e1dzka zariadenia. Patria sem aj poistn\u00e9 ventily a syst\u00e9my na zn\u00ed\u017eenie tlaku, aby sa predi\u0161lo nehod\u00e1m po\u010das prev\u00e1dzky.<\/p>\n<h3>Udr\u017eiavate\u013enos\u0165<\/h3>\n<p>\u00dadr\u017eba je k\u013e\u00fa\u010dov\u00fdm aspektom, preto\u017ee ovplyv\u0148uje dlhodob\u00fa prev\u00e1dzkov\u00fa \u00fa\u010dinnos\u0165 zariadenia. Kon\u0161truk\u010dn\u00e9 rozhodnutia by mali umo\u017e\u0148ova\u0165 jednoduch\u00fd pr\u00edstup ku komponentom na kontrolu, mazanie a v\u00fdmenu. Tento pr\u00edstup nielen predl\u017euje \u017eivotnos\u0165 valca, ale minimalizuje aj prestoje a optimalizuje produktivitu na mieste.<\/p>\n<p><img decoding=\"async\" src=\"https:\/\/www.hydraulic-cylinders.net\/wp-content\/uploads\/2025\/04\/songte-oil-pipes-and-spare-parts.webp\" alt=\"Olejov\u00e9 potrubia a n\u00e1hradn\u00e9 diely\"><\/p>\n<h2>Tesnenie a mazanie<\/h2>\n<p>\u00da\u010dinn\u00e9 tesnenie a mazanie s\u00fa k\u013e\u00fa\u010dov\u00e9 pre prev\u00e1dzku valcov v\u00fdlo\u017en\u00edka. Na udr\u017eanie hydraulick\u00e9ho tlaku a zabr\u00e1nenie \u00faniku kvapaliny sa pou\u017e\u00edvaj\u00fa r\u00f4zne tesnenia, ako s\u00fa piestne tesnenia a tesnenia ty\u010d\u00ed. V\u00fdrobcovia \u010dasto pou\u017e\u00edvaj\u00fa na tieto tesnenia odoln\u00e9 materi\u00e1ly, ako je polyuret\u00e1n a nitrilov\u00fd kau\u010duk, aby odolali opotrebeniu a podmienkam prostredia.<\/p>\n<p>Teleso valca a z\u00e1vitov\u00e9 konce prech\u00e1dzaj\u00fa d\u00f4kladn\u00fdm spracovan\u00edm, aby sa zv\u00fd\u0161ila ich odolnos\u0165 vo\u010di opotrebovaniu. Pravideln\u00e9 mazanie vhodn\u00fdm hydraulick\u00fdm olejom je nevyhnutn\u00e9 na minimaliz\u00e1ciu trenia a hromadenia tepla, ktor\u00e9 m\u00f4\u017ee vies\u0165 k pred\u010dasn\u00e9mu opotrebovaniu.<\/p>\n<h2>Opatrenia prevent\u00edvnej \u00fadr\u017eby<\/h2>\n<ul>\n<li><strong>Pravideln\u00e9 kontroly:<\/strong> Vykon\u00e1vajte \u010dast\u00e9 kontroly tesnost\u00ed, opotrebovania a po\u0161kodenia. To pom\u00e1ha identifikova\u0165 potenci\u00e1lne probl\u00e9my sk\u00f4r, ako sa zhor\u0161ia, a zabezpe\u010duje efekt\u00edvnu prev\u00e1dzku valca.<\/li>\n<li><strong>Spr\u00e1vne mazanie:<\/strong> Zabezpe\u010dte v\u010dasn\u00e9 nanesenie hydraulick\u00e9ho oleja na v\u0161etky pohybliv\u00e9 \u010dasti. Dostato\u010dn\u00e9 mazanie zabra\u0148uje po\u0161kodeniu s\u00favisiacim s tren\u00edm a predl\u017euje \u017eivotnos\u0165 valca.<\/li>\n<li><strong>V\u00fdmena tesnenia:<\/strong> Pravidelne kontrolujte opotrebovanie tesnen\u00ed a v pr\u00edpade potreby ich vyme\u0148te, aby ste zachovali prev\u00e1dzkov\u00fa integritu a zabr\u00e1nili \u00faniku kvapaliny.<\/li>\n<\/ul>\n<h2>Pokyny na in\u0161tal\u00e1ciu<\/h2>\n<p>Spr\u00e1vna in\u0161tal\u00e1cia valca ramena je nevyhnutn\u00e1 pre optim\u00e1lny v\u00fdkon a dlh\u00fa \u017eivotnos\u0165. Za\u010dnite t\u00fdm, \u017ee sa uist\u00edte, \u017ee miesto in\u0161tal\u00e1cie je \u010dist\u00e9 a bez ne\u010dist\u00f4t. Zarovnajte valec s pr\u00edslu\u0161n\u00fdmi mont\u00e1\u017enymi bodmi a upevnite ho na mieste pomocou spr\u00e1vnych mont\u00e1\u017enych konzol.<\/p>\n<p>Starostlivo dodr\u017eiavajte \u0161pecifik\u00e1cie v\u00fdrobcu t\u00fdkaj\u00face sa nastavenia kr\u00fatiaceho momentu, aby ste predi\u0161li nadmern\u00e9mu utiahnutiu a po\u0161kodeniu komponentov. Pred pou\u017eit\u00edm sa uistite, \u017ee v\u0161etky hydraulick\u00e9 pripojenia s\u00fa bezpe\u010dn\u00e9 a skontrolujte, \u010di nedoch\u00e1dza k pr\u00edpadn\u00e9mu kolidovaniu s in\u00fdmi \u010das\u0165ami stroja. Po in\u0161tal\u00e1cii vykonajte sk\u00fa\u0161obn\u00fa prev\u00e1dzku, aby ste overili, \u010di valec funguje hladko, a v pr\u00edpade potreby ho upravte.<\/p>\n<h2>\u00dalohy \u00fadr\u017eby<\/h2>\n<h3>Pravideln\u00e9 kontroly<\/h3>\n<p>Pravideln\u00e9 kontroly s\u00fa nevyhnutn\u00e9 na zistenie ak\u00fdchko\u013evek zn\u00e1mok opotrebovania alebo po\u0161kodenia. Po\u010das t\u00fdchto kontrol h\u013eadajte netesnosti, nezvy\u010dajn\u00e9 zvuky alebo ak\u00e9ko\u013evek nezrovnalosti v prev\u00e1dzke. V\u010dasn\u00e9 odhalenie umo\u017e\u0148uje v\u010dasn\u00e9 opravy a predch\u00e1dzanie z\u00e1va\u017enej\u0161\u00edm probl\u00e9mom v bud\u00facnosti.<\/p>\n<h3>Vhodn\u00e9 mazanie<\/h3>\n<p>Mazanie by malo by\u0165 s\u00fa\u010das\u0165ou va\u0161ej be\u017enej \u00fadr\u017eby. Pravidelne kontrolujte a dop\u013a\u0148ajte hladiny hydraulick\u00e9ho oleja, aby ste sa uistili, \u017ee s\u00fa v odpor\u00fa\u010danom rozsahu. Spr\u00e1vne mazanie zni\u017euje opotrebovanie vn\u00fatorn\u00fdch komponentov, \u010d\u00edm podporuje plynul\u00fd chod a predl\u017euje \u017eivotnos\u0165 valca.<\/p>\n<h3>V\u00fdmena tesnenia a kontroly kalibr\u00e1cie<\/h3>\n<p>Tesnenia by sa mali \u010dasto kontrolova\u0165, \u010di nevykazuj\u00fa zn\u00e1mky opotrebovania, a mali by sa v\u010das vymeni\u0165, aby sa predi\u0161lo \u00faniku kvapaliny. Pravideln\u00e9 kalibra\u010dn\u00e9 kontroly navy\u0161e zabezpe\u010duj\u00fa, \u017ee valec funguje v r\u00e1mci navrhnut\u00fdch \u0161pecifik\u00e1ci\u00ed, \u010d\u00edm sa zlep\u0161uje \u00fa\u010dinnos\u0165 a bezpe\u010dnos\u0165 po\u010das prev\u00e1dzky.<\/p>\n<p><img decoding=\"async\" src=\"https:\/\/www.hydraulic-cylinders.net\/wp-content\/uploads\/2025\/04\/songte-chushion-collar.webp\" alt=\"Obr\u00e1zok vank\u00fa\u0161ov\u00e9ho goliera\"><\/p>\n<h2>Bezpe\u010dnostn\u00e9 aspekty a faktory prostredia<\/h2>\n<p>Pri pou\u017e\u00edvan\u00ed hydraulick\u00fdch valcov s\u00fa bezpe\u010dnostn\u00e9 opatrenia prvorad\u00e9. Obsluha mus\u00ed by\u0165 vy\u0161kolen\u00e1 v spr\u00e1vnom pou\u017e\u00edvan\u00ed a \u00fadr\u017ebe, aby sa zmiernili rizik\u00e1 spojen\u00e9 s hydraulick\u00fdm tlakom. Mali by sa nosi\u0165 ochrann\u00e9 pom\u00f4cky a stroje by sa mali pravidelne kontrolova\u0165, aby sa zabezpe\u010dilo, \u017ee v\u0161etky komponenty funguj\u00fa spr\u00e1vne.<\/p>\n<p>V\u00fdznamn\u00fa \u00falohu v prev\u00e1dzke zohr\u00e1vaj\u00fa aj faktory prostredia. Spr\u00e1vna likvid\u00e1cia hydraulick\u00fdch kvapal\u00edn a po\u0161koden\u00fdch dielov minimalizuje vplyv na \u017eivotn\u00e9 prostredie, \u010do dokazuje z\u00e1v\u00e4zok k udr\u017eate\u013en\u00fdm postupom.<\/p>\n<h2>Diagnostika por\u00fach a be\u017en\u00e9 probl\u00e9my<\/h2>\n<ul>\n<li><strong>\u00danik:<\/strong> \u010casto sp\u00f4soben\u00e9 opotrebovan\u00fdmi tesneniami alebo nespr\u00e1vnou in\u0161tal\u00e1ciou. Pravideln\u00e9 kontroly s\u00fa nevyhnutn\u00e9 na v\u010dasn\u00e9 odhalenie a odstr\u00e1nenie netesnost\u00ed.<\/li>\n<li><strong>Nekonzistentn\u00e1 prev\u00e1dzka:<\/strong> M\u00f4\u017ee nazna\u010dova\u0165 probl\u00e9my s hladinou hydraulickej kvapaliny alebo vn\u00fatorn\u00e9 po\u0161kodenie. Pravideln\u00e9 testovanie a \u00fadr\u017eba m\u00f4\u017eu tomuto probl\u00e9mu pred\u00eds\u0165.<\/li>\n<li><strong>Prehriatie:<\/strong> M\u00f4\u017ee sa to sta\u0165 v d\u00f4sledku nedostato\u010dn\u00e9ho mazania alebo nadmern\u00e9ho za\u0165a\u017eenia. Dodr\u017eiavajte spr\u00e1vne postupy mazania, aby ste predi\u0161li prehriatiu.<\/li>\n<\/ul>\n<h2>Tipy na rie\u0161enie probl\u00e9mov<\/h2>\n<p>Pre efekt\u00edvnu diagnostiku a rie\u0161enie probl\u00e9mov by oper\u00e1tori mali za\u010da\u0165 pos\u00faden\u00edm hladiny kvapal\u00edn a kontrolou \u00fanikov. Ak probl\u00e9my pretrv\u00e1vaj\u00fa, je potrebn\u00e1 d\u00f4kladn\u00e1 kontrola tesnen\u00ed a spojov. Zav\u00e1dzajte prevent\u00edvne opatrenia, ako je pravideln\u00e1 \u00fadr\u017eba, aby ste minimalizovali riziko opakovan\u00fdch probl\u00e9mov.<\/p>\n<p>Okrem toho, udr\u017eiavanie \u010dist\u00e9ho pracovn\u00e9ho prostredia a dodr\u017eiavanie prev\u00e1dzkov\u00fdch pokynov m\u00f4\u017ee v\u00fdrazne zn\u00ed\u017ei\u0165 potenci\u00e1lne probl\u00e9my a zabezpe\u010di\u0165 optim\u00e1lne fungovanie hydraulick\u00e9ho syst\u00e9mu.<\/p>\n<p><img decoding=\"async\" src=\"https:\/\/www.hydraulic-cylinders.net\/wp-content\/uploads\/2025\/04\/songte-bushings-with-all-kinds-of-excavator-models.webp\" alt=\"Puzdr\u00e1 s modelmi bagrov\"><\/p>\n<h2>Preh\u013ead spolo\u010dnosti<\/h2>\n<p>Sme popredn\u00fdm v\u00fdrobcom n\u00e1hradn\u00fdch hydraulick\u00fdch valcov a pon\u00fakame komplexn\u00fd sortiment produktov na dom\u00e1com aj medzin\u00e1rodnom trhu. Na\u0161e zameranie na excelentnos\u0165 dosahujeme prostredn\u00edctvom prepracovanej v\u00fdrobnej strat\u00e9gie, vyu\u017e\u00edvania technick\u00fdch talentov, \u0161pi\u010dkov\u00fdch digit\u00e1lnych v\u00fdrobn\u00fdch zariaden\u00ed a profesion\u00e1lnych testovac\u00edch syst\u00e9mov.<\/p>\n<p>N\u00e1\u0161 z\u00e1v\u00e4zok k zvy\u0161ovaniu kvality je zrejm\u00fd z na\u0161ej pokro\u010dilej v\u00fdrobnej platformy a pr\u00edsnych v\u00fdrobn\u00fdch postupov. Sme hrd\u00ed na na\u0161u schopnos\u0165 uspokoji\u0165 rozmanit\u00e9 potreby z\u00e1kazn\u00edkov prostredn\u00edctvom vysokej efektivity, presnosti a kvality. Na\u0161e produkty maj\u00fa medzin\u00e1rodn\u00e9 certifik\u00e1cie, ktor\u00e9 zaru\u010duj\u00fa, \u017ee sp\u013a\u0148aj\u00fa glob\u00e1lne \u0161tandardy.<\/p>\n<p>V\u010faka prisp\u00f4sobite\u013en\u00fdm slu\u017eb\u00e1m prisp\u00f4soben\u00fdm \u0161pecifik\u00e1ci\u00e1m klienta, robustn\u00e9mu v\u00fdrobn\u00e9mu zariadeniu a pohotovej popredajnej podpore sa venujeme poskytovaniu spo\u013eahliv\u00fdch hydraulick\u00fdch rie\u0161en\u00ed.<\/p>\n<p><img decoding=\"async\" src=\"https:\/\/www.hydraulic-cylinders.net\/wp-content\/uploads\/2025\/04\/songte-company-4.webp\" alt=\"Obr\u00e1zok preh\u013eadu spolo\u010dnosti\"><br \/>\n<img decoding=\"async\" src=\"https:\/\/www.hydraulic-cylinders.net\/wp-content\/uploads\/2025\/04\/songte-company-3.webp\" alt=\"Obr\u00e1zok v\u00fdrobn\u00e9ho zariadenia\"><\/p>\n<p>Autor: lyl<\/p>","protected":false},"excerpt":{"rendered":"<p>Boom Cylinder For Jove JV70-7 Product Overview The Boom Cylinder for Jove JV70-7 is a crucial hydraulic component designed specifically for controlling the movement of heavy machinery buckets. These cylinders are essential in excavators, backhoe loaders, and front loaders, allowing for the lifting, lowering, and tilting of buckets, thereby facilitating efficient material handling operations. As [&hellip;]<\/p>","protected":false},"featured_media":17877,"comment_status":"open","ping_status":"closed","template":"","meta":{"_et_pb_use_builder":"","_et_pb_old_content":"","_et_gb_content_width":""},"product_brand":[],"product_cat":[1546],"product_tag":[1547,1496],"class_list":{"0":"post-19493","1":"product","2":"type-product","3":"status-publish","4":"has-post-thumbnail","6":"product_cat-boom-cylinders","7":"product_tag-boom-cylinders","8":"product_tag-hydraulic-cylinders","10":"first","11":"instock","12":"shipping-taxable","13":"product-type-simple"},"amp_enabled":true,"_links":{"self":[{"href":"https:\/\/www.hydraulic-cylinders.net\/sk\/wp-json\/wp\/v2\/product\/19493","targetHints":{"allow":["GET"]}}],"collection":[{"href":"https:\/\/www.hydraulic-cylinders.net\/sk\/wp-json\/wp\/v2\/product"}],"about":[{"href":"https:\/\/www.hydraulic-cylinders.net\/sk\/wp-json\/wp\/v2\/types\/product"}],"replies":[{"embeddable":true,"href":"https:\/\/www.hydraulic-cylinders.net\/sk\/wp-json\/wp\/v2\/comments?post=19493"}],"wp:featuredmedia":[{"embeddable":true,"href":"https:\/\/www.hydraulic-cylinders.net\/sk\/wp-json\/wp\/v2\/media\/17877"}],"wp:attachment":[{"href":"https:\/\/www.hydraulic-cylinders.net\/sk\/wp-json\/wp\/v2\/media?parent=19493"}],"wp:term":[{"taxonomy":"product_brand","embeddable":true,"href":"https:\/\/www.hydraulic-cylinders.net\/sk\/wp-json\/wp\/v2\/product_brand?post=19493"},{"taxonomy":"product_cat","embeddable":true,"href":"https:\/\/www.hydraulic-cylinders.net\/sk\/wp-json\/wp\/v2\/product_cat?post=19493"},{"taxonomy":"product_tag","embeddable":true,"href":"https:\/\/www.hydraulic-cylinders.net\/sk\/wp-json\/wp\/v2\/product_tag?post=19493"}],"curies":[{"name":"pracovn\u00fd list","href":"https:\/\/api.w.org\/{rel}","templated":true}]}}