{"id":19498,"date":"2025-04-07T06:50:58","date_gmt":"2025-04-07T06:50:58","guid":{"rendered":"https:\/\/www.hydraulic-cylinders.net\/product\/boom-cylinder-for-tck-hd1023lc-8h\/"},"modified":"2025-04-07T06:51:01","modified_gmt":"2025-04-07T06:51:01","slug":"boom-cylinder-for-tck-hd1023lc-8h","status":"publish","type":"product","link":"https:\/\/www.hydraulic-cylinders.net\/sk\/produkt\/boom-cylinder-for-tck-hd1023lc-8h\/","title":{"rendered":"Valec v\u00fdlo\u017en\u00edka pre TCK HD1023LC-8H"},"content":{"rendered":"<h1>Valec v\u00fdlo\u017en\u00edka pre TCK HD1023LC-8H<\/h1>\n<h2>\u00davod do valca v\u00fdlo\u017en\u00edka<\/h2>\n<p>Hydraulick\u00fd valec v\u00fdlo\u017en\u00edka je z\u00e1kladn\u00fdm hydraulick\u00fdm komponentom pou\u017e\u00edvan\u00fdm v r\u00f4znych \u0165a\u017ek\u00fdch strojoch, najm\u00e4 v r\u00fdpadl\u00e1ch, r\u00fdpadlo-naklada\u010doch a \u010deln\u00fdch naklada\u010doch. Tento hydraulick\u00fd valec je navrhnut\u00fd na ovl\u00e1danie pohybu ly\u017eice, \u010do umo\u017e\u0148uje jej presn\u00e9 zdv\u00edhanie, sp\u00fa\u0161\u0165anie a nakl\u00e1\u0148anie. Efekt\u00edvna prev\u00e1dzka valca v\u00fdlo\u017en\u00edka je k\u013e\u00fa\u010dov\u00e1 pre \u00falohy manipul\u00e1cie s materi\u00e1lom, preto\u017ee poskytuje potrebn\u00fa silu na efekt\u00edvnu manipul\u00e1ciu s \u0165a\u017ek\u00fdmi bremenami.<\/p>\n<p><img decoding=\"async\" src=\"https:\/\/www.hydraulic-cylinders.net\/wp-content\/uploads\/2025\/04\/songte-company-1.webp\" alt=\"Valec v\u00fdlo\u017en\u00edka\" \/><\/p>\n<h2>K\u013e\u00fa\u010dov\u00e9 vlastnosti<\/h2>\n<ul>\n<li><strong>Vysok\u00e1 pevnos\u0165 a odolnos\u0165:<\/strong> Valec v\u00fdlo\u017en\u00edka, zvy\u010dajne vyroben\u00fd z vysokopevnostnej ocele alebo hlin\u00edka, odol\u00e1 vysok\u00e9mu tlaku a \u0165a\u017ek\u00fdm za\u0165a\u017eeniam. Jeho kon\u0161trukcia zoh\u013ead\u0148uje odolnos\u0165 vo\u010di opotrebovaniu a kor\u00f3zii, \u010d\u00edm sa predl\u017euje jeho \u017eivotnos\u0165.<\/li>\n<li><strong>Efekt\u00edvna hydraulick\u00e1 prev\u00e1dzka:<\/strong> Valec vyu\u017e\u00edva tlak hydraulickej kvapaliny na dosiahnutie plynul\u00e9ho vys\u00favania a zas\u00favania, r\u00fdchlo reaguje na povely oper\u00e1tora a poskytuje zna\u010dn\u00fa tlakov\u00fa a \u0165ahov\u00fa silu ide\u00e1lnu na zvl\u00e1dnutie \u0165a\u017ek\u00fdch a zlo\u017eit\u00fdch \u00faloh.<\/li>\n<li><strong>R\u00f4zne typy:<\/strong> K dispoz\u00edcii je v jedno\u010dinnom (funguje jedn\u00fdm smerom) alebo dvoj\u010dinnom (funguje v oboch smeroch) preveden\u00ed a dok\u00e1\u017ee splni\u0165 r\u00f4zne prev\u00e1dzkov\u00e9 potreby. Niektor\u00e9 modely s\u00fa teleskopick\u00e9, \u010do umo\u017e\u0148uje v\u00e4\u010d\u0161ie vysunutie bez zv\u00e4\u010d\u0161enia vonkaj\u0161\u00edch rozmerov, a s\u00fa vhodn\u00e9 pre aplik\u00e1cie s obmedzen\u00fdm priestorom.<\/li>\n<\/ul>\n<p>Vyr\u00e1bame tento vysoko kvalitn\u00fd valec v\u00fdlo\u017en\u00edka, ktor\u00fd dokonale nahrad\u00ed existuj\u00face hydraulick\u00e9 valce vo va\u0161om stroji.<\/p>\n<p><img decoding=\"async\" src=\"https:\/\/www.hydraulic-cylinders.net\/wp-content\/uploads\/2025\/04\/songte-cylinder-head-with-all-kinds-excavator-models.webp\" alt=\"Modely bagrov\" \/><\/p>\n<h2>Aplik\u00e1cie valca ramena<\/h2>\n<h3>Stavebn\u00e9 stroje<\/h3>\n<p>V r\u00fdpadl\u00e1ch s\u00fa valce v\u00fdlo\u017en\u00edka nevyhnutn\u00e9 na kopanie, nakladanie a premiest\u0148ovanie zeminy alebo sutiny. Umo\u017e\u0148uj\u00fa ly\u017eici efekt\u00edvne prenika\u0165 do zeme, \u010do umo\u017e\u0148uje efekt\u00edvne v\u00fdkopov\u00e9 pr\u00e1ce. V r\u00fdpadlo-naklada\u010doch tieto valce pom\u00e1haj\u00fa pri kopan\u00ed aj zdv\u00edhan\u00ed, v\u010faka \u010domu s\u00fa nevyhnutn\u00e9 pri stavebn\u00fdch pr\u00e1cach.<\/p>\n<h3>Po\u013enohospod\u00e1rske stroje<\/h3>\n<p>V \u010deln\u00fdch naklada\u010doch sa valce v\u00fdlo\u017en\u00edka pou\u017e\u00edvaj\u00fa na naberanie, zdv\u00edhanie a prepravu p\u00f4dy, sena a in\u00fdch materi\u00e1lov. Ich robustn\u00fd hydraulick\u00fd \u00fa\u010dinok zais\u0165uje r\u00fdchle a efekt\u00edvne vykon\u00e1vanie po\u013enohospod\u00e1rskych \u00faloh a \u013eahk\u00fa manipul\u00e1ciu s ve\u013ek\u00fdmi objemami materi\u00e1lov.<\/p>\n<h3>R\u00fdpadl\u00e1<\/h3>\n<p>V r\u00fdpadl\u00e1ch valec v\u00fdlo\u017en\u00edka u\u013eah\u010duje kopanie t\u00fdm, \u017ee umo\u017e\u0148uje ly\u017eici hlboko prenikn\u00fa\u0165 do p\u00f4dy. T\u00e1to funkcia je k\u013e\u00fa\u010dov\u00e1 pre r\u00f4zne kopacie aplik\u00e1cie a zabezpe\u010duje optim\u00e1lnu \u00fa\u010dinnos\u0165 stroja.<\/p>\n<h3>Naklada\u010de<\/h3>\n<p>V \u010deln\u00fdch naklada\u010doch valce v\u00fdlo\u017en\u00edka pom\u00e1haj\u00fa pri efekt\u00edvnom zdv\u00edhan\u00ed a vykladan\u00ed bremien. Zabezpe\u010duj\u00fa presn\u00fd presun \u0165a\u017ek\u00fdch materi\u00e1lov z jedn\u00e9ho miesta na druh\u00e9, \u010d\u00edm v\u00fdrazne zvy\u0161uj\u00fa produktivitu nakladac\u00edch \u00faloh.<\/p>\n<h2>\u00davahy o dizajne a krit\u00e9ri\u00e1 v\u00fdberu<\/h2>\n<h3>Nosnos\u0165<\/h3>\n<p>Pri v\u00fdbere valca v\u00fdlo\u017en\u00edka je kritick\u00e9 pos\u00fadenie jeho nosnosti. Valec mus\u00ed by\u0165 schopn\u00fd zvl\u00e1dnu\u0165 maxim\u00e1lne za\u0165a\u017eenie, s ktor\u00fdm sa stret\u00e1vame v prev\u00e1dzkov\u00fdch scen\u00e1roch. To zah\u0155\u0148a pos\u00fadenie hydraulick\u00e9ho tlaku a mechanickej pevnosti komponentov valca, aby sa zabezpe\u010dila spo\u013eahlivos\u0165 a bezpe\u010dnos\u0165 po\u010das prev\u00e1dzky.<\/p>\n<h3>Tesnenie<\/h3>\n<p>\u00da\u010dinn\u00e9 tesnenie je nevyhnutn\u00e9 pre dlh\u00fa \u017eivotnos\u0165 hydraulick\u00fdch valcov. Vysokokvalitn\u00e9 tesnenia zabra\u0148uj\u00fa \u00faniku hydraulickej kvapaliny, \u010do m\u00f4\u017ee zn\u00ed\u017ei\u0165 v\u00fdkon a vies\u0165 k prev\u00e1dzkov\u00fdm poruch\u00e1m. V\u00fdber vhodn\u00fdch tesniacich materi\u00e1lov, ako je polyuret\u00e1n a nitrilov\u00e1 guma, m\u00f4\u017ee v\u00fdrazne zv\u00fd\u0161i\u0165 odolnos\u0165 a spo\u013eahlivos\u0165.<\/p>\n<h3>Trvanlivos\u0165<\/h3>\n<p>Trvanlivos\u0165 je k\u013e\u00fa\u010dovou vlastnos\u0165ou valcov v\u00fdlo\u017en\u00edka. Mali by by\u0165 navrhnut\u00e9 tak, aby odolali n\u00e1ro\u010dn\u00fdm prev\u00e1dzkov\u00fdm podmienkam vr\u00e1tane extr\u00e9mnych tepl\u00f4t a vystavenia koroz\u00edvnym materi\u00e1lom. Pou\u017eitie pokro\u010dil\u00fdch materi\u00e1lov a ochrann\u00fdch n\u00e1terov m\u00f4\u017ee pred\u013a\u017ei\u0165 \u017eivotnos\u0165 a v\u00fdkon valca v n\u00e1ro\u010dn\u00fdch prostrediach.<\/p>\n<h3>Bezpe\u010dnos\u0165<\/h3>\n<p>Pri kon\u0161trukcii hydraulick\u00fdch valcov by mali by\u0165 bezpe\u010dnostn\u00e9 aspekty v\u017edy v popred\u00ed. Funkcie, ako s\u00fa pretlakov\u00e9 ventily a bezpe\u010dnostn\u00e9 mechanizmy, pom\u00e1haj\u00fa predch\u00e1dza\u0165 katastrofick\u00fdm poruch\u00e1m a zabezpe\u010duj\u00fa bezpe\u010dn\u00fa prev\u00e1dzku. Pri v\u00fdbere valca ramena je nevyhnutn\u00e9 pochopenie bezpe\u010dnostn\u00fdch noriem t\u00fdkaj\u00facich sa hydraulick\u00fdch syst\u00e9mov.<\/p>\n<h3>\u00dadr\u017eba a opravite\u013enos\u0165<\/h3>\n<p>Kon\u0161trukcia valca v\u00fdlo\u017en\u00edka by mala umo\u017e\u0148ova\u0165 jednoduch\u00fa \u00fadr\u017ebu a opravy. Patria sem prvky, ktor\u00e9 umo\u017e\u0148uj\u00fa r\u00fdchly pr\u00edstup k tesneniam a in\u00fdm komponentom na kontrolu a v\u00fdmenu. Pravideln\u00e9 postupy \u00fadr\u017eby m\u00f4\u017eu v\u00fdrazne pred\u013a\u017ei\u0165 \u017eivotnos\u0165 valca a zabezpe\u010di\u0165 optim\u00e1lny v\u00fdkon.<\/p>\n<p><img decoding=\"async\" src=\"https:\/\/www.hydraulic-cylinders.net\/wp-content\/uploads\/2025\/04\/songte-oil-pipes-and-spare-parts.webp\" alt=\"Hydraulick\u00e9 diely\" \/><\/p>\n<h2>Tesnenie a mazanie<\/h2>\n<p>\u00da\u010dinn\u00e9 tesnenie a mazanie s\u00fa nevyhnutn\u00e9 pre v\u00fdkon hydraulick\u00fdch valcov. Na zabezpe\u010denie zadr\u017eania kvapaliny sa musia pou\u017ei\u0165 r\u00f4zne typy tesnen\u00ed, ako s\u00fa piestne tesnenia a tesnenia ty\u010d\u00ed. Tesnenia by mali by\u0165 vyroben\u00e9 z materi\u00e1lov odoln\u00fdch vo\u010di opotrebovaniu, ako je polyuret\u00e1n a nitrilov\u00fd kau\u010duk, ktor\u00e9 poskytuj\u00fa vynikaj\u00facu trvanlivos\u0165. Teleso valca a z\u00e1vitov\u00e9 konce by mali by\u0165 jemne opracovan\u00e9, aby sa zv\u00fd\u0161ila odolnos\u0165 vo\u010di opotrebovaniu. Pravideln\u00e9 mazanie vhodn\u00fdm hydraulick\u00fdm olejom je nevyhnutn\u00e9 na udr\u017eanie plynul\u00e9ho chodu a zn\u00ed\u017eenie opotrebovania pohybliv\u00fdch \u010dast\u00ed.<\/p>\n<h2>Pravideln\u00e1 kontrola a prevent\u00edvna \u00fadr\u017eba<\/h2>\n<ul>\n<li><strong>Pravideln\u00e9 kontroly:<\/strong> Vykon\u00e1vanie pravideln\u00fdch kontrol m\u00f4\u017ee pom\u00f4c\u0165 identifikova\u0165 v\u010dasn\u00e9 zn\u00e1mky opotrebovania a zabezpe\u010di\u0165, aby sa potenci\u00e1lne probl\u00e9my rie\u0161ili sk\u00f4r, ako sa zhor\u0161ia.<\/li>\n<li><strong>Spr\u00e1vne mazanie:<\/strong> Udr\u017eiavanie dostato\u010dnej hladiny mazania je k\u013e\u00fa\u010dov\u00e9 pre prevenciu po\u0161kodenia sp\u00f4soben\u00e9ho tren\u00edm a zabezpe\u010denie hladk\u00e9ho chodu hydraulick\u00e9ho syst\u00e9mu.<\/li>\n<li><strong>V\u00fdmena tesnenia:<\/strong> Pravideln\u00e1 kontrola a v\u00fdmena tesnen\u00ed pod\u013ea potreby zabr\u00e1ni \u00faniku hydraulickej kvapaliny a zachov\u00e1 integritu syst\u00e9mu.<\/li>\n<\/ul>\n<h2>Pokyny na in\u0161tal\u00e1ciu<\/h2>\n<p>Spr\u00e1vna in\u0161tal\u00e1cia valca v\u00fdlo\u017en\u00edka je k\u013e\u00fa\u010dov\u00e1 pre optim\u00e1lny v\u00fdkon. Za\u010dnite t\u00fdm, \u017ee sa uist\u00edte, \u017ee valec je spr\u00e1vne zarovnan\u00fd s mont\u00e1\u017enymi bodmi stroja, aby ste predi\u0161li nadmern\u00e9mu nam\u00e1haniu. Na upevnenie valca na mieste pou\u017eite vhodn\u00e9 mont\u00e1\u017ene konzoly, aby ste predi\u0161li pohybu, ktor\u00fd by mohol vies\u0165 k poruche. Starostlivo dodr\u017eiavajte \u0161pecifik\u00e1cie v\u00fdrobcu pre hydraulick\u00e9 pripojenia, aby ste zabezpe\u010dili spr\u00e1vny prietok kvapaliny a predi\u0161li \u00fanikom. Po in\u0161tal\u00e1cii vykonajte d\u00f4kladn\u00fa kontrolu, aby ste sa uistili, \u017ee v\u0161etky komponenty s\u00fa bezpe\u010dne upevnen\u00e9 a spr\u00e1vne funguj\u00fa.<\/p>\n<h2>\u00dalohy \u00fadr\u017eby<\/h2>\n<ul>\n<li><strong>Pravideln\u00e9 kontroly:<\/strong> Pravideln\u00e9 kontroly zn\u00e1mok opotrebovania, netesnost\u00ed a spr\u00e1vneho zarovnania s\u00fa nevyhnutn\u00e9. Venujte pozornos\u0165 celkov\u00e9mu stavu valca a jeho komponentov a ak\u00e9ko\u013evek probl\u00e9my rie\u0161te ihne\u010f.<\/li>\n<li><strong>Vhodn\u00e9 mazanie:<\/strong> Uistite sa, \u017ee hydraulick\u00fd olej je doplnen\u00fd na odpor\u00fa\u010dan\u00e9 hladiny. Pre optim\u00e1lny v\u00fdkon pou\u017e\u00edvajte vysokokvalitn\u00e9 maziv\u00e1, ktor\u00e9 sp\u013a\u0148aj\u00fa alebo prekra\u010duj\u00fa \u0161pecifik\u00e1cie v\u00fdrobcu.<\/li>\n<li><strong>V\u00fdmena tesnenia:<\/strong> Pravidelne kontrolujte tesnenia, \u010di nevykazuj\u00fa zn\u00e1mky opotrebovania, a v pr\u00edpade potreby ich vyme\u0148te, aby ste predi\u0161li \u00faniku hydraulickej kvapaliny. T\u00e1to \u00fadr\u017eb\u00e1rska \u00faloha je k\u013e\u00fa\u010dov\u00e1 pre udr\u017eanie integrity a v\u00fdkonu syst\u00e9mu.<\/li>\n<\/ul>\n<p>Spr\u00e1vna in\u0161tal\u00e1cia, mazanie a nastavenie s\u00fa k\u013e\u00fa\u010dov\u00e9 pre maximaliz\u00e1ciu \u017eivotnosti valca ramena. Po\u010das in\u0161tal\u00e1cie sa odpor\u00fa\u010da pou\u017e\u00edva\u0165 spr\u00e1vne techniky zarovnania, aby sa predi\u0161lo nam\u00e1haniu valca. Dodr\u017eiavanie odpor\u00fa\u010dan\u00fdch postupov kontroly, opravy a v\u00fdmeny \u010falej pred\u013a\u017ei \u017eivotnos\u0165 hydraulick\u00e9ho syst\u00e9mu.<\/p>\n<p><img decoding=\"async\" src=\"https:\/\/www.hydraulic-cylinders.net\/wp-content\/uploads\/2025\/04\/songte-chushion-collar.webp\" alt=\"Vank\u00fa\u0161ov\u00fd golier\" \/><\/p>\n<h2>Bezpe\u010dnostn\u00e9 aspekty a faktory prostredia<\/h2>\n<p>Pri pr\u00e1ci s hydraulick\u00fdmi valcami je implement\u00e1cia bezpe\u010dnostn\u00fdch opatren\u00ed mimoriadne d\u00f4le\u017eit\u00e1. Po\u010das in\u0161tal\u00e1cie a \u00fadr\u017eby v\u017edy dodr\u017eiavajte bezpe\u010dnostn\u00e9 protokoly, aby ste predi\u0161li nehod\u00e1m. Okrem toho zv\u00e1\u017ete environment\u00e1lne faktory, ako je spr\u00e1vna likvid\u00e1cia hydraulick\u00fdch kvapal\u00edn a vplyv \u00fanikov na okolit\u00e9 ekosyst\u00e9my. Pou\u017e\u00edvanie biologicky odb\u00farate\u013en\u00fdch hydraulick\u00fdch kvapal\u00edn m\u00f4\u017ee pom\u00f4c\u0165 zmierni\u0165 environment\u00e1lne rizik\u00e1.<\/p>\n<h2>Diagnostika por\u00fach a be\u017en\u00e9 probl\u00e9my<\/h2>\n<ul>\n<li><strong>\u00danik hydraulickej kvapaliny:<\/strong> Tento probl\u00e9m m\u00f4\u017ee prameni\u0165 z opotrebovan\u00fdch tesnen\u00ed alebo po\u0161koden\u00fdch had\u00edc. Pravideln\u00e9 kontroly m\u00f4\u017eu pom\u00f4c\u0165 v\u010das odhali\u0165 netesnosti, \u010do umo\u017e\u0148uje v\u010dasn\u00e9 opravy.<\/li>\n<li><strong>Pomal\u00fd pohyb valca:<\/strong> Ak sa valec nevys\u00fava alebo nezas\u00fava plynulo, m\u00f4\u017ee to znamena\u0165 n\u00edzku hladinu hydraulickej kvapaliny alebo kontamin\u00e1ciu syst\u00e9mu.<\/li>\n<li><strong>Nezvy\u010dajn\u00e9 zvuky:<\/strong> \u0160krabkav\u00e9 alebo praskav\u00e9 zvuky po\u010das prev\u00e1dzky m\u00f4\u017eu signalizova\u0165 mechanick\u00e9 probl\u00e9my vo valci alebo hydraulickom syst\u00e9me.<\/li>\n<\/ul>\n<p>Pre efekt\u00edvne rie\u0161enie probl\u00e9mov sa v\u017edy ria\u010fte pokynmi v\u00fdrobcu a vyu\u017e\u00edvajte diagnostick\u00e9 n\u00e1stroje na presn\u00e9 ur\u010denie probl\u00e9mov. Implement\u00e1cia prevent\u00edvnych opatren\u00ed, ako je pravideln\u00e1 \u00fadr\u017eba a kontroly, m\u00f4\u017ee v\u00fdrazne zn\u00ed\u017ei\u0165 pravdepodobnos\u0165 vzniku probl\u00e9mov.<\/p>\n<p><img decoding=\"async\" src=\"https:\/\/www.hydraulic-cylinders.net\/wp-content\/uploads\/2025\/04\/songte-bushings-with-all-kinds-of-excavator-models.webp\" alt=\"Puzdr\u00e1\" \/><\/p>\n<h2>Z\u00e1ver: O na\u0161ej spolo\u010dnosti<\/h2>\n<p>Sme popredn\u00fdm v\u00fdrobcom n\u00e1hradn\u00fdch hydraulick\u00fdch valcov s komplexn\u00fdm sortimentom produktov, ktor\u00e9 uspokoja dom\u00e1ci aj medzin\u00e1rodn\u00fd trh. N\u00e1\u0161 z\u00e1v\u00e4zok k vynikaj\u00facej kvalite je podporen\u00fd prepracovan\u00fdmi v\u00fdrobn\u00fdmi procesmi a najmodernej\u0161\u00edmi strat\u00e9giami riadenia v\u00fdroby. Na\u0161a spolo\u010dnos\u0165 neust\u00e1le zlep\u0161uje svoje v\u00fdrobn\u00e9 platformy vyu\u017e\u00edvan\u00edm kvalifikovan\u00fdch technikov, pokro\u010dil\u00fdch digit\u00e1lnych v\u00fdrobn\u00fdch zariaden\u00ed a profesion\u00e1lnych testovac\u00edch syst\u00e9mov. Sme hrd\u00ed na na\u0161u schopnos\u0165 uspokoji\u0165 rozmanit\u00e9 potreby z\u00e1kazn\u00edkov s vysokou efektivitou, presnos\u0165ou a kvalitou.<\/p>\n<p>V\u010faka odborn\u00fdm znalostiam, medzin\u00e1rodn\u00fdm certifik\u00e1ci\u00e1m, slu\u017eb\u00e1m na mieru, modern\u00e9mu v\u00fdrobn\u00e9mu vybaveniu a vynikaj\u00facej popredajnej podpore sa venujeme poskytovaniu hydraulick\u00fdch rie\u0161en\u00ed, ktor\u00e9 prekon\u00e1vaj\u00fa o\u010dak\u00e1vania.<\/p>\n<p><img decoding=\"async\" src=\"https:\/\/www.hydraulic-cylinders.net\/wp-content\/uploads\/2025\/04\/songte-company-4.webp\" alt=\"Obr\u00e1zok spolo\u010dnosti 1\" \/><br \/>\n<img decoding=\"async\" src=\"https:\/\/www.hydraulic-cylinders.net\/wp-content\/uploads\/2025\/04\/songte-company-3.webp\" alt=\"Obr\u00e1zok spolo\u010dnosti 2\" \/><\/p>\n<p>Autor: lyl<\/p>","protected":false},"excerpt":{"rendered":"<p>Boom Cylinder For TCK HD1023LC-8H Introduction to Boom Cylinder The Boom Cylinder is an essential hydraulic component used in various heavy machinery, particularly excavators, backhoe loaders, and front loaders. This hydraulic cylinder is designed to control the movement of the bucket, allowing it to lift, lower, and tilt with precision. The efficient operation of the [&hellip;]<\/p>","protected":false},"featured_media":17867,"comment_status":"open","ping_status":"closed","template":"","meta":{"_et_pb_use_builder":"","_et_pb_old_content":"","_et_gb_content_width":""},"product_brand":[],"product_cat":[1546],"product_tag":[1547,1496],"class_list":{"0":"post-19498","1":"product","2":"type-product","3":"status-publish","4":"has-post-thumbnail","6":"product_cat-boom-cylinders","7":"product_tag-boom-cylinders","8":"product_tag-hydraulic-cylinders","10":"first","11":"instock","12":"shipping-taxable","13":"product-type-simple"},"amp_enabled":true,"_links":{"self":[{"href":"https:\/\/www.hydraulic-cylinders.net\/sk\/wp-json\/wp\/v2\/product\/19498","targetHints":{"allow":["GET"]}}],"collection":[{"href":"https:\/\/www.hydraulic-cylinders.net\/sk\/wp-json\/wp\/v2\/product"}],"about":[{"href":"https:\/\/www.hydraulic-cylinders.net\/sk\/wp-json\/wp\/v2\/types\/product"}],"replies":[{"embeddable":true,"href":"https:\/\/www.hydraulic-cylinders.net\/sk\/wp-json\/wp\/v2\/comments?post=19498"}],"wp:featuredmedia":[{"embeddable":true,"href":"https:\/\/www.hydraulic-cylinders.net\/sk\/wp-json\/wp\/v2\/media\/17867"}],"wp:attachment":[{"href":"https:\/\/www.hydraulic-cylinders.net\/sk\/wp-json\/wp\/v2\/media?parent=19498"}],"wp:term":[{"taxonomy":"product_brand","embeddable":true,"href":"https:\/\/www.hydraulic-cylinders.net\/sk\/wp-json\/wp\/v2\/product_brand?post=19498"},{"taxonomy":"product_cat","embeddable":true,"href":"https:\/\/www.hydraulic-cylinders.net\/sk\/wp-json\/wp\/v2\/product_cat?post=19498"},{"taxonomy":"product_tag","embeddable":true,"href":"https:\/\/www.hydraulic-cylinders.net\/sk\/wp-json\/wp\/v2\/product_tag?post=19498"}],"curies":[{"name":"pracovn\u00fd list","href":"https:\/\/api.w.org\/{rel}","templated":true}]}}