{"id":19501,"date":"2025-04-07T06:51:06","date_gmt":"2025-04-07T06:51:06","guid":{"rendered":"https:\/\/www.hydraulic-cylinders.net\/product\/boom-cylinder-for-tck-hd1533lc-8h\/"},"modified":"2025-04-07T06:51:08","modified_gmt":"2025-04-07T06:51:08","slug":"boom-cylinder-for-tck-hd1533lc-8h","status":"publish","type":"product","link":"https:\/\/www.hydraulic-cylinders.net\/sk\/produkt\/boom-cylinder-for-tck-hd1533lc-8h\/","title":{"rendered":"Valec v\u00fdlo\u017en\u00edka pre TCK HD1533LC-8H"},"content":{"rendered":"<h1>Valec v\u00fdlo\u017en\u00edka pre TCK HD1533LC-8H<\/h1>\n<h2>Preh\u013ead produktu<\/h2>\n<p>Hydraulick\u00fd valec v\u00fdlo\u017en\u00edka je k\u013e\u00fa\u010dovou s\u00fa\u010das\u0165ou hydraulick\u00fdch syst\u00e9mov r\u00f4znych \u0165a\u017ek\u00fdch strojov. Tento hydraulick\u00fd valec, \u0161peci\u00e1lne navrhnut\u00fd na ovl\u00e1danie pohybu ly\u017e\u00edc v r\u00fdpadl\u00e1ch, r\u00fdpadlo-naklada\u010doch a \u010deln\u00fdch naklada\u010doch, umo\u017e\u0148uje zdv\u00edhanie, sp\u00fa\u0161\u0165anie a nakl\u00e1\u0148anie ly\u017eice. T\u00e1to funkcia je nevyhnutn\u00e1 pre efekt\u00edvnu manipul\u00e1ciu s materi\u00e1lom, v\u010faka \u010domu s\u00fa valce v\u00fdlo\u017en\u00edka nevyhnutn\u00e9 v stavebn\u00edctve a po\u013enohospod\u00e1rstve.<\/p>\n<p><img decoding=\"async\" src=\"https:\/\/www.hydraulic-cylinders.net\/wp-content\/uploads\/2025\/04\/songte-company-1.webp\" alt=\"Obr\u00e1zok valca v\u00fdlo\u017en\u00edka\" \/><\/p>\n<h3>Defin\u00edcia a funk\u010dnos\u0165<\/h3>\n<p>Hydraulick\u00fd valec v\u00fdlo\u017en\u00edka je \u0161pecializovan\u00fd hydraulick\u00fd valec, ktor\u00fd pracuje s pou\u017eit\u00edm tlakovej hydraulickej kvapaliny. V r\u00f4znych strojoch zohr\u00e1va k\u013e\u00fa\u010dov\u00fa \u00falohu pri umo\u017enen\u00ed efekt\u00edvnej prev\u00e1dzky ly\u017eice, \u010do umo\u017e\u0148uje presn\u00e9 ovl\u00e1danie zdv\u00edhania a vykladania materi\u00e1lov. \u00da\u010dinnos\u0165 hydraulick\u00e9ho syst\u00e9mu priamo ovplyv\u0148uje v\u00fdkon \u0165a\u017ek\u00fdch zariaden\u00ed, a preto je valec v\u00fdlo\u017en\u00edka k\u013e\u00fa\u010dov\u00fdm prvkom pri maximaliz\u00e1cii prev\u00e1dzkovej produktivity.<\/p>\n<h2>Vlastnosti valca v\u00fdlo\u017en\u00edka<\/h2>\n<ul>\n<li><strong>Vysok\u00e1 pevnos\u0165 a odolnos\u0165:<\/strong> Tieto valce, ktor\u00e9 s\u00fa zvy\u010dajne vyroben\u00e9 z vysokopevnostnej ocele alebo hlin\u00edka, odol\u00e1vaj\u00fa vysok\u00e9mu tlaku a \u0165a\u017ek\u00fdm za\u0165a\u017eeniam, v\u010faka \u010domu s\u00fa vhodn\u00e9 do n\u00e1ro\u010dn\u00fdch pracovn\u00fdch prostred\u00ed.<\/li>\n<li><strong>Efekt\u00edvna hydraulick\u00e1 prev\u00e1dzka:<\/strong> Pou\u017eitie hydraulick\u00e9ho oleja zais\u0165uje plynul\u00e9 vys\u00favanie a zas\u00favanie, \u010do umo\u017e\u0148uje r\u00fdchlu reakciu na povely obsluhy a poskytuje zna\u010dn\u00fa tla\u010dn\u00fa a \u0165a\u017en\u00fa silu.<\/li>\n<li><strong>R\u00f4zne typy:<\/strong> Mo\u017enosti zah\u0155\u0148aj\u00fa jedno\u010dinn\u00e9 (pracuj\u00face v jednom smere) alebo dvoj\u010dinn\u00e9 (pracuj\u00face v oboch smeroch) valce a niektor\u00e9 modely s\u00fa teleskopick\u00e9, \u010do umo\u017e\u0148uje v\u00e4\u010d\u0161ie vysunutie bez zv\u00e4\u010d\u0161enia vonkaj\u0161\u00edch rozmerov.<\/li>\n<li><strong>Prisp\u00f4sobite\u013en\u00e9 rie\u0161enia:<\/strong> Tento produkt vyr\u00e1bame tak, aby dokonale nahradil r\u00f4zne hydraulick\u00e9 valce, \u010d\u00edm zabezpe\u010d\u00edme kompatibilitu a optim\u00e1lny v\u00fdkon.<\/li>\n<li><strong>Zv\u00fd\u0161en\u00e1 odolnos\u0165 proti opotrebovaniu:<\/strong> Valce v\u00fdlo\u017en\u00edka s\u00fa navrhnut\u00e9 z materi\u00e1lov odoln\u00fdch vo\u010di opotrebovaniu a s\u00fa vyroben\u00e9 tak, aby vydr\u017eali, \u010d\u00edm sa minimalizuj\u00fa prestoje a potreby \u00fadr\u017eby.<\/li>\n<\/ul>\n<p><img decoding=\"async\" src=\"https:\/\/www.hydraulic-cylinders.net\/wp-content\/uploads\/2025\/04\/songte-cylinder-head-with-all-kinds-excavator-models.webp\" alt=\"Obr\u00e1zok hlavy valcov\" \/><\/p>\n<h2>Scen\u00e1re aplik\u00e1ci\u00ed<\/h2>\n<h3>Stavebn\u00e9 stroje<\/h3>\n<p>V r\u00fdpadl\u00e1ch s\u00fa valce v\u00fdlo\u017en\u00edka neoddelite\u013enou s\u00fa\u010das\u0165ou kopania, nakladania a premiest\u0148ovania zeminy alebo sutiny. U\u013eah\u010duj\u00fa kopanie t\u00fdm, \u017ee umo\u017e\u0148uj\u00fa ly\u017eici efekt\u00edvne prenikn\u00fa\u0165 do zeme. Okrem toho v r\u00fdpadlo-naklada\u010doch tieto valce pom\u00e1haj\u00fa nielen pri v\u00fdkopov\u00fdch, ale aj pri zdv\u00edhac\u00edch oper\u00e1ci\u00e1ch.<\/p>\n<h3>Po\u013enohospod\u00e1rske stroje<\/h3>\n<p>Pre \u010deln\u00e9 naklada\u010de s\u00fa valce v\u00fdlo\u017en\u00edka k\u013e\u00fa\u010dov\u00e9 pre naberanie, zdv\u00edhanie a prepravu p\u00f4dy, sena a in\u00fdch materi\u00e1lov. Ich schopnos\u0165 efekt\u00edvne riadi\u0165 \u00falohy manipul\u00e1cie s materi\u00e1lom zvy\u0161uje produktivitu po\u013enohospod\u00e1rstva a prev\u00e1dzkov\u00fa efektivitu.<\/p>\n<h3>R\u00fdpadl\u00e1<\/h3>\n<p>V r\u00fdpadl\u00e1ch umo\u017e\u0148uje valec v\u00fdlo\u017en\u00edka prenikn\u00fa\u0165 do p\u00f4dy a dosiahnu\u0165 optim\u00e1lnu h\u013abku kopania. T\u00e1to funkcia je nevyhnutn\u00e1 pre r\u00f4zne aplik\u00e1cie vr\u00e1tane ter\u00e9nnych \u00faprav, nivel\u00e1cie a h\u013abenia v\u00fdkopov, kde je presnos\u0165 k\u013e\u00fa\u010dov\u00e1.<\/p>\n<h3>Naklada\u010de<\/h3>\n<p>V \u010deln\u00fdch naklada\u010doch pom\u00e1ha valec v\u00fdlo\u017en\u00edka efekt\u00edvne zdv\u00edha\u0165 a vyklada\u0165 bremena. T\u00e1to schopnos\u0165 je nevyhnutn\u00e1 pre stavebn\u00e9 a manipula\u010dn\u00e9 \u00falohy, preto\u017ee umo\u017e\u0148uje oper\u00e1torom r\u00fdchlo a efekt\u00edvne premiest\u0148ova\u0165 ve\u013ek\u00e9 mno\u017estv\u00e1 materi\u00e1lu.<\/p>\n<h2>\u00davahy o dizajne a krit\u00e9ri\u00e1 v\u00fdberu<\/h2>\n<h3>Nosnos\u0165<\/h3>\n<p>Pri v\u00fdbere valca v\u00fdlo\u017en\u00edka je z\u00e1kladom zoh\u013eadnenie nosnosti. Mus\u00ed by\u0165 schopn\u00fd unies\u0165 hmotnos\u0165 zariadenia a manipulovan\u00fdch materi\u00e1lov. Kon\u0161trukcia valca by mala zoh\u013ead\u0148ova\u0165 nielen maxim\u00e1lne za\u0165a\u017eenie, ale aj bezpe\u010dnostn\u00e9 rezervy, aby sa zvl\u00e1dlo neo\u010dak\u00e1van\u00e9 nam\u00e1hanie po\u010das prev\u00e1dzky.<\/p>\n<h3>Tesniaci v\u00fdkon<\/h3>\n<p>Tesnenie je pre hydraulick\u00e9 valce k\u013e\u00fa\u010dov\u00e9, aby sa zabr\u00e1nilo \u00faniku kvapaliny a udr\u017eal tlak. Kon\u0161trukcia by mala obsahova\u0165 vysoko kvalitn\u00e9 tesnenia, ktor\u00e9 odol\u00e1vaj\u00fa opotrebovaniu a degrad\u00e1cii v priebehu \u010dasu. Tesnenia vyroben\u00e9 z materi\u00e1lov ako polyuret\u00e1n a nitrilov\u00fd kau\u010duk s\u00fa \u010dasto uprednost\u0148ovan\u00e9 pre svoju odolnos\u0165 a \u00fa\u010dinnos\u0165 pri udr\u017eiavan\u00ed hydraulickej integrity.<\/p>\n<h3>Trvanlivos\u0165<\/h3>\n<p>Trvanlivos\u0165 je k\u013e\u00fa\u010dov\u00fdm faktorom, preto\u017ee hydraulick\u00e9 valce pracuj\u00fa v n\u00e1ro\u010dn\u00fdch prostrediach. Materi\u00e1ly pou\u017eit\u00e9 pri v\u00fdrobe musia by\u0165 odoln\u00e9 vo\u010di fyzick\u00e9mu opotrebovaniu aj vo\u010di environment\u00e1lnym faktorom, ako je kor\u00f3zia. Tvrd\u00e9 povlaky alebo \u00fapravy m\u00f4\u017eu \u010falej pred\u013a\u017ei\u0165 \u017eivotnos\u0165 valca a zabezpe\u010di\u0165 spo\u013eahliv\u00fd v\u00fdkon v priebehu \u010dasu.<\/p>\n<h3>Bezpe\u010dnostn\u00e9 prvky<\/h3>\n<p>Bezpe\u010dnos\u0165 je v hydraulick\u00fdch syst\u00e9moch prvorad\u00e1. Kon\u0161trukcia by mala obsahova\u0165 prvky, ktor\u00e9 zabra\u0148uj\u00fa poruche valcov, ako s\u00fa napr\u00edklad pretlakov\u00e9 ventily a bezpe\u010dnostn\u00e9 z\u00e1mky. Tieto komponenty pom\u00e1haj\u00fa zmier\u0148ova\u0165 rizik\u00e1 spojen\u00e9 s hydraulick\u00fdmi poruchami a zais\u0165uj\u00fa bezpe\u010dnos\u0165 obsluhy aj strojov.<\/p>\n<h3>Pr\u00edstupnos\u0165 \u00fadr\u017eby<\/h3>\n<p>Jednoduch\u00fd pr\u00edstup pre \u00fadr\u017ebu je nevyhnutn\u00fd pre dlh\u00fa \u017eivotnos\u0165 hydraulick\u00fdch valcov. Kon\u0161trukcia by mala umo\u017e\u0148ova\u0165 jednoduch\u00fa kontrolu, mazanie a v\u00fdmenu tesnen\u00ed. T\u00e1to dostupnos\u0165 pom\u00e1ha minimalizova\u0165 prestoje a zabezpe\u010duje, \u017ee ak\u00e1ko\u013evek potrebn\u00e1 \u00fadr\u017eba sa d\u00e1 vykona\u0165 r\u00fdchlo a efekt\u00edvne.<\/p>\n<p><img decoding=\"async\" src=\"https:\/\/www.hydraulic-cylinders.net\/wp-content\/uploads\/2025\/04\/songte-oil-pipes-and-spare-parts.webp\" alt=\"Obr\u00e1zok hydraulick\u00fdch dielov\" \/><\/p>\n<h2>Tesnenie a mazanie<\/h2>\n<p>Tesnenie a mazanie s\u00fa k\u013e\u00fa\u010dov\u00e9 pre efekt\u00edvnu prev\u00e1dzku valcov v\u00fdlo\u017en\u00edka. Na zabr\u00e1nenie \u00faniku hydraulickej kvapaliny by sa mali pou\u017ei\u0165 r\u00f4zne tesniace komponenty, ako s\u00fa tesnenia piestov a tesnenia ty\u010d\u00ed. V\u00fdber odoln\u00fdch materi\u00e1lov, ako je polyuret\u00e1n a nitrilov\u00fd kau\u010duk, pre tieto tesnenia je nevyhnutn\u00fd pre ich dlh\u00fa \u017eivotnos\u0165. Okrem toho by teleso valca a z\u00e1vitov\u00e9 konce mali by\u0165 presne opracovan\u00e9, aby sa zv\u00fd\u0161ila odolnos\u0165 proti opotrebovaniu. Pravideln\u00e9 mazanie vhodn\u00fdm hydraulick\u00fdm olejom je nevyhnutn\u00e9 na udr\u017eanie plynul\u00e9ho chodu a pred\u013a\u017eenie \u017eivotnosti valca.<\/p>\n<h2>Opatrenia prevent\u00edvnej \u00fadr\u017eby<\/h2>\n<ul>\n<li><strong>Pravideln\u00e9 kontroly:<\/strong> Pravidelne kontrolujte zn\u00e1mky opotrebovania, netesnost\u00ed a spr\u00e1vnu funkciu. To pom\u00e1ha identifikova\u0165 potenci\u00e1lne probl\u00e9my sk\u00f4r, ako sa zhor\u0161ia.<\/li>\n<li><strong>Vhodn\u00e9 mazanie:<\/strong> Uistite sa, \u017ee hladina hydraulick\u00e9ho oleja je dostato\u010dn\u00e1 a \u017ee pou\u017eit\u00fd olej je vhodn\u00fd pre prev\u00e1dzkov\u00e9 podmienky. To pom\u00e1ha udr\u017eiava\u0165 \u00fa\u010dinnos\u0165 hydraulick\u00e9ho syst\u00e9mu.<\/li>\n<li><strong>V\u00fdmena tesnenia:<\/strong> Pravidelne kontrolujte tesnenia, \u010di nevykazuj\u00fa zn\u00e1mky opotrebovania alebo po\u0161kodenia. Ich v\u010dasn\u00e1 v\u00fdmena m\u00f4\u017ee zabr\u00e1ni\u0165 \u00fanikom a zachova\u0165 v\u00fdkon valca.<\/li>\n<\/ul>\n<h2>Pokyny na in\u0161tal\u00e1ciu<\/h2>\n<p>Spr\u00e1vna in\u0161tal\u00e1cia valca ramena je k\u013e\u00fa\u010dov\u00e1 pre optim\u00e1lny v\u00fdkon. Najprv sa uistite, \u017ee valec je po\u010das in\u0161tal\u00e1cie spr\u00e1vne zarovnan\u00fd, aby ste predi\u0161li nadmern\u00e9mu nam\u00e1haniu komponentov. Na pevn\u00e9 upevnenie valca pou\u017eite vhodn\u00e9 mont\u00e1\u017ene konzoly.<\/p>\n<p>Pred in\u0161tal\u00e1ciou skontrolujte, \u010di s\u00fa v\u0161etky hydraulick\u00e9 pripojenia \u010dist\u00e9 a bez ne\u010dist\u00f4t. Pou\u017eite spr\u00e1vne hydraulick\u00e9 armat\u00fary, aby ste predi\u0161li \u00fanikom. Po in\u0161tal\u00e1cii vykonajte tlakov\u00fa sk\u00fa\u0161ku syst\u00e9mu, aby ste sa uistili, \u017ee nedoch\u00e1dza k \u00fanikom a \u017ee valec pracuje hladko pod za\u0165a\u017een\u00edm. V pr\u00edpade potreby upravte, aby ste dosiahli po\u017eadovan\u00fd v\u00fdkon.<\/p>\n<h2>\u00dalohy \u00fadr\u017eby<\/h2>\n<ul>\n<li><strong>Pravideln\u00e9 kontroly:<\/strong> Pravidelne kontrolujte, \u010di valec funguje spr\u00e1vne a \u010di nedo\u0161lo k opotrebeniu.<\/li>\n<li><strong>Vhodn\u00e9 mazanie:<\/strong> Pravidelne nama\u017ete valec odpor\u00fa\u010dan\u00fdm hydraulick\u00fdm olejom, aby ste zabezpe\u010dili hladk\u00fd chod a zabr\u00e1nili opotrebovaniu.<\/li>\n<li><strong>V\u00fdmena a kalibr\u00e1cia tesnenia:<\/strong> Uistite sa, \u017ee tesnenia s\u00fa vymenen\u00e9, ke\u010f s\u00fa opotrebovan\u00e9, a \u017ee valec je spr\u00e1vne kalibrovan\u00fd pre presn\u00fa prev\u00e1dzku.<\/li>\n<\/ul>\n<p>Po\u010das in\u0161tal\u00e1cie je nevyhnutn\u00e9 zabezpe\u010di\u0165 spr\u00e1vne zarovnanie valca, aby sa predi\u0161lo probl\u00e9mom s nespr\u00e1vnym zarovnan\u00edm, ktor\u00e9 m\u00f4\u017eu sp\u00f4sobi\u0165 pred\u010dasn\u00e9 opotrebenie alebo poruchu. Na pevn\u00e9 upevnenie valca na mieste sa odpor\u00fa\u010da pou\u017ei\u0165 vhodn\u00e9 mont\u00e1\u017ene konzoly. Dodr\u017eiavajte pravideln\u00e9 kontroly, opravy a postupy v\u00fdmeny, aby sa pred\u013a\u017eila \u017eivotnos\u0165 valca ramena.<\/p>\n<p><img decoding=\"async\" src=\"https:\/\/www.hydraulic-cylinders.net\/wp-content\/uploads\/2025\/04\/songte-chushion-collar.webp\" alt=\"Obr\u00e1zok vank\u00fa\u0161ov\u00e9ho goliera\" \/><\/p>\n<h2>Bezpe\u010dnostn\u00e9 aspekty a faktory prostredia<\/h2>\n<p>Zavedenie bezpe\u010dnostn\u00fdch opatren\u00ed po\u010das pou\u017e\u00edvania hydraulick\u00fdch valcov ramena je k\u013e\u00fa\u010dov\u00e9. Obsluha by mala by\u0165 vy\u0161kolen\u00e1, aby rozumela rizik\u00e1m spojen\u00fdm s hydraulick\u00fdm zariaden\u00edm a aby nosila vhodn\u00e9 osobn\u00e9 ochrann\u00e9 prostriedky. Zabezpe\u010denie funk\u010dnosti v\u0161etk\u00fdch bezpe\u010dnostn\u00fdch prvkov je nevyhnutn\u00e9 na predch\u00e1dzanie nehod\u00e1m.<\/p>\n<h2>Diagnostika por\u00fach a be\u017en\u00e9 probl\u00e9my<\/h2>\n<ul>\n<li><strong>Probl\u00e9my s \u00fanikom:<\/strong> Skontrolujte, \u010di okolo tesnen\u00ed alebo spojov nie s\u00fa vidite\u013en\u00e9 \u00faniky kvapaliny. \u010casto sa to d\u00e1 vyrie\u0161i\u0165 v\u00fdmenou opotrebovan\u00fdch tesnen\u00ed alebo dotiahnut\u00edm spojovac\u00edch prvkov.<\/li>\n<li><strong>Zn\u00ed\u017een\u00fd v\u00fdkon:<\/strong> Ak valec neposkytuje o\u010dak\u00e1van\u00fd v\u00fdkon, skontrolujte hladiny hydraulickej kvapaliny a stav hydraulick\u00fdch potrub\u00ed. Vzduch v syst\u00e9me m\u00f4\u017ee tie\u017e sp\u00f4sobi\u0165 probl\u00e9my s v\u00fdkonom.<\/li>\n<li><strong>Nezvy\u010dajn\u00e9 zvuky:<\/strong> Po\u010das prev\u00e1dzky po\u010d\u00favajte nezvy\u010dajn\u00e9 zvuky, ktor\u00e9 m\u00f4\u017eu nazna\u010dova\u0165 vn\u00fatorn\u00e9 probl\u00e9my. Na diagnostiku m\u00f4\u017ee by\u0165 potrebn\u00e1 odborn\u00e1 kontrola.<\/li>\n<\/ul>\n<h2>Tipy na rie\u0161enie probl\u00e9mov<\/h2>\n<p>Aby mohli oper\u00e1tori efekt\u00edvne diagnostikova\u0165 a rie\u0161i\u0165 poruchy, mali by si vies\u0165 podrobn\u00fd z\u00e1znam o v\u0161etk\u00fdch probl\u00e9moch, ktor\u00e9 sa vyskytli po\u010das prev\u00e1dzky. Pravideln\u00e9 postupy \u00fadr\u017eby m\u00f4\u017eu zmierni\u0165 mnoh\u00e9 be\u017en\u00e9 probl\u00e9my. Je d\u00f4le\u017eit\u00e9 vy\u0161koli\u0165 oper\u00e1torov, ako identifikova\u0165 v\u010dasn\u00e9 pr\u00edznaky opotrebenia alebo por\u00fach, aby sa predi\u0161lo n\u00e1kladn\u00fdm oprav\u00e1m.<\/p>\n<p><img decoding=\"async\" src=\"https:\/\/www.hydraulic-cylinders.net\/wp-content\/uploads\/2025\/04\/songte-bushings-with-all-kinds-of-excavator-models.webp\" alt=\"Obr\u00e1zok puzdier\" \/><\/p>\n<h2>O na\u0161ej spolo\u010dnosti<\/h2>\n<p>Sme popredn\u00fdm v\u00fdrobcom a ve\u013ekoobchodn\u00edkom hydraulick\u00fdch valcov, \u0161pecializuj\u00facim sa na v\u00fdrobu spo\u013eahliv\u00fdch alternat\u00edv k existuj\u00facim hydraulick\u00fdm syst\u00e9mom. N\u00e1\u0161 komplexn\u00fd sortiment produktov n\u00e1s rad\u00ed medzi popredn\u00fdch v\u00fdrobcov hydraulick\u00fdch valcov na dom\u00e1com aj medzin\u00e1rodnom trhu. Dodr\u017eiavame d\u00f4raz na excelentnos\u0165 v kvalite a vyu\u017e\u00edvame prepracovan\u00fa strat\u00e9giu riadenia v\u00fdroby. Na\u0161e zameranie na technologick\u00e9 talenty, modern\u00e9 v\u00fdrobn\u00e9 zariadenia a \u0161pecializovan\u00e9 testovacie syst\u00e9my zvy\u0161uje na\u0161e v\u00fdrobn\u00e9 kapacity a zabezpe\u010duje vysoko kvalitn\u00e9 produkty prisp\u00f4soben\u00e9 r\u00f4znym potreb\u00e1m z\u00e1kazn\u00edkov.<\/p>\n<p><img decoding=\"async\" src=\"https:\/\/www.hydraulic-cylinders.net\/wp-content\/uploads\/2025\/04\/songte-company-4.webp\" alt=\"Obr\u00e1zok spolo\u010dnosti 1\" \/><br \/>\n<img decoding=\"async\" src=\"https:\/\/www.hydraulic-cylinders.net\/wp-content\/uploads\/2025\/04\/songte-company-3.webp\" alt=\"Obr\u00e1zok spolo\u010dnosti 2\" \/><\/p>\n<p>N\u00e1\u0161 z\u00e1v\u00e4zok k profesionalite, medzin\u00e1rodn\u00e9 certifik\u00e1cie, slu\u017eby na mieru, najmodernej\u0161ie v\u00fdrobn\u00e9 zariadenia a komplexn\u00e1 popredajn\u00e1 podpora zaru\u010duj\u00fa, \u017ee na\u0161i klienti dostan\u00fa najvy\u0161\u0161iu \u00farove\u0148 slu\u017eieb a kvality.<\/p>\n<p>Autor: lyl<\/p>","protected":false},"excerpt":{"rendered":"<p>Boom Cylinder For TCK HD1533LC-8H Product Overview The boom cylinder is a crucial component in the hydraulic systems of various heavy machinery. Specifically designed for controlling the movement of buckets in excavators, backhoe loaders, and front loaders, this hydraulic cylinder enables the bucket to lift, lower, and tilt. This functionality is essential for efficient material [&hellip;]<\/p>","protected":false},"featured_media":17870,"comment_status":"open","ping_status":"closed","template":"","meta":{"_et_pb_use_builder":"","_et_pb_old_content":"","_et_gb_content_width":""},"product_brand":[],"product_cat":[1546],"product_tag":[1547,1496],"class_list":{"0":"post-19501","1":"product","2":"type-product","3":"status-publish","4":"has-post-thumbnail","6":"product_cat-boom-cylinders","7":"product_tag-boom-cylinders","8":"product_tag-hydraulic-cylinders","10":"first","11":"instock","12":"shipping-taxable","13":"product-type-simple"},"amp_enabled":true,"_links":{"self":[{"href":"https:\/\/www.hydraulic-cylinders.net\/sk\/wp-json\/wp\/v2\/product\/19501","targetHints":{"allow":["GET"]}}],"collection":[{"href":"https:\/\/www.hydraulic-cylinders.net\/sk\/wp-json\/wp\/v2\/product"}],"about":[{"href":"https:\/\/www.hydraulic-cylinders.net\/sk\/wp-json\/wp\/v2\/types\/product"}],"replies":[{"embeddable":true,"href":"https:\/\/www.hydraulic-cylinders.net\/sk\/wp-json\/wp\/v2\/comments?post=19501"}],"wp:featuredmedia":[{"embeddable":true,"href":"https:\/\/www.hydraulic-cylinders.net\/sk\/wp-json\/wp\/v2\/media\/17870"}],"wp:attachment":[{"href":"https:\/\/www.hydraulic-cylinders.net\/sk\/wp-json\/wp\/v2\/media?parent=19501"}],"wp:term":[{"taxonomy":"product_brand","embeddable":true,"href":"https:\/\/www.hydraulic-cylinders.net\/sk\/wp-json\/wp\/v2\/product_brand?post=19501"},{"taxonomy":"product_cat","embeddable":true,"href":"https:\/\/www.hydraulic-cylinders.net\/sk\/wp-json\/wp\/v2\/product_cat?post=19501"},{"taxonomy":"product_tag","embeddable":true,"href":"https:\/\/www.hydraulic-cylinders.net\/sk\/wp-json\/wp\/v2\/product_tag?post=19501"}],"curies":[{"name":"pracovn\u00fd list","href":"https:\/\/api.w.org\/{rel}","templated":true}]}}