{"id":19503,"date":"2025-04-07T06:51:10","date_gmt":"2025-04-07T06:51:10","guid":{"rendered":"https:\/\/www.hydraulic-cylinders.net\/product\/boom-cylinder-for-sgzg-sd08e\/"},"modified":"2025-04-07T06:51:13","modified_gmt":"2025-04-07T06:51:13","slug":"boom-cylinder-for-sgzg-sd08e","status":"publish","type":"product","link":"https:\/\/www.hydraulic-cylinders.net\/sk\/produkt\/boom-cylinder-for-sgzg-sd08e\/","title":{"rendered":"Valec v\u00fdlo\u017en\u00edka pre SGZG SD08E"},"content":{"rendered":"<h1>Valec v\u00fdlo\u017en\u00edka pre SGZG SD08E<\/h1>\n<h2>Defin\u00edcia a preh\u013ead produktu<\/h2>\n<p>Hydraulick\u00fd valec v\u00fdlo\u017en\u00edka pre SGZG SD08E je k\u013e\u00fa\u010dov\u00fd hydraulick\u00fd valec \u0161peci\u00e1lne navrhnut\u00fd na ovl\u00e1danie pohybu ly\u017eice v r\u00f4znych \u0165a\u017ek\u00fdch strojoch, ako s\u00fa r\u00fdpadl\u00e1, r\u00fdpadlo-naklada\u010de a \u010deln\u00e9 naklada\u010de. Toto \u0161pecializovan\u00e9 zariadenie umo\u017e\u0148uje zdv\u00edhanie, sp\u00fa\u0161\u0165anie a nakl\u00e1\u0148anie ly\u017eice, \u010do u\u013eah\u010duje efekt\u00edvnu manipul\u00e1ciu s materi\u00e1lom. Valec ly\u017eice je z\u00e1kladnou s\u00fa\u010das\u0165ou hydraulick\u00fdch syst\u00e9mov, ktor\u00e9 umo\u017e\u0148uj\u00fa bezprobl\u00e9mov\u00fa prev\u00e1dzku a zv\u00fd\u0161en\u00fa produktivitu v stavebn\u00edctve, ban\u00edctve a po\u013enohospod\u00e1rstve.<\/p>\n<p><img decoding=\"async\" src=\"https:\/\/www.hydraulic-cylinders.net\/wp-content\/uploads\/2025\/04\/songte-company-1.webp\" alt=\"Obr\u00e1zok valca v\u00fdlo\u017en\u00edka\"><\/p>\n<h2>K\u013e\u00fa\u010dov\u00e9 vlastnosti<\/h2>\n<ul>\n<li><strong>Vysok\u00e1 pevnos\u0165 a odolnos\u0165:<\/strong> Zvy\u010dajne s\u00fa vyroben\u00e9 z vysokopevnostnej ocele alebo hlin\u00edka, ktor\u00e9 odol\u00e1vaj\u00fa vysok\u00e9mu tlaku a \u0165a\u017ek\u00e9mu za\u0165a\u017eeniu, s\u00fa navrhnut\u00e9 na prev\u00e1dzku v n\u00e1ro\u010dn\u00fdch pracovn\u00fdch prostrediach, pri\u010dom odolnos\u0165 vo\u010di opotrebovaniu a kor\u00f3zii sa zoh\u013ead\u0148uje na pred\u013a\u017eenie \u017eivotnosti.<\/li>\n<li><strong>Efekt\u00edvna hydraulick\u00e1 prev\u00e1dzka:<\/strong> Vyu\u017e\u00edva tlak hydraulick\u00e9ho oleja pre plynul\u00e9 vys\u00favanie a zas\u00favanie, \u010d\u00edm poskytuje r\u00fdchlu odozvu na ovl\u00e1dacie povely a dosahuje siln\u00e9 tlakov\u00e9 a \u0165ahov\u00e9 sily, ide\u00e1lne na zvl\u00e1dnutie \u0165a\u017ek\u00fdch a zlo\u017eit\u00fdch \u00faloh.<\/li>\n<li><strong>R\u00f4zne typy:<\/strong> K dispoz\u00edcii s\u00fa s jedno\u010dinn\u00fdmi (hydraulick\u00fd v\u00fdkon vyu\u017e\u00edvaj\u00faci iba v jednom smere) alebo dvoj\u010dinn\u00fdmi (hydraulick\u00fd v\u00fdkon vyu\u017e\u00edvaj\u00faci v oboch smeroch) valcami, aby sp\u013a\u0148ali r\u00f4zne prev\u00e1dzkov\u00e9 potreby. Niektor\u00e9 modely s\u00fa teleskopick\u00e9, \u010do umo\u017e\u0148uje dlh\u0161\u00ed dosah bez zv\u00e4\u010d\u0161enia vonkaj\u0161\u00edch rozmerov, vhodn\u00e9 pre aplik\u00e1cie s obmedzen\u00fdm priestorom.<\/li>\n<li><strong>Z\u00e1kazkov\u00e1 v\u00fdroba:<\/strong> Tento produkt vieme vyrobi\u0165 a na\u0161e valce dok\u00e1\u017eu dokonale nahradi\u0165 existuj\u00face hydraulick\u00e9 valce.<\/li>\n<li><strong>V\u0161estrann\u00e9 aplik\u00e1cie:<\/strong> Navrhnut\u00e9 pre r\u00f4zne nastavenia, zabezpe\u010duj\u00face funk\u010dnos\u0165 v r\u00f4znych prostrediach.<\/li>\n<\/ul>\n<p><img decoding=\"async\" src=\"https:\/\/www.hydraulic-cylinders.net\/wp-content\/uploads\/2025\/04\/songte-cylinder-head-with-all-kinds-excavator-models.webp\" alt=\"Modely bagrov\"><\/p>\n<h2>Scen\u00e1re aplik\u00e1ci\u00ed<\/h2>\n<h3>Stavebn\u00e9 stroje<\/h3>\n<p>V r\u00fdpadl\u00e1ch s\u00fa valce v\u00fdlo\u017en\u00edka nevyhnutn\u00e9 na kopanie, nakladanie a premiest\u0148ovanie zeminy alebo sutiny. Ovl\u00e1daj\u00fa uhol a v\u00fd\u0161ku ly\u017eice, \u010do umo\u017e\u0148uje obsluhe efekt\u00edvne vykop\u00e1va\u0165 \u0161irok\u00fa \u0161k\u00e1lu materi\u00e1lov. V r\u00fdpadlo-naklada\u010doch pom\u00e1ha valec v\u00fdlo\u017en\u00edka pri kopan\u00ed aj zdv\u00edhan\u00ed, v\u010faka \u010domu je nevyhnutnou s\u00fa\u010das\u0165ou \u0165a\u017ek\u00fdch stavebn\u00fdch projektov.<\/p>\n<h3>Po\u013enohospod\u00e1rske stroje<\/h3>\n<p>V \u010deln\u00fdch naklada\u010doch sa valce ly\u017eice pou\u017e\u00edvaj\u00fa na naberanie, zdv\u00edhanie a prepravu p\u00f4dy, sena a in\u00fdch materi\u00e1lov. Mo\u017enos\u0165 nastavenia polohy ly\u017eice zvy\u0161uje produktivitu v po\u013enohospod\u00e1rskych oper\u00e1ci\u00e1ch, \u010do umo\u017e\u0148uje r\u00fdchlu a efekt\u00edvnu manipul\u00e1ciu s materi\u00e1lom, ktor\u00e1 je nevyhnutn\u00e1 pre udr\u017eanie plynul\u00e9ho chodu po\u013enohospod\u00e1rskych procesov.<\/p>\n<h3>R\u00fdpadl\u00e1<\/h3>\n<p>V r\u00fdpadl\u00e1ch u\u013eah\u010duj\u00fa valce v\u00fdlo\u017en\u00edka kopanie t\u00fdm, \u017ee umo\u017e\u0148uj\u00fa ly\u017eici prenikn\u00fa\u0165 do p\u00f4dy. T\u00e1to schopnos\u0165 je k\u013e\u00fa\u010dov\u00e1 pre r\u00f4zne v\u00fdkopov\u00e9 \u00falohy, od h\u013abenia v\u00fdkopov a\u017e po pr\u00edpravu staveniska na v\u00fdstavbu, \u010d\u00edm sa zabezpe\u010duje optim\u00e1lny v\u00fdkon \u0165a\u017ek\u00fdch strojov.<\/p>\n<h3>Naklada\u010de<\/h3>\n<p>V \u010deln\u00fdch naklada\u010doch pom\u00e1haj\u00fa valce v\u00fdlo\u017en\u00edka efekt\u00edvne zdv\u00edha\u0165 a vyklada\u0165 bremen\u00e1. Ich kon\u0161trukcia zabezpe\u010duje, \u017ee oper\u00e1tori m\u00f4\u017eu pres\u00fava\u0165 materi\u00e1ly s presnos\u0165ou a r\u00fdchlos\u0165ou, \u010d\u00edm sa minimalizuj\u00fa prestoje a maximalizuje efektivita pr\u00e1ce na mieste.<\/p>\n<h2>\u00davahy o dizajne a \u0161tandardy v\u00fdberu<\/h2>\n<h3>Nosnos\u0165<\/h3>\n<p>Jedn\u00fdm z hlavn\u00fdch kon\u0161truk\u010dn\u00fdch aspektov valcov ramena je ich nosnos\u0165. Valec mus\u00ed by\u0165 skon\u0161truovan\u00fd tak, aby zvl\u00e1dol maxim\u00e1lnu hmotnos\u0165, s ktorou sa stretne po\u010das prev\u00e1dzky, bez kompromisov v oblasti bezpe\u010dnosti. To zah\u0155\u0148a pou\u017eitie vysokopevnostn\u00fdch materi\u00e1lov a presn\u00e9 kon\u0161truk\u010dn\u00e9 rie\u0161enie na zaistenie spo\u013eahlivosti a v\u00fdkonu.<\/p>\n<h3>Tesnenie<\/h3>\n<p>Integrita tesnen\u00ed je v hydraulick\u00fdch valcoch kritick\u00e1. Spr\u00e1vne utesnenie zabra\u0148uje \u00faniku hydraulickej kvapaliny, \u010do m\u00f4\u017ee vies\u0165 k zn\u00ed\u017eeniu \u00fa\u010dinnosti a mo\u017en\u00e9mu po\u0161kodeniu. Tesnenia sa musia vybera\u0165 na z\u00e1klade ich materi\u00e1lov\u00fdch vlastnost\u00ed, aby sa zabezpe\u010dilo, \u017ee odol\u00e1vaj\u00fa tlaku a podmienkam prostredia, ktor\u00fdm bud\u00fa \u010deli\u0165.<\/p>\n<h3>Trvanlivos\u0165<\/h3>\n<p>Trvanlivos\u0165 je v\u00fdznamn\u00fdm faktorom pri kon\u0161trukcii valcov v\u00fdlo\u017en\u00edka. Musia by\u0165 schopn\u00e9 efekt\u00edvne fungova\u0165 v n\u00e1ro\u010dn\u00fdch podmienkach vr\u00e1tane extr\u00e9mnych tepl\u00f4t a vystavenia ne\u010distot\u00e1m a \u00falomkom. V\u00fdber spr\u00e1vnych materi\u00e1lov a ochrann\u00fdch n\u00e1terov m\u00f4\u017ee v\u00fdrazne pred\u013a\u017ei\u0165 ich \u017eivotnos\u0165.<\/p>\n<h3>Bezpe\u010dnos\u0165<\/h3>\n<p>Bezpe\u010dnos\u0165 je pri n\u00e1vrhu hydraulick\u00e9ho syst\u00e9mu prvorad\u00e1. Implement\u00e1cia bezpe\u010dnostn\u00fdch prvkov, ako s\u00fa napr\u00edklad pretlakov\u00e9 ventily, pom\u00e1ha predch\u00e1dza\u0165 nehod\u00e1m a po\u0161kodeniu zariaden\u00ed. Okrem toho by mal n\u00e1vrh umo\u017e\u0148ova\u0165 jednoduch\u00fd pr\u00edstup ku komponentom na \u00fa\u010dely \u00fadr\u017eby a kontroly.<\/p>\n<h3>Udr\u017eiavate\u013enos\u0165<\/h3>\n<p>Dobr\u00e1 \u00fadr\u017eba zabezpe\u010duje r\u00fdchlu a efekt\u00edvnu \u00fadr\u017ebu valcov ramena. To zah\u0155\u0148a navrhnutie komponentov, ktor\u00e9 s\u00fa \u013eahko dostupn\u00e9 a ktor\u00e9 je mo\u017en\u00e9 vymeni\u0165 bez rozsiahlej demont\u00e1\u017ee. Pravideln\u00e9 protokoly \u00fadr\u017eby prispievaj\u00fa k celkovej \u017eivotnosti zariadenia.<\/p>\n<p><img decoding=\"async\" src=\"https:\/\/www.hydraulic-cylinders.net\/wp-content\/uploads\/2025\/04\/songte-oil-pipes-and-spare-parts.webp\" alt=\"Olejov\u00e9 potrubia a n\u00e1hradn\u00e9 diely\"><\/p>\n<h2>Tesnenie a mazanie<\/h2>\n<p>Spr\u00e1vne tesnenie a mazanie s\u00fa k\u013e\u00fa\u010dov\u00e9 pre efekt\u00edvnu prev\u00e1dzku valcov v\u00fdlo\u017en\u00edka. Na udr\u017eanie tlaku a zabr\u00e1nenie \u00fanikom sa pou\u017e\u00edvaj\u00fa r\u00f4zne tesnenia, ako s\u00fa piestne tesnenia a tesnenia ty\u010d\u00ed. Materi\u00e1ly ako polyuret\u00e1n a nitrilov\u00e1 guma sa \u010dasto vyberaj\u00fa pre svoje vlastnosti odoln\u00e9 vo\u010di opotrebovaniu. Teleso valca a z\u00e1vitov\u00e9 konce prech\u00e1dzaj\u00fa jemn\u00fdm spracovan\u00edm, aby sa zv\u00fd\u0161ila jeho trvanlivos\u0165 a odolnos\u0165 vo\u010di opotrebovaniu. Pravideln\u00e9 dop\u013a\u0148anie hydraulick\u00e9ho oleja je nevyhnutn\u00e9 na udr\u017eanie mazania, zabezpe\u010denie hladk\u00e9ho chodu a zabr\u00e1nenie pred\u010dasn\u00e9mu po\u0161kodeniu komponentov valca.<\/p>\n<h2>Pravideln\u00e1 kontrola a opatrenia prevent\u00edvnej \u00fadr\u017eby<\/h2>\n<ul>\n<li><strong>Vizu\u00e1lne kontroly:<\/strong> Pravidelne kontrolujte valec, \u010di nevykazuje zn\u00e1mky opotrebovania, po\u0161kodenia alebo netesnost\u00ed. Po\u010das prev\u00e1dzky h\u013eadajte ak\u00e9ko\u013evek nezvy\u010dajn\u00e9 zvuky, ktor\u00e9 by mohli nazna\u010dova\u0165 potenci\u00e1lne probl\u00e9my.<\/li>\n<li><strong>Hladiny hydraulickej kvapaliny:<\/strong> Udr\u017eiavajte spr\u00e1vnu hladinu hydraulickej kvapaliny a kontrolujte jej zne\u010distenie. N\u00edzka hladina kvapaliny m\u00f4\u017ee vies\u0165 k nedostato\u010dn\u00e9mu mazaniu a prehriatiu.<\/li>\n<li><strong>Kontroly integrity tesnenia:<\/strong> Pravidelne kontrolujte tesnenia, \u010di nie s\u00fa opotrebovan\u00e9, a ak spozorujete ak\u00e9ko\u013evek zn\u00e1mky po\u0161kodenia, vyme\u0148te ich, aby ste predi\u0161li \u00fanikom a udr\u017eali optim\u00e1lny v\u00fdkon.<\/li>\n<\/ul>\n<h2>Pokyny na in\u0161tal\u00e1ciu<\/h2>\n<p>Spr\u00e1vna in\u0161tal\u00e1cia valca ramena je k\u013e\u00fa\u010dov\u00e1 pre dosiahnutie optim\u00e1lneho v\u00fdkonu. Za\u010dnite t\u00fdm, \u017ee sa uist\u00edte, \u017ee v\u0161etky mont\u00e1\u017ene povrchy s\u00fa \u010dist\u00e9 a bez ne\u010dist\u00f4t. Valec presne zarovnajte s mont\u00e1\u017enymi bodmi pomocou vhodn\u00fdch mont\u00e1\u017enych konzol na jeho upevnenie. Utiahnite v\u0161etky spoje pod\u013ea \u0161pecifik\u00e1ci\u00ed v\u00fdrobcu, aby ste predi\u0161li ak\u00e9muko\u013evek pohybu. Po in\u0161tal\u00e1cii vykonajte sk\u00fa\u0161obn\u00fa prev\u00e1dzku, aby ste sa uistili, \u017ee valec funguje hladko a bez ak\u00fdchko\u013evek netesnost\u00ed. Pravidelne kontrolujte mont\u00e1\u017ene body, aby ste sa uistili, \u017ee v\u0161etko zostane po\u010das pou\u017e\u00edvania bezpe\u010dn\u00e9.<\/p>\n<h2>Be\u017en\u00e9 \u00falohy \u00fadr\u017eby<\/h2>\n<ul>\n<li><strong>Pravideln\u00e9 kontroly:<\/strong> Pravidelne vykon\u00e1vajte kontroly, aby ste skontrolovali netesnosti a opotrebovanie. V\u010dasn\u00e9 odhalenie probl\u00e9mov m\u00f4\u017ee zabr\u00e1ni\u0165 n\u00e1kladn\u00fdm oprav\u00e1m a prestojom.<\/li>\n<li><strong>Spr\u00e1vne mazanie:<\/strong> Zabezpe\u010dte dostato\u010dn\u00e9 mazanie valca, aby sa minimalizovalo trenie a opotrebovanie, udr\u017eal sa v\u00fdkon a pred\u013a\u017eila sa \u017eivotnos\u0165.<\/li>\n<li><strong>V\u00fdmena tesnenia:<\/strong> Pravidelne vymie\u0148ajte tesnenia, aby ste predi\u0161li \u00faniku hydraulickej kvapaliny. Toto by malo by\u0165 s\u00fa\u010das\u0165ou pl\u00e1novanej \u00fadr\u017eby, aby sa predi\u0161lo neo\u010dak\u00e1van\u00fdm poruch\u00e1m.<\/li>\n<\/ul>\n<p>Spr\u00e1vna in\u0161tal\u00e1cia, mazanie a nastavenie s\u00fa nevyhnutn\u00e9 pre dlh\u00fa \u017eivotnos\u0165 valca ramena. Spr\u00e1vne zarovnanie po\u010das in\u0161tal\u00e1cie m\u00f4\u017ee zabr\u00e1ni\u0165 nadmern\u00e9mu nam\u00e1haniu komponentov a zabezpe\u010di\u0165 hladk\u00fd chod. Odpor\u00fa\u010dan\u00e9 kontroln\u00e9 postupy zah\u0155\u0148aj\u00fa kontrolu opotrebovania, opravu ak\u00fdchko\u013evek zisten\u00fdch probl\u00e9mov a v\u00fdmenu opotrebovan\u00fdch dielov, aby sa udr\u017eal maxim\u00e1lny v\u00fdkon.<\/p>\n<p><img decoding=\"async\" src=\"https:\/\/www.hydraulic-cylinders.net\/wp-content\/uploads\/2025\/04\/songte-chushion-collar.webp\" alt=\"Vank\u00fa\u0161ov\u00fd golier\"><\/p>\n<h2>Bezpe\u010dnostn\u00e9 aspekty a faktory prostredia<\/h2>\n<p>Pri pou\u017e\u00edvan\u00ed hydraulick\u00fdch valcov v\u00fdlo\u017en\u00edka je nevyhnutn\u00e9 implementova\u0165 bezpe\u010dnostn\u00e9 opatrenia. Obsluha by mala by\u0165 vy\u0161kolen\u00e1 v rozpoznan\u00ed potenci\u00e1lnych nebezpe\u010denstiev spojen\u00fdch s hydraulick\u00fdmi syst\u00e9mami vr\u00e1tane riz\u00edk \u00faniku kvapaliny pod vysok\u00fdm tlakom a mechanick\u00e9ho zlyhania. Na zmiernenie riz\u00edk by sa mali v\u017edy nosi\u0165 vhodn\u00e9 osobn\u00e9 ochrann\u00e9 prostriedky (OOP). Okrem toho by sa mali zv\u00e1\u017ei\u0165 ekologick\u00e9 hydraulick\u00e9 kvapaliny, aby sa minimalizoval vplyv na \u017eivotn\u00e9 prostredie a podporila udr\u017eate\u013enos\u0165.<\/p>\n<h2>Diagnostika por\u00fach a be\u017en\u00e9 probl\u00e9my<\/h2>\n<ul>\n<li><strong>\u00danik:<\/strong> \u00daniky hydraulickej kvapaliny s\u00fa be\u017en\u00fdm probl\u00e9mom a m\u00f4\u017eu vznika\u0165 v d\u00f4sledku opotrebovan\u00fdch tesnen\u00ed alebo po\u0161koden\u00fdch had\u00edc. Pravideln\u00e9 kontroly m\u00f4\u017eu pom\u00f4c\u0165 odhali\u0165 tieto probl\u00e9my v\u010das.<\/li>\n<li><strong>Nekonzistentn\u00e1 prev\u00e1dzka:<\/strong> Ak valec ramena pracuje nepravidelne, m\u00f4\u017ee to znamena\u0165 probl\u00e9my s hydraulickou kvapalinou alebo vn\u00fatorn\u00e9 opotrebenie. Kontrola hladiny a kvality kvapal\u00edn je nevyhnutn\u00e1.<\/li>\n<li><strong>Prehriatie:<\/strong> K prehriatiu m\u00f4\u017ee d\u00f4js\u0165 v d\u00f4sledku nedostato\u010dn\u00e9ho mazania alebo upchatia hydraulick\u00e9ho syst\u00e9mu. Pravideln\u00e1 \u00fadr\u017eba m\u00f4\u017ee pom\u00f4c\u0165 predch\u00e1dza\u0165 tomuto probl\u00e9mu.<\/li>\n<\/ul>\n<h2>Tipy na rie\u0161enie probl\u00e9mov<\/h2>\n<p>Ak chcete rie\u0161i\u0165 be\u017en\u00e9 probl\u00e9my, za\u010dnite kontrolou netesnost\u00ed okolo tesnen\u00ed a had\u00edc. Ak je kvapalina n\u00edzka, dopl\u0148te ju na spr\u00e1vnu hladinu a skontrolujte, \u010di nie je zne\u010disten\u00e1. V pr\u00edpade nekonzistentnej prev\u00e1dzky pos\u00fa\u010fte stav hydraulickej kvapaliny a v pr\u00edpade potreby ju vyme\u0148te. V pr\u00edpade probl\u00e9mov s prehriat\u00edm skontrolujte chladiaci syst\u00e9m a zabezpe\u010dte spr\u00e1vne mazanie. Prevent\u00edvne opatrenia, ako je pravideln\u00e1 \u00fadr\u017eba a v\u010dasn\u00e9 opravy, m\u00f4\u017eu pom\u00f4c\u0165 minimalizova\u0165 potenci\u00e1lne probl\u00e9my a pred\u013a\u017ei\u0165 \u017eivotnos\u0165 valca v\u00fdlo\u017en\u00edka.<\/p>\n<p><img decoding=\"async\" src=\"https:\/\/www.hydraulic-cylinders.net\/wp-content\/uploads\/2025\/04\/songte-bushings-with-all-kinds-of-excavator-models.webp\" alt=\"Puzdr\u00e1 s modelmi bagrov\"><\/p>\n<h2>O na\u0161ej spolo\u010dnosti<\/h2>\n<p>Sme v\u00fdrobca \u0161pecializuj\u00faci sa na alternat\u00edvne hydraulick\u00e9 valce a pon\u00fakame komplexn\u00fd sortiment produktov, v\u010faka ktor\u00fdm sme sa etablovali ako popredn\u00fd v\u00fdrobca a ve\u013ekoobchodn\u00fd distrib\u00fator na dom\u00e1com aj medzin\u00e1rodnom trhu. Dodr\u017eiavame princ\u00edpy excelentnosti, opieraj\u00fac sa o prepracovan\u00e9 v\u00fdrobn\u00e9 strat\u00e9gie a dobre riaden\u00e9 v\u00fdrobn\u00e9 procesy. Na\u0161a spolo\u010dnos\u0165 investuje zna\u010dn\u00e9 prostriedky do technick\u00fdch talentov, najmodernej\u0161\u00edch v\u00fdrobn\u00fdch zariaden\u00ed a profesion\u00e1lnych testovac\u00edch syst\u00e9mov a neust\u00e1le vylep\u0161uje na\u0161e v\u00fdrobn\u00e9 platformy s cie\u013eom zlep\u0161i\u0165 kvalitu v\u00fdrobkov. N\u00e1\u0161 z\u00e1v\u00e4zok k efekt\u00edvnosti, presnosti a vysok\u00fdm \u0161tandardom n\u00e1m umo\u017e\u0148uje uspokojova\u0165 rozmanit\u00e9 potreby z\u00e1kazn\u00edkov.<\/p>\n<p><img decoding=\"async\" src=\"https:\/\/www.hydraulic-cylinders.net\/wp-content\/uploads\/2025\/04\/songte-company-4.webp\" alt=\"Preh\u013ead spolo\u010dnosti\"><br \/>\n<img decoding=\"async\" src=\"https:\/\/www.hydraulic-cylinders.net\/wp-content\/uploads\/2025\/04\/songte-company-3.webp\" alt=\"V\u00fdroba spolo\u010dnosti\"><\/p>\n<p>Na\u0161e odborn\u00e9 znalosti dop\u013a\u0148aj\u00fa medzin\u00e1rodn\u00e9 certifik\u00e1cie, ktor\u00e9 zabezpe\u010duj\u00fa, \u017ee na\u0161e produkty sp\u013a\u0148aj\u00fa glob\u00e1lne \u0161tandardy. Pon\u00fakame z\u00e1kazkov\u00e9 slu\u017eby, ktor\u00e9 sp\u013a\u0148aj\u00fa \u0161pecifick\u00e9 po\u017eiadavky z\u00e1kazn\u00edkov, a udr\u017eiavame robustn\u00fd syst\u00e9m popredajn\u00fdch slu\u017eieb, aby sme na\u0161im klientom poskytli efekt\u00edvnu podporu.<\/p>\n<p>Autor: lyl<\/p>","protected":false},"excerpt":{"rendered":"<p>Boom Cylinder For SGZG SD08E Product Definition and Overview The Boom Cylinder for SGZG SD08E is a crucial hydraulic cylinder specifically designed to control the movement of the bucket in various heavy machinery such as excavators, backhoe loaders, and front loaders. This specialized equipment enables the bucket to lift, lower, and tilt, facilitating efficient material [&hellip;]<\/p>","protected":false},"featured_media":17872,"comment_status":"open","ping_status":"closed","template":"","meta":{"_et_pb_use_builder":"","_et_pb_old_content":"","_et_gb_content_width":""},"product_brand":[],"product_cat":[1546],"product_tag":[1547,1496],"class_list":{"0":"post-19503","1":"product","2":"type-product","3":"status-publish","4":"has-post-thumbnail","6":"product_cat-boom-cylinders","7":"product_tag-boom-cylinders","8":"product_tag-hydraulic-cylinders","10":"first","11":"instock","12":"shipping-taxable","13":"product-type-simple"},"amp_enabled":true,"_links":{"self":[{"href":"https:\/\/www.hydraulic-cylinders.net\/sk\/wp-json\/wp\/v2\/product\/19503","targetHints":{"allow":["GET"]}}],"collection":[{"href":"https:\/\/www.hydraulic-cylinders.net\/sk\/wp-json\/wp\/v2\/product"}],"about":[{"href":"https:\/\/www.hydraulic-cylinders.net\/sk\/wp-json\/wp\/v2\/types\/product"}],"replies":[{"embeddable":true,"href":"https:\/\/www.hydraulic-cylinders.net\/sk\/wp-json\/wp\/v2\/comments?post=19503"}],"wp:featuredmedia":[{"embeddable":true,"href":"https:\/\/www.hydraulic-cylinders.net\/sk\/wp-json\/wp\/v2\/media\/17872"}],"wp:attachment":[{"href":"https:\/\/www.hydraulic-cylinders.net\/sk\/wp-json\/wp\/v2\/media?parent=19503"}],"wp:term":[{"taxonomy":"product_brand","embeddable":true,"href":"https:\/\/www.hydraulic-cylinders.net\/sk\/wp-json\/wp\/v2\/product_brand?post=19503"},{"taxonomy":"product_cat","embeddable":true,"href":"https:\/\/www.hydraulic-cylinders.net\/sk\/wp-json\/wp\/v2\/product_cat?post=19503"},{"taxonomy":"product_tag","embeddable":true,"href":"https:\/\/www.hydraulic-cylinders.net\/sk\/wp-json\/wp\/v2\/product_tag?post=19503"}],"curies":[{"name":"pracovn\u00fd list","href":"https:\/\/api.w.org\/{rel}","templated":true}]}}